{"id":13526,"date":"2024-07-27T18:15:53","date_gmt":"2024-07-27T16:15:53","guid":{"rendered":"https:\/\/opranic.com\/faq-aussen-infrarotheizung\/"},"modified":"2026-03-28T15:05:34","modified_gmt":"2026-03-28T14:05:34","slug":"faq-aussen-infrarotheizung","status":"publish","type":"page","link":"https:\/\/opranic.com\/de\/faq-aussen-infrarotheizung\/","title":{"rendered":"FAQ Au\u00dfen-Infrarotheizung"},"content":{"rendered":"<div class=\"wpb-content-wrapper\">[vc_row][vc_column]<figure class=\"vcex-image vcex-module\"><div class=\"vcex-image-inner wpex-relative wpex-inline-block\"><img width=\"2400\" height=\"600\" src=\"https:\/\/opranic.com\/wp-content\/uploads\/2023\/07\/2400x600_contact_opranic-1.jpg\" class=\"vcex-image-img wpex-align-middle\" alt=\"\" decoding=\"async\" srcset=\"https:\/\/opranic.com\/wp-content\/uploads\/2023\/07\/2400x600_contact_opranic-1.jpg 2400w, https:\/\/opranic.com\/wp-content\/uploads\/2023\/07\/2400x600_contact_opranic-1-300x75.jpg 300w, https:\/\/opranic.com\/wp-content\/uploads\/2023\/07\/2400x600_contact_opranic-1-1024x256.jpg 1024w, https:\/\/opranic.com\/wp-content\/uploads\/2023\/07\/2400x600_contact_opranic-1-768x192.jpg 768w, https:\/\/opranic.com\/wp-content\/uploads\/2023\/07\/2400x600_contact_opranic-1-1536x384.jpg 1536w, https:\/\/opranic.com\/wp-content\/uploads\/2023\/07\/2400x600_contact_opranic-1-2048x512.jpg 2048w\" sizes=\"(max-width: 2400px) 100vw, 2400px\" \/><\/div><\/figure>[\/vc_column][\/vc_row][vc_row][vc_column]<style>.vcex-navbar.vcex_69e62a9a0d2a7 a.vcex-navbar-link{color:#ffffff;background:#ee9305;text-transform:uppercase;}.vcex-navbar.vcex_69e62a9a0d2a7 a.vcex-navbar-link:is(:hover,.active){color:#ffffff;background:#d6d6d6;}.vcex-navbar.vcex_69e62a9a0d2a7 a.vcex-navbar-link:is(:active,.active){color:#ffffff;background:#262626;}<\/style><nav class=\"vcex-navbar vcex-navbar--expanded vcex-module vcex_69e62a9a0d2a7\"><div class=\"vcex-navbar-inner wpex-clr\"><a href=\"https:\/\/opranic.com\/faq-infrared-heating\/\" class=\"vcex-navbar-link vcex-navbar-link--7842 wpex-block wpex-float-left wpex-mb-5 theme-button minimal-border expanded has-bg-hover\"><span class=\"vcex-navbar-link-text\">FAQ Infrared Heating<\/span><\/a><a href=\"https:\/\/opranic.com\/faq-indoor-infrared-heating\/\" class=\"vcex-navbar-link vcex-navbar-link--13477 wpex-block wpex-float-left wpex-mb-5 theme-button minimal-border expanded has-bg-hover\"><span class=\"vcex-navbar-link-text\">FAQ Indoor Infrared Heating<\/span><\/a><a href=\"https:\/\/opranic.com\/faq-outdoor-infrared-heating\/\" class=\"vcex-navbar-link vcex-navbar-link--13485 wpex-block wpex-float-left wpex-mb-5 theme-button minimal-border expanded has-bg-hover\"><span class=\"vcex-navbar-link-text\">FAQ Outdoor Infrared Heating<\/span><\/a><\/div><\/nav>[vc_row_inner equal_height=&#8220;yes&#8220; remove_bottom_col_margin=&#8220;true&#8220; css=&#8220;.vc_custom_1715063689585{padding-top: 30px !important;padding-bottom: 30px !important;}&#8220; el_id=&#8220;faq&#8220;][vc_column_inner]<style>.vcex-heading.vcex_69e62a9a10949{font-size:32px;text-transform:uppercase;}<\/style><h1 class=\"vcex-heading vcex-heading-plain vcex-module wpex-heading wpex-text-2xl vcex_69e62a9a10949\"><span class=\"vcex-heading-inner wpex-inline-block\">FAQ - INFRAROTHEIZUNG F\u00dcR DEN AUSSENBEREICH<\/span><\/h1><style>.vcex-heading.vcex_69e62a9a1132b{color:#262626;font-weight:600;}<\/style><h2 class=\"vcex-heading vcex-heading-plain vcex-module wpex-heading wpex-text-2xl wpex-text-left vcex_69e62a9a1132b\"><span class=\"vcex-heading-inner wpex-inline-block\">INSTALLATION<\/span><\/h2>[vc_toggle title=&#8220;STAR18RS (NORVECO) HEIZUNG STARTET NICHT ODER ZEIGT FEHLERCODE E3 AN!&#8220; style=&#8220;arrow&#8220; css=&#8220;&#8220;]\n<h2><strong>DEAKTIVIEREN DES TITELTASTERS F\u00dcR STAR18RS<\/strong><\/h2>\n<p>Der Kippschutz kann deaktiviert werden. Bitte befolgen Sie die nachstehenden Anweisungen: <\/p>\n<p>\u201eE3\u201c zeigt an, dass der Neigungsschalter aktiviert ist.<\/p>\n<p>Es ist m\u00f6glich, den Neigungsschalter zu deaktivieren. Wir haben dies bewusst erschwert, um zu verhindern, dass Kunden ihn versehentlich deaktivieren. Ich werde die Schritte einzeln erl\u00e4utern:  <\/p>\n<ol>\n<li>Zuerst m\u00fcssen Sie die Heizung aus- und wieder einstecken. (Halten Sie die Fernbedienung bereit, da Sie nach dem Wiederanschlie\u00dfen nur wenige Sekunden Zeit haben, um die \u00c4nderungen vorzunehmen.) <\/li>\n<li>Unmittelbar nach dem Wiedereinschalten, wenn Sie die Lichter kreisen sehen, m\u00fcssen Sie innerhalb von 2 Sekunden die Timer-Taste (unten rechts), die Thermostat-Taste (unten links) und die Level-Taste (Mitte) dr\u00fccken.<\/li>\n<li>Wenn Sie diesen Teil richtig gemacht haben, sollten Sie den Buchstaben A oder P auf dem Display sehen. Das bedeutet, dass Sie erfolgreich waren. <\/li>\n<li>Da die Standardeinstellung f\u00fcr den Kippschalter auf aktiv steht, sollten Sie den Buchstaben A sehen. Jetzt k\u00f6nnen Sie mit den Tasten + und &#8211; zwischen A und P umschalten. Um den Neigungsschalter zu deaktivieren, stellen Sie ihn auf P ein und schalten Sie das Ger\u00e4t dann mit dem Netzschalter aus.<br \/>\nWenn Sie es wieder einschalten, sollte der Neigungsschalter deaktiviert sein und dies auch bleiben, es sei denn, Sie wiederholen die Schritte, um ihn wieder zu aktivieren.<\/li>\n<\/ol>\n<p>Bitte sehen Sie sich auch dieses Video an, das den oben beschriebenen Vorgang zeigt.<\/p>\n<p><a href=\"https:\/\/opranic.com\/external\/video\/norveco_star18rs_tilt.mp4\">https:\/\/opranic.com\/external\/video\/norveco_star18rs_tilt.mp4<\/a><\/p>\n[\/vc_toggle][vc_toggle title=&#8220;MEIN HEIZGER\u00c4T STARTET NICHT ODER ZEIGT EINEN FEHLERCODE AN!&#8220; style=&#8220;arrow&#8220; css=&#8220;&#8220;]\n<h2><strong>DIESE ANLEITUNG GILT F\u00dcR die Serien V50 oder V70 mit Fernbedienung<\/strong><\/h2>\n<p>Wenn das Display der Heizung \u201eER\u201c anzeigt, wenn sie an das Stromnetz angeschlossen ist, kann dies darauf hindeuten, dass der elektronische Neigungsschalter aktiviert ist. Befolgen Sie diese Schritte, um den Neigungsschalter zu deaktivieren: <\/p>\n<p>Stellen Sie sicher, dass die Heizung so positioniert ist, dass der LCD-Bildschirm nach oben oder in einem Winkel von bis zu 90\u00b0 nach rechts oder links zeigt. Er darf nicht nach unten zeigen.<x id=\"gid_0\"><\/x>Wenn Sie das Ger\u00e4t einschalten oder es an eine Steckdose anschlie\u00dfen, dr\u00fccken Sie \u201eT-\u201c und dann sofort \u201eT+\u201c. Das Display zeigt dann \u201eOF\u201c oder \u201eON\u201c an \u2013 wobei \u201eOF\u201c bedeutet, dass der Kippschutz deaktiviert ist, und \u201eON\u201c bedeutet, dass er aktiviert ist.<br \/>\nW\u00e4hlen Sie \u201eOF\u201c, um den elektronischen Neigungsschalter zu deaktivieren.  <\/p>\n<p>Wenn der Kippschalter deaktiviert ist, kann der Ofen in alle Richtungen arbeiten und an einer Wand oder Decke montiert werden.<\/p>\n<p>Hinweis: Aus Sicherheitsgr\u00fcnden kann der Ofen nicht auf einen St\u00e4nder gestellt werden, wenn der Kippschalter deaktiviert ist.<\/p>\n<p>Der Ofen funktioniert jetzt in allen Einbaurichtungen und kann nur an der Wand oder an der Decke montiert werden.<\/p>\n<p>HINWEIS! Aus Sicherheitsgr\u00fcnden kann der Ofen nicht auf einem St\u00e4nder montiert werden, wenn der Kippschalter deaktiviert ist.[\/vc_toggle][vc_toggle title=&#8220;WO FINDE ICH OPRANIC-PRODUKTE?&#8220; style=&#8220;arrow&#8220; css=&#8220;&#8220;]Opranic-Produkte werden \u00fcber Gro\u00dfh\u00e4ndler, Einzelhandelsgesch\u00e4fte und E-Commerce verkauft. In jedem Land sind wir bestrebt, einen H\u00e4ndler zu haben, der die Produkte lokal an Einzelh\u00e4ndler und Gro\u00dfh\u00e4ndler vertreibt. Sie k\u00f6nnen unsere Produkte auch direkt auf unserer Website https:\/\/www.opranic.com kaufen[\/vc_toggle][vc_toggle title=&#8220;KANN ICH ES AN EINER HOLZWAND MONTIEREN?&#8220; style=&#8220;arrow&#8220;]Ja, solange Sie die im Handbuch der Heizung angegebenen Sicherheitsabst\u00e4nde einhalten. Es ist auch in unserer Mediathek verf\u00fcgbar.[\/vc_toggle][vc_toggle title=&#8220;WIE LANG IST DAS STROMKABEL?&#8220; style=&#8220;arrow&#8220; css=&#8220;&#8220;]Die Kabell\u00e4nge variiert je nach Modell zwischen 1,85 und 1,95 Metern und hat einen europ\u00e4ischen F-Stecker.[\/vc_toggle][vc_toggle title=&#8220;WAS IM PAKET ENTHALTEN IST&#8220; style=&#8220;arrow&#8220;]Der Kauf umfasst eine Heizung, ein Handbuch, Schrauben, 4 Montagehalterungen und eine Fernbedienung f\u00fcr die \u201eR\u201c-Versionen. Wenn etwas in Ihrer Box fehlt, kontaktieren Sie uns bitte und wir senden Ihnen das fehlende Teil umgehend zu.[\/vc_toggle][vc_toggle title=&#8220;WAS IST DIE EMPFOHLENE EINBAUH\u00d6HE?&#8220; style=&#8220;arrow&#8220; css=&#8220;&#8220;]F\u00fcr die Wand- oder Deckenmontage muss der Abstand zum Boden gem\u00e4\u00df den CE-Bestimmungen mindestens 1,8 Meter betragen. Eine empfohlene Installationsh\u00f6he, beispielsweise f\u00fcr eine Terrasse, betr\u00e4gt 1,8\u20132,3 Meter f\u00fcr Leistungen bis 2300 W. Die VEGA-Serie erfordert h\u00f6here Installationsh\u00f6hen ab 4 Metern.[\/vc_toggle][vc_toggle title=&#8220;KANN ICH EIN VERL\u00c4NGERUNGSKABEL VERWENDEN?&#8220; style=&#8220;arrow&#8220; css=&#8220;&#8220;]Vermeiden Sie die Verwendung eines Verl\u00e4ngerungskabels, da dieses \u00fcberhitzen und eine Brandgefahr darstellen kann. Wenn ein Verl\u00e4ngerungskabel erforderlich ist, muss es mindestens 1,5 mm dick sein und einen Nennstrom von mindestens 10 A haben. Schlie\u00dfen Sie nicht mehrere Elektroger\u00e4te an das Verl\u00e4ngerungskabel an, um eine \u00dcberlastung zu vermeiden.[\/vc_toggle]<div class=\"vcex-spacing wpex-w-100 wpex-clear\"><\/div><style>.vcex-heading.vcex_69e62a9a11cc9{color:#262626;font-weight:600;}<\/style><h2 class=\"vcex-heading vcex-heading-plain vcex-module wpex-heading wpex-text-2xl wpex-text-left vcex_69e62a9a11cc9\"><span class=\"vcex-heading-inner wpex-inline-block\">ANWENDUNGSWEISE<\/span><\/h2>[vc_toggle title=&#8220;KANN ICH DIE GLEICHE FERNBEDIENUNG F\u00dcR MEHRERE HEIZGER\u00c4TE VERWENDEN?&#8220; style=&#8220;arrow&#8220;]Ja, die Fernbedienung ist f\u00fcr alle ferngesteuerten Opranic-Heizungen gleich. Wenn Sie zwei Heizungen kaufen, k\u00f6nnen Sie dieselbe Fernbedienung f\u00fcr beide Heizungen verwenden. Richten Sie die Fernbedienung einfach auf die Heizung (maximale Entfernung 8-10 Meter) und w\u00e4hlen Sie die gew\u00fcnschte Leistung aus.[\/vc_toggle][vc_toggle title=&#8220;KANN ICH DIE LEISTUNG BEI DEN THERMOSTATISCHEN MODELLEN EINSTELLEN?&#8220; style=&#8220;arrow&#8220;]Nein, die Thermostatmodelle haben keine Leistungsstufen. Es verf\u00fcgt \u00fcber einen Temperatursensor im Inneren der Heizung, der sich je nach Temperatur des Heizelements ein- und ausschaltet. Sie k\u00f6nnen den Thermostat so einstellen, dass er sich mehrmals pro Stunde aus- und einschaltet, oder ihn f\u00fcr einen Dauerbetrieb auf Maximum stellen.[\/vc_toggle][vc_toggle title=&#8220;SIND OPRANIC-HEIZGER\u00c4TE WINDRESISTENT?&#8220; style=&#8220;arrow&#8220;]Theoretisch haben Sie immer das gleiche Ma\u00df an Strahlungsw\u00e4rme auf Ihrer Haut, unabh\u00e4ngig von der Umgebungstemperatur. Der K\u00fchleffekt durch niedrige Temperaturen und Luftbewegungen k\u00fchlt jedoch die Haut ab, und um dies auszugleichen, m\u00fcssen Sie mehr Energie (W\u00e4rme) hinzuf\u00fcgen. <\/p>\n<p>Opranic-Heizger\u00e4te wandeln 96% der Energie in Strahlungsw\u00e4rme um. Damit sind Opranic-Heizger\u00e4te sehr effizient, haben die h\u00f6chste Windbest\u00e4ndigkeit aller auf dem Markt befindlichen Au\u00dfenheizger\u00e4te und verf\u00fcgen \u00fcber eine einzigartige Strahlungstechnologie, die zudem eine sehr hohe Absorptionsrate f\u00fcr die menschliche Haut aufweist.<\/p>\n<p>F\u00fcr einen isolierten Innenraum reicht eine 2300-W-Heizung aus, um 23 Quadratmeter zu beheizen. Aber f\u00fcr eine Au\u00dfenumgebung, in der Sie keine Isolierung haben und die Energie durch st\u00e4ndige Luftbewegungen verbraucht wird, deckt eine 2300-W-Heizung eine Fl\u00e4che von etwa 13 Quadratmetern ab. <\/p>\n<p>Sehen Sie sich unsere Bilder und Leitf\u00e4den zur W\u00e4rmeabdeckung in der Seitenleiste rechts an.<\/p>\n<p>Wenn Sie weitere Hilfe ben\u00f6tigen, kontaktieren Sie uns bitte![\/vc_toggle][vc_toggle title=&#8220;GIBT ES EINEN ST\u00c4NDER F\u00dcR DIE HEIZUNG?&#8220; style=&#8220;arrow&#8220; css=&#8220;&#8220;]Nein, wir bieten aufgrund von Sicherheitsbestimmungen keinen St\u00e4nder f\u00fcr die Wandheizungen an. Die Montage einer Wandheizung auf einem St\u00e4nder kann gegen gesetzliche Bestimmungen versto\u00dfen und ernsthafte Risiken bergen. Wandheizungen sind f\u00fcr die Installation an W\u00e4nden konzipiert und erf\u00fcllen spezifische Sicherheits- und Leistungsstandards f\u00fcr diese Konfiguration.  <\/p>\n<p>Wenn Sie eine tragbare Heizl\u00f6sung ben\u00f6tigen, empfehlen wir unsere Heizungen der THOR- oder STAR-Serie. Diese Modelle sind speziell f\u00fcr den mobilen Einsatz konzipiert und erf\u00fcllen die notwendigen Sicherheitsbestimmungen f\u00fcr tragbare Infrarotheizungen. Sie bieten eine sichere und effiziente Heizung und erf\u00fcllen gleichzeitig alle notwendigen Standards.[\/vc_toggle]<div class=\"vcex-spacing wpex-w-100 wpex-clear\"><\/div><style>.vcex-heading.vcex_69e62a9a1254d{color:#262626;font-weight:600;}<\/style><h2 class=\"vcex-heading vcex-heading-plain vcex-module wpex-heading wpex-text-2xl wpex-text-left vcex_69e62a9a1254d\"><span class=\"vcex-heading-inner wpex-inline-block\">UNTERST\u00dcTZUNG UND GARANTIE<\/span><\/h2>[vc_toggle title=&#8220;SIND OPRANIC-HEIZGER\u00c4TE WITTERUNGSBEST\u00c4NDIG GEGEN ROST UND OXIDATION?&#8220; style=&#8220;arrow&#8220;]Opranic-Heizungen sind so gefertigt, dass sie Rost und Oxidation widerstehen. Starke direkte Sonneneinstrahlung, Schnee und andere Wetterbedingungen verschlechtern alle Materialien im Laufe der Zeit. Um Ihre Heizung in gutem Zustand zu halten, empfehlen wir daher, sie entweder unter einem Dach zu installieren oder sie f\u00fcr einen l\u00e4ngeren Zeitraum abzudecken, wenn sie nicht verwendet wird. <\/p>\n<p>Das Geh\u00e4use ist aus Aluminium gefertigt und wird durch die Verwendung im Freien nur wenig beeintr\u00e4chtigt.<\/p>\n<p>Das Frontgitter besteht aus verchromtem Stahl und kann eine gewisse Neigung haben, auf ein Au\u00dfenklima zu reagieren. Wenn Sie jedoch feststellen, dass sich das Frontgitter verschlechtert, ist es m\u00f6glich, das Gitter auszutauschen. Kontaktieren Sie uns und wir helfen Ihnen mit einem Ersatzfrontgitter.  <\/p>\n<p>Die Seitendeckel bestehen aus speziellem glasfaserverst\u00e4rktem Kunststoff, der einen sehr hohen Schutz gegen alle Witterungseinfl\u00fcsse bietet. Wenn Sie die Heizung jedoch versehentlich fallen gelassen haben und der Kunststoff gebrochen ist, kontaktieren Sie uns und wir helfen Ihnen mit einem neuen Seitendeckel.[\/vc_toggle][vc_toggle title=&#8220;WELCHE ART VON GARANTIE GIBT ES AUF DAS HEIZGER\u00c4T?&#8220; style=&#8220;arrow&#8220; css=&#8220;&#8220;]Opranic Heizger\u00e4te haben je nach Modell eine Garantie von 2 bis 5 Jahren.[\/vc_toggle][\/vc_column_inner][\/vc_row_inner][\/vc_column][\/vc_row]\n<\/div>","protected":false},"excerpt":{"rendered":"<p>[vc_row][vc_column][\/vc_column][\/vc_row][vc_row][vc_column][vc_row_inner equal_height=&#8220;yes&#8220; remove_bottom_col_margin=&#8220;true&#8220; css=&#8220;.vc_custom_1715063689585{padding-top: 30px !important;padding-bottom: 30px !important;}&#8220; el_id=&#8220;faq&#8220;][vc_column_inner][vc_toggle title=&#8220;STAR18RS (NORVECO) HEIZUNG STARTET NICHT ODER ZEIGT FEHLERCODE E3 AN!&#8220; style=&#8220;arrow&#8220; css=&#8220;&#8220;] DEAKTIVIEREN DES TITELTASTERS F\u00dcR STAR18RS Der Kippschutz kann deaktiviert werden. Bitte befolgen Sie die nachstehenden Anweisungen: \u201eE3\u201c zeigt an, dass der Neigungsschalter aktiviert ist. Es ist m\u00f6glich, den Neigungsschalter zu deaktivieren. Wir haben dies&hellip;<\/p>\n","protected":false},"author":1,"featured_media":0,"parent":0,"menu_order":0,"comment_status":"closed","ping_status":"closed","template":"","meta":{"_acf_changed":false,"inline_featured_image":false,"_joinchat":[],"footnotes":""},"class_list":["post-13526","page","type-page","status-publish","hentry","entry","no-media"],"acf":[],"_links":{"self":[{"href":"https:\/\/opranic.com\/de\/wp-json\/wp\/v2\/pages\/13526","targetHints":{"allow":["GET"]}}],"collection":[{"href":"https:\/\/opranic.com\/de\/wp-json\/wp\/v2\/pages"}],"about":[{"href":"https:\/\/opranic.com\/de\/wp-json\/wp\/v2\/types\/page"}],"author":[{"embeddable":true,"href":"https:\/\/opranic.com\/de\/wp-json\/wp\/v2\/users\/1"}],"replies":[{"embeddable":true,"href":"https:\/\/opranic.com\/de\/wp-json\/wp\/v2\/comments?post=13526"}],"version-history":[{"count":5,"href":"https:\/\/opranic.com\/de\/wp-json\/wp\/v2\/pages\/13526\/revisions"}],"predecessor-version":[{"id":24704,"href":"https:\/\/opranic.com\/de\/wp-json\/wp\/v2\/pages\/13526\/revisions\/24704"}],"wp:attachment":[{"href":"https:\/\/opranic.com\/de\/wp-json\/wp\/v2\/media?parent=13526"}],"curies":[{"name":"wp","href":"https:\/\/api.w.org\/{rel}","templated":true}]}}