{"id":26131,"date":"2026-04-16T17:37:30","date_gmt":"2026-04-16T15:37:30","guid":{"rendered":"https:\/\/opranic.com\/?page_id=26131"},"modified":"2026-04-19T01:41:34","modified_gmt":"2026-04-18T23:41:34","slug":"uber-infrarot","status":"publish","type":"page","link":"https:\/\/opranic.com\/de\/uber-infrarot\/","title":{"rendered":"\u00dcber Infrarotw\u00e4rme"},"content":{"rendered":"<div class=\"wpb-content-wrapper\">[vc_row content_placement=&#8220;middle&#8220; column_spacing=&#8220;30&#8243; equal_height=&#8220;yes&#8220; remove_bottom_col_margin=&#8220;true&#8220; css=&#8220;.vc_custom_1776380229469{margin-top: 0px !important;margin-bottom: 15px !important;}&#8220; el_class=&#8220;hero-fullbleed&#8220;][vc_column wpex_shadow=&#8220;shadow-none&#8220;][vc_column_text css=&#8220;&#8220;]\n<div class=\"opr-home-hero\">\n<p><img decoding=\"async\" class=\"opr-home-hero__bg\" src=\"https:\/\/opranic.com\/wp-content\/uploads\/2026\/04\/2560x960_about-infrared-a.jpg\" sizes=\"100vw\" srcset=\"https:\/\/opranic.com\/wp-content\/uploads\/2026\/04\/2560x960_about-infrared-a.jpg\" alt=\"\u00dcber Infrarotw\u00e4rme\" data-no-lazy=\"1\" data-skip-lazy=\"1\"><\/p>\n<div class=\"opr-home-hero__overlay\"><\/div>\n<div class=\"opr-home-hero__text\">\n<p class=\"opr-home-hero__overline\">Wissen<\/p>\n<h1 class=\"opr-home-hero__title\">\u00dcber Infrarotw\u00e4rme<\/h1>\n<div class=\"opr-home-hero__accent\"><\/div>\n<p class=\"opr-home-hero__sub\">Die Wissenschaft, die Wellenl\u00e4ngen und die Technik<\/p>\n<\/div>\n<\/div>\n[\/vc_column_text][\/vc_column][\/vc_row][vc_row][vc_column][vc_column_text]\n[\/vc_column_text][\/vc_column][\/vc_row][vc_row el_class=&#8220;opr-intro-row&#8220;][vc_column css=&#8220;.vc_custom_1776412217522{border-left-width: 3px !important;padding-left: 24px !important;border-left-style: solid !important;border-radius: 3px !important;}&#8220; wpex_border_color=&#8220;#ee9305&#8243;][vc_column_text el_class=&#8220;opr-intro-text&#8220;]Infrarotw\u00e4rme ist eine der \u00e4ltesten Kr\u00e4fte der Natur \u2013 so erw\u00e4rmt die Sonne die Erde \u00fcber 150 Millionen Kilometer leeren Raum hinweg. Zu verstehen, wie sie funktioniert, macht den Unterschied zwischen der Wahl eines Heizger\u00e4ts, das sich richtig anf\u00fchlt, und eines, das wirklich Leistung erbringt. Dieser Abschnitt behandelt die Wissenschaft, die Technik und die ingenieurtechnischen Entscheidungen hinter jedem Opranic-Produkt.[\/vc_column_text][\/vc_column][\/vc_row][vc_row][vc_column][vc_column_text]\n[\/vc_column_text][\/vc_column][\/vc_row][vc_row content_placement=&#8220;middle&#8220; equal_height=&#8220;yes&#8220; el_class=&#8220;opr-split-row opr-split-row&#8211;img-right&#8220;][vc_column width=&#8220;3\/5&#8243; el_class=&#8220;opr-split-text&#8220;]<p class=\"vcex-heading vcex-heading-plain vcex-module wpex-heading wpex-text-2xl wpex-text-left opr-section-label\"><span class=\"vcex-heading-inner wpex-inline-block\">Grundlagen<\/span><\/p><h2 class=\"vcex-heading vcex-heading-plain vcex-module wpex-heading wpex-text-2xl wpex-text-left opr-section-h2\"><span class=\"vcex-heading-inner wpex-inline-block\">Was ist Infrarotw\u00e4rme?<\/span><\/h2>[vc_column_text css=&#8220;&#8220;]\n<div class=\"opr-section-accent\"><\/div>\n<p>Wie elektromagnetische Strahlung K\u00f6rper und Oberfl\u00e4chen direkt erw\u00e4rmt, ohne die dazwischenliegende Luft zu erhitzen. Das ist die Physik hinter dem Sonnenscheinprinzip \u2013 derselbe Mechanismus, der daf\u00fcr sorgt, dass Sie sich an einem kalten Wintertag in dem Moment warm f\u00fchlen, in dem die Sonne auf die Haut trifft.  <\/p>\n<p>Beginnen Sie hier, wenn Sie die Grundlagen der Strahlungsw\u00e4rme verstehen m\u00f6chten, warum sie im Freien funktioniert, wo Konvektion versagt, und wie sie sich von allen anderen Heizmethoden unterscheidet, denen Sie bisher begegnet sind.<\/p>\n<p><a class=\"opr-about-card-link\" href=\"https:\/\/opranic.com\/sv\/vad-ar-infravarme\/\">Leitfaden lesen \u2192<\/a>[\/vc_column_text][\/vc_column][vc_column width=&#8220;2\/5&#8243; el_class=&#8220;opr-split-media opr-about-icon-cell opr-about-icon-cell&#8211;sun&#8220;][vc_column_text]\n<div class=\"opr-about-icon opr-about-icon--sun\" aria-hidden=\"true\"><\/div>\n[\/vc_column_text][\/vc_column][\/vc_row][vc_row][vc_column][vc_column_text]\n[\/vc_column_text][\/vc_column][\/vc_row][vc_row content_placement=&#8220;middle&#8220; equal_height=&#8220;yes&#8220; el_class=&#8220;opr-split-row opr-split-row&#8211;img-left opr-split-row&#8211;alt&#8220;][vc_column width=&#8220;2\/5&#8243; el_class=&#8220;opr-split-media opr-split-media&#8211;left opr-about-icon-cell opr-about-icon-cell&#8211;wave&#8220;][vc_column_text]\n<div class=\"opr-about-icon opr-about-icon--wave\" aria-hidden=\"true\"><\/div>\n[\/vc_column_text][\/vc_column][vc_column width=&#8220;3\/5&#8243; el_class=&#8220;opr-split-text&#8220;]<p class=\"vcex-heading vcex-heading-plain vcex-module wpex-heading wpex-text-2xl wpex-text-left opr-section-label\"><span class=\"vcex-heading-inner wpex-inline-block\">Vertiefung<\/span><\/p><h2 class=\"vcex-heading vcex-heading-plain vcex-module wpex-heading wpex-text-2xl wpex-text-left opr-section-h2\"><span class=\"vcex-heading-inner wpex-inline-block\">So funktioniert Infrarotw\u00e4rme<\/span><\/h2>[vc_column_text css=&#8220;&#8220;]\n<div class=\"opr-section-accent\"><\/div>\n<p>Kurzwellige, mittelwellige und langwellige Infrarotstrahlung verhalten sich v\u00f6llig unterschiedlich, wenn sie auf die menschliche Haut treffen. Die Wellenl\u00e4nge bestimmt, ob die Strahlung absorbiert oder reflektiert wird, und sie entscheidet dar\u00fcber, wie angenehm sich die W\u00e4rme tats\u00e4chlich anf\u00fchlt.  <\/p>\n<p>Dies ist eine technische Vertiefung dar\u00fcber, warum 2,4 Mikrometer die optimale Wellenl\u00e4nge f\u00fcr die Komfortheizung im Au\u00dfenbereich ist, was die Forschung zeigt und wie das Wiensche Gesetz die Oberfl\u00e4chentemperatur eines Heizelements mit der von ihm abgegebenen Strahlung verkn\u00fcpft.<\/p>\n<p><a class=\"opr-about-card-link\" href=\"https:\/\/opranic.com\/sv\/sa-fungerar-infravarme\/\">Leitfaden lesen \u2192<\/a>[\/vc_column_text][\/vc_column][\/vc_row][vc_row][vc_column][vc_column_text]\n[\/vc_column_text][\/vc_column][\/vc_row][vc_row content_placement=&#8220;middle&#8220; equal_height=&#8220;yes&#8220; el_class=&#8220;opr-split-row opr-split-row&#8211;img-right&#8220;][vc_column width=&#8220;3\/5&#8243; el_class=&#8220;opr-split-text&#8220;]<p class=\"vcex-heading vcex-heading-plain vcex-module wpex-heading wpex-text-2xl wpex-text-left opr-section-label\"><span class=\"vcex-heading-inner wpex-inline-block\">Opranic-Technik<\/span><\/p><h2 class=\"vcex-heading vcex-heading-plain vcex-module wpex-heading wpex-text-2xl wpex-text-left opr-section-h2\"><span class=\"vcex-heading-inner wpex-inline-block\">Warum Opranic \u2013 unsere Technik<\/span><\/h2>[vc_column_text css=&#8220;&#8220;]\n<div class=\"opr-section-accent\"><\/div>\n<p>Das IR-X Carbon Black-Element ist das Ergebnis von mehr als 20 Jahren Ingenieursarbeit. In der Praxis liefert es eine Energieumwandlung von bis zu 96 Prozent, eine Lebensdauer von 12.000 Stunden und ein in Japan hergestelltes Kohlefaserelement mit einer Toleranz, die kein anderes in dieser Kategorie erreicht.  <\/p>\n<p>Lesen Sie, warum das Element allein nicht ausreicht, warum die Reflektorgeometrie, das Geh\u00e4use und die Elektronik eine Rolle spielen und warum Opranic das Heizger\u00e4t eher als komplettes Strahlungssystem denn als eine Ansammlung von Einzelteilen betrachtet.<\/p>\n<p><a class=\"opr-about-card-link\" href=\"https:\/\/opranic.com\/sv\/varfor-opranic\/\">Leitfaden lesen \u2192<\/a>[\/vc_column_text][\/vc_column][vc_column width=&#8220;2\/5&#8243; el_class=&#8220;opr-split-media opr-about-icon-cell opr-about-icon-cell&#8211;lock&#8220;][vc_column_text]\n<div class=\"opr-about-icon opr-about-icon--lock\" aria-hidden=\"true\"><\/div>\n[\/vc_column_text][\/vc_column][\/vc_row][vc_row][vc_column][vc_column_text]\n[\/vc_column_text][\/vc_column][\/vc_row][vc_row el_class=&#8220;opr-breather-row&#8220;][vc_column]<p class=\"vcex-heading vcex-heading-plain vcex-module wpex-heading wpex-text-2xl wpex-text-center opr-breather-quote\"><span class=\"vcex-heading-inner wpex-inline-block\">Die Wissenschaft auf dieser Seite basiert auf begutachteter Forschung und einer unabh\u00e4ngigen akademischen Studie, die von Vattenfall AB in Auftrag gegeben wurde.<\/span><\/p>[\/vc_column][\/vc_row][vc_row][vc_column][vc_column_text]\n[\/vc_column_text][\/vc_column][\/vc_row][vc_row el_class=&#8220;opr-authority-row&#8220;][vc_column]<p class=\"vcex-heading vcex-heading-plain vcex-module wpex-heading wpex-text-2xl wpex-text-center opr-section-label opr-authority-label\"><span class=\"vcex-heading-inner wpex-inline-block\">Unabh\u00e4ngige Forschung<\/span><\/p>[vc_column_text el_class=&#8220;opr-authority-text&#8220;]\nDie Wissenschaft auf dieser Seite basiert auf begutachteter Forschung, branchen\u00fcblichen Spezifikationen und einer unabh\u00e4ngigen akademischen Abhandlung im Auftrag von Vattenfall AB, f\u00fcr die Opranic die Infrarotheizungen lieferte, die in umfassenden arktischen Feldtests an der Technischen Universit\u00e4t Lule\u00e5 (2019) eingesetzt wurden. Zu den Quellen geh\u00f6ren die <a href=\"https:\/\/www.icnirp.org\/en\/frequencies\/infrared\/index.html\" target=\"_blank\" rel=\"noopener\">ICNIRP-Sicherheitsrichtlinien<\/a> und ver\u00f6ffentlichte Forschungsergebnisse der <a href=\"https:\/\/www.ncbi.nlm.nih.gov\/pmc\/articles\/PMC3699878\/\" target=\"_blank\" rel=\"noopener\">National Institutes of Health (NCBI)<\/a>.<br \/>\n[\/vc_column_text][\/vc_column][\/vc_row]\n<\/div>","protected":false},"excerpt":{"rendered":"<p>[vc_row content_placement=&#8220;middle&#8220; column_spacing=&#8220;30&#8243; equal_height=&#8220;yes&#8220; remove_bottom_col_margin=&#8220;true&#8220; css=&#8220;.vc_custom_1776380229469{margin-top: 0px !important;margin-bottom: 15px !important;}&#8220; el_class=&#8220;hero-fullbleed&#8220;][vc_column wpex_shadow=&#8220;shadow-none&#8220;][vc_column_text css=&#8220;&#8220;] Wissen \u00dcber Infrarotw\u00e4rme Die Wissenschaft, die Wellenl\u00e4ngen und die Technik [\/vc_column_text][\/vc_column][\/vc_row][vc_row][vc_column][vc_column_text] [\/vc_column_text][\/vc_column][\/vc_row][vc_row el_class=&#8220;opr-intro-row&#8220;][vc_column css=&#8220;.vc_custom_1776412217522{border-left-width: 3px !important;padding-left: 24px !important;border-left-style: solid !important;border-radius: 3px !important;}&#8220; wpex_border_color=&#8220;#ee9305&#8243;][vc_column_text el_class=&#8220;opr-intro-text&#8220;]Infrarotw\u00e4rme ist eine der \u00e4ltesten Kr\u00e4fte der Natur \u2013 so erw\u00e4rmt die Sonne die Erde \u00fcber 150 Millionen Kilometer&hellip;<\/p>\n","protected":false},"author":1,"featured_media":0,"parent":0,"menu_order":0,"comment_status":"closed","ping_status":"closed","template":"","meta":{"_acf_changed":false,"inline_featured_image":false,"_joinchat":[],"footnotes":""},"class_list":["post-26131","page","type-page","status-publish","hentry","entry","no-media"],"acf":[],"_links":{"self":[{"href":"https:\/\/opranic.com\/de\/wp-json\/wp\/v2\/pages\/26131","targetHints":{"allow":["GET"]}}],"collection":[{"href":"https:\/\/opranic.com\/de\/wp-json\/wp\/v2\/pages"}],"about":[{"href":"https:\/\/opranic.com\/de\/wp-json\/wp\/v2\/types\/page"}],"author":[{"embeddable":true,"href":"https:\/\/opranic.com\/de\/wp-json\/wp\/v2\/users\/1"}],"replies":[{"embeddable":true,"href":"https:\/\/opranic.com\/de\/wp-json\/wp\/v2\/comments?post=26131"}],"version-history":[{"count":17,"href":"https:\/\/opranic.com\/de\/wp-json\/wp\/v2\/pages\/26131\/revisions"}],"predecessor-version":[{"id":26501,"href":"https:\/\/opranic.com\/de\/wp-json\/wp\/v2\/pages\/26131\/revisions\/26501"}],"wp:attachment":[{"href":"https:\/\/opranic.com\/de\/wp-json\/wp\/v2\/media?parent=26131"}],"curies":[{"name":"wp","href":"https:\/\/api.w.org\/{rel}","templated":true}]}}