{"id":26564,"date":"2026-04-19T02:37:13","date_gmt":"2026-04-19T00:37:13","guid":{"rendered":"https:\/\/opranic.com\/ratgeber\/"},"modified":"2026-04-20T15:09:22","modified_gmt":"2026-04-20T13:09:22","slug":"ratgeber","status":"publish","type":"page","link":"https:\/\/opranic.com\/de\/ratgeber\/","title":{"rendered":"Ratgeber"},"content":{"rendered":"<div class=\"wpb-content-wrapper\">[vc_row][vc_column][vc_column_text css=&#8220;.vc_custom_1776597393852{margin-bottom: 30px !important;}&#8220;]\n<section class=\"opr-guides-hero\"><img decoding=\"async\" class=\"opr-guides-hero__bg\" src=\"https:\/\/opranic.com\/wp-content\/uploads\/2026\/04\/2560x960-infravarme-guider-2.jpg\" alt=\"\"><\/p>\n<div class=\"opr-guides-hero__overlay\"><\/div>\n<div class=\"opr-guides-hero__text\">\n<p class=\"opr-guides-hero__overline\">Wissen &amp; Kaufhilfe<\/p>\n<h1 class=\"opr-guides-hero__title\">Opranic Ratgeber<\/h1>\n<div class=\"opr-guides-hero__accent\"><\/div>\n<p class=\"opr-guides-hero__sub\">Kaufratgeber, Tests, Technologie und Vergleiche<\/p>\n<\/div>\n<\/section>\n[\/vc_column_text][vc_column_text css=&#8220;&#8220;]    <section class=\"opr-guides-section\">\r\n\r\n                    <p class=\"opr-section-label\">01 \u2014 Kaufratgeber &amp; Vergleiche<\/p>\r\n        \r\n                    <h2 class=\"opr-section-h2\">Den richtigen Heizstrahler w\u00e4hlen<\/h2>\r\n            <div class=\"opr-section-accent\"><\/div>\r\n        \r\n                    <p class=\"opr-guides-section-desc\">Praktische Ratgeber, Tests und direkte Vergleiche, die Ihnen helfen, den richtigen Heizstrahler f\u00fcr Ihre Umgebung zu finden.<\/p>\r\n        \r\n        <div class=\"opr-guides-grid\">\r\n\r\n                    <a href=\"https:\/\/opranic.com\/sv\/infravarmare-utomhus\/\" class=\"opr-guides-card\">\r\n                <div class=\"opr-guides-card-media\"><img src=\"https:\/\/opranic.com\/wp-content\/uploads\/2026\/04\/2560x960-infravarmare-utomhus.jpg\" alt=\"Infrav\u00e4rmare utomhus\" loading=\"lazy\" decoding=\"async\" \/><\/div>\r\n                <div class=\"opr-guides-card-body\">\r\n                                            <span class=\"opr-guides-card-kicker\">Kaufberatung<\/span>\r\n                                        <h3 class=\"opr-guides-card-title\">Infrav\u00e4rmare utomhus<\/h3>\r\n                    <p class=\"opr-guides-card-desc\">Infrav\u00e4rmare utomhus: s\u00e5 v\u00e4ljer du r\u00e4tt modell f\u00f6r terrass, balkong eller uterum. Effektbehov, placering och tre testvinnare fr\u00e5n Opranic.<\/p>\r\n                    <span class=\"opr-guides-card-arrow\">Read more<\/span>\r\n                <\/div>\r\n            <\/a>\r\n                    <a href=\"https:\/\/opranic.com\/de\/infrarotheizstrahler-testsieger-2026-darum-liefert-opranic-die-meiste-waerme-pro-watt\/\" class=\"opr-guides-card\">\r\n                <div class=\"opr-guides-card-media\"><img width=\"970\" height=\"600\" src=\"https:\/\/opranic.com\/wp-content\/uploads\/2026\/04\/970x600_infravarmare-bast-i-test-2026.jpg\" class=\"attachment-opr_guides_card size-opr_guides_card wp-post-image\" alt=\"Infrarotheizstrahler Testsieger 2026: Darum liefert Opranic die meiste W\u00e4rme pro Watt\" loading=\"lazy\" decoding=\"async\" srcset=\"https:\/\/opranic.com\/wp-content\/uploads\/2026\/04\/970x600_infravarmare-bast-i-test-2026.jpg 970w, https:\/\/opranic.com\/wp-content\/uploads\/2026\/04\/970x600_infravarmare-bast-i-test-2026-300x186.jpg 300w, https:\/\/opranic.com\/wp-content\/uploads\/2026\/04\/970x600_infravarmare-bast-i-test-2026-768x475.jpg 768w\" sizes=\"auto, (max-width: 970px) 100vw, 970px\" \/><\/div>\r\n                <div class=\"opr-guides-card-body\">\r\n                                            <span class=\"opr-guides-card-kicker\">Test &amp; Ranking<\/span>\r\n                                        <h3 class=\"opr-guides-card-title\">Infrarotheizstrahler Testsieger 2026: Darum liefert Opranic die meiste W\u00e4rme pro Watt<\/h3>\r\n                    <p class=\"opr-guides-card-desc\">Infrarotheizstrahler Testsieger 2026: Opranic THOR S70 und PRO V70 liefern die meiste W\u00e4rme pro Watt. IP65, 12.000 Stunden Lebensdauer. <\/p>\r\n                    <span class=\"opr-guides-card-arrow\">Read more<\/span>\r\n                <\/div>\r\n            <\/a>\r\n                    <a href=\"https:\/\/opranic.com\/de\/gasheizstrahler-oder-infrarotstrahler-was-ist-besser-2026\/\" class=\"opr-guides-card\">\r\n                <div class=\"opr-guides-card-media\"><img width=\"970\" height=\"600\" src=\"https:\/\/opranic.com\/wp-content\/uploads\/2026\/04\/970x600-gasol-vs-infravarmare-2.jpg\" class=\"attachment-opr_guides_card size-opr_guides_card wp-post-image\" alt=\"Gasheizstrahler oder Infrarotstrahler \u2013 was ist besser 2026\" loading=\"lazy\" decoding=\"async\" srcset=\"https:\/\/opranic.com\/wp-content\/uploads\/2026\/04\/970x600-gasol-vs-infravarmare-2.jpg 970w, https:\/\/opranic.com\/wp-content\/uploads\/2026\/04\/970x600-gasol-vs-infravarmare-2-300x186.jpg 300w, https:\/\/opranic.com\/wp-content\/uploads\/2026\/04\/970x600-gasol-vs-infravarmare-2-768x475.jpg 768w\" sizes=\"auto, (max-width: 970px) 100vw, 970px\" \/><\/div>\r\n                <div class=\"opr-guides-card-body\">\r\n                                            <span class=\"opr-guides-card-kicker\">Vergleich<\/span>\r\n                                        <h3 class=\"opr-guides-card-title\">Gasheizstrahler oder Infrarotstrahler \u2013 was ist besser 2026<\/h3>\r\n                    <p class=\"opr-guides-card-desc\">Gasheizstrahler oder Infrarotstrahler \u2013 wir vergleichen reale Kosten, Technik und Sicherheit. Sehen Sie, warum immer mehr Menschen Strom statt Gas w\u00e4hlen. <\/p>\r\n                    <span class=\"opr-guides-card-arrow\">Read more<\/span>\r\n                <\/div>\r\n            <\/a>\r\n        \r\n        <\/div>\r\n    <\/section>\r\n    [\/vc_column_text][vc_column_text css=&#8220;&#8220;]    <section class=\"opr-guides-section\">\r\n\r\n                    <p class=\"opr-section-label\">02 \u2014 Wissen &amp; Technologie<\/p>\r\n        \r\n                    <h2 class=\"opr-section-h2\">Infrarotheizung verstehen<\/h2>\r\n            <div class=\"opr-section-accent\"><\/div>\r\n        \r\n                    <p class=\"opr-guides-section-desc\">Die Physik, die Technologie und die Marke dahinter. Die ausf\u00fchrlichen Referenzseiten, die erkl\u00e4ren, warum Infrarot so funktioniert, wie es funktioniert.<\/p>\r\n        \r\n        <div class=\"opr-guides-grid\">\r\n\r\n                    <a href=\"https:\/\/opranic.com\/sv\/vad-ar-infravarme\/\" class=\"opr-guides-card opr-guides-card--pillar\">\r\n                <div class=\"opr-guides-card-media\"><img src=\"https:\/\/opranic.com\/wp-content\/uploads\/2026\/04\/2560x960_about-infrared-a.jpg\" alt=\"Vad \u00e4r Infrav\u00e4rme\" loading=\"lazy\" decoding=\"async\" \/><\/div>\r\n                <div class=\"opr-guides-card-body\">\r\n                                            <span class=\"opr-guides-card-kicker\">Grundlagen<\/span>\r\n                                        <h3 class=\"opr-guides-card-title\">Vad \u00e4r Infrav\u00e4rme<\/h3>\r\n                    <p class=\"opr-guides-card-desc\">Infrav\u00e4rme \u00e4r elektromagnetisk str\u00e5lning som v\u00e4rmer direkt utan att v\u00e4rma luften. L\u00e4r dig hur det fungerar och hur Opranic anv\u00e4nder tekniken.<\/p>\r\n                    <span class=\"opr-guides-card-arrow\">Read more<\/span>\r\n                <\/div>\r\n            <\/a>\r\n                    <a href=\"https:\/\/opranic.com\/de\/infrarotstrahler-funktion\/\" class=\"opr-guides-card opr-guides-card--pillar\">\r\n                <div class=\"opr-guides-card-media\"><img src=\"https:\/\/opranic.com\/wp-content\/uploads\/2026\/04\/2560x960-sa-fungerar-infravarme.jpg\" alt=\"Infrarotstrahler Funktion\" loading=\"lazy\" decoding=\"async\" \/><\/div>\r\n                <div class=\"opr-guides-card-body\">\r\n                                            <span class=\"opr-guides-card-kicker\">Vertiefung<\/span>\r\n                                        <h3 class=\"opr-guides-card-title\">Infrarotstrahler Funktion<\/h3>\r\n                    <p class=\"opr-guides-card-desc\">Infrarotstrahler Funktion im Detail: Wellenl\u00e4nge, 2,4 Mikrometer und warum die Wellenl\u00e4nge den Komfort auf der Terrasse entscheidet.<\/p>\r\n                    <span class=\"opr-guides-card-arrow\">Read more<\/span>\r\n                <\/div>\r\n            <\/a>\r\n                    <a href=\"https:\/\/opranic.com\/sv\/varfor-opranic\/\" class=\"opr-guides-card opr-guides-card--pillar\">\r\n                <div class=\"opr-guides-card-media\"><img src=\"https:\/\/opranic.com\/wp-content\/uploads\/2026\/04\/2560x960-varfor-opranic.jpg\" alt=\"Varf\u00f6r Opranic\" loading=\"lazy\" decoding=\"async\" \/><\/div>\r\n                <div class=\"opr-guides-card-body\">\r\n                                            <span class=\"opr-guides-card-kicker\">Marke &amp; Entwicklung<\/span>\r\n                                        <h3 class=\"opr-guides-card-title\">Varf\u00f6r Opranic<\/h3>\r\n                    <p class=\"opr-guides-card-desc\">Opranic utvecklar och tillverkar egna infrav\u00e4rmare sedan 2015. L\u00e4r dig varf\u00f6r Opranic har en verkningsgrad p\u00e5 96 % med sin IR-X-teknik.<\/p>\r\n                    <span class=\"opr-guides-card-arrow\">Read more<\/span>\r\n                <\/div>\r\n            <\/a>\r\n        \r\n        <\/div>\r\n    <\/section>\r\n    [\/vc_column_text][\/vc_column][\/vc_row][vc_row max_width_custom=&#8220;1200&#8243;][vc_column]<div class=\"vcex-module vcex-divider vcex-divider-solid vcex-divider-center wpex-mx-auto wpex-block wpex-h-0 wpex-border-b wpex-border-solid wpex-border-main\" style=\"border-color:#ece8e0;\"><\/div><h2 class=\"vcex-heading vcex-heading-plain vcex-module wpex-heading wpex-text-2xl\"><span class=\"vcex-heading-inner wpex-inline-block\">Weitere Neuigkeiten<\/span><\/h2><div class=\"vcex-spacing wpex-w-100 wpex-clear\" style=\"height:30px;\"><\/div><div class=\"vcex-module vcex-post-type-grid-wrap wpex-clr\"><div class=\"wpex-row vcex-post-type-grid entries wpex-clr\"><div class=\"vcex-post-type-entry vcex-grid-item wpex-clr col span_1_of_3 col-1 entry post-25733 type-post has-media cat-18 translation_priority-21\"><div class=\"vcex-post-type-entry-inner entry-inner wpex-first-mt-0 wpex-last-mb-0 wpex-clr\"><div class=\"vcex-post-type-entry-media entry-media wpex-relative\"><a href=\"https:\/\/opranic.com\/de\/gasheizstrahler-oder-infrarotstrahler-was-ist-besser-2026\/\" title=\"Gasheizstrahler oder Infrarotstrahler \u2013 was ist besser 2026\"><img width=\"970\" height=\"600\" src=\"https:\/\/opranic.com\/wp-content\/uploads\/2026\/04\/970x600-gasol-vs-infravarmare-2.jpg\" class=\"vcex-blog-entry-img wpex-align-middle\" alt=\"gasolvarmare eller elektriska infravarmare - vad ar bast?\" decoding=\"async\" srcset=\"https:\/\/opranic.com\/wp-content\/uploads\/2026\/04\/970x600-gasol-vs-infravarmare-2.jpg 970w, https:\/\/opranic.com\/wp-content\/uploads\/2026\/04\/970x600-gasol-vs-infravarmare-2-300x186.jpg 300w, https:\/\/opranic.com\/wp-content\/uploads\/2026\/04\/970x600-gasol-vs-infravarmare-2-768x475.jpg 768w\" sizes=\"(max-width: 970px) 100vw, 970px\" \/><\/a><\/div><div class=\"vcex-post-type-entry-details entry-details wpex-bordered wpex-first-mt-0 wpex-last-mb-0 wpex-clr\"><h2 class=\"vcex-post-type-entry-title entry-title wpex-mb-5\"><a href=\"https:\/\/opranic.com\/de\/gasheizstrahler-oder-infrarotstrahler-was-ist-besser-2026\/\">Gasheizstrahler oder Infrarotstrahler \u2013 was ist besser 2026<\/a><\/h2 ><div class=\"vcex-post-type-entry-date entry-date wpex-text-sm wpex-text-3 wpex-mb-5\">13. April 2026<\/div><div class=\"vcex-post-type-entry-excerpt entry-excerpt wpex-my-15 wpex-text-pretty wpex-last-mb-0 wpex-clr\"><p>Gasheizstrahler oder Infrarotstrahler \u2013 was ist eigentlich besser f\u00fcr Ihre Terrasse oder Au\u00dfengastronomie? Dieser Artikel liefert Ihnen echte Kosten, echte&hellip;<\/p><\/div><div class=\"vcex-post-type-entry-readmore-wrap entry-readmore-wrap wpex-my-15 wpex-clr\"><a href=\"https:\/\/opranic.com\/de\/gasheizstrahler-oder-infrarotstrahler-was-ist-besser-2026\/\" class=\"entry-readmore theme-button\" aria-label=\"Read more about Gasheizstrahler oder Infrarotstrahler \u2013 was ist besser 2026\">Read more<\/a><\/div><\/div><\/div><\/div><div class=\"vcex-post-type-entry vcex-grid-item wpex-clr col span_1_of_3 col-2 entry post-25756 type-post has-media cat-18 post_tag-1121 post_tag-1122 post_tag-1123 translation_priority-21\"><div class=\"vcex-post-type-entry-inner entry-inner wpex-first-mt-0 wpex-last-mb-0 wpex-clr\"><div class=\"vcex-post-type-entry-media entry-media wpex-relative\"><a href=\"https:\/\/opranic.com\/de\/infrarotheizstrahler-testsieger-2026-darum-liefert-opranic-die-meiste-waerme-pro-watt\/\" title=\"Infrarotheizstrahler Testsieger 2026: Darum liefert Opranic die meiste W\u00e4rme pro Watt\"><img width=\"970\" height=\"600\" src=\"https:\/\/opranic.com\/wp-content\/uploads\/2026\/04\/970x600_infravarmare-bast-i-test-2026.jpg\" class=\"vcex-blog-entry-img wpex-align-middle\" alt=\"&lt;h2&gt;Infrav\u00e4rmare b\u00e4st i test 2026: d\u00e4rf\u00f6r ger Opranic mest v\u00e4rmeprestanda per watt\" decoding=\"async\" srcset=\"https:\/\/opranic.com\/wp-content\/uploads\/2026\/04\/970x600_infravarmare-bast-i-test-2026.jpg 970w, https:\/\/opranic.com\/wp-content\/uploads\/2026\/04\/970x600_infravarmare-bast-i-test-2026-300x186.jpg 300w, https:\/\/opranic.com\/wp-content\/uploads\/2026\/04\/970x600_infravarmare-bast-i-test-2026-768x475.jpg 768w\" sizes=\"(max-width: 970px) 100vw, 970px\" \/><\/a><\/div><div class=\"vcex-post-type-entry-details entry-details wpex-bordered wpex-first-mt-0 wpex-last-mb-0 wpex-clr\"><h2 class=\"vcex-post-type-entry-title entry-title wpex-mb-5\"><a href=\"https:\/\/opranic.com\/de\/infrarotheizstrahler-testsieger-2026-darum-liefert-opranic-die-meiste-waerme-pro-watt\/\">Infrarotheizstrahler Testsieger 2026: Darum liefert Opranic die meiste W\u00e4rme pro Watt<\/a><\/h2 ><div class=\"vcex-post-type-entry-date entry-date wpex-text-sm wpex-text-3 wpex-mb-5\">12. April 2026<\/div><div class=\"vcex-post-type-entry-excerpt entry-excerpt wpex-my-15 wpex-text-pretty wpex-last-mb-0 wpex-clr\"><p>Opranic THOR S70, PRO V70 und NOVA V50 sind vollst\u00e4ndige Neuentwicklungen der preisgekr\u00f6nten Produktserien, die unter anderem von Aftonbladet, The&hellip;<\/p><\/div><div class=\"vcex-post-type-entry-readmore-wrap entry-readmore-wrap wpex-my-15 wpex-clr\"><a href=\"https:\/\/opranic.com\/de\/infrarotheizstrahler-testsieger-2026-darum-liefert-opranic-die-meiste-waerme-pro-watt\/\" class=\"entry-readmore theme-button\" aria-label=\"Read more about Infrarotheizstrahler Testsieger 2026: Darum liefert Opranic die meiste W\u00e4rme pro Watt\">Read more<\/a><\/div><\/div><\/div><\/div><div class=\"vcex-post-type-entry vcex-grid-item wpex-clr col span_1_of_3 col-3 entry post-21820 type-post has-media cat-18 cat-560 translation_priority-21\"><div class=\"vcex-post-type-entry-inner entry-inner wpex-first-mt-0 wpex-last-mb-0 wpex-clr\"><div class=\"vcex-post-type-entry-media entry-media wpex-relative\"><a href=\"https:\/\/opranic.com\/de\/die-effiziente-wissenschaft-hinter-opranic\/\" title=\"Die effiziente Wissenschaft hinter Opranic\"><img width=\"970\" height=\"600\" src=\"https:\/\/opranic.com\/wp-content\/uploads\/2025\/10\/970x600_v70_sunset.jpg\" class=\"vcex-blog-entry-img wpex-align-middle\" alt=\"Comparison of water absorption with Halogen IR-A and Opranic IR-B showing Opranic peak at 2.4 \u00b5m\" decoding=\"async\" srcset=\"https:\/\/opranic.com\/wp-content\/uploads\/2025\/10\/970x600_v70_sunset.jpg 970w, https:\/\/opranic.com\/wp-content\/uploads\/2025\/10\/970x600_v70_sunset-300x186.jpg 300w, https:\/\/opranic.com\/wp-content\/uploads\/2025\/10\/970x600_v70_sunset-768x475.jpg 768w\" sizes=\"(max-width: 970px) 100vw, 970px\" \/><\/a><\/div><div class=\"vcex-post-type-entry-details entry-details wpex-bordered wpex-first-mt-0 wpex-last-mb-0 wpex-clr\"><h2 class=\"vcex-post-type-entry-title entry-title wpex-mb-5\"><a href=\"https:\/\/opranic.com\/de\/die-effiziente-wissenschaft-hinter-opranic\/\">Die effiziente Wissenschaft hinter Opranic<\/a><\/h2 ><div class=\"vcex-post-type-entry-date entry-date wpex-text-sm wpex-text-3 wpex-mb-5\">28. Oktober 2025<\/div><div class=\"vcex-post-type-entry-excerpt entry-excerpt wpex-my-15 wpex-text-pretty wpex-last-mb-0 wpex-clr\"><p>Die Opranic-Wissenschaft Eine visuelle Analyse, die die Opranic IR-X Carbon Black-Technologie (Mittelwelliges IR-B bei \u22482,4 \u00b5m) mit traditionellem Halogen (Kurzwelliges&hellip;<\/p><\/div><div class=\"vcex-post-type-entry-readmore-wrap entry-readmore-wrap wpex-my-15 wpex-clr\"><a href=\"https:\/\/opranic.com\/de\/die-effiziente-wissenschaft-hinter-opranic\/\" class=\"entry-readmore theme-button\" aria-label=\"Read more about Die effiziente Wissenschaft hinter Opranic\">Read more<\/a><\/div><\/div><\/div><\/div><\/div><div class=\"vcex-loadmore wpex-clear wpex-text-center wpex-mt-10\"><a href=\"#\" class=\"vcex-loadmore-button theme-button\" data-infinite-scroll=\"0\" data-text=\"Mehr laden\" data-loading-text=\"L\u00e4dt ...\" data-failed-text=\"Es ist nicht gelungen, Beitr\u00e4ge zu laden.\" data-page=\"1\" data-max-pages=\"7\" data-shortcode-tag=\"vcex_post_type_grid\" data-shortcode-params=\"{&quot;entry_count&quot;:0,&quot;img_size&quot;:&quot;wpex_custom&quot;,&quot;pagination_loadmore&quot;:&quot;true&quot;,&quot;posts_per_page&quot;:&quot;3&quot;,&quot;tax_query&quot;:&quot;true&quot;,&quot;tax_query_taxonomy&quot;:&quot;category&quot;,&quot;nonce&quot;:&quot;ff4a06856c&quot;}\"><span class=\"vcex-txt\">Mehr laden<\/span><\/a><div class=\"vcex-loadmore-spinner vcex-spinner wpex-hidden\"><svg height=\"20\" width=\"20\" class=\"wpex-animate-spin wpex-opacity-5\" xmlns=\"http:\/\/www.w3.org\/2000\/svg\" viewBox=\"0 0 16 16\" fill=\"currentColor\"><path fill-rule=\"evenodd\" d=\"M8 3a5 5 0 1 0 4.546 2.914.5.5 0 0 1 .908-.417A6 6 0 1 1 8 2z\"\/><path d=\"M8 4.466V.534a.25.25 0 0 1 .41-.192l2.36 1.966c.12.1.12.284 0 .384L8.41 4.658A.25.25 0 0 1 8 4.466\"\/><\/svg><\/div><\/div><\/div>[\/vc_column][\/vc_row]\n<\/div>","protected":false},"excerpt":{"rendered":"<p>[vc_row][vc_column][vc_column_text css=&#8220;.vc_custom_1776597393852{margin-bottom: 30px !important;}&#8220;] Wissen &amp; Kaufhilfe Opranic Ratgeber Kaufratgeber, Tests, Technologie und Vergleiche [\/vc_column_text][vc_column_text css=&#8220;&#8220;][\/vc_column_text][vc_column_text css=&#8220;&#8220;][\/vc_column_text][\/vc_column][\/vc_row][vc_row max_width_custom=&#8220;1200&#8243;][vc_column][\/vc_column][\/vc_row]<\/p>\n","protected":false},"author":1,"featured_media":0,"parent":0,"menu_order":0,"comment_status":"closed","ping_status":"closed","template":"","meta":{"_acf_changed":false,"inline_featured_image":false,"_joinchat":[],"footnotes":""},"class_list":["post-26564","page","type-page","status-publish","hentry","entry","has-media"],"acf":[],"_links":{"self":[{"href":"https:\/\/opranic.com\/de\/wp-json\/wp\/v2\/pages\/26564","targetHints":{"allow":["GET"]}}],"collection":[{"href":"https:\/\/opranic.com\/de\/wp-json\/wp\/v2\/pages"}],"about":[{"href":"https:\/\/opranic.com\/de\/wp-json\/wp\/v2\/types\/page"}],"author":[{"embeddable":true,"href":"https:\/\/opranic.com\/de\/wp-json\/wp\/v2\/users\/1"}],"replies":[{"embeddable":true,"href":"https:\/\/opranic.com\/de\/wp-json\/wp\/v2\/comments?post=26564"}],"version-history":[{"count":14,"href":"https:\/\/opranic.com\/de\/wp-json\/wp\/v2\/pages\/26564\/revisions"}],"predecessor-version":[{"id":26723,"href":"https:\/\/opranic.com\/de\/wp-json\/wp\/v2\/pages\/26564\/revisions\/26723"}],"wp:attachment":[{"href":"https:\/\/opranic.com\/de\/wp-json\/wp\/v2\/media?parent=26564"}],"curies":[{"name":"wp","href":"https:\/\/api.w.org\/{rel}","templated":true}]}}