{"id":6111,"date":"2023-08-03T17:02:36","date_gmt":"2023-08-03T15:02:36","guid":{"rendered":"https:\/\/opranic.com\/?page_id=6111"},"modified":"2025-10-30T00:25:39","modified_gmt":"2025-10-29T23:25:39","slug":"datenschutz","status":"publish","type":"page","link":"https:\/\/opranic.com\/de\/datenschutz\/","title":{"rendered":"Datenschutzbestimmungen"},"content":{"rendered":"<div class=\"wpb-content-wrapper\">[vc_row][vc_column width=&#8220;1\/4&#8243;]<h2 class=\"vcex-heading vcex-heading-plain vcex-module wpex-heading wpex-text-2xl\"><span class=\"vcex-heading-inner wpex-inline-block\">BEDINGUNGEN UND KONDITIONEN<\/span><\/h2><div class=\"vcex-spacing wpex-w-100 wpex-clear\"><\/div><style>.vcex-navbar.vcex_69f23fb758583 a.vcex-navbar-link{color:#ffffff;background:#ee9305;text-transform:uppercase;}.vcex-navbar.vcex_69f23fb758583 a.vcex-navbar-link:is(:hover,.active){color:#ffffff;background:#d6d6d6;}.vcex-navbar.vcex_69f23fb758583 a.vcex-navbar-link:is(:active,.active){color:#ffffff;background:#262626;}<\/style><nav class=\"vcex-navbar vcex-navbar--expanded vcex-module vcex_69f23fb758583\"><div class=\"vcex-navbar-inner wpex-clr\"><a href=\"https:\/\/opranic.com\/general-terms-and-conditions\/\" class=\"vcex-navbar-link vcex-navbar-link--5959 wpex-block wpex-float-left wpex-mb-5 theme-button minimal-border expanded has-bg-hover\"><span class=\"vcex-navbar-link-text\">Terms and conditions<\/span><\/a><a href=\"https:\/\/opranic.com\/privacy-policy\/\" class=\"vcex-navbar-link vcex-navbar-link--5964 wpex-block wpex-float-left wpex-mb-5 theme-button minimal-border expanded has-bg-hover\"><span class=\"vcex-navbar-link-text\">Privacy Policy<\/span><\/a><a href=\"https:\/\/opranic.com\/return-policy\/\" class=\"vcex-navbar-link vcex-navbar-link--6068 wpex-block wpex-float-left wpex-mb-5 theme-button minimal-border expanded has-bg-hover\"><span class=\"vcex-navbar-link-text\">Return Policy<\/span><\/a><a href=\"https:\/\/opranic.com\/imprint\/\" class=\"vcex-navbar-link vcex-navbar-link--6057 wpex-block wpex-float-left wpex-mb-5 theme-button minimal-border expanded has-bg-hover\"><span class=\"vcex-navbar-link-text\">imprint<\/span><\/a><\/div><\/nav>[\/vc_column][vc_column width=&#8220;3\/4&#8243;]<h2 class=\"vcex-heading vcex-heading-plain vcex-module wpex-heading wpex-text-2xl\"><span class=\"vcex-heading-inner wpex-inline-block\">DATENSCHUTZPOLITIK<\/span><\/h2>[vc_column_text css=&#8220;&#8220;]\n<div class=\"vc_row wpb_row vc_row-fluid\">\n<div class=\"wpb_column vc_column_container vc_col-sm-12\">\n<div class=\"vc_column-inner\">\n<div class=\"wpb_wrapper\">\n<h1>Datenschutzbestimmungen<\/h1>\n<div class=\"toc\">\n<h2>Inhaltsverzeichnis<\/h2>\n<ol>\n<li><a href=\"#introduction\"><a href=\"#introduction\">Einf\u00fchrung und Kontaktinformationen des f\u00fcr die Verarbeitung Verantwortlichen<\/a><\/a><\/li>\n<li><a href=\"#data-collection\"><a href=\"#data-collection\">Datenerfassung beim Besuch unserer Website<\/a><\/a><\/li>\n<li><a href=\"#cookies\"><a href=\"#cookies\">Cookies<\/a><\/a><\/li>\n<li><a href=\"#contact\"><a href=\"#contact\">Kontaktieren Sie uns<\/a><\/a><\/li>\n<li><a href=\"#customer-account\"><a href=\"#customer-account\">Datenverarbeitung bei der Er\u00f6ffnung eines Kundenkontos<\/a><\/a><\/li>\n<li><a href=\"#direct-marketing\"><a href=\"#direct-marketing\">Verwendung von Kundendaten f\u00fcr Direktmarketing<\/a><\/a><\/li>\n<li><a href=\"#order-processing\"><a href=\"#order-processing\">Datenverarbeitung f\u00fcr die Auftragsabwicklung<\/a><\/a><\/li>\n<li><a href=\"#site-functionalities\"><a href=\"#site-functionalities\">Funktionalit\u00e4ten der Website<\/a><\/a><\/li>\n<li><a href=\"#tools\"><a href=\"#tools\">Werkzeuge und Sonstiges<\/a><\/a><\/li>\n<li><a href=\"#rights\"><a href=\"#rights\">Rechte der betroffenen Person<\/a><\/a><\/li>\n<li><a href=\"#storage-duration\"><a href=\"#storage-duration\">Dauer der Speicherung von pers\u00f6nlichen Daten<\/a><\/a><\/li>\n<\/ol>\n<\/div>\n<div id=\"introduction\" class=\"section\">\n<h2><\/h2>\n<h2>1) Einf\u00fchrung und Kontaktdaten des f\u00fcr die Verarbeitung Verantwortlichen<\/h2>\n<p>  1.1 Wir freuen uns, dass Sie unsere Website besuchen und danken Ihnen f\u00fcr Ihr Interesse. Diese Richtlinie informiert Sie \u00fcber den Umgang mit Ihren personenbezogenen Daten bei der Nutzung unserer Website. Personenbezogene Daten sind hierbei alle Daten, mit denen Sie pers\u00f6nlich identifiziert werden k\u00f6nnen. 1.2 Der Verantwortliche f\u00fcr die Datenverarbeitung auf dieser Website ist Opranic AB Box 2548 116 74 Stockholm Schweden Tel.: +46855920360 E-Mail: kontakt@opranic.se.  <\/p><\/div>\n<p>&nbsp;<\/p>\n<div id=\"data-collection\" class=\"section\">\n<h2>2) Datenerfassung beim Besuch unserer Website<\/h2>\n<p>  Wenn Sie unsere Website nur zu Informationszwecken nutzen, erheben wir nur Daten, die Ihr Browser an den Server der Website \u00fcbermittelt (Server-Log-Dateien).<br \/>\nDiese Daten umfassen:   <\/p>\n<ul>\n<li>Besuchte Website<\/li>\n<li>Datum und Uhrzeit des Zugriffs<\/li>\n<li>Menge der gesendeten Daten<\/li>\n<li>Quelle\/Link, von der Sie kommen<\/li>\n<li>Verwendeter Browser<\/li>\n<li>Verwendetes Betriebssystem<\/li>\n<li>IP-Adresse (in anonymisierter Form)<\/li>\n<\/ul>\n<p>  Die Verarbeitung erfolgt auf der Grundlage unseres berechtigten Interesses an der Verbesserung der Stabilit\u00e4t und Funktionalit\u00e4t unserer Website.<br \/>\nDie Daten werden nicht weitergegeben oder anderweitig verwendet, es sei denn, dies ist gesetzlich vorgeschrieben.   <\/p><\/div>\n<p>&nbsp;<\/p>\n<div id=\"cookies\" class=\"section\">\n<h2>3) Kekse<\/h2>\n<p>  Wir verwenden Cookies, um die Attraktivit\u00e4t unserer Website zu erh\u00f6hen und die Nutzung bestimmter Funktionen zu erm\u00f6glichen.<br \/>\nSie k\u00f6nnen Ihren Browser so einstellen, dass Sie \u00fcber das Setzen von Cookies informiert werden und individuell entscheiden, ob Sie diese akzeptieren m\u00f6chten.<br \/>\nBitte beachten Sie, dass bei der Nichtannahme von Cookies die Funktionalit\u00e4t unserer Website eingeschr\u00e4nkt sein kann.    <\/p><\/div>\n<p>&nbsp;<\/p>\n<div id=\"contact\" class=\"section\">\n<h2>4) Kontaktieren Sie uns<\/h2>\n<h3>4.1 WhatsApp Business<\/h3>\n<p>  Wir bieten Besuchern die M\u00f6glichkeit, uns \u00fcber WhatsApp zu kontaktieren.<br \/>\nWenn Sie uns \u00fcber WhatsApp kontaktieren, speichern und verwenden wir Ihre Handynummer und alle anderen Informationen, die Sie uns zur Verf\u00fcgung stellen, um Ihre Anfrage zu beantworten.<br \/>\nIhre Daten werden ausschlie\u00dflich f\u00fcr diesen Zweck verwendet und nicht an Dritte weitergegeben.<br \/>\nWeitere Informationen finden Sie in der Datenschutzrichtlinie von WhatsApp.     &nbsp;<\/p>\n<h3>4.2 Kontakt-Formular und E-Mail<\/h3>\n<p>  Wenn Sie uns per Kontaktformular oder E-Mail kontaktieren, werden Ihre personenbezogenen Daten ausschlie\u00dflich zur Beantwortung Ihrer Anfrage verarbeitet.<br \/>\nDie Rechtsgrundlage f\u00fcr diese Verarbeitung ist unser berechtigtes Interesse an der Beantwortung Ihrer Anfrage.<br \/>\nWenn Ihre Kontaktaufnahme auf einen Vertrag abzielt, ist die zus\u00e4tzliche Rechtsgrundlage f\u00fcr die Verarbeitung die Erf\u00fcllung dieses Vertrags.    <\/p><\/div>\n<p>&nbsp;<\/p>\n<div id=\"customer-account\" class=\"section\">\n<h2>5) Datenverarbeitung bei der Er\u00f6ffnung eines Kundenkontos<\/h2>\n<p>  Wenn Sie ein Kundenkonto er\u00f6ffnen, werden personenbezogene Daten erhoben und verarbeitet.<br \/>\nDiese Daten sind f\u00fcr die Erf\u00fcllung des Vertrages erforderlich.<br \/>\nSie k\u00f6nnen Ihr Kundenkonto jederzeit l\u00f6schen, indem Sie sich mit uns in Verbindung setzen.    <\/p><\/div>\n<p>&nbsp;<\/p>\n<div id=\"direct-marketing\" class=\"section\">\n<h2>6) Verwendung von Kundendaten f\u00fcr Direktmarketing<\/h2>\n<h3>6.1 Abonnieren Sie unseren E-Mail-Newsletter<\/h3>\n<p>  Wenn Sie unseren E-Mail-Newsletter abonnieren, senden wir Ihnen Informationen \u00fcber unsere Angebote.<br \/>\nSie k\u00f6nnen den Newsletter jederzeit \u00fcber den Link im Newsletter abbestellen.<br \/>\nWir verwenden das Double-Opt-In-Verfahren, um Ihr Abonnement zu verifizieren.    &nbsp;<\/p>\n<h3>6.2 Versenden des E-Mail-Newsletters an bestehende Kunden<\/h3>\n<p>  Wenn Sie uns beim Kauf von Waren oder Dienstleistungen Ihre E-Mail-Adresse mitgeteilt haben, k\u00f6nnen wir Ihnen Informationen \u00fcber \u00e4hnliche Waren oder Dienstleistungen zusenden.<br \/>\nSie k\u00f6nnen diese E-Mails jederzeit abbestellen.   &nbsp;<\/p>\n<h3>6.3 MailChimp<\/h3>\n<p>  Unsere E-Mail-Newsletter werden \u00fcber MailChimp versendet.<br \/>\nWeitere Informationen finden Sie in der Datenschutzrichtlinie von MailChimp.   <\/p><\/div>\n<p>&nbsp;<\/p>\n<div id=\"order-processing\" class=\"section\">\n<h2>7) Datenverarbeitung f\u00fcr die Auftragsabwicklung<\/h2>\n<p>  Zur Auftragsabwicklung geben wir Ihre Daten an Transportunternehmen und Zahlungsdienstleister wie Stripe weiter.<br \/>\nIhre Daten werden ausschlie\u00dflich f\u00fcr die Bearbeitung Ihrer Bestellung verwendet.<br \/>\nWeitere Einzelheiten finden Sie in den Datenschutzbestimmungen von Stripe.    <\/p><\/div>\n<p>&nbsp;<\/p>\n<div id=\"site-functionalities\" class=\"section\">\n<h2>8) Funktionalit\u00e4ten der Website<\/h2>\n<h3>8.1 Google Maps<\/h3>\n<p>  Wir verwenden Google Maps, um unseren Standort anzuzeigen und bei der Wegbeschreibung zu helfen.<br \/>\nWeitere Informationen finden Sie in den Datenschutzbestimmungen von Google.   &nbsp;<\/p>\n<h3>8.2 Google reCAPTCHA<\/h3>\n<p>  Wir verwenden Google reCAPTCHA, um zu \u00fcberpr\u00fcfen, ob die auf unserer Website eingegebenen Daten von einem Menschen stammen.<br \/>\nWeitere Informationen finden Sie in den Datenschutzrichtlinien von Google.   <\/p><\/div>\n<p>&nbsp;<\/p>\n<div id=\"tools\" class=\"section\">\n<h2>9) Werkzeuge und Sonstiges<\/h2>\n<p>  Wir verwenden ein Cookie-Zustimmungstool, um Ihre Zustimmung f\u00fcr Cookies einzuholen, die dies erfordern.<br \/>\nDadurch wird sichergestellt, dass Cookies nur gesetzt werden, wenn Sie zustimmen.   <\/p><\/div>\n<p>&nbsp;<\/p>\n<div id=\"rights\" class=\"section\">\n<h2>10) Rechte der betroffenen Person<\/h2>\n<p>  Sie haben das Recht dazu:  <\/p>\n<ul>\n<li>Zugriff auf Ihre pers\u00f6nlichen Daten.<\/li>\n<li>Korrigieren Sie ungenaue Daten.<\/li>\n<li>Die L\u00f6schung Ihrer Daten beantragen.<\/li>\n<li>die Verarbeitung Ihrer Daten einzuschr\u00e4nken oder ihr zu widersprechen.<\/li>\n<li>Daten\u00fcbertragbarkeit.<\/li>\n<li>Sie k\u00f6nnen Ihre Zustimmung jederzeit widerrufen.<\/li>\n<\/ul>\n<p>  Um diese Rechte auszu\u00fcben, kontaktieren Sie uns bitte unter der in dieser Richtlinie angegebenen Adresse.  <\/p><\/div>\n<p>&nbsp;<\/p>\n<div id=\"storage-duration\" class=\"section\">\n<h2>11) Dauer der Speicherung von pers\u00f6nlichen Daten<\/h2>\n<p>  Die Dauer der Speicherung von personenbezogenen Daten richtet sich nach der Rechtsgrundlage f\u00fcr die Verarbeitung und dem Zweck der Verarbeitung.<br \/>\nDie Daten werden gel\u00f6scht, wenn sie f\u00fcr die Zwecke, f\u00fcr die sie erhoben wurden, nicht mehr erforderlich sind.   <\/p><\/div>\n<\/div>\n<\/div>\n<\/div>\n<\/div>\n[\/vc_column_text][\/vc_column][\/vc_row]\n<\/div>","protected":false},"excerpt":{"rendered":"<p>[vc_row][vc_column width=&#8220;1\/4&#8243;][\/vc_column][vc_column width=&#8220;3\/4&#8243;][vc_column_text css=&#8220;&#8220;] Datenschutzbestimmungen Inhaltsverzeichnis Einf\u00fchrung und Kontaktinformationen des f\u00fcr die Verarbeitung Verantwortlichen Datenerfassung beim Besuch unserer Website Cookies Kontaktieren Sie uns Datenverarbeitung bei der Er\u00f6ffnung eines Kundenkontos Verwendung von Kundendaten f\u00fcr Direktmarketing Datenverarbeitung f\u00fcr die Auftragsabwicklung Funktionalit\u00e4ten der Website Werkzeuge und Sonstiges Rechte der betroffenen Person Dauer der Speicherung von pers\u00f6nlichen Daten 1)&hellip;<\/p>\n","protected":false},"author":1,"featured_media":0,"parent":0,"menu_order":0,"comment_status":"closed","ping_status":"closed","template":"","meta":{"_acf_changed":false,"inline_featured_image":false,"_joinchat":[],"footnotes":""},"class_list":["post-6111","page","type-page","status-publish","hentry","entry","no-media"],"acf":[],"_links":{"self":[{"href":"https:\/\/opranic.com\/de\/wp-json\/wp\/v2\/pages\/6111","targetHints":{"allow":["GET"]}}],"collection":[{"href":"https:\/\/opranic.com\/de\/wp-json\/wp\/v2\/pages"}],"about":[{"href":"https:\/\/opranic.com\/de\/wp-json\/wp\/v2\/types\/page"}],"author":[{"embeddable":true,"href":"https:\/\/opranic.com\/de\/wp-json\/wp\/v2\/users\/1"}],"replies":[{"embeddable":true,"href":"https:\/\/opranic.com\/de\/wp-json\/wp\/v2\/comments?post=6111"}],"version-history":[{"count":0,"href":"https:\/\/opranic.com\/de\/wp-json\/wp\/v2\/pages\/6111\/revisions"}],"wp:attachment":[{"href":"https:\/\/opranic.com\/de\/wp-json\/wp\/v2\/media?parent=6111"}],"curies":[{"name":"wp","href":"https:\/\/api.w.org\/{rel}","templated":true}]}}