{"id":8037,"date":"2023-09-23T21:57:30","date_gmt":"2023-09-23T19:57:30","guid":{"rendered":"https:\/\/opranic.com\/theorie-der-infrarotheizung\/"},"modified":"2024-07-17T12:02:14","modified_gmt":"2024-07-17T10:02:14","slug":"theorie-der-infrarotheizung","status":"publish","type":"page","link":"https:\/\/opranic.com\/de\/theorie-der-infrarotheizung\/","title":{"rendered":"Theorie der Infrarotheizung"},"content":{"rendered":"<div class=\"wpb-content-wrapper\">[vc_row][vc_column]<figure class=\"vcex-image vcex-module\"><div class=\"vcex-image-inner wpex-relative wpex-inline-block\"><img width=\"1500\" height=\"550\" src=\"https:\/\/opranic.com\/wp-content\/uploads\/2023\/09\/1500x550_theory-of-infrared-heat-opranic.jpg\" class=\"vcex-image-img wpex-align-middle\" alt=\"Opranische Theorie der Infrarotw\u00e4rme\" decoding=\"async\" srcset=\"https:\/\/opranic.com\/wp-content\/uploads\/2023\/09\/1500x550_theory-of-infrared-heat-opranic.jpg 1500w, https:\/\/opranic.com\/wp-content\/uploads\/2023\/09\/1500x550_theory-of-infrared-heat-opranic-300x110.jpg 300w, https:\/\/opranic.com\/wp-content\/uploads\/2023\/09\/1500x550_theory-of-infrared-heat-opranic-1024x375.jpg 1024w, https:\/\/opranic.com\/wp-content\/uploads\/2023\/09\/1500x550_theory-of-infrared-heat-opranic-768x282.jpg 768w\" sizes=\"(max-width: 1500px) 100vw, 1500px\" \/><\/div><\/figure>[\/vc_column][\/vc_row][vc_row][vc_column width=&#8220;1\/5&#8243;]<style>.vcex-navbar.vcex_69fac1663937d a.vcex-navbar-link{color:#ffffff;background:#ee9305;text-transform:uppercase;}.vcex-navbar.vcex_69fac1663937d a.vcex-navbar-link:is(:hover,.active){color:#ffffff;background:#d6d6d6;}.vcex-navbar.vcex_69fac1663937d a.vcex-navbar-link:is(:active,.active){color:#ffffff;background:#262626;}<\/style><nav class=\"vcex-navbar vcex-navbar--expanded vcex-module vcex_69fac1663937d\"><div class=\"vcex-navbar-inner wpex-clr\"><a href=\"https:\/\/opranic.com\/faq-infrared-heating\/\" class=\"vcex-navbar-link vcex-navbar-link--7842 wpex-block wpex-float-left wpex-mb-5 theme-button minimal-border expanded has-bg-hover\"><span class=\"vcex-navbar-link-text\">FAQ Infrared Heating<\/span><\/a><a href=\"https:\/\/opranic.com\/faq-indoor-infrared-heating\/\" class=\"vcex-navbar-link vcex-navbar-link--13477 wpex-block wpex-float-left wpex-mb-5 theme-button minimal-border expanded has-bg-hover\"><span class=\"vcex-navbar-link-text\">FAQ Indoor Infrared Heating<\/span><\/a><a href=\"https:\/\/opranic.com\/faq-outdoor-infrared-heating\/\" class=\"vcex-navbar-link vcex-navbar-link--13485 wpex-block wpex-float-left wpex-mb-5 theme-button minimal-border expanded has-bg-hover\"><span class=\"vcex-navbar-link-text\">FAQ Outdoor Infrared Heating<\/span><\/a><\/div><\/nav>[\/vc_column][vc_column width=&#8220;4\/5&#8243;]<style>.vcex-heading.vcex_69fac1663c52b{font-size:32px;text-transform:uppercase;}<\/style><h1 class=\"vcex-heading vcex-heading-plain vcex-module wpex-heading wpex-text-2xl vcex_69fac1663c52b\"><span class=\"vcex-heading-inner wpex-inline-block\">THEORIE DER INFRAROTHEIZUNG<\/span><\/h1><div class=\"vcex-spacing wpex-w-100 wpex-clear\" style=\"height:15px;\"><\/div>[vc_column_text]Die Theorie der Infrarotheizung beruht auf dem Prinzip der W\u00e4rmestrahlung und spiegelt die Art und Weise wider, wie die Sonne Infrarotstrahlen aussendet. Diese Strahlen legen eine beeindruckende Strecke von etwa 150 Millionen Kilometern durch die riesigen, kalten Weiten des Weltraums zur\u00fcck und erreichen die Erdoberfl\u00e4che. Dort angekommen, werden sie von verschiedenen Gegenst\u00e4nden absorbiert und in W\u00e4rme umgewandelt.<\/p>\n<h2>\u00dcBERBLICK \u00dcBER DIE GESCH\u00c4FTSF\u00dcHRUNG<\/h2>\n<p>Bevor wir uns n\u00e4her damit befassen, hier ein kurzer \u00dcberblick \u00fcber den weiteren Inhalt.<\/p>\n<h2>MITTELWELLE UND LANGWELLE: DIE OPTIMALEN WELLENL\u00c4NGEN<\/h2>\n<p>Sowohl die mittel- als auch die langwelligen Infrarot-Wellenl\u00e4ngen weisen hervorragende Eigenschaften auf, darunter eine hohe Absorptionsf\u00e4higkeit und minimale Reflexion. Vor allem dringt ihre Strahlung nicht tief in die Haut ein, was sie zu einer idealen Komfortheizung macht. Diese Wellenl\u00e4ngen sind, vor allem im Vergleich zur Kurzwellentechnologie, wesentlich effizienter. Die Eigenschaften von Mittel- und Langwellen machen sie zur besten Wahl f\u00fcr die Komfort-Strahlungsheizung.<\/p>\n<h2>DIE INTENSIT\u00c4T DER KURZWELLE<\/h2>\n<p>Kurzwellige Infrarotheizungen arbeiten mit extrem hohen Temperaturen und erzeugen intensive W\u00e4rme. Die W\u00e4rme einer kurzwelligen Infrarotheizung kann sich zwar aus einer Entfernung von 2-3 Metern w\u00e4rmer anf\u00fchlen, doch wird der gr\u00f6\u00dfte Teil der W\u00e4rme reflektiert und nicht vom Menschen aufgenommen. Es ist wichtig zu wissen, dass &#8222;w\u00e4rmer&#8220; nicht unbedingt gleichbedeutend ist mit &#8222;bequemer&#8220; oder &#8222;effizienter&#8220;. Ein gro\u00dfer Teil der Energie von kurzwelligen Heizger\u00e4ten geht aufgrund von starker Lichtemission, Reflexion und geringer Absorption verloren. Bei windigem Wetter ist die Intensit\u00e4t kurzwelliger Infrarotheizungen jedoch vorzuziehen, da sie den k\u00fchlenden Effekten des b\u00f6igen Windes effektiver entgegenwirken k\u00f6nnen als ihre lang- oder mittelwelligen Gegenst\u00fccke.<\/p>\n<h2>OPRANIC&#8217;S INNOVATIVE TECHNOLOGIE<\/h2>\n<p>Opranic bietet eine breite Palette von Infrarotheizungen an, die auf die verschiedenen Bed\u00fcrfnisse und Anwendungen zugeschnitten sind. F\u00fcr die Komfortheizung im Freien empfehlen wir unsere propriet\u00e4re Mittelwellentechnologie (entweder Classic oder IR-X), die bei einer Wellenl\u00e4nge von 2,4\u03bcm ihren H\u00f6hepunkt erreicht. Diese Technologie strahlt ein sanftes Gl\u00fchen aus und erf\u00fcllt die Kriterien f\u00fcr eine hochwertige Infrarotheizung, die f\u00fcr die menschliche W\u00e4rme bestimmt ist. F\u00fcr R\u00e4ume mit geringem Luftaustausch, wie z. B. in Innenr\u00e4umen oder geschlossenen R\u00e4umen, empfehlen wir unsere langwellige Strahlung (IR-C). Langwellige Strahlung eignet sich zwar f\u00fcr die Komfortheizung, ihre W\u00e4rmeintensit\u00e4t ist jedoch aufgrund ihrer niedrigeren Temperatur etwas geringer, so dass sie weniger wirksam gegen die k\u00fchlende Wirkung von Luftstr\u00f6mungen ist.<\/p>\n<p>F\u00fcr weitere Beratung oder Anfragen wenden Sie sich bitte an uns![\/vc_column_text][\/vc_column][\/vc_row][vc_row css=&#8220;.vc_custom_1695500848702{background-color: #f2f2f2 !important;}&#8220;][vc_column][vc_column_text css=&#8220;&#8220;]\n<h2>OPRANIC&#8217;s Leitfaden f\u00fcr die THEORIE DER INFRAROTHEIZUNG: Prinzipien und Vorteile<\/h2>\n<h2>Die drei Arten von W\u00e4rme<\/h2>\n<p>W\u00e4rme kann zwischen Objekten auf drei Arten \u00fcbertragen werden: durch Leitung, Konvektion und Strahlung.<\/p>\n<p>Bei der W\u00e4rmeleitung handelt es sich um die direkte \u00dcbertragung von W\u00e4rmeenergie zwischen zwei in Kontakt stehenden Materialien. Mit diesem Verfahren wird versucht, die Temperaturunterschiede zwischen den beiden Materialien auszugleichen. Konvektion ist die W\u00e4rme\u00fcbertragung, die durch Temperaturschwankungen innerhalb eines Fluids, z. B. einer Fl\u00fcssigkeit oder eines Gases, entsteht. Sie wird oft als der Energieaustausch zwischen einem Objekt und der umgebenden Luft beschrieben. Strahlung hingegen ist die direkte \u00dcbertragung von Strahlungsenergie von einer Strahlungsquelle auf ein Objekt, ohne dass ein Zwischenmedium erforderlich ist. \u00c4hnlich wie bei sichtbarem Licht bewegt sich die Strahlungsenergie direkt von der Quelle zum Ziel, ohne die dazwischen liegende Luft direkt zu erw\u00e4rmen.<\/p>\n<h3>EXPLORING INFRARED RADIATION mit OPRANIC<\/h3>\n<p>Das elektromagnetische Spektrum umfasst alle m\u00f6glichen Frequenzen der elektromagnetischen Strahlung. Dieses Spektrum umfasst Gammastrahlen, R\u00f6ntgenstrahlen, ultraviolette Strahlen, sichtbares Licht, infrarote Strahlen, Mikrowellen und Radiowellen. So wie die Sonne Energie abstrahlt, wird auch W\u00e4rmestrahlungsenergie in Form von elektromagnetischen Wellen im Infrarotbereich freigesetzt. Dieser Bereich grenzt an den Bereich des sichtbaren Lichts im elektromagnetischen Spektrum. Die Infrarotheizungen von OPRANIC funktionieren nach demselben Prinzip.<\/p>\n<h3>DIE VIELSEITIGKEIT DER INFRAROTHEIZUNG VON OPRANIC<\/h3>\n<p>Die Infrarotheizung nutzt die Kraft der Strahlungsw\u00e4rme\u00fcbertragung und heizt von unten nach oben, anstatt an der Decke zu beginnen. Diese Eigenschaft macht die Infrarotheizungen von OPRANIC zu einer kosteng\u00fcnstigen und effizienten L\u00f6sung f\u00fcr verschiedene Umgebungen, von Lagerhallen und Lagerr\u00e4umen bis hin zu gro\u00dfen Industrieanlagen.<\/p>\n<p>Bei optimaler Auslegung kann ein OPRANIC Infrarotheizsystem eine F\u00fclle von Vorteilen bieten, darunter eine erhebliche Reduzierung des Energieverbrauchs. Unabh\u00e4ngige Untersuchungen haben ergeben, dass im Vergleich zu herk\u00f6mmlichen Warmluftsystemen zwischen 20 und 50 % Brennstoff eingespart werden kann. OPRANIC Infrarotheizungen zeichnen sich als flexible Heizl\u00f6sung aus, die sich besonders f\u00fcr anspruchsvolle Heizszenarien eignet. Sie haben sich in R\u00e4umen mit hoher Luftinfiltration, in Geb\u00e4uden mit hohen Decken oder in Situationen, in denen gezieltes Heizen erw\u00fcnscht ist, bew\u00e4hrt.[\/vc_column_text][\/vc_column][\/vc_row][vc_row][vc_column][vc_column_text]\n<h2>INFRAROT-WELLENL\u00c4NGEN<\/h2>\n<p>Infrarot-Wellenl\u00e4ngen werden auf der Grundlage ihrer Temperaturbereiche und Wellenl\u00e4ngen, gemessen in Mikrometern, kategorisiert. Die Betriebstemperatur des Heizfadens eines Strahlers gibt an, zu welchem Typ von Infrarotheizung er geh\u00f6rt. Die geeignete Art der Heizstrahlung muss auf der Grundlage des Zielmaterials ausgew\u00e4hlt werden, da verschiedene Materialien unterschiedliche Absorptionsgrade aufweisen. Wenn die Infrarot-W\u00e4rmestrahlung nicht geeignet ist, wird nur ein Teil der W\u00e4rmestrahlung absorbiert, w\u00e4hrend der Rest entweder verschwendet oder reflektiert wird.<\/p>\n<h3>Kurzwelle (auch bekannt als IR-A oder Nahinfrarot)<\/h3>\n<ul>\n<li>Wellenl\u00e4ngen: 0,78 &#8211; 1,4\u03bcm<\/li>\n<li>Kurzwellige Infrarotheizungen arbeiten im Bereich von 780 nm bis 1.400 nm.<\/li>\n<li>Sie strahlen bei Temperaturen zwischen 1300\u00b0C und 2600\u00b0C und erzeugen ein helles sichtbares Licht.<\/li>\n<li>Bei den Strahlern handelt es sich in der Regel um mit Halogengas gef\u00fcllte Quarzr\u00f6hren, die von einem Reflektor begleitet werden, der die W\u00e4rme leitet.<\/li>\n<\/ul>\n<h3>Mittelwelle (auch bekannt als IR-B)<\/h3>\n<ul>\n<li>Wellenl\u00e4ngen: 1,4 &#8211; 3,0\u03bcm<\/li>\n<li>Mittelwellige Infrarotheizungen arbeiten zwischen 1.400 nm und 3.000 nm.<\/li>\n<li>Sie strahlen bei Temperaturen von 500\u00b0C bis 1300\u00b0C und erzeugen ein schwaches rotes Licht.<\/li>\n<li>Die Strahler bestehen h\u00e4ufig aus Quarz und werden mit einem Reflektor geliefert, der die W\u00e4rme in eine bestimmte Richtung lenkt.<\/li>\n<\/ul>\n<h3>Langwelle (auch bekannt als IR-C oder Ferninfrarot)<\/h3>\n<ul>\n<li>Wellenl\u00e4ngen: 3,0 &#8211; 1000\u03bcm<\/li>\n<li>Langwellige Infrarotheizungen arbeiten mit Wellenl\u00e4ngen \u00fcber 3.000 nm.<\/li>\n<li>Diese Heizger\u00e4te erzeugen viel niedrigere Temperaturen, in der Regel zwischen 100\u00b0C und 500\u00b0C, und erzeugen kein sichtbares Licht.<\/li>\n<\/ul>\n[\/vc_column_text][\/vc_column][\/vc_row][vc_row css=&#8220;.vc_custom_1695501089017{background-color: #f2f2f2 !important;}&#8220;][vc_column][vc_column_text]\n<h2>ABSORPTION VON INFRAROTSTRAHLUNG DURCH OPRANIC<\/h2>\n<p>Die W\u00e4rmeaufnahmef\u00e4higkeit von Materialien h\u00e4ngt von ihrer Zusammensetzung und Dicke ab. Damit eine Infrarotheizung, wie sie von OPRANIC angeboten wird, ein komfortables, effizientes und nat\u00fcrliches W\u00e4rmeerlebnis bietet, ist es entscheidend, die richtige Infrarot-Heiztechnologie zu w\u00e4hlen. Faktoren wie die Beschaffenheit des Zielmaterials, der Abstand zwischen Strahler und Ziel und die Dauer der W\u00e4rmeeinwirkung spielen eine entscheidende Rolle bei der Wahl des richtigen Infrarotheizungstyps.<\/p>\n<h3>MENSCHLICHE AUFNAHME MIT OPRANIC<\/h3>\n<p>Der Mensch besteht zu etwa 80 % aus Wasser. F\u00fcr einen optimalen Heizkomfort ist es wichtig, dass eine Infrarotheizung wie die von OPRANIC genau auf die Wellenl\u00e4ngen abgestimmt ist, die das Wasser am besten absorbiert und am wenigsten reflektiert. Das nachstehende Diagramm veranschaulicht die Beziehung zwischen Wellenl\u00e4nge und Absorption von Infrarotstrahlung durch Wasser. Dies deutet darauf hin, dass IR-B und IR-C, d. h. l\u00e4ngere Wellenl\u00e4ngen \u00fcber 2,0 \u03bcm, von der menschlichen Haut leichter absorbiert werden, was zu einer effektiveren Erw\u00e4rmung des Menschen durch diese mittleren und langen Wellenbereiche f\u00fchrt. Heizger\u00e4te, die IR-A ausstrahlen, k\u00f6nnen die Haut zwar immer noch erw\u00e4rmen, sind aber aufgrund ihrer geringeren Absorptionsf\u00e4higkeit weniger effizient.<\/p>\n<h3>REFLEKTIVIT\u00c4T UND DIE TECHNOLOGIE VON OPRANIC<\/h3>\n<p>Eine weitere einzigartige Eigenschaft der menschlichen Haut ist ihre F\u00e4higkeit, als nat\u00fcrliche Schutzma\u00dfnahme bestimmte Wellenl\u00e4ngen zu reflektieren. Die Reflexionsgrade f\u00fcr IR-A, IR-B und IR-C zeigen, dass IR-A einen hohen Reflexionsgrad hat, w\u00e4hrend IR-B und IR-C einen deutlich niedrigeren Reflexionsgrad aufweisen. Dies deutet darauf hin, dass IR-A zwar intensiv auf die Haut trifft, der gr\u00f6\u00dfte Teil der Strahlung jedoch reflektiert wird, was zu einer Energieverschwendung f\u00fchrt. Im Gegensatz dazu werden die Wellenl\u00e4ngen von IR-B und IR-C (mittel- und langwellig) von der Haut \u00fcberwiegend absorbiert und nur minimal reflektiert, was sie ideal f\u00fcr eine effiziente Komfortheizung macht.<\/p>\n<h3>EINDRINGTIEFE UND DIE SICHERHEITSSTANDARDS VON OPRANIC<\/h3>\n<p>Ein weiterer wichtiger Aspekt ist die Eindringtiefe dieser Wellenl\u00e4ngen in die Haut. Das Diagramm zeigt, dass Kurzwellenl\u00e4ngen tief in die Unterschichten der Haut eindringen. Trotz der nat\u00fcrlichen Abwehrmechanismen der Haut, zu denen eine verringerte Absorption und eine hohe Reflexion gegen kurzwellige Strahlung geh\u00f6ren, kann die intensive Strahlung kurzwelliger Heizger\u00e4te tief eindringen und den Alterungsprozess der Haut m\u00f6glicherweise beschleunigen. Andererseits dringen die mittel- und langwelligen Strahlen der OPRANIC-Heizger\u00e4te nicht so tief ein, was sie zu einer sichereren Wahl macht, die dem Alterungsprozess der Haut weniger schadet.[\/vc_column_text][\/vc_column][\/vc_row]\n<\/div>","protected":false},"excerpt":{"rendered":"<p>[vc_row][vc_column][\/vc_column][\/vc_row][vc_row][vc_column width=&#8220;1\/5&#8243;][\/vc_column][vc_column width=&#8220;4\/5&#8243;][vc_column_text]Die Theorie der Infrarotheizung beruht auf dem Prinzip der W\u00e4rmestrahlung und spiegelt die Art und Weise wider, wie die Sonne Infrarotstrahlen aussendet. Diese Strahlen legen eine beeindruckende Strecke von etwa 150 Millionen Kilometern durch die riesigen, kalten Weiten des Weltraums zur\u00fcck und erreichen die Erdoberfl\u00e4che. Dort angekommen, werden sie von verschiedenen Gegenst\u00e4nden absorbiert&hellip;<\/p>\n","protected":false},"author":1,"featured_media":0,"parent":0,"menu_order":0,"comment_status":"closed","ping_status":"closed","template":"","meta":{"_acf_changed":false,"inline_featured_image":false,"_joinchat":[],"footnotes":""},"class_list":["post-8037","page","type-page","status-publish","hentry","entry","no-media"],"acf":[],"_links":{"self":[{"href":"https:\/\/opranic.com\/de\/wp-json\/wp\/v2\/pages\/8037","targetHints":{"allow":["GET"]}}],"collection":[{"href":"https:\/\/opranic.com\/de\/wp-json\/wp\/v2\/pages"}],"about":[{"href":"https:\/\/opranic.com\/de\/wp-json\/wp\/v2\/types\/page"}],"author":[{"embeddable":true,"href":"https:\/\/opranic.com\/de\/wp-json\/wp\/v2\/users\/1"}],"replies":[{"embeddable":true,"href":"https:\/\/opranic.com\/de\/wp-json\/wp\/v2\/comments?post=8037"}],"version-history":[{"count":0,"href":"https:\/\/opranic.com\/de\/wp-json\/wp\/v2\/pages\/8037\/revisions"}],"wp:attachment":[{"href":"https:\/\/opranic.com\/de\/wp-json\/wp\/v2\/media?parent=8037"}],"curies":[{"name":"wp","href":"https:\/\/api.w.org\/{rel}","templated":true}]}}