{"id":8049,"date":"2023-09-24T12:33:29","date_gmt":"2023-09-24T10:33:29","guid":{"rendered":"https:\/\/opranic.com\/vorteile-einer-infrarotheizung-fuer-innenraeume\/"},"modified":"2024-07-27T21:40:59","modified_gmt":"2024-07-27T19:40:59","slug":"vorteile-einer-infrarotheizung-fuer-innenraeume","status":"publish","type":"page","link":"https:\/\/opranic.com\/de\/vorteile-einer-infrarotheizung-fuer-innenraeume\/","title":{"rendered":"VORTEILE DER INFRAROTHEIZUNG F\u00dcR INNENR\u00c4UME"},"content":{"rendered":"<div class=\"wpb-content-wrapper\">[vc_row][vc_column]<figure class=\"vcex-image vcex-module\"><div class=\"vcex-image-inner wpex-relative wpex-inline-block\"><img width=\"1500\" height=\"550\" src=\"https:\/\/opranic.com\/wp-content\/uploads\/2023\/09\/1500x550_advantages_infrared-1.jpg\" class=\"vcex-image-img wpex-align-middle\" alt=\"Opranic - P6H900 im Wohnzimmer\" decoding=\"async\" srcset=\"https:\/\/opranic.com\/wp-content\/uploads\/2023\/09\/1500x550_advantages_infrared-1.jpg 1500w, https:\/\/opranic.com\/wp-content\/uploads\/2023\/09\/1500x550_advantages_infrared-1-300x110.jpg 300w, https:\/\/opranic.com\/wp-content\/uploads\/2023\/09\/1500x550_advantages_infrared-1-1024x375.jpg 1024w, https:\/\/opranic.com\/wp-content\/uploads\/2023\/09\/1500x550_advantages_infrared-1-768x282.jpg 768w\" sizes=\"(max-width: 1500px) 100vw, 1500px\" \/><\/div><\/figure>[\/vc_column][\/vc_row][vc_row][vc_column width=&#8220;1\/5&#8243;]<style>.vcex-navbar.vcex_6a09e6b81b5e5 a.vcex-navbar-link{color:#ffffff;background:#ee9305;text-transform:uppercase;}.vcex-navbar.vcex_6a09e6b81b5e5 a.vcex-navbar-link:is(:hover,.active){color:#ffffff;background:#d6d6d6;}.vcex-navbar.vcex_6a09e6b81b5e5 a.vcex-navbar-link:is(:active,.active){color:#ffffff;background:#262626;}<\/style><nav class=\"vcex-navbar vcex-navbar--expanded vcex-module vcex_6a09e6b81b5e5\"><div class=\"vcex-navbar-inner wpex-clr\"><a href=\"https:\/\/opranic.com\/faq-infrared-heating\/\" class=\"vcex-navbar-link vcex-navbar-link--7842 wpex-block wpex-float-left wpex-mb-5 theme-button minimal-border expanded has-bg-hover\"><span class=\"vcex-navbar-link-text\">FAQ Infrared Heating<\/span><\/a><a href=\"https:\/\/opranic.com\/faq-indoor-infrared-heating\/\" class=\"vcex-navbar-link vcex-navbar-link--13477 wpex-block wpex-float-left wpex-mb-5 theme-button minimal-border expanded has-bg-hover\"><span class=\"vcex-navbar-link-text\">FAQ Indoor Infrared Heating<\/span><\/a><a href=\"https:\/\/opranic.com\/faq-outdoor-infrared-heating\/\" class=\"vcex-navbar-link vcex-navbar-link--13485 wpex-block wpex-float-left wpex-mb-5 theme-button minimal-border expanded has-bg-hover\"><span class=\"vcex-navbar-link-text\">FAQ Outdoor Infrared Heating<\/span><\/a><\/div><\/nav>[\/vc_column][vc_column width=&#8220;4\/5&#8243;]<style>.vcex-heading.vcex_6a09e6b81e644{font-size:32px;text-transform:uppercase;}<\/style><h1 class=\"vcex-heading vcex-heading-plain vcex-module wpex-heading wpex-text-2xl vcex_6a09e6b81e644\"><span class=\"vcex-heading-inner wpex-inline-block\">VORTEILE DER INFRAROTHEIZUNG F\u00dcR INNENR\u00c4UME<\/span><\/h1><div class=\"vcex-spacing wpex-w-100 wpex-clear\" style=\"height:10px;\"><\/div>[vc_column_text]<span style=\"font-size: 16px;\">Effiziente Infrarotheizungen f\u00fcr Innenr\u00e4ume bieten einen \u00fcberlegenen Ansatz f\u00fcr W\u00e4rme. Anstatt wie herk\u00f6mmliche Heizger\u00e4te Energie f\u00fcr die Erw\u00e4rmung der Luft zu verschwenden, strahlt unsere Technologie W\u00e4rmewellen direkt auf Personen und Gegenst\u00e4nde ab und sorgt so f\u00fcr minimale W\u00e4rmeverluste und ein behagliches Raumklima.<\/span>[\/vc_column_text]<div class=\"vcex-spacing wpex-w-100 wpex-clear\" style=\"height:20px;\"><\/div><style>.vcex-heading.vcex_6a09e6b81f1cb{text-transform:uppercase;}<\/style><h2 class=\"vcex-heading vcex-heading-plain vcex-module wpex-heading wpex-text-2xl vcex_6a09e6b81f1cb\"><span class=\"vcex-heading-inner wpex-inline-block\">INFRAROTHEIZUNG VS. KONVEKTIONSHEIZUNG KONVEKTIONSHEIZUNG: DIE FUNKTIONSWEISE IM VERGLEICH<\/span><\/h2>[vc_column_text]Der Prozess der Erw\u00e4rmung der gesamten Raumluft mit einer herk\u00f6mmlichen Heizung ist ineffizient. Die Erw\u00e4rmung der gesamten Luft erfordert mehr Zeit und Energie als eine Infrarotheizung. Bei herk\u00f6mmlichen Heizk\u00f6rpern geht viel Energie verloren, weil nur wenig warme Luft den Menschen erreicht. Obwohl ein Teil der W\u00e4rmewellen auch die Umgebungsluft erw\u00e4rmt, wirkt die Infrarotheizung haupts\u00e4chlich auf die direkte Erw\u00e4rmung der Objekte. Luft hat keine gro\u00dfe Masse. Hitzewellen \u00fcbertragen ihre thermische Energie haupts\u00e4chlich auf Objekte im Raum, wie Menschen, M\u00f6bel und andere Objekte mit gr\u00f6\u00dferer Masse. Diese Methode unterscheidet sich von herk\u00f6mmlichen Heizungen wie Gasheizungen oder elektrischen Lufterhitzern. Die elektrische Infrarotheizung bringt sofortige und vielseitige W\u00e4rme, vor allem an Orten, die nicht st\u00e4ndig beheizt werden m\u00fcssen. Durch die Erw\u00e4rmung mit Infrarot liefern sie schnelle W\u00e4rme durch direkte W\u00e4rmewellen und machen Sie in Minutenschnelle w\u00e4rmer. Infrarotheizungen sind auch allergikerfreundlich, da sie keine Luft und keinen Staub umw\u00e4lzen, die Allergene st\u00f6ren k\u00f6nnten. Dies ist eine gute Option f\u00fcr Menschen mit Allergien. Au\u00dferdem arbeiten diese elektrischen Heizk\u00f6rper v\u00f6llig ohne Treibhausgasemissionen, was sie zu umweltfreundlichen Heizl\u00f6sungen macht.[\/vc_column_text][\/vc_column][\/vc_row][vc_row][vc_column width=&#8220;1\/4&#8243;]<figure class=\"vcex-image vcex-module wpex-text-left\"><div class=\"vcex-image-inner wpex-relative wpex-inline-block\"><img width=\"300\" height=\"300\" src=\"https:\/\/opranic.com\/wp-content\/uploads\/2023\/09\/300x300-opranic-panel-infrared-heater-woman-with-phone.jpg\" class=\"vcex-image-img wpex-align-middle\" alt=\"p5 serie infrarotheizungen opranic\" decoding=\"async\" srcset=\"https:\/\/opranic.com\/wp-content\/uploads\/2023\/09\/300x300-opranic-panel-infrared-heater-woman-with-phone.jpg 300w, https:\/\/opranic.com\/wp-content\/uploads\/2023\/09\/300x300-opranic-panel-infrared-heater-woman-with-phone-100x100.jpg 100w\" sizes=\"(max-width: 300px) 100vw, 300px\" \/><\/div><\/figure><div class=\"vcex-spacing wpex-w-100 wpex-clear\"><\/div><style>.vcex-heading.vcex_6a09e6b820ba5{text-transform:uppercase;}<\/style><h2 class=\"vcex-heading vcex-heading-plain vcex-module wpex-heading wpex-text-2xl vcex_6a09e6b820ba5\"><span class=\"vcex-heading-inner wpex-inline-block\">Sofortige und vielseitige W\u00e4rme<\/span><\/h2>[vc_column_text]Elektrische Infrarotheizungen sind hervorragende Quellen f\u00fcr sofortige und vielseitige W\u00e4rme, vor allem an Orten, die keine kontinuierliche Heizung ben\u00f6tigen. Diese Heizpaneele k\u00f6nnen auch als Zusatzheizung dienen, um Energie zu sparen und gleichzeitig gezielt W\u00e4rme zu liefern. Infrarotheizungen, die auf dem Boden stehen, funktionieren gut, weil sie direkt und gezielt heizen. Dies hilft, Energie zu sparen, erm\u00f6glicht eine gleichm\u00e4\u00dfige W\u00e4rmeverteilung und verhindert W\u00e4rmeverluste. Dies macht Infrarot-Heizpaneele zu einer kosteng\u00fcnstigen und effizienten Wahl f\u00fcr Heizl\u00f6sungen.[\/vc_column_text][\/vc_column][vc_column width=&#8220;1\/4&#8243;]<figure class=\"vcex-image vcex-module wpex-text-left\"><div class=\"vcex-image-inner wpex-relative wpex-inline-block\"><img width=\"300\" height=\"300\" src=\"https:\/\/opranic.com\/wp-content\/uploads\/2023\/09\/300x300-opranic-panel-infrared-heater-chair.jpg\" class=\"vcex-image-img wpex-align-middle\" alt=\"Infrarotheizungen der Serie Opranic P5 mit Stuhl\" decoding=\"async\" srcset=\"https:\/\/opranic.com\/wp-content\/uploads\/2023\/09\/300x300-opranic-panel-infrared-heater-chair.jpg 300w, https:\/\/opranic.com\/wp-content\/uploads\/2023\/09\/300x300-opranic-panel-infrared-heater-chair-100x100.jpg 100w\" sizes=\"(max-width: 300px) 100vw, 300px\" \/><\/div><\/figure><div class=\"vcex-spacing wpex-w-100 wpex-clear\"><\/div><style>.vcex-heading.vcex_6a09e6b8225a9{text-transform:uppercase;}<\/style><h2 class=\"vcex-heading vcex-heading-plain vcex-module wpex-heading wpex-text-2xl vcex_6a09e6b8225a9\"><span class=\"vcex-heading-inner wpex-inline-block\">L\u00e4nger anhaltende W\u00e4rme<\/span><\/h2>[vc_column_text]Selbst wenn die Infrarotstrahler ausgeschaltet sind, strahlt die W\u00e4rme noch von den W\u00e4nden und B\u00f6den ab. Das liegt daran, dass erw\u00e4rmte Gegenst\u00e4nde nach dem Strahlungsprinzip W\u00e4rme abgeben. Die F\u00e4higkeit der Infrarotw\u00e4rme, lang anhaltende W\u00e4rme ohne aktiven Energieverbrauch zu erzeugen, tr\u00e4gt zu ihrer Effizienz bei.[\/vc_column_text][\/vc_column][vc_column width=&#8220;1\/4&#8243;]<figure class=\"vcex-image vcex-module wpex-text-left\"><div class=\"vcex-image-inner wpex-relative wpex-inline-block\"><img width=\"300\" height=\"300\" src=\"https:\/\/opranic.com\/wp-content\/uploads\/2023\/09\/300x300-opranic-panel-infrared-heater-heat.jpg\" class=\"vcex-image-img wpex-align-middle\" alt=\"Opranic - P-Serie gleichm\u00e4\u00dfige W\u00e4rme\" decoding=\"async\" srcset=\"https:\/\/opranic.com\/wp-content\/uploads\/2023\/09\/300x300-opranic-panel-infrared-heater-heat.jpg 300w, https:\/\/opranic.com\/wp-content\/uploads\/2023\/09\/300x300-opranic-panel-infrared-heater-heat-100x100.jpg 100w\" sizes=\"(max-width: 300px) 100vw, 300px\" \/><\/div><\/figure><div class=\"vcex-spacing wpex-w-100 wpex-clear\"><\/div><style>.vcex-heading.vcex_6a09e6b823f78{text-transform:uppercase;}<\/style><h2 class=\"vcex-heading vcex-heading-plain vcex-module wpex-heading wpex-text-2xl vcex_6a09e6b823f78\"><span class=\"vcex-heading-inner wpex-inline-block\">GLEICHM\u00c4SSIGE W\u00c4RMEVERTEILUNG<\/span><\/h2>[vc_column_text]Die OPRANIC-Heizdrahttechnologie verhindert die Bildung von gef\u00e4hrlichen Hot Spots und sorgt f\u00fcr eine gleichm\u00e4\u00dfige Verteilung der Strahlungsw\u00e4rme. Mit hochwertigen Heizwiderst\u00e4nden, die sowohl auf der gesamten Oberfl\u00e4che als auch an den Au\u00dfenkanten der Infrarotheizung eingebettet sind, bieten die elektrischen Infrarotheizungen von OPRANIC eine energiesparende und dennoch au\u00dfergew\u00f6hnliche Leistung.[\/vc_column_text][\/vc_column][vc_column width=&#8220;1\/4&#8243;]<figure class=\"vcex-image vcex-module wpex-text-left\"><div class=\"vcex-image-inner wpex-relative wpex-inline-block\"><img width=\"300\" height=\"300\" src=\"https:\/\/opranic.com\/wp-content\/uploads\/2023\/09\/300x300-opranic-panel-infrared-heat.jpg\" class=\"vcex-image-img wpex-align-middle\" alt=\"Opranische Fl\u00e4chenheizungen Strahlung\" decoding=\"async\" srcset=\"https:\/\/opranic.com\/wp-content\/uploads\/2023\/09\/300x300-opranic-panel-infrared-heat.jpg 300w, https:\/\/opranic.com\/wp-content\/uploads\/2023\/09\/300x300-opranic-panel-infrared-heat-100x100.jpg 100w\" sizes=\"(max-width: 300px) 100vw, 300px\" \/><\/div><\/figure><div class=\"vcex-spacing wpex-w-100 wpex-clear\"><\/div><style>.vcex-heading.vcex_6a09e6b8256d7{text-transform:uppercase;}<\/style><h2 class=\"vcex-heading vcex-heading-plain vcex-module wpex-heading wpex-text-2xl vcex_6a09e6b8256d7\"><span class=\"vcex-heading-inner wpex-inline-block\">Effiziente direkte Hitzewellen<\/span><\/h2>[vc_column_text]Warme Luft kann durch offene T\u00fcren, Fenster und Zugluft aus einem Raum entweichen. Dies f\u00fchrt zu W\u00e4rmeverlusten und der Notwendigkeit einer konstanten Beheizung f\u00fcr konventionelle Heizungen. Warme Luft neigt au\u00dferdem dazu, aufzusteigen, was zu einer ungleichm\u00e4\u00dfigen Temperaturverteilung im Raum f\u00fchrt. Die meiste W\u00e4rme staut sich in der N\u00e4he der Decke, w\u00e4hrend die unteren Bereiche k\u00fchler bleiben. Im Gegensatz dazu strahlen Infrarotheizungen Infrarotwellen aus, die Gegenst\u00e4nde und Personen in ihrem Bereich direkt erw\u00e4rmen. Diese Methode der gezielten Strahlungsw\u00e4rme heizt direkt, ohne die gesamte Luft zu erw\u00e4rmen, und ist daher effizienter und energiesparender. Selbst in zugigen R\u00e4umen bleiben Infrarotheizungen effektiv, da feste Gegenst\u00e4nde die aufgenommene W\u00e4rme speichern und so nur wenig Energie verschwenden.[\/vc_column_text][\/vc_column][\/vc_row][vc_row gap=&#8220;10&#8243;][vc_column width=&#8220;1\/2&#8243; css=&#8220;.vc_custom_1695575275148{margin-right: 40px !important;padding-right: 20px !important;padding-bottom: 20px !important;padding-left: 20px !important;background-color: #f2f2f2 !important;}&#8220;]<div class=\"vcex-spacing wpex-w-100 wpex-clear\"><\/div><h2 class=\"vcex-heading vcex-heading-plain vcex-module wpex-heading wpex-text-2xl\"><span class=\"vcex-heading-inner wpex-inline-block\">DIE INFRAROTHEIZUNG BIETET MEHRERE VORTEILE<\/span><\/h2>[vc_column_text]\n<h2>VORTEILE DER INFRAROTHEIZUNG<\/h2>\n<ul>\n<li><strong>Schnelle W\u00e4rme<\/strong>: Direkte W\u00e4rmeabgabe sorgt f\u00fcr sofortigen Komfort.<\/li>\n<li><strong>Zonensteuerung<\/strong>: In bestimmten Bereichen installieren, um Energie zu sparen.<\/li>\n<li><strong>Energiesparend<\/strong>: Direktes Heizen reduziert W\u00e4rmeverluste und Energieverbrauch.<\/li>\n<li><strong>Allergenfrei<\/strong>: Keine Luftzirkulation bedeutet weniger Allergene, was Allergikern zugute kommt.<\/li>\n<\/ul>\n<h3><strong>Natur der Infrarotheizung<\/strong><\/h3>\n<p>  Alles, auch der Mensch, gibt elektromagnetische Strahlung ab. Elektrische Infrarotheizungen sind nat\u00fcrlich und spiegeln die W\u00e4rme der Sonne, eines Kohlefeuers und unserer K\u00f6rperw\u00e4rme wider. Mit Infrarotheizungen erhalten Sie sonnen\u00e4hnliche W\u00e4rme ohne sch\u00e4dliche UV-Strahlen.  <\/p>\n<h3><strong>Warum effiziente Infrarotheizungen w\u00e4hlen?<\/strong><\/h3>\n<ul>\n<li><strong>Zugluftige R\u00e4ume<\/strong>: Ideal f\u00fcr R\u00e4ume mit Zugluft, hohen Decken oder schlechter Isolierung. Im Gegensatz zu herk\u00f6mmlichen Heizungen, die die Luft erw\u00e4rmen, sind Infrarotheizungen in zugigen R\u00e4umen effektiver und wirtschaftlicher.<\/li>\n<li><strong>Sofortige W\u00e4rme<\/strong>: Sie liefern sofort W\u00e4rme und eignen sich daher hervorragend f\u00fcr selten genutzte R\u00e4ume oder als zus\u00e4tzliche W\u00e4rmequelle an k\u00fchlen Tagen. Sie sind besonders praktisch im Badezimmer, wenn es schnell warm werden soll.<\/li>\n<li><strong>Schimmelpr\u00e4vention<\/strong>: Infrarotstrahlen trocknen feuchte W\u00e4nde und verhindern Schimmel in beheizten R\u00e4umen.<\/li>\n<li><strong>Verbesserte Luftqualit\u00e4t<\/strong>: Im Gegensatz zu herk\u00f6mmlichen Heizungen, die Staub aufwirbeln, halten die Infrarotheizungen von OPRANIC die Luftfeuchtigkeit stabil, was Allergikern zugute kommt.<\/li>\n<li><strong>Umweltfreundlich &amp; leise<\/strong>: OPRANIC-Heizger\u00e4te sind ressourceneffizient, emissionsfrei und leise und tragen so zu einer gr\u00fcneren Zukunft bei.<\/li>\n<li><strong>Problemlose Einrichtung und Pflege<\/strong>: Die elektrischen Infrarotheizungen von OPRANIC sind einfach zu installieren und wartungsarm.<\/li>\n<\/ul>\n[\/vc_column_text][\/vc_column][vc_column width=&#8220;1\/2&#8243;]<style>.vcex-heading.vcex_6a09e6b8268b4{text-transform:uppercase;}<\/style><h2 class=\"vcex-heading vcex-heading-plain vcex-module wpex-heading wpex-text-2xl vcex_6a09e6b8268b4\"><span class=\"vcex-heading-inner wpex-inline-block\">Infrarot-Heizungsstudie der Universit\u00e4ten Leeds Beckett und Salford, UK<\/span><\/h2>[vc_column_text]Energieexperten der Universit\u00e4ten Leeds Beckett und Salford erforschen Infrarotheizungen f\u00fcr H\u00e4user. Sie untersuchen die Vorteile von Infrarot-Heizpaneelen. Da das Vereinigte K\u00f6nigreich eine Netto-Null-Emission anstrebt, werden auch andere Heizungsoptionen in Betracht gezogen. Dazu geh\u00f6ren Luft-Wasser-W\u00e4rmepumpen, Wasserstoffheizkessel, Nachtspeicherheizungen und elektrische Heizk\u00f6rper. F\u00fcr den \u00dcbergang zu Netto-Null-Emissionen kann eine Mischung dieser Alternativen erforderlich sein. Professor Glew erkl\u00e4rt: &#8222;Infrarotheizungen sind elektrische Heizpaneele, die einen Teil ihrer W\u00e4rme im Infrarotbereich abstrahlen. Die Theorie besagt, dass der Benutzer das gesamte Haus auf eine niedrigere Temperatur als normal heizen kann, die aber immer noch angenehm ist. Das Ziel dieses Projekts ist es, robuste Beweise daf\u00fcr zu liefern, ob diese Theorie in der Praxis in den H\u00e4usern der Menschen umgesetzt werden kann, was zu einem geringeren Energieverbrauch, niedrigeren Heizkosten und weniger Kohlenstoffemissionen f\u00fchren k\u00f6nnte.&#8220;  <a href=\"https:\/\/www.leedsbeckett.ac.uk\/news\/2023\/05\/infrared-heating-systems-research\/\" target=\"_blank\" rel=\"noopener\">Heizen von H\u00e4usern mit Infrarotsystemen &#8211; neue Forschungsergebnisse f\u00fcr die Net Zero Mission der Regierung | Leeds Beckett University<\/a>[\/vc_column_text]<figure class=\"vcex-image vcex-module\"><div class=\"vcex-image-inner wpex-relative wpex-inline-block\"><img width=\"1280\" height=\"720\" src=\"https:\/\/opranic.com\/wp-content\/uploads\/2023\/08\/maxresdefault.jpg\" class=\"vcex-image-img wpex-align-middle\" alt=\"Leeds Beckett- und Salford-Universit\u00e4ten\" decoding=\"async\" srcset=\"https:\/\/opranic.com\/wp-content\/uploads\/2023\/08\/maxresdefault.jpg 1280w, https:\/\/opranic.com\/wp-content\/uploads\/2023\/08\/maxresdefault-300x169.jpg 300w, https:\/\/opranic.com\/wp-content\/uploads\/2023\/08\/maxresdefault-1024x576.jpg 1024w, https:\/\/opranic.com\/wp-content\/uploads\/2023\/08\/maxresdefault-768x432.jpg 768w\" sizes=\"(max-width: 1280px) 100vw, 1280px\" \/><\/div><\/figure>[\/vc_column][\/vc_row]\n<\/div>","protected":false},"excerpt":{"rendered":"<p>[vc_row][vc_column][\/vc_column][\/vc_row][vc_row][vc_column width=&#8220;1\/5&#8243;][\/vc_column][vc_column width=&#8220;4\/5&#8243;][vc_column_text]Effiziente Infrarotheizungen f\u00fcr Innenr\u00e4ume bieten einen \u00fcberlegenen Ansatz f\u00fcr W\u00e4rme. Anstatt wie herk\u00f6mmliche Heizger\u00e4te Energie f\u00fcr die Erw\u00e4rmung der Luft zu verschwenden, strahlt unsere Technologie W\u00e4rmewellen direkt auf Personen und Gegenst\u00e4nde ab und sorgt so f\u00fcr minimale W\u00e4rmeverluste und ein behagliches Raumklima.[\/vc_column_text][vc_column_text]Der Prozess der Erw\u00e4rmung der gesamten Raumluft mit einer herk\u00f6mmlichen Heizung ist&hellip;<\/p>\n","protected":false},"author":1,"featured_media":0,"parent":0,"menu_order":0,"comment_status":"closed","ping_status":"closed","template":"","meta":{"_acf_changed":false,"inline_featured_image":false,"_joinchat":[],"footnotes":""},"class_list":["post-8049","page","type-page","status-publish","hentry","entry","no-media"],"acf":[],"_links":{"self":[{"href":"https:\/\/opranic.com\/de\/wp-json\/wp\/v2\/pages\/8049","targetHints":{"allow":["GET"]}}],"collection":[{"href":"https:\/\/opranic.com\/de\/wp-json\/wp\/v2\/pages"}],"about":[{"href":"https:\/\/opranic.com\/de\/wp-json\/wp\/v2\/types\/page"}],"author":[{"embeddable":true,"href":"https:\/\/opranic.com\/de\/wp-json\/wp\/v2\/users\/1"}],"replies":[{"embeddable":true,"href":"https:\/\/opranic.com\/de\/wp-json\/wp\/v2\/comments?post=8049"}],"version-history":[{"count":0,"href":"https:\/\/opranic.com\/de\/wp-json\/wp\/v2\/pages\/8049\/revisions"}],"wp:attachment":[{"href":"https:\/\/opranic.com\/de\/wp-json\/wp\/v2\/media?parent=8049"}],"curies":[{"name":"wp","href":"https:\/\/api.w.org\/{rel}","templated":true}]}}