{"id":8061,"date":"2023-09-24T20:15:03","date_gmt":"2023-09-24T18:15:03","guid":{"rendered":"https:\/\/opranic.com\/effiziente-heizung-im-freien\/"},"modified":"2023-10-05T21:21:58","modified_gmt":"2023-10-05T19:21:58","slug":"effiziente-heizung-im-freien","status":"publish","type":"page","link":"https:\/\/opranic.com\/de\/effiziente-heizung-im-freien\/","title":{"rendered":"Effiziente Heizung im Freien"},"content":{"rendered":"<div class=\"wpb-content-wrapper\">[vc_row][vc_column]<figure class=\"vcex-image vcex-module\"><div class=\"vcex-image-inner wpex-relative wpex-inline-block\"><img width=\"1500\" height=\"550\" src=\"https:\/\/opranic.com\/wp-content\/uploads\/2023\/09\/1500x550_outdoor-restaurant-opranic.jpg\" class=\"vcex-image-img wpex-align-middle\" alt=\"Effizientes Heizen im Freien mit Opranic\" decoding=\"async\" srcset=\"https:\/\/opranic.com\/wp-content\/uploads\/2023\/09\/1500x550_outdoor-restaurant-opranic.jpg 1500w, https:\/\/opranic.com\/wp-content\/uploads\/2023\/09\/1500x550_outdoor-restaurant-opranic-300x110.jpg 300w, https:\/\/opranic.com\/wp-content\/uploads\/2023\/09\/1500x550_outdoor-restaurant-opranic-1024x375.jpg 1024w, https:\/\/opranic.com\/wp-content\/uploads\/2023\/09\/1500x550_outdoor-restaurant-opranic-768x282.jpg 768w\" sizes=\"(max-width: 1500px) 100vw, 1500px\" \/><\/div><\/figure>[\/vc_column][\/vc_row][vc_row][vc_column width=&#8220;1\/5&#8243;]<style>.vcex-navbar.vcex_69fa8f8d050b9 a.vcex-navbar-link{color:#ffffff;background:#ee9305;text-transform:uppercase;}.vcex-navbar.vcex_69fa8f8d050b9 a.vcex-navbar-link:is(:hover,.active){color:#ffffff;background:#d6d6d6;}.vcex-navbar.vcex_69fa8f8d050b9 a.vcex-navbar-link:is(:active,.active){color:#ffffff;background:#262626;}<\/style><nav class=\"vcex-navbar vcex-navbar--expanded vcex-module vcex_69fa8f8d050b9\"><div class=\"vcex-navbar-inner wpex-clr\"><a href=\"https:\/\/opranic.com\/faq-infrared-heating\/\" class=\"vcex-navbar-link vcex-navbar-link--7842 wpex-block wpex-float-left wpex-mb-5 theme-button minimal-border expanded has-bg-hover\"><span class=\"vcex-navbar-link-text\">FAQ Infrared Heating<\/span><\/a><a href=\"https:\/\/opranic.com\/faq-indoor-infrared-heating\/\" class=\"vcex-navbar-link vcex-navbar-link--13477 wpex-block wpex-float-left wpex-mb-5 theme-button minimal-border expanded has-bg-hover\"><span class=\"vcex-navbar-link-text\">FAQ Indoor Infrared Heating<\/span><\/a><a href=\"https:\/\/opranic.com\/faq-outdoor-infrared-heating\/\" class=\"vcex-navbar-link vcex-navbar-link--13485 wpex-block wpex-float-left wpex-mb-5 theme-button minimal-border expanded has-bg-hover\"><span class=\"vcex-navbar-link-text\">FAQ Outdoor Infrared Heating<\/span><\/a><\/div><\/nav>[\/vc_column][vc_column width=&#8220;4\/5&#8243;]<style>.vcex-heading.vcex_69fa8f8d07c06{font-size:32px;text-transform:uppercase;}<\/style><h1 class=\"vcex-heading vcex-heading-plain vcex-module wpex-heading wpex-text-2xl vcex_69fa8f8d07c06\"><span class=\"vcex-heading-inner wpex-inline-block\">Effiziente Heizung im Freien<\/span><\/h1>[vc_column_text]\n<h2>Opranic: Wegweisend f\u00fcr effizientes Heizen im Freien mit fortschrittlicher Heiztechnologie und skandinavischem Design<\/h2>\n<p>In der heutigen, sich schnell entwickelnden technologischen Landschaft hat die Suche nach effizienten Heizl\u00f6sungen f\u00fcr den Au\u00dfenbereich zu bedeutenden Fortschritten gef\u00fchrt. Herk\u00f6mmliche Heizmethoden, die einst die Hauptst\u00fctze f\u00fcr die W\u00e4rme im Freien waren, werden heute durch ausgefeiltere und effizientere Systeme ersetzt. An der Spitze dieser Revolution steht Opranic, eine Marke, die f\u00fcr fortschrittliche Heiztechnologie und skandinavisches Design steht.<\/p>\n<h3>Die Notwendigkeit einer effizienten Au\u00dfenheizung<\/h3>\n<p>Au\u00dfenbereiche, seien es Terrassen, Decks oder gewerbliche Fl\u00e4chen, stellen seit jeher eine besondere Herausforderung dar, wenn es um die Beheizung geht. Herk\u00f6mmliche Heizungen liefern oft keine gleichm\u00e4\u00dfige W\u00e4rme, was zu ungleichm\u00e4\u00dfiger Erw\u00e4rmung und erh\u00f6htem Energieverbrauch f\u00fchrt. Da immer mehr Menschen den Wert der ganzj\u00e4hrigen Nutzung von Au\u00dfenbereichen erkennen, ist die Nachfrage nach effizienten Heizl\u00f6sungen f\u00fcr den Au\u00dfenbereich sprunghaft angestiegen.<\/p>\n<p>Das Engagement von Opranic f\u00fcr eine effiziente Beheizung von Au\u00dfenbereichen zeigt sich in einer Reihe von Produkten, die f\u00fcr eine gleichm\u00e4\u00dfige W\u00e4rmeversorgung in verschiedenen Au\u00dfenbereichen sorgen. Ob an einem k\u00fchlen Abend auf der Terrasse oder an einem Winternachmittag in einem Stra\u00dfencaf\u00e9, Opranic sorgt daf\u00fcr, dass die W\u00e4rme konstant bleibt und die Au\u00dfenbereiche das ganze Jahr \u00fcber nutzbar und komfortabel sind.<\/p>\n<h3>Fortschrittliche Heiztechnik einsetzen<\/h3>\n<p>Was Opranic auszeichnet, ist sein unerm\u00fcdliches Engagement f\u00fcr fortschrittliche Heiztechnik. W\u00e4hrend herk\u00f6mmliche Heizungen durch Erw\u00e4rmung der Luft funktionieren, arbeiten die Infrarotheizungen von Opranic nach einem anderen Prinzip. Sie erw\u00e4rmen Objekte direkt und ahmen den nat\u00fcrlichen Heizmechanismus der Sonne nach. Diese direkte Heizmethode sorgt daf\u00fcr, dass die W\u00e4rme sofort sp\u00fcrbar wird, ohne dass man warten muss, bis sich die Luft erw\u00e4rmt.<\/p>\n<p>Die Vorteile dieser fortschrittlichen Heiztechnik sind vielf\u00e4ltig:<\/p>\n<p><strong>Energie-Effizienz<\/strong>: Opranic-Heizger\u00e4te wandeln bis zu 96 % der zugef\u00fchrten elektrischen Energie direkt in Strahlungsw\u00e4rme um. Diese hohe Umwandlungsrate sorgt daf\u00fcr, dass der gr\u00f6\u00dfte Teil der Energie zum Heizen genutzt wird, was zu erheblichen Energieeinsparungen f\u00fchrt.<\/p>\n<p><strong>Umweltfreundlich<\/strong>: In einer Zeit, in der Umweltbelange im Vordergrund stehen, zeichnen sich die Heizger\u00e4te von Opranic durch ihre Umweltfreundlichkeit aus. Sie arbeiten ohne die Emission von Treibhausgasen, unangenehmen Ger\u00fcchen oder sch\u00e4dlichem ultraviolettem Licht. Dieser umweltfreundliche Betrieb sorgt daf\u00fcr, dass die Nutzer W\u00e4rme genie\u00dfen k\u00f6nnen, ohne ein schlechtes Gewissen zu haben.<\/p>\n<p><strong>Sicherheit<\/strong>: Die fortschrittliche Heiztechnologie von Opranic gew\u00e4hrleistet, dass die Heizger\u00e4te sowohl f\u00fcr den Innen- als auch f\u00fcr den Au\u00dfenbereich sicher sind. Das Fehlen sch\u00e4dlicher Emissionen und die effiziente Umwandlung von Energie in W\u00e4rme machen Opranic-Heizger\u00e4te zu einer sicheren Wahl f\u00fcr verschiedene Umgebungen.<\/p>\n<h3>Die Essenz des skandinavischen Designs<\/h3>\n<p>Die Heizger\u00e4te von Opranic sind nicht nur funktionale Ger\u00e4te, sie sind Kunstwerke. Das Engagement der Marke f\u00fcr das skandinavische Design ist in jedem ihrer Produkte erkennbar. Skandinavisches Design, das f\u00fcr seine Einfachheit, Funktionalit\u00e4t und seinen Minimalismus bekannt ist, passt perfekt zum Ethos von Opranic.<\/p>\n<p>Die \u00fcberwiegend von skandinavischen Designern entworfenen Heizk\u00f6rper strahlen Eleganz und Raffinesse aus. Aber es geht nicht nur um \u00c4sthetik. Die skandinavischen Konstruktionsprinzipien sorgen daf\u00fcr, dass die Heizger\u00e4te optimal f\u00fcr eine effiziente Au\u00dfenbeheizung konstruiert sind. Das Design konzentriert sich darauf, die bestm\u00f6gliche W\u00e4rmeabstrahlung f\u00fcr verschiedene Anwendungen zu erreichen, so dass die Heizger\u00e4te nicht nur sch\u00f6n, sondern auch sehr funktionell sind.<\/p>\n<p>Durch die Integration von Design, Technologie und Produktion hat Opranic ein Ma\u00df an Kontrolle erreicht, auf das nur wenige Marken stolz sein k\u00f6nnen. Jede Komponente, jedes Designelement und jedes technische Merkmal wird sorgf\u00e4ltig ausgew\u00e4hlt, um sicherzustellen, dass das Endprodukt von h\u00f6chster Qualit\u00e4t ist. Dieser integrierte Ansatz, kombiniert mit kontinuierlichen Tests und Qualit\u00e4tskontrollen, stellt sicher, dass Opranic-Heizger\u00e4te die Industriestandards erf\u00fcllen und oft sogar \u00fcbertreffen.<\/p>\n<h3>Schlussfolgerung<\/h3>\n<p>Im Bereich der effizienten Au\u00dfenbeheizung hat Opranic eine Nische f\u00fcr sich geschaffen. Mit ihrer fortschrittlichen Heiztechnologie und ihrem Engagement f\u00fcr skandinavisches Design bietet die Marke eine Reihe von Produkten, die sowohl funktional als auch \u00e4sthetisch ansprechend sind. Ganz gleich, ob Sie die Terrasse Ihres Hauses oder einen gewerblichen Au\u00dfenbereich beheizen m\u00f6chten, die Heizger\u00e4te von Opranic versprechen gleichm\u00e4\u00dfige W\u00e4rme, Energieeffizienz und einen Hauch von skandinavischer Eleganz.<\/p>\n<p>Da wir uns auf eine Zukunft zubewegen, in der Au\u00dfenbereiche zu einem integralen Bestandteil unseres Lebens werden, wird der Bedarf an effizienten Heizl\u00f6sungen f\u00fcr den Au\u00dfenbereich nur noch wachsen. Marken wie Opranic, deren Schwerpunkt auf Technologie und Design liegt, sind bereit, diese Revolution anzuf\u00fchren und daf\u00fcr zu sorgen, dass unsere Au\u00dfenbereiche unabh\u00e4ngig von der Jahreszeit warm und einladend bleiben.[\/vc_column_text][\/vc_column][\/vc_row]\n<\/div>","protected":false},"excerpt":{"rendered":"<p>[vc_row][vc_column][\/vc_column][\/vc_row][vc_row][vc_column width=&#8220;1\/5&#8243;][\/vc_column][vc_column width=&#8220;4\/5&#8243;][vc_column_text] Opranic: Wegweisend f\u00fcr effizientes Heizen im Freien mit fortschrittlicher Heiztechnologie und skandinavischem Design In der heutigen, sich schnell entwickelnden technologischen Landschaft hat die Suche nach effizienten Heizl\u00f6sungen f\u00fcr den Au\u00dfenbereich zu bedeutenden Fortschritten gef\u00fchrt. Herk\u00f6mmliche Heizmethoden, die einst die Hauptst\u00fctze f\u00fcr die W\u00e4rme im Freien waren, werden heute durch ausgefeiltere und effizientere&hellip;<\/p>\n","protected":false},"author":1,"featured_media":0,"parent":0,"menu_order":0,"comment_status":"closed","ping_status":"closed","template":"","meta":{"_acf_changed":false,"inline_featured_image":false,"_joinchat":[],"footnotes":""},"class_list":["post-8061","page","type-page","status-publish","hentry","entry","no-media"],"acf":[],"_links":{"self":[{"href":"https:\/\/opranic.com\/de\/wp-json\/wp\/v2\/pages\/8061","targetHints":{"allow":["GET"]}}],"collection":[{"href":"https:\/\/opranic.com\/de\/wp-json\/wp\/v2\/pages"}],"about":[{"href":"https:\/\/opranic.com\/de\/wp-json\/wp\/v2\/types\/page"}],"author":[{"embeddable":true,"href":"https:\/\/opranic.com\/de\/wp-json\/wp\/v2\/users\/1"}],"replies":[{"embeddable":true,"href":"https:\/\/opranic.com\/de\/wp-json\/wp\/v2\/comments?post=8061"}],"version-history":[{"count":0,"href":"https:\/\/opranic.com\/de\/wp-json\/wp\/v2\/pages\/8061\/revisions"}],"wp:attachment":[{"href":"https:\/\/opranic.com\/de\/wp-json\/wp\/v2\/media?parent=8061"}],"curies":[{"name":"wp","href":"https:\/\/api.w.org\/{rel}","templated":true}]}}