{"id":8073,"date":"2023-09-23T18:27:40","date_gmt":"2023-09-23T16:27:40","guid":{"rendered":"https:\/\/opranic.com\/wissensbank\/"},"modified":"2025-11-03T21:32:33","modified_gmt":"2025-11-03T20:32:33","slug":"wissensbank","status":"publish","type":"page","link":"https:\/\/opranic.com\/de\/wissensbank\/","title":{"rendered":"FAQ Infrarotheizung"},"content":{"rendered":"<div class=\"wpb-content-wrapper\">[vc_row][vc_column]<figure class=\"vcex-image vcex-module\"><div class=\"vcex-image-inner wpex-relative wpex-inline-block\"><img width=\"1920\" height=\"400\" src=\"https:\/\/opranic.com\/wp-content\/uploads\/2023\/04\/opranic-about-us-1920x400-q60.jpeg\" class=\"vcex-image-img wpex-align-middle\" alt=\"\" decoding=\"async\" srcset=\"https:\/\/opranic.com\/wp-content\/uploads\/2023\/04\/opranic-about-us-1920x400-q60.jpeg 1920w, https:\/\/opranic.com\/wp-content\/uploads\/2023\/04\/opranic-about-us-1920x400-q60-300x63.jpeg 300w, https:\/\/opranic.com\/wp-content\/uploads\/2023\/04\/opranic-about-us-1920x400-q60-1024x213.jpeg 1024w, https:\/\/opranic.com\/wp-content\/uploads\/2023\/04\/opranic-about-us-1920x400-q60-768x160.jpeg 768w, https:\/\/opranic.com\/wp-content\/uploads\/2023\/04\/opranic-about-us-1920x400-q60-1536x320.jpeg 1536w\" sizes=\"(max-width: 1920px) 100vw, 1920px\" \/><\/div><\/figure>[\/vc_column][\/vc_row][vc_row][vc_column]<style>.vcex-navbar.vcex_69f378c43765b a.vcex-navbar-link{color:#ffffff;background:#ee9305;text-transform:uppercase;}.vcex-navbar.vcex_69f378c43765b a.vcex-navbar-link:is(:hover,.active){color:#ffffff;background:#d6d6d6;}.vcex-navbar.vcex_69f378c43765b a.vcex-navbar-link:is(:active,.active){color:#ffffff;background:#262626;}<\/style><nav class=\"vcex-navbar vcex-navbar--expanded vcex-module vcex_69f378c43765b\"><div class=\"vcex-navbar-inner wpex-clr\"><a href=\"https:\/\/opranic.com\/faq-infrared-heating\/\" class=\"vcex-navbar-link vcex-navbar-link--7842 wpex-block wpex-float-left wpex-mb-5 theme-button minimal-border expanded has-bg-hover\"><span class=\"vcex-navbar-link-text\">FAQ Infrared Heating<\/span><\/a><a href=\"https:\/\/opranic.com\/faq-indoor-infrared-heating\/\" class=\"vcex-navbar-link vcex-navbar-link--13477 wpex-block wpex-float-left wpex-mb-5 theme-button minimal-border expanded has-bg-hover\"><span class=\"vcex-navbar-link-text\">FAQ Indoor Infrared Heating<\/span><\/a><a href=\"https:\/\/opranic.com\/faq-outdoor-infrared-heating\/\" class=\"vcex-navbar-link vcex-navbar-link--13485 wpex-block wpex-float-left wpex-mb-5 theme-button minimal-border expanded has-bg-hover\"><span class=\"vcex-navbar-link-text\">FAQ Outdoor Infrared Heating<\/span><\/a><\/div><\/nav>[vc_row_inner equal_height=&#8220;yes&#8220; remove_bottom_col_margin=&#8220;true&#8220; css=&#8220;.vc_custom_1715063689585{padding-top: 30px !important;padding-bottom: 30px !important;}&#8220; el_id=&#8220;faq&#8220;][vc_column_inner]<style>.vcex-heading.vcex_69f378c43b8e2{font-size:32px;text-transform:uppercase;}<\/style><h1 class=\"vcex-heading vcex-heading-plain vcex-module wpex-heading wpex-text-2xl vcex_69f378c43b8e2\"><span class=\"vcex-heading-inner wpex-inline-block\">FAQ - OPRANIC INFRAROTHEIZUNG<\/span><\/h1><style>.vcex-heading.vcex_69f378c43c5e2{color:#262626;font-weight:600;}<\/style><h2 class=\"vcex-heading vcex-heading-plain vcex-module wpex-heading wpex-text-2xl wpex-text-left vcex_69f378c43c5e2\"><span class=\"vcex-heading-inner wpex-inline-block\">ALLGEMEINES<\/span><\/h2>[vc_toggle title=&#8220;WIE FUNKTIONIERT DIE INFRAROTHEIZUNG?&#8220; style=&#8220;arrow&#8220; css=&#8220;&#8220;]Eine Infrarotheizung funktioniert durch die Aussendung von Infrarotstrahlung, einer Art elektromagnetischer Welle, die Objekte und Menschen direkt erw\u00e4rmt und nicht die Luft um sie herum.<br \/>\nDiese Strahlung liegt im elektromagnetischen Spektrum zwischen sichtbarem Licht und Mikrowellen und kann je nach Wellenl\u00e4nge in nahes, mittleres und fernes Infrarot eingeteilt werden.<br \/>\nDiese Wellen durchdringen die Luft ohne nennenswerte Energieverluste und werden von Gegenst\u00e4nden und Oberfl\u00e4chen bei Kontakt absorbiert, wodurch deren Molek\u00fcle in Schwingung versetzt werden und ihre W\u00e4rmeenergie zunimmt.<br \/>\nDieser Prozess sorgt f\u00fcr eine sofortige W\u00e4rme, die der Sonnenw\u00e4rme \u00e4hnelt, jedoch ohne sch\u00e4dliche ultraviolette Strahlen. So entsteht eine angenehme und gleichm\u00e4\u00dfig verteilte W\u00e4rme im gesamten Raum, ohne dass zuerst die Luft erw\u00e4rmt werden muss.     <a href=\"https:\/\/opranic.com\/theory-of-infrared-heating\/\">Mehr lesen<\/a>[\/vc_toggle][vc_toggle title=&#8220;WIE SCHNEIDEN INFRAROTHEIZUNGEN IM VERGLEICH ZU HERK\u00d6MMLICHEN HEIZUNGEN AB?&#8220; style=&#8220;arrow&#8220; css=&#8220;&#8220;]Infrarotheizungen bieten im Vergleich zu herk\u00f6mmlichen Heizungen mehrere deutliche Vorteile, die sie zu einer beliebten Wahl f\u00fcr verschiedene Heizanforderungen machen.  <b>Erhitzungsmethode:<\/b><\/p>\n<ul>\n<li>Infrarotheizungen: Diese Heizungen geben Infrarotstrahlung ab, die Gegenst\u00e4nde und Personen im Raum direkt erw\u00e4rmt, \u00e4hnlich wie die Sonne die Erde erw\u00e4rmt.<br \/>\nEine Opranic Infrarotheizung f\u00fcr das Badezimmer zum Beispiel w\u00e4rmt den Raum schnell auf und h\u00e4lt die Oberfl\u00e4chen trocken, um Schimmelbildung zu verhindern. <\/li>\n<li>Traditionelle Heizungen: Die meisten traditionellen Heizungen erw\u00e4rmen, wie Konvektionsheizungen, die Luft im Raum.<br \/>\nDas kann l\u00e4nger dauern und zu einer ungleichm\u00e4\u00dfigen Erw\u00e4rmung f\u00fchren, bei der die warme Luft nach oben steigt und die k\u00fchlere Luft in Bodenn\u00e4he bleibt. <\/li>\n<\/ul>\n<p><b>Energie-Effizienz:<\/b><\/p>\n<ul>\n<li>Infrarotheizungen: Da sie Objekte direkt erw\u00e4rmen, k\u00f6nnen Infrarotheizungen energieeffizienter sein, insbesondere in R\u00e4umen, in denen sofortige, gezielte W\u00e4rme ben\u00f6tigt wird.<br \/>\nSo kann eine Infrarotheizung in einem B\u00fcro f\u00fcr schnellen Komfort sorgen, ohne dass Sie das ganze Haus heizen m\u00fcssen. <\/li>\n<li>Traditionelle Heizungen: Diese m\u00fcssen oft erst den gesamten Raum beheizen, bevor die Bewohner sich warm f\u00fchlen, was weniger effizient und teurer im Energieverbrauch sein kann.<\/li>\n<\/ul>\n<p><b>Reaktionszeit:<\/b><\/p>\n<ul>\n<li>Infrarotheizungen: Sie liefern fast sofortige W\u00e4rme und sind daher ideal f\u00fcr Situationen, in denen schnelle W\u00e4rme gew\u00fcnscht wird.<br \/>\nIn einer kalten Garage oder Werkstatt zum Beispiel kann eine Infrarotheizung den Raum sofort angenehm machen. <\/li>\n<li>Traditionelle Heizungen: Diese brauchen in der Regel l\u00e4nger, um einen Raum zu erw\u00e4rmen, da sie auf die Erw\u00e4rmung der Luft angewiesen sind, die dann zirkuliert, um eine warme Umgebung zu schaffen.<\/li>\n<\/ul>\n<p><b>Luftqualit\u00e4t:<\/b><\/p>\n<ul>\n<li>Infrarotheizungen: Da sie nicht auf Luftzirkulation angewiesen sind, wirbeln sie keinen Staub und keine Allergene auf, was sie zu einer guten Option f\u00fcr Menschen mit Allergien oder Asthma macht.<br \/>\nEine Infrarotheizung im Schlafzimmer kann zum Beispiel f\u00fcr eine saubere und angenehme Schlafumgebung sorgen. <\/li>\n<li>Herk\u00f6mmliche Heizungen: Diese k\u00f6nnen Staub und Allergene verbreiten, da sie auf Luftbewegung angewiesen sind, um die W\u00e4rme zu verteilen, was f\u00fcr Personen mit Atemproblemen problematisch sein kann.<\/li>\n<\/ul>\n<p>  Infrarotheizungen bieten eine gezielte, effiziente und schnelle Erw\u00e4rmung mit zus\u00e4tzlichen Vorteilen wie einer verbesserten Luftqualit\u00e4t und Sicherheitsfunktionen.<br \/>\nDas macht sie zu einer vielseitigen und oft effektiveren Wahl f\u00fcr viele moderne Heizanforderungen.   <a href=\"https:\/\/opranic.com\/de\/infrarotheizung-der-ultimative-leitfaden\/\">Mehr lesen<\/a>[\/vc_toggle][vc_toggle title=&#8220;WAS SIND DIE VORTEILE DER OPRANIC INFRAROTHEIZUNGEN?&#8220; style=&#8220;arrow&#8220; css=&#8220;&#8220;]Opranic Infrarotheizungen bieten eine Reihe von Vorteilen, die sie zu einer beliebten Wahl sowohl f\u00fcr private als auch f\u00fcr gewerbliche Heizungen machen.<br \/>\nSie sind f\u00fcr ihre Energieeffizienz bekannt. Sie erw\u00e4rmen Objekte und Personen direkt und nicht die Luft, was zu einer effizienteren Energienutzung und niedrigeren Heizkosten im Vergleich zu herk\u00f6mmlichen Systemen f\u00fchrt.  Die Opranic Infrarotheizungen f\u00fcr den Au\u00dfenbereich sorgen f\u00fcr sofortige W\u00e4rme und machen R\u00e4ume schnell gem\u00fctlich.<br \/>\nSie heizen direkt, verhindern Energieverluste und sind daher die beste Wahl f\u00fcr Innenh\u00f6fe, Terrassen und andere offene Bereiche.  In Innenr\u00e4umen sorgen diese Heizger\u00e4te f\u00fcr eine gleichm\u00e4\u00dfige W\u00e4rmeverteilung, wodurch kalte Stellen vermieden werden und eine gleichm\u00e4\u00dfige W\u00e4rme im ganzen Raum erhalten bleibt.<br \/>\nSie lassen die Luft nicht zirkulieren, wodurch die Verbreitung von Staub, Allergenen und Schadstoffen minimiert wird, was f\u00fcr Personen mit Atemproblemen oder Allergien von Vorteil ist.<br \/>\nAu\u00dferdem halten sie die nat\u00fcrliche Luftfeuchtigkeit aufrecht, was das Risiko von trockener Haut und Atembeschwerden verringert und eine angenehme Umgebung schafft.<br \/>\nOPRANIC Infrarotheizungen helfen auch, Schimmelbildung zu verhindern, indem sie die W\u00e4nde trocken halten.    Opranic Infrarotheizungen tragen zu einer geringeren CO2-Bilanz bei, da sie weniger Energie verbrauchen und keine Verbrennungsnebenprodukte erzeugen. Das macht sie zu einer sicheren und umweltfreundlichen Heizoption. Zu den Sicherheitsmerkmalen geh\u00f6ren ber\u00fchrungsempfindliche Oberfl\u00e4chen und ein \u00dcberhitzungsschutz, der das Risiko von Verbrennungen verringert und einen sicheren Betrieb gew\u00e4hrleistet.<br \/>\nAu\u00dferdem arbeiten sie ger\u00e4uschlos und schaffen so eine ruhige Umgebung, die sich ideal f\u00fcr Innen- und Au\u00dfenbereiche eignet.  Ihr modernes, schlankes Design passt zu verschiedenen Einrichtungsstilen und verleiht ihnen einen \u00e4sthetischen Wert.<br \/>\nSie sind einfach zu installieren und erfordern nur minimale Wartung, so dass sie eine problemlose Heizl\u00f6sung darstellen.  Zusammenfassend l\u00e4sst sich sagen, dass Opranic Infrarotheizungen zahlreiche Vorteile bieten, darunter Energieeffizienz, verbesserter Komfort, gesundheitliche Vorteile, kosteneffizienter Betrieb, Umweltfreundlichkeit, Vielseitigkeit, Sicherheitsmerkmale, ger\u00e4uschloser Betrieb, \u00e4sthetisches Design und einfache Installation und Wartung, was sie zu einer ausgezeichneten Wahl f\u00fcr die Aufr\u00fcstung jedes Heizsystems macht.  <a href=\"https:\/\/opranic.com\/de\/gesundheit-infrarotheizungen-vorteile-auf-einen-blick\/\">Mehr lesen<\/a>[\/vc_toggle][vc_toggle title=&#8220;WAS UNTERSCHEIDET OPRANIC INFRAROTHEIZUNGEN F\u00dcR INNEN VON OPRANIC INFRAROTHEIZUNGEN F\u00dcR AUSSEN?&#8220; style=&#8220;arrow&#8220; css=&#8220;&#8220;]\n<p><b>Wellenl\u00e4nge und Heizeffizienz<\/b><\/p>\n<ul>\n<li><b>Infrarotheizungen f\u00fcr Innenr\u00e4ume:<\/b>\n<ul>\n<li>Wellenl\u00e4nge: Diese Heizger\u00e4te verwenden in der Regel langwellige Infrarotstrahlung (IR-C), die bei Wellenl\u00e4ngen \u00fcber 3,0\u03bcm arbeitet.<br \/>\nDiese Art von Strahlung ist ideal f\u00fcr Innenr\u00e4ume, da sie sanfte, gleichm\u00e4\u00dfige W\u00e4rme liefert, ohne sichtbares Licht zu erzeugen. <\/li>\n<li>Effiziente Heizung: Langwellige Infrarotheizungen sind so konzipiert, dass sie effektiv von der menschlichen Haut und von Gegenst\u00e4nden im Raum absorbiert werden und so eine effiziente und angenehme Heizung in geschlossenen R\u00e4umen gew\u00e4hrleisten.<br \/>\nSie sind im Vergleich zu kurzwelligen oder mittelwelligen Heizungen weniger intensiv und eignen sich daher f\u00fcr eine gem\u00fctliche Raumatmosph\u00e4re.   <a href=\"https:\/\/opranic.com\/theory-of-infrared-heating\/\">Mehr lesen<\/a><\/li>\n<\/ul>\n<\/li>\n<li><b>Infrarot-Heizstrahler f\u00fcr den Au\u00dfenbereich:<\/b>\n<ul>\n<li>Wellenl\u00e4nge: Heizger\u00e4te f\u00fcr den Au\u00dfenbereich verwenden in der Regel mittelwellige Infrarotstrahlung (IR-B), die zwischen 1,4 &#8211; 3,0\u03bcm arbeitet.<br \/>\nDiese Wellenl\u00e4nge strahlt eine intensivere W\u00e4rme ab, die den k\u00fchlenden Effekten von Wind und offenen R\u00e4umen standhalten kann. <\/li>\n<li>Effizienz der Heizung: Mittelwellige Infrarotheizungen sind im Au\u00dfenbereich effektiver, da sie eine st\u00e4rkere, direktere W\u00e4rme abgeben k\u00f6nnen.<br \/>\nDadurch wird sichergestellt, dass die W\u00e4rme Menschen und Gegenst\u00e4nde trotz widriger Umst\u00e4nde wie Wind und offener Luft erreicht.   <a href=\"https:\/\/opranic.com\/theory-of-infrared-heating\/\">Mehr lesen<\/a><\/li>\n<\/ul>\n<\/li>\n<\/ul>\n[\/vc_toggle][vc_toggle title=&#8220;SIND OPRANIC HEIZGER\u00c4TE F\u00dcR DIE GEWERBLICHE NUTZUNG GEEIGNET?&#8220; style=&#8220;arrow&#8220; css=&#8220;&#8220;]Ja, Opranic Heizger\u00e4te eignen sich aufgrund ihrer au\u00dfergew\u00f6hnlichen Energieeffizienz, Langlebigkeit und fortschrittlichen technologischen Eigenschaften hervorragend f\u00fcr die gewerbliche Nutzung.<br \/>\nOpranic Infrarotheizungen f\u00fcr den Au\u00dfenbereich sind so konzipiert, dass sie dank der fortschrittlichen IR-X Carbon Black-Technologie eine schnelle und leistungsstarke W\u00e4rme liefern, was ihre Eignung f\u00fcr gewerbliche R\u00e4ume erh\u00f6ht, in denen gleichm\u00e4\u00dfige und effektive Heizl\u00f6sungen gefragt sind.<br \/>\nIhre hohen IP-Schutzklassen, wie z.B. IP65 f\u00fcr die THOR S70R, machen sie wasser- und staubbest\u00e4ndig, so dass sie sowohl in Innen- als auch in Au\u00dfenbereichen eingesetzt werden k\u00f6nnen.<br \/>\nOpranic Infrarotheizungen sind ideal f\u00fcr Restaurants, Caf\u00e9s und andere Einrichtungen im Freien und bieten effiziente und stilvolle Heizl\u00f6sungen.    Die Opranic P5- und P6-Serien beispielsweise zeichnen sich durch eine bemerkenswerte Energieumwandlungseffizienz aus. Sie wandeln ca. 99 % der elektrischen Energie in W\u00e4rme um und gew\u00e4hrleisten so eine zuverl\u00e4ssige und effektive Beheizung gro\u00dfer gewerblicher Innenr\u00e4ume.<br \/>\nDiese Heizger\u00e4te sind aus hochwertigen Materialien wie eloxiertem Aluminium und geh\u00e4rtetem Glas gefertigt und bieten eine robuste und langlebige Leistung auch unter rauen Bedingungen.  Die Kombination aus hoher Effizienz, robuster Konstruktion, vielseitigen Installationsm\u00f6glichkeiten, fortschrittlichen Sicherheitsmerkmalen und der Einhaltung internationaler Normen macht Opranic-Heizger\u00e4te zu einer zuverl\u00e4ssigen und effektiven L\u00f6sung f\u00fcr eine Vielzahl von gewerblichen Anwendungen, von Restaurants und Caf\u00e9s bis hin zu Gesch\u00e4ften, B\u00fcros und Veranstaltungsr\u00e4umen.<br \/>\nIhre F\u00e4higkeit, auch in Au\u00dfenbereichen gleichm\u00e4\u00dfige W\u00e4rme zu liefern, macht sie vielseitig einsetzbar.<br \/>\nAusf\u00fchrlichere Informationen zu den einzelnen Modellen und ihren Eigenschaften finden Sie auf den Produktseiten.    <a href=\"https:\/\/opranic.com\/de\/grundlagen-der-infrarot-technologie-ein-einstieg\/\">Mehr lesen<\/a>[\/vc_toggle][vc_toggle title=&#8220;GEBEN INFRAROTHEIZUNGEN STRAHLUNG AB?&#8220; style=&#8220;arrow&#8220; css=&#8220;&#8220;]Ja, Infrarotheizungen geben Strahlung ab, aber die Strahlung ist sicher und nicht sch\u00e4dlich und bietet eine komfortable und effiziente Heizl\u00f6sung. <b>Art der Strahlung:<\/b> Infrarotheizungen geben Infrarotstrahlung ab, eine Art von elektromagnetischer Strahlung.<br \/>\nEs handelt sich dabei um die gleiche Art von Strahlung, die auch die Sonne aussendet, allerdings ohne die sch\u00e4dliche ultraviolette (UV) Komponente.<br \/>\nInfrarotstrahlung ist Teil des elektromagnetischen Spektrums und liegt knapp jenseits des sichtbaren Lichts, so dass sie f\u00fcr das menschliche Auge unsichtbar ist, aber als W\u00e4rme empfunden wird. <b>Funktionsweise von Infrarotheizungen:<\/b> Infrarotheizungen senden Infrarotstrahlen aus, die Objekte und Personen direkt erw\u00e4rmen, anstatt die Luft zu erw\u00e4rmen wie herk\u00f6mmliche Konvektionsheizungen.<br \/>\nDiese direkte Form der Erw\u00e4rmung ist effizient und kann schnell eine angenehme W\u00e4rme erzeugen. <b>Sicherheit der Infrarot-Strahlung:<\/b> Die von diesen Heizger\u00e4ten abgegebene Infrarotstrahlung ist f\u00fcr Menschen und Haustiere v\u00f6llig ungef\u00e4hrlich.<br \/>\nIm Gegensatz zu ultravioletter (UV-) Strahlung, die Hautsch\u00e4den verursachen kann, ist Infrarotstrahlung gutartig und wird seit vielen Jahren sicher in verschiedenen Anwendungen, einschlie\u00dflich medizinischer Therapien, eingesetzt. <b>Anwendungen von Infrarot-Strahlung:<\/b> Die Infrarottechnologie wird aufgrund ihrer sicheren und effektiven W\u00e4rmeeigenschaften in verschiedenen Bereichen eingesetzt, z. B. bei medizinischen Behandlungen (z. B. Infrarotlampen f\u00fcr die Muskelbehandlung), beim Erw\u00e4rmen von Lebensmitteln und bei der Beheizung von Wohnungen. <a href=\"https:\/\/opranic.com\/de\/gesundheit-infrarotheizungen-vorteile-auf-einen-blick\/\">Lesen Sie mehr<\/a>[\/vc_toggle][\/vc_column_inner][\/vc_row_inner][\/vc_column][\/vc_row]\n<\/div>","protected":false},"excerpt":{"rendered":"<p>[vc_row][vc_column][\/vc_column][\/vc_row][vc_row][vc_column][vc_row_inner equal_height=&#8220;yes&#8220; remove_bottom_col_margin=&#8220;true&#8220; css=&#8220;.vc_custom_1715063689585{padding-top: 30px !important;padding-bottom: 30px !important;}&#8220; el_id=&#8220;faq&#8220;][vc_column_inner][vc_toggle title=&#8220;WIE FUNKTIONIERT DIE INFRAROTHEIZUNG?&#8220; style=&#8220;arrow&#8220; css=&#8220;&#8220;]Eine Infrarotheizung funktioniert durch die Aussendung von Infrarotstrahlung, einer Art elektromagnetischer Welle, die Objekte und Menschen direkt erw\u00e4rmt und nicht die Luft um sie herum. Diese Strahlung liegt im elektromagnetischen Spektrum zwischen sichtbarem Licht und Mikrowellen und kann je nach Wellenl\u00e4nge&hellip;<\/p>\n","protected":false},"author":1,"featured_media":0,"parent":0,"menu_order":0,"comment_status":"closed","ping_status":"closed","template":"","meta":{"_acf_changed":false,"inline_featured_image":false,"_joinchat":[],"footnotes":""},"class_list":["post-8073","page","type-page","status-publish","hentry","entry","no-media"],"acf":[],"_links":{"self":[{"href":"https:\/\/opranic.com\/de\/wp-json\/wp\/v2\/pages\/8073","targetHints":{"allow":["GET"]}}],"collection":[{"href":"https:\/\/opranic.com\/de\/wp-json\/wp\/v2\/pages"}],"about":[{"href":"https:\/\/opranic.com\/de\/wp-json\/wp\/v2\/types\/page"}],"author":[{"embeddable":true,"href":"https:\/\/opranic.com\/de\/wp-json\/wp\/v2\/users\/1"}],"replies":[{"embeddable":true,"href":"https:\/\/opranic.com\/de\/wp-json\/wp\/v2\/comments?post=8073"}],"version-history":[{"count":0,"href":"https:\/\/opranic.com\/de\/wp-json\/wp\/v2\/pages\/8073\/revisions"}],"wp:attachment":[{"href":"https:\/\/opranic.com\/de\/wp-json\/wp\/v2\/media?parent=8073"}],"curies":[{"name":"wp","href":"https:\/\/api.w.org\/{rel}","templated":true}]}}