{"id":8221,"date":"2023-09-25T15:56:11","date_gmt":"2023-09-25T13:56:11","guid":{"rendered":"https:\/\/opranic.com\/ruecksendeformular\/"},"modified":"2025-10-30T00:26:44","modified_gmt":"2025-10-29T23:26:44","slug":"ruecksendeformular","status":"publish","type":"page","link":"https:\/\/opranic.com\/de\/ruecksendeformular\/","title":{"rendered":"R\u00fccksendeformular"},"content":{"rendered":"<div class=\"wpb-content-wrapper\">[vc_row][vc_column width=&#8220;1\/4&#8243;]<style>.vcex-navbar.vcex_69dfd4fb69abf a.vcex-navbar-link{color:#ffffff;background:#ee9305;text-transform:uppercase;}.vcex-navbar.vcex_69dfd4fb69abf a.vcex-navbar-link:is(:hover,.active){color:#ffffff;background:#d6d6d6;}.vcex-navbar.vcex_69dfd4fb69abf a.vcex-navbar-link:is(:active,.active){color:#ffffff;background:#262626;}<\/style><nav class=\"vcex-navbar vcex-navbar--expanded vcex-module vcex_69dfd4fb69abf\"><div class=\"vcex-navbar-inner wpex-clr\"><a href=\"https:\/\/opranic.com\/contact-us\/\" class=\"vcex-navbar-link vcex-navbar-link--6197 wpex-block wpex-float-left wpex-mb-5 theme-button minimal-border expanded has-bg-hover\"><span class=\"vcex-navbar-link-text\">Kontakt<\/span><\/a><a href=\"https:\/\/opranic.com\/reseller-inquiry\/\" class=\"vcex-navbar-link vcex-navbar-link--14646 wpex-block wpex-float-left wpex-mb-5 theme-button minimal-border expanded has-bg-hover\"><span class=\"vcex-navbar-link-text\">Fachpartner werden<\/span><\/a><a href=\"https:\/\/opranic.com\/return-form\/\" class=\"vcex-navbar-link vcex-navbar-link--8221 wpex-block wpex-float-left wpex-mb-5 theme-button minimal-border expanded has-bg-hover\"><span class=\"vcex-navbar-link-text\">R\u00fccksendeformular<\/span><\/a><\/div><\/nav><div class=\"vcex-spacing wpex-w-100 wpex-clear\"><\/div><div class=\"vcex-module vcex-divider vcex-divider-solid vcex-divider-center wpex-mx-auto wpex-block wpex-h-0 wpex-border-b wpex-border-solid wpex-border-main\"><\/div><div class=\"vcex-spacing wpex-w-100 wpex-clear\"><\/div>[vc_column_text]\n<h2 class=\"vcex-heading vcex-heading-plain vcex-module wpex-text-2xl wpex-font-normal wpex-mb-10 wpex-text-left vcex_6511575c2cfb8\"><span class=\"vcex-heading-inner wpex-inline-block\">UNSERE ADRESSE<\/span><\/h2>\n<div class=\"vcex-spacing wpex-w-100 wpex-clear vcex_6511575c2d39c\">Anschrift: OPRANIC, BOX 2356, 116 74 Stockholm<\/div>\n<div class=\"vcex-spacing wpex-w-100 wpex-clear vcex_6511575c2d39c\">Telefon: <a href=\"tel:+46855920360\">+46 8 559 203 60<\/a><\/div>\n<div class=\"vcex-spacing wpex-w-100 wpex-clear vcex_6511575c2d39c\">Fax: <a href=\"fax:+4655116586\">+46 551 165 86<\/a><\/div>\n<div class=\"vcex-spacing wpex-w-100 wpex-clear vcex_6511575c2d39c\">E-Mail: <a href=\"mailto:info@opranic.com\">info@opranic.com<\/a><\/div>\n[\/vc_column_text][\/vc_column][vc_column width=&#8220;3\/4&#8243;]<style>.vcex-heading.vcex_69dfd4fb71acc{text-transform:uppercase;}<\/style><h1 class=\"vcex-heading vcex-heading-plain vcex-module wpex-heading wpex-text-2xl vcex_69dfd4fb71acc\"><span class=\"vcex-heading-inner wpex-inline-block\">R\u00fcckgabe-Antragsformular<\/span><\/h1><div class=\"vcex-spacing wpex-w-100 wpex-clear\" style=\"height:20px;\"><\/div>[vc_column_text]Sehr geehrte Kundin, sehr geehrter Kunde,<\/p>\n<p>Wir verstehen, dass es verschiedene Gr\u00fcnde f\u00fcr die R\u00fcckgabe eines Produkts geben kann. Wir bei Opranic bem\u00fchen uns, diesen Prozess in \u00dcbereinstimmung mit unserer R\u00fcckgabepolitik zu vereinfachen. Um Ihre R\u00fccksendung zu erleichtern, verwenden Sie bitte dieses Formular, um Ihr Produkt zu registrieren. F\u00fcllen Sie die erforderlichen Angaben aus, und wir leiten Sie zu den n\u00e4chsten Schritten an.<\/p>\n<p>Bei Produkt- oder Transportsch\u00e4den f\u00fcgen Sie bitte ein Bild bei, auf dem die besch\u00e4digte Stelle zu sehen ist. Dadurch wird die Genehmigung des RMA-Antrags beschleunigt.<\/p>\n<p>Bitte geben Sie in den nachstehenden Feldern detaillierte Informationen an.<\/p>\n<p>Mit freundlichen Gr\u00fc\u00dfen<br \/>\nOpranic[\/vc_column_text]<div class=\"vcex-shortcode wpex-clr\"><style id=\"wpforms-css-vars-8110\">\n\t\t\t\t#wpforms-8110 {\n\t\t\t\t--wpforms-field-size-input-height: 43px;\n--wpforms-field-size-input-spacing: 15px;\n--wpforms-field-size-font-size: 16px;\n--wpforms-field-size-line-height: 19px;\n--wpforms-field-size-padding-h: 14px;\n--wpforms-field-size-checkbox-size: 16px;\n--wpforms-field-size-sublabel-spacing: 5px;\n--wpforms-field-size-icon-size: 1;\n--wpforms-label-size-font-size: 16px;\n--wpforms-label-size-line-height: 19px;\n--wpforms-label-size-sublabel-font-size: 14px;\n--wpforms-label-size-sublabel-line-height: 17px;\n--wpforms-button-size-font-size: 17px;\n--wpforms-button-size-height: 41px;\n--wpforms-button-size-padding-h: 15px;\n--wpforms-button-size-margin-top: 10px;\n--wpforms-container-shadow-size-box-shadow: none;\n\t\t\t}\n\t\t\t<\/style><div class=\"wpforms-container wpforms-container-full wpforms-render-modern\" id=\"wpforms-8110\"><form id=\"wpforms-form-8110\" class=\"wpforms-validate wpforms-form wpforms-ajax-form\" data-formid=\"8110\" method=\"post\" enctype=\"multipart\/form-data\" action=\"\/de\/wp-json\/wp\/v2\/pages\/8221?wpforms_form_id=8110\" data-token=\"7667dba31a55422e75df2c9a1efbe9b9\" data-token-time=\"1776276731\"><noscript class=\"wpforms-error-noscript\">Bitte aktiviere JavaScript in deinem Browser, um dieses Formular fertigzustellen.<\/noscript><div id=\"wpforms-error-noscript\" style=\"display: none;\">Bitte aktiviere JavaScript in deinem Browser, um dieses Formular fertigzustellen.<\/div><div class=\"wpforms-field-container\"><div id=\"wpforms-8110-field_1-container\" class=\"wpforms-field wpforms-field-divider\" data-field-id=\"1\"><h3 id=\"wpforms-8110-field_1\" aria-errormessage=\"wpforms-8110-field_1-error\">RMA-Formular<\/h3><\/div><div id=\"wpforms-8110-field_3-container\" class=\"wpforms-field wpforms-field-name\" data-field-id=\"3\"><fieldset><legend class=\"wpforms-field-label\">Name des Kunden <span class=\"wpforms-required-label\" aria-hidden=\"true\">*<\/span><\/legend><div class=\"wpforms-field-row wpforms-field-large\"><div class=\"wpforms-field-row-block wpforms-first wpforms-one-half\"><input type=\"text\" id=\"wpforms-8110-field_3\" class=\"wpforms-field-name-first wpforms-field-required\" name=\"wpforms[fields][3][first]\" placeholder=\"z.B., Jane\" aria-errormessage=\"wpforms-8110-field_3-error\" required><label for=\"wpforms-8110-field_3\" class=\"wpforms-field-sublabel after\">Erste<\/label><\/div><div class=\"wpforms-field-row-block wpforms-one-half\"><input type=\"text\" id=\"wpforms-8110-field_3-last\" class=\"wpforms-field-name-last wpforms-field-required\" name=\"wpforms[fields][3][last]\" placeholder=\"Smith\" aria-errormessage=\"wpforms-8110-field_3-last-error\" required><label for=\"wpforms-8110-field_3-last\" class=\"wpforms-field-sublabel after\">Letzte<\/label><\/div><\/div><\/fieldset><\/div>\t\t<div id=\"wpforms-8110-field_6-container\"\n\t\t\tclass=\"wpforms-field wpforms-field-text\"\n\t\t\tdata-field-type=\"text\"\n\t\t\tdata-field-id=\"6\"\n\t\t\t>\n\t\t\t<label class=\"wpforms-field-label\" for=\"wpforms-8110-field_6\" >SKU f\u00fcr des<\/label>\n\t\t\t<input type=\"text\" id=\"wpforms-8110-field_6\" class=\"wpforms-field-medium\" name=\"wpforms[fields][6]\" >\n\t\t<\/div>\n\t\t<div id=\"wpforms-8110-field_2-container\" class=\"wpforms-field wpforms-field-layout\" data-field-id=\"2\"><div class=\"wpforms-field-layout-columns wpforms-field-layout-preset-50-50\"><div class=\"wpforms-layout-column wpforms-layout-column-50\" ><div id=\"wpforms-8110-field_4-container\" class=\"wpforms-field wpforms-field-email\" data-field-id=\"4\"><label class=\"wpforms-field-label\" for=\"wpforms-8110-field_4\">E-Mail Adresse <span class=\"wpforms-required-label\" aria-hidden=\"true\">*<\/span><\/label><input type=\"email\" id=\"wpforms-8110-field_4\" class=\"wpforms-field-medium wpforms-field-required\" name=\"wpforms[fields][4]\" placeholder=\"z.B. jane.smith@email.com\" spellcheck=\"false\" aria-errormessage=\"wpforms-8110-field_4-error\" required><\/div><div id=\"wpforms-8110-field_23-container\" class=\"wpforms-field wpforms-field-text\" data-field-id=\"23\"><label class=\"wpforms-field-label\" for=\"wpforms-8110-field_23\">Bestellnummer<\/label><input type=\"text\" id=\"wpforms-8110-field_23\" class=\"wpforms-field-medium\" name=\"wpforms[fields][23]\" aria-errormessage=\"wpforms-8110-field_23-error\" ><\/div><div id=\"wpforms-8110-field_11-container\" class=\"wpforms-field wpforms-field-text\" data-field-id=\"11\"><label class=\"wpforms-field-label\" for=\"wpforms-8110-field_11\">Produkt SKU <span class=\"wpforms-required-label\" aria-hidden=\"true\">*<\/span><\/label><input type=\"text\" id=\"wpforms-8110-field_11\" class=\"wpforms-field-medium wpforms-field-required\" name=\"wpforms[fields][11]\" placeholder=\"z. B. P6H900, ECO14T2 ....\" aria-errormessage=\"wpforms-8110-field_11-error\" required><\/div><div id=\"wpforms-8110-field_16-container\" class=\"wpforms-field wpforms-field-select wpforms-field-select-style-classic\" data-field-id=\"16\"><label class=\"wpforms-field-label\" for=\"wpforms-8110-field_16\">Grund f\u00fcr die R\u00fcckkehr <span class=\"wpforms-required-label\" aria-hidden=\"true\">*<\/span><\/label><select id=\"wpforms-8110-field_16\" class=\"wpforms-field-medium wpforms-field-required\" name=\"wpforms[fields][16]\" required=\"required\"><option value=\"Defekte\"  class=\"choice-1 depth-1\"  >Defekte<\/option><option value=\"Falscher Artikel gesendet\"  class=\"choice-2 depth-1\"  >Falscher Artikel gesendet<\/option><option value=\"Bedauern\"  class=\"choice-3 depth-1\"  >Bedauern<\/option><option value=\"Transport besch\u00e4digt\"  class=\"choice-4 depth-1\"  >Transport besch\u00e4digt<\/option><option value=\"Unzufrieden mit dem Produkt\"  class=\"choice-5 depth-1\"  >Unzufrieden mit dem Produkt<\/option><option value=\"Fehlende Teile im Paket\"  class=\"choice-6 depth-1\"  >Fehlende Teile im Paket<\/option><option value=\"Anderer Grund - bitte in den Kommentaren beschreiben\"  class=\"choice-7 depth-1\"  >Anderer Grund - bitte in den Kommentaren beschreiben<\/option><\/select><\/div><div id=\"wpforms-8110-field_18-container\" class=\"wpforms-field wpforms-field-file-upload\" data-field-id=\"18\"><label class=\"wpforms-field-label\" for=\"wpforms-8110-field_18\">Anh\u00e4nge<\/label><div\n\t\tclass=\"wpforms-uploader \"\n\t\tdata-field-id=\"18\"\n\t\tdata-form-id=\"8110\"\n\t\tdata-input-name=\"wpforms_8110_18\"\n\t\tdata-extensions=\"jpg,jpeg,jpe,gif,png,bmp,tiff,tif,webp,avif,ico,heic,heif,heics,heifs,asf,asx,wmv,wmx,wm,avi,divx,mov,qt,mpeg,mpg,mpe,mp4,m4v,ogv,webm,mkv,3gp,3gpp,3g2,3gp2,txt,asc,c,cc,h,srt,csv,tsv,ics,rtx,css,vtt,mp3,m4a,m4b,aac,ra,ram,wav,x-wav,ogg,oga,flac,mid,midi,wma,wax,mka,rtf,pdf,class,tar,zip,gz,gzip,rar,7z,psd,xcf,doc,pot,pps,ppt,wri,xla,xls,xlt,xlw,mpp,docx,docm,dotx,dotm,xlsx,xlsm,xlsb,xltx,xltm,xlam,pptx,pptm,ppsx,ppsm,potx,potm,ppam,sldx,sldm,onetoc,onetoc2,onepkg,oxps,xps,odt,odp,ods,odg,odc,odb,odf,wp,wpd,key,numbers,pages\"\n\t\tdata-max-size=\"536870912\"\n\t\tdata-max-file-number=\"4\"\n\t\tdata-post-max-size=\"536870912\"\n\t\tdata-max-parallel-uploads=\"4\"\n\t\tdata-parallel-uploads=\"true\"\n\t\tdata-file-chunk-size=\"2097152\">\n\t<div class=\"dz-message\">\n\t\t<svg  viewBox=\"0 0 640 640\" focusable=\"false\" data-icon=\"inbox\" width=\"50px\" height=\"50px\" fill=\"currentColor\" aria-hidden=\"true\">\n\t\t\t<path d=\"M352 173.3L352 384C352 401.7 337.7 416 320 416C302.3 416 288 401.7 288 384L288 173.3L246.6 214.7C234.1 227.2 213.8 227.2 201.3 214.7C188.8 202.2 188.8 181.9 201.3 169.4L297.3 73.4C309.8 60.9 330.1 60.9 342.6 73.4L438.6 169.4C451.1 181.9 451.1 202.2 438.6 214.7C426.1 227.2 405.8 227.2 393.3 214.7L352 173.3zM320 464C364.2 464 400 428.2 400 384L480 384C515.3 384 544 412.7 544 448L544 480C544 515.3 515.3 544 480 544L160 544C124.7 544 96 515.3 96 480L96 448C96 412.7 124.7 384 160 384L240 384C240 428.2 275.8 464 320 464zM464 488C477.3 488 488 477.3 488 464C488 450.7 477.3 440 464 440C450.7 440 440 450.7 440 464C440 477.3 450.7 488 464 488z\"\/>\n\t\t<\/svg>\n\n\t\t<span class=\"modern-title\">\n\t\t\t\t\t\t\tDrag &amp; Drop Files, \t\t\t\t<span>Choose Files to Upload<\/span>\n\t\t\t\t\t<\/span>\n\n\t\t\t\t\t<span class=\"modern-hint\">Du kannst bis zu 4 Dateien hochladen.<\/span>\n\t\t\t<\/div>\n<\/div>\n\n<input\n\t\ttype=\"text\"\n\t\tautocomplete=\"off\"\n\t\treadonly\n\t\tclass=\"dropzone-input\"\n\t\tstyle=\"position:absolute!important;clip:rect(0,0,0,0)!important;height:1px!important;width:1px!important;border:0!important;overflow:hidden!important;padding:0!important;margin:0!important;\"\n\t\tid=\"wpforms-8110-field_18\"\n\t\tname=\"wpforms_8110_18\" \t\tvalue=\"\">\n<\/div><\/div><div class=\"wpforms-layout-column wpforms-layout-column-50\" ><div id=\"wpforms-8110-field_5-container\" class=\"wpforms-field wpforms-field-phone\" data-field-id=\"5\"><label class=\"wpforms-field-label\" for=\"wpforms-8110-field_5\">Rufnummer <span class=\"wpforms-required-label\" aria-hidden=\"true\">*<\/span><\/label><input type=\"tel\" id=\"wpforms-8110-field_5\" class=\"wpforms-field-medium wpforms-field-required wpforms-smart-phone-field\" data-rule-smart-phone-field=\"true\" name=\"wpforms[fields][5]\" aria-label=\"Rufnummer\" aria-errormessage=\"wpforms-8110-field_5-error\" required><\/div><div id=\"wpforms-8110-field_24-container\" class=\"wpforms-field wpforms-field-text\" data-field-id=\"24\"><label class=\"wpforms-field-label\" for=\"wpforms-8110-field_24\">Gekauft bei<\/label><input type=\"text\" id=\"wpforms-8110-field_24\" class=\"wpforms-field-medium\" name=\"wpforms[fields][24]\" placeholder=\"Name des Wiederverk\u00e4ufers\" aria-errormessage=\"wpforms-8110-field_24-error\" ><\/div><div id=\"wpforms-8110-field_13-container\" class=\"wpforms-field wpforms-field-date-time\" data-field-id=\"13\"><label class=\"wpforms-field-label\" for=\"wpforms-8110-field_13\">Kaufdatum <span class=\"wpforms-required-label\" aria-hidden=\"true\">*<\/span><\/label><div class=\"wpforms-datepicker-wrap\"><input type=\"text\" id=\"wpforms-8110-field_13\" class=\"wpforms-field-date-time-date wpforms-datepicker wpforms-field-required wpforms-field-medium\" data-date-format=\"d\/m\/Y\" data-disable-past-dates=\"0\" data-input=\"true\" name=\"wpforms[fields][13][date]\" placeholder=\"MM\/TT\/JJJ\" aria-errormessage=\"wpforms-8110-field_13-error\" required><a title=\"Datum leeren\" data-clear role=\"button\" tabindex=\"0\" class=\"wpforms-datepicker-clear\" aria-label=\"Datum leeren\" style=\"display:none;\"><\/a><\/div><\/div><div id=\"wpforms-8110-field_17-container\" class=\"wpforms-field wpforms-field-text\" data-field-id=\"17\"><label class=\"wpforms-field-label\" for=\"wpforms-8110-field_17\">Beschreiben Sie das Problem <span class=\"wpforms-required-label\" aria-hidden=\"true\">*<\/span><\/label><input type=\"text\" id=\"wpforms-8110-field_17\" class=\"wpforms-field-medium wpforms-field-required\" name=\"wpforms[fields][17]\" placeholder=\"z.B., Angekommen mit einem Transportschaden\" aria-errormessage=\"wpforms-8110-field_17-error\" required><\/div><div id=\"wpforms-8110-field_22-container\" class=\"wpforms-field wpforms-field-text\" data-field-id=\"22\"><label class=\"wpforms-field-label\" for=\"wpforms-8110-field_22\">Zus\u00e4tzliche Kommentare<\/label><input type=\"text\" id=\"wpforms-8110-field_22\" class=\"wpforms-field-medium\" name=\"wpforms[fields][22]\" aria-errormessage=\"wpforms-8110-field_22-error\" ><\/div><\/div><\/div><\/div><script>\n\t\t\t\t( function() {\n\t\t\t\t\tconst style = document.createElement( 'style' );\n\t\t\t\t\tstyle.appendChild( document.createTextNode( '#wpforms-8110-field_6-container { position: absolute !important; overflow: hidden !important; display: inline !important; height: 1px !important; width: 1px !important; z-index: -1000 !important; padding: 0 !important; } #wpforms-8110-field_6-container input { visibility: hidden; } #wpforms-conversational-form-page #wpforms-8110-field_6-container label { counter-increment: none; }' ) );\n\t\t\t\t\tdocument.head.appendChild( style );\n\t\t\t\t\tdocument.currentScript?.remove();\n\t\t\t\t} )();\n\t\t\t<\/script><\/div><!-- .wpforms-field-container --><div class=\"wpforms-recaptcha-container wpforms-is-recaptcha wpforms-is-recaptcha-type-v3\" ><input type=\"hidden\" name=\"wpforms[recaptcha]\" value=\"\"><\/div><div class=\"wpforms-submit-container\" ><input type=\"hidden\" name=\"wpforms[id]\" value=\"8110\"><input type=\"hidden\" name=\"page_title\" value=\"\"><input type=\"hidden\" name=\"page_url\" value=\"https:\/\/opranic.com\/de\/wp-json\/wp\/v2\/pages\/8221\"><input type=\"hidden\" name=\"url_referer\" value=\"https:\/\/opranic.com\/de\/ruecksendeformular\/\"><button type=\"submit\" name=\"wpforms[submit]\" id=\"wpforms-submit-8110\" class=\"wpforms-submit\" data-alt-text=\"Ich schicke...\" data-submit-text=\"Senden\" aria-live=\"assertive\" value=\"wpforms-submit\">Senden<\/button><img src=\"https:\/\/opranic.com\/wp-content\/plugins\/wpforms\/assets\/images\/submit-spin.svg\" class=\"wpforms-submit-spinner\" style=\"display: none;\" width=\"26\" height=\"26\" alt=\"Wird geladen\"><\/div><\/form><\/div>  <!-- .wpforms-container --><\/div>[vc_column_text]Durch Klicken auf die Schaltfl\u00e4che &#8222;SUBMIT&#8220;,<br \/>\nIch bin mit der Verarbeitung personenbezogener Daten einverstanden[\/vc_column_text][\/vc_column][\/vc_row]\n<\/div>","protected":false},"excerpt":{"rendered":"<p>[vc_row][vc_column width=&#8220;1\/4&#8243;][vc_column_text] UNSERE ADRESSE Anschrift: OPRANIC, BOX 2356, 116 74 Stockholm Telefon: +46 8 559 203 60 Fax: +46 551 165 86 E-Mail: info@opranic.com [\/vc_column_text][\/vc_column][vc_column width=&#8220;3\/4&#8243;][vc_column_text]Sehr geehrte Kundin, sehr geehrter Kunde, Wir verstehen, dass es verschiedene Gr\u00fcnde f\u00fcr die R\u00fcckgabe eines Produkts geben kann. Wir bei Opranic bem\u00fchen uns, diesen Prozess in \u00dcbereinstimmung mit unserer&hellip;<\/p>\n","protected":false},"author":1,"featured_media":0,"parent":0,"menu_order":0,"comment_status":"closed","ping_status":"closed","template":"","meta":{"_acf_changed":false,"inline_featured_image":false,"_joinchat":[],"footnotes":""},"class_list":["post-8221","page","type-page","status-publish","hentry","entry","no-media"],"acf":[],"_links":{"self":[{"href":"https:\/\/opranic.com\/de\/wp-json\/wp\/v2\/pages\/8221","targetHints":{"allow":["GET"]}}],"collection":[{"href":"https:\/\/opranic.com\/de\/wp-json\/wp\/v2\/pages"}],"about":[{"href":"https:\/\/opranic.com\/de\/wp-json\/wp\/v2\/types\/page"}],"author":[{"embeddable":true,"href":"https:\/\/opranic.com\/de\/wp-json\/wp\/v2\/users\/1"}],"replies":[{"embeddable":true,"href":"https:\/\/opranic.com\/de\/wp-json\/wp\/v2\/comments?post=8221"}],"version-history":[{"count":0,"href":"https:\/\/opranic.com\/de\/wp-json\/wp\/v2\/pages\/8221\/revisions"}],"wp:attachment":[{"href":"https:\/\/opranic.com\/de\/wp-json\/wp\/v2\/media?parent=8221"}],"curies":[{"name":"wp","href":"https:\/\/api.w.org\/{rel}","templated":true}]}}