{"id":12672,"date":"2024-06-16T10:35:08","date_gmt":"2024-06-16T08:35:08","guid":{"rendered":"https:\/\/opranic.com\/shop\/unkategorisiert\/opranic-nova-v50r-terrassenheizer-2300w-ir-x-carbon-black-ip65-fernbedienung-timer\/"},"modified":"2026-04-16T16:29:09","modified_gmt":"2026-04-16T14:29:09","slug":"opranic-nova-v50r-terrassenheizer-2300w-ir-x-carbon-black-ip65-fernbedienung-timer","status":"publish","type":"product","link":"https:\/\/opranic.com\/de\/shop\/infrarotstrahler\/v50-nova-de\/opranic-nova-v50r-terrassenheizer-2300w-ir-x-carbon-black-ip65-fernbedienung-timer\/","title":{"rendered":"OPRANIC NOVA V50R Terrassenstrahler 2300 W, IR-X Carbon Black, IP65, Fernbedienung, Timer"},"content":{"rendered":"<div class=\"wpb-content-wrapper\">[vc_row][vc_column][vc_tta_tabs style=&#8220;total_3&#8243; active_section=&#8220;1&#8243;][vc_tta_section title=&#8220;Details&#8220; tab_id=&#8220;1715058604722-4be8b460-d501&#8243;][vc_row_inner][vc_column_inner]<h2 class=\"vcex-heading vcex-heading-plain vcex-module wpex-heading wpex-text-2xl\"><span class=\"vcex-heading-inner wpex-inline-block\">NOVA V50R Infrarot-Wand- oder Deckenheizstrahler<\/span><\/h2>[vc_column_text css=&#8220;.vc_custom_1761069958089{margin-top: 30px !important;}&#8220;]\n<div class=\"wpb_text_column wpb_content_element section-margin\">\n<div class=\"wpb_wrapper\">\n<p>Wir haben den Opranic NOVA V50R Terrassenheizer entworfen, um Ihren Au\u00dfenbereich mit zuverl\u00e4ssiger Leistung und einem stilvollen Design aufzuwerten. Er nutzt effektive IR-X Carbon Black Technologie, um eine solide Heizleistung und Effizienz zu bieten, was ihn zu einer ausgezeichneten Wahl f\u00fcr moderne Au\u00dfenheizungen macht.<\/p>\n<h2>Design und Sicherheitsmerkmale<\/h2>\n<p>Das schlanke, robuste Geh\u00e4use des ferngesteuerten Opranic NOVA V50R Terrassenheizstrahlers gew\u00e4hrleistet dauerhafte Leistung. Seine Konstruktion besteht aus robustem eloxiertem Aluminium in hochtemperaturbest\u00e4ndigen Ausf\u00fchrungen. Die Materialien sind rostfrei, was sicherstellt, dass der Heizstrahler seine Qualit\u00e4t und Leistung \u00fcber die Zeit beibeh\u00e4lt.  <\/p>\n<h2>Funktionalit\u00e4t und Kontrolle<\/h2>\n<p>Sie k\u00f6nnen den ferngesteuerten Terrassenheizstrahler auf verschiedene Weisen installieren, um ihn perfekt an Ihren Raum anzupassen. Folgende Optionen stehen Ihnen zur Verf\u00fcgung: <\/p>\n<ul>\n<li>Deckenmontage f\u00fcr direkt nach unten gerichtete W\u00e4rme<\/li>\n<li>Wandmontage in jeder Richtung f\u00fcr flexiblen Einsatz<\/li>\n<li>Installation einer Markise zur Beheizung eines bestimmten Bereichs<\/li>\n<\/ul>\n<p>Diese Flexibilit\u00e4t sorgt daf\u00fcr, dass Sie optimale W\u00e4rme genie\u00dfen k\u00f6nnen, wo immer Sie sie am meisten brauchen.<\/p>\n<h2>Vielseitigkeit und Komfort<\/h2>\n<p>Der Opranic NOVA V50R, ein zuverl\u00e4ssiger ferngesteuerter Terrassenheizstrahler, bietet effiziente, sichere und vielseitige Funktionen, was ihn zur perfekten Wahl f\u00fcr alle macht, die ihre Au\u00dfenbereiche auch bei k\u00fchleren Temperaturen genie\u00dfen m\u00f6chten. Erleben Sie zuverl\u00e4ssigen Komfort und Stil mit dem Opranic NOVA V50R, einem Heizstrahler, der entwickelt wurde, um Ihre Bed\u00fcrfnisse effektiv und stilvoll zu erf\u00fcllen. <\/p>\n<h3>Vorteile eines Wand-\/Deckenheizstrahlers:<\/h3>\n<ul>\n<li>Behagliche W\u00e4rme von oben wie in Freiluftrestaurants<\/li>\n<li>Flexible Montage, ideale Ausrichtung und gleichm\u00e4\u00dfig angenehme W\u00e4rme in Ihrem Sitzbereich<\/li>\n<li>Fernbedienung mit automatischer Abschaltung f\u00fcr einfache Bedienung.<\/li>\n<\/ul>\n<h3>Steuerung:<\/h3>\n<ul>\n<li>Fernbedienung<\/li>\n<li>1 &#8211; 9 Stunden Sleep-Timer<\/li>\n<li>Heizleistung: Max. 2300 Watt <\/li>\n<li>5 Leistungsstufen: 900W, 1200W, 1600W, 1900W und 2300W<\/li>\n<\/ul>\n<h3>Design:<\/h3>\n<ul>\n<li>Schlankes, stilvolles modernes Design<\/li>\n<li>Modernes, schlankes Geh\u00e4use aus eloxiertem Aluminium in Champagnerfarbe<\/li>\n<li>Abmessungen (H x B x T): 19,5 x 91,5 x 9 cm<\/li>\n<\/ul>\n<h3>Heiztechnologie:<\/h3>\n<ul>\n<li>Das Hauptelement: IR-X Carbon Black-Technologie, Schnellstart innerhalb von 3\u20135 Sekunden, h\u00f6chste Absorption f\u00fcr den Menschen bei 2,3 \u00b5m<\/li>\n<li>Mittelwellen-Infrarotstrahlung, Wandelt 96 % in Strahlungsw\u00e4rme und 2-3 % Licht (extrem geringe Lichtemission) um, Lebensdauer bis zu: 8.000 Stunden<\/li>\n<li>Reflektor: Fokussierter Parabolreflektor mit Hochglanzreflexion, Seitenreflektoren aus hochgl\u00e4nzendem Edelstahl.<\/li>\n<\/ul>\n<h3>IP-Schutz:<\/h3>\n<ul>\n<li>IP65 Wasserschutz f\u00fcr den ganzj\u00e4hrigen Einsatz unter rauen Wetterbedingungen<\/li>\n<li>Geeignet f\u00fcr Au\u00dfenbereiche, Terrassen, Freiluftrestaurants<\/li>\n<\/ul>\n<h3>Anwendungsbereiche:<\/h3>\n<ul>\n<li>Au\u00dfenbereiche, Balkone, Terrassen, Hinterh\u00f6fe, Sitzbereiche im Freien, Camping, offene Winterg\u00e4rten, Gastronomiebetriebe im Freien, Sitzbereiche im Freien und Innenbereiche wie Garagen, Keller, Sommerh\u00e4user und Winterh\u00fctten.<\/li>\n<\/ul>\n<h3>Heizbereich:<\/h3>\n<ul>\n<li>Windgesch\u00fctzte Bereiche mit einer Umgebungstemperatur von min. 10 \u00baC: bis zu 15-25 m\u00b2<\/li>\n<li>Im Freien: 7-15 m\u00b2, abh\u00e4ngig von Au\u00dfentemperatur und Windverh\u00e4ltnissen<\/li>\n<\/ul>\n<h3>Installation:<\/h3>\n<ul>\n<li>Inkl. 2-teilige Montagehalterungen mit einstellbarer Installationsbreite. <\/li>\n<li>Einstellbarer Winkel.<\/li>\n<li>Zur Montage an Wand &amp; Decke oder Metallprofilen etc.<\/li>\n<li>Empfohlene Montageposition an der Wand: 1,8 &#8211; 2,2 Meter \u00fcber dem Boden, um 30-50\u00b0 geneigt.<\/li>\n<\/ul>\n<h3>Stromlast und Sicherung:<\/h3>\n<ul>\n<li>Eine Standard-Haushaltsstromleitung liefert ca. 3,5 kW bei 16 Ampere oder ca. 2,3 kW bei 10 Ampere.   <\/li>\n<li>Ein Heizstrahler mit einer Leistung von 2300 Watt = 2,3 kW (ben\u00f6tigt min. 10 Ampere Sicherung)<\/li>\n<\/ul>\n<h3>Sicherheitsabstand zu brennbaren Materialien:<\/h3>\n<ul>\n<li>Bei Wandmontage Abstand zur Seitenwand\/Decke: 40\/20 cm<\/li>\n<li>Nach vorne: 100 cm<\/li>\n<li>Zu den Seiten: 40 cm<\/li>\n<li>Bei Deckenmontage: 10 cm (die H\u00f6he der Montagehalterungen)<\/li>\n<\/ul>\n<h3>Heizkosten:<\/h3>\n<p>Bei einem durchschnittlichen Strompreis von 10 Cent pro kWh: 0,1 \u20ac * 2,3 kW \u2248 0,23 \u20ac pro Stunde<br \/>\n<em>* Gilt f\u00fcr die h\u00f6chste Heizstufe. Wird eine geringere Leistung gew\u00e4hlt, sind die daraus resultierenden Kosten niedriger. <\/em><\/p>\n<\/div>\n<\/div>\n[\/vc_column_text]<h2 class=\"vcex-heading vcex-heading-plain vcex-module wpex-heading wpex-text-2xl\"><span class=\"vcex-heading-inner wpex-inline-block\">Technische Daten<\/span><\/h2>[vc_column_text css=&#8220;&#8220;]\n<ul>\n<li>Produkt: OPRANIC NOVA V50R \u2013 elektrischer Au\u00dfenstrahler<\/li>\n<li>Infrarot-Technologie: IR-X Carbon Black<\/li>\n<li>Farbe: Champagner<\/li>\n<li>Material: Massives eloxiertes Aluminium, mit glasfaserverst\u00e4rkten Seitenkunststoffen<\/li>\n<li>Spannung: 230V AC ~ 50 Hz<\/li>\n<li>Gesamtleistung: 2300 Watt<\/li>\n<li>5 Heizstufen: 900 Watt | 1200 Watt | 1600 Watt | 1900 Watt und 2300 Watt<\/li>\n<li>LCD-Anzeige: ja<\/li>\n<li>Sleep-Timer: ja (9 Stunden)<\/li>\n<li>Netzstecker: Schuko-Stecker Typ F (EU-Standard)<\/li>\n<li>F\u00fcr einen dauerhaften Anschluss an das Stromnetz muss der Stecker von einem qualifizierten Fachmann entfernt werden. Die Garantie bleibt g\u00fcltig. <\/li>\n<li>Kabell\u00e4nge: 1,9 m<\/li>\n<li>Fernbedienung: ja, Infrarot-Fernbedienung<\/li>\n<li>Funktionen der Fernbedienung: Ein, Aus (Standby), Auswahl der Heizstufen, maximale Leistung, Timer.<\/li>\n<li>Abmessungen (H x B x T): 19,5 x 91,5 x 9 cm<\/li>\n<li>Gewicht: 3,2 kg<\/li>\n<li>Schutzklasse: IP65 (gesch\u00fctzt gegen Regen, Wasserstrahlen, Staub)<\/li>\n<li>Halterung: Zweiteilige Halterungen f\u00fcr Wand-\/Deckenmontage.<\/li>\n<li>Infrarotstrahlungstyp: H\u00f6chste Absorption f\u00fcr Menschen mit 2,3 \u00b5m Mittelwellen-Infrarotstrahlung<\/li>\n<li>Heizbereich: max. 7-15 m\u00b2 im Freien, bis zu 25-30 m\u00b2 in windgesch\u00fctzten Bereichen <\/li>\n<li>Batterien Fernbedienung: 2 x AAA (im Lieferumfang enthalten)<\/li>\n<\/ul>\n<h3>Lieferumfang<\/h3>\n<ul>\n<li>1 x NOVA V50R elektrischer Au\u00dfenheizstrahler<\/li>\n<li>2 x Zweiteilige Montagehalterungen<\/li>\n<li>1 x Montagematerial (Schrauben)<\/li>\n<li>1 x Fernbedienung (Batterien enthalten)<\/li>\n<li>1 x Bedienungsanleitung<\/li>\n<\/ul>\n[\/vc_column_text][\/vc_column_inner][\/vc_row_inner][\/vc_tta_section][vc_tta_section title=&#8220;FAQ&#8220; tab_id=&#8220;1715058630675-41822335-92e1&#8243;][vc_row_inner equal_height=&#8220;yes&#8220; remove_bottom_col_margin=&#8220;true&#8220; css=&#8220;.vc_custom_1715063689585{padding-top: 30px !important;padding-bottom: 30px !important;}&#8220; el_id=&#8220;faq&#8220;][vc_column_inner]<style>.vcex-heading.vcex_69f86b33afc4a{font-size:32px;text-transform:uppercase;}<\/style><h2 class=\"vcex-heading vcex-heading-plain vcex-module wpex-heading wpex-text-2xl vcex_69f86b33afc4a\"><span class=\"vcex-heading-inner wpex-inline-block\">H\u00e4ufig gestellte Fragen<\/span><\/h2>[vc_column_text css=&#8220;&#8220;]FAQ f\u00fcr alle Opranic Produkte finden Sie <a href=\"https:\/\/opranic.com\/knowledge-bank-faq\/\">hier<\/a>.<\/p>\n<p><a href=\"https:\/\/opranic.com\/knowledge-bank-faq\/\">Knowledge Bank FAQ | Opranic<\/a>[\/vc_column_text]<div class=\"vcex-module vcex-divider vcex-divider-solid vcex-divider-center wpex-mx-auto wpex-block wpex-h-0 wpex-border-b wpex-border-solid wpex-border-main\"><\/div>[\/vc_column_inner][\/vc_row_inner][\/vc_tta_section][vc_tta_section title=&#8220;Bezugsquellen&#8220; tab_id=&#8220;1774800383448-fdc70b06-a580&#8243;][vc_raw_html css=&#8220;&#8220;]W29wcmFuaWNfd2hlcmV0b2J1eV90YWJd[\/vc_raw_html]<div class=\"vcex-module vcex-divider vcex-divider-solid vcex-divider-center wpex-mx-auto wpex-block wpex-h-0 wpex-border-b wpex-border-solid wpex-border-main\"><\/div>[vc_raw_html css=&#8220;&#8220;]W29wcmFuaWNfaW5zdGFsbGVyX3RhYl0=[\/vc_raw_html][\/vc_tta_section][vc_tta_section title=&#8220;Bewertungen&#8220; tab_id=&#8220;1776349479313-c8153b52-16bf&#8220;][vc_raw_html css=&#8220;&#8220;]W2xpcHNjb3JlLXJldmlld3Nd[\/vc_raw_html][\/vc_tta_section][\/vc_tta_tabs][\/vc_column][\/vc_row]\n<\/div>","protected":false},"excerpt":{"rendered":"<div class=\"product-description\">Genie\u00dfen Sie kraftvolle, sonnen\u00e4hnliche W\u00e4rme mit dem Opranic NOVA V50R Terrassenstrahler.<br \/>\nEntwickelt f\u00fcr Stil und Langlebigkeit, liefert sein eloxiertes Aluminiumgeh\u00e4use und die fortschrittliche IR-X<br \/>\nCarbon-Technologie sofortige, gleichm\u00e4\u00dfige W\u00e4rme f\u00fcr ganzj\u00e4hrigen Komfort im Freien. Perfekt<br \/>\nf\u00fcr Terrassen, Caf\u00e9s und Balkone, die effiziente Heizung mit moderner Steuerung suchen. <\/p>\n<ul class=\"premium-features\">\n<li>2300 W IR-X Carbon-Infrarot-Technologie f\u00fcr tiefe, angenehme W\u00e4rme<\/li>\n<li>Sofortige W\u00e4rme ohne Aufw\u00e4rmzeit<\/li>\n<li>IP65-zertifiziert \u2013 vollst\u00e4ndig wetterfest f\u00fcr den Au\u00dfeneinsatz<\/li>\n<li>Fernbedienung mit 5 Leistungsstufen und Timer-Funktion<\/li>\n<li>Robustes Aluminiumdesign mit 2 Jahren Garantie<\/li>\n<\/ul>\n<\/div>\n","protected":false},"featured_media":20205,"comment_status":"open","ping_status":"closed","template":"","meta":{"_acf_changed":false,"inline_featured_image":false,"_joinchat":[]},"product_brand":[],"product_cat":[339,657],"product_tag":[689,688,690,687],"class_list":{"0":"post-12672","1":"product","2":"type-product","3":"status-publish","4":"has-post-thumbnail","6":"product_cat-infrarotstrahler","7":"product_cat-v50-nova-de","8":"product_tag-eco23r-de","9":"product_tag-nova23r-de","10":"product_tag-opranic-nova-de","11":"product_tag-opranic-nova-infrarot-heizung","12":"entry","13":"has-media","15":"first","16":"instock","17":"taxable","18":"shipping-taxable","19":"purchasable","20":"product-type-simple"},"acf":[],"_links":{"self":[{"href":"https:\/\/opranic.com\/de\/wp-json\/wp\/v2\/product\/12672","targetHints":{"allow":["GET"]}}],"collection":[{"href":"https:\/\/opranic.com\/de\/wp-json\/wp\/v2\/product"}],"about":[{"href":"https:\/\/opranic.com\/de\/wp-json\/wp\/v2\/types\/product"}],"replies":[{"embeddable":true,"href":"https:\/\/opranic.com\/de\/wp-json\/wp\/v2\/comments?post=12672"}],"wp:featuredmedia":[{"embeddable":true,"href":"https:\/\/opranic.com\/de\/wp-json\/wp\/v2\/media\/20205"}],"wp:attachment":[{"href":"https:\/\/opranic.com\/de\/wp-json\/wp\/v2\/media?parent=12672"}],"wp:term":[{"taxonomy":"product_brand","embeddable":true,"href":"https:\/\/opranic.com\/de\/wp-json\/wp\/v2\/product_brand?post=12672"},{"taxonomy":"product_cat","embeddable":true,"href":"https:\/\/opranic.com\/de\/wp-json\/wp\/v2\/product_cat?post=12672"},{"taxonomy":"product_tag","embeddable":true,"href":"https:\/\/opranic.com\/de\/wp-json\/wp\/v2\/product_tag?post=12672"}],"curies":[{"name":"wp","href":"https:\/\/api.w.org\/{rel}","templated":true}]}}