{"id":12751,"date":"2024-07-10T20:29:47","date_gmt":"2024-07-10T18:29:47","guid":{"rendered":"https:\/\/opranic.com\/shop\/unkategorisiert\/opranic-p6-hybrid-infrarotheizung\/"},"modified":"2026-03-31T09:25:45","modified_gmt":"2026-03-31T07:25:45","slug":"opranic-p6-hybrid-infrarotheizung","status":"publish","type":"product","link":"https:\/\/opranic.com\/de\/shop\/premium-infrarotheizung\/hybrid-p6-infrarotheizung\/opranic-p6-hybrid-infrarotheizung\/","title":{"rendered":"OPRANIC P6 Hybrid Infrarotheizung 550W &#8211; 900W"},"content":{"rendered":"<div class=\"wpb-content-wrapper\">[vc_row][vc_column][vc_tta_tabs shape=&#8220;square&#8220; active_section=&#8220;1&#8243; css=&#8220;.vc_custom_1760386833377{background-color: #FFFFFF00 !important;border-color: #FFFFFF00 !important;}&#8220;][vc_tta_section title=&#8220;Details&#8220; tab_id=&#8220;1715058604722-4be8b460-d501&#8243;]<style>.vcex-heading.vcex_69e7546d7fe20{font-weight:600;text-transform:uppercase;}<\/style><h2 class=\"vcex-heading vcex-heading-plain vcex-module wpex-heading wpex-text-2xl vcex_69e7546d7fe20\"><span class=\"vcex-heading-inner wpex-inline-block\">Opranic P6 Hybrid-Infrarotheizung - Hauptmerkmale<\/span><\/h2>[vc_column_text css=&#8220;.vc_custom_1725984920864{padding-bottom: 30px !important;}&#8220;]Die OPRANIC Hybrid P6 Serie bietet energieeffizientes Heizen mit ihrer innovativen Dual-Hybrid-Technologie, die Infrarot- und Konvektionsheizung kombiniert. Der Infrarot Heizstrahler gibt direkte, sonnen\u00e4hnliche Strahlungswellen ab, w\u00e4hrend die Konvektionsw\u00e4rme durch die Zirkulation erw\u00e4rmter Luft im offenen Geh\u00e4use des Paneels erzeugt wird. Dieser duale Ansatz steigert die Effizienz durch eine gleichm\u00e4\u00dfige W\u00e4rmeverteilung im gesamten Raum.  <\/p>\n<p>Die OPRANIC Hybrid P6 Serie ist in 550 W und 900 W erh\u00e4ltlich. Die Energieeffizienz wird durch eigenentwickelte Widerst\u00e4nde und Nanotechnologie-Silikonkabel erreicht. Die Heizwiderst\u00e4nde erstrecken sich bis zu den R\u00e4ndern des Ger\u00e4ts und gew\u00e4hrleisten eine gleichm\u00e4\u00dfige W\u00e4rmeverteilung ohne Hotspots. Die OPRANIC Hybrid Serie wandelt ca. 99 % der elektrischen Energie in W\u00e4rmeleistung um und bietet maximale Energieeffizienz bei einer Oberfl\u00e4chentemperatur von bis zu 110 \u00b0C.   <\/p>\n<p>Die P6 Infrarotheizung ist mit einem integrierten mechanischen Thermostat ausgestattet, das eine stufenlose Einstellung der Oberfl\u00e4chentemperatur erm\u00f6glicht. Die P6 Hybrid Infrarotheizung ist mit 4 cm Tiefe sehr flach, aus einem hochwertigen Metallgeh\u00e4use gefertigt, langlebig und in einem eleganten wei\u00dfen Finish gehalten. <\/p>\n<p>Das speziell entwickelte Montagesystem verf\u00fcgt \u00fcber einen Sicherheitsverriegelungsmechanismus f\u00fcr eine sichere horizontale Wandinstallation. Die OPRANIC P6-Serie besitzt die Schutzart IP24, was sie durch den Schutz gegen Spritzwasser sicher f\u00fcr den Einsatz im Badezimmer macht, und verf\u00fcgt \u00fcber einen integrierten \u00dcberhitzungs- und \u00dcberspannungsschutz. Sie ist nach CE-, EMV-, REACH- und RoHS-Standards zertifiziert und wird mit einer 3-j\u00e4hrigen Garantie geliefert.[\/vc_column_text]<h3 class=\"vcex-heading vcex-heading-plain vcex-module wpex-heading wpex-text-2xl\"><span class=\"vcex-heading-inner wpex-inline-block\">Mach es tragbar oder verwende es im Badezimmer als Handtuchheizung.<\/span><\/h3>[vc_column_text css=&#8220;.vc_custom_1725984912798{padding-bottom: 30px !important;}&#8220;]\n<div class=\"wpb_text_column wpb_content_element vc_custom_1725955535196\">\n<div class=\"wpb_wrapper\">\n<p>Die Hybrid P6-Serie kann unabh\u00e4ngig und mobil eingesetzt werden, wobei Standf\u00fc\u00dfe optional f\u00fcr eine einfache Nutzung an jedem Ort erh\u00e4ltlich sind. Die Serie ist zudem mit anderen steckbaren Thermostatsystemen kompatibel und l\u00e4sst sich f\u00fcr zus\u00e4tzlichen Komfort in Smart-Home-Umgebungen integrieren. Die OPRANIC Hybrid P6-Serie gew\u00e4hrleistet effizientes, unabh\u00e4ngiges Heizen, wo immer es ben\u00f6tigt wird.  <\/p>\n<p>Sie k\u00f6nnen unsere OPRANIC Metall-Serie mit Standf\u00fc\u00dfen aus Metall in ein mobiles Heizger\u00e4t verwandeln. Dank des einfach zu bedienenden Halterungssystems k\u00f6nnen Sie das Ger\u00e4t von der Wand oder Decke abnehmen und in ein vielseitiges mobiles Heizger\u00e4t umwandeln. <\/p>\n<p>Opranic Infrarotheizungen sind die idealen Badheizk\u00f6rper f\u00fcr Ihr Zuhause und verwandeln k\u00fchle Badezimmer in warme, einladende R\u00e4ume. Diese Heizger\u00e4te bieten effiziente, wohlige W\u00e4rme und sind eine unverzichtbare Erg\u00e4nzung f\u00fcr Ihre t\u00e4gliche Badroutine. Unsere Infrarot-Badheizk\u00f6rper liefern dank fortschrittlicher Dunkelinfrarot-Technologie intensive Strahlungsw\u00e4rme bei maximaler Energieeffizienz. Als perfekte Infrarotheizung f\u00fcr das Badezimmer konzipiert, sind diese Ger\u00e4te spritzwassergesch\u00fctzt und gew\u00e4hrleisten Sicherheit in feuchten Umgebungen. Mit elegantem Design und langlebiger Konstruktion sind unsere Infrarotheizungen das ideale Upgrade f\u00fcr Ihre Morgenroutine und bieten langanhaltenden Komfort und Stil in jedem Badezimmer.    <\/p>\n<\/div>\n<\/div>\n[\/vc_column_text]<h3 class=\"vcex-heading vcex-heading-plain vcex-module wpex-heading wpex-text-2xl\"><span class=\"vcex-heading-inner wpex-inline-block\">Wesentliche Merkmale<\/span><\/h3>[vc_column_text css=&#8220;.vc_custom_1725984928339{padding-bottom: 30px !important;}&#8220;]\n<ul>\n<li>Duale Hybrid-Technologie: Kombiniert Infrarot- und Konvektionsheizung f\u00fcr verbesserte Energieeffizienz und Leistung. Dunkle Infrarotheizung. <\/li>\n<li>Energie-Effizienz: Wandelt ca. 99% der elektrischen Energie in W\u00e4rmeleistung um, indem es fortschrittliche Widerst\u00e4nde und nanotechnologische Siliziumdr\u00e4hte verwendet.<\/li>\n<li>Gleichm\u00e4\u00dfige W\u00e4rmeverteilung: Heizwiderst\u00e4nde erstrecken sich bis an die R\u00e4nder und vermeiden dabei hei\u00dfe Stellen.<\/li>\n<li>Hochwertige Konstruktion: Hergestellt aus einem robusten Metallgeh\u00e4use mit einem schlanken, 4 cm tiefen Profil und einer seidenmatten wei\u00dfen Oberfl\u00e4che.<\/li>\n<li>Verbesserter Schutz: \u00dcberhitzungsschutz und Sicherheitshalterungen f\u00fcr eine sichere Installation.<\/li>\n<li>Elegantes Design: Seidenmatt-wei\u00dfe Oberfl\u00e4che und schlankes Geh\u00e4use von 4 cm f\u00fcr einen modernen Look.<\/li>\n<li>Zertifizierungen: Zertifiziert nach CE, RoHS, REACH und EMC. Integriertes Thermostat und Kompatibilit\u00e4t:<\/li>\n<li>Integriertes mechanisches Thermostat und Kompatibilit\u00e4t mit Smart-Home-Systemen.<\/li>\n<li>Optionale Mobilit\u00e4t: Kann mit optionalen Standf\u00fc\u00dfen in einen mobilen Ofen umgewandelt werden.<\/li>\n<li>Garantie: Garantierte Zuverl\u00e4ssigkeit mit einer 3-Jahres-Garantie.<\/li>\n<\/ul>\n[\/vc_column_text]<h3 class=\"vcex-heading vcex-heading-plain vcex-module wpex-heading wpex-text-2xl\"><span class=\"vcex-heading-inner wpex-inline-block\">Leistung<\/span><\/h3>[vc_column_text css=&#8220;.vc_custom_1725984936701{padding-bottom: 30px !important;}&#8220;]\n<ul>\n<li>Heizleistung: Erh\u00e4ltlich in Leistungsstufen von 550W und 900W<\/li>\n<li> Abmessungen:\n<ul>\n<li>550 Watt: 60 x 60 x 4 cm<\/li>\n<li>900 Watt: 100 x 60 x 4 cm<\/li>\n<\/ul>\n<\/li>\n<li>Heizfl\u00e4che: Bis zu 22 m\u00b2, je nach Modell.<\/li>\n<li>St\u00e4ndige Oberfl\u00e4chentemperatur 90 &#8211; 110\u00b0C.<\/li>\n<li>Temperatur auf der R\u00fcckseite: Ungef\u00e4hr 35 &#8211; 45\u00b0C.<\/li>\n<li>W\u00e4rme-Typ: Langwellige Infrarot-C-Strahlung.<\/li>\n<li>Montagetiefe: Gesamttiefe mit Halterung betr\u00e4gt 5,3 cm.<\/li>\n<li>Netzanschluss: 230V \/ 50Hz mit einem 1,7 m langen Netzkabel.<\/li>\n<\/ul>\n[\/vc_column_text]<h3 class=\"vcex-heading vcex-heading-plain vcex-module wpex-heading wpex-text-2xl\"><span class=\"vcex-heading-inner wpex-inline-block\">Technische Daten<\/span><\/h3>[vc_column_text css=&#8220;.vc_custom_1725984946609{padding-bottom: 30px !important;}&#8220;]\n<ul>\n<li>Material: Hochwertige Metallkonstruktion. Stromversorgung: 230V \/ 50Hz mit einem 1,9 m langen Stromkabel.<\/li>\n<li>Gewicht:\n<ul>\n<li>550 Watt: 7 kg<\/li>\n<li>900 Watt: 11 kg<\/li>\n<\/ul>\n<\/li>\n<li>Schutzklasse: I<\/li>\n<\/ul>\n[\/vc_column_text]<h3 class=\"vcex-heading vcex-heading-plain vcex-module wpex-heading wpex-text-2xl\"><span class=\"vcex-heading-inner wpex-inline-block\">Heizungsabdeckung: Ausschlie\u00dflich f\u00fcr geschlossene Innenr\u00e4ume<\/span><\/h3>[vc_column_text css=&#8220;.vc_custom_1725984956389{padding-bottom: 30px !important;}&#8220;]\n<ul>\n<li>550 Watt: bis zu ca. 14 m\u00b2<\/li>\n<li>900 Watt: bis zu ca. 22 m\u00b2<\/li>\n<\/ul>\n<p>Die oben genannten Sch\u00e4tzungen der Heizungsabdeckung basieren auf Messungen und Tests, die in gut isolierten R\u00e4umen durchgef\u00fchrt wurden. Die tats\u00e4chliche Heizfl\u00e4chenabdeckung kann aufgrund von Faktoren wie Deckenh\u00f6he, Raumgr\u00f6\u00dfe, D\u00e4mmqualit\u00e4t, Geb\u00e4udestruktur und Anzahl der Au\u00dfenw\u00e4nde variieren.[\/vc_column_text]<h3 class=\"vcex-heading vcex-heading-plain vcex-module wpex-heading wpex-text-2xl\"><span class=\"vcex-heading-inner wpex-inline-block\">Heizungstechnik<\/span><\/h3>[vc_column_text css=&#8220;.vc_custom_1725984967504{padding-bottom: 30px !important;}&#8220;]Heizdraht: Doppelte Heizleitertechnologie mit Serpentinenanordnung f\u00fcr eine gleichm\u00e4\u00dfige W\u00e4rmeverteilung und ohne zus\u00e4tzliche Magnetfelder. Der Heizfaden reicht bis zu den Kanten des Paneels und gew\u00e4hrleistet eine gleichm\u00e4\u00dfige Oberfl\u00e4chentemperatur und eine effiziente W\u00e4rmeabstrahlung ohne hei\u00dfe Stellen.[\/vc_column_text]<h3 class=\"vcex-heading vcex-heading-plain vcex-module wpex-heading wpex-text-2xl\"><span class=\"vcex-heading-inner wpex-inline-block\">Effizienz der Strahlung<\/span><\/h3>[vc_column_text css=&#8220;.vc_custom_1725984976211{padding-bottom: 30px !important;}&#8220;]Unsere Infrarotheizungen sind f\u00fcr eine optimale Energieumwandlung konzipiert, sodass mehr elektrische Energie direkt in W\u00e4rme umgewandelt wird. Sie \u00fcbertreffen Branchenstandards und bieten effiziente Heizleistung f\u00fcr kleine und gro\u00dfe R\u00e4ume. OPRANIC Infrarotheizungen liefern eine konsistente W\u00e4rmeverteilung bei minimalem Energieverlust, was zu erheblichen Einsparungen bei den Heizkosten f\u00fchrt.[\/vc_column_text]<h3 class=\"vcex-heading vcex-heading-plain vcex-module wpex-heading wpex-text-2xl\"><span class=\"vcex-heading-inner wpex-inline-block\">Eingebauter Thermostat und externer Thermostat<\/span><\/h3>[vc_column_text css=&#8220;.vc_custom_1725984843947{padding-bottom: 30px !important;}&#8220;]Die P6-Serie verf\u00fcgt \u00fcber ein integriertes mechanisches Thermostat, mit dem sich die Oberfl\u00e4chentemperatur des Heizger\u00e4ts einstellen l\u00e4sst. Das eingebaute Thermostat regelt die Heizleistung durch Anpassung der Oberfl\u00e4chentemperatur des Heizk\u00f6rpers. Zus\u00e4tzlich kann die P6 Hybrid Infrarotheizung mit einem externen Thermostat gesteuert werden, das nicht im Lieferumfang enthalten ist. Die Wahl eines geeigneten Thermostats h\u00e4ngt von der jeweiligen Anwendung ab. OPRANIC P6-Serie Infrarotheizungen verf\u00fcgen \u00fcber eine offene Schnittstelle, wodurch sie mit jedem Thermostatsystem kompatibel sind. Sie sind zudem f\u00fcr die Integration in Smart-Home-Umgebungen konzipiert und mit Thermostaten anderer Hersteller kompatibel.[\/vc_column_text]<h3 class=\"vcex-heading vcex-heading-plain vcex-module wpex-heading wpex-text-2xl\"><span class=\"vcex-heading-inner wpex-inline-block\">Sicherheitsmerkmale und Sicherheitsnutzung<\/span><\/h3>[vc_column_text css=&#8220;.vc_custom_1725984986793{padding-bottom: 30px !important;}&#8220;]\n<ul>\n<li>\u00dcberhitzungsschutz: Der integrierte Sicherheitsschalter verhindert gef\u00e4hrliche Temperaturen.<\/li>\n<li>IP24 Schutzklasse: Gesch\u00fctzt gegen Spritzwasser aus allen Richtungen<\/li>\n<li>Sicherheitsabst\u00e4nde: Halten Sie einen Sicherheitsabstand von 30 cm nach vorne und 10 cm nach allen Seiten, einschlie\u00dflich nach oben und unten, zu brennbaren Gegenst\u00e4nden ein.<\/li>\n<\/ul>\n[\/vc_column_text]<h3 class=\"vcex-heading vcex-heading-plain vcex-module wpex-heading wpex-text-2xl\"><span class=\"vcex-heading-inner wpex-inline-block\">Anwendungsbereiche f\u00fcr die P6 Hybrid-Infrarotheizung<\/span><\/h3>[vc_column_text css=&#8220;.vc_custom_1725984855328{padding-bottom: 30px !important;}&#8220;]Innenr\u00e4ume: Ideal f\u00fcr Wohnzimmer, B\u00fcros, B\u00e4der, Schlafzimmer, K\u00fcchen, Kinderzimmer, Waschk\u00fcchen, Keller und Dachb\u00f6den, Hobbyr\u00e4ume, Gartenh\u00e4user, Winterg\u00e4rten, Ferienh\u00e4user, kleine Wohnungen, Gew\u00e4chsh\u00e4user usw.[\/vc_column_text]<h3 class=\"vcex-heading vcex-heading-plain vcex-module wpex-heading wpex-text-2xl\"><span class=\"vcex-heading-inner wpex-inline-block\">Montageanleitung<\/span><\/h3>[vc_column_text css=&#8220;.vc_custom_1725984996328{padding-bottom: 30px !important;}&#8220;]Die im Paket enthaltenen Halterungen sind f\u00fcr die Wandmontage geeignet und erm\u00f6glichen eine horizontale Installation des Ofens. Zur Installation befestigen Sie die Halterung mit den mitgelieferten Schrauben und D\u00fcbeln an der Wand. Dann schieben Sie den Ofen an seinen Platz und drehen den Sicherheitsb\u00fcgel, um eine sichere und einfache Installation zu gew\u00e4hrleisten. F\u00fcr eine optimale Heizleistung empfehlen wir einen maximalen Abstand von 3 bis 4 Metern von der gew\u00fcnschten Heizfl\u00e4che.[\/vc_column_text]<h3 class=\"vcex-heading vcex-heading-plain vcex-module wpex-heading wpex-text-2xl\"><span class=\"vcex-heading-inner wpex-inline-block\">Lieferumfang<\/span><\/h3>[vc_column_text css=&#8220;.vc_custom_1725987104340{padding-bottom: 30px !important;}&#8220;]\n<ul>\n<li>1 x OPRANIC P6 Metall Hybrid Infrarot-Panel<\/li>\n<li>1 x Patentierte Montagehalterung<\/li>\n<li>1 x Installationskit (D\u00fcbel &amp; Schrauben)<\/li>\n<li>1 x Benutzerhandbuch<\/li>\n<li>1 x Integriertes Netzkabel<\/li>\n<\/ul>\n[\/vc_column_text]<h3 class=\"vcex-heading vcex-heading-plain vcex-module wpex-heading wpex-text-2xl\"><span class=\"vcex-heading-inner wpex-inline-block\">Technische Daten<\/span><\/h3>[vc_column_text css=&#8220;.vc_custom_1725985012617{padding-bottom: 30px !important;}&#8220;]\n<ul>\n<li>Farbe: Wei\u00df<\/li>\n<li>Leistung: 550W und 900W<\/li>\n<li>Maximaler Wirkungsgrad: Ungef\u00e4hr 99% der elektrischen Energie in W\u00e4rmeleistung umgewandelt<\/li>\n<li>Beheizbare Fl\u00e4che: Bis zu 22 Quadratmeter, je nach Modell<\/li>\n<\/ul>\n<p>Die OPRANIC P6-Serie kombiniert fortschrittliche Infrarottechnologie mit elegantem Design f\u00fcr eine effiziente und sichere Heizl\u00f6sung, die f\u00fcr verschiedene Innenanwendungen geeignet ist.[\/vc_column_text]<h2 class=\"vcex-heading vcex-heading-plain vcex-module wpex-heading wpex-text-2xl\"><span class=\"vcex-heading-inner wpex-inline-block\">Verordnung (EU) 2015\/1188<\/span><\/h2>[vc_column_text css=&#8220;&#8220;]Bitte beachten Sie die EU-\u00d6kodesign-Verordnung 2015\/1188. Um die Heizung gem\u00e4\u00df der EU-Verordnung Nr. 2015\/1188 zu betreiben, verwenden Sie bitte ein zus\u00e4tzliches elektronisches Thermostatsystem mit \u201eFenster-offen\u201c-Erkennung und Wochentagsprogrammierung. Dieses Produkt ist nur f\u00fcr gut isolierte R\u00e4ume oder f\u00fcr den gelegentlichen Gebrauch geeignet (EU-Verordnung 2015\/1188 Artikel 3, Anhang II b) II (2). Der Raumtemperaturregler ist nicht Bestandteil des Produkts. Da die Schnittstellen offen sind, k\u00f6nnen Sie entweder Ihr eigenes Thermostatsystem oder zum Beispiel unser OT50-Thermostatsystem verwenden. Die OPRANIC P6 Hybrid-Serie verf\u00fcgt \u00fcber ein mechanisch integriertes Oberfl\u00e4chenthermostat.[\/vc_column_text][\/vc_tta_section][vc_tta_section title=&#8220;FAQ&#8220; tab_id=&#8220;1715058630675-41822335-92e1&#8243;][vc_row_inner equal_height=&#8220;yes&#8220; remove_bottom_col_margin=&#8220;true&#8220; css=&#8220;.vc_custom_1715063689585{padding-top: 30px !important;padding-bottom: 30px !important;}&#8220; el_id=&#8220;faq&#8220;][vc_column_inner]<style>.vcex-heading.vcex_69e7546d86832{font-weight:600;text-transform:uppercase;}<\/style><h2 class=\"vcex-heading vcex-heading-plain vcex-module wpex-heading wpex-text-2xl vcex_69e7546d86832\"><span class=\"vcex-heading-inner wpex-inline-block\">FAQ - P6 Hybrid Metall<\/span><\/h2>[vc_toggle title=&#8220;IST DIE OPRANIC P6 HYBRID INFRAROTHEIZUNG SICHER F\u00dcR DEN EINSATZ IN BADEZIMMERN?&#8220; style=&#8220;arrow&#8220; css=&#8220;&#8220;]Ja, der OPRANIC P6 Hybrid Badezimmer-Infrarot Heizstrahler ist IP24-zertifiziert und somit sicher f\u00fcr den Einsatz in Badezimmern. Er ist gegen Spritzwasser gesch\u00fctzt und verf\u00fcgt \u00fcber einen \u00dcberhitzungsschutz zur Gew\u00e4hrleistung der Benutzersicherheit. Dieser Heizstrahler verleiht Ihrem Badezimmer mit seinem schlanken Design nicht nur Eleganz, sondern sorgt auch f\u00fcr wohlige W\u00e4rme und steigert so Ihr Wohlbefinden.[\/vc_toggle][vc_toggle title=&#8220;WAS IST DIE DUAL-HYBRID-TECHNOLOGIE DER OPRANIC P6 HYBRID INFRAROTHEIZUNG?&#8220; style=&#8220;arrow&#8220; css=&#8220;&#8220;]Die Dual-Hybrid-Technologie im Opranic P6 kombiniert Infrarot- und Konvektionsheizung und bietet sowohl sonnen\u00e4hnliche Strahlungsw\u00e4rme als auch erw\u00e4rmte Luft. Die Infrarotheizung erw\u00e4rmt direkt Objekte und Menschen im Raum, \u00e4hnlich wie Sonnenlicht W\u00e4rme spendet. Die Konvektionsheizung hingegen erw\u00e4rmt die Luft und schafft so eine gleichm\u00e4\u00dfigere Raumtemperatur. Durch die Kombination dieser beiden Methoden wird eine schnellere und gleichm\u00e4\u00dfigere W\u00e4rme gew\u00e4hrleistet, wodurch der Komfort maximiert und der Energieverbrauch minimiert wird.[\/vc_toggle][\/vc_column_inner][\/vc_row_inner][\/vc_tta_section][vc_tta_section title=&#8220;Media&#8220; tab_id=&#8220;1760357335507-d5564118-4f52&#8243;][\/vc_tta_section][\/vc_tta_tabs][\/vc_column][\/vc_row]\n<\/div>","protected":false},"excerpt":{"rendered":"<div class=\"product-description\">\n<p>Erleben Sie schnelle, sonnen\u00e4hnliche W\u00e4rme mit dem Opranic P6 Hybrid Infrarot-Panelheizger\u00e4t. Sein schlankes 4&nbsp;cm-Metallgeh\u00e4use und die seidenmatte wei\u00dfe Oberfl\u00e4che sorgen f\u00fcr effizienten, gleichm\u00e4\u00dfigen Komfort, w\u00e4hrend das duale Hybrid-Design strahlende Infrarotw\u00e4rme mit sanfter Konvektion kombiniert \u2013 f\u00fcr ausgewogene Raumw\u00e4rme in den Modellen mit 550&nbsp;W oder 900&nbsp;W. <\/p>\n<ul class=\"premium-features\">\n<li>Duale Hybridheizung: Infrarot + Konvektion f\u00fcr hohe Effizienz<\/li>\n<li>Eingebautes mechanisches Thermostat mit stufenloser Regelung<\/li>\n<li>IP24 spritzwassergesch\u00fctzt und f\u00fcr Badezimmer geeignet<\/li>\n<li>Sichere horizontale Wandmontage mit Sicherheitsverriegelung &amp; \u00dcberhitzungsschutz<\/li>\n<li>Zertifiziert nach CE, RoHS, REACH &amp; EMV; 3 Jahre Garantie<\/li>\n<\/ul>\n<\/div>\n","protected":false},"featured_media":19423,"comment_status":"closed","ping_status":"closed","template":"","meta":{"_acf_changed":false,"inline_featured_image":false,"_joinchat":[]},"product_brand":[],"product_cat":[321,356],"product_tag":[795,796],"class_list":{"0":"post-12751","1":"product","2":"type-product","3":"status-publish","4":"has-post-thumbnail","6":"product_cat-premium-infrarotheizung","7":"product_cat-hybrid-p6-infrarotheizung","8":"product_tag-hybrides-heizpaneel-2","9":"product_tag-infrarot-heizpaneel-2","10":"pa_power-w-550-de","11":"pa_power-w-900-de","12":"entry","13":"has-media","15":"first","16":"instock","17":"sale","18":"taxable","19":"shipping-taxable","20":"purchasable","21":"product-type-variable","22":"has-default-attributes"},"acf":[],"_links":{"self":[{"href":"https:\/\/opranic.com\/de\/wp-json\/wp\/v2\/product\/12751","targetHints":{"allow":["GET"]}}],"collection":[{"href":"https:\/\/opranic.com\/de\/wp-json\/wp\/v2\/product"}],"about":[{"href":"https:\/\/opranic.com\/de\/wp-json\/wp\/v2\/types\/product"}],"replies":[{"embeddable":true,"href":"https:\/\/opranic.com\/de\/wp-json\/wp\/v2\/comments?post=12751"}],"wp:featuredmedia":[{"embeddable":true,"href":"https:\/\/opranic.com\/de\/wp-json\/wp\/v2\/media\/19423"}],"wp:attachment":[{"href":"https:\/\/opranic.com\/de\/wp-json\/wp\/v2\/media?parent=12751"}],"wp:term":[{"taxonomy":"product_brand","embeddable":true,"href":"https:\/\/opranic.com\/de\/wp-json\/wp\/v2\/product_brand?post=12751"},{"taxonomy":"product_cat","embeddable":true,"href":"https:\/\/opranic.com\/de\/wp-json\/wp\/v2\/product_cat?post=12751"},{"taxonomy":"product_tag","embeddable":true,"href":"https:\/\/opranic.com\/de\/wp-json\/wp\/v2\/product_tag?post=12751"}],"curies":[{"name":"wp","href":"https:\/\/api.w.org\/{rel}","templated":true}]}}