{"id":12802,"date":"2024-07-12T10:30:35","date_gmt":"2024-07-12T08:30:35","guid":{"rendered":"https:\/\/opranic.com\/shop\/unkategorisiert\/opranic-i90-vega-industrie-infrarotheizung\/"},"modified":"2024-07-12T10:45:07","modified_gmt":"2024-07-12T08:45:07","slug":"opranic-i90-vega-industrie-infrarotheizung","status":"publish","type":"product","link":"https:\/\/opranic.com\/de\/shop\/infrarotstrahler\/vega-i901\/opranic-i90-vega-industrie-infrarotheizung\/","title":{"rendered":"OPRANIC I90 &#8211; VEGA Industrie-Infrarotheizung"},"content":{"rendered":"","protected":false},"excerpt":{"rendered":"<h2 class=\"vcex-heading vcex-heading-plain vcex-module wpex-heading wpex-text-2xl\">\n  <span class=\"vcex-heading-inner wpex-inline-block\">UNTERST\u00dcTZUNG BEI DER ANPASSUNG<\/span><br \/>\n<\/h2>\n<div class=\"wpb_text_column wpb_content_element section-margin\">\n<div class=\"wpb_wrapper\">\n<p>Der Opranic Pro Vega Industrie-Infrarotstrahler kann auf Ihre speziellen Bed\u00fcrfnisse zugeschnitten werden. Der VEGA ist standardm\u00e4\u00dfig mit drei Heizf\u00e4den ausgestattet, wir k\u00f6nnen ihn aber auch mit einem oder zwei Heizf\u00e4den nach Ihren W\u00fcnschen herstellen. Nehmen Sie einfach Kontakt mit uns auf und wir werden unser Bestes tun, um Ihnen zu helfen.<\/p>\n<h2 class=\"vcex-heading vcex-heading-plain vcex-module wpex-heading wpex-text-2xl\">\n      <span class=\"vcex-heading-inner wpex-inline-block\">VEGA INDUSTRIE-INFRAROTHEIZUNG<\/span><br \/>\n    <\/h2>\n<p>Die Opranic Vega Infrarotheizung f\u00fcr die Industrie ist eine leistungsstarke Serie von mittelwelligen Infrarotheizungen mit bis zu 9000W (9kW) f\u00fcr die Beheizung gro\u00dfer Fl\u00e4chen wie Industriehallen, Sportarenen, Lagerhallen und andere gro\u00dfe Fl\u00e4chen. Durch die hohe Effizienz und die optimale Wellenl\u00e4nge der Strahlung werden die Heizkosten im Vergleich zu herk\u00f6mmlichen Heizmethoden gesenkt.<\/p>\n<\/p><\/div>\n<\/div>\n","protected":false},"featured_media":19471,"comment_status":"closed","ping_status":"closed","template":"","meta":{"_acf_changed":false,"inline_featured_image":false,"_joinchat":[]},"product_brand":[],"product_cat":[386,339],"product_tag":[],"class_list":{"0":"post-12802","1":"product","2":"type-product","3":"status-publish","4":"has-post-thumbnail","6":"product_cat-vega-i901","7":"product_cat-infrarotstrahler","8":"pa_power-w-5400-de","9":"pa_power-w-6900-de","10":"pa_power-w-9000-de","11":"entry","12":"has-media","14":"first","15":"instock","16":"taxable","17":"shipping-taxable","18":"purchasable","19":"product-type-variable"},"acf":[],"_links":{"self":[{"href":"https:\/\/opranic.com\/de\/wp-json\/wp\/v2\/product\/12802","targetHints":{"allow":["GET"]}}],"collection":[{"href":"https:\/\/opranic.com\/de\/wp-json\/wp\/v2\/product"}],"about":[{"href":"https:\/\/opranic.com\/de\/wp-json\/wp\/v2\/types\/product"}],"replies":[{"embeddable":true,"href":"https:\/\/opranic.com\/de\/wp-json\/wp\/v2\/comments?post=12802"}],"wp:featuredmedia":[{"embeddable":true,"href":"https:\/\/opranic.com\/de\/wp-json\/wp\/v2\/media\/19471"}],"wp:attachment":[{"href":"https:\/\/opranic.com\/de\/wp-json\/wp\/v2\/media?parent=12802"}],"wp:term":[{"taxonomy":"product_brand","embeddable":true,"href":"https:\/\/opranic.com\/de\/wp-json\/wp\/v2\/product_brand?post=12802"},{"taxonomy":"product_cat","embeddable":true,"href":"https:\/\/opranic.com\/de\/wp-json\/wp\/v2\/product_cat?post=12802"},{"taxonomy":"product_tag","embeddable":true,"href":"https:\/\/opranic.com\/de\/wp-json\/wp\/v2\/product_tag?post=12802"}],"curies":[{"name":"wp","href":"https:\/\/api.w.org\/{rel}","templated":true}]}}