{"id":19890,"date":"2024-07-07T19:58:20","date_gmt":"2024-07-07T17:58:20","guid":{"rendered":"https:\/\/opranic.com\/shop\/unkategorisiert\/opranic-p5-metall-infrarotheizung-300w-900w\/"},"modified":"2026-04-14T20:50:22","modified_gmt":"2026-04-14T18:50:22","slug":"opranic-p5-metall-infrarotheizung-300w-900w","status":"publish","type":"product","link":"https:\/\/opranic.com\/de\/shop\/premium-infrarotheizung\/p5-effiziente-infrarotheizung\/opranic-p5-metall-infrarotheizung-300w-900w\/","title":{"rendered":"OPRANIC P5 Metall-Infrarotheizung 300 W &#8211; 900 W"},"content":{"rendered":"<div class=\"wpb-content-wrapper\">[vc_row][vc_column][vc_tta_tabs shape=&#8220;square&#8220; active_section=&#8220;1&#8243; css=&#8220;.vc_custom_1760386833377{background-color: #FFFFFF00 !important;border-color: #FFFFFF00 !important;}&#8220;][vc_tta_section title=&#8220;Details&#8220; tab_id=&#8220;1715058604722-4be8b460-d501&#8243;]<style>.vcex-heading.vcex_69e7b2b1a3be6{text-transform:capitalize;}<\/style><h2 class=\"vcex-heading vcex-heading-plain vcex-module wpex-heading wpex-text-2xl vcex_69e7b2b1a3be6\"><span class=\"vcex-heading-inner wpex-inline-block\">Hauptmerkmale der Opranic P5 Metal Infrarotheizung<\/span><\/h2>[vc_column_text css=&#8220;&#8220;]Die Opranic P5 Metall Infrarotheizung nutzt dunkle Infrarot-Heiztechnologie und erreicht einen hohen Wirkungsgrad, indem sie etwa 99 % der elektrischen Energie in W\u00e4rme umwandelt. Die P5-Serie ist ein effizienter Infrarot Heizstrahler f\u00fcr den Innenbereich.  Sie gew\u00e4hrleistet eine gleichm\u00e4\u00dfige W\u00e4rmeverteilung und bietet konstante W\u00e4rme in Ihrem Raum.<\/p>\n<h3>Merkmale<\/h3>\n<ul>\n<li><strong>Fortschrittliche Technologie:<\/strong> Die Dunkel-Infrarot-Heiztechnologie bietet eine gleichm\u00e4\u00dfige, sonnen\u00e4hnliche W\u00e4rme.<\/li>\n<li><strong>Effiziente Heizung:<\/strong> Die r\u00fcckseitige Isolierung mit einem Aluminiumreflektor reduziert den W\u00e4rmeverlust.<\/li>\n<li><strong>Hochwertige Konstruktion:<\/strong> Robustes Metallgeh\u00e4use.<\/li>\n<li><strong>Verbesserter Schutz:<\/strong> \u00dcberhitzungsschutz und Sicherheitsb\u00fcgel.<\/li>\n<li><strong>Elegantes Design:<\/strong> Seidenmatte wei\u00dfe Oberfl\u00e4che und eine ultraflache Tiefe von 2,5 cm f\u00fcr einen modernen Look.<\/li>\n<li><strong>Vielseitige Installation:<\/strong> Horizontale oder vertikale Montage an W\u00e4nden oder Decken.<\/li>\n<li><strong>Schutzart IP44:<\/strong> Sicher f\u00fcr den Einsatz in Badezimmern, gesch\u00fctzt gegen Spritzwasser.<\/li>\n<li><strong>Sicherheit:<\/strong> Eingebauter \u00dcberhitzungsschutz f\u00fcr maximale Sicherheit.<\/li>\n<li><strong>Zertifizierungen:<\/strong> T\u00dcV S\u00fcd, CE, RoHS, REACH und EMV.<\/li>\n<li><strong>Thermostatkompatibilit\u00e4t:<\/strong> Funktioniert mit externen Thermostaten.<\/li>\n<li><strong>Garantie:<\/strong> 5 Jahre Garantie f\u00fcr Produktzuverl\u00e4ssigkeit.<\/li>\n<\/ul>\n<h3>Design und Sicherheitsmerkmale der Opranic P5 Infrarotheizung<\/h3>\n<p>Die Opranic P5 Metall-Infrarotheizung hat ein hochwertiges, wei\u00df-mattes, strukturiertes Design. Es sieht nicht nur gut aus, sondern ist auch sicher zu ber\u00fchren. Diese Heizung l\u00e4sst sich schnell und einfach an W\u00e4nden oder Decken montieren und bietet vielseitige Installationsm\u00f6glichkeiten. Er enth\u00e4lt sowohl einen \u00dcberhitzungs- als auch einen \u00dcberspannungsschutz. Mit der Schutzart IP44 ist sie sicher f\u00fcr den Einsatz in Badezimmern.    <\/p>\n<h3>Kompatibilit\u00e4t und Zertifizierung von Opranic P5 Infrarotheizung<\/h3>\n<p>Die Opranic P5 Metal Infrarotheizung funktioniert mit anderen Thermostatsystemen und Smart-Home-Umgebungen f\u00fcr zus\u00e4tzlichen Komfort und Vielseitigkeit. Die P5 Infrarotheizungen zur Wandmontage sind von T\u00dcV S\u00fcd, CE, EMV, REACH und RoHS zertifiziert und gew\u00e4hrleisten Zuverl\u00e4ssigkeit und Langlebigkeit f\u00fcr den langfristigen Einsatz. <\/p>\n<h3>Exklusiver Luxus mit Opranic Badheizk\u00f6rpern<\/h3>\n<p>OPRANIC Infrarotheizungen eignen sich ideal f\u00fcr den Einsatz im Badezimmer. Mit der Dunkelstrahler-Infrarotheiztechnologie bieten Opranic Infrarotheizungen eine angenehme, sonnen\u00e4hnliche W\u00e4rme, die direkt auf Ihren K\u00f6rper strahlt und f\u00fcr ein behagliches Gef\u00fchl sorgt. Sie tragen auch dazu bei, Badezimmerw\u00e4nde trocken und schimmelfrei zu halten, wodurch der Bedarf an Entfeuchtung reduziert wird. Die P5-Serie mit ihrem ultraflachen 2,5 cm Profil und modernem Design kann horizontal oder vertikal an Wand oder Decke montiert werden, was wertvollen Platz spart. Mit OPRANIC erhalten Sie sonnen\u00e4hnliche Infrarotw\u00e4rme im Badezimmer.    <\/p>\n<p>Die Metallstrahler der OPRANIC P5-Serie sind Premium-Infrarotstrahler, die mit hocheffizienter Dunkel-Infrarot-Heiztechnologie entwickelt wurden. Erh\u00e4ltlich mit Leistungen bis zu 900 Watt, verf\u00fcgen diese Infrarot Heizstrahler \u00fcber innovative Widerstands- und Nanotechnik-Drahtverkabelung und ca. 99 % Energieeffizienz. OPRANIC P5 Serie Infrarot Heizstrahler haben eine elegante wei\u00dfe Metalloberfl\u00e4che mit seidenmatter Veredelung und eine hochwertige Heizmatte, die gleichm\u00e4\u00dfige, sonnen\u00e4hnliche Strahlungsw\u00e4rme liefert. Trotz einer schlanken Tiefe von nur 2,5 cm bieten sie robuste Heizleistung. Wand- und Deckenhalterungen gew\u00e4hrleisten sichere Montage. Die OPRANIC P5 Serie ist IP44-zertifiziert, wodurch sie spritzwasser- und feuchtigkeitsbest\u00e4ndig und f\u00fcr Badezimmer geeignet ist.     Mit integriertem \u00dcberhitzungsschutz und eingebauten Sicherheitsschaltern, die verhindern, dass die Paneele gef\u00e4hrliche Temperaturen erreichen, sind diese Infrarot Heizstrahler sowohl sicher als auch zuverl\u00e4ssig. Sie sind Smart-Home-kompatibel und verf\u00fcgen \u00fcber eine fortschrittliche Isolierung sowie ein robustes Metallgeh\u00e4use. Jede Infrarotheizung wird durch eine 5-Jahres-Garantie f\u00fcr zuverl\u00e4ssige, langlebige Leistung abgesichert.  <\/p>\n<h3>Optionales Zubeh\u00f6r, Beine<\/h3>\n<p>Sie k\u00f6nnen unsere OPRANIC Metall-Serie mit Metallf\u00fc\u00dfen in eine mobile Heizeinheit verwandeln. Dank des einfach zu bedienenden Montagesystems k\u00f6nnen Sie das Ger\u00e4t von der Wand oder Decke abnehmen und in eine vielseitige mobile Heizung umwandeln.<br \/>\n[\/vc_column_text]<h2 class=\"vcex-heading vcex-heading-plain vcex-module wpex-heading wpex-text-2xl\"><span class=\"vcex-heading-inner wpex-inline-block\">Technische Daten<\/span><\/h2>[vc_column_text css=&#8220;&#8220;]\n<ul>\n<li>Heizleistung: Modelle von 300W bis 900W f\u00fcr verschiedene Raumgr\u00f6\u00dfen erh\u00e4ltlich.<\/li>\n<li>Abmessungen:\n<ul>\n<li>300 Watt: 60 x 40 x 2,5 cm<\/li>\n<li>450 Watt: 60 x 60 x 2,5 cm<\/li>\n<li>700 Watt: 60 x 90 x 2,5 cm<\/li>\n<li>900 Watt: 60 x 120 x 2,5 cm<\/li>\n<\/ul>\n<\/li>\n<li>Heizfl\u00e4che: Geeignet f\u00fcr R\u00e4ume von 6 m\u00b2 bis 20 m\u00b2, je nach Modell.<\/li>\n<li>Oberfl\u00e4chentemperatur: Bis zu 110\u00b0C.<\/li>\n<li>R\u00fcckseitige Temperatur: Ungef\u00e4hr 35 bis 45 \u00b0C.<\/li>\n<li>W\u00e4rme-Typ: Langwellige Infrarot-C-Strahlung.<\/li>\n<li>Montagetiefe: Die Gesamttiefe mit Halterung betr\u00e4gt 5 cm.<\/li>\n<li>Netzanschluss: 230V \/ 50Hz mit einem 1,9 m langen Netzkabel.<\/li>\n<\/ul>\n<h3>Leistung und Gewicht<\/h3>\n<ul>\n<li>Material: Hochwertige Metallkonstruktion.<\/li>\n<li>Netzanschluss: 230V \/ 50Hz mit einem 1,9 m langen Netzkabel.<\/li>\n<li>Gewicht:\n<ul>\n<li>300 Watt: 5,5 kg<\/li>\n<li>450 Watt: 6,9 kg<\/li>\n<li>700 Watt: 8,4 kg<\/li>\n<li>900 Watt: 12,2 kg<\/li>\n<\/ul>\n<\/li>\n<li>Schutzklasse: I<\/li>\n<\/ul>\n<h3>Heizungsabdeckung: Ausschlie\u00dflich f\u00fcr geschlossene Innenr\u00e4ume<\/h3>\n<ul>\n<li>300 Watt: bis zu ca. 8 m\u00b2<\/li>\n<li>450 Watt: bis zu ca. 12 m\u00b2<\/li>\n<li>700 Watt: bis zu ca. 16 m\u00b2<\/li>\n<li>900 Watt: bis zu ca. 20 m\u00b2<\/li>\n<\/ul>\n<p>Die oben genannten Sch\u00e4tzungen der Heizungsabdeckung basieren auf Messungen und Tests, die in gut isolierten R\u00e4umen durchgef\u00fchrt wurden. Die tats\u00e4chliche Abdeckung kann aufgrund von Faktoren wie Deckenh\u00f6he, Raumgr\u00f6\u00dfe, Isolationsqualit\u00e4t, Geb\u00e4udestruktur und der Anzahl der Au\u00dfenw\u00e4nde variieren. <\/p>\n<h3>Heizungstechnik<\/h3>\n<ul>\n<li><strong>Heizfaden:<\/strong> Twin-Heat-Conductor-Technologie mit einer Serpentinenanordnung f\u00fcr eine gleichm\u00e4\u00dfige W\u00e4rmeverteilung und keine zus\u00e4tzlichen Magnetfelder. Der Heizfaden reicht bis zu den Kanten des Paneels und gew\u00e4hrleistet eine gleichm\u00e4\u00dfige Oberfl\u00e4chentemperatur und eine effiziente W\u00e4rmeabstrahlung ohne hei\u00dfe Stellen. <\/li>\n<li><strong>R\u00fcckseitige Isolierung:<\/strong> Hochwertiger Aluminiumreflektor mit einer 2,5 cm dicken Mineralwolle-W\u00e4rmeisolationsschicht f\u00fcr gezielte Vorw\u00e4rtsw\u00e4rmereflexion, wodurch Energieverluste minimiert werden. Dieses Design ist \u00e4u\u00dferst effizient und sicher. <\/li>\n<\/ul>\n<h3>Effizienz der Strahlung<\/h3>\n<p>Unsere Infrarotheizungen sind f\u00fcr eine optimale Energieumwandlung konzipiert, so dass mehr elektrische Energie direkt in W\u00e4rme umgewandelt wird. Sie \u00fcbertreffen die Industriestandards und bieten eine effiziente Heizung f\u00fcr kleine und gro\u00dfe R\u00e4ume. OPRANIC Infrarot Heizstrahler liefern gleichm\u00e4\u00dfige W\u00e4rmeverteilung bei minimalem Energieverlust, was zu erheblichen Einsparungen bei den Heizkosten f\u00fchrt.<\/p>\n<h3>Eingebauter Thermostat und externer Thermostat<\/h3>\n<p>F\u00fcr eine effiziente Energieoptimierung empfehlen wir die Verwendung von Infrarot Heizstrahlern mit einem Thermostat. Das Thermostat ist nicht in der Produktverpackung enthalten. Die Auswahl eines geeigneten Thermostats h\u00e4ngt von der geplanten Anwendung ab. Die Infrarotheizungen der Serie OPRANIC P5 verf\u00fcgen \u00fcber eine offene Schnittstelle, wodurch sie mit jedem Thermostatsystem kompatibel sind. Sie sind auch f\u00fcr die Integration in Smart Home-Umgebungen konzipiert und mit Thermostaten anderer Hersteller kompatibel.<\/p>\n<h3>Sicherheitsmerkmale und Sicherheitsnutzung<\/h3>\n<ul>\n<li>\u00dcberhitzungsschutz: Der integrierte Sicherheitsschalter verhindert gef\u00e4hrliche Temperaturen.<\/li>\n<li>Schutzart IP44: Sch\u00fctzt vor Spritzwasser, geeignet f\u00fcr den Gebrauch im Badezimmer.<\/li>\n<li>Sicherheitsabst\u00e4nde: Halten Sie einen Sicherheitsabstand von 30 cm nach vorne und 10 cm nach allen Seiten, einschlie\u00dflich nach oben und unten, zu brennbaren Gegenst\u00e4nden ein.<\/li>\n<\/ul>\n<h3>Anwendungen f\u00fcr die P5 Metal Infrarotheizung<\/h3>\n<p><strong>Innenbereiche:<\/strong> Ideal f\u00fcr Wohnzimmer, B\u00fcros, Badezimmer, Schlafzimmer, K\u00fcchen, Kinderzimmer, Waschk\u00fcchen, Keller und Dachb\u00f6den, Hobbyr\u00e4ume, Gartenh\u00e4user, Winterg\u00e4rten, Ferienwohnungen, kleine Wohnungen, Gew\u00e4chsh\u00e4user und mehr.<\/p>\n<h3>Montageanleitung<\/h3>\n<p>Geeignet f\u00fcr Wand- oder Deckenmontage. Die im Lieferumfang enthaltenen Halterungen erm\u00f6glichen die horizontale oder vertikale Installation der Heizung und bieten Flexibilit\u00e4t f\u00fcr Ihren Raum.  Das Paket enth\u00e4lt eine patentierte Halterung, die eine sichere Befestigung gew\u00e4hrleistet.<\/p>\n<p>Zur Installation befestigen Sie die Halterung mit den mitgelieferten Schrauben und D\u00fcbeln an der Decke oder Wand. Schieben Sie dann die Heizung ein und drehen Sie den Sicherheitsb\u00fcgel f\u00fcr eine sichere und einfache Installation. F\u00fcr eine optimale Heizleistung empfehlen wir einen maximalen Abstand von 3 bis 4 Metern von der gew\u00fcnschten Heizfl\u00e4che.  <\/p>\n<h3>Lieferumfang<\/h3>\n<ul>\n<li>1 x OPRANIC P5 Metall-Infrarotheizung<\/li>\n<li>1 x Patentierte Montagehalterung<\/li>\n<li>1 x Installationskit (D\u00fcbel &amp; Schrauben)<\/li>\n<li>1 x Benutzerhandbuch<\/li>\n<li>1 x Integriertes Netzkabel<\/li>\n<\/ul>\n<h3>Zus\u00e4tzliche Daten<\/h3>\n<ul>\n<li>Farbe: Wei\u00df<\/li>\n<li>Leistung: 300W bis 900W Modelle<\/li>\n<li>Maximaler Wirkungsgrad: Ungef\u00e4hr 99% der elektrischen Energie in W\u00e4rmeleistung umgewandelt<\/li>\n<li>Beheizbare Fl\u00e4che: Bis zu 20 m\u00b2, je nach Modell<\/li>\n<\/ul>\n<p>Die OPRANIC P5-Serie kombiniert fortschrittliche Infrarot-Technologie mit schlankem Design f\u00fcr eine effiziente und sichere Heizl\u00f6sung, geeignet f\u00fcr verschiedene Innenanwendungen.<\/p>\n<h2>Verordnung (EU) 2015\/1188<\/h2>\n<p>Bitte beachten Sie die EU-\u00d6kodesign-Verordnung 2015\/1188. Um die Heizung gem\u00e4\u00df der EU-Verordnung Nr. 2015\/1188 zu betreiben, verwenden Sie bitte ein zus\u00e4tzliches elektronisches Thermostatsystem, das \u00fcber eine Fenster-offen-Erkennung und eine Wochentagsprogrammierung verf\u00fcgt. Dieses Produkt ist nur f\u00fcr gut isolierte R\u00e4ume oder f\u00fcr den gelegentlichen Gebrauch geeignet (EU-Verordnung 2015\/1188 Artikel 3, Anhang II b) II (2)).  Der Raumtemperaturregler ist nicht Bestandteil des Produkts. Da die Schnittstellen offen sind, k\u00f6nnen Sie entweder Ihr eigenes Thermostatsystem oder z.B. unser Thermostatsystem OT50 verwenden. [\/vc_column_text][\/vc_tta_section][vc_tta_section title=&#8220;FAQ&#8220; tab_id=&#8220;1715058630675-41822335-92e1&#8243;][vc_row_inner equal_height=&#8220;yes&#8220; remove_bottom_col_margin=&#8220;true&#8220; css=&#8220;.vc_custom_1715063689585{padding-top: 30px !important;padding-bottom: 30px !important;}&#8220; el_id=&#8220;faq&#8220;][vc_column_inner]<style>.vcex-heading.vcex_69e7b2b1a53fc{font-weight:600;text-transform:uppercase;}<\/style><h2 class=\"vcex-heading vcex-heading-plain vcex-module wpex-heading wpex-text-2xl vcex_69e7b2b1a53fc\"><span class=\"vcex-heading-inner wpex-inline-block\">FAQ - P5 Metall-Infrarot<\/span><\/h2>[vc_toggle title=&#8220;KANN DIE OPRANIC P5 METALL-INFRAROTHEIZUNG IM BADEZIMMER VERWENDET WERDEN?&#8220; style=&#8220;arrow&#8220; css=&#8220;&#8220;]Ja, der Opranic P5 Metall Bad-Infrarot Heizstrahler ist IP44-zertifiziert, was ihn sicher f\u00fcr den Einsatz in Badezimmern macht, da er gegen Spritzwasser gesch\u00fctzt ist. Die Heizungen der P5-Serie verleihen Ihrem Badezimmer nicht nur mit ihrem stilvollen Aussehen \u00c4sthetik, sondern bieten auch den luxuri\u00f6sen Komfort warmer Badezimmer, wodurch Ihr gesamtes Badezimmererlebnis verbessert wird.[\/vc_toggle][vc_toggle title=&#8220;IST DIE OPRANIC P5 METALL-INFRAROTHEIZUNG MIT SMART-HOME-SYSTEMEN KOMPATIBEL?&#8220; style=&#8220;arrow&#8220; css=&#8220;&#8220;]Ja, die Opranic P5 Metal Infrarotheizung ist mit Thermostatsystemen und Smart-Home-Setups kompatibel. Diese Kompatibilit\u00e4t erm\u00f6glicht es Ihnen, die Heizung in verschiedene Smart-Home-Ger\u00e4te zu integrieren, sodass Sie die Temperatur aus der Ferne \u00fcber Ihr Smartphone oder sprachgesteuerte Assistenten wie Amazon Alexa und Google Home steuern k\u00f6nnen. Sie k\u00f6nnen Zeitpl\u00e4ne festlegen, den Energieverbrauch \u00fcberwachen und die Einstellungen f\u00fcr optimalen Komfort und Energieeffizienz anpassen und die Heizung nahtlos in Ihre bestehende Smart-Home-Umgebung integrieren.[\/vc_toggle][vc_column_text css=&#8220;&#8220;]FAQ f\u00fcr alle Opranic Produkte finden Sie <a href=\"https:\/\/opranic.com\/knowledge-bank-faq\/\">hier<\/a>.<\/p>\n<p><a href=\"https:\/\/opranic.com\/knowledge-bank-faq\/\">Knowledge Bank FAQ | Opranic<\/a>[\/vc_column_text][\/vc_column_inner][\/vc_row_inner][\/vc_tta_section][vc_tta_section title=&#8220;Media&#8220; tab_id=&#8220;1760357335507-d5564118-4f52&#8243;][\/vc_tta_section][\/vc_tta_tabs][\/vc_column][\/vc_row]\n<\/div>","protected":false},"excerpt":{"rendered":"<div class=\"product-description\">\n<p>Erleben Sie sofortige, gleichm\u00e4\u00dfige W\u00e4rme mit dem Opranic P5 Infrarot-Heizpaneel. Entwickelt mit einem robusten Metallgeh\u00e4use und einer glatten matten Oberfl\u00e4che, bietet der P5 leisen, effizienten Komfort f\u00fcr moderne Innenr\u00e4ume. Seine klare, minimalistische Form f\u00fcgt sich nahtlos in jeden Raum ein, w\u00e4hrend die leistungsstarke Infrarot-Technologie langanhaltende Leistung und Energieeinsparungen gew\u00e4hrleistet.  <\/p>\n<ul class=\"premium-features\">\n<li>Bis zu 99 % Energieeffizienz mit strahlendem Infrarot-Komfort<\/li>\n<li>Robuste Metallkonstruktion mit matter Oberfl\u00e4che<\/li>\n<li>Kompatibel mit externen Thermostaten und Smart-Home-Systemen<\/li>\n<li>IP44-zertifiziert \u2013 geeignet f\u00fcr Badezimmer und Feuchtr\u00e4ume<\/li>\n<li>Flexible Wand- und Deckenmontage oder auf St\u00e4nder, horizontal oder vertikal<\/li>\n<li>Zertifiziert durch T\u00dcV S\u00fcd, CE und REACH \u2013 5 Jahre Garantie<\/li>\n<\/ul>\n<\/div>\n","protected":false},"featured_media":19824,"comment_status":"closed","ping_status":"closed","template":"","meta":{"_acf_changed":false,"inline_featured_image":false,"_joinchat":[]},"product_brand":[],"product_cat":[321,332],"product_tag":[],"class_list":{"0":"post-19890","1":"product","2":"type-product","3":"status-publish","4":"has-post-thumbnail","6":"product_cat-premium-infrarotheizung","7":"product_cat-p5-effiziente-infrarotheizung","8":"product_shipping_class-innenbereich","9":"pa_power-w-300-de","10":"pa_power-w-450-de","11":"pa_power-w-700-de","12":"pa_power-w-900-de","13":"entry","14":"has-media","16":"first","17":"instock","18":"sale","19":"featured","20":"taxable","21":"shipping-taxable","22":"purchasable","23":"product-type-variable"},"acf":[],"_links":{"self":[{"href":"https:\/\/opranic.com\/de\/wp-json\/wp\/v2\/product\/19890","targetHints":{"allow":["GET"]}}],"collection":[{"href":"https:\/\/opranic.com\/de\/wp-json\/wp\/v2\/product"}],"about":[{"href":"https:\/\/opranic.com\/de\/wp-json\/wp\/v2\/types\/product"}],"replies":[{"embeddable":true,"href":"https:\/\/opranic.com\/de\/wp-json\/wp\/v2\/comments?post=19890"}],"wp:featuredmedia":[{"embeddable":true,"href":"https:\/\/opranic.com\/de\/wp-json\/wp\/v2\/media\/19824"}],"wp:attachment":[{"href":"https:\/\/opranic.com\/de\/wp-json\/wp\/v2\/media?parent=19890"}],"wp:term":[{"taxonomy":"product_brand","embeddable":true,"href":"https:\/\/opranic.com\/de\/wp-json\/wp\/v2\/product_brand?post=19890"},{"taxonomy":"product_cat","embeddable":true,"href":"https:\/\/opranic.com\/de\/wp-json\/wp\/v2\/product_cat?post=19890"},{"taxonomy":"product_tag","embeddable":true,"href":"https:\/\/opranic.com\/de\/wp-json\/wp\/v2\/product_tag?post=19890"}],"curies":[{"name":"wp","href":"https:\/\/api.w.org\/{rel}","templated":true}]}}