{"id":20589,"date":"2025-10-18T13:29:23","date_gmt":"2025-10-18T11:29:23","guid":{"rendered":"https:\/\/opranic.com\/shop\/unkategorisiert\/opranic-thor-s70r-v4\/"},"modified":"2026-04-16T16:04:15","modified_gmt":"2026-04-16T14:04:15","slug":"testsieger-terrassenheizstrahler-thor-s70r","status":"publish","type":"product","link":"https:\/\/opranic.com\/de\/shop\/infrarotstrahler\/thor-s70\/testsieger-terrassenheizstrahler-thor-s70r\/","title":{"rendered":"Opranic Thor S70R \u2013 Premium Infrarot Heizstrahler f\u00fcr den Au\u00dfenbereich IP65"},"content":{"rendered":"<div class=\"wpb-content-wrapper\">[vc_row][vc_column][vc_tta_tabs style=&#8220;total_3&#8243; active_section=&#8220;1&#8243;][vc_tta_section title=&#8220;Details&#8220; tab_id=&#8220;1760790713439-1c128aa2-96d7&#8243;]<h2 class=\"vcex-heading vcex-heading-plain vcex-module wpex-heading wpex-text-2xl\"><span class=\"vcex-heading-inner wpex-inline-block\">Opranic THOR S70R \u2013 Stilvolle Outdoor-Heizkomfort<\/span><\/h2>[vc_column_text css=&#8220;&#8220;]\n<section class=\"product-copy\" aria-labelledby=\"s70r-overview\">Wir haben den <strong>Opranic THOR S70R<\/strong> entwickelt, um Ihre Au\u00dfenbereiche mit seiner <strong>Unibody-Konstruktion<\/strong>, erstklassigen Funktionen und stilvollem Design aufzuwerten. Er nutzt modernste <strong>IR-X Carbon Black<\/strong>-Technologie f\u00fcr hocheffiziente, moderne Au\u00dfenbeheizung. <\/p>\n<h3>Hauptvorteile<\/h3>\n<ul>\n<li>Freistehende Eleganz mit einfacher Montage<\/li>\n<li>Leistungsstarke, sonnen\u00e4hnliche W\u00e4rme mit IR-X Carbon Black Technologie<\/li>\n<li>Fernbedienung mit automatischer Abschaltung f\u00fcr einfache Bedienung<\/li>\n<\/ul>\n<p>Das schlanke Geh\u00e4use des tragbaren Opranic THOR S70R vereint Eleganz und Langlebigkeit. Das Geh\u00e4use besteht aus robustem eloxiertem Aluminium in hochtemperaturbest\u00e4ndigen Oberfl\u00e4chen in Jet Black oder Cloud White. Interne Komponenten sind aus rostfreien Materialien gefertigt, um die Leistung langfristig zu erhalten.  <\/p>\n<p>Platzieren Sie den ferngesteuerten Terrassenheizer dort, wo es Ihrem Raum am besten entspricht. Diese Flexibilit\u00e4t gew\u00e4hrleistet optimale W\u00e4rme, wo immer Sie sie am meisten ben\u00f6tigen. <\/p>\n<h3>Steuerung<\/h3>\n<ul>\n<li>Fernbedienung!<\/li>\n<li>Schlaf-Timer: 1 bis 9 Stunden automatische Abschaltung<\/li>\n<li>Maximale Heizleistung: 2300 W<\/li>\n<li>F\u00fcnf Leistungsstufen: 900 W, 1200 W, 1600 W, 1900 W, 2300 W<\/li>\n<\/ul>\n<h3>Design<\/h3>\n<ul>\n<li>Schlankes, modernes Design<\/li>\n<li>D\u00fcnnes Aluminiumgeh\u00e4use in Jet Black oder Cloud White<\/li>\n<li>Abmessungen (H \u00d7 B \u00d7 T): 106 \u00d7 19,5 \u00d7 9 cm<\/li>\n<\/ul>\n<h3>Heizungstechnik<\/h3>\n<ul>\n<li>Hauptelement: IR-X Carbon Black-Technologie\n<ul>\n<li>Schneller Start: 3 bis 5 Sekunden<\/li>\n<li>Optimiert f\u00fcr die menschliche Absorption bei ~2,3 \u00b5m Mittelwellen-Infrarot<\/li>\n<li>Hoher Strahlungsanteil bei extrem niedrigem sichtbarem Licht<\/li>\n<li>Lebensdauer bis zu 12.000 Stunden<\/li>\n<\/ul>\n<\/li>\n<li>Reflektorsystem:\n<ul>\n<li>Breiter parabolischer Reflektor mit Hochglanzreflexion<\/li>\n<li>Seitenreflektoren aus hochgl\u00e4nzendem Edelstahl<\/li>\n<\/ul>\n<\/li>\n<\/ul>\n<h3>IP-Schutz<\/h3>\n<ul>\n<li>IP65: Schutz vor Wasserstrahlen, Regen und Staub<\/li>\n<li>Geeignet f\u00fcr den Einsatz im Freien, einschlie\u00dflich Terrassen und Open-Air-Restaurants<\/li>\n<\/ul>\n<h3>Anwendungsbereiche<\/h3>\n<ul>\n<li>Au\u00dfenbereiche: Balkone, Terrassen, Hinterh\u00f6fe, Camping<\/li>\n<li>Offene Winterg\u00e4rten und Open-Air-Gastronomiebetriebe<\/li>\n<li>Interne Nutzfl\u00e4chen: Garagen, Keller, Sommerh\u00e4user, Winterh\u00fctten<\/li>\n<\/ul>\n<h3>Heizbereich<\/h3>\n<ul>\n<li>Windgesch\u00fctzt, Umgebungstemperatur \u2265 10 \u00b0C: ~15 bis 25 m\u00b2<\/li>\n<li>Im Freien: ~7 bis 15 m\u00b2, abh\u00e4ngig von Temperatur und Wind<\/li>\n<\/ul>\n<h3>Installation<\/h3>\n<ul>\n<li>Inklusive einteiligem Metallfu\u00df mit vier Schrauben<\/li>\n<li>Auf einer stabilen, festen Oberfl\u00e4che platzieren<\/li>\n<\/ul>\n<h3>Stromaufnahme und Sicherung<\/h3>\n<ul>\n<li>Standard-Haushaltsleitung: ~3,5 kW bei 16 A oder ~2,3 kW bei 10 A<\/li>\n<li>2300-W-Heizger\u00e4t = 2,3 kW (ben\u00f6tigt mindestens 10-A-Sicherung)<\/li>\n<\/ul>\n<h3>Sicherheitsabstand zu brennbaren Materialien<\/h3>\n<ul>\n<li>Vorderseite: 100 cm<\/li>\n<li>Seiten und Oberseite: 40 cm<\/li>\n<\/ul>\n<h3>Heizkosten<\/h3>\n<p>Bei einem durchschnittlichen Strompreis von 10 Cent pro kWh:<\/p>\n<p>0,1 \u20ac \u00d7 2,3 kW \u2248 0,23 \u20ac\/h<\/p>\n<p><em>Gilt f\u00fcr die h\u00f6chste Heizstufe. Niedrigere Leistungsstufen reduzieren die Kosten. <\/em><\/p>\n<\/section>\n[\/vc_column_text]<h2 class=\"vcex-heading vcex-heading-plain vcex-module wpex-heading wpex-text-2xl\"><span class=\"vcex-heading-inner wpex-inline-block\">Technische Daten<\/span><\/h2>[vc_column_text css=&#8220;&#8220;]\n<section class=\"product-specs\" aria-labelledby=\"s70r-specs\">\n<ul>\n<li>Produkt: Opranic THOR S70R elektrischer Au\u00dfenheizstrahler<\/li>\n<li>Infrarot-Technologie: IR-X Carbon Black<\/li>\n<li>Farbe: Tiefschwarz oder Wolkenwei\u00df<\/li>\n<li>Material: massives Aluminium mit Pulverbeschichtung<\/li>\n<li>Spannung: 230 V AC ~ 50 Hz<\/li>\n<li>Gesamtleistung: 2300 W<\/li>\n<li>Heizstufen: 900 W, 1200 W, 1600 W, 1900 W, 2300 W<\/li>\n<li>LED-Anzeige: ja<\/li>\n<li>Schlaf-Timer: ja (bis zu 9 Stunden)<\/li>\n<li>Netzstecker: Typ F Schuko (EU-Standard)<\/li>\n<li>Feste Verbindung: Der Stecker kann von einer qualifizierten Fachkraft entfernt werden; die Garantie bleibt g\u00fcltig<\/li>\n<li>Kabell\u00e4nge: 1,9 m<\/li>\n<li>Fernbedienung: ja, Infrarot-Fernbedienung<\/li>\n<li>Remote-Funktionen: Ein, Standby-Aus, W\u00e4rmestufenauswahl, maximale Leistung, Timer<\/li>\n<li>Abmessungen (H \u00d7 B \u00d7 T): 106 \u00d7 19,5 \u00d7 9 cm<\/li>\n<li>Gewicht: 8,2 kg<\/li>\n<li>Schutzklasse: IP65 (gesch\u00fctzt gegen Regen, Wasserstrahlen, Staub)<\/li>\n<li>Infrarotstrahlung: optimiert f\u00fcr die menschliche Absorption bei ~2,3 \u00b5m Mittelwellen-IR<\/li>\n<li>Heizfl\u00e4che: ~7 bis 15 m\u00b2 im Freien; bis zu 25 bis 30 m\u00b2 windgesch\u00fctzt<\/li>\n<li>Batterien f\u00fcr die Fernbedienung: 2 \u00d7 AAA (im Lieferumfang enthalten)<\/li>\n<\/ul>\n<h3>Lieferumfang<\/h3>\n<ul>\n<li>1 \u00d7 THOR S70R elektrischer Au\u00dfenheizstrahler von Opranic<\/li>\n<li>1 \u00d7 einteiliger Fu\u00df<\/li>\n<li>1 \u00d7 Montagematerial (Schrauben)<\/li>\n<li>1 \u00d7 Fernbedienung (Batterien im Lieferumfang enthalten)<\/li>\n<li>1 \u00d7 Benutzerhandbuch<\/li>\n<\/ul>\n<\/section>\n[\/vc_column_text][\/vc_tta_section][vc_tta_section title=&#8220;F.a.q&#8220; tab_id=&#8220;1760790713445-846fcd6f-52a3&#8243;]<h2 class=\"vcex-heading vcex-heading-plain vcex-module wpex-heading wpex-text-2xl\"><span class=\"vcex-heading-inner wpex-inline-block\">H\u00e4ufig gestellte Fragen<\/span><\/h2>[\/vc_tta_section][vc_tta_section title=&#8220;Bezugsquellen&#8220; tab_id=&#8220;1774803727145-bea7c40d-78f2&#8243;][vc_raw_html css=&#8220;&#8220;]W29wcmFuaWNfd2hlcmV0b2J1eV90YWJd[\/vc_raw_html]<div class=\"vcex-module vcex-divider vcex-divider-solid vcex-divider-center wpex-mx-auto wpex-block wpex-h-0 wpex-border-b wpex-border-solid wpex-border-main\"><\/div>[vc_raw_html css=&#8220;&#8220;]W29wcmFuaWNfaW5zdGFsbGVyX3RhYl0=[\/vc_raw_html][\/vc_tta_section][vc_tta_section title=&#8220;Auszeichnungen&#8220; tab_id=&#8220;1760804077612-9ab31e8d-b29b&#8220;][vc_row_inner][vc_column_inner][vc_column_text css=&#8220;&#8220;]\n<section id=\"awards-reviews\" class=\"opranic-awards-tab\" style=\"font-size: 16px; line-height: 1.55; color: #222;\"><!-- Quote --><\/p>\n<div style=\"display: flex; gap: 12px; align-items: flex-start; border-left: 6px solid #ee9305; padding: 16px 18px; margin: 0 0 18px 0; background: rgba(238,147,5,0.08); border-radius: 6px;\">\n<div style=\"flex: 0 0 24px; width: 24px; height: 24px; color: #ee9305; font-size: 24px; line-height: 1;\">\u201e<\/div>\n<p style=\"margin: 0; font-size: 17px;\"><em>Als Testsieger ausgezeichnet und f\u00fcr Komfort, Langlebigkeit und Design gelobt. Opranic Thor setzt den Standard f\u00fcr moderne Infrarotheizung im Freien. <\/em><\/p>\n<\/div>\n<h2 style=\"margin: 0 0 14px 0; font-size: 26px; line-height: 1.25; color: #111;\">Testsieger &amp; preisgekr\u00f6nte Exzellenz<\/h2>\n<p style=\"margin: 0 0 12px 0;\">Der <strong>Opranic Thor S70R<\/strong> ist ein preisgekr\u00f6nter <strong>Terrassenstrahler f\u00fcr den Au\u00dfenbereich<\/strong>, der skandinavisches Design und modernen Outdoor-Komfort definiert.<br \/>\nAls <strong>Infrarot Heizstrahler<\/strong>-Testsieger in ganz Europa ausgezeichnet, liefert Thor sanfte, effiziente W\u00e4rme mit <strong>IR-X\u2122 Carbon Black Technology<\/strong>.<\/p>\n<h3 style=\"margin: 18px 0 8px 0; font-size: 20px; color: #111;\">Nationale Tests, Schweden<\/h3>\n<ul style=\"margin: 0 0 12px 22px; padding: 0; list-style: disc;\">\n<li style=\"margin: 6px 0;\"><strong>Aftonbladet<\/strong> \u2013 <strong>Testsieger Infrarot Heizstrahler<\/strong> f\u00fcr ausgewogene Leistung, Effizienz und Design.<\/li>\n<li style=\"margin: 6px 0;\"><strong>Inspekto<\/strong> \u2013 Mehrere Auszeichnungen von 2022 bis 2025 f\u00fcr Komfort, Verarbeitungsqualit\u00e4t und Benutzerfreundlichkeit.<\/li>\n<\/ul>\n<h3 style=\"margin: 18px 0 8px 0; font-size: 20px; color: #111;\">Europ\u00e4ische Anerkennung<\/h3>\n<ul style=\"margin: 0 0 12px 22px; padding: 0; list-style: disc;\">\n<li style=\"margin: 6px 0;\"><strong>The Telegraph<\/strong> \u2013 Premium-Bauweise und nat\u00fcrliche, angenehme W\u00e4rme f\u00fcr das Leben im Freien.<\/li>\n<li style=\"margin: 6px 0;\"><strong>The Independent<\/strong> \u2013 Starke Leistung und raffinierte \u00c4sthetik f\u00fcr Terrassen.<\/li>\n<li style=\"margin: 6px 0;\"><strong>T3<\/strong> \u2013 Effiziente Infrarotheizung, geeignet f\u00fcr moderne R\u00e4ume.<\/li>\n<li style=\"margin: 6px 0;\"><strong>Amazon<\/strong> \u2013 Top-Nutzerbewertungen mit h\u00e4ufigem Feedback zu Empfehlungen und Top-Auswahl.<\/li>\n<\/ul>\n<h3 style=\"margin: 18px 0 8px 0; font-size: 20px; color: #111;\">Komfort &amp; Leistung \u2013 Infrarot Heizstrahler Technologie f\u00fcr den Au\u00dfenbereich<\/h3>\n<p style=\"margin: 0 0 12px 0;\">Mittelwellige Infrarotw\u00e4rme f\u00fchlt sich an wie Sonnenlicht auf der Haut, erh\u00e4lt die Luftfeuchtigkeit und vermeidet das trockene Gef\u00fchl, das viele Heizger\u00e4te verursachen.<br \/>\nMit pr\u00e4ziser Steuerung bis <strong>2300 W<\/strong> und einem 1- bis 9-h-Timer passt sich dieser <strong>Terrassenstrahler f\u00fcr den Au\u00dfenbereich<\/strong> an den Einsatz zu Hause oder in der Gastronomie an.<\/p>\n<h3 style=\"margin: 18px 0 8px 0; font-size: 20px; color: #111;\">Design &amp; Haltbarkeit<\/h3>\n<ul style=\"margin: 0 0 12px 22px; padding: 0; list-style: disc;\">\n<li style=\"margin: 6px 0;\"><strong>Unibody<\/strong>-Aluminium mit Edelstahlkomponenten f\u00fcr langfristige Zuverl\u00e4ssigkeit.<\/li>\n<li style=\"margin: 6px 0;\"><strong>IP65<\/strong>-Wetterschutz f\u00fcr Terrassen, Balkone, Caf\u00e9s, Restaurants und halboffene R\u00e4ume.<\/li>\n<li style=\"margin: 6px 0;\">Elegantes skandinavisches Design in <strong>Cloud White<\/strong> oder <strong>Jet Black<\/strong>, erh\u00e4ltlich als Wandmontage oder <strong>freistehender Terrassenheizstrahler IP65<\/strong>.<\/li>\n<\/ul>\n<h3 style=\"margin: 18px 0 8px 0; font-size: 20px; color: #111;\">\u00d6ko-Effizienz vs. Gasheizungen<\/h3>\n<p style=\"margin: 0 0 12px 0;\">Im Vergleich zu Gas-Terrassenheizstrahlern kann Thor bis zu dreimal energieeffizienter sein. Keine Gasnachf\u00fcllungen, D\u00e4mpfe oder offene Flamme. Niedrigere Betriebskosten und keine Emissionen vor Ort.  <\/p>\n<h3 style=\"margin: 18px 0 8px 0; font-size: 20px; color: #111;\">Anwendungsf\u00e4lle<\/h3>\n<ul style=\"margin: 0 0 12px 22px; padding: 0; list-style: disc;\">\n<li style=\"margin: 6px 0;\">Private Terrassen, Balkone, Pergolen, Winterg\u00e4rten<\/li>\n<li style=\"margin: 6px 0;\">Caf\u00e9s, Restaurants, Lounges, Hotelterrassen<\/li>\n<li style=\"margin: 6px 0;\">Designorientierte Au\u00dfenbereiche, in denen ein leiser Betrieb und eine erstklassige \u00c4sthetik wichtig sind<\/li>\n<li style=\"margin: 6px 0;\">Halboffene Arbeitspl\u00e4tze, Werkst\u00e4tten, Ausstellungsr\u00e4ume, Veranstaltungsfl\u00e4chen<\/li>\n<\/ul>\n<div style=\"margin-top: 10px;\"><strong>Auszeichnungen auf einen Blick:<\/strong> Aftonbladet Bester im Test, Inspekto 2022 bis 2025, gelobt von The Telegraph, The Independent, T3 und von Amazon-Kunden mit Top-Bewertungen.<\/div>\n<\/section>\n[\/vc_column_text][\/vc_column_inner][\/vc_row_inner][\/vc_tta_section][vc_tta_section title=&#8220;Bewertungen&#8220; tab_id=&#8220;1776346926456-38d84ac3-cc24&#8243;][vc_raw_html css=&#8220;&#8220;]W2xpcHNjb3JlLXJldmlld3Nd[\/vc_raw_html][\/vc_tta_section][\/vc_tta_tabs][\/vc_column][\/vc_row]\n<\/div>","protected":false},"excerpt":{"rendered":"<div class=\"product-description\">\n<p>Erleben Sie sofortige, sonnen\u00e4hnliche W\u00e4rme mit dem Opranic THOR S70R Terrassenstrahler. Das Unibody-Design aus pulverbeschichtetem Aluminium sorgt f\u00fcr Langlebigkeit und Stil und liefert bis zu 2300 W effiziente, gleichm\u00e4\u00dfige W\u00e4rme f\u00fcr ganzj\u00e4hrigen Outdoor-Komfort. <\/p>\n<ul class=\"premium-features\">\n<li>Testsieger in seiner Klasse<\/li>\n<li>IP65-zertifiziert f\u00fcr den ganzj\u00e4hrigen Au\u00dfeneinsatz<\/li>\n<li>Fernbedienung mit 5 Leistungsstufen und Timer<\/li>\n<li>Sofortige W\u00e4rme ohne Aufw\u00e4rmzeit<\/li>\n<li>3 Jahre Garantie f\u00fcr sorgenfreie Nutzung<\/li>\n<\/ul>\n<\/div>\n","protected":false},"featured_media":20357,"comment_status":"open","ping_status":"closed","template":"","meta":{"_acf_changed":false,"inline_featured_image":false,"_joinchat":[]},"product_brand":[],"product_cat":[343,339],"product_tag":[849,850,851,701,713,852],"class_list":{"0":"post-20589","1":"product","2":"type-product","3":"status-publish","4":"has-post-thumbnail","6":"product_cat-thor-s70","7":"product_cat-infrarotstrahler","8":"product_tag-ausenheizer","9":"product_tag-preisgekront","10":"product_tag-terrassenheizstrahler","11":"product_tag-thor-s70-de","12":"product_tag-thor20xr-b-de","13":"product_tag-tragbarer-heizstrahler","14":"entry","15":"has-media","17":"first","18":"instock","19":"featured","20":"taxable","21":"shipping-taxable","22":"purchasable","23":"product-type-variable","24":"has-default-attributes"},"acf":[],"_links":{"self":[{"href":"https:\/\/opranic.com\/de\/wp-json\/wp\/v2\/product\/20589","targetHints":{"allow":["GET"]}}],"collection":[{"href":"https:\/\/opranic.com\/de\/wp-json\/wp\/v2\/product"}],"about":[{"href":"https:\/\/opranic.com\/de\/wp-json\/wp\/v2\/types\/product"}],"replies":[{"embeddable":true,"href":"https:\/\/opranic.com\/de\/wp-json\/wp\/v2\/comments?post=20589"}],"wp:featuredmedia":[{"embeddable":true,"href":"https:\/\/opranic.com\/de\/wp-json\/wp\/v2\/media\/20357"}],"wp:attachment":[{"href":"https:\/\/opranic.com\/de\/wp-json\/wp\/v2\/media?parent=20589"}],"wp:term":[{"taxonomy":"product_brand","embeddable":true,"href":"https:\/\/opranic.com\/de\/wp-json\/wp\/v2\/product_brand?post=20589"},{"taxonomy":"product_cat","embeddable":true,"href":"https:\/\/opranic.com\/de\/wp-json\/wp\/v2\/product_cat?post=20589"},{"taxonomy":"product_tag","embeddable":true,"href":"https:\/\/opranic.com\/de\/wp-json\/wp\/v2\/product_tag?post=20589"}],"curies":[{"name":"wp","href":"https:\/\/api.w.org\/{rel}","templated":true}]}}