{"id":4030,"date":"2023-04-21T12:30:11","date_gmt":"2023-04-21T10:30:11","guid":{"rendered":"https:\/\/opranic.com\/product\/opranic-thor-s50-tragbarer-terrassenheizer-2000w-ir-x-ip34-fernbedienung-schwarz\/"},"modified":"2024-07-11T23:54:02","modified_gmt":"2024-07-11T21:54:02","slug":"opranic-thor-50-portable-patio-heater-2000w-ir-x-ip34-remote-black","status":"publish","type":"product","link":"https:\/\/opranic.com\/de\/shop\/infrarotstrahler\/opranic-thor-50-portable-patio-heater-2000w-ir-x-ip34-remote-black\/","title":{"rendered":"OPRANIC THOR S50, Tragbarer Terrassenheizer 2000W, IR-X, IP34, Fernbedienung, Schwarz"},"content":{"rendered":"","protected":false},"excerpt":{"rendered":"<h2 class=\"vcex-heading vcex-heading-plain vcex-module wpex-heading wpex-text-2xl\"><span class=\"vcex-heading-inner wpex-inline-block\">THOR S50 &#8211; TRAGBARE INFRAROTHEIZUNG<\/span><\/h2>\n<div class=\"wpb_text_column wpb_content_element\">\n<div class=\"wpb_wrapper\">Die Opranic THOR S50 Serie ist eine tragbare Infrarotheizung mit einer Leistung von 2000 W, die f\u00fcr den Einsatz auf der Terrasse oder als zus\u00e4tzliche Heizung in Innenr\u00e4umen konzipiert ist. Die leichte Konstruktion und die IR-X-Technologie sorgen f\u00fcr eine effiziente Strahlung. Der integrierte elektronische Neigungsschalter und die Aluminiumkonstruktion sorgen f\u00fcr Langlebigkeit und Benutzerfreundlichkeit. Mit einer H\u00f6he von 100 cm und einem Gewicht von ca. 4,2 kg ist er leicht zu tragen und perfekt f\u00fcr den Einsatz im Freien. Mit der Fernbedienung, die f\u00fcnf Heizstufen bietet, k\u00f6nnen Sie das Ger\u00e4t ganz einfach nach Ihren W\u00fcnschen einstellen. Es ist IP34-zertifiziert f\u00fcr die Verwendung in einer gesch\u00fctzten Au\u00dfenumgebung. Eine hervorragende Erg\u00e4nzung f\u00fcr Ihren Au\u00dfenbereich. Halten Sie sich warm mit der W\u00e4rme von Opranic THOR!<\/div>\n<\/div>\n","protected":false},"featured_media":19516,"comment_status":"closed","ping_status":"closed","template":"","meta":{"_acf_changed":false,"inline_featured_image":false,"_joinchat":[]},"product_brand":[],"product_cat":[339,340],"product_tag":[],"class_list":{"0":"post-4030","1":"product","2":"type-product","3":"status-publish","4":"has-post-thumbnail","6":"product_cat-infrarotstrahler","7":"product_cat-thor-s50","8":"entry","9":"has-media","11":"first","12":"instock","13":"sale","14":"taxable","15":"shipping-taxable","16":"purchasable","17":"product-type-simple"},"acf":[],"_links":{"self":[{"href":"https:\/\/opranic.com\/de\/wp-json\/wp\/v2\/product\/4030","targetHints":{"allow":["GET"]}}],"collection":[{"href":"https:\/\/opranic.com\/de\/wp-json\/wp\/v2\/product"}],"about":[{"href":"https:\/\/opranic.com\/de\/wp-json\/wp\/v2\/types\/product"}],"replies":[{"embeddable":true,"href":"https:\/\/opranic.com\/de\/wp-json\/wp\/v2\/comments?post=4030"}],"wp:featuredmedia":[{"embeddable":true,"href":"https:\/\/opranic.com\/de\/wp-json\/wp\/v2\/media\/19516"}],"wp:attachment":[{"href":"https:\/\/opranic.com\/de\/wp-json\/wp\/v2\/media?parent=4030"}],"wp:term":[{"taxonomy":"product_brand","embeddable":true,"href":"https:\/\/opranic.com\/de\/wp-json\/wp\/v2\/product_brand?post=4030"},{"taxonomy":"product_cat","embeddable":true,"href":"https:\/\/opranic.com\/de\/wp-json\/wp\/v2\/product_cat?post=4030"},{"taxonomy":"product_tag","embeddable":true,"href":"https:\/\/opranic.com\/de\/wp-json\/wp\/v2\/product_tag?post=4030"}],"curies":[{"name":"wp","href":"https:\/\/api.w.org\/{rel}","templated":true}]}}