{"id":4051,"date":"2023-04-21T08:07:49","date_gmt":"2023-04-21T06:07:49","guid":{"rendered":"https:\/\/opranic.com\/product\/opranic-eco23r-wand-terrassenheizer-2300w-fernbedienung-ip34-silber\/"},"modified":"2025-10-11T22:02:49","modified_gmt":"2025-10-11T20:02:49","slug":"opranic-eco23r-wand-terrassenheizer-2300w-fernbedienung-ip34-silber","status":"publish","type":"product","link":"https:\/\/opranic.com\/de\/shop\/infrarotstrahler\/opranic-eco23r-wand-terrassenheizer-2300w-fernbedienung-ip34-silber\/","title":{"rendered":"OPRANIC ECO23R, Wand-Terrassenheizer, 2300W, Fernbedienung, IP34, Silber"},"content":{"rendered":"<div class=\"wpb-content-wrapper\">[vc_row][vc_column][\/vc_column][\/vc_row]\n<\/div>","protected":false},"excerpt":{"rendered":"<p><strong>Dieses Modell wird nicht mehr hergestellt und durch <a href=\"https:\/\/opranic.com\/de\/shop\/infrarotstrahler\/eco-v30\/opranic-eco23r-wand-terrassenheizer-2300w-fernbedienung-ip34-silber\/\">NOVA23R-XC<\/a> oder <a href=\"https:\/\/opranic.com\/de\/shop\/infrarotstrahler\/eco-v30\/norveco-star-tragbare-terrassenheizung-1800w-mit-stand-fernbedienung-ip44\/\">STAR18RS<\/a> ersetzt. <\/strong><\/p>\n<h2 class=\"vcex-heading vcex-heading-plain vcex-module wpex-heading wpex-text-2xl\"><span class=\"vcex-heading-inner wpex-inline-block\">Unser klassischer Terrassenheizer f\u00fcr Komfort im Freien<\/span><\/h2>\n<div class=\"wpb_text_column wpb_content_element section-margin\">\n<div class=\"wpb_wrapper\">\n<p>Der Opranic ECO23R Terrassenheizer wurde entwickelt, um Ihren Au\u00dfenbereich mit zuverl\u00e4ssiger Leistung und einem stilvollen Design zu versch\u00f6nern. Er nutzt die effektive Classic-Technologie, um eine solide Heizleistung und Effizienz zu bieten, was ihn zu einer guten Wahl f\u00fcr eine moderne Au\u00dfenheizung macht.<\/p>\n<h2 class=\"vcex-heading vcex-heading-plain vcex-module wpex-heading wpex-text-2xl\"><span class=\"vcex-heading-inner wpex-inline-block\">Design und Sicherheitsmerkmale<\/span><\/h2>\n<p>Das robuste Geh\u00e4use des Opranic ECO23R Terrassenheizers mit Fernbedienung sorgt f\u00fcr dauerhafte Leistung. Die Konstruktion besteht aus robustem, eloxiertem Aluminium in Hochtemperatur-Ausf\u00fchrung. Die Materialien sind rostgesch\u00fctzt, so dass der Ofen seine Qualit\u00e4t und Leistung \u00fcber lange Zeit beibeh\u00e4lt.<\/p>\n<h2 class=\"vcex-heading vcex-heading-plain vcex-module wpex-heading wpex-text-2xl\"><span class=\"vcex-heading-inner wpex-inline-block\">Funktionalit\u00e4t und Kontrolle<\/span><\/h2>\n<p>Sie k\u00f6nnen den ferngesteuerten Terrassenheizer auf verschiedene Arten installieren, um ihn perfekt an Ihren Raum anzupassen. Die folgenden Optionen stehen Ihnen zur Verf\u00fcgung:<\/p>\n<ul>\n<li>Deckenmontage f\u00fcr direkt nach unten gerichtete W\u00e4rme<\/li>\n<li>Wandmontage in jeder Richtung f\u00fcr flexiblen Einsatz<\/li>\n<li>Installation einer Markise zur Beheizung eines bestimmten Bereichs<\/li>\n<\/ul>\n<p>Diese Flexibilit\u00e4t sorgt daf\u00fcr, dass Sie optimale W\u00e4rme genie\u00dfen k\u00f6nnen, wo immer Sie sie am meisten brauchen.<\/p>\n<p>Der Opranic ECO, ein zuverl\u00e4ssiger Terrassenheizer, bietet effiziente, sichere und vielseitige Funktionen und ist damit die perfekte Wahl f\u00fcr alle, die ihren Au\u00dfenbereich bei k\u00fchleren Temperaturen genie\u00dfen m\u00f6chten.<\/p>\n<\/div>\n<\/div>\n<p><strong>Dieses Modell wird nicht mehr hergestellt und durch <a href=\"https:\/\/opranic.com\/de\/shop\/infrarotstrahler\/eco-v30\/opranic-eco23r-wand-terrassenheizer-2300w-fernbedienung-ip34-silber\/\">NOVA23R-XC<\/a> oder <a href=\"https:\/\/opranic.com\/de\/shop\/infrarotstrahler\/eco-v30\/norveco-star-tragbare-terrassenheizung-1800w-mit-stand-fernbedienung-ip44\/\">STAR18RS<\/a> ersetzt. <\/strong><\/p>\n","protected":false},"featured_media":20271,"comment_status":"open","ping_status":"closed","template":"","meta":{"_acf_changed":false,"inline_featured_image":false,"_joinchat":[]},"product_brand":[],"product_cat":[339],"product_tag":[],"class_list":{"0":"post-4051","1":"product","2":"type-product","3":"status-publish","4":"has-post-thumbnail","6":"product_cat-infrarotstrahler","7":"entry","8":"has-media","10":"first","11":"outofstock","12":"taxable","13":"shipping-taxable","14":"purchasable","15":"product-type-simple"},"acf":[],"_links":{"self":[{"href":"https:\/\/opranic.com\/de\/wp-json\/wp\/v2\/product\/4051","targetHints":{"allow":["GET"]}}],"collection":[{"href":"https:\/\/opranic.com\/de\/wp-json\/wp\/v2\/product"}],"about":[{"href":"https:\/\/opranic.com\/de\/wp-json\/wp\/v2\/types\/product"}],"replies":[{"embeddable":true,"href":"https:\/\/opranic.com\/de\/wp-json\/wp\/v2\/comments?post=4051"}],"wp:featuredmedia":[{"embeddable":true,"href":"https:\/\/opranic.com\/de\/wp-json\/wp\/v2\/media\/20271"}],"wp:attachment":[{"href":"https:\/\/opranic.com\/de\/wp-json\/wp\/v2\/media?parent=4051"}],"wp:term":[{"taxonomy":"product_brand","embeddable":true,"href":"https:\/\/opranic.com\/de\/wp-json\/wp\/v2\/product_brand?post=4051"},{"taxonomy":"product_cat","embeddable":true,"href":"https:\/\/opranic.com\/de\/wp-json\/wp\/v2\/product_cat?post=4051"},{"taxonomy":"product_tag","embeddable":true,"href":"https:\/\/opranic.com\/de\/wp-json\/wp\/v2\/product_tag?post=4051"}],"curies":[{"name":"wp","href":"https:\/\/api.w.org\/{rel}","templated":true}]}}