{"id":4303,"date":"2023-04-21T07:14:16","date_gmt":"2023-04-21T07:14:16","guid":{"rendered":"https:\/\/opranic.com\/product\/opranic-tragbare-heizhaube-fur-thor-schwarz\/"},"modified":"2025-10-19T16:08:19","modified_gmt":"2025-10-19T14:08:19","slug":"opranic-tragbare-heizung-abdeckung-fur-die-schwarze","status":"publish","type":"product","link":"https:\/\/opranic.com\/de\/shop\/premium-infrarotheizung\/opranic-tragbare-heizung-abdeckung-fur-die-schwarze\/","title":{"rendered":"Opranic heater cover for Thor S70-OLD"},"content":{"rendered":"<div class=\"wpb-content-wrapper\">[vc_row][vc_column][vc_tta_tabs][vc_tta_section title=&#8220;Details&#8220; tab_id=&#8220;1760790713439-1c128aa2-96d7&#8243;]<h2 class=\"vcex-heading vcex-heading-plain vcex-module wpex-heading wpex-text-2xl\"><span class=\"vcex-heading-inner wpex-inline-block\">Opranic Schutzh\u00fclle f\u00fcr THOR<\/span><\/h2>[vc_column_text css=&#8220;&#8220;]\n<h2>Opranic Schutzh\u00fcllen<\/h2>\n<p>Schutzh\u00fcllen f\u00fcr Opranic Heizstrahler, entwickelt, um das Produkt bei Nichtgebrauch sauber zu halten und um das Aussehen und die Leistung zu erhalten. Nur verwenden, wenn der Heizstrahler ausgeschaltet und vollst\u00e4ndig abgek\u00fchlt ist. <\/p>\n<hr>\n<h3>THOR H\u00fclle<\/h3>\n<ul>\n<li><strong>Artikelnummer:<\/strong> THORCOVER-b und THORCOVER-w<\/li>\n<li><strong>Farbe:<\/strong> Schwarz oder Wei\u00df<\/li>\n<li><strong>Abmessungen (H x B x T):<\/strong> 97 x 28 x 14 cm<\/li>\n<li><strong>Passform:<\/strong> Ma\u00dfgeschneidert f\u00fcr Opranic THOR Standheizstrahler<\/li>\n<li><strong>Material:<\/strong> Strapazierf\u00e4higes technisches Textil, wasserabweisend und rei\u00dffest<\/li>\n<li><strong>Verwendung:<\/strong> Lagerung und Schutz vor Staub und leichter Feuchtigkeit<\/li>\n<\/ul>\n<p><strong>Lieferumfang:<\/strong> 1 x Opranic THOR H\u00fclle<\/p>\n<hr>\n<h3>Wandheizstrahler-Abdeckung<\/h3>\n<ul>\n<li><strong>SKU:<\/strong> WALLCOVER-B<\/li>\n<li><strong>Farbe:<\/strong> Schwarz<\/li>\n<li><strong>Abmessungen (L x T x H):<\/strong> 95 x 15 x 22 cm<\/li>\n<li><strong>Befestigung:<\/strong> Wird \u00fcber den Heizstrahler geschoben und hinten mit Klettverschl\u00fcssen befestigt<\/li>\n<li><strong>Kompatible fr\u00fchere Modelle:<\/strong> ECO18, ECO23, PRO15, PRO23, NOVA18, NOVA23<\/li>\n<li><strong>Kompatible aktuelle Modelle:<\/strong> NOVA V50, PRO V70<\/li>\n<li><strong>Material:<\/strong> Strapazierf\u00e4higes technisches Textil, wasserabweisend und rei\u00dffest<\/li>\n<li><strong>Verwendung:<\/strong> Lagerung und Schutz vor Staub und leichter Feuchtigkeit<\/li>\n<\/ul>\n<p><strong>Lieferumfang:<\/strong> 1 x Opranic Wandheizstrahler-Abdeckung<\/p>\n<hr>\n<h3>Waschen und Pflege<\/h3>\n<ul>\n<li>Handw\u00e4sche oder Schonwaschgang bei max. <strong>40 \u00b0C<\/strong><\/li>\n<li>Nur Feinwaschmittel verwenden. <strong>Kein<\/strong> Bleichmittel oder Weichsp\u00fcler verwenden<\/li>\n<li><strong>Nicht<\/strong> im Trockner trocknen<\/li>\n<li>Zum Trocknen an einem gut bel\u00fcfteten Ort aufh\u00e4ngen<\/li>\n<li><strong>Nicht<\/strong> b\u00fcgeln und <strong>nicht<\/strong> chemisch reinigen<\/li>\n<li>Stellen Sie sicher, dass die H\u00fclle <strong>vollst\u00e4ndig trocken<\/strong> ist, bevor Sie sie auf den Heizstrahler legen<\/li>\n<\/ul>\n<p><strong>Wichtig:<\/strong> Verwenden Sie die H\u00fclle immer nur, wenn der Heizstrahler <strong>ausgeschaltet<\/strong> und <strong>vollst\u00e4ndig abgek\u00fchlt<\/strong> ist. Die H\u00fcllen dienen der Lagerung und dem Schutz vor Staub und leichter Feuchtigkeit. Sie sind nicht als Wetterschutz w\u00e4hrend des Betriebs vorgesehen.<\/p>\n[\/vc_column_text][\/vc_tta_section][\/vc_tta_tabs][\/vc_column][\/vc_row]\n<\/div>","protected":false},"excerpt":{"rendered":"<h2 data-start=\"298\" data-end=\"322\">Opranic THOR Schutzh\u00fclle<\/h2>\n<p data-start=\"324\" data-end=\"729\">Sch\u00fctzen Sie Ihren Opranic THOR Au\u00dfenheizstrahler mit dieser hochwertigen Schutzh\u00fclle, erh\u00e4ltlich in Schwarz oder Wei\u00df. Perfekt passend und aus strapazierf\u00e4higem, wetterbest\u00e4ndigem Gewebe gefertigt, sch\u00fctzt sie Ihren Heizstrahler vor Staub, Schmutz und Feuchtigkeit, wenn er nicht in Gebrauch ist.<br data-start=\"578\" data-end=\"581\">Die Schutzh\u00fclle kombiniert elegantes Design mit zuverl\u00e4ssigem Schutz und hilft so, Ihren THOR Heizstrahler sauber, effizient und Saison f\u00fcr Saison einsatzbereit zu halten. <\/p>\n<p data-start=\"815\" data-end=\"913\"><strong data-start=\"815\" data-end=\"823\">Artikelnummer:<\/strong> THORCOVER-B (Schwarz) \/ THORCOVER-W (Wei\u00df)<br data-start=\"865\" data-end=\"868\"><strong data-start=\"868\" data-end=\"895\">Abmessungen (H x B x T):<\/strong> 97 x 28 x 14 cm<br \/>\n<strong>Gewicht<\/strong>: 140g<\/p>\n","protected":false},"featured_media":20722,"comment_status":"open","ping_status":"closed","template":"","meta":{"_acf_changed":false,"inline_featured_image":false,"_joinchat":[]},"product_brand":[],"product_cat":[321],"product_tag":[],"class_list":{"0":"post-4303","1":"product","2":"type-product","3":"status-publish","4":"has-post-thumbnail","6":"product_cat-premium-infrarotheizung","7":"entry","8":"has-media","10":"first","11":"instock","12":"taxable","13":"shipping-taxable","14":"purchasable","15":"product-type-variable"},"acf":[],"_links":{"self":[{"href":"https:\/\/opranic.com\/de\/wp-json\/wp\/v2\/product\/4303","targetHints":{"allow":["GET"]}}],"collection":[{"href":"https:\/\/opranic.com\/de\/wp-json\/wp\/v2\/product"}],"about":[{"href":"https:\/\/opranic.com\/de\/wp-json\/wp\/v2\/types\/product"}],"replies":[{"embeddable":true,"href":"https:\/\/opranic.com\/de\/wp-json\/wp\/v2\/comments?post=4303"}],"wp:featuredmedia":[{"embeddable":true,"href":"https:\/\/opranic.com\/de\/wp-json\/wp\/v2\/media\/20722"}],"wp:attachment":[{"href":"https:\/\/opranic.com\/de\/wp-json\/wp\/v2\/media?parent=4303"}],"wp:term":[{"taxonomy":"product_brand","embeddable":true,"href":"https:\/\/opranic.com\/de\/wp-json\/wp\/v2\/product_brand?post=4303"},{"taxonomy":"product_cat","embeddable":true,"href":"https:\/\/opranic.com\/de\/wp-json\/wp\/v2\/product_cat?post=4303"},{"taxonomy":"product_tag","embeddable":true,"href":"https:\/\/opranic.com\/de\/wp-json\/wp\/v2\/product_tag?post=4303"}],"curies":[{"name":"wp","href":"https:\/\/api.w.org\/{rel}","templated":true}]}}