{"id":4305,"date":"2023-04-21T07:18:17","date_gmt":"2023-04-21T05:18:17","guid":{"rendered":"https:\/\/opranic.com\/product\/opranic-tragbare-heizhaube-fur-thor-weis\/"},"modified":"2023-10-02T14:17:47","modified_gmt":"2023-10-02T12:17:47","slug":"opranic-tragbare-heizung-abdeckung-fur-die-weiss","status":"publish","type":"product","link":"https:\/\/opranic.com\/de\/shop\/premium-infrarotheizung\/opranic-tragbare-heizung-abdeckung-fur-die-weiss\/","title":{"rendered":"OPRANIC Tragbare Heizhaube f\u00fcr THOR &#8211; Wei\u00df"},"content":{"rendered":"","protected":false},"excerpt":{"rendered":"<p><span data-sheets-value=\"{\"1\":2,\"2\":\"Protective white cover for THOR patio heater. Made from durable polyester material.\"}\">Wei\u00dfe Schutzh\u00fclle f\u00fcr den Terrassenheizer THOR. Hergestellt aus strapazierf\u00e4higem Polyestermaterial.<\/span><\/p>\n","protected":false},"featured_media":2563,"comment_status":"open","ping_status":"closed","template":"","meta":{"_acf_changed":false,"inline_featured_image":false,"_joinchat":[]},"product_brand":[],"product_cat":[321],"product_tag":[],"class_list":{"0":"post-4305","1":"product","2":"type-product","3":"status-publish","4":"has-post-thumbnail","6":"product_cat-premium-infrarotheizung","7":"entry","8":"has-media","10":"first","11":"outofstock","12":"taxable","13":"shipping-taxable","14":"purchasable","15":"product-type-simple"},"acf":[],"_links":{"self":[{"href":"https:\/\/opranic.com\/de\/wp-json\/wp\/v2\/product\/4305","targetHints":{"allow":["GET"]}}],"collection":[{"href":"https:\/\/opranic.com\/de\/wp-json\/wp\/v2\/product"}],"about":[{"href":"https:\/\/opranic.com\/de\/wp-json\/wp\/v2\/types\/product"}],"replies":[{"embeddable":true,"href":"https:\/\/opranic.com\/de\/wp-json\/wp\/v2\/comments?post=4305"}],"wp:featuredmedia":[{"embeddable":true,"href":"https:\/\/opranic.com\/de\/wp-json\/wp\/v2\/media\/2563"}],"wp:attachment":[{"href":"https:\/\/opranic.com\/de\/wp-json\/wp\/v2\/media?parent=4305"}],"wp:term":[{"taxonomy":"product_brand","embeddable":true,"href":"https:\/\/opranic.com\/de\/wp-json\/wp\/v2\/product_brand?post=4305"},{"taxonomy":"product_cat","embeddable":true,"href":"https:\/\/opranic.com\/de\/wp-json\/wp\/v2\/product_cat?post=4305"},{"taxonomy":"product_tag","embeddable":true,"href":"https:\/\/opranic.com\/de\/wp-json\/wp\/v2\/product_tag?post=4305"}],"curies":[{"name":"wp","href":"https:\/\/api.w.org\/{rel}","templated":true}]}}