{"id":4307,"date":"2023-04-21T07:01:39","date_gmt":"2023-04-21T07:01:39","guid":{"rendered":"https:\/\/opranic.com\/product\/opranic-wandheizungsabdeckung-fur-eco-pro-schwarz\/"},"modified":"2026-03-30T21:11:34","modified_gmt":"2026-03-30T19:11:34","slug":"opranic-wandheizungsabdeckung-fur-oko-pro-schwarz","status":"publish","type":"product","link":"https:\/\/opranic.com\/de\/shop\/zubehoer\/aussenheizgeraete\/opranic-wandheizungsabdeckung-fur-oko-pro-schwarz\/","title":{"rendered":"Opranic Heizstrahlerabdeckung f\u00fcr V50 und V70"},"content":{"rendered":"<div class=\"wpb-content-wrapper\">[vc_row][vc_column][vc_tta_tabs][vc_tta_section title=&#8220;Details&#8220; tab_id=&#8220;1760790713439-1c128aa2-96d7&#8243;]<h2 class=\"vcex-heading vcex-heading-plain vcex-module wpex-heading wpex-text-2xl\"><span class=\"vcex-heading-inner wpex-inline-block\">Opranic Heizstrahlerabdeckung f\u00fcr V50 und V70<\/span><\/h2>[vc_column_text css=&#8220;&#8220;]\n<p data-start=\"905\" data-end=\"1018\"><strong data-start=\"905\" data-end=\"913\">SKU:<\/strong> WALLCOVER-B<br data-start=\"925\" data-end=\"928\"><strong data-start=\"928\" data-end=\"939\">Farbe:<\/strong> Schwarz<br data-start=\"945\" data-end=\"948\"><strong data-start=\"948\" data-end=\"975\">Abmessungen (L x T x H):<\/strong> 95 x 15 x 22 cm<br data-start=\"991\" data-end=\"994\"><strong data-start=\"994\" data-end=\"1016\">Kompatible Modelle:<\/strong><\/p>\n<ul>\n<li>Modelle: NOVA V50, PRO V70<\/li>\n<li>Fr\u00fchere Modelle: ECO18 \/ ECO23, PRO15 \/ PRO23, NOVA18 \/ NOVA23<\/li>\n<\/ul>\n<p data-start=\"1123\" data-end=\"1408\">Sch\u00fctzen Sie Ihren wandmontierten Opranic Infrarot Heizstrahler mit dieser passgenauen Abdeckung, die daf\u00fcr entwickelt wurde, Optik und Leistung Ihres Heizstrahlers langfristig zu erhalten. Aus robustem, wetterbest\u00e4ndigem Gewebe gefertigt, bietet sie zuverl\u00e4ssigen Schutz vor Staub und Feuchtigkeit, wenn der Heizstrahler nicht in Gebrauch ist. <\/p>\n<p data-start=\"1410\" data-end=\"1717\">Die Opranic Wandheizstrahlerabdeckung ist speziell f\u00fcr Opranic Modelle zugeschnitten und gew\u00e4hrleistet einen passgenauen Sitz. F\u00fchren Sie die Abdeckung einfach \u00fcber Ihren Heizstrahler und befestigen Sie sie hinten mit den integrierten Klettverschl\u00fcssen. Das Design erm\u00f6glicht eine schnelle Anbringung und Entfernung, w\u00e4hrend das Material flexibel und einfach zu handhaben bleibt.  <\/p>\n<p data-start=\"1719\" data-end=\"2060\">Gefertigt aus hochwertigem, rei\u00dffestem und wasserabweisendem technischem Textil, tr\u00e4gt diese Abdeckung dazu bei, die Oberfl\u00e4che und die Reflektoren Ihres Heizstrahlers zu sch\u00fctzen, indem sie Staubansammlungen verhindert, die die Leistung beeintr\u00e4chtigen k\u00f6nnten. Das elegante schwarze Design spiegelt den zeitlosen skandinavischen Stil der Opranic Produkte wider und verbindet Praktikabilit\u00e4t mit moderner \u00c4sthetik. <\/p>\n<p data-start=\"2062\" data-end=\"2241\">Perfekt f\u00fcr den Innenbereich und gesch\u00fctzte Au\u00dfenbereiche, h\u00e4lt diese Schutzabdeckung Ihren Opranic Heizstrahler in ausgezeichnetem Zustand, bereit, optimalen Komfort zu liefern, wann immer Sie ihn ben\u00f6tigen.<\/p>\n<p data-start=\"2243\" data-end=\"2261\"><strong data-start=\"2243\" data-end=\"2259\">Wesentliche Merkmale<\/strong><\/p>\n<ul>\n<li data-start=\"2243\" data-end=\"2261\">Speziell f\u00fcr Opranic Wandheizstrahler entwickelt<\/li>\n<li data-start=\"2264\" data-end=\"2320\">Strapazierf\u00e4higes, rei\u00dffestes technisches Gewebe<\/li>\n<li data-start=\"2323\" data-end=\"2365\">Wasserabweisend und leicht zu reinigen<\/li>\n<li data-start=\"2368\" data-end=\"2403\">Sicherung mit Klettverschl\u00fcssen f\u00fcr einen perfekten Sitz<\/li>\n<li data-start=\"2406\" data-end=\"2452\">Sch\u00fctzt vor Staub und Feuchtigkeit<\/li>\n<li data-start=\"2455\" data-end=\"2491\">Passend f\u00fcr aktuelle und fr\u00fchere Opranic Modelle<\/li>\n<\/ul>\n<p data-start=\"2541\" data-end=\"2564\"><strong data-start=\"2541\" data-end=\"2562\">Lieferumfang<\/strong><\/p>\n<ul>\n<li data-start=\"2567\" data-end=\"2606\">1 x Opranic Wandheizstrahlerabdeckung (Schwarz)<\/li>\n<\/ul>\n<p data-start=\"2608\" data-end=\"2703\"><strong data-start=\"2608\" data-end=\"2622\">Wichtig:<\/strong> <em><strong>Verwenden Sie die Abdeckung nur, wenn der Heizstrahler ausgeschaltet und vollst\u00e4ndig abgek\u00fchlt ist<\/strong><\/em>.<\/p>\n[\/vc_column_text][\/vc_tta_section][\/vc_tta_tabs][\/vc_column][\/vc_row]\n<\/div>","protected":false},"excerpt":{"rendered":"<h2 data-start=\"366\" data-end=\"397\">Opranic Wandheizstrahlerabdeckung<\/h2>\n<p data-start=\"399\" data-end=\"812\">Sch\u00fctzen Sie Ihren Opranic Wandheizstrahler mit dieser strapazierf\u00e4higen schwarzen Abdeckung. Entwickelt f\u00fcr aktuelle und fr\u00fchere Opranic Modelle, sch\u00fctzt sie Ihren Heizstrahler vor Staub, Schmutz und Feuchtigkeit, wenn er nicht in Gebrauch ist. Hergestellt aus hochwertigem, wetterbest\u00e4ndigem Gewebe, l\u00e4sst sich die Abdeckung leicht \u00fcber den Heizstrahler ziehen und wird hinten mit Klettverschl\u00fcssen f\u00fcr einen perfekten Sitz befestigt. Halten Sie Ihren Opranic Heizstrahler sauber und bereit f\u00fcr die n\u00e4chste Saison.   <\/p>\n<p><strong data-start=\"905\" data-end=\"913\">SKU:<\/strong> WALLCOVER-B<br data-start=\"925\" data-end=\"928\"><strong data-start=\"928\" data-end=\"939\">Farbe:<\/strong> Schwarz<br data-start=\"945\" data-end=\"948\"><strong data-start=\"948\" data-end=\"975\">Abmessungen (L x T x H):<\/strong> 95 x 15 x 22 cm<\/p>\n","protected":false},"featured_media":20728,"comment_status":"closed","ping_status":"closed","template":"","meta":{"_acf_changed":false,"inline_featured_image":false,"_joinchat":[]},"product_brand":[],"product_cat":[1043,1053],"product_tag":[],"class_list":{"0":"post-4307","1":"product","2":"type-product","3":"status-publish","4":"has-post-thumbnail","6":"product_cat-zubehoer","7":"product_cat-aussenheizgeraete","8":"entry","9":"has-media","11":"first","12":"instock","13":"taxable","14":"shipping-taxable","15":"purchasable","16":"product-type-simple"},"acf":[],"_links":{"self":[{"href":"https:\/\/opranic.com\/de\/wp-json\/wp\/v2\/product\/4307","targetHints":{"allow":["GET"]}}],"collection":[{"href":"https:\/\/opranic.com\/de\/wp-json\/wp\/v2\/product"}],"about":[{"href":"https:\/\/opranic.com\/de\/wp-json\/wp\/v2\/types\/product"}],"replies":[{"embeddable":true,"href":"https:\/\/opranic.com\/de\/wp-json\/wp\/v2\/comments?post=4307"}],"wp:featuredmedia":[{"embeddable":true,"href":"https:\/\/opranic.com\/de\/wp-json\/wp\/v2\/media\/20728"}],"wp:attachment":[{"href":"https:\/\/opranic.com\/de\/wp-json\/wp\/v2\/media?parent=4307"}],"wp:term":[{"taxonomy":"product_brand","embeddable":true,"href":"https:\/\/opranic.com\/de\/wp-json\/wp\/v2\/product_brand?post=4307"},{"taxonomy":"product_cat","embeddable":true,"href":"https:\/\/opranic.com\/de\/wp-json\/wp\/v2\/product_cat?post=4307"},{"taxonomy":"product_tag","embeddable":true,"href":"https:\/\/opranic.com\/de\/wp-json\/wp\/v2\/product_tag?post=4307"}],"curies":[{"name":"wp","href":"https:\/\/api.w.org\/{rel}","templated":true}]}}