{"id":4336,"date":"2023-04-18T14:52:52","date_gmt":"2023-04-18T12:52:52","guid":{"rendered":"https:\/\/opranic.com\/product\/opranic-handtuchhalter-fuer-p5-700-900-1100\/"},"modified":"2026-03-30T21:11:19","modified_gmt":"2026-03-30T19:11:19","slug":"opranic-handtuchhalter-fur-p5-700-900-1100","status":"publish","type":"product","link":"https:\/\/opranic.com\/de\/shop\/zubehoer\/innenheizgeraete\/opranic-handtuchhalter-fur-p5-700-900-1100\/","title":{"rendered":"OPRANIC Handtuchhalter f\u00fcr P5 700\/900\/1100"},"content":{"rendered":"<div class=\"wpb-content-wrapper\">[vc_row][vc_column][vc_tta_tabs][vc_tta_section title=&#8220;Details&#8220; tab_id=&#8220;1760790713439-1c128aa2-96d7&#8243;]<h2 class=\"vcex-heading vcex-heading-plain vcex-module wpex-heading wpex-text-2xl\"><span class=\"vcex-heading-inner wpex-inline-block\">Opranic Handtuchhalter<\/span><\/h2>[vc_column_text css=&#8220;&#8220;]\n<h4 data-start=\"846\" data-end=\"877\">Opranic Handtuchhalter<\/h4>\n<p data-start=\"878\" data-end=\"1022\"><strong data-start=\"878\" data-end=\"886\">SKU:<\/strong> PT001<br data-start=\"892\" data-end=\"895\"><strong data-start=\"895\" data-end=\"908\">Material:<\/strong> Geb\u00fcrstetes Aluminium<br data-start=\"925\" data-end=\"928\"><strong data-start=\"928\" data-end=\"943\">F\u00fcr Modelle:<\/strong> P5 \/ P6 \/ P7<br data-start=\"956\" data-end=\"959\"><strong data-start=\"959\" data-end=\"986\">Abmessungen (H x B x T):<\/strong> 4 x 72 x 12 cm und 4 x 72 x 10 cm<\/p>\n<p data-start=\"1024\" data-end=\"1243\">Genie\u00dfen Sie t\u00e4glich perfekt warme und trockene Handt\u00fccher mit dem Handtuchhalter-Set von Opranic f\u00fcr die Infrarot Heizstrahler-Serien P5, P6 und P7. Dieses elegante Zubeh\u00f6r verwandelt Ihren Badheizstrahler in einen stilvollen und praktischen Handtuchw\u00e4rmer. <\/p>\n<p data-start=\"1245\" data-end=\"1491\">Jeder Halter ist aus hochwertigem, geb\u00fcrstetem Aluminium gefertigt, was eine lange Lebensdauer und ein edles Finish gew\u00e4hrleistet. Das Set enth\u00e4lt zwei Halter, die mit einem idealen Abstand entworfen wurden, um eine gleichm\u00e4\u00dfige W\u00e4rmeverteilung zu erm\u00f6glichen und zu verhindern, dass sich die Handt\u00fccher ber\u00fchren. <\/p>\n<p data-start=\"1493\" data-end=\"1732\">Die Installation ist schnell und einfach \u2014 befestigen Sie die Halter einfach mit den mitgelieferten Befestigungsschrauben an der R\u00fcckseite Ihrer Heizung. In nur wenigen Minuten wird Ihr Infrarotpanel zu einer komfortablen und funktionalen Heizl\u00f6sung f\u00fcr Ihr Badezimmer. <\/p>\n<p data-start=\"1734\" data-end=\"1907\">Das exklusiv f\u00fcr Opranic Heizungen entwickelte Handtuchhalter-Set verbindet skandinavische Schlichtheit mit allt\u00e4glichem Komfort und verbessert sowohl Komfort als auch Design in Ihrem Zuhause.<\/p>\n<p data-start=\"1909\" data-end=\"1932\"><strong data-start=\"1909\" data-end=\"1930\">Lieferumfang<\/strong><\/p>\n<ul data-start=\"1933\" data-end=\"1993\">\n<li data-start=\"1933\" data-end=\"1972\">\n<p data-start=\"1935\" data-end=\"1972\">1 x Satz Handtuchhalter (2 St\u00fcck)<\/p>\n<\/li>\n<li data-start=\"1973\" data-end=\"1993\">\n<p data-start=\"1975\" data-end=\"1993\">1 x Montagesatz<\/p>\n<\/li>\n<\/ul>\n[\/vc_column_text][\/vc_tta_section][\/vc_tta_tabs][\/vc_column][\/vc_row]\n<\/div>","protected":false},"excerpt":{"rendered":"<section class=\"product-intro\">\n<h2>Opranic Handtuchhalter f\u00fcr P5 700\/900\/1100<\/h2>\n<p>Verwandeln Sie Ihren Opranic Infrarot-Panelheizk\u00f6rper mit diesem Premium-Handtuchhalter-Set in einen eleganten Handtuchw\u00e4rmer. Er ist aus geb\u00fcrstetem Aluminium gefertigt und passt zum minimalistischen Design von Opranic. Er w\u00e4rmt und trocknet Handt\u00fccher effizient und wertet gleichzeitig Ihr Badezimmerdesign auf. <\/p>\n<ul class=\"premium-features\">\n<li>Entwickelt f\u00fcr P5 700\/900\/1100 (passt auch f\u00fcr P6 &amp; P7)<\/li>\n<li>Robuste Konstruktion aus geb\u00fcrstetem Aluminium<\/li>\n<li>Zwei Halter mit optimiertem Abstand f\u00fcr gleichm\u00e4\u00dfige Erw\u00e4rmung<\/li>\n<li>Schnelle, einfache Installation mit mitgeliefertem Montagesatz<\/li>\n<li>Saubere, skandinavische Optik f\u00fcr moderne Badezimmer<\/li>\n<\/ul>\n<\/section>\n","protected":false},"featured_media":2388,"comment_status":"closed","ping_status":"closed","template":"","meta":{"_acf_changed":false,"inline_featured_image":false,"_joinchat":[]},"product_brand":[],"product_cat":[1043,1048],"product_tag":[],"class_list":{"0":"post-4336","1":"product","2":"type-product","3":"status-publish","4":"has-post-thumbnail","6":"product_cat-zubehoer","7":"product_cat-innenheizgeraete","8":"entry","9":"has-media","11":"first","12":"instock","13":"taxable","14":"shipping-taxable","15":"purchasable","16":"product-type-simple"},"acf":[],"_links":{"self":[{"href":"https:\/\/opranic.com\/de\/wp-json\/wp\/v2\/product\/4336","targetHints":{"allow":["GET"]}}],"collection":[{"href":"https:\/\/opranic.com\/de\/wp-json\/wp\/v2\/product"}],"about":[{"href":"https:\/\/opranic.com\/de\/wp-json\/wp\/v2\/types\/product"}],"replies":[{"embeddable":true,"href":"https:\/\/opranic.com\/de\/wp-json\/wp\/v2\/comments?post=4336"}],"wp:featuredmedia":[{"embeddable":true,"href":"https:\/\/opranic.com\/de\/wp-json\/wp\/v2\/media\/2388"}],"wp:attachment":[{"href":"https:\/\/opranic.com\/de\/wp-json\/wp\/v2\/media?parent=4336"}],"wp:term":[{"taxonomy":"product_brand","embeddable":true,"href":"https:\/\/opranic.com\/de\/wp-json\/wp\/v2\/product_brand?post=4336"},{"taxonomy":"product_cat","embeddable":true,"href":"https:\/\/opranic.com\/de\/wp-json\/wp\/v2\/product_cat?post=4336"},{"taxonomy":"product_tag","embeddable":true,"href":"https:\/\/opranic.com\/de\/wp-json\/wp\/v2\/product_tag?post=4336"}],"curies":[{"name":"wp","href":"https:\/\/api.w.org\/{rel}","templated":true}]}}