{"id":5905,"date":"2023-04-18T15:35:23","date_gmt":"2023-04-18T15:35:23","guid":{"rendered":"https:\/\/opranic.com\/product\/opranic-einsteck-thermostat-ot50\/"},"modified":"2026-03-28T15:05:07","modified_gmt":"2026-03-28T14:05:07","slug":"opranic-steckbarer-thermostat-ot50","status":"publish","type":"product","link":"https:\/\/opranic.com\/de\/shop\/zubehoer\/innenheizgeraete\/opranic-steckbarer-thermostat-ot50\/","title":{"rendered":"OPRANIC Steckdosen-Thermostat OT50"},"content":{"rendered":"<div class=\"wpb-content-wrapper\">[vc_row][vc_column][vc_tta_tabs][vc_tta_section title=&#8220;Details&#8220; tab_id=&#8220;1760790713439-1c128aa2-96d7&#8243;]<h2 class=\"vcex-heading vcex-heading-plain vcex-module wpex-heading wpex-text-2xl\"><span class=\"vcex-heading-inner wpex-inline-block\">Opranic OT50 Thermostatstecker<\/span><\/h2>[vc_column_text css=&#8220;&#8220;]\n<p data-start=\"974\" data-end=\"1177\"><strong data-start=\"974\" data-end=\"982\">SKU:<\/strong> OT50<br data-start=\"987\" data-end=\"990\"><strong data-start=\"990\" data-end=\"1007\">Stromversorgung:<\/strong> 230 V \/ 50 Hz<br data-start=\"1021\" data-end=\"1024\"><strong data-start=\"1024\" data-end=\"1046\">Temperaturbereich:<\/strong> 3 \u00b0C \u2013 40 \u00b0C<br data-start=\"1059\" data-end=\"1062\"><strong data-start=\"1062\" data-end=\"1075\">Genauigkeit:<\/strong> \u00b10,5 \u00b0C<br data-start=\"1083\" data-end=\"1086\"><strong data-start=\"1086\" data-end=\"1099\">Max. Last:<\/strong> 16 A<br data-start=\"1104\" data-end=\"1107\"><strong data-start=\"1107\" data-end=\"1128\">Schutzklasse:<\/strong> IP20<br data-start=\"1133\" data-end=\"1136\"><strong data-start=\"1136\" data-end=\"1162\">Betriebstemperatur:<\/strong> 0 \u00b0C \u2013 40 \u00b0C<\/p>\n<p data-start=\"1179\" data-end=\"1449\">Der Opranic OT50 ist ein kompakter Steckthermostat, der zur einfachen Steuerung Ihrer Opranic Infrarot-Heizpaneele entwickelt wurde. Er bietet eine pr\u00e4zise Temperaturregelung und hilft Ihnen, ein gleichm\u00e4\u00dfiges und angenehmes Raumklima aufrechtzuerhalten, w\u00e4hrend unn\u00f6tiger Energieverbrauch reduziert wird. <\/p>\n<p data-start=\"1451\" data-end=\"1749\">Schlie\u00dfen Sie den OT50 Thermostat einfach an eine Standard-Steckdose an, stecken Sie Ihr Heizger\u00e4t in den Thermostat und stellen Sie Ihre gew\u00fcnschte Temperatur \u00fcber die intuitiven Bedienelemente ein. Das helle digitale Display zeigt die aktuelle Raumtemperatur und die gew\u00e4hlte Einstellung an, sodass Sie diese einfach \u00fcberwachen und anpassen k\u00f6nnen. <\/p>\n<p data-start=\"1751\" data-end=\"2040\">Mit einer Temperaturregelung in Schritten von 0,5 \u00b0C bietet der OT50 eine pr\u00e4zise Kontrolle \u00fcber Ihr Komfortniveau. Die integrierte Frostschutzfunktion wird bei 3 \u00b0C automatisch aktiviert, um ein Einfrieren in kalten Umgebungen zu verhindern, was ihn ideal f\u00fcr den Einsatz in Wohnungen, B\u00fcros, Werkst\u00e4tten oder Ferienh\u00e4usern macht. <\/p>\n<p data-start=\"2042\" data-end=\"2311\">Der Thermostat verf\u00fcgt \u00fcber einen praktischen AUS-Modus zur vollst\u00e4ndigen Deaktivierung des angeschlossenen Ger\u00e4ts, wenn keine Heizung ben\u00f6tigt wird. Ausgestattet mit einem hochwertigen Relaisausgang, unterst\u00fctzt er Lasten bis zu 16 A und gew\u00e4hrleistet so die Kompatibilit\u00e4t mit allen Opranic Infrarot-Heizpaneelen. <\/p>\n<p data-start=\"2313\" data-end=\"2447\">Der Opranic OT50 vereint Einfachheit und Effizienz in einem einzigen Ger\u00e4t und gibt Ihnen die volle Kontrolle \u00fcber Ihre Heizung mit minimalem Aufwand.<\/p>\n<p data-start=\"2449\" data-end=\"2467\"><strong data-start=\"2449\" data-end=\"2465\">Hauptmerkmale<\/strong><\/p>\n<ul data-start=\"2468\" data-end=\"2674\">\n<li data-start=\"2468\" data-end=\"2503\">\n<p data-start=\"2470\" data-end=\"2503\">Einfache Plug-and-Play-Installation<\/p>\n<\/li>\n<li data-start=\"2504\" data-end=\"2551\">\n<p data-start=\"2506\" data-end=\"2551\">Pr\u00e4zise Temperaturregelung in Schritten von 0,5 \u00b0C<\/p>\n<\/li>\n<li data-start=\"2552\" data-end=\"2588\">\n<p data-start=\"2554\" data-end=\"2588\">Frostschutzfunktion (3 \u00b0C)<\/p>\n<\/li>\n<li data-start=\"2589\" data-end=\"2623\">\n<p data-start=\"2591\" data-end=\"2623\">Klares und gut ablesbares Display<\/p>\n<\/li>\n<li data-start=\"2624\" data-end=\"2643\">\n<p data-start=\"2626\" data-end=\"2643\">Max. Ausgangsleistung 16 A<\/p>\n<\/li>\n<li data-start=\"2644\" data-end=\"2674\">\n<p data-start=\"2646\" data-end=\"2674\">Kompaktes und elegantes Design<\/p>\n<\/li>\n<\/ul>\n[\/vc_column_text][\/vc_tta_section][\/vc_tta_tabs][\/vc_column][\/vc_row]\n<\/div>","protected":false},"excerpt":{"rendered":"<h2>Opranic OT50 Thermostatstecker<\/h2>\n<p>Steuern Sie Ihre Opranic Infrarot-Heizpaneele einfach mit dem OT50 Thermostatstecker. Schlie\u00dfen Sie den Thermostat einfach an Ihre Steckdose an und stecken Sie Ihr Heizger\u00e4t ein, um eine automatische Temperaturregelung zu erhalten. Stellen Sie Ihre Wunschtemperatur ein und genie\u00dfen Sie gleichm\u00e4\u00dfige, angenehme W\u00e4rme ohne manuelle Anpassung. Das digitale Display macht die Bedienung intuitiv, w\u00e4hrend der Thermostat maximale Energieeffizienz und Komfort in jedem Raum gew\u00e4hrleistet.   <\/p>\n<p><strong data-start=\"974\" data-end=\"982\">SKU:<\/strong> OT50<br data-start=\"987\" data-end=\"990\"><strong data-start=\"990\" data-end=\"1007\">Stromversorgung:<\/strong> 230 V \/ 50 Hz<br data-start=\"1021\" data-end=\"1024\"><strong data-start=\"1024\" data-end=\"1046\">Temperaturbereich:<\/strong> 3 \u00b0C \u2013 40 \u00b0C<br data-start=\"1059\" data-end=\"1062\"><strong data-start=\"1062\" data-end=\"1075\">Genauigkeit:<\/strong> \u00b10,5 \u00b0C<br data-start=\"1083\" data-end=\"1086\"><strong data-start=\"1086\" data-end=\"1099\">Max. Last:<\/strong> 16 A<br data-start=\"1104\" data-end=\"1107\"><strong data-start=\"1107\" data-end=\"1128\">Schutzklasse:<\/strong> IP20<br data-start=\"1133\" data-end=\"1136\"><strong data-start=\"1136\" data-end=\"1162\">Betriebstemperatur:<\/strong> 0 \u00b0C \u2013 40 \u00b0C<\/p>\n<p>&nbsp;<\/p>\n","protected":false},"featured_media":20281,"comment_status":"closed","ping_status":"closed","template":"","meta":{"_acf_changed":false,"inline_featured_image":false,"_joinchat":[]},"product_brand":[],"product_cat":[1048,1043],"product_tag":[],"class_list":{"0":"post-5905","1":"product","2":"type-product","3":"status-publish","4":"has-post-thumbnail","6":"product_cat-innenheizgeraete","7":"product_cat-zubehoer","8":"entry","9":"has-media","11":"first","12":"instock","13":"taxable","14":"shipping-taxable","15":"purchasable","16":"product-type-simple"},"acf":[],"_links":{"self":[{"href":"https:\/\/opranic.com\/de\/wp-json\/wp\/v2\/product\/5905","targetHints":{"allow":["GET"]}}],"collection":[{"href":"https:\/\/opranic.com\/de\/wp-json\/wp\/v2\/product"}],"about":[{"href":"https:\/\/opranic.com\/de\/wp-json\/wp\/v2\/types\/product"}],"replies":[{"embeddable":true,"href":"https:\/\/opranic.com\/de\/wp-json\/wp\/v2\/comments?post=5905"}],"wp:featuredmedia":[{"embeddable":true,"href":"https:\/\/opranic.com\/de\/wp-json\/wp\/v2\/media\/20281"}],"wp:attachment":[{"href":"https:\/\/opranic.com\/de\/wp-json\/wp\/v2\/media?parent=5905"}],"wp:term":[{"taxonomy":"product_brand","embeddable":true,"href":"https:\/\/opranic.com\/de\/wp-json\/wp\/v2\/product_brand?post=5905"},{"taxonomy":"product_cat","embeddable":true,"href":"https:\/\/opranic.com\/de\/wp-json\/wp\/v2\/product_cat?post=5905"},{"taxonomy":"product_tag","embeddable":true,"href":"https:\/\/opranic.com\/de\/wp-json\/wp\/v2\/product_tag?post=5905"}],"curies":[{"name":"wp","href":"https:\/\/api.w.org\/{rel}","templated":true}]}}