{"id":26128,"date":"2026-04-16T17:37:30","date_gmt":"2026-04-16T15:37:30","guid":{"rendered":"https:\/\/opranic.com\/?page_id=26128"},"modified":"2026-04-19T01:41:34","modified_gmt":"2026-04-18T23:41:34","slug":"sobre-los-infrarrojos","status":"publish","type":"page","link":"https:\/\/opranic.com\/es\/sobre-los-infrarrojos\/","title":{"rendered":"Sobre la calefacci\u00f3n por infrarrojos"},"content":{"rendered":"<div class=\"wpb-content-wrapper\">[vc_row content_placement=\u00bbmiddle\u00bb column_spacing=\u00bb30&#8243; equal_height=\u00bbyes\u00bb remove_bottom_col_margin=\u00bbtrue\u00bb css=\u00bb.vc_custom_1776380229469{margin-top: 0px !important;margin-bottom: 15px !important;}\u00bb el_class=\u00bbhero-fullbleed\u00bb][vc_column wpex_shadow=\u00bbshadow-none\u00bb][vc_column_text css=\u00bb\u00bb]\n<div class=\"opr-home-hero\">\n<p><img decoding=\"async\" class=\"opr-home-hero__bg\" src=\"https:\/\/opranic.com\/wp-content\/uploads\/2026\/04\/2560x960_about-infrared-a.jpg\" sizes=\"100vw\" srcset=\"https:\/\/opranic.com\/wp-content\/uploads\/2026\/04\/2560x960_about-infrared-a.jpg\" alt=\"Sobre la calefacci\u00f3n por infrarrojos\" data-no-lazy=\"1\" data-skip-lazy=\"1\"><\/p>\n<div class=\"opr-home-hero__overlay\"><\/div>\n<div class=\"opr-home-hero__text\">\n<p class=\"opr-home-hero__overline\">Conocimiento<\/p>\n<h1 class=\"opr-home-hero__title\">Sobre la calefacci\u00f3n por infrarrojos<\/h1>\n<div class=\"opr-home-hero__accent\"><\/div>\n<p class=\"opr-home-hero__sub\">La ciencia, las longitudes de onda y la tecnolog\u00eda<\/p>\n<\/div>\n<\/div>\n[\/vc_column_text][\/vc_column][\/vc_row][vc_row][vc_column][vc_column_text]\n[\/vc_column_text][\/vc_column][\/vc_row][vc_row el_class=\u00bbopr-intro-row\u00bb][vc_column css=\u00bb.vc_custom_1776412217522{border-left-width: 3px !important;padding-left: 24px !important;border-left-style: solid !important;border-radius: 3px !important;}\u00bb wpex_border_color=\u00bb#ee9305&#8243;][vc_column_text el_class=\u00bbopr-intro-text\u00bb]La calefacci\u00f3n por infrarrojos es una de las fuerzas m\u00e1s antiguas de la naturaleza: es la forma en que el sol calienta la Tierra a trav\u00e9s de m\u00e1s de 150 millones de kil\u00f3metros de espacio vac\u00edo. Comprender c\u00f3mo funciona marca la diferencia entre elegir un calefactor que parece adecuado y uno que realmente rinde. Esta secci\u00f3n cubre la ciencia, la tecnolog\u00eda y las decisiones de ingenier\u00eda que hay detr\u00e1s de cada producto Opranic.[\/vc_column_text][\/vc_column][\/vc_row][vc_row][vc_column][vc_column_text]\n[\/vc_column_text][\/vc_column][\/vc_row][vc_row content_placement=\u00bbmiddle\u00bb equal_height=\u00bbyes\u00bb el_class=\u00bbopr-split-row opr-split-row&#8211;img-right\u00bb][vc_column width=\u00bb3\/5&#8243; el_class=\u00bbopr-split-text\u00bb]<p class=\"vcex-heading vcex-heading-plain vcex-module wpex-heading wpex-text-2xl wpex-text-left opr-section-label\"><span class=\"vcex-heading-inner wpex-inline-block\">Fundamentos<\/span><\/p><h2 class=\"vcex-heading vcex-heading-plain vcex-module wpex-heading wpex-text-2xl wpex-text-left opr-section-h2\"><span class=\"vcex-heading-inner wpex-inline-block\">\u00bfQu\u00e9 es la calefacci\u00f3n por infrarrojos?<\/span><\/h2>[vc_column_text css=\u00bb\u00bb]\n<div class=\"opr-section-accent\"><\/div>\n<p>C\u00f3mo la radiaci\u00f3n electromagn\u00e9tica calienta cuerpos y superficies directamente, sin calentar el aire intermedio. Es la f\u00edsica detr\u00e1s del principio del calor solar: el mismo mecanismo que permite que usted se sienta caliente en un d\u00eda fr\u00edo de invierno en el mismo instante en que el sol toca su piel.  <\/p>\n<p>Comience aqu\u00ed si desea comprender los conceptos b\u00e1sicos del calor radiante, por qu\u00e9 funciona en exteriores donde la convecci\u00f3n falla y en qu\u00e9 se diferencia de todos los dem\u00e1s m\u00e9todos de calefacci\u00f3n que haya conocido.<\/p>\n<p><a class=\"opr-about-card-link\" href=\"https:\/\/opranic.com\/sv\/vad-ar-infravarme\/\">Leer la gu\u00eda \u2192<\/a>[\/vc_column_text][\/vc_column][vc_column width=\u00bb2\/5&#8243; el_class=\u00bbopr-split-media opr-about-icon-cell opr-about-icon-cell&#8211;sun\u00bb][vc_column_text]\n<div class=\"opr-about-icon opr-about-icon--sun\" aria-hidden=\"true\"><\/div>\n[\/vc_column_text][\/vc_column][\/vc_row][vc_row][vc_column][vc_column_text]\n[\/vc_column_text][\/vc_column][\/vc_row][vc_row content_placement=\u00bbmiddle\u00bb equal_height=\u00bbyes\u00bb el_class=\u00bbopr-split-row opr-split-row&#8211;img-left opr-split-row&#8211;alt\u00bb][vc_column width=\u00bb2\/5&#8243; el_class=\u00bbopr-split-media opr-split-media&#8211;left opr-about-icon-cell opr-about-icon-cell&#8211;wave\u00bb][vc_column_text]\n<div class=\"opr-about-icon opr-about-icon--wave\" aria-hidden=\"true\"><\/div>\n[\/vc_column_text][\/vc_column][vc_column width=\u00bb3\/5&#8243; el_class=\u00bbopr-split-text\u00bb]<p class=\"vcex-heading vcex-heading-plain vcex-module wpex-heading wpex-text-2xl wpex-text-left opr-section-label\"><span class=\"vcex-heading-inner wpex-inline-block\">Profundizaci\u00f3n<\/span><\/p><h2 class=\"vcex-heading vcex-heading-plain vcex-module wpex-heading wpex-text-2xl wpex-text-left opr-section-h2\"><span class=\"vcex-heading-inner wpex-inline-block\">C\u00f3mo funciona la calefacci\u00f3n por infrarrojos<\/span><\/h2>[vc_column_text css=\u00bb\u00bb]\n<div class=\"opr-section-accent\"><\/div>\n<p>La radiaci\u00f3n infrarroja de onda corta, onda media y onda larga se comporta de forma completamente diferente al incidir sobre la piel humana. La longitud de onda determina si la radiaci\u00f3n se absorbe o se refleja, y define cu\u00e1n agradable se siente realmente el calor.  <\/p>\n<p>Este es un an\u00e1lisis t\u00e9cnico detallado sobre por qu\u00e9 2,4 micr\u00f3metros es la longitud de onda \u00f3ptima para la calefacci\u00f3n de confort en exteriores, qu\u00e9 muestran las investigaciones y c\u00f3mo la ley de Wien vincula la temperatura superficial de un elemento calefactor con la radiaci\u00f3n que emite.<\/p>\n<p><a class=\"opr-about-card-link\" href=\"https:\/\/opranic.com\/sv\/sa-fungerar-infravarme\/\">Leer la gu\u00eda \u2192<\/a>[\/vc_column_text][\/vc_column][\/vc_row][vc_row][vc_column][vc_column_text]\n[\/vc_column_text][\/vc_column][\/vc_row][vc_row content_placement=\u00bbmiddle\u00bb equal_height=\u00bbyes\u00bb el_class=\u00bbopr-split-row opr-split-row&#8211;img-right\u00bb][vc_column width=\u00bb3\/5&#8243; el_class=\u00bbopr-split-text\u00bb]<p class=\"vcex-heading vcex-heading-plain vcex-module wpex-heading wpex-text-2xl wpex-text-left opr-section-label\"><span class=\"vcex-heading-inner wpex-inline-block\">Tecnolog\u00eda Opranic<\/span><\/p><h2 class=\"vcex-heading vcex-heading-plain vcex-module wpex-heading wpex-text-2xl wpex-text-left opr-section-h2\"><span class=\"vcex-heading-inner wpex-inline-block\">Por qu\u00e9 Opranic: nuestra tecnolog\u00eda<\/span><\/h2>[vc_column_text css=\u00bb\u00bb]\n<div class=\"opr-section-accent\"><\/div>\n<p>El elemento IR-X Carbon Black es el resultado de m\u00e1s de 20 a\u00f1os de ingenier\u00eda. En la pr\u00e1ctica, ofrece hasta un 96% de conversi\u00f3n de energ\u00eda, una vida \u00fatil de 12.000 horas y un elemento de fibra de carbono fabricado en Jap\u00f3n con una tolerancia que ning\u00fan otro en su categor\u00eda iguala.  <\/p>\n<p>Lea por qu\u00e9 el elemento por s\u00ed solo no es suficiente, por qu\u00e9 la geometr\u00eda del reflector, la carcasa y la electr\u00f3nica son fundamentales, y por qu\u00e9 Opranic concibe el calefactor como un sistema radiante completo en lugar de una simple colecci\u00f3n de piezas.<\/p>\n<p><a class=\"opr-about-card-link\" href=\"https:\/\/opranic.com\/sv\/varfor-opranic\/\">Leer la gu\u00eda \u2192<\/a>[\/vc_column_text][\/vc_column][vc_column width=\u00bb2\/5&#8243; el_class=\u00bbopr-split-media opr-about-icon-cell opr-about-icon-cell&#8211;lock\u00bb][vc_column_text]\n<div class=\"opr-about-icon opr-about-icon--lock\" aria-hidden=\"true\"><\/div>\n[\/vc_column_text][\/vc_column][\/vc_row][vc_row][vc_column][vc_column_text]\n[\/vc_column_text][\/vc_column][\/vc_row][vc_row el_class=\u00bbopr-breather-row\u00bb][vc_column]<p class=\"vcex-heading vcex-heading-plain vcex-module wpex-heading wpex-text-2xl wpex-text-center opr-breather-quote\"><span class=\"vcex-heading-inner wpex-inline-block\">La ciencia de esta p\u00e1gina se basa en investigaciones revisadas por expertos y en un estudio acad\u00e9mico independiente encargado por Vattenfall AB.<\/span><\/p>[\/vc_column][\/vc_row][vc_row][vc_column][vc_column_text]\n[\/vc_column_text][\/vc_column][\/vc_row][vc_row el_class=\u00bbopr-authority-row\u00bb][vc_column]<p class=\"vcex-heading vcex-heading-plain vcex-module wpex-heading wpex-text-2xl wpex-text-center opr-section-label opr-authority-label\"><span class=\"vcex-heading-inner wpex-inline-block\">Investigaci\u00f3n independiente<\/span><\/p>[vc_column_text el_class=\u00bbopr-authority-text\u00bb]\nLa ciencia de esta p\u00e1gina se basa en investigaciones revisadas por expertos, especificaciones estandarizadas de la industria y una tesis acad\u00e9mica independiente encargada por Vattenfall AB, en la que Opranic suministr\u00f3 los calefactores infrarrojos utilizados en pruebas de campo \u00e1rticas a escala real en la Universidad Tecnol\u00f3gica de Lule\u00e5 (2019). Las fuentes incluyen las <a href=\"https:\/\/www.icnirp.org\/en\/frequencies\/infrared\/index.html\" target=\"_blank\" rel=\"noopener\">directrices de seguridad de la ICNIRP<\/a> e investigaciones publicadas por los <a href=\"https:\/\/www.ncbi.nlm.nih.gov\/pmc\/articles\/PMC3699878\/\" target=\"_blank\" rel=\"noopener\">National Institutes of Health (NCBI)<\/a>.<br \/>\n[\/vc_column_text][\/vc_column][\/vc_row]\n<\/div>","protected":false},"excerpt":{"rendered":"<p>[vc_row content_placement=\u00bbmiddle\u00bb column_spacing=\u00bb30&#8243; equal_height=\u00bbyes\u00bb remove_bottom_col_margin=\u00bbtrue\u00bb css=\u00bb.vc_custom_1776380229469{margin-top: 0px !important;margin-bottom: 15px !important;}\u00bb el_class=\u00bbhero-fullbleed\u00bb][vc_column wpex_shadow=\u00bbshadow-none\u00bb][vc_column_text css=\u00bb\u00bb] Conocimiento Sobre la calefacci\u00f3n por infrarrojos La ciencia, las longitudes de onda y la tecnolog\u00eda [\/vc_column_text][\/vc_column][\/vc_row][vc_row][vc_column][vc_column_text] [\/vc_column_text][\/vc_column][\/vc_row][vc_row el_class=\u00bbopr-intro-row\u00bb][vc_column css=\u00bb.vc_custom_1776412217522{border-left-width: 3px !important;padding-left: 24px !important;border-left-style: solid !important;border-radius: 3px !important;}\u00bb wpex_border_color=\u00bb#ee9305&#8243;][vc_column_text el_class=\u00bbopr-intro-text\u00bb]La calefacci\u00f3n por infrarrojos es una de las fuerzas m\u00e1s antiguas de la naturaleza:&hellip;<\/p>\n","protected":false},"author":1,"featured_media":0,"parent":0,"menu_order":0,"comment_status":"closed","ping_status":"closed","template":"","meta":{"_acf_changed":false,"inline_featured_image":false,"_joinchat":[],"footnotes":""},"class_list":["post-26128","page","type-page","status-publish","hentry","entry","no-media"],"acf":[],"_links":{"self":[{"href":"https:\/\/opranic.com\/es\/wp-json\/wp\/v2\/pages\/26128","targetHints":{"allow":["GET"]}}],"collection":[{"href":"https:\/\/opranic.com\/es\/wp-json\/wp\/v2\/pages"}],"about":[{"href":"https:\/\/opranic.com\/es\/wp-json\/wp\/v2\/types\/page"}],"author":[{"embeddable":true,"href":"https:\/\/opranic.com\/es\/wp-json\/wp\/v2\/users\/1"}],"replies":[{"embeddable":true,"href":"https:\/\/opranic.com\/es\/wp-json\/wp\/v2\/comments?post=26128"}],"version-history":[{"count":23,"href":"https:\/\/opranic.com\/es\/wp-json\/wp\/v2\/pages\/26128\/revisions"}],"predecessor-version":[{"id":26500,"href":"https:\/\/opranic.com\/es\/wp-json\/wp\/v2\/pages\/26128\/revisions\/26500"}],"wp:attachment":[{"href":"https:\/\/opranic.com\/es\/wp-json\/wp\/v2\/media?parent=26128"}],"curies":[{"name":"wp","href":"https:\/\/api.w.org\/{rel}","templated":true}]}}