{"id":26562,"date":"2026-04-19T02:37:13","date_gmt":"2026-04-19T00:37:13","guid":{"rendered":"https:\/\/opranic.com\/guias\/"},"modified":"2026-04-20T15:09:09","modified_gmt":"2026-04-20T13:09:09","slug":"guias","status":"publish","type":"page","link":"https:\/\/opranic.com\/es\/guias\/","title":{"rendered":"Gu\u00edas"},"content":{"rendered":"<div class=\"wpb-content-wrapper\">[vc_row][vc_column][vc_column_text css=\u00bb.vc_custom_1776597393852{margin-bottom: 30px !important;}\u00bb]\n<section class=\"opr-guides-hero\"><img decoding=\"async\" class=\"opr-guides-hero__bg\" src=\"https:\/\/opranic.com\/wp-content\/uploads\/2026\/04\/2560x960-infravarme-guider-2.jpg\" alt=\"\"><\/p>\n<div class=\"opr-guides-hero__overlay\"><\/div>\n<div class=\"opr-guides-hero__text\">\n<p class=\"opr-guides-hero__overline\">Conocimiento y ayuda para la compra<\/p>\n<h1 class=\"opr-guides-hero__title\">Gu\u00edas Opranic<\/h1>\n<div class=\"opr-guides-hero__accent\"><\/div>\n<p class=\"opr-guides-hero__sub\">Gu\u00edas de compra, pruebas, tecnolog\u00eda y comparativas<\/p>\n<\/div>\n<\/section>\n[\/vc_column_text][vc_column_text css=\u00bb\u00bb]    <section class=\"opr-guides-section\">\r\n\r\n                    <p class=\"opr-section-label\">01 \u2014 Gu\u00edas de compra y comparativas<\/p>\r\n        \r\n                    <h2 class=\"opr-section-h2\">Elige el calefactor adecuado<\/h2>\r\n            <div class=\"opr-section-accent\"><\/div>\r\n        \r\n                    <p class=\"opr-guides-section-desc\">Gu\u00edas pr\u00e1cticas, pruebas y comparaciones directas que te ayudan a elegir el calefactor adecuado para tu entorno.<\/p>\r\n        \r\n        <div class=\"opr-guides-grid\">\r\n\r\n                    <a href=\"https:\/\/opranic.com\/es\/calefactores-infrarrojos-para-exterior\/\" class=\"opr-guides-card\">\r\n                <div class=\"opr-guides-card-media\"><img src=\"https:\/\/opranic.com\/wp-content\/uploads\/2026\/04\/2560x960-infravarmare-utomhus.jpg\" alt=\"Calefactores infrarrojos para exterior\" loading=\"lazy\" decoding=\"async\" \/><\/div>\r\n                <div class=\"opr-guides-card-body\">\r\n                                            <span class=\"opr-guides-card-kicker\">Gu\u00eda de compra<\/span>\r\n                                        <h3 class=\"opr-guides-card-title\">Calefactores infrarrojos para exterior<\/h3>\r\n                    <p class=\"opr-guides-card-desc\">Infrav\u00e4rmare utomhus: s\u00e5 v\u00e4ljer du r\u00e4tt modell f\u00f6r terrass, balkong eller uterum. Effektbehov, placering och tre testvinnare fr\u00e5n Opranic.<\/p>\r\n                    <span class=\"opr-guides-card-arrow\">Read more<\/span>\r\n                <\/div>\r\n            <\/a>\r\n                    <a href=\"https:\/\/opranic.com\/es\/calefactor-infrarrojo-mejor-del-test-2026-por-que-opranic-ofrece-mas-calor-por-vatio\/\" class=\"opr-guides-card\">\r\n                <div class=\"opr-guides-card-media\"><img width=\"970\" height=\"600\" src=\"https:\/\/opranic.com\/wp-content\/uploads\/2026\/04\/970x600_infravarmare-bast-i-test-2026.jpg\" class=\"attachment-opr_guides_card size-opr_guides_card wp-post-image\" alt=\"Calefactor infrarrojo mejor del test 2026: Por qu\u00e9 Opranic ofrece m\u00e1s calor por vatio\" loading=\"lazy\" decoding=\"async\" srcset=\"https:\/\/opranic.com\/wp-content\/uploads\/2026\/04\/970x600_infravarmare-bast-i-test-2026.jpg 970w, https:\/\/opranic.com\/wp-content\/uploads\/2026\/04\/970x600_infravarmare-bast-i-test-2026-300x186.jpg 300w, https:\/\/opranic.com\/wp-content\/uploads\/2026\/04\/970x600_infravarmare-bast-i-test-2026-768x475.jpg 768w\" sizes=\"auto, (max-width: 970px) 100vw, 970px\" \/><\/div>\r\n                <div class=\"opr-guides-card-body\">\r\n                                            <span class=\"opr-guides-card-kicker\">Prueba &amp; ranking<\/span>\r\n                                        <h3 class=\"opr-guides-card-title\">Calefactor infrarrojo mejor del test 2026: Por qu\u00e9 Opranic ofrece m\u00e1s calor por vatio<\/h3>\r\n                    <p class=\"opr-guides-card-desc\">Calefactor infrarrojo mejor del test 2026: Opranic THOR S70 y PRO V70 ofrecen m\u00e1s calor por vatio. IP65, 12.000 horas de vida \u00fatil. <\/p>\r\n                    <span class=\"opr-guides-card-arrow\">Read more<\/span>\r\n                <\/div>\r\n            <\/a>\r\n                    <a href=\"https:\/\/opranic.com\/es\/calefactor-de-gas-o-calefactor-infrarrojo-que-es-mejor-en-2026\/\" class=\"opr-guides-card\">\r\n                <div class=\"opr-guides-card-media\"><img width=\"970\" height=\"600\" src=\"https:\/\/opranic.com\/wp-content\/uploads\/2026\/04\/970x600-gasol-vs-infravarmare-2.jpg\" class=\"attachment-opr_guides_card size-opr_guides_card wp-post-image\" alt=\"Calefactor de gas o calefactor infrarrojo: \u00bfqu\u00e9 es mejor en 2026?\" loading=\"lazy\" decoding=\"async\" srcset=\"https:\/\/opranic.com\/wp-content\/uploads\/2026\/04\/970x600-gasol-vs-infravarmare-2.jpg 970w, https:\/\/opranic.com\/wp-content\/uploads\/2026\/04\/970x600-gasol-vs-infravarmare-2-300x186.jpg 300w, https:\/\/opranic.com\/wp-content\/uploads\/2026\/04\/970x600-gasol-vs-infravarmare-2-768x475.jpg 768w\" sizes=\"auto, (max-width: 970px) 100vw, 970px\" \/><\/div>\r\n                <div class=\"opr-guides-card-body\">\r\n                                            <span class=\"opr-guides-card-kicker\">Comparaci\u00f3n<\/span>\r\n                                        <h3 class=\"opr-guides-card-title\">Calefactor de gas o calefactor infrarrojo: \u00bfqu\u00e9 es mejor en 2026?<\/h3>\r\n                    <p class=\"opr-guides-card-desc\">Calefactor de gas o calefactor infrarrojo: comparamos costes reales, tecnolog\u00eda y seguridad. Vea por qu\u00e9 cada vez m\u00e1s personas eligen la electricidad frente al gas. <\/p>\r\n                    <span class=\"opr-guides-card-arrow\">Read more<\/span>\r\n                <\/div>\r\n            <\/a>\r\n        \r\n        <\/div>\r\n    <\/section>\r\n    [\/vc_column_text][vc_column_text css=\u00bb\u00bb]    <section class=\"opr-guides-section\">\r\n\r\n                    <p class=\"opr-section-label\">02 \u2014 Conocimiento &amp; tecnolog\u00eda<\/p>\r\n        \r\n                    <h2 class=\"opr-section-h2\">Entender la calefacci\u00f3n por infrarrojos<\/h2>\r\n            <div class=\"opr-section-accent\"><\/div>\r\n        \r\n                    <p class=\"opr-guides-section-desc\">La f\u00edsica, la tecnolog\u00eda y la marca detr\u00e1s. Las p\u00e1ginas de referencia detalladas que explican por qu\u00e9 el infrarrojo funciona como lo hace.<\/p>\r\n        \r\n        <div class=\"opr-guides-grid\">\r\n\r\n                    <a href=\"https:\/\/opranic.com\/sv\/vad-ar-infravarme\/\" class=\"opr-guides-card opr-guides-card--pillar\">\r\n                <div class=\"opr-guides-card-media\"><img src=\"https:\/\/opranic.com\/wp-content\/uploads\/2026\/04\/2560x960_about-infrared-a.jpg\" alt=\"Vad \u00e4r Infrav\u00e4rme\" loading=\"lazy\" decoding=\"async\" \/><\/div>\r\n                <div class=\"opr-guides-card-body\">\r\n                                            <span class=\"opr-guides-card-kicker\">Fundamentos<\/span>\r\n                                        <h3 class=\"opr-guides-card-title\">Vad \u00e4r Infrav\u00e4rme<\/h3>\r\n                    <p class=\"opr-guides-card-desc\">Infrav\u00e4rme \u00e4r elektromagnetisk str\u00e5lning som v\u00e4rmer direkt utan att v\u00e4rma luften. L\u00e4r dig hur det fungerar och hur Opranic anv\u00e4nder tekniken.<\/p>\r\n                    <span class=\"opr-guides-card-arrow\">Read more<\/span>\r\n                <\/div>\r\n            <\/a>\r\n                    <a href=\"https:\/\/opranic.com\/sv\/sa-fungerar-infravarme\/\" class=\"opr-guides-card opr-guides-card--pillar\">\r\n                <div class=\"opr-guides-card-media\"><img src=\"https:\/\/opranic.com\/wp-content\/uploads\/2026\/04\/2560x960-sa-fungerar-infravarme.jpg\" alt=\"S\u00e5 fungerar infrav\u00e4rme\" loading=\"lazy\" decoding=\"async\" \/><\/div>\r\n                <div class=\"opr-guides-card-body\">\r\n                                            <span class=\"opr-guides-card-kicker\">An\u00e1lisis detallado<\/span>\r\n                                        <h3 class=\"opr-guides-card-title\">S\u00e5 fungerar infrav\u00e4rme<\/h3>\r\n                    <p class=\"opr-guides-card-desc\">S\u00e5 fungerar infrav\u00e4rme i detalj: v\u00e5gl\u00e4ngder, 2,4 mikrometer och varf\u00f6r v\u00e5gl\u00e4ngden avg\u00f6r komforten p\u00e5 en terrass. Djup teknisk guide fr\u00e5n Opranic.<\/p>\r\n                    <span class=\"opr-guides-card-arrow\">Read more<\/span>\r\n                <\/div>\r\n            <\/a>\r\n                    <a href=\"https:\/\/opranic.com\/sv\/varfor-opranic\/\" class=\"opr-guides-card opr-guides-card--pillar\">\r\n                <div class=\"opr-guides-card-media\"><img src=\"https:\/\/opranic.com\/wp-content\/uploads\/2026\/04\/2560x960-varfor-opranic.jpg\" alt=\"Varf\u00f6r Opranic\" loading=\"lazy\" decoding=\"async\" \/><\/div>\r\n                <div class=\"opr-guides-card-body\">\r\n                                            <span class=\"opr-guides-card-kicker\">Marca e ingenier\u00eda<\/span>\r\n                                        <h3 class=\"opr-guides-card-title\">Varf\u00f6r Opranic<\/h3>\r\n                    <p class=\"opr-guides-card-desc\">Opranic utvecklar och tillverkar egna infrav\u00e4rmare sedan 2015. L\u00e4r dig varf\u00f6r Opranic har en verkningsgrad p\u00e5 96 % med sin IR-X-teknik.<\/p>\r\n                    <span class=\"opr-guides-card-arrow\">Read more<\/span>\r\n                <\/div>\r\n            <\/a>\r\n        \r\n        <\/div>\r\n    <\/section>\r\n    [\/vc_column_text][\/vc_column][\/vc_row][vc_row max_width_custom=\u00bb1200&#8243;][vc_column]<div class=\"vcex-module vcex-divider vcex-divider-solid vcex-divider-center wpex-mx-auto wpex-block wpex-h-0 wpex-border-b wpex-border-solid wpex-border-main\" style=\"border-color:#ece8e0;\"><\/div><h2 class=\"vcex-heading vcex-heading-plain vcex-module wpex-heading wpex-text-2xl\"><span class=\"vcex-heading-inner wpex-inline-block\">Otras noticias<\/span><\/h2><div class=\"vcex-spacing wpex-w-100 wpex-clear\" style=\"height:30px;\"><\/div><div class=\"vcex-module vcex-post-type-grid-wrap wpex-clr\"><div class=\"wpex-row vcex-post-type-grid entries wpex-clr\"><div class=\"vcex-post-type-entry vcex-grid-item wpex-clr col span_1_of_3 col-1 entry post-25728 type-post has-media cat-19 translation_priority-22\"><div class=\"vcex-post-type-entry-inner entry-inner wpex-first-mt-0 wpex-last-mb-0 wpex-clr\"><div class=\"vcex-post-type-entry-media entry-media wpex-relative\"><a href=\"https:\/\/opranic.com\/es\/calefactor-de-gas-o-calefactor-infrarrojo-que-es-mejor-en-2026\/\" title=\"Calefactor de gas o calefactor infrarrojo: \u00bfqu\u00e9 es mejor en 2026?\"><img width=\"970\" height=\"600\" src=\"https:\/\/opranic.com\/wp-content\/uploads\/2026\/04\/970x600-gasol-vs-infravarmare-2.jpg\" class=\"vcex-blog-entry-img wpex-align-middle\" alt=\"gasolvarmare eller elektriska infravarmare - vad ar bast?\" decoding=\"async\" srcset=\"https:\/\/opranic.com\/wp-content\/uploads\/2026\/04\/970x600-gasol-vs-infravarmare-2.jpg 970w, https:\/\/opranic.com\/wp-content\/uploads\/2026\/04\/970x600-gasol-vs-infravarmare-2-300x186.jpg 300w, https:\/\/opranic.com\/wp-content\/uploads\/2026\/04\/970x600-gasol-vs-infravarmare-2-768x475.jpg 768w\" sizes=\"(max-width: 970px) 100vw, 970px\" \/><\/a><\/div><div class=\"vcex-post-type-entry-details entry-details wpex-bordered wpex-first-mt-0 wpex-last-mb-0 wpex-clr\"><h2 class=\"vcex-post-type-entry-title entry-title wpex-mb-5\"><a href=\"https:\/\/opranic.com\/es\/calefactor-de-gas-o-calefactor-infrarrojo-que-es-mejor-en-2026\/\">Calefactor de gas o calefactor infrarrojo: \u00bfqu\u00e9 es mejor en 2026?<\/a><\/h2 ><div class=\"vcex-post-type-entry-date entry-date wpex-text-sm wpex-text-3 wpex-mb-5\">13 de abril de 2026<\/div><div class=\"vcex-post-type-entry-excerpt entry-excerpt wpex-my-15 wpex-text-pretty wpex-last-mb-0 wpex-clr\"><p>Calefactor de gas o calefactor infrarrojo: \u00bfqu\u00e9 es realmente mejor para su terraza o su zona de mesas exterior? Este&hellip;<\/p><\/div><div class=\"vcex-post-type-entry-readmore-wrap entry-readmore-wrap wpex-my-15 wpex-clr\"><a href=\"https:\/\/opranic.com\/es\/calefactor-de-gas-o-calefactor-infrarrojo-que-es-mejor-en-2026\/\" class=\"entry-readmore theme-button\" aria-label=\"Read more about Calefactor de gas o calefactor infrarrojo: \u00bfqu\u00e9 es mejor en 2026?\">Read more<\/a><\/div><\/div><\/div><\/div><div class=\"vcex-post-type-entry vcex-grid-item wpex-clr col span_1_of_3 col-2 entry post-25722 type-post has-media cat-19 post_tag-1113 post_tag-1112 post_tag-1114 translation_priority-22\"><div class=\"vcex-post-type-entry-inner entry-inner wpex-first-mt-0 wpex-last-mb-0 wpex-clr\"><div class=\"vcex-post-type-entry-media entry-media wpex-relative\"><a href=\"https:\/\/opranic.com\/es\/calefactor-infrarrojo-mejor-del-test-2026-por-que-opranic-ofrece-mas-calor-por-vatio\/\" title=\"Calefactor infrarrojo mejor del test 2026: Por qu\u00e9 Opranic ofrece m\u00e1s calor por vatio\"><img width=\"970\" height=\"600\" src=\"https:\/\/opranic.com\/wp-content\/uploads\/2026\/04\/970x600_infravarmare-bast-i-test-2026.jpg\" class=\"vcex-blog-entry-img wpex-align-middle\" alt=\"&lt;h2&gt;Infrav\u00e4rmare b\u00e4st i test 2026: d\u00e4rf\u00f6r ger Opranic mest v\u00e4rmeprestanda per watt\" decoding=\"async\" srcset=\"https:\/\/opranic.com\/wp-content\/uploads\/2026\/04\/970x600_infravarmare-bast-i-test-2026.jpg 970w, https:\/\/opranic.com\/wp-content\/uploads\/2026\/04\/970x600_infravarmare-bast-i-test-2026-300x186.jpg 300w, https:\/\/opranic.com\/wp-content\/uploads\/2026\/04\/970x600_infravarmare-bast-i-test-2026-768x475.jpg 768w\" sizes=\"(max-width: 970px) 100vw, 970px\" \/><\/a><\/div><div class=\"vcex-post-type-entry-details entry-details wpex-bordered wpex-first-mt-0 wpex-last-mb-0 wpex-clr\"><h2 class=\"vcex-post-type-entry-title entry-title wpex-mb-5\"><a href=\"https:\/\/opranic.com\/es\/calefactor-infrarrojo-mejor-del-test-2026-por-que-opranic-ofrece-mas-calor-por-vatio\/\">Calefactor infrarrojo mejor del test 2026: Por qu\u00e9 Opranic ofrece m\u00e1s calor por vatio<\/a><\/h2 ><div class=\"vcex-post-type-entry-date entry-date wpex-text-sm wpex-text-3 wpex-mb-5\">12 de abril de 2026<\/div><div class=\"vcex-post-type-entry-excerpt entry-excerpt wpex-my-15 wpex-text-pretty wpex-last-mb-0 wpex-clr\"><p>Opranic THOR S70, PRO V70 y NOVA V50 son redise\u00f1os completos de las galardonadas series de productos que han recibido&hellip;<\/p><\/div><div class=\"vcex-post-type-entry-readmore-wrap entry-readmore-wrap wpex-my-15 wpex-clr\"><a href=\"https:\/\/opranic.com\/es\/calefactor-infrarrojo-mejor-del-test-2026-por-que-opranic-ofrece-mas-calor-por-vatio\/\" class=\"entry-readmore theme-button\" aria-label=\"Read more about Calefactor infrarrojo mejor del test 2026: Por qu\u00e9 Opranic ofrece m\u00e1s calor por vatio\">Read more<\/a><\/div><\/div><\/div><\/div><div class=\"vcex-post-type-entry vcex-grid-item wpex-clr col span_1_of_3 col-3 entry post-21817 type-post has-media cat-19 cat-561 translation_priority-22\"><div class=\"vcex-post-type-entry-inner entry-inner wpex-first-mt-0 wpex-last-mb-0 wpex-clr\"><div class=\"vcex-post-type-entry-media entry-media wpex-relative\"><a href=\"https:\/\/opranic.com\/es\/la-ciencia-eficiente-detras-de-opranic\/\" title=\"La ciencia eficiente detr\u00e1s de Opranic\"><img width=\"970\" height=\"600\" src=\"https:\/\/opranic.com\/wp-content\/uploads\/2025\/10\/970x600_v70_sunset.jpg\" class=\"vcex-blog-entry-img wpex-align-middle\" alt=\"Comparison of water absorption with Halogen IR-A and Opranic IR-B showing Opranic peak at 2.4 \u00b5m\" decoding=\"async\" srcset=\"https:\/\/opranic.com\/wp-content\/uploads\/2025\/10\/970x600_v70_sunset.jpg 970w, https:\/\/opranic.com\/wp-content\/uploads\/2025\/10\/970x600_v70_sunset-300x186.jpg 300w, https:\/\/opranic.com\/wp-content\/uploads\/2025\/10\/970x600_v70_sunset-768x475.jpg 768w\" sizes=\"(max-width: 970px) 100vw, 970px\" \/><\/a><\/div><div class=\"vcex-post-type-entry-details entry-details wpex-bordered wpex-first-mt-0 wpex-last-mb-0 wpex-clr\"><h2 class=\"vcex-post-type-entry-title entry-title wpex-mb-5\"><a href=\"https:\/\/opranic.com\/es\/la-ciencia-eficiente-detras-de-opranic\/\">La ciencia eficiente detr\u00e1s de Opranic<\/a><\/h2 ><div class=\"vcex-post-type-entry-date entry-date wpex-text-sm wpex-text-3 wpex-mb-5\">28 de octubre de 2025<\/div><div class=\"vcex-post-type-entry-excerpt entry-excerpt wpex-my-15 wpex-text-pretty wpex-last-mb-0 wpex-clr\"><p>La ciencia de Opranic Un an\u00e1lisis visual que compara la tecnolog\u00eda Opranic IR-X Carbon Black (IR-B de onda media a&hellip;<\/p><\/div><div class=\"vcex-post-type-entry-readmore-wrap entry-readmore-wrap wpex-my-15 wpex-clr\"><a href=\"https:\/\/opranic.com\/es\/la-ciencia-eficiente-detras-de-opranic\/\" class=\"entry-readmore theme-button\" aria-label=\"Read more about La ciencia eficiente detr\u00e1s de Opranic\">Read more<\/a><\/div><\/div><\/div><\/div><\/div><div class=\"vcex-loadmore wpex-clear wpex-text-center wpex-mt-10\"><a href=\"#\" class=\"vcex-loadmore-button theme-button\" data-infinite-scroll=\"0\" data-text=\"CARGA M\u00c1S\" data-loading-text=\"Cargando\u2026\" data-failed-text=\"Failed to load posts.\" data-page=\"1\" data-max-pages=\"7\" data-shortcode-tag=\"vcex_post_type_grid\" data-shortcode-params=\"{&quot;entry_count&quot;:0,&quot;img_size&quot;:&quot;wpex_custom&quot;,&quot;pagination_loadmore&quot;:&quot;true&quot;,&quot;posts_per_page&quot;:&quot;3&quot;,&quot;tax_query&quot;:&quot;true&quot;,&quot;tax_query_taxonomy&quot;:&quot;category&quot;,&quot;nonce&quot;:&quot;ff4a06856c&quot;}\"><span class=\"vcex-txt\">CARGA M\u00c1S<\/span><\/a><div class=\"vcex-loadmore-spinner vcex-spinner wpex-hidden\"><svg height=\"20\" width=\"20\" class=\"wpex-animate-spin wpex-opacity-5\" xmlns=\"http:\/\/www.w3.org\/2000\/svg\" viewBox=\"0 0 16 16\" fill=\"currentColor\"><path fill-rule=\"evenodd\" d=\"M8 3a5 5 0 1 0 4.546 2.914.5.5 0 0 1 .908-.417A6 6 0 1 1 8 2z\"\/><path d=\"M8 4.466V.534a.25.25 0 0 1 .41-.192l2.36 1.966c.12.1.12.284 0 .384L8.41 4.658A.25.25 0 0 1 8 4.466\"\/><\/svg><\/div><\/div><\/div>[\/vc_column][\/vc_row]\n<\/div>","protected":false},"excerpt":{"rendered":"<p>[vc_row][vc_column][vc_column_text css=\u00bb.vc_custom_1776597393852{margin-bottom: 30px !important;}\u00bb] Conocimiento y ayuda para la compra Gu\u00edas Opranic Gu\u00edas de compra, pruebas, tecnolog\u00eda y comparativas [\/vc_column_text][vc_column_text css=\u00bb\u00bb][\/vc_column_text][vc_column_text css=\u00bb\u00bb][\/vc_column_text][\/vc_column][\/vc_row][vc_row max_width_custom=\u00bb1200&#8243;][vc_column][\/vc_column][\/vc_row]<\/p>\n","protected":false},"author":1,"featured_media":0,"parent":0,"menu_order":0,"comment_status":"closed","ping_status":"closed","template":"","meta":{"_acf_changed":false,"inline_featured_image":false,"_joinchat":[],"footnotes":""},"class_list":["post-26562","page","type-page","status-publish","hentry","entry","has-media"],"acf":[],"_links":{"self":[{"href":"https:\/\/opranic.com\/es\/wp-json\/wp\/v2\/pages\/26562","targetHints":{"allow":["GET"]}}],"collection":[{"href":"https:\/\/opranic.com\/es\/wp-json\/wp\/v2\/pages"}],"about":[{"href":"https:\/\/opranic.com\/es\/wp-json\/wp\/v2\/types\/page"}],"author":[{"embeddable":true,"href":"https:\/\/opranic.com\/es\/wp-json\/wp\/v2\/users\/1"}],"replies":[{"embeddable":true,"href":"https:\/\/opranic.com\/es\/wp-json\/wp\/v2\/comments?post=26562"}],"version-history":[{"count":18,"href":"https:\/\/opranic.com\/es\/wp-json\/wp\/v2\/pages\/26562\/revisions"}],"predecessor-version":[{"id":26720,"href":"https:\/\/opranic.com\/es\/wp-json\/wp\/v2\/pages\/26562\/revisions\/26720"}],"wp:attachment":[{"href":"https:\/\/opranic.com\/es\/wp-json\/wp\/v2\/media?parent=26562"}],"curies":[{"name":"wp","href":"https:\/\/api.w.org\/{rel}","templated":true}]}}