{"id":6132,"date":"2023-08-03T17:02:36","date_gmt":"2023-08-03T15:02:36","guid":{"rendered":"https:\/\/opranic.com\/?page_id=6132"},"modified":"2025-10-30T00:25:40","modified_gmt":"2025-10-29T23:25:40","slug":"politica-de-privacidad-2","status":"publish","type":"page","link":"https:\/\/opranic.com\/es\/politica-de-privacidad-2\/","title":{"rendered":"Pol\u00edtica de privacidad"},"content":{"rendered":"<div class=\"wpb-content-wrapper\">[vc_row][vc_column width=\u00bb1\/4&#8243;]<h2 class=\"vcex-heading vcex-heading-plain vcex-module wpex-heading wpex-text-2xl\"><span class=\"vcex-heading-inner wpex-inline-block\">CONDICIONES GENERALES<\/span><\/h2><div class=\"vcex-spacing wpex-w-100 wpex-clear\"><\/div><style>.vcex-navbar.vcex_69dfcbe913596 a.vcex-navbar-link{color:#ffffff;background:#ee9305;text-transform:uppercase;}.vcex-navbar.vcex_69dfcbe913596 a.vcex-navbar-link:is(:hover,.active){color:#ffffff;background:#d6d6d6;}.vcex-navbar.vcex_69dfcbe913596 a.vcex-navbar-link:is(:active,.active){color:#ffffff;background:#262626;}<\/style><nav class=\"vcex-navbar vcex-navbar--expanded vcex-module vcex_69dfcbe913596\"><div class=\"vcex-navbar-inner wpex-clr\"><a href=\"https:\/\/opranic.com\/general-terms-and-conditions\/\" class=\"vcex-navbar-link vcex-navbar-link--5959 wpex-block wpex-float-left wpex-mb-5 theme-button minimal-border expanded has-bg-hover\"><span class=\"vcex-navbar-link-text\">Terms and conditions<\/span><\/a><a href=\"https:\/\/opranic.com\/privacy-policy\/\" class=\"vcex-navbar-link vcex-navbar-link--5964 wpex-block wpex-float-left wpex-mb-5 theme-button minimal-border expanded has-bg-hover\"><span class=\"vcex-navbar-link-text\">Privacy Policy<\/span><\/a><a href=\"https:\/\/opranic.com\/return-policy\/\" class=\"vcex-navbar-link vcex-navbar-link--6068 wpex-block wpex-float-left wpex-mb-5 theme-button minimal-border expanded has-bg-hover\"><span class=\"vcex-navbar-link-text\">Return Policy<\/span><\/a><a href=\"https:\/\/opranic.com\/imprint\/\" class=\"vcex-navbar-link vcex-navbar-link--6057 wpex-block wpex-float-left wpex-mb-5 theme-button minimal-border expanded has-bg-hover\"><span class=\"vcex-navbar-link-text\">imprint<\/span><\/a><\/div><\/nav>[\/vc_column][vc_column width=\u00bb3\/4&#8243;]<h2 class=\"vcex-heading vcex-heading-plain vcex-module wpex-heading wpex-text-2xl\"><span class=\"vcex-heading-inner wpex-inline-block\">POL\u00cdTICA DE PRIVACIDAD<\/span><\/h2>[vc_column_text css=\u00bb\u00bb]\n<div class=\"vc_row wpb_row vc_row-fluid\">\n<div class=\"wpb_column vc_column_container vc_col-sm-12\">\n<div class=\"vc_column-inner\">\n<div class=\"wpb_wrapper\">\n<h1>Pol\u00edtica de privacidad<\/h1>\n<div class=\"toc\">\n<h2>\u00cdndice<\/h2>\n<ol>\n<li><a href=\"#introduction\"><a href=\"#introduction\">Presentaci\u00f3n y datos de contacto del Responsable del Tratamiento<\/a><\/a><\/li>\n<li><a href=\"#data-collection\"><a href=\"#data-collection\">Recogida de datos al visitar nuestro sitio web<\/a><\/a><\/li>\n<li><a href=\"#cookies\"><a href=\"#cookies\">Cookies<\/a><\/a><\/li>\n<li><a href=\"#contact\"><a href=\"#contact\">Contactar con nosotros<\/a><\/a><\/li>\n<li><a href=\"#customer-account\"><a href=\"#customer-account\">Tratamiento de datos al abrir una cuenta de cliente<\/a><\/a><\/li>\n<li><a href=\"#direct-marketing\"><a href=\"#direct-marketing\">Uso de datos de clientes para marketing directo<\/a><\/a><\/li>\n<li><a href=\"#order-processing\"><a href=\"#order-processing\">Procesamiento de datos para la gesti\u00f3n de pedidos<\/a><\/a><\/li>\n<li><a href=\"#site-functionalities\"><a href=\"#site-functionalities\">Funcionalidades del sitio<\/a><\/a><\/li>\n<li><a href=\"#tools\"><a href=\"#tools\">Herramientas y Varios<\/a><\/a><\/li>\n<li><a href=\"#rights\"><a href=\"#rights\">Derechos del interesado<\/a><\/a><\/li>\n<li><a href=\"#storage-duration\"><a href=\"#storage-duration\">Duraci\u00f3n del almacenamiento de datos personales<\/a><\/a><\/li>\n<\/ol>\n<\/div>\n<div id=\"introduction\" class=\"section\">\n<h2><\/h2>\n<h2>1) Presentaci\u00f3n y datos de contacto del Responsable del Tratamiento<\/h2>\n<p>  1.1 Nos complace que visites nuestro sitio web y te agradecemos tu inter\u00e9s. Esta pol\u00edtica te informa sobre el tratamiento de tus datos personales cuando utilizas nuestro sitio web. Los datos personales son todos aquellos con los que se te puede identificar personalmente. 1.2 El responsable del tratamiento de datos en este sitio web es Opranic AB Box 2548 116 74 Estocolmo Suecia Tel.: +46855920360 Correo electr\u00f3nico: kontakt@opranic.se.  <\/p><\/div>\n<p>&nbsp;<\/p>\n<div id=\"data-collection\" class=\"section\">\n<h2>2) Recogida de datos al visitar nuestro sitio web<\/h2>\n<p>  Si utilizas nuestro sitio web \u00fanicamente con fines informativos, s\u00f3lo recopilamos los datos que tu navegador transmite al servidor del sitio (archivos de registro del servidor).<br \/>\nEstos datos incluyen:   <\/p>\n<ul>\n<li>Sitio web visitado<\/li>\n<li>Fecha y hora de acceso<\/li>\n<li>Cantidad de datos enviados<\/li>\n<li>Fuente\/enlace del que procedes<\/li>\n<li>Navegador utilizado<\/li>\n<li>Sistema operativo utilizado<\/li>\n<li>Direcci\u00f3n IP (de forma an\u00f3nima)<\/li>\n<\/ul>\n<p>  El tratamiento se lleva a cabo sobre la base de nuestro inter\u00e9s leg\u00edtimo en mejorar la estabilidad y funcionalidad de nuestro sitio web.<br \/>\nLos datos no se transmitir\u00e1n ni se utilizar\u00e1n de ninguna otra forma a menos que lo exija la ley.   <\/p><\/div>\n<p>&nbsp;<\/p>\n<div id=\"cookies\" class=\"section\">\n<h2>3) Galletas<\/h2>\n<p>  Utilizamos cookies para hacer m\u00e1s atractivo nuestro sitio web y para permitir el uso de determinadas funciones.<br \/>\nPuedes configurar tu navegador para que te informe sobre la instalaci\u00f3n de cookies y decidir individualmente si las aceptas.<br \/>\nTen en cuenta que si no se aceptan las cookies, la funcionalidad de nuestro sitio web puede verse restringida.    <\/p><\/div>\n<p>&nbsp;<\/p>\n<div id=\"contact\" class=\"section\">\n<h2>4) Contactar con nosotros<\/h2>\n<h3>4.1 WhatsApp Business<\/h3>\n<p>  Ofrecemos a los visitantes la posibilidad de ponerse en contacto con nosotros a trav\u00e9s de WhatsApp.<br \/>\nSi te pones en contacto con nosotros a trav\u00e9s de WhatsApp, almacenaremos y utilizaremos tu n\u00famero de tel\u00e9fono m\u00f3vil y cualquier otra informaci\u00f3n que nos proporciones para responder a tu solicitud.<br \/>\nTus datos se utilizar\u00e1n exclusivamente para este fin y no se compartir\u00e1n con terceros.<br \/>\nPara m\u00e1s informaci\u00f3n, consulta la pol\u00edtica de privacidad de WhatsApp.     &nbsp;<\/p>\n<h3>4.2 Formulario de contacto y correo electr\u00f3nico<\/h3>\n<p>  Cuando te pongas en contacto con nosotros a trav\u00e9s del formulario de contacto o por correo electr\u00f3nico, tus datos personales se procesar\u00e1n exclusivamente para responder a tu solicitud.<br \/>\nLa base jur\u00eddica de este tratamiento es nuestro inter\u00e9s leg\u00edtimo en responder a tu solicitud.<br \/>\nSi tu contacto tiene por objeto un contrato, la base jur\u00eddica adicional para el tratamiento es la ejecuci\u00f3n de dicho contrato.    <\/p><\/div>\n<p>&nbsp;<\/p>\n<div id=\"customer-account\" class=\"section\">\n<h2>5) Tratamiento de datos al abrir una cuenta de cliente<\/h2>\n<p>  Se recopilar\u00e1n y tratar\u00e1n datos personales cuando abras una cuenta de cliente.<br \/>\nEstos datos son necesarios para la ejecuci\u00f3n del contrato.<br \/>\nPuedes eliminar tu cuenta de cliente en cualquier momento poni\u00e9ndote en contacto con nosotros.    <\/p><\/div>\n<p>&nbsp;<\/p>\n<div id=\"direct-marketing\" class=\"section\">\n<h2>6) Uso de datos de clientes para marketing directo<\/h2>\n<h3>6.1 Suscr\u00edbete a nuestro bolet\u00edn electr\u00f3nico<\/h3>\n<p>  Si te suscribes a nuestro bolet\u00edn electr\u00f3nico, te enviaremos informaci\u00f3n sobre nuestras ofertas.<br \/>\nPuedes darte de baja en cualquier momento a trav\u00e9s del enlace que aparece en el bolet\u00edn.<br \/>\nUtilizamos el procedimiento de doble opt-in para verificar tu suscripci\u00f3n.    &nbsp;<\/p>\n<h3>6.2 Enviar el bolet\u00edn por correo electr\u00f3nico a los clientes existentes<\/h3>\n<p>  Si nos has proporcionado tu direcci\u00f3n de correo electr\u00f3nico al comprar bienes o servicios, podemos enviarte informaci\u00f3n sobre bienes o servicios similares.<br \/>\nPuedes darte de baja de estos correos electr\u00f3nicos en cualquier momento.   &nbsp;<\/p>\n<h3>6.3 MailChimp<\/h3>\n<p>  Nuestros boletines por correo electr\u00f3nico se env\u00edan a trav\u00e9s de MailChimp.<br \/>\nPara m\u00e1s informaci\u00f3n, consulta la pol\u00edtica de privacidad de MailChimp.   <\/p><\/div>\n<p>&nbsp;<\/p>\n<div id=\"order-processing\" class=\"section\">\n<h2>7) Procesamiento de datos para la tramitaci\u00f3n de pedidos<\/h2>\n<p>  Para procesar el pedido compartimos tus datos con empresas de transporte y proveedores de servicios de pago como Stripe.<br \/>\nTus datos se utilizar\u00e1n \u00fanicamente para procesar tu pedido.<br \/>\nPara m\u00e1s detalles, consulta la pol\u00edtica de privacidad de Stripe.    <\/p><\/div>\n<p>&nbsp;<\/p>\n<div id=\"site-functionalities\" class=\"section\">\n<h2>8) Funcionalidades del sitio<\/h2>\n<h3>8.1 Google Maps<\/h3>\n<p>  Utilizamos Google Maps para mostrar nuestra ubicaci\u00f3n y ayudar con las indicaciones.<br \/>\nPara m\u00e1s informaci\u00f3n, consulta la pol\u00edtica de privacidad de Google.   &nbsp;<\/p>\n<h3>8.2 Google reCAPTCHA<\/h3>\n<p>  Utilizamos Google reCAPTCHA para verificar que los datos introducidos en nuestro sitio son de un humano.<br \/>\nPara m\u00e1s informaci\u00f3n, consulta la pol\u00edtica de privacidad de Google.   <\/p><\/div>\n<p>&nbsp;<\/p>\n<div id=\"tools\" class=\"section\">\n<h2>9) Herramientas y Varios<\/h2>\n<p>  Utilizamos una herramienta de consentimiento de cookies para obtener tu consentimiento para las cookies que lo requieren.<br \/>\nEsto garantiza que las cookies s\u00f3lo se instalen si das tu consentimiento.   <\/p><\/div>\n<p>&nbsp;<\/p>\n<div id=\"rights\" class=\"section\">\n<h2>10) Derechos del interesado<\/h2>\n<p>  Tienes derecho a:  <\/p>\n<ul>\n<li>Acceder a tus datos personales.<\/li>\n<li>Corrige los datos inexactos.<\/li>\n<li>Solicitar la supresi\u00f3n de tus datos.<\/li>\n<li>Restringir u oponerte al tratamiento de tus datos.<\/li>\n<li>Portabilidad de los datos.<\/li>\n<li>Retirar el consentimiento en cualquier momento.<\/li>\n<\/ul>\n<p>  Para ejercer estos derechos, ponte en contacto con nosotros en la direcci\u00f3n indicada en esta pol\u00edtica.  <\/p><\/div>\n<p>&nbsp;<\/p>\n<div id=\"storage-duration\" class=\"section\">\n<h2>11) Duraci\u00f3n del almacenamiento de datos personales<\/h2>\n<p>  La duraci\u00f3n del almacenamiento de los datos personales viene determinada por la base jur\u00eddica del tratamiento y la finalidad del mismo.<br \/>\nLos datos se eliminar\u00e1n cuando ya no sean necesarios para los fines para los que se recopilaron.   <\/p><\/div>\n<\/div>\n<\/div>\n<\/div>\n<\/div>\n[\/vc_column_text][\/vc_column][\/vc_row]\n<\/div>","protected":false},"excerpt":{"rendered":"<p>[vc_row][vc_column width=\u00bb1\/4&#8243;][\/vc_column][vc_column width=\u00bb3\/4&#8243;][vc_column_text css=\u00bb\u00bb] Pol\u00edtica de privacidad \u00cdndice Presentaci\u00f3n y datos de contacto del Responsable del Tratamiento Recogida de datos al visitar nuestro sitio web Cookies Contactar con nosotros Tratamiento de datos al abrir una cuenta de cliente Uso de datos de clientes para marketing directo Procesamiento de datos para la gesti\u00f3n de pedidos Funcionalidades&hellip;<\/p>\n","protected":false},"author":1,"featured_media":0,"parent":0,"menu_order":0,"comment_status":"closed","ping_status":"closed","template":"","meta":{"_acf_changed":false,"inline_featured_image":false,"_joinchat":[],"footnotes":""},"class_list":["post-6132","page","type-page","status-publish","hentry","entry","no-media"],"acf":[],"_links":{"self":[{"href":"https:\/\/opranic.com\/es\/wp-json\/wp\/v2\/pages\/6132","targetHints":{"allow":["GET"]}}],"collection":[{"href":"https:\/\/opranic.com\/es\/wp-json\/wp\/v2\/pages"}],"about":[{"href":"https:\/\/opranic.com\/es\/wp-json\/wp\/v2\/types\/page"}],"author":[{"embeddable":true,"href":"https:\/\/opranic.com\/es\/wp-json\/wp\/v2\/users\/1"}],"replies":[{"embeddable":true,"href":"https:\/\/opranic.com\/es\/wp-json\/wp\/v2\/comments?post=6132"}],"version-history":[{"count":0,"href":"https:\/\/opranic.com\/es\/wp-json\/wp\/v2\/pages\/6132\/revisions"}],"wp:attachment":[{"href":"https:\/\/opranic.com\/es\/wp-json\/wp\/v2\/media?parent=6132"}],"curies":[{"name":"wp","href":"https:\/\/api.w.org\/{rel}","templated":true}]}}