{"id":6170,"date":"2023-08-04T16:46:09","date_gmt":"2023-08-04T14:46:09","guid":{"rendered":"https:\/\/opranic.com\/imprimir\/"},"modified":"2025-10-30T00:25:45","modified_gmt":"2025-10-29T23:25:45","slug":"imprimir","status":"publish","type":"page","link":"https:\/\/opranic.com\/es\/imprimir\/","title":{"rendered":"imprimir"},"content":{"rendered":"<div class=\"wpb-content-wrapper\">[vc_row][vc_column width=\u00bb1\/4&#8243;]<h2 class=\"vcex-heading vcex-heading-plain vcex-module wpex-heading wpex-text-2xl\"><span class=\"vcex-heading-inner wpex-inline-block\">CONDICIONES GENERALES<\/span><\/h2><div class=\"vcex-spacing wpex-w-100 wpex-clear\"><\/div><style>.vcex-navbar.vcex_69e5d29047cfe a.vcex-navbar-link{color:#ffffff;background:#ee9305;text-transform:uppercase;}.vcex-navbar.vcex_69e5d29047cfe a.vcex-navbar-link:is(:hover,.active){color:#ffffff;background:#d6d6d6;}.vcex-navbar.vcex_69e5d29047cfe a.vcex-navbar-link:is(:active,.active){color:#ffffff;background:#262626;}<\/style><nav class=\"vcex-navbar vcex-navbar--expanded vcex-module vcex_69e5d29047cfe\"><div class=\"vcex-navbar-inner wpex-clr\"><a href=\"https:\/\/opranic.com\/general-terms-and-conditions\/\" class=\"vcex-navbar-link vcex-navbar-link--5959 wpex-block wpex-float-left wpex-mb-5 theme-button minimal-border expanded has-bg-hover\"><span class=\"vcex-navbar-link-text\">Terms and conditions<\/span><\/a><a href=\"https:\/\/opranic.com\/privacy-policy\/\" class=\"vcex-navbar-link vcex-navbar-link--5964 wpex-block wpex-float-left wpex-mb-5 theme-button minimal-border expanded has-bg-hover\"><span class=\"vcex-navbar-link-text\">Privacy Policy<\/span><\/a><a href=\"https:\/\/opranic.com\/return-policy\/\" class=\"vcex-navbar-link vcex-navbar-link--6068 wpex-block wpex-float-left wpex-mb-5 theme-button minimal-border expanded has-bg-hover\"><span class=\"vcex-navbar-link-text\">Return Policy<\/span><\/a><a href=\"https:\/\/opranic.com\/imprint\/\" class=\"vcex-navbar-link vcex-navbar-link--6057 wpex-block wpex-float-left wpex-mb-5 theme-button minimal-border expanded has-bg-hover\"><span class=\"vcex-navbar-link-text\">imprint<\/span><\/a><\/div><\/nav>[\/vc_column][vc_column width=\u00bb3\/4&#8243;]<div class=\"vcex-heading vcex-heading-plain vcex-module wpex-heading wpex-text-2xl\"><span class=\"vcex-heading-inner wpex-inline-block\">IMPRIMIR<\/span><\/div><div class=\"vcex-spacing wpex-w-100 wpex-clear\" style=\"height:15px;\"><\/div>[vc_column_text css=\u00bb\u00bb]<strong>Opranic AB<\/strong><br \/>\nBox 2548<br \/>\n116 74 Estocolmo<br \/>\nSUECIA<\/p>\n<p>Tel: +46 8 559 203 60<br \/>\nCorreo electr\u00f3nico: kontakt@opranic.se<\/p>\n<p>Oficina del Registro Mercantil: Bolagsverket<br \/>\nN\u00famero de registro: 559485-5974<\/p>\n<p>N\u00famero de identificaci\u00f3n a efectos del IVA: SE559485597401<\/p>\n<p>WEEE-Reg.-Nr.<br \/>\nObligaciones de informaci\u00f3n con arreglo al art\u00edculo 18 (4) frase 3 ElektroG: <a href=\"https:\/\/www.bmuv.de\/themen\/wasser-ressourcen-abfall\/kreislaufwirtschaft\/statistiken\/elektro-und-elektronikaltgeraete\" target=\"_blank\" rel=\"noopener\">https:\/\/www.bmuv.de\/themen\/wasser-ressourcen-abfall\/kreislaufwirtschaft\/statistiken\/elektro-und-elektronikaltgeraete<\/a><\/p>\n<p>Plataforma de la Comisi\u00f3n Europea para la resoluci\u00f3n de litigios en l\u00ednea:<br \/>\n<a href=\"https:\/\/ec.europa.eu\/odr\" target=\"_blank\" rel=\"noopener\">https:\/\/ec.europa.eu\/odr<\/a><\/p>\n<p>No estamos obligados ni dispuestos a participar en un procedimiento de resoluci\u00f3n de litigios ante una junta arbitral de consumo.[\/vc_column_text][\/vc_column][\/vc_row]\n<\/div>","protected":false},"excerpt":{"rendered":"<p>[vc_row][vc_column width=\u00bb1\/4&#8243;][\/vc_column][vc_column width=\u00bb3\/4&#8243;][vc_column_text css=\u00bb\u00bb]Opranic AB Box 2548 116 74 Estocolmo SUECIA Tel: +46 8 559 203 60 Correo electr\u00f3nico: kontakt@opranic.se Oficina del Registro Mercantil: Bolagsverket N\u00famero de registro: 559485-5974 N\u00famero de identificaci\u00f3n a efectos del IVA: SE559485597401 WEEE-Reg.-Nr. Obligaciones de informaci\u00f3n con arreglo al art\u00edculo 18 (4) frase 3 ElektroG: https:\/\/www.bmuv.de\/themen\/wasser-ressourcen-abfall\/kreislaufwirtschaft\/statistiken\/elektro-und-elektronikaltgeraete Plataforma de la Comisi\u00f3n&hellip;<\/p>\n","protected":false},"author":1,"featured_media":0,"parent":0,"menu_order":0,"comment_status":"closed","ping_status":"closed","template":"","meta":{"_acf_changed":false,"inline_featured_image":false,"_joinchat":[],"footnotes":""},"class_list":["post-6170","page","type-page","status-publish","hentry","entry","no-media"],"acf":[],"_links":{"self":[{"href":"https:\/\/opranic.com\/es\/wp-json\/wp\/v2\/pages\/6170","targetHints":{"allow":["GET"]}}],"collection":[{"href":"https:\/\/opranic.com\/es\/wp-json\/wp\/v2\/pages"}],"about":[{"href":"https:\/\/opranic.com\/es\/wp-json\/wp\/v2\/types\/page"}],"author":[{"embeddable":true,"href":"https:\/\/opranic.com\/es\/wp-json\/wp\/v2\/users\/1"}],"replies":[{"embeddable":true,"href":"https:\/\/opranic.com\/es\/wp-json\/wp\/v2\/comments?post=6170"}],"version-history":[{"count":0,"href":"https:\/\/opranic.com\/es\/wp-json\/wp\/v2\/pages\/6170\/revisions"}],"wp:attachment":[{"href":"https:\/\/opranic.com\/es\/wp-json\/wp\/v2\/media?parent=6170"}],"curies":[{"name":"wp","href":"https:\/\/api.w.org\/{rel}","templated":true}]}}