{"id":8040,"date":"2023-09-23T21:57:30","date_gmt":"2023-09-23T19:57:30","guid":{"rendered":"https:\/\/opranic.com\/teoria-de-la-calefaccion-por-infrarrojos\/"},"modified":"2024-07-17T12:01:30","modified_gmt":"2024-07-17T10:01:30","slug":"teoria-de-la-calefaccion-por-infrarrojos","status":"publish","type":"page","link":"https:\/\/opranic.com\/es\/teoria-de-la-calefaccion-por-infrarrojos\/","title":{"rendered":"Teor\u00eda de la calefacci\u00f3n por infrarrojos"},"content":{"rendered":"<div class=\"wpb-content-wrapper\">[vc_row][vc_column]<figure class=\"vcex-image vcex-module\"><div class=\"vcex-image-inner wpex-relative wpex-inline-block\"><img width=\"1500\" height=\"550\" src=\"https:\/\/opranic.com\/wp-content\/uploads\/2023\/09\/1500x550_theory-of-infrared-heat-opranic.jpg\" class=\"vcex-image-img wpex-align-middle\" alt=\"Teor\u00eda op\u00e1nica del calor infrarrojo\" decoding=\"async\" srcset=\"https:\/\/opranic.com\/wp-content\/uploads\/2023\/09\/1500x550_theory-of-infrared-heat-opranic.jpg 1500w, https:\/\/opranic.com\/wp-content\/uploads\/2023\/09\/1500x550_theory-of-infrared-heat-opranic-300x110.jpg 300w, https:\/\/opranic.com\/wp-content\/uploads\/2023\/09\/1500x550_theory-of-infrared-heat-opranic-1024x375.jpg 1024w, https:\/\/opranic.com\/wp-content\/uploads\/2023\/09\/1500x550_theory-of-infrared-heat-opranic-768x282.jpg 768w\" sizes=\"(max-width: 1500px) 100vw, 1500px\" \/><\/div><\/figure>[\/vc_column][\/vc_row][vc_row][vc_column width=\u00bb1\/5&#8243;]<style>.vcex-navbar.vcex_69facf43aa6ed a.vcex-navbar-link{color:#ffffff;background:#ee9305;text-transform:uppercase;}.vcex-navbar.vcex_69facf43aa6ed a.vcex-navbar-link:is(:hover,.active){color:#ffffff;background:#d6d6d6;}.vcex-navbar.vcex_69facf43aa6ed a.vcex-navbar-link:is(:active,.active){color:#ffffff;background:#262626;}<\/style><nav class=\"vcex-navbar vcex-navbar--expanded vcex-module vcex_69facf43aa6ed\"><div class=\"vcex-navbar-inner wpex-clr\"><a href=\"https:\/\/opranic.com\/faq-infrared-heating\/\" class=\"vcex-navbar-link vcex-navbar-link--8076 wpex-block wpex-float-left wpex-mb-5 theme-button minimal-border expanded has-bg-hover\"><span class=\"vcex-navbar-link-text\">FAQ Calefacci\u00f3n por infrarrojos<\/span><\/a><a href=\"https:\/\/opranic.com\/faq-indoor-infrared-heating\/\" class=\"vcex-navbar-link vcex-navbar-link--13511 wpex-block wpex-float-left wpex-mb-5 theme-button minimal-border expanded has-bg-hover\"><span class=\"vcex-navbar-link-text\">FAQ Calefacci\u00f3n Infrarroja Interior<\/span><\/a><a href=\"https:\/\/opranic.com\/faq-outdoor-infrared-heating\/\" class=\"vcex-navbar-link vcex-navbar-link--13523 wpex-block wpex-float-left wpex-mb-5 theme-button minimal-border expanded has-bg-hover\"><span class=\"vcex-navbar-link-text\">FAQ Calefacci\u00f3n Infrarroja Exterior<\/span><\/a><\/div><\/nav>[\/vc_column][vc_column width=\u00bb4\/5&#8243;]<style>.vcex-heading.vcex_69facf43ae01c{font-size:32px;text-transform:uppercase;}<\/style><h1 class=\"vcex-heading vcex-heading-plain vcex-module wpex-heading wpex-text-2xl vcex_69facf43ae01c\"><span class=\"vcex-heading-inner wpex-inline-block\">TEOR\u00cdA DE LA CALEFACCI\u00d3N POR INFRARROJOS<\/span><\/h1><div class=\"vcex-spacing wpex-w-100 wpex-clear\" style=\"height:15px;\"><\/div>[vc_column_text]La teor\u00eda de la calefacci\u00f3n por infrarrojos funciona mediante el principio de la radiaci\u00f3n t\u00e9rmica, reflejando la forma en que el sol emite rayos infrarrojos. Estos rayos, que recorren una impresionante distancia de aproximadamente 150 millones de kil\u00f3metros a trav\u00e9s de la vasta y fr\u00eda extensi\u00f3n del espacio, llegan a la superficie de la Tierra. A su llegada, son absorbidos por diversos objetos, transform\u00e1ndose en calor.<\/p>\n<h2>RESUMEN EJECUTIVO<\/h2>\n<p>Antes de profundizar en el tema, he aqu\u00ed un breve resumen del contenido.<\/p>\n<h2>ONDA MEDIA Y ONDA LARGA: LAS LONGITUDES DE ONDA \u00d3PTIMAS<\/h2>\n<p>Las longitudes de onda infrarroja, tanto de onda media como de onda larga, presentan excelentes propiedades, como una gran capacidad de absorci\u00f3n y una reflexi\u00f3n m\u00ednima. Adem\u00e1s, su radiaci\u00f3n no penetra profundamente en la piel, por lo que son ideales para calentar con comodidad. Estas longitudes de onda, especialmente si se comparan con la tecnolog\u00eda de onda corta, son considerablemente m\u00e1s eficaces. Las caracter\u00edsticas de las ondas medias y largas las convierten en la mejor opci\u00f3n para la calefacci\u00f3n radiante de confort.<\/p>\n<h2>LA INTENSIDAD DE LA ONDA CORTA<\/h2>\n<p>Los Radiadores Infrarrojos de onda corta funcionan a temperaturas extremadamente altas, produciendo un calor intenso. Aunque el calor de un calentador de infrarrojos de onda corta puede parecer m\u00e1s c\u00e1lido a una distancia de 2-3 metros, la mayor parte es reflejado y no absorbido por el ser humano. Es esencial tener en cuenta que \u00abm\u00e1s c\u00e1lido\u00bb no equivale necesariamente a \u00abm\u00e1s c\u00f3modo\u00bb o \u00abm\u00e1s eficiente\u00bb. Gran parte de la energ\u00eda de los calefactores de onda corta se pierde debido a la fuerte emisi\u00f3n de luz, la reflexi\u00f3n y la baja absorci\u00f3n. Sin embargo, en condiciones de viento, la intensidad de los Radiadores Infrarrojos de onda corta puede ser preferible, ya que pueden contrarrestar los efectos refrigerantes de los vientos racheados con mayor eficacia que sus hom\u00f3logos de onda larga u onda media.<\/p>\n<h2>TECNOLOG\u00cdA INNOVADORA DE OPRANIC<\/h2>\n<p>Opranic ofrece una variada gama de Radiadores Infrarrojos adaptados a distintas necesidades y aplicaciones. Para la calefacci\u00f3n de confort exterior, sugerimos nuestra tecnolog\u00eda patentada de onda media (Classic o IR-X), que alcanza un pico en una longitud de onda de 2,4\u03bcm. Esta tecnolog\u00eda emite un suave resplandor y cumple los criterios de un calefactor de infrarrojos de alta calidad dise\u00f1ado para el calor humano. Para espacios con un intercambio de aire m\u00ednimo, como interiores o habitaciones cerradas, recomendamos nuestra radiaci\u00f3n de onda larga (IR-C). Aunque la radiaci\u00f3n de onda larga es adecuada para la calefacci\u00f3n de confort, su intensidad calor\u00edfica es algo menor debido a su temperatura m\u00e1s baja, lo que la hace menos eficaz contra el impacto refrigerante de las corrientes de aire.<\/p>\n<p>Si desea m\u00e1s informaci\u00f3n, p\u00f3ngase en contacto con nosotros.[\/vc_column_text][\/vc_column][\/vc_row][vc_row css=\u00bb.vc_custom_1695500848702{background-color: #f2f2f2 !important;}\u00bb][vc_column][vc_column_text css=\u00bb\u00bb]\n<h2>Gu\u00eda OPRANIC de la TEOR\u00cdA DE LA CALEFACCI\u00d3N POR INFRARROJOS: Principios y ventajas<\/h2>\n<h2>Las tres v\u00edas del calor<\/h2>\n<p>El calor puede transferirse entre objetos de tres formas principales: conducci\u00f3n, convecci\u00f3n y radiaci\u00f3n.<\/p>\n<p>La conducci\u00f3n consiste en la transferencia directa de energ\u00eda t\u00e9rmica entre dos materiales en contacto. Este proceso trata de equilibrar las diferencias de temperatura entre los dos materiales. La convecci\u00f3n es la transferencia de calor resultante de las variaciones de temperatura dentro de un fluido, como un l\u00edquido o un gas. A menudo se describe como el intercambio de energ\u00eda entre un objeto y el aire que lo rodea. La radiaci\u00f3n, en cambio, es la transferencia directa de energ\u00eda radiante desde la fuente emisora a un objeto, sin necesidad de ning\u00fan medio intermedio. Al igual que la luz visible, la energ\u00eda radiante viaja directamente de su fuente al objetivo, sin calentar directamente el aire intermedio.<\/p>\n<h3>EXPLORAR LA RADIACI\u00d3N INFRARROJA con OPRANIC<\/h3>\n<p>El espectro electromagn\u00e9tico abarca todas las frecuencias potenciales de la radiaci\u00f3n electromagn\u00e9tica. Este espectro incluye rayos gamma, rayos X, rayos ultravioleta, luz visible, rayos infrarrojos, microondas y ondas de radio. Al igual que el sol emite energ\u00eda, la energ\u00eda calor\u00edfica radiante tambi\u00e9n se libera en forma de ondas electromagn\u00e9ticas dentro de la banda infrarroja. Esta banda es adyacente a la banda de luz visible del espectro electromagn\u00e9tico. Los dispositivos de calentamiento por infrarrojos de OPRANIC funcionan bas\u00e1ndose en estos mismos principios.<\/p>\n<h3>LA VERSATILIDAD DE LA CALEFACCI\u00d3N POR INFRARROJOS DE OPRANIC<\/h3>\n<p>La calefacci\u00f3n por infrarrojos, que aprovecha el poder de la transferencia de calor radiante, inicia el calentamiento desde el suelo hacia arriba, en lugar de empezar por el techo. Esta caracter\u00edstica hace que los radiadores Infrarrojos OPRANIC sean una soluci\u00f3n rentable y eficaz para diversos entornos, desde almacenes y espacios de dep\u00f3sito hasta vastas estructuras industriales.<\/p>\n<p>Cuando se dise\u00f1a de forma \u00f3ptima, un sistema de calefacci\u00f3n por infrarrojos OPRANIC puede ofrecer un sinf\u00edn de ventajas, incluida una reducci\u00f3n significativa del consumo de energ\u00eda. Estudios independientes han puesto de manifiesto un ahorro de combustible que oscila entre el 20% y el 50% en comparaci\u00f3n con los sistemas tradicionales de aire caliente. Los Radiadores Infrarrojos OPRANIC destacan como una soluci\u00f3n de calefacci\u00f3n flexible, especialmente beneficiosa para escenarios de calefacci\u00f3n dif\u00edciles. Han demostrado su eficacia en espacios con gran infiltraci\u00f3n de aire, estructuras con techos altos o en situaciones en las que se desea un calentamiento selectivo.[\/vc_column_text][\/vc_column][\/vc_row][vc_row][vc_column][vc_column_text]\n<h2>LONGITUDES DE ONDA INFRARROJAS<\/h2>\n<p>Las longitudes de onda infrarrojas se clasifican en funci\u00f3n de sus rangos de temperatura y longitudes de onda, medidas en micras. La temperatura de funcionamiento del filamento de un calefactor indica el tipo de calefactor de infrarrojos al que pertenece. El tipo adecuado de radiaci\u00f3n calefactora debe elegirse en funci\u00f3n del material de destino, ya que los distintos materiales tienen niveles de absorci\u00f3n variables. Si la radiaci\u00f3n infrarroja de calefacci\u00f3n no es la adecuada, s\u00f3lo se absorbe una fracci\u00f3n de la radiaci\u00f3n t\u00e9rmica, mientras que el resto se desperdicia o se refleja.<\/p>\n<h3>Onda corta (tambi\u00e9n conocida como IR-A o infrarrojo cercano)<\/h3>\n<ul>\n<li>Longitudes de onda: 0,78 &#8211; 1,4\u03bcm<\/li>\n<li>Los Radiadores Infrarrojos de Onda Corta funcionan en el rango de 780 nm a 1.400 nm.<\/li>\n<li>Emiten temperaturas que oscilan entre 1300\u00b0C y 2600\u00b0C y producen una luz visible brillante.<\/li>\n<li>Normalmente, los emisores son tubos de cuarzo rellenos de gas hal\u00f3geno, acompa\u00f1ados de un reflector para dirigir el calor.<\/li>\n<\/ul>\n<h3>Onda media (tambi\u00e9n conocida como IR-B)<\/h3>\n<ul>\n<li>Longitudes de onda: 1,4 &#8211; 3,0\u03bcm<\/li>\n<li>Los Radiadores Infrarrojos de Onda Media funcionan entre 1.400 nm y 3.000 nm.<\/li>\n<li>Emiten temperaturas de 500\u00b0C a 1300\u00b0C y producen una tenue luz roja.<\/li>\n<li>Los emisores suelen ser de cuarzo y vienen con un reflector para concentrar el calor en una direcci\u00f3n concreta.<\/li>\n<\/ul>\n<h3>Onda larga (tambi\u00e9n conocida como IR-C o infrarrojo lejano)<\/h3>\n<ul>\n<li>Longitudes de onda: 3,0 &#8211; 1000\u03bcm<\/li>\n<li>Los Radiadores Infrarrojos de Onda Larga funcionan con longitudes de onda superiores a 3.000 nm.<\/li>\n<li>Estos calentadores emiten temperaturas mucho m\u00e1s bajas, normalmente entre 100 \u00b0C y 500 \u00b0C, y no producen luz visible.<\/li>\n<\/ul>\n[\/vc_column_text][\/vc_column][\/vc_row][vc_row css=\u00bb.vc_custom_1695501089017{background-color: #f2f2f2 !important;}\u00bb][vc_column][vc_column_text]\n<h2>ABSORCI\u00d3N DE LA RADIACI\u00d3N INFRARROJA POR OPRANIC<\/h2>\n<p>La capacidad de absorci\u00f3n de calor de los materiales var\u00eda en funci\u00f3n de su composici\u00f3n y grosor. Para que un calefactor de infrarrojos, como los que ofrece OPRANIC, proporcione una experiencia de calefacci\u00f3n c\u00f3moda, eficaz y natural, es fundamental seleccionar la tecnolog\u00eda de calefacci\u00f3n por infrarrojos adecuada. Factores como la naturaleza del material objetivo, la distancia entre el calentador y el objetivo y la duraci\u00f3n de la exposici\u00f3n al calor desempe\u00f1an un papel fundamental a la hora de determinar el tipo adecuado de calentador de infrarrojos.<\/p>\n<h3>ABSORCI\u00d3N HUMANA CON OPRANIC<\/h3>\n<p>Los seres humanos estamos compuestos de aproximadamente un 80% de agua. Para un confort t\u00e9rmico \u00f3ptimo, es esencial que un calentador de infrarrojos, como los de la gama OPRANIC, est\u00e9 afinado para emitir las longitudes de onda que el agua absorbe con mayor eficacia y refleja menos. El siguiente gr\u00e1fico ilustra la relaci\u00f3n entre la longitud de onda y la absorci\u00f3n de radiaci\u00f3n infrarroja por el agua. Esto indica que el IR-B y el IR-C, que son longitudes de onda m\u00e1s largas por encima de 2,0\u03bcm, son absorbidos m\u00e1s f\u00e1cilmente por la piel humana, lo que conduce a un calentamiento humano m\u00e1s eficaz a trav\u00e9s de estas bandas de ondas medias y largas. Aunque los calefactores que emiten IR-A pueden seguir calentando la piel, son menos eficaces debido a su menor capacidad de absorci\u00f3n.<\/p>\n<h3>REFLECTIVIDAD Y TECNOLOG\u00cdA DE OPRANIC<\/h3>\n<p>Otro rasgo \u00fanico de la piel humana es su capacidad para reflejar longitudes de onda espec\u00edficas como medida de protecci\u00f3n natural. Los niveles de reflectancia de IR-A, IR-B e IR-C revelan que IR-A tiene una alta reflectancia, mientras que IR-B e IR-C presentan una reflectancia significativamente menor. Esto sugiere que, aunque el IR-A incide intensamente sobre la piel, la mayor parte de su radiaci\u00f3n se refleja, lo que supone un desperdicio de energ\u00eda. En cambio, las longitudes de onda de IR-B e IR-C (onda media y onda larga) son absorbidas predominantemente y reflejadas m\u00ednimamente por la piel, lo que las hace ideales para una calefacci\u00f3n de confort eficaz.<\/p>\n<h3>PROFUNDIDAD DE PENETRACI\u00d3N Y NORMAS DE SEGURIDAD DE OPRANIC<\/h3>\n<p>Otro aspecto vital a tener en cuenta es la profundidad de penetraci\u00f3n de estas longitudes de onda en la piel. El diagrama indica que las longitudes de onda corta penetran profundamente en las subcapas de la piel. A pesar de los mecanismos de defensa naturales de la piel, que incluyen una absorci\u00f3n reducida y una alta reflectancia frente a la radiaci\u00f3n de onda corta, la intensa radiaci\u00f3n de los calefactores de onda corta puede penetrar profundamente, acelerando potencialmente el proceso de envejecimiento de la piel. Por otro lado, las longitudes de onda de radiaci\u00f3n de onda media y larga de los calentadores OPRANIC no penetran tan profundamente, lo que los convierte en una opci\u00f3n m\u00e1s segura y menos perjudicial para el proceso de envejecimiento de la piel.[\/vc_column_text][\/vc_column][\/vc_row]\n<\/div>","protected":false},"excerpt":{"rendered":"<p>[vc_row][vc_column][\/vc_column][\/vc_row][vc_row][vc_column width=\u00bb1\/5&#8243;][\/vc_column][vc_column width=\u00bb4\/5&#8243;][vc_column_text]La teor\u00eda de la calefacci\u00f3n por infrarrojos funciona mediante el principio de la radiaci\u00f3n t\u00e9rmica, reflejando la forma en que el sol emite rayos infrarrojos. Estos rayos, que recorren una impresionante distancia de aproximadamente 150 millones de kil\u00f3metros a trav\u00e9s de la vasta y fr\u00eda extensi\u00f3n del espacio, llegan a la superficie de&hellip;<\/p>\n","protected":false},"author":1,"featured_media":0,"parent":0,"menu_order":0,"comment_status":"closed","ping_status":"closed","template":"","meta":{"_acf_changed":false,"inline_featured_image":false,"_joinchat":[],"footnotes":""},"class_list":["post-8040","page","type-page","status-publish","hentry","entry","no-media"],"acf":[],"_links":{"self":[{"href":"https:\/\/opranic.com\/es\/wp-json\/wp\/v2\/pages\/8040","targetHints":{"allow":["GET"]}}],"collection":[{"href":"https:\/\/opranic.com\/es\/wp-json\/wp\/v2\/pages"}],"about":[{"href":"https:\/\/opranic.com\/es\/wp-json\/wp\/v2\/types\/page"}],"author":[{"embeddable":true,"href":"https:\/\/opranic.com\/es\/wp-json\/wp\/v2\/users\/1"}],"replies":[{"embeddable":true,"href":"https:\/\/opranic.com\/es\/wp-json\/wp\/v2\/comments?post=8040"}],"version-history":[{"count":0,"href":"https:\/\/opranic.com\/es\/wp-json\/wp\/v2\/pages\/8040\/revisions"}],"wp:attachment":[{"href":"https:\/\/opranic.com\/es\/wp-json\/wp\/v2\/media?parent=8040"}],"curies":[{"name":"wp","href":"https:\/\/api.w.org\/{rel}","templated":true}]}}