{"id":8052,"date":"2023-09-24T12:33:29","date_gmt":"2023-09-24T10:33:29","guid":{"rendered":"https:\/\/opranic.com\/ventajas-de-la-calefaccion-interior-por-infrarrojos\/"},"modified":"2024-07-27T21:40:59","modified_gmt":"2024-07-27T19:40:59","slug":"ventajas-de-la-calefaccion-interior-por-infrarrojos","status":"publish","type":"page","link":"https:\/\/opranic.com\/es\/ventajas-de-la-calefaccion-interior-por-infrarrojos\/","title":{"rendered":"Ventajas de la calefacci\u00f3n interior por infrarrojos"},"content":{"rendered":"<div class=\"wpb-content-wrapper\">[vc_row][vc_column]<figure class=\"vcex-image vcex-module\"><div class=\"vcex-image-inner wpex-relative wpex-inline-block\"><img width=\"1500\" height=\"550\" src=\"https:\/\/opranic.com\/wp-content\/uploads\/2023\/09\/1500x550_advantages_infrared-1.jpg\" class=\"vcex-image-img wpex-align-middle\" alt=\"Opranic - P6H900 en el sal\u00f3n\" decoding=\"async\" srcset=\"https:\/\/opranic.com\/wp-content\/uploads\/2023\/09\/1500x550_advantages_infrared-1.jpg 1500w, https:\/\/opranic.com\/wp-content\/uploads\/2023\/09\/1500x550_advantages_infrared-1-300x110.jpg 300w, https:\/\/opranic.com\/wp-content\/uploads\/2023\/09\/1500x550_advantages_infrared-1-1024x375.jpg 1024w, https:\/\/opranic.com\/wp-content\/uploads\/2023\/09\/1500x550_advantages_infrared-1-768x282.jpg 768w\" sizes=\"(max-width: 1500px) 100vw, 1500px\" \/><\/div><\/figure>[\/vc_column][\/vc_row][vc_row][vc_column width=\u00bb1\/5&#8243;]<style>.vcex-navbar.vcex_6a09f527e21fa a.vcex-navbar-link{color:#ffffff;background:#ee9305;text-transform:uppercase;}.vcex-navbar.vcex_6a09f527e21fa a.vcex-navbar-link:is(:hover,.active){color:#ffffff;background:#d6d6d6;}.vcex-navbar.vcex_6a09f527e21fa a.vcex-navbar-link:is(:active,.active){color:#ffffff;background:#262626;}<\/style><nav class=\"vcex-navbar vcex-navbar--expanded vcex-module vcex_6a09f527e21fa\"><div class=\"vcex-navbar-inner wpex-clr\"><a href=\"https:\/\/opranic.com\/faq-infrared-heating\/\" class=\"vcex-navbar-link vcex-navbar-link--8076 wpex-block wpex-float-left wpex-mb-5 theme-button minimal-border expanded has-bg-hover\"><span class=\"vcex-navbar-link-text\">FAQ Calefacci\u00f3n por infrarrojos<\/span><\/a><a href=\"https:\/\/opranic.com\/faq-indoor-infrared-heating\/\" class=\"vcex-navbar-link vcex-navbar-link--13511 wpex-block wpex-float-left wpex-mb-5 theme-button minimal-border expanded has-bg-hover\"><span class=\"vcex-navbar-link-text\">FAQ Calefacci\u00f3n Infrarroja Interior<\/span><\/a><a href=\"https:\/\/opranic.com\/faq-outdoor-infrared-heating\/\" class=\"vcex-navbar-link vcex-navbar-link--13523 wpex-block wpex-float-left wpex-mb-5 theme-button minimal-border expanded has-bg-hover\"><span class=\"vcex-navbar-link-text\">FAQ Calefacci\u00f3n Infrarroja Exterior<\/span><\/a><\/div><\/nav>[\/vc_column][vc_column width=\u00bb4\/5&#8243;]<style>.vcex-heading.vcex_6a09f527e4691{font-size:32px;text-transform:uppercase;}<\/style><h1 class=\"vcex-heading vcex-heading-plain vcex-module wpex-heading wpex-text-2xl vcex_6a09f527e4691\"><span class=\"vcex-heading-inner wpex-inline-block\">Ventajas de la calefacci\u00f3n interior por infrarrojos<\/span><\/h1><div class=\"vcex-spacing wpex-w-100 wpex-clear\" style=\"height:10px;\"><\/div>[vc_column_text]<span style=\"font-size: 16px;\">La calefacci\u00f3n por infrarrojos eficiente en interiores proporciona un enfoque superior al calor. En lugar de malgastar energ\u00eda en calentar el aire como los calefactores tradicionales, nuestra tecnolog\u00eda irradia directamente ondas de calor a personas y objetos, garantizando una p\u00e9rdida m\u00ednima de calor y un ambiente interior acogedor.<\/span>[\/vc_column_text]<div class=\"vcex-spacing wpex-w-100 wpex-clear\" style=\"height:20px;\"><\/div><style>.vcex-heading.vcex_6a09f527e4e42{text-transform:uppercase;}<\/style><h2 class=\"vcex-heading vcex-heading-plain vcex-module wpex-heading wpex-text-2xl vcex_6a09f527e4e42\"><span class=\"vcex-heading-inner wpex-inline-block\">CALENTAMIENTO POR INFRARROJOS VS. CALENTAMIENTO POR CONVECCI\u00d3N: EL MODO DE FUNCIONAMIENTO EN COMPARACI\u00d3N<\/span><\/h2>[vc_column_text]El proceso de calentar todo el aire de la habitaci\u00f3n con un calefactor convencional es ineficaz. Calentar todo el aire requiere m\u00e1s tiempo y energ\u00eda que la calefacci\u00f3n por infrarrojos. Con los radiadores convencionales se pierde mucha energ\u00eda porque llega poco aire caliente a las personas. Aunque parte de las ondas de calor tambi\u00e9n calientan el aire circundante, la calefacci\u00f3n por infrarrojos funciona principalmente calentando los objetos directamente. El aire no tiene una masa elevada. Las ondas de calor transfieren su energ\u00eda t\u00e9rmica principalmente a objetos en el espacio, como personas, muebles y otros objetos con mayor masa. Este m\u00e9todo difiere de los calentadores tradicionales, como los calentadores de gas o los calentadores el\u00e9ctricos de aire. La calefacci\u00f3n el\u00e9ctrica por infrarrojos aporta un calor instant\u00e1neo y vers\u00e1til, especialmente en lugares que no requieren un calentamiento constante. Al calentar con infrarrojos, proporcionan un calor r\u00e1pido a trav\u00e9s de ondas de calor directas y te hacen entrar en calor en cuesti\u00f3n de minutos. Los Radiadores Infrarrojos tambi\u00e9n son antial\u00e9rgicos, ya que no hacen circular aire ni polvo que puedan molestar a los al\u00e9rgenos. Es una buena opci\u00f3n para las personas al\u00e9rgicas. Adem\u00e1s, estos radiadores el\u00e9ctricos funcionan sin emisiones de gases de efecto invernadero, lo que los convierte en soluciones de calefacci\u00f3n respetuosas con el medio ambiente.[\/vc_column_text][\/vc_column][\/vc_row][vc_row][vc_column width=\u00bb1\/4&#8243;]<figure class=\"vcex-image vcex-module wpex-text-left\"><div class=\"vcex-image-inner wpex-relative wpex-inline-block\"><img width=\"300\" height=\"300\" src=\"https:\/\/opranic.com\/wp-content\/uploads\/2023\/09\/300x300-opranic-panel-infrared-heater-woman-with-phone.jpg\" class=\"vcex-image-img wpex-align-middle\" alt=\"serie p5 radiadores Infrarrojos Opranic\" decoding=\"async\" srcset=\"https:\/\/opranic.com\/wp-content\/uploads\/2023\/09\/300x300-opranic-panel-infrared-heater-woman-with-phone.jpg 300w, https:\/\/opranic.com\/wp-content\/uploads\/2023\/09\/300x300-opranic-panel-infrared-heater-woman-with-phone-100x100.jpg 100w\" sizes=\"(max-width: 300px) 100vw, 300px\" \/><\/div><\/figure><div class=\"vcex-spacing wpex-w-100 wpex-clear\"><\/div><style>.vcex-heading.vcex_6a09f527e5e71{text-transform:uppercase;}<\/style><h2 class=\"vcex-heading vcex-heading-plain vcex-module wpex-heading wpex-text-2xl vcex_6a09f527e5e71\"><span class=\"vcex-heading-inner wpex-inline-block\">Calor instant\u00e1neo y vers\u00e1til<\/span><\/h2>[vc_column_text]Los Radiadores Infrarrojos el\u00e9ctricos son excelentes fuentes de calor instant\u00e1neo y vers\u00e1til, especialmente en lugares que no requieren un calentamiento continuo. Estos paneles calefactores tambi\u00e9n pueden servir como calefactor adicional para ahorrar energ\u00eda al tiempo que proporcionan un calor espec\u00edfico. Los aparatos de suelo radiante por infrarrojos funcionan bien porque calientan de forma directa y concentrada. Esto ayuda a ahorrar energ\u00eda, permite una distribuci\u00f3n uniforme del calor y evita su p\u00e9rdida. Esto convierte a los paneles de calefacci\u00f3n por infrarrojos en una opci\u00f3n rentable y eficaz para soluciones de calefacci\u00f3n.[\/vc_column_text][\/vc_column][vc_column width=\u00bb1\/4&#8243;]<figure class=\"vcex-image vcex-module wpex-text-left\"><div class=\"vcex-image-inner wpex-relative wpex-inline-block\"><img width=\"300\" height=\"300\" src=\"https:\/\/opranic.com\/wp-content\/uploads\/2023\/09\/300x300-opranic-panel-infrared-heater-chair.jpg\" class=\"vcex-image-img wpex-align-middle\" alt=\"Radiadores Infrarrojos Opranic serie P5 con silla\" decoding=\"async\" srcset=\"https:\/\/opranic.com\/wp-content\/uploads\/2023\/09\/300x300-opranic-panel-infrared-heater-chair.jpg 300w, https:\/\/opranic.com\/wp-content\/uploads\/2023\/09\/300x300-opranic-panel-infrared-heater-chair-100x100.jpg 100w\" sizes=\"(max-width: 300px) 100vw, 300px\" \/><\/div><\/figure><div class=\"vcex-spacing wpex-w-100 wpex-clear\"><\/div><style>.vcex-heading.vcex_6a09f527e6e7a{text-transform:uppercase;}<\/style><h2 class=\"vcex-heading vcex-heading-plain vcex-module wpex-heading wpex-text-2xl vcex_6a09f527e6e7a\"><span class=\"vcex-heading-inner wpex-inline-block\">Calor m\u00e1s duradero<\/span><\/h2>[vc_column_text]Incluso cuando los radiadores de infrarrojos est\u00e1n apagados, el calor sigue irradiando desde las paredes y el suelo. Esto se debe a que los objetos calentados desprenden calor seg\u00fan el principio de radiaci\u00f3n. La capacidad del calor infrarrojo de producir calor duradero sin consumo activo de energ\u00eda contribuye a su eficacia.[\/vc_column_text][\/vc_column][vc_column width=\u00bb1\/4&#8243;]<figure class=\"vcex-image vcex-module wpex-text-left\"><div class=\"vcex-image-inner wpex-relative wpex-inline-block\"><img width=\"300\" height=\"300\" src=\"https:\/\/opranic.com\/wp-content\/uploads\/2023\/09\/300x300-opranic-panel-infrared-heater-heat.jpg\" class=\"vcex-image-img wpex-align-middle\" alt=\"Opranic - Serie P calor uniforme\" decoding=\"async\" srcset=\"https:\/\/opranic.com\/wp-content\/uploads\/2023\/09\/300x300-opranic-panel-infrared-heater-heat.jpg 300w, https:\/\/opranic.com\/wp-content\/uploads\/2023\/09\/300x300-opranic-panel-infrared-heater-heat-100x100.jpg 100w\" sizes=\"(max-width: 300px) 100vw, 300px\" \/><\/div><\/figure><div class=\"vcex-spacing wpex-w-100 wpex-clear\"><\/div><style>.vcex-heading.vcex_6a09f527e7ecd{text-transform:uppercase;}<\/style><h2 class=\"vcex-heading vcex-heading-plain vcex-module wpex-heading wpex-text-2xl vcex_6a09f527e7ecd\"><span class=\"vcex-heading-inner wpex-inline-block\">DISTRIBUCI\u00d3N UNIFORME DEL CALOR<\/span><\/h2>[vc_column_text]La tecnolog\u00eda de hilo calefactor OPRANIC evita la formaci\u00f3n de peligrosos puntos calientes y garantiza una distribuci\u00f3n uniforme del calor radiante. Con resistencias calefactoras de alta calidad incrustadas tanto en toda la superficie como en los bordes exteriores del calefactor de infrarrojos, los calefactores el\u00e9ctricos de infrarrojos OPRANIC ofrecen un ahorro de energ\u00eda y un rendimiento excepcional.[\/vc_column_text][\/vc_column][vc_column width=\u00bb1\/4&#8243;]<figure class=\"vcex-image vcex-module wpex-text-left\"><div class=\"vcex-image-inner wpex-relative wpex-inline-block\"><img width=\"300\" height=\"300\" src=\"https:\/\/opranic.com\/wp-content\/uploads\/2023\/09\/300x300-opranic-panel-infrared-heat.jpg\" class=\"vcex-image-img wpex-align-middle\" alt=\"Radiaci\u00f3n de los paneles calefactores op\u00e1nicos\" decoding=\"async\" srcset=\"https:\/\/opranic.com\/wp-content\/uploads\/2023\/09\/300x300-opranic-panel-infrared-heat.jpg 300w, https:\/\/opranic.com\/wp-content\/uploads\/2023\/09\/300x300-opranic-panel-infrared-heat-100x100.jpg 100w\" sizes=\"(max-width: 300px) 100vw, 300px\" \/><\/div><\/figure><div class=\"vcex-spacing wpex-w-100 wpex-clear\"><\/div><style>.vcex-heading.vcex_6a09f527e8e62{text-transform:uppercase;}<\/style><h2 class=\"vcex-heading vcex-heading-plain vcex-module wpex-heading wpex-text-2xl vcex_6a09f527e8e62\"><span class=\"vcex-heading-inner wpex-inline-block\">Olas de calor directo eficientes<\/span><\/h2>[vc_column_text]El aire caliente puede escapar de una habitaci\u00f3n a trav\u00e9s de puertas abiertas, ventanas y corrientes de aire. Esto provoca p\u00e9rdidas de calor y la necesidad de un calentamiento constante para la calefacci\u00f3n convencional. El aire caliente tambi\u00e9n tiende a subir, lo que provoca una distribuci\u00f3n desigual de la temperatura por la habitaci\u00f3n. La mayor parte del calor se acumula cerca del techo, mientras que las zonas inferiores permanecen m\u00e1s frescas. En cambio, los Radiadores Infrarrojos emiten ondas infrarrojas que calientan directamente los objetos y las personas que se encuentran en su \u00e1rea. Este m\u00e9todo de calor radiante focalizado calienta directamente sin calentar todo el aire, por lo que es m\u00e1s eficaz y ahorra energ\u00eda. Incluso en habitaciones con corrientes de aire, los radiadores Infrarrojos siguen siendo eficaces porque los objetos s\u00f3lidos almacenan el calor recibido, lo que garantiza un desperdicio m\u00ednimo de energ\u00eda.[\/vc_column_text][\/vc_column][\/vc_row][vc_row gap=\u00bb10&#8243;][vc_column width=\u00bb1\/2&#8243; css=\u00bb.vc_custom_1695575275148{margin-right: 40px !important;padding-right: 20px !important;padding-bottom: 20px !important;padding-left: 20px !important;background-color: #f2f2f2 !important;}\u00bb]<div class=\"vcex-spacing wpex-w-100 wpex-clear\"><\/div><h2 class=\"vcex-heading vcex-heading-plain vcex-module wpex-heading wpex-text-2xl\"><span class=\"vcex-heading-inner wpex-inline-block\">LA CALEFACCI\u00d3N POR INFRARROJOS OFRECE VARIAS VENTAJAS<\/span><\/h2>[vc_column_text]\n<h2>VENTAJAS DE LA CALEFACCI\u00d3N POR INFRARROJOS<\/h2>\n<ul>\n<li><strong>Calor r\u00e1pido<\/strong>: la emisi\u00f3n directa de calor garantiza un confort inmediato.<\/li>\n<li><strong>Control por zonas<\/strong>: Instalar en zonas espec\u00edficas para el ahorro de energ\u00eda.<\/li>\n<li><strong>Ahorro de energ\u00eda<\/strong>: La calefacci\u00f3n directa reduce la p\u00e9rdida de calor y el consumo de energ\u00eda.<\/li>\n<li><strong>Sin al\u00e9rgenos<\/strong>: Al no haber circulaci\u00f3n de aire, hay menos al\u00e9rgenos, lo que ayuda a las personas al\u00e9rgicas.<\/li>\n<\/ul>\n<h3><strong>Naturaleza de la calefacci\u00f3n por infrarrojos<\/strong><\/h3>\n<p> Todo, incluido el ser humano, emite radiaciones electromagn\u00e9ticas. La calefacci\u00f3n el\u00e9ctrica por infrarrojos es natural, ya que refleja el calor del sol, de un fuego de carb\u00f3n y de nuestro cuerpo. Con los Radiadores Infrarrojos, obtienes un calor similar al del sol sin los da\u00f1inos rayos UV. <\/p>\n<h3><strong>\u00bfPor qu\u00e9 elegir Radiadores Infrarrojos Eficientes?<\/strong><\/h3>\n<ul>\n<li><strong>Habitaciones con corrientes<\/strong> de <strong>aire<\/strong>: Ideal para espacios con corrientes de aire, techos altos o mal aislados. A diferencia de los calefactores tradicionales, que calientan el aire, los radiadores Infrarrojos son m\u00e1s eficaces y econ\u00f3micos en condiciones de corrientes de aire.<\/li>\n<li><strong>Calor instant\u00e1neo<\/strong>: Proporcionan calor inmediato, por lo que son ideales para espacios poco frecuentados o como fuente de calor suplementaria en d\u00edas fr\u00edos. Son especialmente \u00fatiles en los cuartos de ba\u00f1o para calentarse r\u00e1pidamente.<\/li>\n<li><strong>Prevenci\u00f3n del mo<\/strong>ho: Los rayos infrarrojos secan las paredes h\u00famedas, evitando la aparici\u00f3n de moho en las zonas con calefacci\u00f3n.<\/li>\n<li><strong>Mejor calidad del aire<\/strong>: A diferencia de los radiadores normales, que hacen circular el polvo, los radiadores Infrarrojos de OPRANIC mantienen estable la humedad, lo que beneficia a las personas al\u00e9rgicas.<\/li>\n<li><strong>Ecol\u00f3gicos y silen<\/strong>ciosos: Los calefactores OPRANIC consumen pocos recursos, no producen emisiones y son silenciosos, por lo que promueven un futuro m\u00e1s ecol\u00f3gico.<\/li>\n<li><strong>Instalaci\u00f3n y mantenimiento sin complicaciones<\/strong>: Los radiadores el\u00e9ctricos de infrarrojos OPRANIC son f\u00e1ciles de instalar y requieren poco mantenimiento.<\/li>\n<\/ul>\n[\/vc_column_text][\/vc_column][vc_column width=\u00bb1\/2&#8243;]<style>.vcex-heading.vcex_6a09f527e9946{text-transform:uppercase;}<\/style><h2 class=\"vcex-heading vcex-heading-plain vcex-module wpex-heading wpex-text-2xl vcex_6a09f527e9946\"><span class=\"vcex-heading-inner wpex-inline-block\">Estudio sobre calefacci\u00f3n por infrarrojos de las universidades de Leeds Beckett y Salford (Reino Unido)<\/span><\/h2>[vc_column_text]Expertos en energ\u00eda de las universidades de Leeds Beckett y Salford investigan sistemas de calefacci\u00f3n por infrarrojos para viviendas. Examinan las ventajas de los paneles de calefacci\u00f3n por infrarrojos. Dado que el Reino Unido aspira a conseguir emisiones netas cero, tambi\u00e9n se est\u00e1n estudiando otras opciones de calefacci\u00f3n. Entre ellos figuran las bombas de calor aire-agua, las calderas de hidr\u00f3geno, los acumuladores de calor nocturnos y los radiadores el\u00e9ctricos. Una combinaci\u00f3n de estas alternativas puede ser necesaria para la transici\u00f3n a emisiones netas cero. El profesor Glew explic\u00f3: \u00abLos radiadores infrarrojos son paneles calefactores el\u00e9ctricos que emiten parte de su calor en la frecuencia infrarroja. La teor\u00eda es que el usuario puede calentar toda la casa a una temperatura inferior a la normal, pero sin dejar de estar c\u00f3modo. El objetivo de este proyecto es aportar pruebas s\u00f3lidas de si esta teor\u00eda puede ponerse en pr\u00e1ctica en los hogares de la gente, lo que podr\u00eda conducir a un menor consumo de energ\u00eda, menores costes de calefacci\u00f3n y menos emisiones de carbono.\u00bb  <a href=\"https:\/\/www.leedsbeckett.ac.uk\/news\/2023\/05\/infrared-heating-systems-research\/\" target=\"_blank\" rel=\"noopener\">Calefacci\u00f3n de hogares mediante sistemas de infrarrojos: nueva investigaci\u00f3n para informar sobre la misi\u00f3n Net Zero del Gobierno | Leeds Beckett University<\/a>[\/vc_column_text]<figure class=\"vcex-image vcex-module\"><div class=\"vcex-image-inner wpex-relative wpex-inline-block\"><img width=\"1280\" height=\"720\" src=\"https:\/\/opranic.com\/wp-content\/uploads\/2023\/08\/maxresdefault.jpg\" class=\"vcex-image-img wpex-align-middle\" alt=\"Universidades de Leeds Beckett y Salford\" decoding=\"async\" srcset=\"https:\/\/opranic.com\/wp-content\/uploads\/2023\/08\/maxresdefault.jpg 1280w, https:\/\/opranic.com\/wp-content\/uploads\/2023\/08\/maxresdefault-300x169.jpg 300w, https:\/\/opranic.com\/wp-content\/uploads\/2023\/08\/maxresdefault-1024x576.jpg 1024w, https:\/\/opranic.com\/wp-content\/uploads\/2023\/08\/maxresdefault-768x432.jpg 768w\" sizes=\"(max-width: 1280px) 100vw, 1280px\" \/><\/div><\/figure>[\/vc_column][\/vc_row]\n<\/div>","protected":false},"excerpt":{"rendered":"<p>[vc_row][vc_column][\/vc_column][\/vc_row][vc_row][vc_column width=\u00bb1\/5&#8243;][\/vc_column][vc_column width=\u00bb4\/5&#8243;][vc_column_text]La calefacci\u00f3n por infrarrojos eficiente en interiores proporciona un enfoque superior al calor. En lugar de malgastar energ\u00eda en calentar el aire como los calefactores tradicionales, nuestra tecnolog\u00eda irradia directamente ondas de calor a personas y objetos, garantizando una p\u00e9rdida m\u00ednima de calor y un ambiente interior acogedor.[\/vc_column_text][vc_column_text]El proceso de calentar todo el&hellip;<\/p>\n","protected":false},"author":1,"featured_media":0,"parent":0,"menu_order":0,"comment_status":"closed","ping_status":"closed","template":"","meta":{"_acf_changed":false,"inline_featured_image":false,"_joinchat":[],"footnotes":""},"class_list":["post-8052","page","type-page","status-publish","hentry","entry","no-media"],"acf":[],"_links":{"self":[{"href":"https:\/\/opranic.com\/es\/wp-json\/wp\/v2\/pages\/8052","targetHints":{"allow":["GET"]}}],"collection":[{"href":"https:\/\/opranic.com\/es\/wp-json\/wp\/v2\/pages"}],"about":[{"href":"https:\/\/opranic.com\/es\/wp-json\/wp\/v2\/types\/page"}],"author":[{"embeddable":true,"href":"https:\/\/opranic.com\/es\/wp-json\/wp\/v2\/users\/1"}],"replies":[{"embeddable":true,"href":"https:\/\/opranic.com\/es\/wp-json\/wp\/v2\/comments?post=8052"}],"version-history":[{"count":0,"href":"https:\/\/opranic.com\/es\/wp-json\/wp\/v2\/pages\/8052\/revisions"}],"wp:attachment":[{"href":"https:\/\/opranic.com\/es\/wp-json\/wp\/v2\/media?parent=8052"}],"curies":[{"name":"wp","href":"https:\/\/api.w.org\/{rel}","templated":true}]}}