{"id":8064,"date":"2023-09-24T20:15:03","date_gmt":"2023-09-24T18:15:03","guid":{"rendered":"https:\/\/opranic.com\/calefaccion-exterior-eficiente\/"},"modified":"2023-10-05T21:21:59","modified_gmt":"2023-10-05T19:21:59","slug":"calefaccion-exterior-eficiente","status":"publish","type":"page","link":"https:\/\/opranic.com\/es\/calefaccion-exterior-eficiente\/","title":{"rendered":"Calefacci\u00f3n exterior eficiente"},"content":{"rendered":"<div class=\"wpb-content-wrapper\">[vc_row][vc_column]<figure class=\"vcex-image vcex-module\"><div class=\"vcex-image-inner wpex-relative wpex-inline-block\"><img width=\"1500\" height=\"550\" src=\"https:\/\/opranic.com\/wp-content\/uploads\/2023\/09\/1500x550_outdoor-restaurant-opranic.jpg\" class=\"vcex-image-img wpex-align-middle\" alt=\"Calefacci\u00f3n exterior eficiente con Opranic\" decoding=\"async\" srcset=\"https:\/\/opranic.com\/wp-content\/uploads\/2023\/09\/1500x550_outdoor-restaurant-opranic.jpg 1500w, https:\/\/opranic.com\/wp-content\/uploads\/2023\/09\/1500x550_outdoor-restaurant-opranic-300x110.jpg 300w, https:\/\/opranic.com\/wp-content\/uploads\/2023\/09\/1500x550_outdoor-restaurant-opranic-1024x375.jpg 1024w, https:\/\/opranic.com\/wp-content\/uploads\/2023\/09\/1500x550_outdoor-restaurant-opranic-768x282.jpg 768w\" sizes=\"(max-width: 1500px) 100vw, 1500px\" \/><\/div><\/figure>[\/vc_column][\/vc_row][vc_row][vc_column width=\u00bb1\/5&#8243;]<style>.vcex-navbar.vcex_69fa92ab7f7b2 a.vcex-navbar-link{color:#ffffff;background:#ee9305;text-transform:uppercase;}.vcex-navbar.vcex_69fa92ab7f7b2 a.vcex-navbar-link:is(:hover,.active){color:#ffffff;background:#d6d6d6;}.vcex-navbar.vcex_69fa92ab7f7b2 a.vcex-navbar-link:is(:active,.active){color:#ffffff;background:#262626;}<\/style><nav class=\"vcex-navbar vcex-navbar--expanded vcex-module vcex_69fa92ab7f7b2\"><div class=\"vcex-navbar-inner wpex-clr\"><a href=\"https:\/\/opranic.com\/faq-infrared-heating\/\" class=\"vcex-navbar-link vcex-navbar-link--8076 wpex-block wpex-float-left wpex-mb-5 theme-button minimal-border expanded has-bg-hover\"><span class=\"vcex-navbar-link-text\">FAQ Calefacci\u00f3n por infrarrojos<\/span><\/a><a href=\"https:\/\/opranic.com\/faq-indoor-infrared-heating\/\" class=\"vcex-navbar-link vcex-navbar-link--13511 wpex-block wpex-float-left wpex-mb-5 theme-button minimal-border expanded has-bg-hover\"><span class=\"vcex-navbar-link-text\">FAQ Calefacci\u00f3n Infrarroja Interior<\/span><\/a><a href=\"https:\/\/opranic.com\/faq-outdoor-infrared-heating\/\" class=\"vcex-navbar-link vcex-navbar-link--13523 wpex-block wpex-float-left wpex-mb-5 theme-button minimal-border expanded has-bg-hover\"><span class=\"vcex-navbar-link-text\">FAQ Calefacci\u00f3n Infrarroja Exterior<\/span><\/a><\/div><\/nav>[\/vc_column][vc_column width=\u00bb4\/5&#8243;]<style>.vcex-heading.vcex_69fa92ab82021{font-size:32px;text-transform:uppercase;}<\/style><h1 class=\"vcex-heading vcex-heading-plain vcex-module wpex-heading wpex-text-2xl vcex_69fa92ab82021\"><span class=\"vcex-heading-inner wpex-inline-block\">Calefacci\u00f3n exterior eficiente<\/span><\/h1>[vc_column_text]\n<h2>Opranic: Pioneros en calefacci\u00f3n exterior eficiente con tecnolog\u00eda de calefacci\u00f3n avanzada y dise\u00f1o escandinavo<\/h2>\n<p>En el panorama tecnol\u00f3gico actual, en r\u00e1pida evoluci\u00f3n, la b\u00fasqueda de soluciones eficientes de calefacci\u00f3n exterior ha dado lugar a avances significativos. Los m\u00e9todos tradicionales de calefacci\u00f3n, anta\u00f1o el pilar del calor exterior, est\u00e1n siendo sustituidos por sistemas m\u00e1s sofisticados y eficientes. A la vanguardia de esta revoluci\u00f3n se encuentra Opranic, una marca sin\u00f3nimo de tecnolog\u00eda avanzada de calefacci\u00f3n y dise\u00f1o escandinavo.<\/p>\n<h3>La necesidad de una calefacci\u00f3n exterior eficiente<\/h3>\n<p>Los espacios al aire libre, ya sean patios, terrazas o zonas comerciales, siempre han planteado un reto \u00fanico en lo que respecta a la calefacci\u00f3n. Los calefactores tradicionales no suelen proporcionar un calor uniforme, lo que provoca un calentamiento irregular y un mayor consumo de energ\u00eda. A medida que m\u00e1s personas reconocen el valor de utilizar los espacios al aire libre durante todo el a\u00f1o, la demanda de soluciones eficientes de calefacci\u00f3n exterior se ha disparado.<\/p>\n<p>El compromiso de Opranic con la calefacci\u00f3n eficiente de exteriores queda patente en su gama de productos dise\u00f1ados para proporcionar calor constante en diversos entornos exteriores. Tanto si se trata de una noche fr\u00eda en el patio como de una tarde de invierno en un caf\u00e9 al aire libre, Opranic garantiza que el calor se mantenga constante, haciendo que los espacios exteriores sean utilizables y confortables durante todo el a\u00f1o.<\/p>\n<h3>Tecnolog\u00eda de calefacci\u00f3n avanzada<\/h3>\n<p>Lo que diferencia a Opranic es su compromiso inquebrantable con la tecnolog\u00eda de calefacci\u00f3n avanzada. Mientras que los calefactores tradicionales funcionan calentando el aire, los radiadores Infrarrojos de Opranic funcionan seg\u00fan un principio diferente. Calientan los objetos directamente, imitando el mecanismo de calentamiento natural del sol. Este m\u00e9todo de calentamiento directo garantiza que el calor se sienta inmediatamente, sin necesidad de esperar a que el aire se caliente.<\/p>\n<p>Las ventajas de esta avanzada tecnolog\u00eda de calefacci\u00f3n son m\u00faltiples:<\/p>\n<p><strong>Eficiencia energ\u00e9tica<\/strong>: Los calefactores Opranic convierten hasta el 96% de la energ\u00eda el\u00e9ctrica de entrada directamente en calor radiante. Este elevado \u00edndice de conversi\u00f3n garantiza que la mayor parte de la energ\u00eda se utilice para calefacci\u00f3n, lo que supone un importante ahorro energ\u00e9tico.<\/p>\n<p><strong>Respetuosos con el medio ambiente<\/strong>: en una \u00e9poca en la que la preocupaci\u00f3n por el medio ambiente es primordial, los calefactores Opranic destacan por sus credenciales ecol\u00f3gicas. Funcionan sin emitir gases de efecto invernadero, olores desagradables ni luz ultravioleta nociva. Este funcionamiento ecol\u00f3gico garantiza que los usuarios puedan disfrutar del calor sin ninguna culpa medioambiental.<\/p>\n<p><strong>Seguridad<\/strong>: La avanzada tecnolog\u00eda de calentamiento de Opranic garantiza que los calefactores sean seguros tanto para su uso en interiores como en exteriores. La ausencia de emisiones nocivas y la eficiente conversi\u00f3n de energ\u00eda en calor hacen de los calefactores Opranic una elecci\u00f3n segura para diversos entornos.<\/p>\n<h3>La esencia del dise\u00f1o escandinavo<\/h3>\n<p>Los calefactores de Opranic no son s\u00f3lo aparatos funcionales; son obras de arte. El compromiso de la marca con el dise\u00f1o escandinavo es evidente en cada producto que ofrece. El dise\u00f1o escandinavo, conocido por su sencillez, funcionalidad y minimalismo, encaja perfectamente con la filosof\u00eda de Opranic.<\/p>\n<p>Los calefactores, dise\u00f1ados predominantemente por dise\u00f1adores escandinavos, destilan elegancia y sofisticaci\u00f3n. Pero no se trata s\u00f3lo de est\u00e9tica. Los principios de dise\u00f1o escandinavos garantizan una construcci\u00f3n \u00f3ptima de los calefactores para una calefacci\u00f3n eficiente en exteriores. El dise\u00f1o se centra en conseguir la mejor radiaci\u00f3n t\u00e9rmica posible para diversas aplicaciones, garantizando que los calefactores no s\u00f3lo sean bonitos, sino tambi\u00e9n muy funcionales.<\/p>\n<p>Al integrar dise\u00f1o, tecnolog\u00eda y producci\u00f3n, Opranic ha logrado un nivel de control del que pocas marcas pueden presumir. Cada componente, cada elemento de dise\u00f1o y cada caracter\u00edstica tecnol\u00f3gica se eligen meticulosamente para garantizar que el producto final sea de la m\u00e1xima calidad. Este enfoque integrado, combinado con pruebas y controles de calidad continuos, garantiza que los calentadores Opranic cumplan y, a menudo, superen las normas del sector.<\/p>\n<h3>Conclusi\u00f3n<\/h3>\n<p>En el \u00e1mbito de la calefacci\u00f3n eficiente para exteriores, Opranic se ha hecho un hueco. Con su avanzada tecnolog\u00eda de calefacci\u00f3n y su compromiso con el dise\u00f1o escandinavo, la marca ofrece una gama de productos funcionales y est\u00e9ticamente agradables. Tanto si desea calentar el patio de su casa como un espacio comercial al aire libre, los calefactores Opranic prometen calor constante, eficiencia energ\u00e9tica y un toque de elegancia escandinava.<\/p>\n<p>A medida que avanzamos hacia un futuro en el que los espacios al aire libre se convierten en parte integrante de nuestras vidas, la necesidad de soluciones eficientes de calefacci\u00f3n exterior no har\u00e1 sino crecer. Marcas como Opranic, centradas en la tecnolog\u00eda y el dise\u00f1o, est\u00e1n preparadas para liderar esta revoluci\u00f3n, garantizando que nuestros espacios exteriores sigan siendo c\u00e1lidos y acogedores, independientemente de la estaci\u00f3n del a\u00f1o.[\/vc_column_text][\/vc_column][\/vc_row]\n<\/div>","protected":false},"excerpt":{"rendered":"<p>[vc_row][vc_column][\/vc_column][\/vc_row][vc_row][vc_column width=\u00bb1\/5&#8243;][\/vc_column][vc_column width=\u00bb4\/5&#8243;][vc_column_text] Opranic: Pioneros en calefacci\u00f3n exterior eficiente con tecnolog\u00eda de calefacci\u00f3n avanzada y dise\u00f1o escandinavo En el panorama tecnol\u00f3gico actual, en r\u00e1pida evoluci\u00f3n, la b\u00fasqueda de soluciones eficientes de calefacci\u00f3n exterior ha dado lugar a avances significativos. Los m\u00e9todos tradicionales de calefacci\u00f3n, anta\u00f1o el pilar del calor exterior, est\u00e1n siendo sustituidos por sistemas&hellip;<\/p>\n","protected":false},"author":1,"featured_media":0,"parent":0,"menu_order":0,"comment_status":"closed","ping_status":"closed","template":"","meta":{"_acf_changed":false,"inline_featured_image":false,"_joinchat":[],"footnotes":""},"class_list":["post-8064","page","type-page","status-publish","hentry","entry","no-media"],"acf":[],"_links":{"self":[{"href":"https:\/\/opranic.com\/es\/wp-json\/wp\/v2\/pages\/8064","targetHints":{"allow":["GET"]}}],"collection":[{"href":"https:\/\/opranic.com\/es\/wp-json\/wp\/v2\/pages"}],"about":[{"href":"https:\/\/opranic.com\/es\/wp-json\/wp\/v2\/types\/page"}],"author":[{"embeddable":true,"href":"https:\/\/opranic.com\/es\/wp-json\/wp\/v2\/users\/1"}],"replies":[{"embeddable":true,"href":"https:\/\/opranic.com\/es\/wp-json\/wp\/v2\/comments?post=8064"}],"version-history":[{"count":0,"href":"https:\/\/opranic.com\/es\/wp-json\/wp\/v2\/pages\/8064\/revisions"}],"wp:attachment":[{"href":"https:\/\/opranic.com\/es\/wp-json\/wp\/v2\/media?parent=8064"}],"curies":[{"name":"wp","href":"https:\/\/api.w.org\/{rel}","templated":true}]}}