{"id":8076,"date":"2023-09-23T18:27:40","date_gmt":"2023-09-23T16:27:40","guid":{"rendered":"https:\/\/opranic.com\/banco-de-conocimientos\/"},"modified":"2025-11-03T21:30:55","modified_gmt":"2025-11-03T20:30:55","slug":"banco-de-conocimientos","status":"publish","type":"page","link":"https:\/\/opranic.com\/es\/banco-de-conocimientos\/","title":{"rendered":"FAQ Calefacci\u00f3n por infrarrojos"},"content":{"rendered":"<div class=\"wpb-content-wrapper\">[vc_row][vc_column]<figure class=\"vcex-image vcex-module\"><div class=\"vcex-image-inner wpex-relative wpex-inline-block\"><img width=\"1920\" height=\"400\" src=\"https:\/\/opranic.com\/wp-content\/uploads\/2023\/04\/opranic-about-us-1920x400-q60.jpeg\" class=\"vcex-image-img wpex-align-middle\" alt=\"\" decoding=\"async\" srcset=\"https:\/\/opranic.com\/wp-content\/uploads\/2023\/04\/opranic-about-us-1920x400-q60.jpeg 1920w, https:\/\/opranic.com\/wp-content\/uploads\/2023\/04\/opranic-about-us-1920x400-q60-300x63.jpeg 300w, https:\/\/opranic.com\/wp-content\/uploads\/2023\/04\/opranic-about-us-1920x400-q60-1024x213.jpeg 1024w, https:\/\/opranic.com\/wp-content\/uploads\/2023\/04\/opranic-about-us-1920x400-q60-768x160.jpeg 768w, https:\/\/opranic.com\/wp-content\/uploads\/2023\/04\/opranic-about-us-1920x400-q60-1536x320.jpeg 1536w\" sizes=\"(max-width: 1920px) 100vw, 1920px\" \/><\/div><\/figure>[\/vc_column][\/vc_row][vc_row][vc_column]<style>.vcex-navbar.vcex_69f19e1581289 a.vcex-navbar-link{color:#ffffff;background:#ee9305;text-transform:uppercase;}.vcex-navbar.vcex_69f19e1581289 a.vcex-navbar-link:is(:hover,.active){color:#ffffff;background:#d6d6d6;}.vcex-navbar.vcex_69f19e1581289 a.vcex-navbar-link:is(:active,.active){color:#ffffff;background:#262626;}<\/style><nav class=\"vcex-navbar vcex-navbar--expanded vcex-module vcex_69f19e1581289\"><div class=\"vcex-navbar-inner wpex-clr\"><a href=\"https:\/\/opranic.com\/faq-infrared-heating\/\" class=\"vcex-navbar-link vcex-navbar-link--8076 wpex-block wpex-float-left wpex-mb-5 theme-button minimal-border expanded has-bg-hover\"><span class=\"vcex-navbar-link-text\">FAQ Calefacci\u00f3n por infrarrojos<\/span><\/a><a href=\"https:\/\/opranic.com\/faq-indoor-infrared-heating\/\" class=\"vcex-navbar-link vcex-navbar-link--13511 wpex-block wpex-float-left wpex-mb-5 theme-button minimal-border expanded has-bg-hover\"><span class=\"vcex-navbar-link-text\">FAQ Calefacci\u00f3n Infrarroja Interior<\/span><\/a><a href=\"https:\/\/opranic.com\/faq-outdoor-infrared-heating\/\" class=\"vcex-navbar-link vcex-navbar-link--13523 wpex-block wpex-float-left wpex-mb-5 theme-button minimal-border expanded has-bg-hover\"><span class=\"vcex-navbar-link-text\">FAQ Calefacci\u00f3n Infrarroja Exterior<\/span><\/a><\/div><\/nav>[vc_row_inner equal_height=\u00bbyes\u00bb remove_bottom_col_margin=\u00bbtrue\u00bb css=\u00bb.vc_custom_1715063689585{padding-top: 30px !important;padding-bottom: 30px !important;}\u00bb el_id=\u00bbfaq\u00bb][vc_column_inner]<style>.vcex-heading.vcex_69f19e1584b59{font-size:32px;text-transform:uppercase;}<\/style><h1 class=\"vcex-heading vcex-heading-plain vcex-module wpex-heading wpex-text-2xl vcex_69f19e1584b59\"><span class=\"vcex-heading-inner wpex-inline-block\">FAQ - CALEFACCI\u00d3N INFRARROJA OPRANIC<\/span><\/h1><style>.vcex-heading.vcex_69f19e15854f6{color:#262626;font-weight:600;}<\/style><h2 class=\"vcex-heading vcex-heading-plain vcex-module wpex-heading wpex-text-2xl wpex-text-left vcex_69f19e15854f6\"><span class=\"vcex-heading-inner wpex-inline-block\">GENERAL<\/span><\/h2>[vc_toggle title=\u00bb\u00bfC\u00d3MO FUNCIONA LA CALEFACCI\u00d3N POR INFRARROJOS?\u00bb style=\u00bbarrow\u00bb css=\u00bb\u00bb]La calefacci\u00f3n por infrarrojos funciona emitiendo radiaci\u00f3n infrarroja, un tipo de onda electromagn\u00e9tica que calienta directamente los objetos y las personas en lugar del aire que los rodea.<br \/>\nEsta radiaci\u00f3n se sit\u00faa entre la luz visible y las microondas en el espectro electromagn\u00e9tico y puede clasificarse en infrarrojo cercano, medio y lejano en funci\u00f3n de la longitud de onda.<br \/>\nEstas ondas viajan por el aire sin p\u00e9rdida significativa de energ\u00eda y son absorbidas por objetos y superficies al entrar en contacto con ellos, haciendo que sus mol\u00e9culas vibren y aumenten su energ\u00eda t\u00e9rmica.<br \/>\nEste proceso proporciona un calor inmediato similar al del sol, pero sin los da\u00f1inos rayos ultravioleta, creando un calor confortable y uniformemente distribuido por todo el espacio al evitar la ineficacia de calentar primero el aire.     <a href=\"https:\/\/opranic.com\/theory-of-infrared-heating\/\">Leer m\u00e1s<\/a>[\/vc_toggle][vc_toggle title=\u00bb\u00bfC\u00d3MO SE COMPARAN LOS RADIADORES INFRARROJOS CON LAS ESTUFAS TRADICIONALES?\u00bb style=\u00bbarrow\u00bb css=\u00bb\u00bb]Los Radiadores Infrarrojos ofrecen varias ventajas distintas en comparaci\u00f3n con los calefactores tradicionales, lo que los convierte en una opci\u00f3n popular para diversas necesidades de calefacci\u00f3n.  <b>M\u00e9todo de calentamiento:<\/b><\/p>\n<ul>\n<li>Radiadores Infrarrojos: Estos radiadores emiten radiaciones infrarrojas que calientan directamente los objetos y las personas de la habitaci\u00f3n, de forma similar a como el sol calienta la Tierra.<br \/>\nPor ejemplo, un Radiador Infrarrojos Opranic para el cuarto de ba\u00f1o calentar\u00e1 r\u00e1pidamente el espacio y mantendr\u00e1 secas las superficies, evitando la formaci\u00f3n de moho. <\/li>\n<li>Calentadores tradicionales: La mayor\u00eda de los calefactores tradicionales, como los de convecci\u00f3n, calientan el aire de la habitaci\u00f3n.<br \/>\nEsto puede llevar m\u00e1s tiempo y provocar un calentamiento desigual, con el aire caliente subiendo y el aire fr\u00edo qued\u00e1ndose cerca del suelo. <\/li>\n<\/ul>\n<p><b>Eficiencia energ\u00e9tica:<\/b><\/p>\n<ul>\n<li>Radiadores Infrarrojos: Como calientan los objetos directamente, los Radiadores Infrarrojos pueden ser m\u00e1s eficientes desde el punto de vista energ\u00e9tico, sobre todo en espacios donde se necesita calor inmediato y espec\u00edfico.<br \/>\nPor ejemplo, utilizar un radiador Infrarrojos en un despacho puede proporcionar un confort r\u00e1pido sin necesidad de calentar toda la casa. <\/li>\n<li>Calefactores tradicionales: A menudo necesitan calentar toda la habitaci\u00f3n antes de que los ocupantes sientan calor, lo que puede ser menos eficiente y m\u00e1s costoso en t\u00e9rminos de consumo de energ\u00eda.<\/li>\n<\/ul>\n<p><b>Tiempo de respuesta:<\/b><\/p>\n<ul>\n<li>Radiadores Infrarrojos: Proporcionan calor casi instant\u00e1neo, por lo que son ideales para situaciones en las que se desea calor r\u00e1pido.<br \/>\nPor ejemplo, en un garaje o taller fr\u00edos, un radiador Infrarrojos puede hacer que el espacio resulte confortable de inmediato. <\/li>\n<li>Calefactores tradicionales: Suelen tardar m\u00e1s en calentar una habitaci\u00f3n, ya que se basan en calentar el aire, que luego circula para crear un ambiente c\u00e1lido.<\/li>\n<\/ul>\n<p><b>Calidad del aire:<\/b><\/p>\n<ul>\n<li>Radiadores Infrarrojos: Como no dependen de la circulaci\u00f3n del aire, no levantan polvo ni al\u00e9rgenos, por lo que son una buena opci\u00f3n para las personas al\u00e9rgicas o asm\u00e1ticas.<br \/>\nPor ejemplo, un Radiador Infrarrojos en un dormitorio puede proporcionar un entorno limpio y confortable para dormir. <\/li>\n<li>Calefactores tradicionales: Pueden hacer circular polvo y al\u00e9rgenos, ya que dependen del movimiento del aire para distribuir el calor, lo que puede ser problem\u00e1tico para las personas con problemas respiratorios.<\/li>\n<\/ul>\n<p>  Los Radiadores Infrarrojos ofrecen un calentamiento selectivo, eficaz y r\u00e1pido, con ventajas a\u00f1adidas como la mejora de la calidad del aire y funciones de seguridad.<br \/>\nEsto los convierte en una opci\u00f3n vers\u00e1til y a menudo m\u00e1s eficaz para muchas necesidades modernas de calefacci\u00f3n.   <a href=\"https:\/\/opranic.com\/es\/calefaccion-por-infrarrojos-guia-definitiva\/\">Leer m\u00e1s<\/a>[\/vc_toggle][vc_toggle title=\u00bb\u00bfCU\u00c1LES SON LAS VENTAJAS DE UTILIZAR LOS RADIADORES INFRARROJOS OPRANIC?\u00bb style=\u00bbarrow\u00bb css=\u00bb\u00bb]Los Radiadores Infrarrojos Opranic ofrecen varias ventajas que los convierten en una opci\u00f3n popular para la calefacci\u00f3n residencial y comercial.<br \/>\nConocidos por su eficiencia energ\u00e9tica, calientan directamente los objetos y las personas en lugar del aire, lo que da como resultado un uso m\u00e1s eficiente de la energ\u00eda y unos costes de calefacci\u00f3n m\u00e1s bajos en comparaci\u00f3n con los sistemas tradicionales.  Para la calefacci\u00f3n de exteriores, los Radiadores Infrarrojos Opranic proporcionan calor instant\u00e1neo, haciendo que los espacios sean confortables r\u00e1pidamente.<br \/>\nCalientan directamente a las personas, evitando la p\u00e9rdida de energ\u00eda y convirti\u00e9ndolos en la mejor opci\u00f3n para patios, terrazas y otras zonas abiertas.  En interiores, estos calefactores garantizan una distribuci\u00f3n uniforme del calor, reduciendo los puntos fr\u00edos y manteniendo un calor constante en toda la habitaci\u00f3n.<br \/>\nNo hacen circular el aire, minimizando la propagaci\u00f3n de polvo, al\u00e9rgenos y contaminantes, lo que es beneficioso para las personas con problemas respiratorios o alergias.<br \/>\nAdem\u00e1s, mantienen los niveles naturales de humedad, reduciendo el riesgo de piel seca y molestias respiratorias, creando un ambiente confortable.<br \/>\nLos Radiadores Infrarrojos Opranic tambi\u00e9n ayudan a prevenir la formaci\u00f3n de moho, manteniendo secas las paredes.    Desde el punto de vista medioambiental, los Radiadores Infrarrojos Opranic contribuyen a reducir la huella de carbono al consumir menos energ\u00eda y no producir subproductos de la combusti\u00f3n, lo que los convierte en una opci\u00f3n de calefacci\u00f3n segura y respetuosa con el medio ambiente. Las caracter\u00edsticas de seguridad incluyen superficies fr\u00edas al tacto y protecci\u00f3n contra el sobrecalentamiento, lo que reduce el riesgo de quemaduras y garantiza un funcionamiento seguro.<br \/>\nAdem\u00e1s, funcionan silenciosamente, creando un entorno tranquilo ideal tanto para interiores como para exteriores.  Su dise\u00f1o moderno y elegante complementa varios estilos de decoraci\u00f3n, a\u00f1adiendo valor est\u00e9tico.<br \/>\nSon f\u00e1ciles de instalar y requieren un mantenimiento m\u00ednimo, por lo que ofrecen una soluci\u00f3n de calefacci\u00f3n sin complicaciones.  En resumen, los Radiadores Infrarrojos Opranic ofrecen numerosas ventajas, como eficiencia energ\u00e9tica, mayor confort, ventajas para la salud, funcionamiento rentable, respeto al medio ambiente, versatilidad, caracter\u00edsticas de seguridad, funcionamiento sin ruido, dise\u00f1o est\u00e9tico y facilidad de instalaci\u00f3n y mantenimiento, lo que los convierte en una opci\u00f3n excelente para mejorar cualquier sistema de calefacci\u00f3n.  <a href=\"https:\/\/opranic.com\/es\/salud-calefactores-infrarrojos-las-ventajas-de-un-vistazo\/\">Leer m\u00e1s<\/a>[\/vc_toggle][vc_toggle title=\u00bb\u00bfQU\u00c9 DISTINGUE A LOS RADIADORES INFRARROJOS DE INTERIOR OPRANIC DE LOS RADIADORES INFRARROJOS DE EXTERIOR OPRANIC?\u00bb style=\u00bbarrow\u00bb css=\u00bb\u00bb]\n<p><b>Longitud de onda y eficacia calor\u00edfica<\/b><\/p>\n<ul>\n<li><b>Radiadores Infrarrojos de Interior:<\/b>\n<ul>\n<li>Longitud de onda: Estos radiadores suelen utilizar radiaci\u00f3n infrarroja de onda larga (IR-C), que funciona a longitudes de onda superiores a 3,0\u03bcm.<br \/>\nEste tipo de radiaci\u00f3n es ideal para espacios interiores porque proporciona un calor suave y constante sin producir luz visible. <\/li>\n<li>Eficacia del calentamiento: Los calefactores de infrarrojos de onda larga est\u00e1n dise\u00f1ados para ser absorbidos eficazmente por la piel humana y los objetos de una habitaci\u00f3n, lo que garantiza un calentamiento eficaz y confortable en entornos cerrados.<br \/>\nSon menos intensos que los calefactores de onda corta u onda media, lo que los hace adecuados para mantener un ambiente interior acogedor.   <a href=\"https:\/\/opranic.com\/theory-of-infrared-heating\/\">Leer m\u00e1s<\/a><\/li>\n<\/ul>\n<\/li>\n<li><b>Radiadores Infrarrojos de Exterior:<\/b>\n<ul>\n<li>Longitud de onda: Los calefactores de exterior suelen utilizar radiaci\u00f3n infrarroja de onda media (IR-B), que funciona entre 1,4 y 3,0\u03bcm.<br \/>\nEsta longitud de onda emite un calor m\u00e1s intenso que puede resistir los efectos refrigerantes del viento y los espacios abiertos. <\/li>\n<li>Eficacia del calentamiento: Los Radiadores Infrarrojos de Onda Media son m\u00e1s eficaces en exteriores, ya que pueden proporcionar un calor m\u00e1s fuerte y directo.<br \/>\nEsto garantiza que el calor llegue a las personas y los objetos a pesar de las dificultades del entorno, como el viento y el aire libre.   <a href=\"https:\/\/opranic.com\/theory-of-infrared-heating\/\">Leer m\u00e1s<\/a><\/li>\n<\/ul>\n<\/li>\n<\/ul>\n[\/vc_toggle][vc_toggle title=\u00bb\u00bfSON ADECUADOS LOS CALEFACTORES OPRANIC PARA USO COMERCIAL?\u00bb style=\u00bbarrow\u00bb css=\u00bb\u00bb]S\u00ed, los calefactores Opranic son muy adecuados para uso comercial gracias a su excepcional eficiencia energ\u00e9tica, durabilidad y caracter\u00edsticas tecnol\u00f3gicas avanzadas.<br \/>\nLos radiadores Infrarrojos Opranic para uso exterior est\u00e1n dise\u00f1ados para proporcionar un calor r\u00e1pido y potente mediante la avanzada tecnolog\u00eda de negro de humo IR-X, lo que mejora su idoneidad para espacios comerciales que exigen soluciones de calefacci\u00f3n constantes y eficaces.<br \/>\nSus altos grados de protecci\u00f3n IP, como el grado IP65 del THOR S70R, los hacen resistentes al agua y al polvo, lo que permite su uso en entornos comerciales tanto interiores como exteriores.<br \/>\nLos Radiadores Infrarrojos Opranic son ideales para restaurantes al aire libre, cafeter\u00edas y otros establecimientos hosteleros, ya que proporcionan soluciones de calefacci\u00f3n eficaces y elegantes.    Las series Opranic P5 y P6, por ejemplo, presentan una notable eficiencia de conversi\u00f3n de energ\u00eda, convirtiendo aproximadamente el 99% de la energ\u00eda el\u00e9ctrica en calor, lo que garantiza una calefacci\u00f3n fiable y eficaz para grandes superficies comerciales interiores.<br \/>\nEstos calefactores est\u00e1n fabricados con materiales de alta calidad, como aluminio anodizado y vidrio templado, que proporcionan un rendimiento robusto y duradero incluso en condiciones duras.  La combinaci\u00f3n de alta eficiencia, construcci\u00f3n robusta, opciones de instalaci\u00f3n vers\u00e1tiles, funciones de seguridad avanzadas y cumplimiento de las normas internacionales hacen de los calefactores Opranic una soluci\u00f3n fiable y eficaz para una amplia gama de aplicaciones comerciales, desde restaurantes y cafeter\u00edas hasta tiendas, oficinas y espacios para eventos.<br \/>\nSu capacidad para proporcionar calor constante incluso en exteriores los hace vers\u00e1tiles.<br \/>\nPara obtener informaci\u00f3n m\u00e1s detallada sobre modelos concretos y sus caracter\u00edsticas, puedes visitar las p\u00e1ginas de producto.    <a href=\"https:\/\/opranic.com\/es\/conceptos-basicos-de-la-tecnologia-de-infrarrojos-introduccion\/\">Leer m\u00e1s<\/a>[\/vc_toggle][vc_toggle title=\u00bb\u00bfEMITEN RADIACIONES LOS RADIADORES INFRARROJOS?\u00bb style=\u00bbarrow\u00bb css=\u00bb\u00bb]S\u00ed, los Radiadores Infrarrojos emiten radiaciones, pero \u00e9stas son seguras y no da\u00f1inas, y proporcionan una soluci\u00f3n de calefacci\u00f3n c\u00f3moda y eficaz. <b>Tipo de radiaci\u00f3n:<\/b> Los Radiadores Infrarrojos emiten radiaci\u00f3n infrarroja, que es un tipo de radiaci\u00f3n electromagn\u00e9tica.<br \/>\nEs el mismo tipo de radiaci\u00f3n que emite el sol, pero sin el da\u00f1ino componente ultravioleta (UV).<br \/>\nLa radiaci\u00f3n infrarroja forma parte del espectro electromagn\u00e9tico y est\u00e1 justo m\u00e1s all\u00e1 de la luz visible, por lo que es invisible al ojo humano pero se siente como calor. <b>C\u00f3mo funcionan los Radiadores Infrarrojos:<\/b> Los Radiadores Infrarrojos funcionan emitiendo rayos infrarrojos que calientan directamente los objetos y las personas que encuentran a su paso, en lugar de calentar el aire como los radiadores de convecci\u00f3n tradicionales.<br \/>\nEsta forma directa de calentamiento es eficaz y puede crear un calor agradable r\u00e1pidamente. <b>Seguridad de la radiaci\u00f3n infrarroja:<\/b> La radiaci\u00f3n infrarroja que emiten estos calefactores es totalmente segura para las personas y los animales dom\u00e9sticos.<br \/>\nA diferencia de la radiaci\u00f3n ultravioleta (UV), que puede causar da\u00f1os en la piel, la radiaci\u00f3n infrarroja es benigna y se ha utilizado con seguridad en diversas aplicaciones, incluidas las terapias m\u00e9dicas, durante muchos a\u00f1os. <b>Aplicaciones de la radiaci\u00f3n infrarroja:<\/b> La tecnolog\u00eda de infrarrojos se utiliza ampliamente en diversos campos, como los tratamientos m\u00e9dicos (por ejemplo, l\u00e1mparas de infrarrojos para terapia muscular), el calentamiento de alimentos y la calefacci\u00f3n residencial, debido a sus propiedades de calentamiento seguras y eficaces. <a href=\"https:\/\/opranic.com\/es\/salud-calefactores-infrarrojos-las-ventajas-de-un-vistazo\/\">Leer m\u00e1s<\/a>[\/vc_toggle][\/vc_column_inner][\/vc_row_inner][\/vc_column][\/vc_row]\n<\/div>","protected":false},"excerpt":{"rendered":"<p>[vc_row][vc_column][\/vc_column][\/vc_row][vc_row][vc_column][vc_row_inner equal_height=\u00bbyes\u00bb remove_bottom_col_margin=\u00bbtrue\u00bb css=\u00bb.vc_custom_1715063689585{padding-top: 30px !important;padding-bottom: 30px !important;}\u00bb el_id=\u00bbfaq\u00bb][vc_column_inner][vc_toggle title=\u00bb\u00bfC\u00d3MO FUNCIONA LA CALEFACCI\u00d3N POR INFRARROJOS?\u00bb style=\u00bbarrow\u00bb css=\u00bb\u00bb]La calefacci\u00f3n por infrarrojos funciona emitiendo radiaci\u00f3n infrarroja, un tipo de onda electromagn\u00e9tica que calienta directamente los objetos y las personas en lugar del aire que los rodea. Esta radiaci\u00f3n se sit\u00faa entre la luz visible y las microondas&hellip;<\/p>\n","protected":false},"author":1,"featured_media":0,"parent":0,"menu_order":0,"comment_status":"closed","ping_status":"closed","template":"","meta":{"_acf_changed":false,"inline_featured_image":false,"_joinchat":[],"footnotes":""},"class_list":["post-8076","page","type-page","status-publish","hentry","entry","no-media"],"acf":[],"_links":{"self":[{"href":"https:\/\/opranic.com\/es\/wp-json\/wp\/v2\/pages\/8076","targetHints":{"allow":["GET"]}}],"collection":[{"href":"https:\/\/opranic.com\/es\/wp-json\/wp\/v2\/pages"}],"about":[{"href":"https:\/\/opranic.com\/es\/wp-json\/wp\/v2\/types\/page"}],"author":[{"embeddable":true,"href":"https:\/\/opranic.com\/es\/wp-json\/wp\/v2\/users\/1"}],"replies":[{"embeddable":true,"href":"https:\/\/opranic.com\/es\/wp-json\/wp\/v2\/comments?post=8076"}],"version-history":[{"count":0,"href":"https:\/\/opranic.com\/es\/wp-json\/wp\/v2\/pages\/8076\/revisions"}],"wp:attachment":[{"href":"https:\/\/opranic.com\/es\/wp-json\/wp\/v2\/media?parent=8076"}],"curies":[{"name":"wp","href":"https:\/\/api.w.org\/{rel}","templated":true}]}}