{"id":8224,"date":"2023-09-25T15:56:11","date_gmt":"2023-09-25T13:56:11","guid":{"rendered":"https:\/\/opranic.com\/formulario-de-devolucion\/"},"modified":"2025-10-30T00:26:45","modified_gmt":"2025-10-29T23:26:45","slug":"formulario-de-devolucion","status":"publish","type":"page","link":"https:\/\/opranic.com\/es\/formulario-de-devolucion\/","title":{"rendered":"Formulario de devoluci\u00f3n"},"content":{"rendered":"<div class=\"wpb-content-wrapper\">[vc_row][vc_column width=\u00bb1\/4&#8243;]<style>.vcex-navbar.vcex_69f46f70ee3f3 a.vcex-navbar-link{color:#ffffff;background:#ee9305;text-transform:uppercase;}.vcex-navbar.vcex_69f46f70ee3f3 a.vcex-navbar-link:is(:hover,.active){color:#ffffff;background:#d6d6d6;}.vcex-navbar.vcex_69f46f70ee3f3 a.vcex-navbar-link:is(:active,.active){color:#ffffff;background:#262626;}<\/style><nav class=\"vcex-navbar vcex-navbar--expanded vcex-module vcex_69f46f70ee3f3\"><div class=\"vcex-navbar-inner wpex-clr\"><a href=\"https:\/\/opranic.com\/contact-us\/\" class=\"vcex-navbar-link vcex-navbar-link--4395 wpex-block wpex-float-left wpex-mb-5 theme-button minimal-border expanded has-bg-hover\"><span class=\"vcex-navbar-link-text\">Contacte con nosotros<\/span><\/a><a href=\"https:\/\/opranic.com\/reseller-inquiry\/\" class=\"vcex-navbar-link vcex-navbar-link--14649 wpex-block wpex-float-left wpex-mb-5 theme-button minimal-border expanded has-bg-hover\"><span class=\"vcex-navbar-link-text\">Consulta para revendedores<\/span><\/a><a href=\"https:\/\/opranic.com\/return-form\/\" class=\"vcex-navbar-link vcex-navbar-link--8224 wpex-block wpex-float-left wpex-mb-5 theme-button minimal-border expanded has-bg-hover\"><span class=\"vcex-navbar-link-text\">Formulario de devoluci\u00f3n<\/span><\/a><\/div><\/nav><div class=\"vcex-spacing wpex-w-100 wpex-clear\"><\/div><div class=\"vcex-module vcex-divider vcex-divider-solid vcex-divider-center wpex-mx-auto wpex-block wpex-h-0 wpex-border-b wpex-border-solid wpex-border-main\"><\/div><div class=\"vcex-spacing wpex-w-100 wpex-clear\"><\/div>[vc_column_text]\n<h2 class=\"vcex-heading vcex-heading-plain vcex-module wpex-text-2xl wpex-font-normal wpex-mb-10 wpex-text-left vcex_6511575c2cfb8\"><span class=\"vcex-heading-inner wpex-inline-block\">NUESTRA DIRECCI\u00d3N<\/span><\/h2>\n<div class=\"vcex-spacing wpex-w-100 wpex-clear vcex_6511575c2d39c\">Direcci\u00f3n: OPRANIC, BOX 2356, 116 74 Estocolmo<\/div>\n<div class=\"vcex-spacing wpex-w-100 wpex-clear vcex_6511575c2d39c\">Tel: <a href=\"tel:+46855920360\">+46 8 559 203 60<\/a><\/div>\n<div class=\"vcex-spacing wpex-w-100 wpex-clear vcex_6511575c2d39c\">Fax: <a href=\"fax:+4655116586\">+46 551 165 86<\/a><\/div>\n<div class=\"vcex-spacing wpex-w-100 wpex-clear vcex_6511575c2d39c\">Correo electr\u00f3nico: <a href=\"mailto:info@opranic.com\">info@opranic.com<\/a><\/div>\n[\/vc_column_text][\/vc_column][vc_column width=\u00bb3\/4&#8243;]<style>.vcex-heading.vcex_69f46f70f196f{text-transform:uppercase;}<\/style><h1 class=\"vcex-heading vcex-heading-plain vcex-module wpex-heading wpex-text-2xl vcex_69f46f70f196f\"><span class=\"vcex-heading-inner wpex-inline-block\">Formulario de solicitud de devoluci\u00f3n<\/span><\/h1><div class=\"vcex-spacing wpex-w-100 wpex-clear\" style=\"height:20px;\"><\/div>[vc_column_text]Estimado cliente,<\/p>\n<p>Entendemos que puede haber varias razones para devolver un producto. En Opranic, nos esforzamos por simplificar este proceso de acuerdo con nuestra pol\u00edtica de devoluciones. Para facilitar su devoluci\u00f3n, utilice este formulario para registrar su producto. Rellene los datos necesarios y le guiaremos en los siguientes pasos.<\/p>\n<p>Si hay da\u00f1os en el producto o en el transporte, adjunte una fotograf\u00eda que muestre la zona da\u00f1ada. Esto acelerar\u00e1 la autorizaci\u00f3n de la solicitud de RMA.<\/p>\n<p>Por favor, facilite informaci\u00f3n detallada en los campos siguientes.<\/p>\n<p>Saludos cordiales<br \/>\nOpranic[\/vc_column_text]<div class=\"vcex-shortcode wpex-clr\"><style id=\"wpforms-css-vars-8110\">\n\t\t\t\t#wpforms-8110 {\n\t\t\t\t--wpforms-field-size-input-height: 43px;\n--wpforms-field-size-input-spacing: 15px;\n--wpforms-field-size-font-size: 16px;\n--wpforms-field-size-line-height: 19px;\n--wpforms-field-size-padding-h: 14px;\n--wpforms-field-size-checkbox-size: 16px;\n--wpforms-field-size-sublabel-spacing: 5px;\n--wpforms-field-size-icon-size: 1;\n--wpforms-label-size-font-size: 16px;\n--wpforms-label-size-line-height: 19px;\n--wpforms-label-size-sublabel-font-size: 14px;\n--wpforms-label-size-sublabel-line-height: 17px;\n--wpforms-button-size-font-size: 17px;\n--wpforms-button-size-height: 41px;\n--wpforms-button-size-padding-h: 15px;\n--wpforms-button-size-margin-top: 10px;\n--wpforms-container-shadow-size-box-shadow: none;\n\t\t\t}\n\t\t\t<\/style><div class=\"wpforms-container wpforms-container-full wpforms-render-modern\" id=\"wpforms-8110\"><form id=\"wpforms-form-8110\" class=\"wpforms-validate wpforms-form wpforms-ajax-form\" data-formid=\"8110\" method=\"post\" enctype=\"multipart\/form-data\" action=\"\/es\/wp-json\/wp\/v2\/pages\/8224?wpforms_form_id=8110\" data-token=\"436624d116ad209f0358607fad7d966a\" data-token-time=\"1777626992\"><noscript class=\"wpforms-error-noscript\">Por favor, activa JavaScript en tu navegador para completar este formulario.<\/noscript><div id=\"wpforms-error-noscript\" style=\"display: none;\">Por favor, activa JavaScript en tu navegador para completar este formulario.<\/div><div class=\"wpforms-field-container\">\t\t<div id=\"wpforms-8110-field_6-container\"\n\t\t\tclass=\"wpforms-field wpforms-field-text\"\n\t\t\tdata-field-type=\"text\"\n\t\t\tdata-field-id=\"6\"\n\t\t\t>\n\t\t\t<label class=\"wpforms-field-label\" for=\"wpforms-8110-field_6\" >Comprado Comentarios N\u00famero<\/label>\n\t\t\t<input type=\"text\" id=\"wpforms-8110-field_6\" class=\"wpforms-field-medium\" name=\"wpforms[fields][6]\" >\n\t\t<\/div>\n\t\t<div id=\"wpforms-8110-field_1-container\" class=\"wpforms-field wpforms-field-divider\" data-field-id=\"1\"><h3 id=\"wpforms-8110-field_1\" aria-errormessage=\"wpforms-8110-field_1-error\">Formulario RMA<\/h3><\/div><div id=\"wpforms-8110-field_3-container\" class=\"wpforms-field wpforms-field-name\" data-field-id=\"3\"><fieldset><legend class=\"wpforms-field-label\">Nombre del cliente <span class=\"wpforms-required-label\" aria-hidden=\"true\">*<\/span><\/legend><div class=\"wpforms-field-row wpforms-field-large\"><div class=\"wpforms-field-row-block wpforms-first wpforms-one-half\"><input type=\"text\" id=\"wpforms-8110-field_3\" class=\"wpforms-field-name-first wpforms-field-required\" name=\"wpforms[fields][3][first]\" placeholder=\"por ejemplo, Jane\" aria-errormessage=\"wpforms-8110-field_3-error\" required><label for=\"wpforms-8110-field_3\" class=\"wpforms-field-sublabel after\">Primero<\/label><\/div><div class=\"wpforms-field-row-block wpforms-one-half\"><input type=\"text\" id=\"wpforms-8110-field_3-last\" class=\"wpforms-field-name-last wpforms-field-required\" name=\"wpforms[fields][3][last]\" placeholder=\"Smith\" aria-errormessage=\"wpforms-8110-field_3-last-error\" required><label for=\"wpforms-8110-field_3-last\" class=\"wpforms-field-sublabel after\">\u00daltima<\/label><\/div><\/div><\/fieldset><\/div><div id=\"wpforms-8110-field_2-container\" class=\"wpforms-field wpforms-field-layout\" data-field-id=\"2\"><div class=\"wpforms-field-layout-columns wpforms-field-layout-preset-50-50\"><div class=\"wpforms-layout-column wpforms-layout-column-50\" ><div id=\"wpforms-8110-field_4-container\" class=\"wpforms-field wpforms-field-email\" data-field-id=\"4\"><label class=\"wpforms-field-label\" for=\"wpforms-8110-field_4\">Direcci\u00f3n de correo electr\u00f3nico <span class=\"wpforms-required-label\" aria-hidden=\"true\">*<\/span><\/label><input type=\"email\" id=\"wpforms-8110-field_4\" class=\"wpforms-field-medium wpforms-field-required\" name=\"wpforms[fields][4]\" placeholder=\"Por ejemplo, jane.smith@email.com\" spellcheck=\"false\" aria-errormessage=\"wpforms-8110-field_4-error\" required><\/div><div id=\"wpforms-8110-field_23-container\" class=\"wpforms-field wpforms-field-text\" data-field-id=\"23\"><label class=\"wpforms-field-label\" for=\"wpforms-8110-field_23\">N\u00famero de pedido<\/label><input type=\"text\" id=\"wpforms-8110-field_23\" class=\"wpforms-field-medium\" name=\"wpforms[fields][23]\" aria-errormessage=\"wpforms-8110-field_23-error\" ><\/div><div id=\"wpforms-8110-field_11-container\" class=\"wpforms-field wpforms-field-text\" data-field-id=\"11\"><label class=\"wpforms-field-label\" for=\"wpforms-8110-field_11\">Producto SKU <span class=\"wpforms-required-label\" aria-hidden=\"true\">*<\/span><\/label><input type=\"text\" id=\"wpforms-8110-field_11\" class=\"wpforms-field-medium wpforms-field-required\" name=\"wpforms[fields][11]\" placeholder=\"por ejemplo, P6H900, ECO14T2 ....\" aria-errormessage=\"wpforms-8110-field_11-error\" required><\/div><div id=\"wpforms-8110-field_16-container\" class=\"wpforms-field wpforms-field-select wpforms-field-select-style-classic\" data-field-id=\"16\"><label class=\"wpforms-field-label\" for=\"wpforms-8110-field_16\">Motivo de la devoluci\u00f3n <span class=\"wpforms-required-label\" aria-hidden=\"true\">*<\/span><\/label><select id=\"wpforms-8110-field_16\" class=\"wpforms-field-medium wpforms-field-required\" name=\"wpforms[fields][16]\" required=\"required\"><option value=\"Defectuoso\"  class=\"choice-1 depth-1\"  >Defectuoso<\/option><option value=\"Env\u00edo incorrecto\"  class=\"choice-2 depth-1\"  >Env\u00edo incorrecto<\/option><option value=\"Arrepentirse\"  class=\"choice-3 depth-1\"  >Arrepentirse<\/option><option value=\"Transporte Da\u00f1ado\"  class=\"choice-4 depth-1\"  >Transporte Da\u00f1ado<\/option><option value=\"Insatisfecho con el producto\"  class=\"choice-5 depth-1\"  >Insatisfecho con el producto<\/option><option value=\"Piezas que faltan en el paquete\"  class=\"choice-6 depth-1\"  >Piezas que faltan en el paquete<\/option><option value=\"Otra raz\u00f3n - descr\u00edbala en los comentarios\"  class=\"choice-7 depth-1\"  >Otra raz\u00f3n - descr\u00edbala en los comentarios<\/option><\/select><\/div><div id=\"wpforms-8110-field_18-container\" class=\"wpforms-field wpforms-field-file-upload\" data-field-id=\"18\"><label class=\"wpforms-field-label\" for=\"wpforms-8110-field_18\">Archivos adjuntos<\/label><div\n\t\tclass=\"wpforms-uploader \"\n\t\tdata-field-id=\"18\"\n\t\tdata-form-id=\"8110\"\n\t\tdata-input-name=\"wpforms_8110_18\"\n\t\tdata-extensions=\"jpg,jpeg,jpe,gif,png,bmp,tiff,tif,webp,avif,ico,heic,heif,heics,heifs,asf,asx,wmv,wmx,wm,avi,divx,mov,qt,mpeg,mpg,mpe,mp4,m4v,ogv,webm,mkv,3gp,3gpp,3g2,3gp2,txt,asc,c,cc,h,srt,csv,tsv,ics,rtx,css,vtt,mp3,m4a,m4b,aac,ra,ram,wav,x-wav,ogg,oga,flac,mid,midi,wma,wax,mka,rtf,pdf,class,tar,zip,gz,gzip,rar,7z,psd,xcf,doc,pot,pps,ppt,wri,xla,xls,xlt,xlw,mpp,docx,docm,dotx,dotm,xlsx,xlsm,xlsb,xltx,xltm,xlam,pptx,pptm,ppsx,ppsm,potx,potm,ppam,sldx,sldm,onetoc,onetoc2,onepkg,oxps,xps,odt,odp,ods,odg,odc,odb,odf,wp,wpd,key,numbers,pages\"\n\t\tdata-max-size=\"536870912\"\n\t\tdata-max-file-number=\"4\"\n\t\tdata-post-max-size=\"536870912\"\n\t\tdata-max-parallel-uploads=\"4\"\n\t\tdata-parallel-uploads=\"true\"\n\t\tdata-file-chunk-size=\"2097152\">\n\t<div class=\"dz-message\">\n\t\t<svg  viewBox=\"0 0 640 640\" focusable=\"false\" data-icon=\"inbox\" width=\"50px\" height=\"50px\" fill=\"currentColor\" aria-hidden=\"true\">\n\t\t\t<path d=\"M352 173.3L352 384C352 401.7 337.7 416 320 416C302.3 416 288 401.7 288 384L288 173.3L246.6 214.7C234.1 227.2 213.8 227.2 201.3 214.7C188.8 202.2 188.8 181.9 201.3 169.4L297.3 73.4C309.8 60.9 330.1 60.9 342.6 73.4L438.6 169.4C451.1 181.9 451.1 202.2 438.6 214.7C426.1 227.2 405.8 227.2 393.3 214.7L352 173.3zM320 464C364.2 464 400 428.2 400 384L480 384C515.3 384 544 412.7 544 448L544 480C544 515.3 515.3 544 480 544L160 544C124.7 544 96 515.3 96 480L96 448C96 412.7 124.7 384 160 384L240 384C240 428.2 275.8 464 320 464zM464 488C477.3 488 488 477.3 488 464C488 450.7 477.3 440 464 440C450.7 440 440 450.7 440 464C440 477.3 450.7 488 464 488z\"\/>\n\t\t<\/svg>\n\n\t\t<span class=\"modern-title\">\n\t\t\t\t\t\t\tDrag &amp; Drop Files, \t\t\t\t<span>Choose Files to Upload<\/span>\n\t\t\t\t\t<\/span>\n\n\t\t\t\t\t<span class=\"modern-hint\">Puedes subir hasta 4 archivos.<\/span>\n\t\t\t<\/div>\n<\/div>\n\n<input\n\t\ttype=\"text\"\n\t\tautocomplete=\"off\"\n\t\treadonly\n\t\tclass=\"dropzone-input\"\n\t\tstyle=\"position:absolute!important;clip:rect(0,0,0,0)!important;height:1px!important;width:1px!important;border:0!important;overflow:hidden!important;padding:0!important;margin:0!important;\"\n\t\tid=\"wpforms-8110-field_18\"\n\t\tname=\"wpforms_8110_18\" \t\tvalue=\"\">\n<\/div><\/div><div class=\"wpforms-layout-column wpforms-layout-column-50\" ><div id=\"wpforms-8110-field_5-container\" class=\"wpforms-field wpforms-field-phone\" data-field-id=\"5\"><label class=\"wpforms-field-label\" for=\"wpforms-8110-field_5\">N\u00famero de tel\u00e9fono <span class=\"wpforms-required-label\" aria-hidden=\"true\">*<\/span><\/label><input type=\"tel\" id=\"wpforms-8110-field_5\" class=\"wpforms-field-medium wpforms-field-required wpforms-smart-phone-field\" data-rule-smart-phone-field=\"true\" name=\"wpforms[fields][5]\" aria-label=\"N\u00famero de tel\u00e9fono\" aria-errormessage=\"wpforms-8110-field_5-error\" required><\/div><div id=\"wpforms-8110-field_24-container\" class=\"wpforms-field wpforms-field-text\" data-field-id=\"24\"><label class=\"wpforms-field-label\" for=\"wpforms-8110-field_24\">Comprado en<\/label><input type=\"text\" id=\"wpforms-8110-field_24\" class=\"wpforms-field-medium\" name=\"wpforms[fields][24]\" placeholder=\"Nombre del revendedor\" aria-errormessage=\"wpforms-8110-field_24-error\" ><\/div><div id=\"wpforms-8110-field_13-container\" class=\"wpforms-field wpforms-field-date-time\" data-field-id=\"13\"><label class=\"wpforms-field-label\" for=\"wpforms-8110-field_13\">Fecha de compra <span class=\"wpforms-required-label\" aria-hidden=\"true\">*<\/span><\/label><div class=\"wpforms-datepicker-wrap\"><input type=\"text\" id=\"wpforms-8110-field_13\" class=\"wpforms-field-date-time-date wpforms-datepicker wpforms-field-required wpforms-field-medium\" data-date-format=\"d\/m\/Y\" data-disable-past-dates=\"0\" data-input=\"true\" name=\"wpforms[fields][13][date]\" placeholder=\"MM\/DD\/AA\" aria-errormessage=\"wpforms-8110-field_13-error\" required><a title=\"Borrar fecha\" data-clear role=\"button\" tabindex=\"0\" class=\"wpforms-datepicker-clear\" aria-label=\"Borrar fecha\" style=\"display:none;\"><\/a><\/div><\/div><div id=\"wpforms-8110-field_17-container\" class=\"wpforms-field wpforms-field-text\" data-field-id=\"17\"><label class=\"wpforms-field-label\" for=\"wpforms-8110-field_17\">Describa el problema <span class=\"wpforms-required-label\" aria-hidden=\"true\">*<\/span><\/label><input type=\"text\" id=\"wpforms-8110-field_17\" class=\"wpforms-field-medium wpforms-field-required\" name=\"wpforms[fields][17]\" placeholder=\"p. ej., Lleg\u00f3 con un da\u00f1o de transporte\" aria-errormessage=\"wpforms-8110-field_17-error\" required><\/div><div id=\"wpforms-8110-field_22-container\" class=\"wpforms-field wpforms-field-text\" data-field-id=\"22\"><label class=\"wpforms-field-label\" for=\"wpforms-8110-field_22\">Comentarios adicionales<\/label><input type=\"text\" id=\"wpforms-8110-field_22\" class=\"wpforms-field-medium\" name=\"wpforms[fields][22]\" aria-errormessage=\"wpforms-8110-field_22-error\" ><\/div><\/div><\/div><\/div><script>\n\t\t\t\t( function() {\n\t\t\t\t\tconst style = document.createElement( 'style' );\n\t\t\t\t\tstyle.appendChild( document.createTextNode( '#wpforms-8110-field_6-container { position: absolute !important; overflow: hidden !important; display: inline !important; height: 1px !important; width: 1px !important; z-index: -1000 !important; padding: 0 !important; } #wpforms-8110-field_6-container input { visibility: hidden; } #wpforms-conversational-form-page #wpforms-8110-field_6-container label { counter-increment: none; }' ) );\n\t\t\t\t\tdocument.head.appendChild( style );\n\t\t\t\t\tdocument.currentScript?.remove();\n\t\t\t\t} )();\n\t\t\t<\/script><\/div><!-- .wpforms-field-container --><div class=\"wpforms-recaptcha-container wpforms-is-recaptcha wpforms-is-recaptcha-type-v2\" ><div class=\"g-recaptcha\" data-sitekey=\"6LcFqsssAAAAAJ5CHAKuH1vdKdhDrTWFHXfS-Tu-\"><\/div><input type=\"text\" name=\"g-recaptcha-hidden\" class=\"wpforms-recaptcha-hidden\" style=\"position:absolute!important;clip:rect(0,0,0,0)!important;height:1px!important;width:1px!important;border:0!important;overflow:hidden!important;padding:0!important;margin:0!important;\" data-rule-recaptcha=\"1\"><\/div><div class=\"wpforms-submit-container\" ><input type=\"hidden\" name=\"wpforms[id]\" value=\"8110\"><input type=\"hidden\" name=\"page_title\" value=\"\"><input type=\"hidden\" name=\"page_url\" value=\"https:\/\/opranic.com\/es\/wp-json\/wp\/v2\/pages\/8224\"><input type=\"hidden\" name=\"url_referer\" value=\"\"><button type=\"submit\" name=\"wpforms[submit]\" id=\"wpforms-submit-8110\" class=\"wpforms-submit\" data-alt-text=\"Enviando...\" data-submit-text=\"ENVIAR\" aria-live=\"assertive\" value=\"wpforms-submit\">ENVIAR<\/button><img src=\"https:\/\/opranic.com\/wp-content\/plugins\/wpforms\/assets\/images\/submit-spin.svg\" class=\"wpforms-submit-spinner\" style=\"display: none;\" width=\"26\" height=\"26\" alt=\"Cargando\"><\/div><\/form><\/div>  <!-- .wpforms-container --><\/div>[vc_column_text]Pulsando el bot\u00f3n \u00abENVIAR\u00bb,<br \/>\nAutorizo el tratamiento de mis datos personales[\/vc_column_text][\/vc_column][\/vc_row]\n<\/div>","protected":false},"excerpt":{"rendered":"<p>[vc_row][vc_column width=\u00bb1\/4&#8243;][vc_column_text] NUESTRA DIRECCI\u00d3N Direcci\u00f3n: OPRANIC, BOX 2356, 116 74 Estocolmo Tel: +46 8 559 203 60 Fax: +46 551 165 86 Correo electr\u00f3nico: info@opranic.com [\/vc_column_text][\/vc_column][vc_column width=\u00bb3\/4&#8243;][vc_column_text]Estimado cliente, Entendemos que puede haber varias razones para devolver un producto. En Opranic, nos esforzamos por simplificar este proceso de acuerdo con nuestra pol\u00edtica de devoluciones. Para facilitar&hellip;<\/p>\n","protected":false},"author":1,"featured_media":0,"parent":0,"menu_order":0,"comment_status":"closed","ping_status":"closed","template":"","meta":{"_acf_changed":false,"inline_featured_image":false,"_joinchat":[],"footnotes":""},"class_list":["post-8224","page","type-page","status-publish","hentry","entry","no-media"],"acf":[],"_links":{"self":[{"href":"https:\/\/opranic.com\/es\/wp-json\/wp\/v2\/pages\/8224","targetHints":{"allow":["GET"]}}],"collection":[{"href":"https:\/\/opranic.com\/es\/wp-json\/wp\/v2\/pages"}],"about":[{"href":"https:\/\/opranic.com\/es\/wp-json\/wp\/v2\/types\/page"}],"author":[{"embeddable":true,"href":"https:\/\/opranic.com\/es\/wp-json\/wp\/v2\/users\/1"}],"replies":[{"embeddable":true,"href":"https:\/\/opranic.com\/es\/wp-json\/wp\/v2\/comments?post=8224"}],"version-history":[{"count":0,"href":"https:\/\/opranic.com\/es\/wp-json\/wp\/v2\/pages\/8224\/revisions"}],"wp:attachment":[{"href":"https:\/\/opranic.com\/es\/wp-json\/wp\/v2\/media?parent=8224"}],"curies":[{"name":"wp","href":"https:\/\/api.w.org\/{rel}","templated":true}]}}