{"id":12653,"date":"2024-07-07T19:58:20","date_gmt":"2024-07-07T17:58:20","guid":{"rendered":"https:\/\/opranic.com\/shop\/sin%20categor\u00eda\/opranic-p5-metal-radiadores-infrarrojos-300w-900w\/"},"modified":"2026-04-14T20:50:22","modified_gmt":"2026-04-14T18:50:22","slug":"opranic-p5-metal-radiadores-infrarrojos-300w-900w","status":"publish","type":"product","link":"https:\/\/opranic.com\/es\/shop\/radiadores-infrarrojos-premium\/calefaccion-infrarroja-eficiente\/opranic-p5-metal-radiadores-infrarrojos-300w-900w\/","title":{"rendered":"Radiadores Infrarrojos de metal OPRANIC P5 300 W &#8211; 900 W"},"content":{"rendered":"<div class=\"wpb-content-wrapper\">[vc_row][vc_column][vc_tta_tabs shape=\u00bbsquare\u00bb active_section=\u00bb1&#8243; css=\u00bb.vc_custom_1760386833377{background-color: #FFFFFF00 !important;border-color: #FFFFFF00 !important;}\u00bb][vc_tta_section title=\u00bbDetalles\u00bb tab_id=\u00bb1715058604722-4be8b460-d501&#8243;]<style>.vcex-heading.vcex_69f1bec91ad2c{text-transform:capitalize;}<\/style><h2 class=\"vcex-heading vcex-heading-plain vcex-module wpex-heading wpex-text-2xl vcex_69f1bec91ad2c\"><span class=\"vcex-heading-inner wpex-inline-block\">Caracter\u00edsticas principales del panel calefactor de infrarrojos Opranic P5 metal<\/span><\/h2>[vc_column_text css=\u00bb\u00bb]Los Radiadores Infrarrojos Opranic P5 Metal utilizan tecnolog\u00eda de calefacci\u00f3n infrarroja oscura y alcanzan una alta eficiencia, convirtiendo aproximadamente el 99% de la energ\u00eda el\u00e9ctrica en calor. La serie P5 es un calefactor infrarrojo eficiente para uso interior.  Garantiza una distribuci\u00f3n uniforme del calor y ofrece calidez constante en todo su espacio.<\/p>\n<h3>Caracter\u00edsticas<\/h3>\n<ul>\n<li>Tecnolog\u00eda avanzada: La tecnolog\u00eda de calentamiento por infrarrojos oscuros proporciona un calor uniforme, similar al del sol.<\/li>\n<li><strong>Calefacci\u00f3n eficiente:<\/strong> Aislamiento trasero con un reflector de aluminio que reduce la p\u00e9rdida de calor.<\/li>\n<li><strong>Construcci\u00f3n de alta calidad:<\/strong> Carcasa met\u00e1lica resistente.<\/li>\n<li>Protecci\u00f3n mejorada: Protecci\u00f3n contra sobrecalentamiento y soportes de seguridad.<\/li>\n<li><strong>Dise\u00f1o elegante:<\/strong> Superficie blanca mate sedosa y una profundidad ultradelgada de 2,5 cm para una apariencia moderna.<\/li>\n<li><strong>Instalaci\u00f3n vers\u00e1til:<\/strong> Montaje horizontal o vertical en paredes o techos.<\/li>\n<li>Clasificaci\u00f3n IP44: Seguro para su uso en cuartos de ba\u00f1o, protegido contra salpicaduras de agua.<\/li>\n<li><strong>Seguridad:<\/strong> Protecci\u00f3n contra sobrecalentamiento incorporada para m\u00e1xima seguridad.<\/li>\n<li><strong>Certificaciones:<\/strong> T\u00dcV S\u00fcd, CE, RoHS, REACH y EMC.<\/li>\n<li><strong>Compatibilidad con termostatos:<\/strong> Funciona con termostatos externos.<\/li>\n<li><strong>Garant\u00eda:<\/strong> 5 a\u00f1os de garant\u00eda para la fiabilidad del producto.<\/li>\n<\/ul>\n<h3>Caracter\u00edsticas de dise\u00f1o y seguridad del radiador de infrarrojos Opranic P5<\/h3>\n<p>El Radiador Infrarrojos Met\u00e1lico Opranic P5 tiene un dise\u00f1o de primera calidad con textura blanco-mate. No s\u00f3lo es bonito, sino tambi\u00e9n seguro al tacto. Este calefactor es r\u00e1pido y f\u00e1cil de montar en paredes o techos, lo que proporciona opciones de instalaci\u00f3n vers\u00e1tiles. Incluye protecci\u00f3n contra sobrecalentamiento y sobretensi\u00f3n. Con una clasificaci\u00f3n IP44, es seguro para usar en ba\u00f1os.    <\/p>\n<h3>Compatibilidad y Certificaci\u00f3n del Radiador Infrarrojo Opranic P5<\/h3>\n<p>El panel calefactor de infrarrojos OPRANIC P5 Metal funciona con otros sistemas de termostato y entornos dom\u00e9sticos inteligentes para mayor comodidad y versatilidad. Los paneles calefactores de infrarrojos de pared P5 est\u00e1n certificados por T\u00dcV S\u00fcd, CE, EMC, REACH y RoHS, lo que garantiza la fiabilidad y la durabilidad para un uso a largo plazo. <\/p>\n<h3>Lujo exclusivo con Radiadores Infrarrojos Opranic para el Ba\u00f1o<\/h3>\n<p>Los Radiadores Infrarrojos OPRANIC son ideales para su uso en el ba\u00f1o. Con la tecnolog\u00eda de calefacci\u00f3n por infrarrojos lejanos, los radiadores infrarrojos Opranic proporcionan un calor agradable, similar al del sol, que irradia directamente sobre su cuerpo para una experiencia acogedora. Tambi\u00e9n ayudan a mantener las paredes del ba\u00f1o secas y libres de moho, reduciendo la necesidad de deshumidificaci\u00f3n. La serie P5, con su perfil ultrafino de 2,5 cm y su dise\u00f1o moderno, puede montarse horizontal o verticalmente en la pared o el techo, ahorrando un espacio valioso. Con OPRANIC, obtendr\u00e1 un calor infrarrojo similar al del sol en el ba\u00f1o.    <\/p>\n<p>Los calefactores met\u00e1licos OPRANIC Serie P5 son radiadores de infrarrojos de alta calidad dise\u00f1ados con tecnolog\u00eda de calefacci\u00f3n por infrarrojos oscuros de gran eficacia. Disponibles con potencias de hasta 900 vatios, estos calefactores infrarrojos incorporan una innovadora resistencia y cableado de nanotecnolog\u00eda, ofreciendo aproximadamente un 99 % de eficiencia energ\u00e9tica. Los calefactores infrarrojos OPRANIC Serie P5 presentan una elegante superficie met\u00e1lica blanca con un acabado mate sedoso y una alfombrilla calefactora de alta calidad que proporciona un calor radiante uniforme, similar al del sol. A pesar de su escaso grosor de solo 2,5 cm, ofrecen un rendimiento de calefacci\u00f3n robusto. Los soportes de pared y techo garantizan un montaje seguro. La Serie P5 de OPRANIC cuenta con clasificaci\u00f3n IP44, lo que la hace resistente a salpicaduras de agua y humedad, siendo adecuada para ba\u00f1os.     Con protecci\u00f3n integrada contra sobrecalentamiento e interruptores de seguridad incorporados para evitar que los paneles alcancen temperaturas peligrosas, estos calefactores infrarrojos son seguros y fiables. Son compatibles con hogares inteligentes y cuentan con aislamiento avanzado y una robusta carcasa met\u00e1lica. Cada calefactor infrarrojo est\u00e1 respaldado por una garant\u00eda de 5 a\u00f1os para un rendimiento fiable y duradero.  <\/p>\n<h3>Accesorios opcionales, Patas<\/h3>\n<p>Puede convertir nuestra serie OPRANIC Metal en una unidad de calefacci\u00f3n m\u00f3vil con pies met\u00e1licos. Gracias al sistema de montaje f\u00e1cil de usar, puede desmontar el dispositivo de la pared o el techo y convertirlo en un vers\u00e1til calefactor m\u00f3vil.<br \/>\n[\/vc_column_text]<h2 class=\"vcex-heading vcex-heading-plain vcex-module wpex-heading wpex-text-2xl\"><span class=\"vcex-heading-inner wpex-inline-block\">Especificaciones t\u00e9cnicas<\/span><\/h2>[vc_column_text css=\u00bb\u00bb]\n<ul>\n<li>Potencia calor\u00edfica: Modelos disponibles de 300 W a 900 W para adaptarse a distintos tama\u00f1os de habitaci\u00f3n.<\/li>\n<li>Dimensiones:\n<ul>\n<li>300 vatios: 60 x 40 x 2,5 cm<\/li>\n<li>450 vatios: 60 x 60 x 2,5 cm<\/li>\n<li>700 vatios: 60 x 90 x 2,5 cm<\/li>\n<li>900 vatios: 60 x 120 x 2,5 cm<\/li>\n<\/ul>\n<\/li>\n<li>Superficie de calefacci\u00f3n: Adecuada para habitaciones de 6 m\u00b2 a 20 m\u00b2 seg\u00fan el modelo.<\/li>\n<li>Temperatura de la superficie: Hasta 110\u00b0C.<\/li>\n<li>Temperatura trasera: Aproximadamente de 35 a 45 \u00b0C.<\/li>\n<li>Tipo de calor: Radiaci\u00f3n infrarroja de onda larga C.<\/li>\n<li>Profundidad de montaje: La profundidad total con el soporte es de 5 cm.<\/li>\n<li>Fuente de alimentaci\u00f3n: 230 V \/ 50 Hz con un cable de alimentaci\u00f3n de 1,9 m.<\/li>\n<\/ul>\n<h3>Potencia y peso<\/h3>\n<ul>\n<li>Material: Construcci\u00f3n met\u00e1lica de alta calidad.<\/li>\n<li>Fuente de alimentaci\u00f3n: 230 V \/ 50 Hz con un cable de alimentaci\u00f3n de 1,9 m.<\/li>\n<li>Peso:\n<ul>\n<li>300 vatios: 5,5 kg<\/li>\n<li>450 vatios: 6,9 kg<\/li>\n<li>700 vatios: 8,4 kg<\/li>\n<li>900 vatios: 12,2 kg<\/li>\n<\/ul>\n<\/li>\n<li>Clase de protecci\u00f3n: I<\/li>\n<\/ul>\n<h3>Cobertura de calefacci\u00f3n: Exclusivamente para espacios interiores cerrados<\/h3>\n<ul>\n<li>300 vatios: hasta aproximadamente 8 m\u00b2<\/li>\n<li>450 vatios: hasta aproximadamente 12 m\u00b2<\/li>\n<li>700 vatios: hasta aproximadamente 16 m\u00b2<\/li>\n<li>900 vatios: hasta aproximadamente 20 m\u00b2<\/li>\n<\/ul>\n<p>Las estimaciones de cobertura de calefacci\u00f3n anteriores se basan en mediciones y pruebas realizadas en habitaciones bien aisladas. La cobertura real puede variar debido a factores como la altura del techo, el tama\u00f1o de la habitaci\u00f3n, la calidad del aislamiento, la estructura del edificio y el n\u00famero de paredes externas. <\/p>\n<h3>Tecnolog\u00eda de calefacci\u00f3n<\/h3>\n<ul>\n<li>Filamento calefactor: Tecnolog\u00eda de doble conductor t\u00e9rmico con una disposici\u00f3n serpentina para una distribuci\u00f3n uniforme del calor y sin campos magn\u00e9ticos adicionales. El filamento calefactor se extiende hasta los bordes del panel, garantizando una temperatura superficial uniforme y una radiaci\u00f3n de calor eficaz sin puntos calientes. <\/li>\n<li><strong>Aislamiento trasero:<\/strong> Reflector de aluminio de alta calidad con una capa de aislamiento t\u00e9rmico mineral de 2,5 cm para una reflexi\u00f3n de calor dirigida hacia adelante, minimizando la p\u00e9rdida de energ\u00eda. Este dise\u00f1o es muy eficaz y seguro. <\/li>\n<\/ul>\n<h3>Eficacia de la radiaci\u00f3n<\/h3>\n<p>Nuestros Radiadores Infrarrojos est\u00e1n dise\u00f1ados para una conversi\u00f3n \u00f3ptima de la energ\u00eda, lo que garantiza que una mayor cantidad de energ\u00eda el\u00e9ctrica se convierta directamente en calor. Superan las normas del sector, proporcionando una calefacci\u00f3n eficiente tanto para espacios peque\u00f1os como grandes. Los calefactores infrarrojos OPRANIC ofrecen una distribuci\u00f3n de calor constante con una m\u00ednima p\u00e9rdida de energ\u00eda, lo que se traduce en un ahorro significativo en los costes de calefacci\u00f3n.<\/p>\n<h3>Termostato incorporado y termostato externo<\/h3>\n<p>Para una optimizaci\u00f3n energ\u00e9tica eficiente, recomendamos utilizar calefactores infrarrojos con termostato. El termostato no est\u00e1 incluido en el paquete del producto. La selecci\u00f3n de un termostato adecuado depende de la aplicaci\u00f3n prevista. Los Radiadores Infrarrojos OPRANIC Serie P5 tienen una interfaz abierta, lo que los hace compatibles con cualquier sistema de termostato. Tambi\u00e9n est\u00e1n dise\u00f1ados para integrarse en entornos dom\u00e9sticos inteligentes y son compatibles con termostatos de otros fabricantes.<\/p>\n<h3>Caracter\u00edsticas de seguridad y uso seguro<\/h3>\n<ul>\n<li>Protecci\u00f3n contra sobrecalentamiento: El interruptor de seguridad integrado evita temperaturas peligrosas.<\/li>\n<li>Clasificaci\u00f3n IP44: Protege contra las salpicaduras de agua, apto para el ba\u00f1o.<\/li>\n<li>Distancias de seguridad: Mant\u00e9n una distancia de seguridad de 30 cm por delante y 10 cm por todos los lados, incluso hacia arriba y hacia abajo, respecto a objetos inflamables.<\/li>\n<\/ul>\n<h3>Aplicaciones para el panel calefactor de infrarrojos P5 metal<\/h3>\n<p><strong>\u00c1reas interiores:<\/strong> Ideal para salas de estar, oficinas, ba\u00f1os, dormitorios, cocinas, habitaciones infantiles, lavaderos, s\u00f3tanos y \u00e1ticos, salas de pasatiempos, casas de jard\u00edn, sol\u00e1riums, casas de vacaciones, apartamentos peque\u00f1os, invernaderos y m\u00e1s.<\/p>\n<h3>Instrucciones de montaje<\/h3>\n<p>Adecuado para montaje en pared o techo. Los soportes incluidos en el paquete permiten instalar el calefactor horizontal o verticalmente, lo que proporciona flexibilidad para su espacio.  El paquete incluye un soporte de montaje patentado que garantiza una fijaci\u00f3n segura.<\/p>\n<p>Para instalarlo, fija el soporte al techo o a la pared con los tornillos y tacos suministrados. Luego, deslice el calefactor en su lugar y gire el soporte de seguridad para una instalaci\u00f3n segura y sencilla. Para un rendimiento \u00f3ptimo del calentamiento, recomendamos una distancia m\u00e1xima de 3 a 4 metros de la zona de calentamiento deseada.  <\/p>\n<h3>Contenido de la entrega<\/h3>\n<ul>\n<li>1 x Panel infrarrojo de metal OPRANIC P5<\/li>\n<li>1 x Soporte de montaje patentado<\/li>\n<li>1 x Kit de instalaci\u00f3n (tacos y tornillos)<\/li>\n<li>1 x Manual del usuario<\/li>\n<li>1 x Cable de alimentaci\u00f3n integrado<\/li>\n<\/ul>\n<h3>Datos adicionales<\/h3>\n<ul>\n<li>Color: blanco<\/li>\n<li>Rendimiento: Modelos de 300 W a 900 W<\/li>\n<li>M\u00e1xima eficacia: Aproximadamente el 99% de la energ\u00eda el\u00e9ctrica convertida en potencia t\u00e9rmica<\/li>\n<li>\u00c1rea calefactable: Hasta 20 m\u00b2, seg\u00fan el modelo<\/li>\n<\/ul>\n<p>La serie OPRANIC P5 combina una tecnolog\u00eda de infrarrojos avanzada con un dise\u00f1o elegante para ofrecer una soluci\u00f3n de calefacci\u00f3n eficiente y segura, adecuada para diversas aplicaciones en interiores.<\/p>\n<h2>Reglamento (UE) 2015\/1188<\/h2>\n<p>Consulta el Reglamento de dise\u00f1o ecol\u00f3gico de la UE 2015\/1188. Para operar la calefacci\u00f3n de acuerdo con el Reglamento de la UE n.\u00ba 2015\/1188, utilice un sistema de termostato electr\u00f3nico adicional que tenga detecci\u00f3n de ventana abierta y programaci\u00f3n semanal. Este producto solo es adecuado para habitaciones bien aisladas o para uso ocasional (Reglamento de la UE 2015\/1188 Art\u00edculo 3, Anexo II b) II (2)).  El regulador de temperatura ambiente no forma parte del producto. Como las interfaces son abiertas, puedes utilizar tu propio sistema de termostato o, por ejemplo, nuestro sistema de termostato OT50. [\/vc_column_text][\/vc_tta_section][vc_tta_section title=\u00bbPreguntas frecuentes\u00bb tab_id=\u00bb1715058630675-41822335-92e1&#8243;][vc_row_inner equal_height=\u00bbyes\u00bb remove_bottom_col_margin=\u00bbtrue\u00bb css=\u00bb.vc_custom_1715063689585{padding-top: 30px !important;padding-bottom: 30px !important;}\u00bb el_id=\u00bbfaq\u00bb][vc_column_inner]<style>.vcex-heading.vcex_69f1bec91c746{font-weight:600;text-transform:uppercase;}<\/style><h2 class=\"vcex-heading vcex-heading-plain vcex-module wpex-heading wpex-text-2xl vcex_69f1bec91c746\"><span class=\"vcex-heading-inner wpex-inline-block\">Preguntas Frecuentes - P5 Metal Infrarrojo<\/span><\/h2>[vc_toggle title=\u00bb\u00bfSE PUEDE UTILIZAR EL RADIADOR INFRARROJO DE METAL OPRANIC P5 EN BA\u00d1OS?\u00bb style=\u00bbarrow\u00bb css=\u00bb\u00bb]S\u00ed, el calefactor infrarrojo Opranic P5 Metal para ba\u00f1o tiene clasificaci\u00f3n IP44, lo que lo hace seguro para su uso en ba\u00f1os, ya que est\u00e1 protegido contra salpicaduras de agua. Los calefactores de la Serie P5 no solo a\u00f1aden est\u00e9tica a su ba\u00f1o con su aspecto elegante, sino que tambi\u00e9n proporcionan el confort de lujo de ba\u00f1os c\u00e1lidos, mejorando su experiencia general en el ba\u00f1o.[\/vc_toggle][vc_toggle title=\u00bb\u00bfES EL RADIADOR INFRARROJO DE METAL OPRANIC P5 COMPATIBLE CON SISTEMAS DE HOGAR INTELIGENTE?\u00bb style=\u00bbarrow\u00bb css=\u00bb\u00bb]S\u00ed, el calefactor infrarrojo de metal Opranic P5 es compatible con sistemas de termostato y configuraciones de hogar inteligente. Esta compatibilidad permite integrar el calefactor con diversos dispositivos de hogar inteligente, lo que le permite controlar la temperatura de forma remota a trav\u00e9s de su smartphone o asistentes de voz como Amazon Alexa y Google Home. Puede establecer horarios, monitorear el consumo de energ\u00eda y ajustar configuraciones para un confort \u00f3ptimo y eficiencia energ\u00e9tica, integrando el calefactor de manera fluida en su entorno de hogar inteligente existente.[\/vc_toggle][vc_column_text css=\u00bb\u00bb]Las preguntas frecuentes de todos los productos Opranic se pueden encontrar <a href=\"https:\/\/opranic.com\/knowledge-bank-faq\/\">aqu\u00ed<\/a>.<\/p>\n<p><a href=\"https:\/\/opranic.com\/knowledge-bank-faq\/\">Preguntas frecuentes del banco de conocimientos | Opranic<\/a>[\/vc_column_text][\/vc_column_inner][\/vc_row_inner][\/vc_tta_section][vc_tta_section title=\u00bbMedios\u00bb tab_id=\u00bb1760357335507-d5564118-4f52&#8243;][\/vc_tta_section][\/vc_tta_tabs][\/vc_column][\/vc_row]\n<\/div>","protected":false},"excerpt":{"rendered":"<div class=\"product-description\">\n<p>Disfrute de una calidez instant\u00e1nea y uniforme con el panel calefactor por infrarrojos Opranic P5. Dise\u00f1ado con una carcasa met\u00e1lica duradera y un acabado mate suave, el P5 ofrece un confort silencioso y eficiente para espacios interiores modernos. Su forma limpia y minimalista se integra a la perfecci\u00f3n en cualquier habitaci\u00f3n, mientras que la potente tecnolog\u00eda de infrarrojos garantiza un rendimiento duradero y un ahorro de energ\u00eda.  <\/p>\n<ul class=\"premium-features\">\n<li>Hasta un 99% de eficiencia energ\u00e9tica con el confort de la radiaci\u00f3n infrarroja<\/li>\n<li>Construcci\u00f3n met\u00e1lica duradera con acabado de superficie mate<\/li>\n<li>Funciona con termostatos externos y sistemas dom\u00f3ticos<\/li>\n<li>Certificaci\u00f3n IP44: apto para ba\u00f1os y habitaciones h\u00famedas<\/li>\n<li>Montaje flexible en pared, techo o sobre soporte, horizontal o vertical<\/li>\n<li>Certificado por T\u00dcV S\u00fcd, CE y REACH \u2013 5 a\u00f1os de garant\u00eda<\/li>\n<\/ul>\n<\/div>\n","protected":false},"featured_media":19825,"comment_status":"closed","ping_status":"closed","template":"","meta":{"_acf_changed":false,"inline_featured_image":false,"_joinchat":[]},"product_brand":[],"product_cat":[380,385],"product_tag":[],"class_list":{"0":"post-12653","1":"product","2":"type-product","3":"status-publish","4":"has-post-thumbnail","6":"product_cat-radiadores-infrarrojos-premium","7":"product_cat-calefaccion-infrarroja-eficiente","8":"product_shipping_class-interior","9":"pa_power-w-300-es","10":"pa_power-w-450-es","11":"pa_power-w-700-es","12":"pa_power-w-900-es","13":"entry","14":"has-media","16":"first","17":"instock","18":"sale","19":"featured","20":"taxable","21":"shipping-taxable","22":"purchasable","23":"product-type-variable"},"acf":[],"_links":{"self":[{"href":"https:\/\/opranic.com\/es\/wp-json\/wp\/v2\/product\/12653","targetHints":{"allow":["GET"]}}],"collection":[{"href":"https:\/\/opranic.com\/es\/wp-json\/wp\/v2\/product"}],"about":[{"href":"https:\/\/opranic.com\/es\/wp-json\/wp\/v2\/types\/product"}],"replies":[{"embeddable":true,"href":"https:\/\/opranic.com\/es\/wp-json\/wp\/v2\/comments?post=12653"}],"wp:featuredmedia":[{"embeddable":true,"href":"https:\/\/opranic.com\/es\/wp-json\/wp\/v2\/media\/19825"}],"wp:attachment":[{"href":"https:\/\/opranic.com\/es\/wp-json\/wp\/v2\/media?parent=12653"}],"wp:term":[{"taxonomy":"product_brand","embeddable":true,"href":"https:\/\/opranic.com\/es\/wp-json\/wp\/v2\/product_brand?post=12653"},{"taxonomy":"product_cat","embeddable":true,"href":"https:\/\/opranic.com\/es\/wp-json\/wp\/v2\/product_cat?post=12653"},{"taxonomy":"product_tag","embeddable":true,"href":"https:\/\/opranic.com\/es\/wp-json\/wp\/v2\/product_tag?post=12653"}],"curies":[{"name":"wp","href":"https:\/\/api.w.org\/{rel}","templated":true}]}}