{"id":12667,"date":"2024-06-16T10:35:08","date_gmt":"2024-06-16T08:35:08","guid":{"rendered":"https:\/\/opranic.com\/shop\/sin%20categor\u00eda\/opranic-nova-v50r-calefactor-de-terraza-2300w-ir-x-negro-carbon-ip65-mando-a-distancia-temporizador\/"},"modified":"2026-04-16T16:28:55","modified_gmt":"2026-04-16T14:28:55","slug":"opranic-nova-v50r-calefactor-de-terraza-2300w-ir-x-negro-carbon-ip65-mando-a-distancia-temporizador","status":"publish","type":"product","link":"https:\/\/opranic.com\/es\/shop\/calentadores-de-patio\/v50-nova-es\/opranic-nova-v50r-calefactor-de-terraza-2300w-ir-x-negro-carbon-ip65-mando-a-distancia-temporizador\/","title":{"rendered":"OPRANIC NOVA V50R Calefactor de terraza 2300 W, IR-X Carbon Black, IP65, Mando a distancia, Temporizador"},"content":{"rendered":"<div class=\"wpb-content-wrapper\">[vc_row][vc_column][vc_tta_tabs style=\u00bbtotal_3&#8243; active_section=\u00bb1&#8243;][vc_tta_section title=\u00bbDetalles\u00bb tab_id=\u00bb1715058604722-4be8b460-d501&#8243;][vc_row_inner][vc_column_inner]<h2 class=\"vcex-heading vcex-heading-plain vcex-module wpex-heading wpex-text-2xl\"><span class=\"vcex-heading-inner wpex-inline-block\">Calefactor de infrarrojos de pared o techo NOVA V50R<\/span><\/h2>[vc_column_text css=\u00bb.vc_custom_1761069958089{margin-top: 30px !important;}\u00bb]\n<div class=\"wpb_text_column wpb_content_element section-margin\">\n<div class=\"wpb_wrapper\">\n<p>Hemos dise\u00f1ado el calefactor de terraza Opranic NOVA V50R para mejorar tus espacios exteriores con un rendimiento fiable y un dise\u00f1o elegante. Utiliza la eficaz tecnolog\u00eda IR-X Carbon Black para ofrecer un rendimiento de calefacci\u00f3n s\u00f3lido y eficiente, lo que lo convierte en una excelente opci\u00f3n para la calefacci\u00f3n exterior moderna.<\/p>\n<h2>Caracter\u00edsticas de dise\u00f1o y seguridad<\/h2>\n<p>El cuerpo aerodin\u00e1mico y duradero del calefactor de patio con control remoto Opranic NOVA V50R garantiza un rendimiento duradero. Su construcci\u00f3n cuenta con aluminio anodizado robusto en acabados de alta temperatura. Los materiales son a prueba de \u00f3xido, lo que garantiza que el calefactor mantenga su calidad y rendimiento con el tiempo.  <\/p>\n<h2>Funcionalidad y control<\/h2>\n<p>Puede instalar el calefactor de patio con control remoto de varias maneras para que se adapte perfectamente a su espacio. Las siguientes son sus opciones: <\/p>\n<ul>\n<li>Montaje en techo para calor directo hacia abajo<\/li>\n<li>Montaje mural en cualquier direcci\u00f3n para un uso flexible<\/li>\n<li>Instalaci\u00f3n de toldos para calentar una zona concreta<\/li>\n<\/ul>\n<p>Esta flexibilidad garantiza que puedas disfrutar de un calor \u00f3ptimo donde m\u00e1s lo necesites.<\/p>\n<h2>Versatilidad y comodidad<\/h2>\n<p>El Opranic NOVA V50R, un fiable calefactor de patio con control remoto, ofrece caracter\u00edsticas eficientes, seguras y vers\u00e1tiles, lo que lo convierte en una opci\u00f3n perfecta para cualquiera que busque disfrutar de sus espacios exteriores en temperaturas m\u00e1s fr\u00edas. Experimente una comodidad y un estilo fiables con el Opranic NOVA V50R, un calefactor dise\u00f1ado para satisfacer sus necesidades de forma eficaz y elegante. <\/p>\n<h3>Ventajas de un calefactor de pared\/techo:<\/h3>\n<ul>\n<li>Calor acogedor desde arriba como en los restaurantes al aire libre<\/li>\n<li>Montaje flexible, alineaci\u00f3n ideal y calor agradablemente constante en su zona de estar<\/li>\n<li>Control remoto con apagado autom\u00e1tico para un f\u00e1cil manejo.<\/li>\n<\/ul>\n<h3>Control:<\/h3>\n<ul>\n<li>Mando a distancia<\/li>\n<li>Temporizador de apagado autom\u00e1tico de 1 a 9 horas<\/li>\n<li>Potencia calor\u00edfica: m\u00e1x. 2300 vatios <\/li>\n<li>5 niveles de potencia: 900 W, 1200 W, 1600 W, 1900 W y 2300 W<\/li>\n<\/ul>\n<h3>Dise\u00f1o:<\/h3>\n<ul>\n<li>Dise\u00f1o moderno, delgado y elegante<\/li>\n<li>Cuerpo moderno y delgado de aluminio anodizado en color champ\u00e1n<\/li>\n<li>Dimensiones (alto x ancho x profundidad): 19,5 x 91,5 x 9 cm<\/li>\n<\/ul>\n<h3>Tecnolog\u00eda de calefacci\u00f3n:<\/h3>\n<ul>\n<li>El elemento principal: Tecnolog\u00eda IR-X Carbon Black, Arranque r\u00e1pido en 3-5 segundos, M\u00e1xima absorci\u00f3n para humanos con 2,3 \u00b5m<\/li>\n<li>Radiaci\u00f3n infrarroja de onda media, convierte el 96% en calor radiante y el 2-3% en luz (luz ultrabaja), vida \u00fatil de hasta: 8.000 horas<\/li>\n<li>Reflector: reflector parab\u00f3lico enfocado con reflejo de alto brillo, reflectores laterales de acero inoxidable de alto brillo.<\/li>\n<\/ul>\n<h3>Protecci\u00f3n IP:<\/h3>\n<ul>\n<li>Protecci\u00f3n contra el agua IP65 para uso durante todo el a\u00f1o en condiciones clim\u00e1ticas adversas<\/li>\n<li>Adecuado para uso en exteriores, terrazas, restaurantes al aire libre<\/li>\n<\/ul>\n<h3>\u00c1reas de aplicaci\u00f3n:<\/h3>\n<ul>\n<li>\u00c1reas al aire libre, balcones, terrazas, patios traseros, \u00e1reas de asientos al aire libre, camping, invernaderos abiertos, establecimientos de catering al aire libre, \u00e1reas de asientos al aire libre y \u00e1reas interiores como garajes, s\u00f3tanos, casas de verano y caba\u00f1as de invierno.<\/li>\n<\/ul>\n<h3>\u00c1rea de calefacci\u00f3n:<\/h3>\n<ul>\n<li>\u00c1reas protegidas del viento con una temperatura ambiente de m\u00edn. 10 \u00baC: hasta 15-25 m\u00b2<\/li>\n<li>Exteriores: 7-15 m\u00b2, dependiendo de la temperatura exterior y las condiciones de viento<\/li>\n<\/ul>\n<h3>Instalaci\u00f3n:<\/h3>\n<ul>\n<li>Incluye soportes de montaje de 2 piezas con ancho de instalaci\u00f3n ajustable. <\/li>\n<li>\u00c1ngulo ajustable.<\/li>\n<li>Para montaje en pared y techo o perfiles met\u00e1licos, etc.<\/li>\n<li>Posicionamiento de montaje recomendado en la pared: 1,8 &#8211; 2,2 metros del suelo, inclinado 30-50\u00b0.<\/li>\n<\/ul>\n<h3>Carga actual y fusible:<\/h3>\n<ul>\n<li>Una l\u00ednea el\u00e9ctrica dom\u00e9stica est\u00e1ndar ofrece aprox. 3,5 kW a 16 amperios o aprox. 2,3 kW a 10 amperios.   <\/li>\n<li>Un calefactor con una potencia de 2300 vatios = 2,3 kW (requiere un fusible de m\u00edn. 10 amperios)<\/li>\n<\/ul>\n<h3>Distancia de seguridad a materiales inflamables:<\/h3>\n<ul>\n<li>Distancia de montaje en la pared a la pared\/techo lateral: 40\/20 cm<\/li>\n<li>Hacia el frente: 100 cm<\/li>\n<li>Hacia los lados: 40 cm<\/li>\n<li>Montado en el techo: 10 cm (la altura de los soportes de montaje)<\/li>\n<\/ul>\n<h3>Costes de calefacci\u00f3n:<\/h3>\n<p>A un precio medio de la electricidad de 10 c\u00e9ntimos por kWh: 0,1 \u20ac * 2,3 kW \u2248 0,23 \u20ac por hora<br \/>\n<em>* Se aplica al nivel de calefacci\u00f3n m\u00e1s alto. Si se selecciona una potencia inferior, los costes resultantes son menores. <\/em><\/p>\n<\/div>\n<\/div>\n[\/vc_column_text]<h2 class=\"vcex-heading vcex-heading-plain vcex-module wpex-heading wpex-text-2xl\"><span class=\"vcex-heading-inner wpex-inline-block\">Especificaciones t\u00e9cnicas<\/span><\/h2>[vc_column_text css=\u00bb\u00bb]\n<ul>\n<li>Producto: OPRANIC NOVA V50R &#8211; calefactor el\u00e9ctrico de exterior<\/li>\n<li>Tecnolog\u00eda infrarroja: IR-X Carbon Black<\/li>\n<li>Color: Champ\u00e1n<\/li>\n<li>Material: Aluminio anodizado s\u00f3lido, con pl\u00e1sticos laterales reforzados con fibra de vidrio<\/li>\n<li>Voltaje: 230 V CA ~ 50 Hz<\/li>\n<li>Potencia total: 2300 vatios<\/li>\n<li>5 ajustes de calor: 900 vatios | 1200 vatios | 1600 vatios | 1900 vatios y 2300 vatios<\/li>\n<li>Pantalla LCD: s\u00ed<\/li>\n<li>Temporizador de apagado autom\u00e1tico: s\u00ed (9 horas)<\/li>\n<li>Enchufe: Enchufe schuko tipo F (est\u00e1ndar de la UE)<\/li>\n<li>Para una conexi\u00f3n permanente a la red el\u00e9ctrica, el enchufe debe ser desconectado por un profesional cualificado. La garant\u00eda seguir\u00e1 siendo v\u00e1lida. <\/li>\n<li>Longitud del cable: 1,9 m<\/li>\n<li>Mando a distancia: s\u00ed, infrarrojo de larga distancia<\/li>\n<li>Funciones del mando a distancia: Encendido, apagado (en espera), selecci\u00f3n de niveles de calor, potencia m\u00e1xima, temporizador.<\/li>\n<li>Dimensiones (alto x ancho x profundidad): 19,5 x 91,5 x 9 cm<\/li>\n<li>Peso: 3,2 kg<\/li>\n<li>Clase de protecci\u00f3n: IP65 (protegido contra la lluvia, chorros de agua, polvo)<\/li>\n<li>Montaje: Soportes de dos piezas para instalaci\u00f3n en pared\/techo.<\/li>\n<li>Tipo de radiaci\u00f3n infrarroja: M\u00e1xima absorci\u00f3n para humanos con radiaci\u00f3n infrarroja de onda media de 2,3 \u00b5m<\/li>\n<li>\u00c1rea de calefacci\u00f3n: m\u00e1x. 7-15 m\u00b2 en exteriores, hasta 25-30 m\u00b2 en \u00e1reas protegidas del viento <\/li>\n<li>Pilas del mando a distancia: 2 x AAA (incluidas en la entrega)<\/li>\n<\/ul>\n<h3>Contenido de la entrega<\/h3>\n<ul>\n<li>1 x Calefactor el\u00e9ctrico para exteriores NOVA V50R<\/li>\n<li>2 x Soportes de montaje de dos piezas<\/li>\n<li>1 x Equipo de montaje (tornillos)<\/li>\n<li>1 x Mando a distancia (pilas incluidas)<\/li>\n<li>1 x Manual de usuario<\/li>\n<\/ul>\n[\/vc_column_text][\/vc_column_inner][\/vc_row_inner][\/vc_tta_section][vc_tta_section title=\u00bbPreguntas frecuentes\u00bb tab_id=\u00bb1715058630675-41822335-92e1&#8243;][vc_row_inner equal_height=\u00bbyes\u00bb remove_bottom_col_margin=\u00bbtrue\u00bb css=\u00bb.vc_custom_1715063689585{padding-top: 30px !important;padding-bottom: 30px !important;}\u00bb el_id=\u00bbfaq\u00bb][vc_column_inner]<style>.vcex-heading.vcex_69f9d7298efa0{font-size:32px;text-transform:uppercase;}<\/style><h2 class=\"vcex-heading vcex-heading-plain vcex-module wpex-heading wpex-text-2xl vcex_69f9d7298efa0\"><span class=\"vcex-heading-inner wpex-inline-block\">Preguntas frecuentes<\/span><\/h2>[vc_column_text css=\u00bb\u00bb]Las preguntas frecuentes de todos los productos Opranic se pueden encontrar <a href=\"https:\/\/opranic.com\/knowledge-bank-faq\/\">aqu\u00ed<\/a>.<\/p>\n<p><a href=\"https:\/\/opranic.com\/knowledge-bank-faq\/\">Preguntas frecuentes del banco de conocimientos | Opranic<\/a>[\/vc_column_text]<div class=\"vcex-module vcex-divider vcex-divider-solid vcex-divider-center wpex-mx-auto wpex-block wpex-h-0 wpex-border-b wpex-border-solid wpex-border-main\"><\/div>[\/vc_column_inner][\/vc_row_inner][\/vc_tta_section][vc_tta_section title=\u00bbD\u00f3nde comprar\u00bb tab_id=\u00bb1774800383448-fdc70b06-a580&#8243;][vc_raw_html css=\u00bb\u00bb]W29wcmFuaWNfd2hlcmV0b2J1eV90YWJd[\/vc_raw_html]<div class=\"vcex-module vcex-divider vcex-divider-solid vcex-divider-center wpex-mx-auto wpex-block wpex-h-0 wpex-border-b wpex-border-solid wpex-border-main\"><\/div>[vc_raw_html css=\u00bb\u00bb]W29wcmFuaWNfaW5zdGFsbGVyX3RhYl0=[\/vc_raw_html][\/vc_tta_section][vc_tta_section title=\u00bbRese\u00f1as\u00bb tab_id=\u00bb1776349479313-c8153b52-16bf\u00bb][vc_raw_html css=\u00bb\u00bb]W2xpcHNjb3JlLXJldmlld3Nd[\/vc_raw_html][\/vc_tta_section][\/vc_tta_tabs][\/vc_column][\/vc_row]\n<\/div>","protected":false},"excerpt":{"rendered":"<div class=\"product-description\">Disfrute de un calor potente, similar al del sol, con el calefactor infrarrojo para terraza Opranic NOVA V50R.<br \/>\nDise\u00f1ado para ofrecer estilo y durabilidad, su carcasa de aluminio anodizado y la avanzada tecnolog\u00eda de carbono IR-X<br \/>\n proporcionan calor instant\u00e1neo y uniforme para disfrutar del exterior durante todo el a\u00f1o. Perfecto<br \/>\npara terrazas, cafeter\u00edas y balcones que buscan una calefacci\u00f3n eficiente con un control moderno. <\/p>\n<ul class=\"premium-features\">\n<li>Tecnolog\u00eda de infrarrojos de carbono IR-X de 2300 W para un calor profundo y confortable<\/li>\n<li>Calor instant\u00e1neo sin tiempo de calentamiento<\/li>\n<li>Clasificaci\u00f3n IP65: totalmente resistente a la intemperie para uso en exteriores<\/li>\n<li>Mando a distancia con 5 niveles de potencia y funci\u00f3n de temporizador<\/li>\n<li>Dise\u00f1o duradero de aluminio con 2 a\u00f1os de garant\u00eda<\/li>\n<\/ul>\n<\/div>\n","protected":false},"featured_media":20204,"comment_status":"open","ping_status":"closed","template":"","meta":{"_acf_changed":false,"inline_featured_image":false,"_joinchat":[]},"product_brand":[],"product_cat":[393,656],"product_tag":[685,684,686,683],"class_list":{"0":"post-12667","1":"product","2":"type-product","3":"status-publish","4":"has-post-thumbnail","6":"product_cat-calentadores-de-patio","7":"product_cat-v50-nova-es","8":"product_tag-eco23r-es","9":"product_tag-nova23r-es","10":"product_tag-opranic-nova-es","11":"product_tag-opranic-nova-calentador-infrarrojo","12":"entry","13":"has-media","15":"first","16":"instock","17":"taxable","18":"shipping-taxable","19":"purchasable","20":"product-type-simple"},"acf":[],"_links":{"self":[{"href":"https:\/\/opranic.com\/es\/wp-json\/wp\/v2\/product\/12667","targetHints":{"allow":["GET"]}}],"collection":[{"href":"https:\/\/opranic.com\/es\/wp-json\/wp\/v2\/product"}],"about":[{"href":"https:\/\/opranic.com\/es\/wp-json\/wp\/v2\/types\/product"}],"replies":[{"embeddable":true,"href":"https:\/\/opranic.com\/es\/wp-json\/wp\/v2\/comments?post=12667"}],"wp:featuredmedia":[{"embeddable":true,"href":"https:\/\/opranic.com\/es\/wp-json\/wp\/v2\/media\/20204"}],"wp:attachment":[{"href":"https:\/\/opranic.com\/es\/wp-json\/wp\/v2\/media?parent=12667"}],"wp:term":[{"taxonomy":"product_brand","embeddable":true,"href":"https:\/\/opranic.com\/es\/wp-json\/wp\/v2\/product_brand?post=12667"},{"taxonomy":"product_cat","embeddable":true,"href":"https:\/\/opranic.com\/es\/wp-json\/wp\/v2\/product_cat?post=12667"},{"taxonomy":"product_tag","embeddable":true,"href":"https:\/\/opranic.com\/es\/wp-json\/wp\/v2\/product_tag?post=12667"}],"curies":[{"name":"wp","href":"https:\/\/api.w.org\/{rel}","templated":true}]}}