{"id":12742,"date":"2024-07-10T20:29:47","date_gmt":"2024-07-10T18:29:47","guid":{"rendered":"https:\/\/opranic.com\/shop\/sin%20categor\u00eda\/opranic-p6-hibrido-radiadores-infrarrojos\/"},"modified":"2026-03-31T09:25:09","modified_gmt":"2026-03-31T07:25:09","slug":"opranic-p6-hibrido-radiadores-infrarrojos","status":"publish","type":"product","link":"https:\/\/opranic.com\/es\/shop\/radiadores-infrarrojos-premium\/radiador-infrarrojo-hibrido-opranic\/opranic-p6-hibrido-radiadores-infrarrojos\/","title":{"rendered":"Radiadores Infrarrojos h\u00edbridos OPRANIC P6 550 W &#8211; 900 W"},"content":{"rendered":"<div class=\"wpb-content-wrapper\">[vc_row][vc_column][vc_tta_tabs shape=\u00bbsquare\u00bb active_section=\u00bb1&#8243; css=\u00bb.vc_custom_1760386833377{background-color: #FFFFFF00 !important;border-color: #FFFFFF00 !important;}\u00bb][vc_tta_section title=\u00bbDetalles\u00bb tab_id=\u00bb1715058604722-4be8b460-d501&#8243;]<style>.vcex-heading.vcex_69f2998c7e9a7{font-weight:600;text-transform:uppercase;}<\/style><h2 class=\"vcex-heading vcex-heading-plain vcex-module wpex-heading wpex-text-2xl vcex_69f2998c7e9a7\"><span class=\"vcex-heading-inner wpex-inline-block\">Radiadores Infrarrojos H\u00edbridos Opranic P6 - Caracter\u00edsticas principales<\/span><\/h2>[vc_column_text css=\u00bb.vc_custom_1725984920864{padding-bottom: 30px !important;}\u00bb]La serie OPRANIC Hybrid P6 ofrece calefacci\u00f3n energ\u00e9ticamente eficiente gracias a su innovadora tecnolog\u00eda h\u00edbrida dual, que combina calefacci\u00f3n por infrarrojos y por convecci\u00f3n. El calefactor infrarrojo emite ondas radiantes directas, similares al sol, mientras que la calefacci\u00f3n por convecci\u00f3n se genera mediante la circulaci\u00f3n de aire caliente en el interior de la carcasa abierta del panel. Este enfoque dual mejora la eficiencia al garantizar una distribuci\u00f3n completa del calor por toda la estancia.  <\/p>\n<p>La serie OPRANIC Hybrid P6 est\u00e1 disponible en 550 W y 900 W. La eficiencia energ\u00e9tica se logra gracias a una resistencia desarrollada internamente y al cableado de hilo de silicio con nanotecnolog\u00eda. Las resistencias t\u00e9rmicas se extienden completamente hasta los bordes del calefactor, garantizando una distribuci\u00f3n uniforme del calor sin puntos calientes. La serie OPRANIC Hybrid convierte aproximadamente el 99 % de la energ\u00eda el\u00e9ctrica en energ\u00eda t\u00e9rmica, ofreciendo la m\u00e1xima eficiencia energ\u00e9tica, con una capacidad de temperatura superficial de hasta 110 \u00b0C.   <\/p>\n<p>El radiador infrarrojo P6 est\u00e1 equipado con un termostato integrado, un termostato mec\u00e1nico que le permite ajustar la temperatura de la superficie del radiador, con control continuo. Los radiadores infrarrojos h\u00edbridos P6 son finos, con 4 cm de profundidad, y est\u00e1n fabricados con una carcasa met\u00e1lica de alta calidad, que aporta durabilidad y un elegante acabado blanco. <\/p>\n<p>El sistema de montaje especialmente dise\u00f1ado incluye un mecanismo de bloqueo de seguridad para una instalaci\u00f3n horizontal segura en pared. La serie OPRANIC P6 cuenta con clasificaci\u00f3n de seguridad IP24, lo que la hace segura para su uso en ba\u00f1os con protecci\u00f3n contra salpicaduras de agua, e incluye protecci\u00f3n integrada contra sobrecalentamiento y sobretensi\u00f3n. Certificada seg\u00fan las normas CE, EMC, REACH y RoHS, incluye una garant\u00eda de 3 a\u00f1os.[\/vc_column_text]<h3 class=\"vcex-heading vcex-heading-plain vcex-module wpex-heading wpex-text-2xl\"><span class=\"vcex-heading-inner wpex-inline-block\">H\u00e1galo port\u00e1til o util\u00edcelo en el ba\u00f1o como calentador de toallas.<\/span><\/h3>[vc_column_text css=\u00bb.vc_custom_1725984912798{padding-bottom: 30px !important;}\u00bb]\n<div class=\"wpb_text_column wpb_content_element vc_custom_1725955535196\">\n<div class=\"wpb_wrapper\">\n<p>La serie Hybrid P6 puede ser independiente y m\u00f3vil, con patas de apoyo opcionales para un uso sencillo en cualquier lugar. La serie tambi\u00e9n es compatible con otros sistemas de termostato enchufables y puede integrarse en entornos de hogar inteligente para mayor comodidad. La serie OPRANIC Hybrid P6 garantiza una calefacci\u00f3n eficiente e independiente all\u00ed donde se necesite.  <\/p>\n<p>Puede convertir nuestra serie OPRANIC Metal en un radiador m\u00f3vil con patas de soporte met\u00e1licas. Gracias a su sistema de soportes de montaje f\u00e1cil de usar, puede retirar el dispositivo de la pared o del techo y convertirlo en un vers\u00e1til radiador m\u00f3vil. <\/p>\n<p>Los Radiadores Infrarrojos Opranic son los radiadores ideales para el ba\u00f1o de su hogar, transformando ba\u00f1os fr\u00edos en espacios c\u00e1lidos y acogedores. Estos radiadores proporcionan un calor eficiente y confortable, convirti\u00e9ndose en un imprescindible en su rutina diaria. Nuestros radiadores infrarrojos para ba\u00f1o ofrecen un calor radiante intenso con la m\u00e1xima eficiencia energ\u00e9tica, gracias a la avanzada tecnolog\u00eda de infrarrojo oscuro. Dise\u00f1ados como la calefacci\u00f3n por infrarrojos perfecta para el ba\u00f1o, estos radiadores son resistentes a las salpicaduras, garantizando la seguridad en entornos h\u00famedos. Con dise\u00f1os elegantes y una construcci\u00f3n duradera, nuestros Radiadores Infrarrojos son la mejora ideal para su rutina matinal, aportando confort duradero y estilo en cualquier ba\u00f1o.    <\/p>\n<\/div>\n<\/div>\n[\/vc_column_text]<h3 class=\"vcex-heading vcex-heading-plain vcex-module wpex-heading wpex-text-2xl\"><span class=\"vcex-heading-inner wpex-inline-block\">Caracter\u00edsticas principales<\/span><\/h3>[vc_column_text css=\u00bb.vc_custom_1725984928339{padding-bottom: 30px !important;}\u00bb]\n<ul>\n<li>Tecnolog\u00eda h\u00edbrida dual: Combina el calentamiento por infrarrojos y convecci\u00f3n para mejorar la eficiencia energ\u00e9tica y el rendimiento. Calefacci\u00f3n por infrarrojos oscuros. <\/li>\n<li>Eficiencia energ\u00e9tica: Convierte aproximadamente el 99% de la energ\u00eda el\u00e9ctrica en energ\u00eda t\u00e9rmica mediante una resistencia avanzada y un hilo de silicio nanotecnol\u00f3gico.<\/li>\n<li>Distribuci\u00f3n Uniforme del Calor: las resistencias de calor se extienden hasta los bordes, evitando puntos calientes.<\/li>\n<li>Construcci\u00f3n de alta calidad: Fabricada con una carcasa met\u00e1lica duradera, con un perfil delgado de 4 cm de profundidad y una superficie blanca mate como la seda.<\/li>\n<li>Protecci\u00f3n mejorada: Protecci\u00f3n contra sobrecalentamiento y soportes de seguridad para una instalaci\u00f3n segura.<\/li>\n<li>Dise\u00f1o Elegante: Superficie blanca mate sedosa y carcasa delgada de 4 cm para un aspecto moderno.<\/li>\n<li>Certificaciones: Certificado por CE, RoHS, REACH y EMC. Termostato Integrado y Compatibilidad.<\/li>\n<li>Termostato mec\u00e1nico integrado y compatibilidad con sistemas de hogar inteligente.<\/li>\n<li>Movilidad opcional: Puede convertirse en un calefactor m\u00f3vil con patas de pie opcionales.<\/li>\n<li>Garant\u00eda: Fiabilidad asegurada con una garant\u00eda de 3 a\u00f1os.<\/li>\n<\/ul>\n[\/vc_column_text]<h3 class=\"vcex-heading vcex-heading-plain vcex-module wpex-heading wpex-text-2xl\"><span class=\"vcex-heading-inner wpex-inline-block\">Rendimiento<\/span><\/h3>[vc_column_text css=\u00bb.vc_custom_1725984936701{padding-bottom: 30px !important;}\u00bb]\n<ul>\n<li>Potencia de calefacci\u00f3n: Disponible en niveles de potencia de 550W y 900W.<\/li>\n<li> Dimensiones:\n<ul>\n<li>550 vatios: 60 x 60 x 4 cm<\/li>\n<li>900 vatios: 100 x 60 x 4 cm<\/li>\n<\/ul>\n<\/li>\n<li>Superficie de calefacci\u00f3n: Hasta 22 m\u00b2 seg\u00fan el modelo.<\/li>\n<li>Temperatura uniforme de la superficie: 90 &#8211; 110\u00b0C.<\/li>\n<li>Temperatura trasera: Aproximadamente 35 &#8211; 45\u00b0C.<\/li>\n<li>Tipo de calor: Radiaci\u00f3n infrarroja de onda larga C.<\/li>\n<li>Profundidad de Montaje: La profundidad total con el soporte es de 5,3 cm.<\/li>\n<li>Fuente de alimentaci\u00f3n: 230 V \/ 50 Hz con un cable de alimentaci\u00f3n de 1,7 m.<\/li>\n<\/ul>\n[\/vc_column_text]<h3 class=\"vcex-heading vcex-heading-plain vcex-module wpex-heading wpex-text-2xl\"><span class=\"vcex-heading-inner wpex-inline-block\">Especificaciones t\u00e9cnicas<\/span><\/h3>[vc_column_text css=\u00bb.vc_custom_1725984946609{padding-bottom: 30px !important;}\u00bb]\n<ul>\n<li>Material: Construcci\u00f3n de metal de alta calidad. Suministro de Energ\u00eda: 230V \/ 50Hz con un cable de alimentaci\u00f3n de 1,9 m.<\/li>\n<li>Peso:\n<ul>\n<li>550 vatios: 7 kg<\/li>\n<li>900 vatios: 11 kg<\/li>\n<\/ul>\n<\/li>\n<li>Clase de protecci\u00f3n: I<\/li>\n<\/ul>\n[\/vc_column_text]<h3 class=\"vcex-heading vcex-heading-plain vcex-module wpex-heading wpex-text-2xl\"><span class=\"vcex-heading-inner wpex-inline-block\">Cobertura de calefacci\u00f3n: Exclusivamente para espacios interiores cerrados<\/span><\/h3>[vc_column_text css=\u00bb.vc_custom_1725984956389{padding-bottom: 30px !important;}\u00bb]\n<ul>\n<li>550 vatios: hasta aproximadamente 14 m\u00b2<\/li>\n<li>900 vatios: hasta aproximadamente 22 m\u00b2<\/li>\n<\/ul>\n<p>Las estimaciones de cobertura de calefacci\u00f3n anteriores se basan en mediciones y pruebas realizadas en habitaciones bien aisladas. La cobertura real del \u00e1rea de calefacci\u00f3n puede variar debido a factores como la altura del techo, el tama\u00f1o de la habitaci\u00f3n, la calidad del aislamiento, la estructura del edificio y el n\u00famero de paredes exteriores.[\/vc_column_text]<h3 class=\"vcex-heading vcex-heading-plain vcex-module wpex-heading wpex-text-2xl\"><span class=\"vcex-heading-inner wpex-inline-block\">Tecnolog\u00eda de calefacci\u00f3n<\/span><\/h3>[vc_column_text css=\u00bb.vc_custom_1725984967504{padding-bottom: 30px !important;}\u00bb]Filamento calefactor: Tecnolog\u00eda de doble conductor t\u00e9rmico con una disposici\u00f3n serpentina para una distribuci\u00f3n uniforme del calor y sin campos magn\u00e9ticos adicionales. El filamento calefactor se extiende hasta los bordes del panel, garantizando una temperatura superficial uniforme y una radiaci\u00f3n de calor eficaz sin puntos calientes.[\/vc_column_text]<h3 class=\"vcex-heading vcex-heading-plain vcex-module wpex-heading wpex-text-2xl\"><span class=\"vcex-heading-inner wpex-inline-block\">Eficacia de la radiaci\u00f3n<\/span><\/h3>[vc_column_text css=\u00bb.vc_custom_1725984976211{padding-bottom: 30px !important;}\u00bb]Nuestros Radiadores Infrarrojos est\u00e1n dise\u00f1ados para una conversi\u00f3n energ\u00e9tica \u00f3ptima, garantizando que una mayor parte de la energ\u00eda el\u00e9ctrica se convierta directamente en calor. Superan los est\u00e1ndares del sector, proporcionando calefacci\u00f3n eficiente tanto para espacios peque\u00f1os como grandes. Los Radiadores Infrarrojos OPRANIC ofrecen una distribuci\u00f3n del calor constante con m\u00ednimas p\u00e9rdidas de energ\u00eda, lo que se traduce en un ahorro significativo en costes de calefacci\u00f3n.[\/vc_column_text]<h3 class=\"vcex-heading vcex-heading-plain vcex-module wpex-heading wpex-text-2xl\"><span class=\"vcex-heading-inner wpex-inline-block\">Termostato incorporado y termostato externo<\/span><\/h3>[vc_column_text css=\u00bb.vc_custom_1725984843947{padding-bottom: 30px !important;}\u00bb]La serie P6 incorpora un termostato mec\u00e1nico integrado que permite ajustar la temperatura de la superficie del radiador. El termostato integrado regula la potencia de calefacci\u00f3n ajustando la temperatura superficial del radiador. Adem\u00e1s, el Radiador Infrarrojo h\u00edbrido P6 puede controlarse con un termostato externo, que no est\u00e1 incluido en el paquete del producto. La elecci\u00f3n de un termostato adecuado depende de la aplicaci\u00f3n prevista. Los Radiadores Infrarrojos de la serie OPRANIC P6 tienen una interfaz abierta, lo que los hace compatibles con cualquier sistema de termostato. Tambi\u00e9n est\u00e1n dise\u00f1ados para integrarse en entornos de hogar inteligente y son compatibles con termostatos de otros fabricantes.[\/vc_column_text]<h3 class=\"vcex-heading vcex-heading-plain vcex-module wpex-heading wpex-text-2xl\"><span class=\"vcex-heading-inner wpex-inline-block\">Caracter\u00edsticas de seguridad y uso seguro<\/span><\/h3>[vc_column_text css=\u00bb.vc_custom_1725984986793{padding-bottom: 30px !important;}\u00bb]\n<ul>\n<li>Protecci\u00f3n contra sobrecalentamiento: El interruptor de seguridad integrado evita temperaturas peligrosas.<\/li>\n<li>Clasificaci\u00f3n IP24: Protegido contra salpicaduras de agua desde todas las direcciones.<\/li>\n<li>Distancias de seguridad: Mant\u00e9n una distancia de seguridad de 30 cm por delante y 10 cm por todos los lados, incluso hacia arriba y hacia abajo, respecto a objetos inflamables.<\/li>\n<\/ul>\n[\/vc_column_text]<h3 class=\"vcex-heading vcex-heading-plain vcex-module wpex-heading wpex-text-2xl\"><span class=\"vcex-heading-inner wpex-inline-block\">Aplicaciones para el Calefactor de Panel Infrarrojo H\u00edbrido P6<\/span><\/h3>[vc_column_text css=\u00bb.vc_custom_1725984855328{padding-bottom: 30px !important;}\u00bb]Zonas interiores: Ideal para salones, despachos, cuartos de ba\u00f1o, dormitorios, cocinas, habitaciones infantiles, lavaderos, s\u00f3tanos y \u00e1ticos, salas de ocio, casas de jard\u00edn, solariums, casas de vacaciones, apartamentos peque\u00f1os, invernaderos, etc.[\/vc_column_text]<h3 class=\"vcex-heading vcex-heading-plain vcex-module wpex-heading wpex-text-2xl\"><span class=\"vcex-heading-inner wpex-inline-block\">Instrucciones de montaje<\/span><\/h3>[vc_column_text css=\u00bb.vc_custom_1725984996328{padding-bottom: 30px !important;}\u00bb]Adecuado para montaje en pared, los soportes incluidos en el paquete permiten instalar el calentador horizontalmente. Para instalarlo, fija el soporte a la pared con los tornillos y tacos suministrados. Despu\u00e9s, desliza el calentador hasta su sitio y gira el soporte de seguridad para una instalaci\u00f3n segura y sencilla. Para un rendimiento \u00f3ptimo del calentamiento, recomendamos una distancia m\u00e1xima de 3 a 4 metros de la zona de calentamiento deseada.[\/vc_column_text]<h3 class=\"vcex-heading vcex-heading-plain vcex-module wpex-heading wpex-text-2xl\"><span class=\"vcex-heading-inner wpex-inline-block\">Contenido de la entrega<\/span><\/h3>[vc_column_text css=\u00bb.vc_custom_1725987104340{padding-bottom: 30px !important;}\u00bb]\n<ul>\n<li>1 x panel infrarrojo h\u00edbrido met\u00e1lico OPRANIC P6<\/li>\n<li>1 x Soporte de montaje patentado<\/li>\n<li>1 x Kit de instalaci\u00f3n (tacos y tornillos)<\/li>\n<li>1 x Manual del usuario<\/li>\n<li>1 x Cable de alimentaci\u00f3n integrado<\/li>\n<\/ul>\n[\/vc_column_text]<h3 class=\"vcex-heading vcex-heading-plain vcex-module wpex-heading wpex-text-2xl\"><span class=\"vcex-heading-inner wpex-inline-block\">Datos t\u00e9cnicos<\/span><\/h3>[vc_column_text css=\u00bb.vc_custom_1725985012617{padding-bottom: 30px !important;}\u00bb]\n<ul>\n<li>Color: blanco<\/li>\n<li>Rendimiento: 550W y 900W<\/li>\n<li>M\u00e1xima eficacia: Aproximadamente el 99% de la energ\u00eda el\u00e9ctrica convertida en potencia t\u00e9rmica<\/li>\n<li>Superficie calefactable: Hasta 22 metros cuadrados seg\u00fan el modelo<\/li>\n<\/ul>\n<p>La serie OPRANIC P6 combina tecnolog\u00eda infrarroja avanzada con un dise\u00f1o elegante para ofrecer una soluci\u00f3n de calefacci\u00f3n eficiente y segura, adecuada para diversas aplicaciones en interiores.[\/vc_column_text]<h2 class=\"vcex-heading vcex-heading-plain vcex-module wpex-heading wpex-text-2xl\"><span class=\"vcex-heading-inner wpex-inline-block\">Reglamento (UE) 2015\/1188<\/span><\/h2>[vc_column_text css=\u00bb\u00bb]Consulte el Reglamento de Ecodise\u00f1o de la UE 2015\/1188. Para utilizar la calefacci\u00f3n de acuerdo con el Reglamento (UE) n.\u00ba 2015\/118, utilice un sistema de termostato electr\u00f3nico adicional que disponga de detecci\u00f3n de \u00abventana abierta\u00bb y programaci\u00f3n semanal. Este producto solo es adecuado para estancias bien aisladas o para un uso ocasional (Reglamento (UE) 2015\/1188, art\u00edculo 3, anexo II b) II (2)). El controlador de temperatura ambiente no forma parte del producto. Dado que las interfaces son abiertas, puede utilizar su propio sistema de termostato o, por ejemplo, nuestro sistema de termostato OT50. La serie h\u00edbrida OPRANIC P6 incorpora un termostato de superficie integrado mec\u00e1nicamente.[\/vc_column_text][\/vc_tta_section][vc_tta_section title=\u00bbPreguntas frecuentes\u00bb tab_id=\u00bb1715058630675-41822335-92e1&#8243;][vc_row_inner equal_height=\u00bbyes\u00bb remove_bottom_col_margin=\u00bbtrue\u00bb css=\u00bb.vc_custom_1715063689585{padding-top: 30px !important;padding-bottom: 30px !important;}\u00bb el_id=\u00bbfaq\u00bb][vc_column_inner]<style>.vcex-heading.vcex_69f2998c84fdd{font-weight:600;text-transform:uppercase;}<\/style><h2 class=\"vcex-heading vcex-heading-plain vcex-module wpex-heading wpex-text-2xl vcex_69f2998c84fdd\"><span class=\"vcex-heading-inner wpex-inline-block\">Preguntas Frecuentes - P6 Hybrid Metal<\/span><\/h2>[vc_toggle title=\u00bb\u00bfES SEGURO UTILIZAR EL RADIADOR INFRARROJO H\u00cdBRIDO OPRANIC P6 EN BA\u00d1OS?\u00bb style=\u00bbarrow\u00bb css=\u00bb\u00bb]S\u00ed, el calefactor infrarrojo para ba\u00f1o OPRANIC P6 Hybrid cuenta con clasificaci\u00f3n IP24, lo que lo hace seguro para su uso en ba\u00f1os. Est\u00e1 protegido contra salpicaduras de agua e incluye protecci\u00f3n contra sobrecalentamiento para garantizar la seguridad del usuario. Este calefactor no solo aporta un toque de elegancia a su ba\u00f1o con su dise\u00f1o estilizado, sino que tambi\u00e9n garantiza el confort de un ba\u00f1o c\u00e1lido, mejorando su experiencia general en el ba\u00f1o.[\/vc_toggle][vc_toggle title=\u00bb\u00bfQU\u00c9 ES LA TECNOLOG\u00cdA H\u00cdBRIDA DUAL EN EL RADIADOR INFRARROJO H\u00cdBRIDO OPRANIC P6?\u00bb style=\u00bbarrow\u00bb css=\u00bb\u00bb]La tecnolog\u00eda h\u00edbrida dual en el Opranic P6 combina calefacci\u00f3n por infrarrojos y convecci\u00f3n, proporcionando tanto calor radiante similar al del sol como aire caliente. La calefacci\u00f3n por infrarrojos calienta directamente los objetos y las personas en la habitaci\u00f3n, de manera similar a c\u00f3mo el sol proporciona calor. La calefacci\u00f3n por convecci\u00f3n, por otro lado, calienta el aire, creando un entorno con una temperatura m\u00e1s uniforme. La combinaci\u00f3n de estos dos m\u00e9todos garantiza una calidez m\u00e1s r\u00e1pida y consistente, maximizando el confort y minimizando el consumo de energ\u00eda.[\/vc_toggle][\/vc_column_inner][\/vc_row_inner][\/vc_tta_section][vc_tta_section title=\u00bbMedios\u00bb tab_id=\u00bb1760357335507-d5564118-4f52&#8243;][\/vc_tta_section][\/vc_tta_tabs][\/vc_column][\/vc_row]\n<\/div>","protected":false},"excerpt":{"rendered":"<div class=\"product-description\">\n<p>Disfrute de un calor r\u00e1pido, similar al del sol, con el panel calefactor infrarrojo h\u00edbrido Opranic P6. Su carcasa met\u00e1lica estilizada de 4 cm y su acabado blanco seda mate ofrecen un confort eficiente y uniforme, mientras que el dise\u00f1o h\u00edbrido doble combina infrarrojos radiantes con una suave convecci\u00f3n para un calor equilibrado en la estancia, en modelos de 550 W o 900 W. <\/p>\n<ul class=\"premium-features\">\n<li>Calefacci\u00f3n h\u00edbrida dual: infrarrojos + convecci\u00f3n para una alta eficiencia<\/li>\n<li>Termostato mec\u00e1nico incorporado con control continuo<\/li>\n<li>IP24 a prueba de salpicaduras y apto para ba\u00f1os<\/li>\n<li>Montaje horizontal seguro en la pared con bloqueo de seguridad y protecci\u00f3n contra sobrecalentamiento<\/li>\n<li>Certificado CE, RoHS, REACH y EMC; 3 a\u00f1os de garant\u00eda<\/li>\n<\/ul>\n<\/div>\n","protected":false},"featured_media":19424,"comment_status":"closed","ping_status":"closed","template":"","meta":{"_acf_changed":false,"inline_featured_image":false,"_joinchat":[]},"product_brand":[],"product_cat":[380,383],"product_tag":[797,798],"class_list":{"0":"post-12742","1":"product","2":"type-product","3":"status-publish","4":"has-post-thumbnail","6":"product_cat-radiadores-infrarrojos-premium","7":"product_cat-radiador-infrarrojo-hibrido-opranic","8":"product_tag-panel-de-calefaccion-hibrido","9":"product_tag-panel-de-calefaccion-por-infrarrojos","10":"pa_power-w-550-es","11":"pa_power-w-900-es","12":"entry","13":"has-media","15":"first","16":"instock","17":"sale","18":"taxable","19":"shipping-taxable","20":"purchasable","21":"product-type-variable","22":"has-default-attributes"},"acf":[],"_links":{"self":[{"href":"https:\/\/opranic.com\/es\/wp-json\/wp\/v2\/product\/12742","targetHints":{"allow":["GET"]}}],"collection":[{"href":"https:\/\/opranic.com\/es\/wp-json\/wp\/v2\/product"}],"about":[{"href":"https:\/\/opranic.com\/es\/wp-json\/wp\/v2\/types\/product"}],"replies":[{"embeddable":true,"href":"https:\/\/opranic.com\/es\/wp-json\/wp\/v2\/comments?post=12742"}],"wp:featuredmedia":[{"embeddable":true,"href":"https:\/\/opranic.com\/es\/wp-json\/wp\/v2\/media\/19424"}],"wp:attachment":[{"href":"https:\/\/opranic.com\/es\/wp-json\/wp\/v2\/media?parent=12742"}],"wp:term":[{"taxonomy":"product_brand","embeddable":true,"href":"https:\/\/opranic.com\/es\/wp-json\/wp\/v2\/product_brand?post=12742"},{"taxonomy":"product_cat","embeddable":true,"href":"https:\/\/opranic.com\/es\/wp-json\/wp\/v2\/product_cat?post=12742"},{"taxonomy":"product_tag","embeddable":true,"href":"https:\/\/opranic.com\/es\/wp-json\/wp\/v2\/product_tag?post=12742"}],"curies":[{"name":"wp","href":"https:\/\/api.w.org\/{rel}","templated":true}]}}