{"id":12798,"date":"2024-07-12T10:30:35","date_gmt":"2024-07-12T08:30:35","guid":{"rendered":"https:\/\/opranic.com\/shop\/sin%20categor\u00eda\/opranic-i90-infracalentador-industrial-vega\/"},"modified":"2026-03-30T21:12:10","modified_gmt":"2026-03-30T19:12:10","slug":"opranic-i90-infracalentador-industrial-vega","status":"publish","type":"product","link":"https:\/\/opranic.com\/es\/shop\/calentadores-de-patio\/vega-i90\/opranic-i90-infracalentador-industrial-vega\/","title":{"rendered":"OPRANIC I90 &#8211; VEGA Calefactor Industrial por Infrarrojos"},"content":{"rendered":"","protected":false},"excerpt":{"rendered":"<h2 class=\"vcex-heading vcex-heading-plain vcex-module wpex-heading wpex-text-2xl\"><span class=\"vcex-heading-inner wpex-inline-block\">APOYO A LA PERSONALIZACI\u00d3N<\/span><\/h2>\n<div class=\"wpb_text_column wpb_content_element section-margin\">\n<div class=\"wpb_wrapper\">\n<p>El calefactor infrarrojo industrial Opranic Pro Vega puede adaptarse a sus necesidades espec\u00edficas. El VEGA est\u00e1ndar tiene tres filamentos calefactores, pero podemos fabricarlo seg\u00fan sus necesidades espec\u00edficas con uno o dos filamentos. P\u00f3ngase en contacto con nosotros y haremos todo lo posible por ayudarle.<\/p>\n<h2 class=\"vcex-heading vcex-heading-plain vcex-module wpex-heading wpex-text-2xl\"><span class=\"vcex-heading-inner wpex-inline-block\">VEGA CALENTADOR INDUSTRIAL DE INFRARROJOS<\/span><\/h2>\n<p>El calefactor infrarrojo industrial Opranic Vega es una potente serie de calefactores infrarrojos de onda media de hasta 9000 W (9 kW) para calentar grandes superficies como naves industriales, pabellones deportivos, almacenes y otras zonas amplias. Gracias a su alta eficiencia y a la longitud de onda \u00f3ptima de radiaci\u00f3n, los costes de calefacci\u00f3n se reducen en comparaci\u00f3n con los m\u00e9todos de calefacci\u00f3n tradicionales.<\/p>\n<\/div>\n<\/div>\n","protected":false},"featured_media":19472,"comment_status":"closed","ping_status":"closed","template":"","meta":{"_acf_changed":false,"inline_featured_image":false,"_joinchat":[]},"product_brand":[],"product_cat":[387,393],"product_tag":[],"class_list":{"0":"post-12798","1":"product","2":"type-product","3":"status-publish","4":"has-post-thumbnail","6":"product_cat-vega-i90","7":"product_cat-calentadores-de-patio","8":"pa_power-w-5400-es","9":"pa_power-w-6900-es","10":"pa_power-w-9000-es","11":"entry","12":"has-media","14":"first","15":"instock","16":"taxable","17":"shipping-taxable","18":"purchasable","19":"product-type-variable"},"acf":[],"_links":{"self":[{"href":"https:\/\/opranic.com\/es\/wp-json\/wp\/v2\/product\/12798","targetHints":{"allow":["GET"]}}],"collection":[{"href":"https:\/\/opranic.com\/es\/wp-json\/wp\/v2\/product"}],"about":[{"href":"https:\/\/opranic.com\/es\/wp-json\/wp\/v2\/types\/product"}],"replies":[{"embeddable":true,"href":"https:\/\/opranic.com\/es\/wp-json\/wp\/v2\/comments?post=12798"}],"wp:featuredmedia":[{"embeddable":true,"href":"https:\/\/opranic.com\/es\/wp-json\/wp\/v2\/media\/19472"}],"wp:attachment":[{"href":"https:\/\/opranic.com\/es\/wp-json\/wp\/v2\/media?parent=12798"}],"wp:term":[{"taxonomy":"product_brand","embeddable":true,"href":"https:\/\/opranic.com\/es\/wp-json\/wp\/v2\/product_brand?post=12798"},{"taxonomy":"product_cat","embeddable":true,"href":"https:\/\/opranic.com\/es\/wp-json\/wp\/v2\/product_cat?post=12798"},{"taxonomy":"product_tag","embeddable":true,"href":"https:\/\/opranic.com\/es\/wp-json\/wp\/v2\/product_tag?post=12798"}],"curies":[{"name":"wp","href":"https:\/\/api.w.org\/{rel}","templated":true}]}}