{"id":12857,"date":"2024-07-10T20:54:16","date_gmt":"2024-07-10T18:54:16","guid":{"rendered":"https:\/\/opranic.com\/shop\/sin%20categor\u00eda\/opranic-p7-radiadores-infrarrojos-de-cristal-450w-900w-en-blanco-o-negro\/"},"modified":"2025-10-21T19:55:43","modified_gmt":"2025-10-21T17:55:43","slug":"opranic-p7-radiadores-infrarrojos-de-cristal-450w-900w-en-blanco-o-negro","status":"publish","type":"product","link":"https:\/\/opranic.com\/es\/shop\/radiadores-infrarrojos-premium\/opranic-p7-radiadores-infrarrojos-de-cristal-450w-900w-en-blanco-o-negro\/","title":{"rendered":"OPRANIC P7 Radiadores Infrarrojos de Cristal 450W &#8211; 900W en Blanco o Negro"},"content":{"rendered":"<div class=\"wpb-content-wrapper\">[vc_row][vc_column][vc_tta_tabs][vc_tta_section title=\u00bbDetalles\u00bb tab_id=\u00bb1761067861118-9044210e-adf1&#8243;]<h2 class=\"vcex-heading vcex-heading-plain vcex-module wpex-heading wpex-text-2xl\"><span class=\"vcex-heading-inner wpex-inline-block\">Radiadores Infrarrojos de Cristal Opranic P7<\/span><\/h2>[vc_column_text css=\u00bb\u00bb]\n<div class=\"vcex-shortcode wpex-clr\">\n<div class=\"post-product-acf-field\">\n<p>Los Radiadores Infrarrojos de Cristal OPRANIC de la Serie P7 ofrecen una elegancia moderna y una calefacci\u00f3n de bajo consumo. Estos delgados pero robustos Radiadores Infrarrojos incorporan cristal templado a medida para mayor resistencia y seguridad, con un sofisticado aspecto blanco o negro. Disfruta de calor instant\u00e1neo y un 98% de conversi\u00f3n de energ\u00eda con la tecnolog\u00eda de infrarrojos oscuros, la distribuci\u00f3n uniforme del calor y el avanzado aislamiento trasero. Disponible en blanco o negro, con 5 a\u00f1os de garant\u00eda, de 450 a 900 W y compatible con los sistemas dom\u00e9sticos inteligentes. Seguro con protecci\u00f3n contra sobrecalentamiento, sobretensi\u00f3n y salpicaduras de agua IP44, certificado por T\u00dcV S\u00fcd, CE, EMC, REACH y RoHS.<\/p>\n<p><strong>Construcci\u00f3n del producto:<\/strong> Vidrio<br \/>\n<strong>Tecnolog\u00eda<\/strong> Infrarrojo oscuro<br \/>\n<strong>Montaje; Tipo:<\/strong> Soporte de pared<br \/>\n<strong>Direcci\u00f3n de montaje:<\/strong> Vertical y Horizontal<br \/>\n<strong>Garant\u00eda:<\/strong> 5 a\u00f1os<\/p>\n<\/div>\n<\/div>\n<p><strong>M\u00e1xima eficiencia energ\u00e9tica:<\/strong> El Radiador Infrarrojo de Cristal Opranic P7 convierte aproximadamente el 98% de la energ\u00eda el\u00e9ctrica en calor radiante natural. Esto garantiza una temperatura superficial y una distribuci\u00f3n del calor uniformes. Adem\u00e1s, la resistencia patentada y el cableado de alambre de silicio nanotecnol\u00f3gico permiten temperaturas de superficie significativamente m\u00e1s altas en comparaci\u00f3n con otras soluciones. As\u00ed se maximiza la eficiencia energ\u00e9tica. El calentador Opranic P7 est\u00e1 dise\u00f1ado para ser eficiente y eficaz.<\/p>\n<p><strong>Cristal templado de seguridad de alta calidad:<\/strong> Estos Radiadores Infrarrojos Opranic s\u00f3lo tienen 2,5 cm de grosor e incorporan vidrio templado. Esto aumenta su resistencia y seguridad. Adem\u00e1s, sus marcos met\u00e1licos fin\u00edsimos y su aspecto elegante los convierten en un complemento sofisticado para cualquier pared. El Radiador Infrarrojo de Cristal Opranic P7 destaca por su elegante dise\u00f1o y su robusta construcci\u00f3n.<\/p>\n<p><strong>Aislamiento trasero avanzado:<\/strong> El aislamiento trasero de 2 cm de grosor evita la acumulaci\u00f3n de calor en la espalda. Esto dirige el calor hacia donde se necesita y protege paredes y techos. En consecuencia, este calentador garantiza una calefacci\u00f3n y un uso de la energ\u00eda eficientes.<\/p>\n<p><strong>Soportes de montaje con mecanismo de bloqueo de seguridad:<\/strong> El sistema de montaje especialmente dise\u00f1ado incluye un mecanismo de bloqueo de seguridad. Esto permite una instalaci\u00f3n segura en techos y paredes, tanto horizontal como verticalmente. Este sistema garantiza la estabilidad, evitando los movimientos habituales en los calentadores de infrarrojos convencionales. As\u00ed, el calentador permanece fijo en su sitio.<\/p>\n<h3>Caracter\u00edsticas principales<\/h3>\n<ul>\n<li>Tecnolog\u00eda avanzada: Tecnolog\u00eda de calentamiento por infrarrojos oscuros para un calor constante, similar al del sol.<\/li>\n<li>Calentamiento eficiente: Resistencia patentada y cableado de alambre de silicio nanotecnol\u00f3gico para una eficiencia energ\u00e9tica del 98% y una distribuci\u00f3n uniforme del calor.<\/li>\n<li>Construcci\u00f3n de alta calidad: Fabricado con cristal de seguridad templado a medida para una mayor resistencia y seguridad.<\/li>\n<li>Protecci\u00f3n mejorada: Protecci\u00f3n integrada contra sobrecalentamiento y sobretensi\u00f3n, y resistencia a salpicaduras de agua IP44.<\/li>\n<li>Dise\u00f1o elegante: Perfil delgado de 2,5 cm con un aspecto radiante, disponible en blanco o negro.<\/li>\n<li>Aislamiento trasero avanzado: el aislamiento trasero de 2 cm de grosor evita la acumulaci\u00f3n de calor en la parte trasera, garantizando una direcci\u00f3n eficaz del calor y protegiendo paredes y techos.<\/li>\n<li>Instalaci\u00f3n vers\u00e1til: Adecuado para montaje mural horizontal o vertical con soportes de mecanismo de bloqueo de seguridad.<\/li>\n<li>Compatibilidad con hogares inteligentes: Funciona con termostatos externos y puede integrarse en entornos dom\u00e9sticos inteligentes.<\/li>\n<li>Certificaciones: T\u00dcV S\u00fcd, CE, RoHS, REACH, certificado EMC.<\/li>\n<li>Garant\u00eda: 5 a\u00f1os de garant\u00eda que aseguran la fiabilidad del producto para el Radiador Infrarrojos de Cristal Opranic P7.<\/li>\n<\/ul>\n<p><strong>Conclusi\u00f3n:<\/strong> En conclusi\u00f3n, el Radiador Infrarrojo de Cristal Opranic P7 es una opci\u00f3n excelente para quienes buscan una soluci\u00f3n de calefacci\u00f3n eficaz, elegante y fiable. Con su avanzada tecnolog\u00eda, su construcci\u00f3n de alta calidad y su sofisticado dise\u00f1o, proporciona una calidez superior y realza el aspecto de cualquier espacio. Adem\u00e1s, sus vers\u00e1tiles opciones de instalaci\u00f3n y su compatibilidad con el hogar inteligente lo convierten en un c\u00f3modo complemento para los hogares modernos. Si busca un calefactor energ\u00e9ticamente eficiente, seguro y elegante, el Opranic P7 es una excelente inversi\u00f3n.us nec ullamcorper mattis, pulvinar dapibus leo.<\/p>\n[\/vc_column_text][\/vc_tta_section][\/vc_tta_tabs][\/vc_column][\/vc_row]\n<\/div>","protected":false},"excerpt":{"rendered":"<div class=\"product-description\">\n<p>Calidez confortable con el panel calefactor de infrarrojos Opranic P7 Glass. Fabricado con una superficie de vidrio templado de primera calidad y un perfil delgado de 4 cm, combina un dise\u00f1o atemporal con tecnolog\u00eda de infrarrojos de alta eficiencia para una calefacci\u00f3n interior elegante. Perfecto para salones, oficinas y ba\u00f1os donde la est\u00e9tica se une al rendimiento.<\/p>\n<ul class=\"premium-features\">\n<li>Frontal de vidrio templado de primera calidad para un aspecto elegante y moderno<\/li>\n<li>Tecnolog\u00eda de infrarrojos de alta eficiencia con una conversi\u00f3n de hasta el 99%<\/li>\n<li>Clasificaci\u00f3n IP44: apto para ba\u00f1os y entornos h\u00famedos<\/li>\n<li>F\u00e1cil montaje horizontal o vertical en la pared con soportes seguros<\/li>\n<li>Certificaci\u00f3n CE, T\u00dcV S\u00fcd y REACH \u2013 5 a\u00f1os de garant\u00eda<\/li>\n<\/ul>\n<\/div>\n","protected":false},"featured_media":17347,"comment_status":"closed","ping_status":"closed","template":"","meta":{"_acf_changed":false,"inline_featured_image":false,"_joinchat":[]},"product_brand":[],"product_cat":[380,381],"product_tag":[],"class_list":{"0":"post-12857","1":"product","2":"type-product","3":"status-publish","4":"has-post-thumbnail","6":"product_cat-radiadores-infrarrojos-premium","7":"product_cat-radiadores-infrarrojos-de-vidrio","8":"pa_power-w-450-es","9":"pa_power-w-700-es","10":"pa_power-w-900-es","11":"entry","12":"has-media","14":"first","15":"instock","16":"taxable","17":"shipping-taxable","18":"purchasable","19":"product-type-variable"},"acf":[],"_links":{"self":[{"href":"https:\/\/opranic.com\/es\/wp-json\/wp\/v2\/product\/12857","targetHints":{"allow":["GET"]}}],"collection":[{"href":"https:\/\/opranic.com\/es\/wp-json\/wp\/v2\/product"}],"about":[{"href":"https:\/\/opranic.com\/es\/wp-json\/wp\/v2\/types\/product"}],"replies":[{"embeddable":true,"href":"https:\/\/opranic.com\/es\/wp-json\/wp\/v2\/comments?post=12857"}],"wp:featuredmedia":[{"embeddable":true,"href":"https:\/\/opranic.com\/es\/wp-json\/wp\/v2\/media\/17347"}],"wp:attachment":[{"href":"https:\/\/opranic.com\/es\/wp-json\/wp\/v2\/media?parent=12857"}],"wp:term":[{"taxonomy":"product_brand","embeddable":true,"href":"https:\/\/opranic.com\/es\/wp-json\/wp\/v2\/product_brand?post=12857"},{"taxonomy":"product_cat","embeddable":true,"href":"https:\/\/opranic.com\/es\/wp-json\/wp\/v2\/product_cat?post=12857"},{"taxonomy":"product_tag","embeddable":true,"href":"https:\/\/opranic.com\/es\/wp-json\/wp\/v2\/product_tag?post=12857"}],"curies":[{"name":"wp","href":"https:\/\/api.w.org\/{rel}","templated":true}]}}