{"id":4123,"date":"2023-04-21T13:15:24","date_gmt":"2023-04-21T11:15:24","guid":{"rendered":"https:\/\/opranic.com\/product\/opranic-thor-s50-calentador-de-patio-portatil-2000w-ir-x-ip34-remoto-negro-cubierta-incluida\/"},"modified":"2024-08-07T09:57:12","modified_gmt":"2024-08-07T07:57:12","slug":"opranic-thor-s50-calentador-de-patio-portatil-2000w-ir-x-ip34-remoto-negro-cubierta-incluida","status":"publish","type":"product","link":"https:\/\/opranic.com\/es\/shop\/calentadores-de-patio\/thor-s50-es\/opranic-thor-s50-calentador-de-patio-portatil-2000w-ir-x-ip34-remoto-negro-cubierta-incluida\/","title":{"rendered":"OPRANIC THOR S50, Calefactor de Patio Port\u00e1til 2000W, IR-X, IP34, Mando a distancia, Negro, inc Cubierta"},"content":{"rendered":"<div class=\"wpb-content-wrapper\">[vc_row][vc_column][\/vc_column][\/vc_row]\n<\/div>","protected":false},"excerpt":{"rendered":"<h2 class=\"vcex-heading vcex-heading-plain vcex-module wpex-heading wpex-text-2xl\"><span class=\"vcex-heading-inner wpex-inline-block\">THOR S50 &#8211; CALEFACTOR INFRARROJO PORT\u00c1TIL<\/span><\/h2>\n<div class=\"wpb_text_column wpb_content_element\">\n<div class=\"wpb_wrapper\">La serie THOR S50 de Opranic es un calefactor de infrarrojos port\u00e1til con una potencia de 2000 W, dise\u00f1ado para su uso en el patio o para calefacci\u00f3n adicional en interiores. La construcci\u00f3n ligera y la tecnolog\u00eda IR-X proporcionan una radiaci\u00f3n eficaz. El interruptor de inclinaci\u00f3n electr\u00f3nico integrado y la construcci\u00f3n de aluminio garantizan durabilidad y facilidad de uso. Con una altura de 100 cm y un peso aproximado de 4,2 kg, es f\u00e1cil de transportar y perfecta para su uso en exteriores. Con un mando a distancia que ofrece cinco niveles de calor, puedes controlar f\u00e1cilmente la unidad para adaptarla a tus preferencias. Tiene certificaci\u00f3n IP34 para su uso en un entorno exterior protegido. Un complemento excelente para tu entorno exterior. \u00a1Mantente caliente con el calor de Opranic THOR!<\/div>\n<\/div>\n","protected":false},"featured_media":2622,"comment_status":"closed","ping_status":"closed","template":"","meta":{"_acf_changed":false,"inline_featured_image":false,"_joinchat":[]},"product_brand":[],"product_cat":[393,389],"product_tag":[703,705,704],"class_list":{"0":"post-4123","1":"product","2":"type-product","3":"status-publish","4":"has-post-thumbnail","6":"product_cat-calentadores-de-patio","7":"product_cat-thor-s50-es","8":"product_tag-opranic-ir-x-es","9":"product_tag-opranic-irx-es","10":"product_tag-thor20xr-b-es","11":"entry","12":"has-media","14":"first","15":"instock","16":"sale","17":"taxable","18":"shipping-taxable","19":"purchasable","20":"product-type-simple"},"acf":[],"_links":{"self":[{"href":"https:\/\/opranic.com\/es\/wp-json\/wp\/v2\/product\/4123","targetHints":{"allow":["GET"]}}],"collection":[{"href":"https:\/\/opranic.com\/es\/wp-json\/wp\/v2\/product"}],"about":[{"href":"https:\/\/opranic.com\/es\/wp-json\/wp\/v2\/types\/product"}],"replies":[{"embeddable":true,"href":"https:\/\/opranic.com\/es\/wp-json\/wp\/v2\/comments?post=4123"}],"wp:featuredmedia":[{"embeddable":true,"href":"https:\/\/opranic.com\/es\/wp-json\/wp\/v2\/media\/2622"}],"wp:attachment":[{"href":"https:\/\/opranic.com\/es\/wp-json\/wp\/v2\/media?parent=4123"}],"wp:term":[{"taxonomy":"product_brand","embeddable":true,"href":"https:\/\/opranic.com\/es\/wp-json\/wp\/v2\/product_brand?post=4123"},{"taxonomy":"product_cat","embeddable":true,"href":"https:\/\/opranic.com\/es\/wp-json\/wp\/v2\/product_cat?post=4123"},{"taxonomy":"product_tag","embeddable":true,"href":"https:\/\/opranic.com\/es\/wp-json\/wp\/v2\/product_tag?post=4123"}],"curies":[{"name":"wp","href":"https:\/\/api.w.org\/{rel}","templated":true}]}}