{"id":4130,"date":"2023-04-21T01:07:17","date_gmt":"2023-04-20T23:07:17","guid":{"rendered":"https:\/\/opranic.com\/product\/norveco-star-calentador-de-patio-portatil-o-montado-en-la-pared-1800w-con-soporte-remoto-ip44\/"},"modified":"2026-04-06T18:02:52","modified_gmt":"2026-04-06T16:02:52","slug":"norveco-star-calentador-portable-para-patio-1800w-con-stand-remote-ip44","status":"publish","type":"product","link":"https:\/\/opranic.com\/es\/shop\/calentadores-de-patio\/star-v40\/norveco-star-calentador-portable-para-patio-1800w-con-stand-remote-ip44\/","title":{"rendered":"STAR V40 Calefactor infrarrojo port\u00e1til 1800W"},"content":{"rendered":"<div class=\"wpb-content-wrapper\">[vc_row][vc_column][vc_tta_tabs][vc_tta_section title=\u00bbDetalles\u00bb tab_id=\u00bb1715058604722-4be8b460-d501&#8243;][vc_row_inner][vc_column_inner]<h2 class=\"vcex-heading vcex-heading-plain vcex-module wpex-heading wpex-text-2xl\"><span class=\"vcex-heading-inner wpex-inline-block\">Calefactor infrarrojo STAR para instalaci\u00f3n en soporte, pared o techo<\/span><\/h2>[vc_column_text css=\u00bb.vc_custom_1775473782538{margin-top: 30px !important;}\u00bb]\n<div class=\"wpb_text_column wpb_content_element section-margin\">\n<div class=\"wpb_wrapper\">\n<p>El STAR V30 es un calefactor infrarrojo port\u00e1til dise\u00f1ado para ofrecer flexibilidad. A diferencia de los calefactores fijos de pared, proporciona 1800W de calor infrarrojo eficiente directamente a personas y objetos, no al aire circundante, por lo que no se desperdicia calor. \u00daselo en el soporte incluido, m\u00f3ntelo en la pared o cu\u00e9lguelo del techo.  <\/p>\n<h2>Caracter\u00edsticas de dise\u00f1o y seguridad<\/h2>\n<p>El STAR18RS cuenta con una carcasa de aluminio dise\u00f1ada para uso diario. Incluye funciones de seguridad integradas como la protecci\u00f3n autom\u00e1tica contra vuelco, que apaga la unidad si se cae. <\/p>\n<h2>Funcionalidad y control<\/h2>\n<p>El calefactor se controla mediante mando a distancia y ofrece un funcionamiento sencillo con:<\/p>\n<ul>\n<li>3 niveles de potencia<\/li>\n<li>Funci\u00f3n de temporizador de hasta 9 horas<\/li>\n<li>Funci\u00f3n de termostato electr\u00f3nico<\/li>\n<\/ul>\n<p>La unidad puede utilizarse en diferentes configuraciones:<\/p>\n<ul>\n<li>Montado en el soporte incluido o en la pared\/techo (requiere que el interruptor de inclinaci\u00f3n electr\u00f3nico est\u00e9 desactivado) <\/li>\n<li>Utilizado con el soporte ajustable incluido (1,0 \u2013 1,4 metros)<\/li>\n<\/ul>\n<h2><strong>DESACTIVAR INTERRUPTOR TITLT PARA STAR18RS<\/strong><\/h2>\n<p>La protecci\u00f3n contra vuelcos se puede desactivar. Siga las instrucciones que se indican a continuaci\u00f3n: <\/p>\n<p>\u00abE3\u00bb indica que el interruptor de inclinaci\u00f3n est\u00e1 activado.<\/p>\n<p>Es posible desactivar el interruptor de inclinaci\u00f3n. Lo hemos hecho deliberadamente m\u00e1s dif\u00edcil para evitar que los clientes lo desactiven accidentalmente. A continuaci\u00f3n, explicar\u00e9 los pasos uno por uno:  <\/p>\n<ol>\n<li>En primer lugar, debe desenchufar y volver a enchufar el calefactor. (Tenga el mando a distancia preparado, ya que solo tiene unos segundos para realizar los cambios despu\u00e9s de volver a enchufarlo). <\/li>\n<li>Inmediatamente despu\u00e9s de volver a conectarlo, cuando veas que las luces dan vueltas, debes pulsar el bot\u00f3n del temporizador (abajo a la derecha), el bot\u00f3n del termostato (abajo a la izquierda) y el bot\u00f3n de nivel (centro) en el plazo de 2 segundos.<\/li>\n<li>Si ha realizado esta parte correctamente, deber\u00eda ver la letra A o P en la pantalla. Esto significa que lo ha conseguido. <\/li>\n<li>Dado que la configuraci\u00f3n predeterminada es que el interruptor antivuelco est\u00e9 activo, deber\u00eda ver la letra A. Ahora puede usar los botones + y \u2013 para alternar entre A y P. Para desactivar el interruptor de inclinaci\u00f3n, config\u00farelo en P y luego puede apagar la unidad usando el bot\u00f3n de encendido.<br \/>\nCuando la encienda de nuevo, el interruptor de inclinaci\u00f3n deber\u00eda estar desactivado y permanecer\u00e1 as\u00ed a menos que repita los pasos para activarlo nuevamente.<\/li>\n<\/ol>\n<p>Consulte tambi\u00e9n este v\u00eddeo, que muestra el proceso descrito anteriormente.<\/p>\n<p><a href=\"https:\/\/opranic.com\/external\/video\/norveco_star18rs_tilt.mp4?v=efad7abb323e\">https:\/\/opranic.com\/external\/video\/norveco_star18rs_tilt.mp4<\/a><\/p>\n<h2>Versatilidad y comodidad<\/h2>\n<p>El STAR18RS proporciona calor infrarrojo suave y confortable, similar al calor de la luz solar. Calienta directamente sin resecar el aire, lo que lo hace adecuado tanto para entornos exteriores como interiores. <\/p>\n<h3>Ventajas:<\/h3>\n<ul>\n<li>Calefacci\u00f3n directa sin p\u00e9rdida de energ\u00eda al aire<\/li>\n<li>Calor suave y natural<\/li>\n<li>Instalaci\u00f3n sencilla y flexible<\/li>\n<li>Adecuado para uso interior y exterior<\/li>\n<\/ul>\n<h3>Especificaciones t\u00e9cnicas:<\/h3>\n<ul>\n<li>Potencia m\u00e1xima: 1800W<\/li>\n<li>3 ajustes de calor<\/li>\n<li>Voltaje: 220 \u2013 240V<\/li>\n<li>Vida \u00fatil estimada: aprox. 5.000 horas <\/li>\n<li>Clasificaci\u00f3n IP44 para uso exterior<\/li>\n<\/ul>\n<h3>Tecnolog\u00eda de calefacci\u00f3n:<\/h3>\n<ul>\n<li>Calefacci\u00f3n infrarroja de onda media<\/li>\n<li>M\u00e1s del 90% de la energ\u00eda convertida en calor<\/li>\n<li>Baja emisi\u00f3n de luz<\/li>\n<li>Calienta objetos directamente en lugar del aire<\/li>\n<\/ul>\n<h3>\u00c1rea de calefacci\u00f3n:<\/h3>\n<ul>\n<li>Aprox. 5 \u2013 18 m\u00b2 seg\u00fan las condiciones <\/li>\n<\/ul>\n<h3>Dise\u00f1o:<\/h3>\n<ul>\n<li>Carcasa de aluminio<\/li>\n<li>Dimensiones: 76 x 8,5 x 16,5 cm<\/li>\n<li>Peso: 3,85 kg (incluido el soporte)<\/li>\n<\/ul>\n<h3>\u00c1reas de aplicaci\u00f3n:<\/h3>\n<ul>\n<li>Balcones, terrazas, patios<\/li>\n<li>Garajes y s\u00f3tanos<\/li>\n<li>Zonas de estar exteriores<\/li>\n<\/ul>\n<h3>Instalaci\u00f3n:<\/h3>\n<ul>\n<li>Montaje en pared posible<\/li>\n<li>Incluye soporte ajustable (1,0 \u2013 1,4 m)<\/li>\n<\/ul>\n<h3>Costes de calefacci\u00f3n:<\/h3>\n<p>A un precio medio de la electricidad de 10 c\u00e9ntimos por kWh:<br \/>\n0,1 \u20ac \u00d7 1,8 kW \u2248 0,18 \u20ac por hora<br \/>\n<em>*Los ajustes m\u00e1s bajos reducen a\u00fan m\u00e1s el consumo de energ\u00eda.<\/em><\/p>\n<\/div>\n<\/div>\n[\/vc_column_text]<h2 class=\"vcex-heading vcex-heading-plain vcex-module wpex-heading wpex-text-2xl\"><span class=\"vcex-heading-inner wpex-inline-block\">Especificaciones t\u00e9cnicas<\/span><\/h2>[vc_column_text css=\u00bb\u00bb]\n<ul>\n<li>Producto: NORVECO STAR18RS &#8211; calefactor el\u00e9ctrico exterior<\/li>\n<li>Tecnolog\u00eda infrarroja: Carbon Classic<\/li>\n<li>Color: plata<\/li>\n<li>Material: Carcasa de aluminio, con laterales de pl\u00e1stico<\/li>\n<li>Voltaje: 230 V CA ~ 50 Hz<\/li>\n<li>Potencia total: 1800 vatios<\/li>\n<li>3 ajustes de calor<\/li>\n<li>Pantalla LCD: s\u00ed<\/li>\n<li>Temporizador de apagado autom\u00e1tico: s\u00ed (9 horas)<\/li>\n<li>Enchufe: Enchufe schuko tipo F (est\u00e1ndar de la UE)<\/li>\n<li>Para una conexi\u00f3n permanente a la red el\u00e9ctrica, el enchufe debe ser desconectado por un profesional cualificado. La garant\u00eda seguir\u00e1 siendo v\u00e1lida. <\/li>\n<li>Longitud del cable: 1,9 m<\/li>\n<li>Mando a distancia: s\u00ed<\/li>\n<li>Funciones del mando a distancia: Encendido, apagado (espera), selecci\u00f3n de niveles de calor, potencia m\u00e1xima, temporizador, termostato.<\/li>\n<li>Dimensiones (Al x An x Pr): 16,5 x 76 x 8,5 cm<\/li>\n<li>Peso: 2,5 kg<\/li>\n<li>Clase de protecci\u00f3n: IP44 (protegido contra salpicaduras de agua)<\/li>\n<li>Montaje: Soportes de dos piezas para instalaci\u00f3n en pared\/techo.<\/li>\n<li>\u00c1rea de calefacci\u00f3n: m\u00e1x. 5-10 m\u00b2 en exteriores, hasta 9-18 m\u00b2 en \u00e1reas protegidas del viento <\/li>\n<li>Pilas del mando a distancia: 2 x AAA (incluidas en la entrega)<\/li>\n<\/ul>\n<h3>Contenido de la entrega<\/h3>\n<ul>\n<li>1 x Calefactor el\u00e9ctrico de exterior STAR18RS<\/li>\n<li>1 x Soporte<\/li>\n<li>2 x Soportes de montaje de dos piezas<\/li>\n<li>1 x Equipo de montaje (tornillos)<\/li>\n<li>1 x Mando a distancia (pilas incluidas)<\/li>\n<li>1 x Manual de usuario<\/li>\n<\/ul>\n[\/vc_column_text][\/vc_column_inner][\/vc_row_inner][\/vc_tta_section][vc_tta_section title=\u00bbPreguntas frecuentes\u00bb tab_id=\u00bb1715058630675-41822335-92e1&#8243;][vc_row_inner equal_height=\u00bbyes\u00bb remove_bottom_col_margin=\u00bbtrue\u00bb css=\u00bb.vc_custom_1715063689585{padding-top: 30px !important;padding-bottom: 30px !important;}\u00bb el_id=\u00bbfaq\u00bb][vc_column_inner]<style>.vcex-heading.vcex_69dfd60e78d8b{font-size:32px;text-transform:uppercase;}<\/style><h2 class=\"vcex-heading vcex-heading-plain vcex-module wpex-heading wpex-text-2xl vcex_69dfd60e78d8b\"><span class=\"vcex-heading-inner wpex-inline-block\">Preguntas frecuentes<\/span><\/h2>[vc_column_text css=\u00bb\u00bb]Las preguntas frecuentes de todos los productos Opranic se pueden encontrar <a href=\"https:\/\/opranic.com\/knowledge-bank-faq\/\">aqu\u00ed<\/a>.<\/p>\n<p><a href=\"https:\/\/opranic.com\/knowledge-bank-faq\/\">Preguntas frecuentes del banco de conocimientos | Opranic<\/a>[\/vc_column_text]<div class=\"vcex-module vcex-divider vcex-divider-solid vcex-divider-center wpex-mx-auto wpex-block wpex-h-0 wpex-border-b wpex-border-solid wpex-border-main\"><\/div>[\/vc_column_inner][\/vc_row_inner][\/vc_tta_section][vc_tta_section title=\u00bbD\u00f3nde comprar\u00bb tab_id=\u00bb1774800383448-fdc70b06-a580&#8243;][vc_raw_html css=\u00bb\u00bb]W29wcmFuaWNfd2hlcmV0b2J1eV90YWJd[\/vc_raw_html][\/vc_tta_section][vc_tta_section title=\u00bbInstaladores\u00bb tab_id=\u00bb1774800474792-cfb58904-653b\u00bb][vc_raw_html css=\u00bb\u00bb]W29wcmFuaWNfaW5zdGFsbGVyX3RhYl0=[\/vc_raw_html][\/vc_tta_section][\/vc_tta_tabs][\/vc_column][\/vc_row]\n<\/div>","protected":false},"excerpt":{"rendered":"<p>El calefactor infrarrojo port\u00e1til STAR <strong>puede montarse en pared\/techo<\/strong> o en el <strong>soporte incluido<\/strong>. Con el <strong>mando a distancia<\/strong>, puede <strong>seleccionar la potencia deseada<\/strong>, apagado (funci\u00f3n de <strong>suspensi\u00f3n de 9 horas<\/strong>) y una <strong>funci\u00f3n termost\u00e1tica integrada<\/strong>. Equipado con tecnolog\u00eda Carbon Clear, proporciona 1800 W de calor infrarrojo de onda media eficiente. Ofrece una cobertura significativa, hasta 15 metros cuadrados en interiores y 8 metros cuadrados en exteriores, garantizando un ambiente acogedor en cualquier entorno residencial. Dise\u00f1ado para durar con protecci\u00f3n IP44 y una vida \u00fatil de hasta 6.000 horas.   <\/p>\n<ul>\n<li><strong>Potencia:<\/strong> 1800W<\/li>\n<li><strong>Montaje:<\/strong> De pie y para pared o techo (ver m\u00e1s abajo para desactivar el interruptor basculante)<\/li>\n<li><strong>Potencia regulable:<\/strong> S\u00ed &#8211; 3 niveles de potencia<\/li>\n<li><strong>Cobertura t\u00e9rmica:<\/strong> Interior: 18kwm, Exterior: 6-9kwm<\/li>\n<li><strong>Mando a distancia:<\/strong> S\u00ed<\/li>\n<li><strong>Protecci\u00f3n IP:<\/strong> IP44<\/li>\n<li><strong>Temporizador:<\/strong> S\u00ed &#8211; 9 horas<\/li>\n<li><strong>Peso:<\/strong> 2,7 kg<\/li>\n<li><strong>Dimensiones (A\/A\/P):<\/strong> 23 x 97 x 13 cm (pie: 26x39cm)<\/li>\n<li><strong>Vida \u00fatil:<\/strong> Hasta 6.000h de vida \u00fatil<\/li>\n<li><strong>Garant\u00eda:<\/strong> 2 a\u00f1os<\/li>\n<\/ul>\n","protected":false},"featured_media":24258,"comment_status":"closed","ping_status":"closed","template":"","meta":{"_acf_changed":false,"inline_featured_image":false,"_joinchat":[]},"product_brand":[],"product_cat":[1107,393],"product_tag":[685,721,720],"class_list":{"0":"post-4130","1":"product","2":"type-product","3":"status-publish","4":"has-post-thumbnail","6":"product_cat-star-v40","7":"product_cat-calentadores-de-patio","8":"product_tag-eco23r-es","9":"product_tag-norveco-es","10":"product_tag-star18rs-es","11":"entry","12":"has-media","14":"first","15":"instock","16":"sale","17":"taxable","18":"shipping-taxable","19":"purchasable","20":"product-type-variable","21":"has-default-attributes"},"acf":[],"_links":{"self":[{"href":"https:\/\/opranic.com\/es\/wp-json\/wp\/v2\/product\/4130","targetHints":{"allow":["GET"]}}],"collection":[{"href":"https:\/\/opranic.com\/es\/wp-json\/wp\/v2\/product"}],"about":[{"href":"https:\/\/opranic.com\/es\/wp-json\/wp\/v2\/types\/product"}],"replies":[{"embeddable":true,"href":"https:\/\/opranic.com\/es\/wp-json\/wp\/v2\/comments?post=4130"}],"wp:featuredmedia":[{"embeddable":true,"href":"https:\/\/opranic.com\/es\/wp-json\/wp\/v2\/media\/24258"}],"wp:attachment":[{"href":"https:\/\/opranic.com\/es\/wp-json\/wp\/v2\/media?parent=4130"}],"wp:term":[{"taxonomy":"product_brand","embeddable":true,"href":"https:\/\/opranic.com\/es\/wp-json\/wp\/v2\/product_brand?post=4130"},{"taxonomy":"product_cat","embeddable":true,"href":"https:\/\/opranic.com\/es\/wp-json\/wp\/v2\/product_cat?post=4130"},{"taxonomy":"product_tag","embeddable":true,"href":"https:\/\/opranic.com\/es\/wp-json\/wp\/v2\/product_tag?post=4130"}],"curies":[{"name":"wp","href":"https:\/\/api.w.org\/{rel}","templated":true}]}}