{"id":4135,"date":"2023-04-21T08:07:49","date_gmt":"2023-04-21T06:07:49","guid":{"rendered":"https:\/\/opranic.com\/product\/opranic-eco23r-calefactor-de-pared-para-patio-2300w-remoto-ip34-plateado\/"},"modified":"2026-03-28T15:03:41","modified_gmt":"2026-03-28T14:03:41","slug":"opranic-eco23r-calefactor-de-pared-para-patio-2300w-remoto-ip34-plateado","status":"publish","type":"product","link":"https:\/\/opranic.com\/es\/shop\/calentadores-de-patio\/opranic-eco23r-calefactor-de-pared-para-patio-2300w-remoto-ip34-plateado\/","title":{"rendered":"OPRANIC ECO23R, calefactor de pared para terrazas, 2300 W, mando a distancia, IP34, plateado"},"content":{"rendered":"<div class=\"wpb-content-wrapper\">[vc_row][vc_column][\/vc_column][\/vc_row]\n<\/div>","protected":false},"excerpt":{"rendered":"<p><strong>Este modelo est\u00e1 descatalogado y se sustituye por <a href=\"https:\/\/opranic.com\/es\/shop\/calentadores-de-patio\/opranic-eco23r-calefactor-de-pared-para-patio-2300w-remoto-ip34-plateado\/\">NOVA23R-XC<\/a> o <a href=\"https:\/\/opranic.com\/es\/shop\/calentadores-de-patio\/v50-nova-es\/norveco-star-calentador-portable-para-patio-1800w-con-stand-remote-ip44\/\">STAR18RS<\/a> <\/strong><\/p>\n<h2 class=\"vcex-heading vcex-heading-plain vcex-module wpex-heading wpex-text-2xl\"><span class=\"vcex-heading-inner wpex-inline-block\">Nuestro calefactor cl\u00e1sico para exteriores<\/span><\/h2>\n<div class=\"wpb_text_column wpb_content_element section-margin\">\n<div class=\"wpb_wrapper\">\n<p>El calefactor Opranic ECO23R Terrasse est\u00e1 dise\u00f1ado para mejorar tus espacios exteriores con un rendimiento fiable y un dise\u00f1o elegante. Utiliza la eficaz tecnolog\u00eda Classic para ofrecer un s\u00f3lido rendimiento y eficiencia de calefacci\u00f3n, lo que la convierte en una gran elecci\u00f3n para la calefacci\u00f3n moderna de exteriores.<\/p>\n<h2 class=\"vcex-heading vcex-heading-plain vcex-module wpex-heading wpex-text-2xl\"><span class=\"vcex-heading-inner wpex-inline-block\">Caracter\u00edsticas de dise\u00f1o y seguridad<\/span><\/h2>\n<p>El cuerpo duradero del calefactor de terraza con mando a distancia Opranic ECO23R garantiza un rendimiento duradero. Su construcci\u00f3n es de robusto aluminio anodizado en acabados de alta temperatura. Los materiales est\u00e1n protegidos contra el \u00f3xido, lo que garantiza que el calentador mantenga su calidad y rendimiento a lo largo del tiempo.<\/p>\n<h2 class=\"vcex-heading vcex-heading-plain vcex-module wpex-heading wpex-text-2xl\"><span class=\"vcex-heading-inner wpex-inline-block\">Funcionalidad y control<\/span><\/h2>\n<p>Puedes instalar el calefactor de patio con mando a distancia de varias formas para que se adapte perfectamente a tu espacio. \u00c9stas son tus opciones:<\/p>\n<ul>\n<li>Montaje en techo para calor directo hacia abajo<\/li>\n<li>Montaje mural en cualquier direcci\u00f3n para un uso flexible<\/li>\n<li>Instalaci\u00f3n de toldos para calentar una zona concreta<\/li>\n<\/ul>\n<p>Esta flexibilidad garantiza que puedas disfrutar de un calor \u00f3ptimo donde m\u00e1s lo necesites.<\/p>\n<p>El ECO de Opranic, un calefactor para terrazas fiable, ofrece funciones eficientes, seguras y vers\u00e1tiles, lo que lo convierte en la elecci\u00f3n perfecta para cualquiera que quiera disfrutar de sus espacios al aire libre con temperaturas m\u00e1s frescas.<\/p>\n<\/div>\n<\/div>\n<p><strong>Este modelo est\u00e1 descatalogado y se sustituye por <a href=\"https:\/\/opranic.com\/es\/shop\/calentadores-de-patio\/opranic-eco23r-calefactor-de-pared-para-patio-2300w-remoto-ip34-plateado\/\">NOVA23R-XC<\/a> o <a href=\"https:\/\/opranic.com\/es\/shop\/calentadores-de-patio\/v50-nova-es\/norveco-star-calentador-portable-para-patio-1800w-con-stand-remote-ip44\/\">STAR18RS<\/a> <\/strong><\/p>\n","protected":false},"featured_media":20272,"comment_status":"open","ping_status":"closed","template":"","meta":{"_acf_changed":false,"inline_featured_image":false,"_joinchat":[]},"product_brand":[],"product_cat":[393],"product_tag":[],"class_list":{"0":"post-4135","1":"product","2":"type-product","3":"status-publish","4":"has-post-thumbnail","6":"product_cat-calentadores-de-patio","7":"entry","8":"has-media","10":"first","11":"outofstock","12":"taxable","13":"shipping-taxable","14":"purchasable","15":"product-type-simple"},"acf":[],"_links":{"self":[{"href":"https:\/\/opranic.com\/es\/wp-json\/wp\/v2\/product\/4135","targetHints":{"allow":["GET"]}}],"collection":[{"href":"https:\/\/opranic.com\/es\/wp-json\/wp\/v2\/product"}],"about":[{"href":"https:\/\/opranic.com\/es\/wp-json\/wp\/v2\/types\/product"}],"replies":[{"embeddable":true,"href":"https:\/\/opranic.com\/es\/wp-json\/wp\/v2\/comments?post=4135"}],"wp:featuredmedia":[{"embeddable":true,"href":"https:\/\/opranic.com\/es\/wp-json\/wp\/v2\/media\/20272"}],"wp:attachment":[{"href":"https:\/\/opranic.com\/es\/wp-json\/wp\/v2\/media?parent=4135"}],"wp:term":[{"taxonomy":"product_brand","embeddable":true,"href":"https:\/\/opranic.com\/es\/wp-json\/wp\/v2\/product_brand?post=4135"},{"taxonomy":"product_cat","embeddable":true,"href":"https:\/\/opranic.com\/es\/wp-json\/wp\/v2\/product_cat?post=4135"},{"taxonomy":"product_tag","embeddable":true,"href":"https:\/\/opranic.com\/es\/wp-json\/wp\/v2\/product_tag?post=4135"}],"curies":[{"name":"wp","href":"https:\/\/api.w.org\/{rel}","templated":true}]}}