{"id":4195,"date":"2023-04-21T07:01:39","date_gmt":"2023-04-21T07:01:39","guid":{"rendered":"https:\/\/opranic.com\/product\/cubierta-de-calentador-de-pared-opranic-para-eco-pro-negro\/"},"modified":"2026-03-30T21:11:34","modified_gmt":"2026-03-30T19:11:34","slug":"opranic-cubre-calentador-de-pared-eco-pro-negro","status":"publish","type":"product","link":"https:\/\/opranic.com\/es\/shop\/accesorios\/calefactores-exterior\/opranic-cubre-calentador-de-pared-eco-pro-negro\/","title":{"rendered":"Funda para calefactor Opranic para V50 y V70"},"content":{"rendered":"<div class=\"wpb-content-wrapper\">[vc_row][vc_column][vc_tta_tabs][vc_tta_section title=\u00bbDetalles\u00bb tab_id=\u00bb1760790713439-1c128aa2-96d7&#8243;]<h2 class=\"vcex-heading vcex-heading-plain vcex-module wpex-heading wpex-text-2xl\"><span class=\"vcex-heading-inner wpex-inline-block\">Funda para calefactor Opranic para V50 y V70<\/span><\/h2>[vc_column_text css=\u00bb\u00bb]\n<p data-start=\"905\" data-end=\"1018\"><strong data-start=\"905\" data-end=\"913\">SKU:<\/strong> WALLCOVER-B<br data-start=\"925\" data-end=\"928\"><strong data-start=\"928\" data-end=\"939\">Color:<\/strong> Negro<br data-start=\"945\" data-end=\"948\"><strong data-start=\"948\" data-end=\"975\">Dimensiones (L x An x Al):<\/strong> 95 x 15 x 22 cm<br data-start=\"991\" data-end=\"994\"><strong data-start=\"994\" data-end=\"1016\">Modelos compatibles:<\/strong><\/p>\n<ul>\n<li>Modelos: NOVA V50, PRO V70<\/li>\n<li>Modelos anteriores: ECO18 \/ ECO23, PRO15 \/ PRO23, NOVA18 \/ NOVA23<\/li>\n<\/ul>\n<p data-start=\"1123\" data-end=\"1408\">Proteja su calefactor infrarrojo Opranic de pared con esta funda a medida, dise\u00f1ada para mantener el aspecto y el rendimiento de su calefactor con el paso del tiempo. Fabricada con un tejido resistente e impermeable, ofrece una protecci\u00f3n fiable contra el polvo y la humedad cuando el calefactor no est\u00e1 en uso. <\/p>\n<p data-start=\"1410\" data-end=\"1717\">La funda para calefactor de pared Opranic est\u00e1 hecha a medida espec\u00edficamente para los modelos Opranic y garantiza un ajuste perfecto. Simplemente deslice la funda sobre su calefactor y aseg\u00farela en la parte posterior con las correas de velcro integradas. El dise\u00f1o permite una instalaci\u00f3n y extracci\u00f3n r\u00e1pidas, mientras que el material sigue siendo flexible y f\u00e1cil de manejar.  <\/p>\n<p data-start=\"1719\" data-end=\"2060\">Fabricada con un tejido t\u00e9cnico de alta calidad, resistente al desgarro e hidr\u00f3fugo, esta funda ayuda a preservar la superficie y los reflectores de su calefactor, evitando la acumulaci\u00f3n de polvo que puede afectar al rendimiento. El elegante dise\u00f1o negro refleja el estilo escandinavo atemporal de los productos Opranic, combinando la practicidad con la est\u00e9tica moderna. <\/p>\n<p data-start=\"2062\" data-end=\"2241\">Perfecta tanto para uso en interiores como en exteriores protegidos, esta funda protectora mantiene su calefactor Opranic en excelentes condiciones, listo para ofrecer un confort \u00f3ptimo siempre que lo necesite.<\/p>\n<p data-start=\"2243\" data-end=\"2261\"><strong data-start=\"2243\" data-end=\"2259\">Caracter\u00edsticas principales<\/strong><\/p>\n<ul>\n<li data-start=\"2243\" data-end=\"2261\">Dise\u00f1ada espec\u00edficamente para calefactores de pared Opranic<\/li>\n<li data-start=\"2264\" data-end=\"2320\">Tejido t\u00e9cnico duradero y resistente al desgarro<\/li>\n<li data-start=\"2323\" data-end=\"2365\">Hidr\u00f3fugo y f\u00e1cil de limpiar<\/li>\n<li data-start=\"2368\" data-end=\"2403\">Se asegura con correas de velcro para un ajuste perfecto<\/li>\n<li data-start=\"2406\" data-end=\"2452\">Protege contra el polvo y la humedad<\/li>\n<li data-start=\"2455\" data-end=\"2491\">Se adapta a los modelos Opranic actuales y anteriores<\/li>\n<\/ul>\n<p data-start=\"2541\" data-end=\"2564\"><strong data-start=\"2541\" data-end=\"2562\">Volumen de suministro<\/strong><\/p>\n<ul>\n<li data-start=\"2567\" data-end=\"2606\">1 x Funda para calefactor de pared Opranic (negra)<\/li>\n<\/ul>\n<p data-start=\"2608\" data-end=\"2703\"><strong data-start=\"2608\" data-end=\"2622\">Importante:<\/strong> <em><strong>Utilice la funda solo cuando el calefactor est\u00e9 apagado y completamente fr\u00edo<\/strong><\/em>.<\/p>\n[\/vc_column_text][\/vc_tta_section][\/vc_tta_tabs][\/vc_column][\/vc_row]\n<\/div>","protected":false},"excerpt":{"rendered":"<h2 data-start=\"366\" data-end=\"397\">Funda para calefactor de pared Opranic<\/h2>\n<p data-start=\"399\" data-end=\"812\">Proteja su calefactor de pared Opranic con esta funda negra duradera. Dise\u00f1ada para los modelos Opranic actuales y anteriores, protege su calefactor del polvo, la suciedad y la humedad cuando no est\u00e1 en uso. Fabricada con tejido resistente a la intemperie de alta calidad, la funda se desliza f\u00e1cilmente sobre el calefactor y se asegura en la parte posterior con correas de velcro para un ajuste perfecto. Mantenga su calefactor Opranic limpio y listo para la pr\u00f3xima temporada.   <\/p>\n<p><strong data-start=\"905\" data-end=\"913\">SKU:<\/strong> WALLCOVER-B<br data-start=\"925\" data-end=\"928\"><strong data-start=\"928\" data-end=\"939\">Color:<\/strong> Negro<br data-start=\"945\" data-end=\"948\"><strong data-start=\"948\" data-end=\"975\">Dimensiones (L x An x Al):<\/strong> 95 x 15 x 22 cm<\/p>\n","protected":false},"featured_media":20729,"comment_status":"closed","ping_status":"closed","template":"","meta":{"_acf_changed":false,"inline_featured_image":false,"_joinchat":[]},"product_brand":[],"product_cat":[1044,1054],"product_tag":[],"class_list":{"0":"post-4195","1":"product","2":"type-product","3":"status-publish","4":"has-post-thumbnail","6":"product_cat-accesorios","7":"product_cat-calefactores-exterior","8":"entry","9":"has-media","11":"first","12":"instock","13":"taxable","14":"shipping-taxable","15":"purchasable","16":"product-type-simple"},"acf":[],"_links":{"self":[{"href":"https:\/\/opranic.com\/es\/wp-json\/wp\/v2\/product\/4195","targetHints":{"allow":["GET"]}}],"collection":[{"href":"https:\/\/opranic.com\/es\/wp-json\/wp\/v2\/product"}],"about":[{"href":"https:\/\/opranic.com\/es\/wp-json\/wp\/v2\/types\/product"}],"replies":[{"embeddable":true,"href":"https:\/\/opranic.com\/es\/wp-json\/wp\/v2\/comments?post=4195"}],"wp:featuredmedia":[{"embeddable":true,"href":"https:\/\/opranic.com\/es\/wp-json\/wp\/v2\/media\/20729"}],"wp:attachment":[{"href":"https:\/\/opranic.com\/es\/wp-json\/wp\/v2\/media?parent=4195"}],"wp:term":[{"taxonomy":"product_brand","embeddable":true,"href":"https:\/\/opranic.com\/es\/wp-json\/wp\/v2\/product_brand?post=4195"},{"taxonomy":"product_cat","embeddable":true,"href":"https:\/\/opranic.com\/es\/wp-json\/wp\/v2\/product_cat?post=4195"},{"taxonomy":"product_tag","embeddable":true,"href":"https:\/\/opranic.com\/es\/wp-json\/wp\/v2\/product_tag?post=4195"}],"curies":[{"name":"wp","href":"https:\/\/api.w.org\/{rel}","templated":true}]}}