{"id":4213,"date":"2023-04-18T15:35:23","date_gmt":"2023-04-18T15:35:23","guid":{"rendered":"https:\/\/opranic.com\/product\/termostato-enchufable-opranic-ot50\/"},"modified":"2026-03-28T15:05:07","modified_gmt":"2026-03-28T14:05:07","slug":"opranic-plugin-termostato-ot50","status":"publish","type":"product","link":"https:\/\/opranic.com\/es\/shop\/accesorios\/calefactores-interior\/opranic-plugin-termostato-ot50\/","title":{"rendered":"Termostato enchufable OPRANIC OT50"},"content":{"rendered":"<div class=\"wpb-content-wrapper\">[vc_row][vc_column][vc_tta_tabs][vc_tta_section title=\u00bbDetalles\u00bb tab_id=\u00bb1760790713439-1c128aa2-96d7&#8243;]<h2 class=\"vcex-heading vcex-heading-plain vcex-module wpex-heading wpex-text-2xl\"><span class=\"vcex-heading-inner wpex-inline-block\">Enchufe con termostato Opranic OT50<\/span><\/h2>[vc_column_text css=\u00bb\u00bb]\n<p data-start=\"974\" data-end=\"1177\"><strong data-start=\"974\" data-end=\"982\">SKU:<\/strong> OT50<br data-start=\"987\" data-end=\"990\"><strong data-start=\"990\" data-end=\"1007\">Power supply:<\/strong> 230 V \/ 50 Hz<br data-start=\"1021\" data-end=\"1024\"><strong data-start=\"1024\" data-end=\"1046\">Temperature range:<\/strong> 3 \u00b0C \u2013 40 \u00b0C<br data-start=\"1059\" data-end=\"1062\"><strong data-start=\"1062\" data-end=\"1075\">Accuracy:<\/strong> \u00b10.5 \u00b0C<br data-start=\"1083\" data-end=\"1086\"><strong data-start=\"1086\" data-end=\"1099\">Max load:<\/strong> 16 A<br data-start=\"1104\" data-end=\"1107\"><strong data-start=\"1107\" data-end=\"1128\">Protection class:<\/strong> IP20<br data-start=\"1133\" data-end=\"1136\"><strong data-start=\"1136\" data-end=\"1162\">Operating temperature:<\/strong> 0 \u00b0C \u2013 40 \u00b0C<\/p>\n<p data-start=\"1179\" data-end=\"1449\">El Opranic OT50 es un termostato compacto dise\u00f1ado para un f\u00e1cil control de sus paneles calefactores de infrarrojos Opranic. Proporciona una regulaci\u00f3n precisa de la temperatura, lo que le ayuda a mantener un clima ambiente constante y confortable, al tiempo que reduce el consumo innecesario de energ\u00eda. <\/p>\n<p data-start=\"1451\" data-end=\"1749\">Simplemente conecte el termostato OT50 a una toma de corriente est\u00e1ndar, enchufe su calefactor al termostato y ajuste la temperatura deseada mediante los intuitivos controles. La brillante pantalla digital muestra la temperatura ambiente actual y el ajuste seleccionado, lo que le permite supervisar y ajustar con facilidad. <\/p>\n<p data-start=\"1751\" data-end=\"2040\">Con un ajuste de temperatura en incrementos de 0,5 \u00b0C, el OT50 ofrece un control preciso sobre su nivel de confort. La funci\u00f3n de protecci\u00f3n contra heladas integrada se activa autom\u00e1ticamente a 3 \u00b0C para evitar la congelaci\u00f3n en entornos fr\u00edos, lo que lo hace ideal para su uso en hogares, oficinas, talleres o casas de campo. <\/p>\n<p data-start=\"2042\" data-end=\"2311\">El termostato incluye un pr\u00e1ctico modo OFF para la desactivaci\u00f3n completa del aparato conectado cuando no se requiere calefacci\u00f3n. Dise\u00f1ado con una salida de rel\u00e9 de alta calidad, soporta cargas de hasta 16 A, lo que garantiza la compatibilidad con todos los paneles calefactores de infrarrojos Opranic. <\/p>\n<p data-start=\"2313\" data-end=\"2447\">El Opranic OT50 combina simplicidad y eficiencia en un solo dispositivo, lo que le proporciona un control total de su calefacci\u00f3n con el m\u00ednimo esfuerzo.<\/p>\n<p data-start=\"2449\" data-end=\"2467\"><strong data-start=\"2449\" data-end=\"2465\">Caracter\u00edsticas principales<\/strong><\/p>\n<ul data-start=\"2468\" data-end=\"2674\">\n<li data-start=\"2468\" data-end=\"2503\">\n<p data-start=\"2470\" data-end=\"2503\">F\u00e1cil instalaci\u00f3n \u00abplug-and-play\u00bb<\/p>\n<\/li>\n<li data-start=\"2504\" data-end=\"2551\">\n<p data-start=\"2506\" data-end=\"2551\">Control preciso de la temperatura en pasos de 0,5 \u00b0C<\/p>\n<\/li>\n<li data-start=\"2552\" data-end=\"2588\">\n<p data-start=\"2554\" data-end=\"2588\">Funci\u00f3n de protecci\u00f3n contra heladas (3 \u00b0C)<\/p>\n<\/li>\n<li data-start=\"2589\" data-end=\"2623\">\n<p data-start=\"2591\" data-end=\"2623\">Pantalla clara y f\u00e1cil de leer<\/p>\n<\/li>\n<li data-start=\"2624\" data-end=\"2643\">\n<p data-start=\"2626\" data-end=\"2643\">Salida m\u00e1xima de 16 A<\/p>\n<\/li>\n<li data-start=\"2644\" data-end=\"2674\">\n<p data-start=\"2646\" data-end=\"2674\">Dise\u00f1o compacto y elegante<\/p>\n<\/li>\n<\/ul>\n[\/vc_column_text][\/vc_tta_section][\/vc_tta_tabs][\/vc_column][\/vc_row]\n<\/div>","protected":false},"excerpt":{"rendered":"<h2>Enchufe con termostato Opranic OT50<\/h2>\n<p>Controle f\u00e1cilmente su panel calefactor de infrarrojos Opranic con el enchufe con termostato OT50. Simplemente conecte el termostato a la toma de corriente de la pared y enchufe su calefactor para un control autom\u00e1tico de la temperatura. Ajuste su temperatura preferida y disfrute de un calor constante y confortable sin necesidad de ajustes manuales. La pantalla digital facilita el manejo, mientras que el termostato garantiza la m\u00e1xima eficiencia energ\u00e9tica y confort en cada habitaci\u00f3n.   <\/p>\n<p><strong data-start=\"974\" data-end=\"982\">SKU:<\/strong> OT50<br data-start=\"987\" data-end=\"990\"><strong data-start=\"990\" data-end=\"1007\">Fuente de alimentaci\u00f3n:<\/strong> 230 V \/ 50 Hz<br data-start=\"1021\" data-end=\"1024\"><strong data-start=\"1024\" data-end=\"1046\">Rango de temperatura:<\/strong> 3 \u00b0C \u2013 40 \u00b0C<br data-start=\"1059\" data-end=\"1062\"><strong data-start=\"1062\" data-end=\"1075\">Precisi\u00f3n:<\/strong> \u00b10,5 \u00b0C<br data-start=\"1083\" data-end=\"1086\"><strong data-start=\"1086\" data-end=\"1099\">Carga m\u00e1xima:<\/strong> 16 A<br data-start=\"1104\" data-end=\"1107\"><strong data-start=\"1107\" data-end=\"1128\">Clase de protecci\u00f3n:<\/strong> IP20<br data-start=\"1133\" data-end=\"1136\"><strong data-start=\"1136\" data-end=\"1162\">Temperatura de funcionamiento:<\/strong> 0 \u00b0C \u2013 40 \u00b0C<\/p>\n<p>&nbsp;<\/p>\n","protected":false},"featured_media":20282,"comment_status":"closed","ping_status":"closed","template":"","meta":{"_acf_changed":false,"inline_featured_image":false,"_joinchat":[]},"product_brand":[],"product_cat":[1044,1049],"product_tag":[],"class_list":{"0":"post-4213","1":"product","2":"type-product","3":"status-publish","4":"has-post-thumbnail","6":"product_cat-accesorios","7":"product_cat-calefactores-interior","8":"entry","9":"has-media","11":"first","12":"instock","13":"taxable","14":"shipping-taxable","15":"purchasable","16":"product-type-simple"},"acf":[],"_links":{"self":[{"href":"https:\/\/opranic.com\/es\/wp-json\/wp\/v2\/product\/4213","targetHints":{"allow":["GET"]}}],"collection":[{"href":"https:\/\/opranic.com\/es\/wp-json\/wp\/v2\/product"}],"about":[{"href":"https:\/\/opranic.com\/es\/wp-json\/wp\/v2\/types\/product"}],"replies":[{"embeddable":true,"href":"https:\/\/opranic.com\/es\/wp-json\/wp\/v2\/comments?post=4213"}],"wp:featuredmedia":[{"embeddable":true,"href":"https:\/\/opranic.com\/es\/wp-json\/wp\/v2\/media\/20282"}],"wp:attachment":[{"href":"https:\/\/opranic.com\/es\/wp-json\/wp\/v2\/media?parent=4213"}],"wp:term":[{"taxonomy":"product_brand","embeddable":true,"href":"https:\/\/opranic.com\/es\/wp-json\/wp\/v2\/product_brand?post=4213"},{"taxonomy":"product_cat","embeddable":true,"href":"https:\/\/opranic.com\/es\/wp-json\/wp\/v2\/product_cat?post=4213"},{"taxonomy":"product_tag","embeddable":true,"href":"https:\/\/opranic.com\/es\/wp-json\/wp\/v2\/product_tag?post=4213"}],"curies":[{"name":"wp","href":"https:\/\/api.w.org\/{rel}","templated":true}]}}