{"id":4220,"date":"2023-04-18T14:52:52","date_gmt":"2023-04-18T12:52:52","guid":{"rendered":"https:\/\/opranic.com\/product\/4220\/"},"modified":"2026-03-30T21:11:19","modified_gmt":"2026-03-30T19:11:19","slug":"porta-toallas-opranic-para-p5-700-900-1100","status":"publish","type":"product","link":"https:\/\/opranic.com\/es\/shop\/accesorios\/calefactores-interior\/porta-toallas-opranic-para-p5-700-900-1100\/","title":{"rendered":"OPRANIC Toallero para P5 700\/900\/1100"},"content":{"rendered":"<div class=\"wpb-content-wrapper\">[vc_row][vc_column][vc_tta_tabs][vc_tta_section title=\u00bbDetalles\u00bb tab_id=\u00bb1760790713439-1c128aa2-96d7&#8243;]<h2 class=\"vcex-heading vcex-heading-plain vcex-module wpex-heading wpex-text-2xl\"><span class=\"vcex-heading-inner wpex-inline-block\">Toallero Opranic<\/span><\/h2>[vc_column_text css=\u00bb\u00bb]\n<h4 data-start=\"846\" data-end=\"877\">Toallero Opranic<\/h4>\n<p data-start=\"878\" data-end=\"1022\"><strong data-start=\"878\" data-end=\"886\">SKU:<\/strong> PT001<br data-start=\"892\" data-end=\"895\"><strong data-start=\"895\" data-end=\"908\">Material:<\/strong> Aluminio cepillado<br data-start=\"925\" data-end=\"928\"><strong data-start=\"928\" data-end=\"943\">Para modelos:<\/strong> P5 \/ P6 \/ P7<br data-start=\"956\" data-end=\"959\"><strong data-start=\"959\" data-end=\"986\">Dimensiones (alto x ancho x fondo):<\/strong> 4 x 72 x 12 cm y 4 x 72 x 10 cm<\/p>\n<p data-start=\"1024\" data-end=\"1243\">Disfrute de toallas perfectamente c\u00e1lidas y secas cada d\u00eda con el juego de toallero de Opranic para las series de calefactores infrarrojos P5, P6 y P7. Este elegante accesorio convierte su calefactor de ba\u00f1o en un calienta toallas elegante y pr\u00e1ctico. <\/p>\n<p data-start=\"1245\" data-end=\"1491\">Cada soporte est\u00e1 fabricado con aluminio cepillado de alta calidad, lo que garantiza una durabilidad prolongada y un acabado refinado. El juego incluye dos soportes dise\u00f1ados con un espaciado ideal para permitir una distribuci\u00f3n uniforme del calor y evitar que las toallas se toquen entre s\u00ed. <\/p>\n<p data-start=\"1493\" data-end=\"1732\">La instalaci\u00f3n es r\u00e1pida y sencilla: basta con fijar los soportes a la parte posterior del calefactor utilizando los tornillos de montaje suministrados. En pocos minutos, su panel de infrarrojos se convierte en una soluci\u00f3n de calefacci\u00f3n c\u00f3moda y funcional para su ba\u00f1o. <\/p>\n<p data-start=\"1734\" data-end=\"1907\">Desarrollado exclusivamente para los calefactores Opranic, el juego de toalleros combina la sencillez escandinava con la comodidad diaria, mejorando tanto el confort como el dise\u00f1o de su hogar.<\/p>\n<p data-start=\"1909\" data-end=\"1932\"><strong data-start=\"1909\" data-end=\"1930\">Volumen de suministro<\/strong><\/p>\n<ul data-start=\"1933\" data-end=\"1993\">\n<li data-start=\"1933\" data-end=\"1972\">\n<p data-start=\"1935\" data-end=\"1972\">1 x Juego de toalleros (2 piezas)<\/p>\n<\/li>\n<li data-start=\"1973\" data-end=\"1993\">\n<p data-start=\"1975\" data-end=\"1993\">1 x Kit de montaje<\/p>\n<\/li>\n<\/ul>\n[\/vc_column_text][\/vc_tta_section][\/vc_tta_tabs][\/vc_column][\/vc_row]\n<\/div>","protected":false},"excerpt":{"rendered":"<section class=\"product-intro\">\n<h2>Toallero Opranic para P5 700\/900\/1100<\/h2>\n<p>Convierta su panel calefactor de infrarrojos Opranic en un elegante toallero con este juego de toallero de alta calidad. Fabricado en aluminio cepillado y dise\u00f1ado para combinar con la est\u00e9tica minimalista de Opranic, calienta y seca las toallas de forma eficiente a la vez que realza el dise\u00f1o de su ba\u00f1o. <\/p>\n<ul class=\"premium-features\">\n<li>Dise\u00f1ado para P5 700\/900\/1100 (tambi\u00e9n compatible con P6 y P7)<\/li>\n<li>Fabricaci\u00f3n duradera en aluminio cepillado<\/li>\n<li>Dos soportes con espaciado optimizado para un calentamiento uniforme<\/li>\n<li>Instalaci\u00f3n r\u00e1pida y sencilla con el kit de montaje incluido<\/li>\n<li>Aspecto escandinavo y limpio para ba\u00f1os modernos<\/li>\n<\/ul>\n<\/section>\n","protected":false},"featured_media":2389,"comment_status":"closed","ping_status":"closed","template":"","meta":{"_acf_changed":false,"inline_featured_image":false,"_joinchat":[]},"product_brand":[],"product_cat":[1044,1049],"product_tag":[],"class_list":{"0":"post-4220","1":"product","2":"type-product","3":"status-publish","4":"has-post-thumbnail","6":"product_cat-accesorios","7":"product_cat-calefactores-interior","8":"entry","9":"has-media","11":"first","12":"instock","13":"taxable","14":"shipping-taxable","15":"purchasable","16":"product-type-simple"},"acf":[],"_links":{"self":[{"href":"https:\/\/opranic.com\/es\/wp-json\/wp\/v2\/product\/4220","targetHints":{"allow":["GET"]}}],"collection":[{"href":"https:\/\/opranic.com\/es\/wp-json\/wp\/v2\/product"}],"about":[{"href":"https:\/\/opranic.com\/es\/wp-json\/wp\/v2\/types\/product"}],"replies":[{"embeddable":true,"href":"https:\/\/opranic.com\/es\/wp-json\/wp\/v2\/comments?post=4220"}],"wp:featuredmedia":[{"embeddable":true,"href":"https:\/\/opranic.com\/es\/wp-json\/wp\/v2\/media\/2389"}],"wp:attachment":[{"href":"https:\/\/opranic.com\/es\/wp-json\/wp\/v2\/media?parent=4220"}],"wp:term":[{"taxonomy":"product_brand","embeddable":true,"href":"https:\/\/opranic.com\/es\/wp-json\/wp\/v2\/product_brand?post=4220"},{"taxonomy":"product_cat","embeddable":true,"href":"https:\/\/opranic.com\/es\/wp-json\/wp\/v2\/product_cat?post=4220"},{"taxonomy":"product_tag","embeddable":true,"href":"https:\/\/opranic.com\/es\/wp-json\/wp\/v2\/product_tag?post=4220"}],"curies":[{"name":"wp","href":"https:\/\/api.w.org\/{rel}","templated":true}]}}