{"id":21979,"date":"2023-08-03T17:02:36","date_gmt":"2023-08-03T15:02:36","guid":{"rendered":"https:\/\/opranic.com\/politique-de-confidentialite\/"},"modified":"2025-10-30T02:09:57","modified_gmt":"2025-10-30T01:09:57","slug":"politique-de-confidentialite","status":"publish","type":"page","link":"https:\/\/opranic.com\/fr\/politique-de-confidentialite\/","title":{"rendered":"Politique de confidentialit\u00e9"},"content":{"rendered":"<div class=\"wpb-content-wrapper\">[vc_row][vc_column width=\u00a0\u00bb1\/4&Prime;]<h2 class=\"vcex-heading vcex-heading-plain vcex-module wpex-heading wpex-text-2xl\"><span class=\"vcex-heading-inner wpex-inline-block\">CONDITIONS G\u00c9N\u00c9RALES<\/span><\/h2><div class=\"vcex-spacing wpex-w-100 wpex-clear\"><\/div><style>.vcex-navbar.vcex_69dfcc0b3385c a.vcex-navbar-link{color:#ffffff;background:#ee9305;text-transform:uppercase;}.vcex-navbar.vcex_69dfcc0b3385c a.vcex-navbar-link:is(:hover,.active){color:#ffffff;background:#d6d6d6;}.vcex-navbar.vcex_69dfcc0b3385c a.vcex-navbar-link:is(:active,.active){color:#ffffff;background:#262626;}<\/style><nav class=\"vcex-navbar vcex-navbar--expanded vcex-module vcex_69dfcc0b3385c\"><div class=\"vcex-navbar-inner wpex-clr\"><a href=\"https:\/\/opranic.com\/general-terms-and-conditions\/\" class=\"vcex-navbar-link vcex-navbar-link--5959 wpex-block wpex-float-left wpex-mb-5 theme-button minimal-border expanded has-bg-hover\"><span class=\"vcex-navbar-link-text\">Terms and conditions<\/span><\/a><a href=\"https:\/\/opranic.com\/privacy-policy\/\" class=\"vcex-navbar-link vcex-navbar-link--5964 wpex-block wpex-float-left wpex-mb-5 theme-button minimal-border expanded has-bg-hover\"><span class=\"vcex-navbar-link-text\">Privacy Policy<\/span><\/a><a href=\"https:\/\/opranic.com\/return-policy\/\" class=\"vcex-navbar-link vcex-navbar-link--6068 wpex-block wpex-float-left wpex-mb-5 theme-button minimal-border expanded has-bg-hover\"><span class=\"vcex-navbar-link-text\">Return Policy<\/span><\/a><a href=\"https:\/\/opranic.com\/imprint\/\" class=\"vcex-navbar-link vcex-navbar-link--6057 wpex-block wpex-float-left wpex-mb-5 theme-button minimal-border expanded has-bg-hover\"><span class=\"vcex-navbar-link-text\">imprint<\/span><\/a><\/div><\/nav>[\/vc_column][vc_column width=\u00a0\u00bb3\/4&Prime;]<h2 class=\"vcex-heading vcex-heading-plain vcex-module wpex-heading wpex-text-2xl\"><span class=\"vcex-heading-inner wpex-inline-block\">POLITIQUE DE CONFIDENTIALIT\u00c9<\/span><\/h2>[vc_column_text css=\u00a0\u00bb\u00a0\u00bb]\n<div class=\"vc_row wpb_row vc_row-fluid\">\n<div class=\"wpb_column vc_column_container vc_col-sm-12\">\n<div class=\"vc_column-inner\">\n<div class=\"wpb_wrapper\">\n<h1>Politique de confidentialit\u00e9<\/h1>\n<div class=\"toc\">\n<h2>Table des mati\u00e8res<\/h2>\n<ol>\n<li><a href=\"#introduction\">Introduction et coordonn\u00e9es du responsable du traitement<\/a><\/li>\n<li><a href=\"#data-collection\">Collecte de donn\u00e9es lors de la visite de notre site web<\/a><\/li>\n<li><a href=\"#cookies\">Cookies<\/a><\/li>\n<li><a href=\"#contact\">Nous contacter<\/a><\/li>\n<li><a href=\"#customer-account\">Traitement des donn\u00e9es lors de l&rsquo;ouverture d&rsquo;un compte client<\/a><\/li>\n<li><a href=\"#direct-marketing\">Utilisation des donn\u00e9es client \u00e0 des fins de marketing direct<\/a><\/li>\n<li><a href=\"#order-processing\">Traitement des donn\u00e9es pour le traitement des commandes<\/a><\/li>\n<li><a href=\"#site-functionalities\">Fonctionnalit\u00e9s du site<\/a><\/li>\n<li><a href=\"#tools\">Outils et divers<\/a><\/li>\n<li><a href=\"#rights\">Droits de la personne concern\u00e9e<\/a><\/li>\n<li><a href=\"#storage-duration\">Dur\u00e9e de conservation des donn\u00e9es personnelles<\/a><\/li>\n<\/ol>\n<\/div>\n<div id=\"introduction\" class=\"section\">\n<h2><\/h2>\n<h2>1) Introduction et coordonn\u00e9es du responsable du traitement<\/h2>\n<p>1.1 Nous sommes heureux de votre visite sur notre site web et vous remercions de votre int\u00e9r\u00eat. Cette politique vous informe sur le traitement de vos donn\u00e9es personnelles lors de l&rsquo;utilisation de notre site web. Les donn\u00e9es personnelles sont toutes les donn\u00e9es permettant de vous identifier personnellement.  <\/p>\n<p>1.2 Le responsable du traitement des donn\u00e9es sur ce site web est Opranic AB Box 2548 116 74 Stockholm Su\u00e8de T\u00e9l. : +46855920360 E-Mail : kontakt@opranic.se.<\/p>\n<\/div>\n<p>&nbsp;<\/p>\n<div id=\"data-collection\" class=\"section\">\n<h2>2) Collecte de donn\u00e9es lors de la visite de notre site web<\/h2>\n<p>Si vous utilisez notre site web uniquement \u00e0 des fins d&rsquo;information, nous ne collectons que les donn\u00e9es que votre navigateur transmet au serveur du site (fichiers journaux du serveur). Ces donn\u00e9es comprennent : <\/p>\n<ul>\n<li>Site web visit\u00e9<\/li>\n<li>Date et heure d&rsquo;acc\u00e8s<\/li>\n<li>Quantit\u00e9 de donn\u00e9es envoy\u00e9es<\/li>\n<li>Source\/lien d&rsquo;o\u00f9 vous venez<\/li>\n<li>Navigateur utilis\u00e9<\/li>\n<li>Syst\u00e8me d&rsquo;exploitation utilis\u00e9<\/li>\n<li>Adresse IP (sous forme anonymis\u00e9e)<\/li>\n<\/ul>\n<p>Le traitement est effectu\u00e9 sur la base de notre int\u00e9r\u00eat l\u00e9gitime \u00e0 am\u00e9liorer la stabilit\u00e9 et la fonctionnalit\u00e9 de notre site web. Les donn\u00e9es ne seront pas transmises ou utilis\u00e9es d&rsquo;une autre mani\u00e8re, sauf si la loi l&rsquo;exige. <\/p>\n<\/div>\n<p>&nbsp;<\/p>\n<div id=\"cookies\" class=\"section\">\n<h2>3) Cookies<\/h2>\n<p>Nous utilisons des cookies pour rendre notre site web plus attrayant et pour permettre l&rsquo;utilisation de certaines fonctions. Vous pouvez configurer votre navigateur pour qu&rsquo;il vous informe de l&rsquo;installation de cookies et d\u00e9cider individuellement de les accepter ou non. Veuillez noter que si les cookies ne sont pas accept\u00e9s, la fonctionnalit\u00e9 de notre site web peut \u00eatre limit\u00e9e.  <\/p>\n<\/div>\n<p>&nbsp;<\/p>\n<div id=\"contact\" class=\"section\">\n<h2>4) Nous contacter<\/h2>\n<h3>4.1 WhatsApp Business<\/h3>\n<p>Nous offrons aux visiteurs la possibilit\u00e9 de nous contacter via WhatsApp. Si vous nous contactez via WhatsApp, nous stockerons et utiliserons votre num\u00e9ro de t\u00e9l\u00e9phone portable et toute autre information que vous fournirez pour r\u00e9pondre \u00e0 votre demande. Vos donn\u00e9es seront utilis\u00e9es exclusivement \u00e0 cette fin et ne seront pas partag\u00e9es avec des tiers. Pour plus d&rsquo;informations, veuillez consulter la politique de confidentialit\u00e9 de WhatsApp.   <\/p>\n<p>&nbsp;<\/p>\n<h3>4.2 Formulaire de contact et e-mail<\/h3>\n<p>Lorsque vous nous contactez via un formulaire de contact ou par e-mail, vos donn\u00e9es personnelles sont trait\u00e9es exclusivement pour r\u00e9pondre \u00e0 votre demande. La base juridique de ce traitement est notre int\u00e9r\u00eat l\u00e9gitime \u00e0 r\u00e9pondre \u00e0 votre demande. Si votre contact vise un contrat, la base juridique suppl\u00e9mentaire du traitement est l&rsquo;ex\u00e9cution de ce contrat.  <\/p>\n<\/div>\n<p>&nbsp;<\/p>\n<div id=\"customer-account\" class=\"section\">\n<h2>5) Traitement des donn\u00e9es lors de l&rsquo;ouverture d&rsquo;un compte client<\/h2>\n<p>Des donn\u00e9es personnelles seront collect\u00e9es et trait\u00e9es lorsque vous ouvrirez un compte client. Ces donn\u00e9es sont n\u00e9cessaires \u00e0 l&rsquo;ex\u00e9cution du contrat. Vous pouvez supprimer votre compte client \u00e0 tout moment en nous contactant.  <\/p>\n<\/div>\n<p>&nbsp;<\/p>\n<div id=\"direct-marketing\" class=\"section\">\n<h2>6) Utilisation des donn\u00e9es client \u00e0 des fins de marketing direct<\/h2>\n<h3>6.1 S&rsquo;abonner \u00e0 notre newsletter par e-mail<\/h3>\n<p>Si vous vous abonnez \u00e0 notre newsletter par e-mail, nous vous enverrons des informations sur nos offres. Vous pouvez vous d\u00e9sabonner \u00e0 tout moment via le lien figurant dans la newsletter. Nous utilisons la proc\u00e9dure de double opt-in pour v\u00e9rifier votre abonnement.  <\/p>\n<p>&nbsp;<\/p>\n<h3>6.2 Envoi de la newsletter par e-mail aux clients existants<\/h3>\n<p>Si vous nous avez fourni votre adresse e-mail lors de l&rsquo;achat de biens ou de services, nous pouvons vous envoyer des informations sur des biens ou des services similaires. Vous pouvez vous d\u00e9sinscrire de ces e-mails \u00e0 tout moment. <\/p>\n<p>&nbsp;<\/p>\n<h3>6.3 MailChimp<\/h3>\n<p>Nos newsletters par e-mail sont envoy\u00e9es via MailChimp. Pour plus d&rsquo;informations, veuillez consulter la politique de confidentialit\u00e9 de MailChimp. <\/p>\n<\/div>\n<p>&nbsp;<\/p>\n<div id=\"order-processing\" class=\"section\">\n<h2>7) Traitement des donn\u00e9es pour le traitement des commandes<\/h2>\n<p>Pour le traitement des commandes, nous partageons vos donn\u00e9es avec des soci\u00e9t\u00e9s de transport et des prestataires de services de paiement comme Stripe. Vos donn\u00e9es seront utilis\u00e9es uniquement pour le traitement de votre commande. Pour plus de d\u00e9tails, veuillez consulter la politique de confidentialit\u00e9 de Stripe.  <\/p>\n<\/div>\n<p>&nbsp;<\/p>\n<div id=\"site-functionalities\" class=\"section\">\n<h2>8) Fonctionnalit\u00e9s du site<\/h2>\n<h3>8.1 Google Maps<\/h3>\n<p>Nous utilisons Google Maps pour afficher notre emplacement et faciliter l&rsquo;itin\u00e9raire. Pour plus d&rsquo;informations, veuillez consulter la politique de confidentialit\u00e9 de Google. <\/p>\n<p>&nbsp;<\/p>\n<h3>8.2 Google reCAPTCHA<\/h3>\n<p>Nous utilisons Google reCAPTCHA pour v\u00e9rifier que les donn\u00e9es saisies sur notre site sont bien le fait d&rsquo;un humain. Pour plus d&rsquo;informations, veuillez consulter la politique de confidentialit\u00e9 de Google. <\/p>\n<\/div>\n<p>&nbsp;<\/p>\n<div id=\"tools\" class=\"section\">\n<h2>9) Outils et divers<\/h2>\n<p>Nous utilisons un outil de consentement aux cookies pour obtenir votre consentement pour les cookies qui le n\u00e9cessitent. Cela garantit que les cookies ne sont install\u00e9s que si vous y consentez. <\/p>\n<\/div>\n<p>&nbsp;<\/p>\n<div id=\"rights\" class=\"section\">\n<h2>10) Droits de la personne concern\u00e9e<\/h2>\n<p>Vous avez le droit de :<\/p>\n<ul>\n<li>Acc\u00e9der \u00e0 vos donn\u00e9es personnelles.<\/li>\n<li>Corriger les donn\u00e9es inexactes.<\/li>\n<li>Demander la suppression de vos donn\u00e9es.<\/li>\n<li>Restreindre ou vous opposer au traitement de vos donn\u00e9es.<\/li>\n<li>Portabilit\u00e9 des donn\u00e9es.<\/li>\n<li>Retirer votre consentement \u00e0 tout moment.<\/li>\n<\/ul>\n<p>Pour exercer ces droits, veuillez nous contacter \u00e0 l&rsquo;adresse indiqu\u00e9e dans cette politique.<\/p>\n<\/div>\n<p>&nbsp;<\/p>\n<div id=\"storage-duration\" class=\"section\">\n<h2>11) Dur\u00e9e de conservation des donn\u00e9es personnelles<\/h2>\n<p>La dur\u00e9e de conservation des donn\u00e9es personnelles est d\u00e9termin\u00e9e par la base juridique du traitement et la finalit\u00e9 du traitement. Les donn\u00e9es seront supprim\u00e9es lorsqu&rsquo;elles ne seront plus n\u00e9cessaires aux fins pour lesquelles elles ont \u00e9t\u00e9 collect\u00e9es. <\/p>\n<\/div>\n<\/div>\n<\/div>\n<\/div>\n<\/div>\n[\/vc_column_text][\/vc_column][\/vc_row]\n<\/div>","protected":false},"excerpt":{"rendered":"<p>[vc_row][vc_column width=\u00a0\u00bb1\/4&Prime;][\/vc_column][vc_column width=\u00a0\u00bb3\/4&Prime;][vc_column_text css=\u00a0\u00bb\u00a0\u00bb] Politique de confidentialit\u00e9 Table des mati\u00e8res Introduction et coordonn\u00e9es du responsable du traitement Collecte de donn\u00e9es lors de la visite de notre site web Cookies Nous contacter Traitement des donn\u00e9es lors de l&rsquo;ouverture d&rsquo;un compte client Utilisation des donn\u00e9es client \u00e0 des fins de marketing direct Traitement des donn\u00e9es pour le&hellip;<\/p>\n","protected":false},"author":1,"featured_media":0,"parent":0,"menu_order":0,"comment_status":"closed","ping_status":"closed","template":"","meta":{"_acf_changed":false,"inline_featured_image":false,"_joinchat":[],"footnotes":""},"class_list":["post-21979","page","type-page","status-publish","hentry","entry","no-media"],"acf":[],"_links":{"self":[{"href":"https:\/\/opranic.com\/fr\/wp-json\/wp\/v2\/pages\/21979","targetHints":{"allow":["GET"]}}],"collection":[{"href":"https:\/\/opranic.com\/fr\/wp-json\/wp\/v2\/pages"}],"about":[{"href":"https:\/\/opranic.com\/fr\/wp-json\/wp\/v2\/types\/page"}],"author":[{"embeddable":true,"href":"https:\/\/opranic.com\/fr\/wp-json\/wp\/v2\/users\/1"}],"replies":[{"embeddable":true,"href":"https:\/\/opranic.com\/fr\/wp-json\/wp\/v2\/comments?post=21979"}],"version-history":[{"count":0,"href":"https:\/\/opranic.com\/fr\/wp-json\/wp\/v2\/pages\/21979\/revisions"}],"wp:attachment":[{"href":"https:\/\/opranic.com\/fr\/wp-json\/wp\/v2\/media?parent=21979"}],"curies":[{"name":"wp","href":"https:\/\/api.w.org\/{rel}","templated":true}]}}