{"id":22087,"date":"2023-09-25T15:56:11","date_gmt":"2023-09-25T13:56:11","guid":{"rendered":"https:\/\/opranic.com\/formulaire-de-retour\/"},"modified":"2026-03-28T15:03:45","modified_gmt":"2026-03-28T14:03:45","slug":"formulaire-de-retour","status":"publish","type":"page","link":"https:\/\/opranic.com\/fr\/formulaire-de-retour\/","title":{"rendered":"Formulaire de retour"},"content":{"rendered":"<div class=\"wpb-content-wrapper\">[vc_row][vc_column width=\u00a0\u00bb1\/4&Prime;]<style>.vcex-navbar.vcex_69dfd42911758 a.vcex-navbar-link{color:#ffffff;background:#ee9305;text-transform:uppercase;}.vcex-navbar.vcex_69dfd42911758 a.vcex-navbar-link:is(:hover,.active){color:#ffffff;background:#d6d6d6;}.vcex-navbar.vcex_69dfd42911758 a.vcex-navbar-link:is(:active,.active){color:#ffffff;background:#262626;}<\/style><nav class=\"vcex-navbar vcex-navbar--expanded vcex-module vcex_69dfd42911758\"><div class=\"vcex-navbar-inner wpex-clr\"><a href=\"https:\/\/opranic.com\/contact-us\/\" class=\"vcex-navbar-link vcex-navbar-link--972 wpex-block wpex-float-left wpex-mb-5 theme-button minimal-border expanded has-bg-hover\"><span class=\"vcex-navbar-link-text\">Contact Us<\/span><\/a><a href=\"https:\/\/opranic.com\/reseller-inquiry\/\" class=\"vcex-navbar-link vcex-navbar-link--14627 wpex-block wpex-float-left wpex-mb-5 theme-button minimal-border expanded has-bg-hover\"><span class=\"vcex-navbar-link-text\">Reseller Inquiry<\/span><\/a><a href=\"https:\/\/opranic.com\/return-form\/\" class=\"vcex-navbar-link vcex-navbar-link--8214 wpex-block wpex-float-left wpex-mb-5 theme-button minimal-border expanded has-bg-hover\"><span class=\"vcex-navbar-link-text\">Return form<\/span><\/a><\/div><\/nav><div class=\"vcex-spacing wpex-w-100 wpex-clear\"><\/div><div class=\"vcex-module vcex-divider vcex-divider-solid vcex-divider-center wpex-mx-auto wpex-block wpex-h-0 wpex-border-b wpex-border-solid wpex-border-main\"><\/div><div class=\"vcex-spacing wpex-w-100 wpex-clear\"><\/div>[vc_column_text]\n<h2 class=\"vcex-heading vcex-heading-plain vcex-module wpex-text-2xl wpex-font-normal wpex-mb-10 wpex-text-left vcex_6511575c2cfb8\"><span class=\"vcex-heading-inner wpex-inline-block\">NOTRE ADRESSE<\/span><\/h2>\n<div class=\"vcex-spacing wpex-w-100 wpex-clear vcex_6511575c2d39c\">Adresse : OPRANIC, BOX 2356, 116 74 Stockholm<\/div>\n<div class=\"vcex-spacing wpex-w-100 wpex-clear vcex_6511575c2d39c\">T\u00e9l\u00e9phone : <a href=\"tel:+46855920360\">+46 8 559 203 60<\/a><\/div>\n<div class=\"vcex-spacing wpex-w-100 wpex-clear vcex_6511575c2d39c\">Fax : <a href=\"fax:+4655116586\">+46 551 165 86<\/a><\/div>\n<div class=\"vcex-spacing wpex-w-100 wpex-clear vcex_6511575c2d39c\">E-mail : <a href=\"mailto:info@opranic.com\">info@opranic.com<\/a><\/div>\n[\/vc_column_text][\/vc_column][vc_column width=\u00a0\u00bb3\/4&Prime;]<style>.vcex-heading.vcex_69dfd42919f10{text-transform:uppercase;}<\/style><h1 class=\"vcex-heading vcex-heading-plain vcex-module wpex-heading wpex-text-2xl vcex_69dfd42919f10\"><span class=\"vcex-heading-inner wpex-inline-block\">Formulaire de demande de retour<\/span><\/h1><div class=\"vcex-spacing wpex-w-100 wpex-clear\" style=\"height:20px;\"><\/div>[vc_column_text]Cher client estim\u00e9,<\/p>\n<p>Nous comprenons qu&rsquo;il peut y avoir diverses raisons de retourner un produit. Chez OPRANIC, nous nous effor\u00e7ons de simplifier ce processus conform\u00e9ment \u00e0 notre politique de retour. Pour faciliter votre retour, veuillez utiliser ce formulaire pour enregistrer votre produit. Remplissez les d\u00e9tails requis, et nous vous guiderons sur les prochaines \u00e9tapes.   <\/p>\n<p>S&rsquo;il y a des dommages au produit ou des dommages de transport, veuillez joindre une photo qui montre la zone endommag\u00e9e. Cela acc\u00e9l\u00e9rera l&rsquo;autorisation de la demande RMA. <\/p>\n<p>Veuillez fournir des informations d\u00e9taill\u00e9es dans les champs ci-dessous.<\/p>\n<p>Avec nos salutations cordiales<br \/>\nOPRANIC[\/vc_column_text]<div class=\"vcex-shortcode wpex-clr\"><style id=\"wpforms-css-vars-8110\">\n\t\t\t\t#wpforms-8110 {\n\t\t\t\t--wpforms-field-size-input-height: 43px;\n--wpforms-field-size-input-spacing: 15px;\n--wpforms-field-size-font-size: 16px;\n--wpforms-field-size-line-height: 19px;\n--wpforms-field-size-padding-h: 14px;\n--wpforms-field-size-checkbox-size: 16px;\n--wpforms-field-size-sublabel-spacing: 5px;\n--wpforms-field-size-icon-size: 1;\n--wpforms-label-size-font-size: 16px;\n--wpforms-label-size-line-height: 19px;\n--wpforms-label-size-sublabel-font-size: 14px;\n--wpforms-label-size-sublabel-line-height: 17px;\n--wpforms-button-size-font-size: 17px;\n--wpforms-button-size-height: 41px;\n--wpforms-button-size-padding-h: 15px;\n--wpforms-button-size-margin-top: 10px;\n--wpforms-container-shadow-size-box-shadow: none;\n\t\t\t}\n\t\t\t<\/style><div class=\"wpforms-container wpforms-container-full wpforms-render-modern\" id=\"wpforms-8110\"><form id=\"wpforms-form-8110\" class=\"wpforms-validate wpforms-form wpforms-ajax-form\" data-formid=\"8110\" method=\"post\" enctype=\"multipart\/form-data\" action=\"\/fr\/wp-json\/wp\/v2\/pages\/22087?wpforms_form_id=8110\" data-token=\"7667dba31a55422e75df2c9a1efbe9b9\" data-token-time=\"1776276521\"><noscript class=\"wpforms-error-noscript\">Veuillez activer JavaScript dans votre navigateur pour remplir ce formulaire.<\/noscript><div id=\"wpforms-error-noscript\" style=\"display: none;\">Veuillez activer JavaScript dans votre navigateur pour remplir ce formulaire.<\/div><div class=\"wpforms-field-container\">\t\t<div id=\"wpforms-8110-field_6-container\"\n\t\t\tclass=\"wpforms-field wpforms-field-text\"\n\t\t\tdata-field-type=\"text\"\n\t\t\tdata-field-id=\"6\"\n\t\t\t>\n\t\t\t<label class=\"wpforms-field-label\" for=\"wpforms-8110-field_6\" >Nom Adresse Motif<\/label>\n\t\t\t<input type=\"text\" id=\"wpforms-8110-field_6\" class=\"wpforms-field-medium\" name=\"wpforms[fields][6]\" >\n\t\t<\/div>\n\t\t<div id=\"wpforms-8110-field_1-container\" class=\"wpforms-field wpforms-field-divider\" data-field-id=\"1\"><h3 id=\"wpforms-8110-field_1\" aria-errormessage=\"wpforms-8110-field_1-error\">Formulaire RMA<\/h3><\/div><div id=\"wpforms-8110-field_3-container\" class=\"wpforms-field wpforms-field-name\" data-field-id=\"3\"><fieldset><legend class=\"wpforms-field-label\">Nom du client <span class=\"wpforms-required-label\" aria-hidden=\"true\">*<\/span><\/legend><div class=\"wpforms-field-row wpforms-field-large\"><div class=\"wpforms-field-row-block wpforms-first wpforms-one-half\"><input type=\"text\" id=\"wpforms-8110-field_3\" class=\"wpforms-field-name-first wpforms-field-required\" name=\"wpforms[fields][3][first]\" placeholder=\"ex. : Jeanne\" aria-errormessage=\"wpforms-8110-field_3-error\" required><label for=\"wpforms-8110-field_3\" class=\"wpforms-field-sublabel after\">Pr\u00e9nom<\/label><\/div><div class=\"wpforms-field-row-block wpforms-one-half\"><input type=\"text\" id=\"wpforms-8110-field_3-last\" class=\"wpforms-field-name-last wpforms-field-required\" name=\"wpforms[fields][3][last]\" placeholder=\"Dupont\" aria-errormessage=\"wpforms-8110-field_3-last-error\" required><label for=\"wpforms-8110-field_3-last\" class=\"wpforms-field-sublabel after\">Nom de famille<\/label><\/div><\/div><\/fieldset><\/div><div id=\"wpforms-8110-field_2-container\" class=\"wpforms-field wpforms-field-layout\" data-field-id=\"2\"><div class=\"wpforms-field-layout-columns wpforms-field-layout-preset-50-50\"><div class=\"wpforms-layout-column wpforms-layout-column-50\" ><div id=\"wpforms-8110-field_4-container\" class=\"wpforms-field wpforms-field-email\" data-field-id=\"4\"><label class=\"wpforms-field-label\" for=\"wpforms-8110-field_4\">Adresse e-mail <span class=\"wpforms-required-label\" aria-hidden=\"true\">*<\/span><\/label><input type=\"email\" id=\"wpforms-8110-field_4\" class=\"wpforms-field-medium wpforms-field-required\" name=\"wpforms[fields][4]\" placeholder=\"ex. : jeanne.dupont@email.com\" spellcheck=\"false\" aria-errormessage=\"wpforms-8110-field_4-error\" required><\/div><div id=\"wpforms-8110-field_23-container\" class=\"wpforms-field wpforms-field-text\" data-field-id=\"23\"><label class=\"wpforms-field-label\" for=\"wpforms-8110-field_23\">Num\u00e9ro de commande<\/label><input type=\"text\" id=\"wpforms-8110-field_23\" class=\"wpforms-field-medium\" name=\"wpforms[fields][23]\" aria-errormessage=\"wpforms-8110-field_23-error\" ><\/div><div id=\"wpforms-8110-field_11-container\" class=\"wpforms-field wpforms-field-text\" data-field-id=\"11\"><label class=\"wpforms-field-label\" for=\"wpforms-8110-field_11\">SKU du produit <span class=\"wpforms-required-label\" aria-hidden=\"true\">*<\/span><\/label><input type=\"text\" id=\"wpforms-8110-field_11\" class=\"wpforms-field-medium wpforms-field-required\" name=\"wpforms[fields][11]\" placeholder=\"ex. : P6H900, ECO14T2 ....\" aria-errormessage=\"wpforms-8110-field_11-error\" required><\/div><div id=\"wpforms-8110-field_16-container\" class=\"wpforms-field wpforms-field-select wpforms-field-select-style-classic\" data-field-id=\"16\"><label class=\"wpforms-field-label\" for=\"wpforms-8110-field_16\">Motif du retour <span class=\"wpforms-required-label\" aria-hidden=\"true\">*<\/span><\/label><select id=\"wpforms-8110-field_16\" class=\"wpforms-field-medium wpforms-field-required\" name=\"wpforms[fields][16]\" required=\"required\"><option value=\"D\u00e9fectueux\"  class=\"choice-1 depth-1\"  >D\u00e9fectueux<\/option><option value=\"Article incorrect envoy\u00e9\"  class=\"choice-2 depth-1\"  >Article incorrect envoy\u00e9<\/option><option value=\"Regret\"  class=\"choice-3 depth-1\"  >Regret<\/option><option value=\"Endommag\u00e9 pendant le transport\"  class=\"choice-4 depth-1\"  >Endommag\u00e9 pendant le transport<\/option><option value=\"Insatisfait du produit\"  class=\"choice-5 depth-1\"  >Insatisfait du produit<\/option><option value=\"Pi\u00e8ces manquantes dans l&#039;emballage\"  class=\"choice-6 depth-1\"  >Pi\u00e8ces manquantes dans l'emballage<\/option><option value=\"Autre motif - veuillez d\u00e9crire dans les commentaires\"  class=\"choice-7 depth-1\"  >Autre motif - veuillez d\u00e9crire dans les commentaires<\/option><\/select><\/div><div id=\"wpforms-8110-field_18-container\" class=\"wpforms-field wpforms-field-file-upload\" data-field-id=\"18\"><label class=\"wpforms-field-label\" for=\"wpforms-8110-field_18\">Pi\u00e8ces jointes<\/label><div\n\t\tclass=\"wpforms-uploader \"\n\t\tdata-field-id=\"18\"\n\t\tdata-form-id=\"8110\"\n\t\tdata-input-name=\"wpforms_8110_18\"\n\t\tdata-extensions=\"jpg,jpeg,jpe,gif,png,bmp,tiff,tif,webp,avif,ico,heic,heif,heics,heifs,asf,asx,wmv,wmx,wm,avi,divx,mov,qt,mpeg,mpg,mpe,mp4,m4v,ogv,webm,mkv,3gp,3gpp,3g2,3gp2,txt,asc,c,cc,h,srt,csv,tsv,ics,rtx,css,vtt,mp3,m4a,m4b,aac,ra,ram,wav,x-wav,ogg,oga,flac,mid,midi,wma,wax,mka,rtf,pdf,class,tar,zip,gz,gzip,rar,7z,psd,xcf,doc,pot,pps,ppt,wri,xla,xls,xlt,xlw,mpp,docx,docm,dotx,dotm,xlsx,xlsm,xlsb,xltx,xltm,xlam,pptx,pptm,ppsx,ppsm,potx,potm,ppam,sldx,sldm,onetoc,onetoc2,onepkg,oxps,xps,odt,odp,ods,odg,odc,odb,odf,wp,wpd,key,numbers,pages\"\n\t\tdata-max-size=\"536870912\"\n\t\tdata-max-file-number=\"4\"\n\t\tdata-post-max-size=\"536870912\"\n\t\tdata-max-parallel-uploads=\"4\"\n\t\tdata-parallel-uploads=\"true\"\n\t\tdata-file-chunk-size=\"2097152\">\n\t<div class=\"dz-message\">\n\t\t<svg  viewBox=\"0 0 640 640\" focusable=\"false\" data-icon=\"inbox\" width=\"50px\" height=\"50px\" fill=\"currentColor\" aria-hidden=\"true\">\n\t\t\t<path d=\"M352 173.3L352 384C352 401.7 337.7 416 320 416C302.3 416 288 401.7 288 384L288 173.3L246.6 214.7C234.1 227.2 213.8 227.2 201.3 214.7C188.8 202.2 188.8 181.9 201.3 169.4L297.3 73.4C309.8 60.9 330.1 60.9 342.6 73.4L438.6 169.4C451.1 181.9 451.1 202.2 438.6 214.7C426.1 227.2 405.8 227.2 393.3 214.7L352 173.3zM320 464C364.2 464 400 428.2 400 384L480 384C515.3 384 544 412.7 544 448L544 480C544 515.3 515.3 544 480 544L160 544C124.7 544 96 515.3 96 480L96 448C96 412.7 124.7 384 160 384L240 384C240 428.2 275.8 464 320 464zM464 488C477.3 488 488 477.3 488 464C488 450.7 477.3 440 464 440C450.7 440 440 450.7 440 464C440 477.3 450.7 488 464 488z\"\/>\n\t\t<\/svg>\n\n\t\t<span class=\"modern-title\">\n\t\t\t\t\t\t\tDrag &amp; Drop Files, \t\t\t\t<span>Choose Files to Upload<\/span>\n\t\t\t\t\t<\/span>\n\n\t\t\t\t\t<span class=\"modern-hint\">Vous pouvez t\u00e9l\u00e9verser jusqu\u2019\u00e0 4 fichiers.<\/span>\n\t\t\t<\/div>\n<\/div>\n\n<input\n\t\ttype=\"text\"\n\t\tautocomplete=\"off\"\n\t\treadonly\n\t\tclass=\"dropzone-input\"\n\t\tstyle=\"position:absolute!important;clip:rect(0,0,0,0)!important;height:1px!important;width:1px!important;border:0!important;overflow:hidden!important;padding:0!important;margin:0!important;\"\n\t\tid=\"wpforms-8110-field_18\"\n\t\tname=\"wpforms_8110_18\" \t\tvalue=\"\">\n<\/div><\/div><div class=\"wpforms-layout-column wpforms-layout-column-50\" ><div id=\"wpforms-8110-field_5-container\" class=\"wpforms-field wpforms-field-phone\" data-field-id=\"5\"><label class=\"wpforms-field-label\" for=\"wpforms-8110-field_5\">Num\u00e9ro de t\u00e9l\u00e9phone <span class=\"wpforms-required-label\" aria-hidden=\"true\">*<\/span><\/label><input type=\"tel\" id=\"wpforms-8110-field_5\" class=\"wpforms-field-medium wpforms-field-required wpforms-smart-phone-field\" data-rule-smart-phone-field=\"true\" name=\"wpforms[fields][5]\" aria-label=\"Num\u00e9ro de t\u00e9l\u00e9phone\" aria-errormessage=\"wpforms-8110-field_5-error\" required><\/div><div id=\"wpforms-8110-field_24-container\" class=\"wpforms-field wpforms-field-text\" data-field-id=\"24\"><label class=\"wpforms-field-label\" for=\"wpforms-8110-field_24\">Achet\u00e9 chez<\/label><input type=\"text\" id=\"wpforms-8110-field_24\" class=\"wpforms-field-medium\" name=\"wpforms[fields][24]\" placeholder=\"Nom du revendeur\" aria-errormessage=\"wpforms-8110-field_24-error\" ><\/div><div id=\"wpforms-8110-field_13-container\" class=\"wpforms-field wpforms-field-date-time\" data-field-id=\"13\"><label class=\"wpforms-field-label\" for=\"wpforms-8110-field_13\">Date d&#039;achat <span class=\"wpforms-required-label\" aria-hidden=\"true\">*<\/span><\/label><div class=\"wpforms-datepicker-wrap\"><input type=\"text\" id=\"wpforms-8110-field_13\" class=\"wpforms-field-date-time-date wpforms-datepicker wpforms-field-required wpforms-field-medium\" data-date-format=\"d\/m\/Y\" data-disable-past-dates=\"0\" data-input=\"true\" name=\"wpforms[fields][13][date]\" placeholder=\"JJ\/MM\/AA\" aria-errormessage=\"wpforms-8110-field_13-error\" required><a title=\"Effacer la date\" data-clear role=\"button\" tabindex=\"0\" class=\"wpforms-datepicker-clear\" aria-label=\"Effacer la date\" style=\"display:none;\"><\/a><\/div><\/div><div id=\"wpforms-8110-field_17-container\" class=\"wpforms-field wpforms-field-text\" data-field-id=\"17\"><label class=\"wpforms-field-label\" for=\"wpforms-8110-field_17\">D\u00e9crivez le probl\u00e8me <span class=\"wpforms-required-label\" aria-hidden=\"true\">*<\/span><\/label><input type=\"text\" id=\"wpforms-8110-field_17\" class=\"wpforms-field-medium wpforms-field-required\" name=\"wpforms[fields][17]\" placeholder=\"ex. : Arriv\u00e9 avec des dommages de transport\" aria-errormessage=\"wpforms-8110-field_17-error\" required><\/div><div id=\"wpforms-8110-field_22-container\" class=\"wpforms-field wpforms-field-text\" data-field-id=\"22\"><label class=\"wpforms-field-label\" for=\"wpforms-8110-field_22\">Commentaires suppl\u00e9mentaires<\/label><input type=\"text\" id=\"wpforms-8110-field_22\" class=\"wpforms-field-medium\" name=\"wpforms[fields][22]\" aria-errormessage=\"wpforms-8110-field_22-error\" ><\/div><\/div><\/div><\/div><script>\n\t\t\t\t( function() {\n\t\t\t\t\tconst style = document.createElement( 'style' );\n\t\t\t\t\tstyle.appendChild( document.createTextNode( '#wpforms-8110-field_6-container { position: absolute !important; overflow: hidden !important; display: inline !important; height: 1px !important; width: 1px !important; z-index: -1000 !important; padding: 0 !important; } #wpforms-8110-field_6-container input { visibility: hidden; } #wpforms-conversational-form-page #wpforms-8110-field_6-container label { counter-increment: none; }' ) );\n\t\t\t\t\tdocument.head.appendChild( style );\n\t\t\t\t\tdocument.currentScript?.remove();\n\t\t\t\t} )();\n\t\t\t<\/script><\/div><!-- .wpforms-field-container --><div class=\"wpforms-recaptcha-container wpforms-is-recaptcha wpforms-is-recaptcha-type-v3\" ><input type=\"hidden\" name=\"wpforms[recaptcha]\" value=\"\"><\/div><div class=\"wpforms-submit-container\" ><input type=\"hidden\" name=\"wpforms[id]\" value=\"8110\"><input type=\"hidden\" name=\"page_title\" value=\"\"><input type=\"hidden\" name=\"page_url\" value=\"https:\/\/opranic.com\/fr\/wp-json\/wp\/v2\/pages\/22087\"><input type=\"hidden\" name=\"url_referer\" value=\"https:\/\/opranic.com\/fr\/formulaire-de-retour\/\"><button type=\"submit\" name=\"wpforms[submit]\" id=\"wpforms-submit-8110\" class=\"wpforms-submit\" data-alt-text=\"Envoi en cours...\" data-submit-text=\"ENVOYER\" aria-live=\"assertive\" value=\"wpforms-submit\">ENVOYER<\/button><img src=\"https:\/\/opranic.com\/wp-content\/plugins\/wpforms\/assets\/images\/submit-spin.svg\" class=\"wpforms-submit-spinner\" style=\"display: none;\" width=\"26\" height=\"26\" alt=\"Chargement en cours\"><\/div><\/form><\/div>  <!-- .wpforms-container --><\/div>[vc_column_text]En cliquant sur le bouton \u00ab SOUMETTRE \u00bb,<br \/>\nje consens au traitement des donn\u00e9es personnelles[\/vc_column_text][\/vc_column][\/vc_row]\n<\/div>","protected":false},"excerpt":{"rendered":"<p>[vc_row][vc_column width=\u00a0\u00bb1\/4&Prime;][vc_column_text] NOTRE ADRESSE Adresse : OPRANIC, BOX 2356, 116 74 Stockholm T\u00e9l\u00e9phone : +46 8 559 203 60 Fax : +46 551 165 86 E-mail : info@opranic.com [\/vc_column_text][\/vc_column][vc_column width=\u00a0\u00bb3\/4&Prime;][vc_column_text]Cher client estim\u00e9, Nous comprenons qu&rsquo;il peut y avoir diverses raisons de retourner un produit. Chez OPRANIC, nous nous effor\u00e7ons de simplifier ce processus conform\u00e9ment \u00e0&hellip;<\/p>\n","protected":false},"author":1,"featured_media":0,"parent":0,"menu_order":0,"comment_status":"closed","ping_status":"closed","template":"","meta":{"_acf_changed":false,"inline_featured_image":false,"_joinchat":[],"footnotes":""},"class_list":["post-22087","page","type-page","status-publish","hentry","entry","no-media"],"acf":[],"_links":{"self":[{"href":"https:\/\/opranic.com\/fr\/wp-json\/wp\/v2\/pages\/22087","targetHints":{"allow":["GET"]}}],"collection":[{"href":"https:\/\/opranic.com\/fr\/wp-json\/wp\/v2\/pages"}],"about":[{"href":"https:\/\/opranic.com\/fr\/wp-json\/wp\/v2\/types\/page"}],"author":[{"embeddable":true,"href":"https:\/\/opranic.com\/fr\/wp-json\/wp\/v2\/users\/1"}],"replies":[{"embeddable":true,"href":"https:\/\/opranic.com\/fr\/wp-json\/wp\/v2\/comments?post=22087"}],"version-history":[{"count":2,"href":"https:\/\/opranic.com\/fr\/wp-json\/wp\/v2\/pages\/22087\/revisions"}],"predecessor-version":[{"id":24542,"href":"https:\/\/opranic.com\/fr\/wp-json\/wp\/v2\/pages\/22087\/revisions\/24542"}],"wp:attachment":[{"href":"https:\/\/opranic.com\/fr\/wp-json\/wp\/v2\/media?parent=22087"}],"curies":[{"name":"wp","href":"https:\/\/api.w.org\/{rel}","templated":true}]}}