{"id":22090,"date":"2022-12-30T10:18:58","date_gmt":"2022-12-30T09:18:58","guid":{"rendered":"https:\/\/opranic.com\/nous-contacter\/"},"modified":"2025-10-30T12:40:15","modified_gmt":"2025-10-30T11:40:15","slug":"nous-contacter","status":"publish","type":"page","link":"https:\/\/opranic.com\/fr\/nous-contacter\/","title":{"rendered":"Nous contacter"},"content":{"rendered":"<div class=\"wpb-content-wrapper\">[vc_row full_width=\u00a0\u00bbstretch_row\u00a0\u00bb equal_height=\u00a0\u00bbyes\u00a0\u00bb css=\u00a0\u00bb.vc_custom_1690754731832{padding-top: 10px !important;padding-bottom: 10px !important;background-image: url(https:\/\/opranic.com\/wp-content\/uploads\/2023\/07\/2400x600_contact_opranic-1.jpg?id=5101) !important;background-position: center !important;background-repeat: no-repeat !important;background-size: cover !important;}\u00a0\u00bb][vc_column]<div class=\"vcex-spacing wpex-w-100 wpex-clear\" style=\"height:500px;\"><\/div>[\/vc_column][\/vc_row][vc_row remove_bottom_col_margin=\u00a0\u00bbtrue\u00a0\u00bb css=\u00a0\u00bb.vc_custom_1695648261643{padding-top: 60px !important;}\u00a0\u00bb][vc_column width=\u00a0\u00bb1\/4&Prime;]<style>.vcex-navbar.vcex_69f88a6543e39 a.vcex-navbar-link{color:#ffffff;background:#ee9305;text-transform:uppercase;}.vcex-navbar.vcex_69f88a6543e39 a.vcex-navbar-link:is(:hover,.active){color:#ffffff;background:#d6d6d6;}.vcex-navbar.vcex_69f88a6543e39 a.vcex-navbar-link:is(:active,.active){color:#ffffff;background:#262626;}<\/style><nav class=\"vcex-navbar vcex-navbar--expanded vcex-module vcex_69f88a6543e39\"><div class=\"vcex-navbar-inner wpex-clr\"><a href=\"https:\/\/opranic.com\/contact-us\/\" class=\"vcex-navbar-link vcex-navbar-link--972 wpex-block wpex-float-left wpex-mb-5 theme-button minimal-border expanded has-bg-hover\"><span class=\"vcex-navbar-link-text\">Contact Us<\/span><\/a><a href=\"https:\/\/opranic.com\/reseller-inquiry\/\" class=\"vcex-navbar-link vcex-navbar-link--14627 wpex-block wpex-float-left wpex-mb-5 theme-button minimal-border expanded has-bg-hover\"><span class=\"vcex-navbar-link-text\">Reseller Inquiry<\/span><\/a><a href=\"https:\/\/opranic.com\/return-form\/\" class=\"vcex-navbar-link vcex-navbar-link--8214 wpex-block wpex-float-left wpex-mb-5 theme-button minimal-border expanded has-bg-hover\"><span class=\"vcex-navbar-link-text\">Return form<\/span><\/a><\/div><\/nav>[\/vc_column][vc_column width=\u00a0\u00bb3\/4&Prime;]<style>.vcex-heading.vcex_69f88a6547182{text-transform:uppercase;}<\/style><h1 class=\"vcex-heading vcex-heading-plain vcex-module wpex-heading wpex-text-2xl vcex_69f88a6547182\"><span class=\"vcex-heading-inner wpex-inline-block\">Prenez contact avec Opranic<\/span><\/h1><div class=\"vcex-spacing wpex-w-100 wpex-clear\" style=\"height:10px;\"><\/div>[vc_column_text]Que vous ayez des questions sur nos produits, besoin d&rsquo;aide concernant une commande existante ou que vous soyez int\u00e9ress\u00e9 par des options d&rsquo;achat en gros, notre \u00e9quipe d\u00e9vou\u00e9e est l\u00e0 pour vous aider. Contactez-nous d\u00e8s aujourd&rsquo;hui et d\u00e9couvrez la diff\u00e9rence Opranic. <\/p>\n<p>Pour toute demande, veuillez utiliser le formulaire de contact ci-dessous ou appeler notre service client. Nous nous r\u00e9jouissons de vous aider \u00e0 trouver le radiateur infrarouge Premium id\u00e9al pour votre espace. <\/p>\n<p>Pour les demandes de retour, veuillez cliquer sur le <a href=\"http:\/\/opranic.com\/return\/\">bouton de retour<\/a> pour soumettre une demande de retour.[\/vc_column_text][\/vc_column][\/vc_row][vc_row remove_bottom_col_margin=\u00a0\u00bbtrue\u00a0\u00bb css=\u00a0\u00bb.vc_custom_1694950102214{padding-top: 30px !important;}\u00a0\u00bb][vc_column]<div class=\"templatera_shortcode\"><style type=\"text\/css\" data-type=\"vc_shortcodes-custom-css\">.vc_custom_1761472970129{margin-bottom: 60px !important;background-color: #fbfbfb !important;}.vc_custom_1695502276998{padding-top: 3vw !important;padding-bottom: 3vw !important;}.vc_custom_1761473050105{border-right-width: 30px !important;border-left-width: 30px !important;padding-top: 40px !important;padding-right: 40px !important;padding-bottom: 40px !important;padding-left: 40px !important;background-color: #ee9305 !important;}<\/style><div id=\"get_in_touch\" class=\"vc_row wpb_row vc_row-fluid top0 vc_custom_1761472970129 vc_row-o-equal-height vc_row-o-content-middle vc_row-flex wpex-relative wpex-vc_row-gap-10 wpex-vc_row-has-fill wpex-vc_row-col-mb-0 wpex-cols-right wpex-vc_row-mx-0\"><div class=\"wpb_column column1 vc_column_container vc_col-sm-6\"><div class=\"vc_column-inner vc_custom_1695502276998\"><div class=\"wpb_wrapper\"><div class=\"vc_row wpb_row vc_inner vc_row-fluid wpex-relative\"><div class=\"wpb_column vc_column_container vc_col-sm-2\"><div class=\"vc_column-inner\"><div class=\"wpb_wrapper\"><\/div><\/div><\/div><div class=\"wpb_column vc_column_container vc_col-sm-8\"><div class=\"vc_column-inner\"><div class=\"wpb_wrapper\"><style>.vcex-heading.vcex_69f88a654a349{text-transform:uppercase;}<\/style><h2 class=\"vcex-heading vcex-heading-plain vcex-module wpex-heading wpex-text-2xl wpex-mb-10 wpex-text-left vcex_69f88a654a349\"><span class=\"vcex-heading-inner wpex-inline-block\">Besoin d&apos;aide ? Contactez-nous !<\/span><\/h2><style>.vcex_69f88a654a6ee{height:10px;}@media (max-width:959px){.vcex_69f88a654a6ee{height:0px;}}<\/style><div class=\"vcex-spacing wpex-w-100 wpex-clear vcex_69f88a654a6ee\"><\/div>\n\t<div style=\"text-align:start;line-height:1.9em;\" class=\"wpb_text_column wpb_content_element links\" >\n\t\t<div class=\"wpb_wrapper\">\n\t\t\t<p>Adresse : <strong>OPRANIC AB<\/strong><br \/>\nBOX 2548, 116 74 Stockholm<br \/>\nT\u00e9l\u00e9phone : <a href=\"tel:+46855920360\">+46 8 559 203 60<\/a><br \/>\nFax : <a href=\"fax:+4655116586\">+46 8 551 165 86<\/a><br \/>\nE-mail : <a href=\"mailto:kontakt@opranic.com\">kontakt@opranic.com<\/a><\/p>\n\n\t\t<\/div>\n\t<\/div>\n<\/div><\/div><\/div><div class=\"wpb_column vc_column_container vc_col-sm-2\"><div class=\"vc_column-inner\"><div class=\"wpb_wrapper\"><\/div><\/div><\/div><\/div><\/div><\/div><\/div><div class=\"wpb_column column1 vc_column_container vc_col-sm-6 wpex-vc_col-has-fill\"><div class=\"vc_column-inner vc_custom_1761473050105\"><div class=\"wpb_wrapper\"><style id=\"wpforms-css-vars-8668\">\n\t\t\t\t#wpforms-8668 {\n\t\t\t\t--wpforms-field-border-size: 2px;\n--wpforms-field-border-color: #ee9305;\n--wpforms-field-border-color-spare: #ee9305;\n--wpforms-field-text-color: #ffffff;\n--wpforms-label-color: rgba(0, 0, 0, 0.85);\n--wpforms-label-sublabel-color: rgba(0, 0, 0, 0.55);\n--wpforms-button-border-style: solid;\n--wpforms-button-border-radius: 0px;\n--wpforms-button-background-color: #ee9305;\n--wpforms-button-border-color: #ee9305;\n--wpforms-container-border-color: #cc4a4a;\n--wpforms-background-color: rgba(0, 0, 0, 0);\n--wpforms-field-size-input-height: 43px;\n--wpforms-field-size-input-spacing: 15px;\n--wpforms-field-size-font-size: 16px;\n--wpforms-field-size-line-height: 19px;\n--wpforms-field-size-padding-h: 14px;\n--wpforms-field-size-checkbox-size: 16px;\n--wpforms-field-size-sublabel-spacing: 5px;\n--wpforms-field-size-icon-size: 1;\n--wpforms-label-size-font-size: 16px;\n--wpforms-label-size-line-height: 19px;\n--wpforms-label-size-sublabel-font-size: 14px;\n--wpforms-label-size-sublabel-line-height: 17px;\n--wpforms-button-size-font-size: 17px;\n--wpforms-button-size-height: 41px;\n--wpforms-button-size-padding-h: 15px;\n--wpforms-button-size-margin-top: 10px;\n--wpforms-container-shadow-size-box-shadow: none;\n\t\t\t}\n\t\t\t<\/style><div class=\"wpforms-container wpforms-container-full wpforms-render-modern\" id=\"wpforms-8668\"><form id=\"wpforms-form-8668\" class=\"wpforms-validate wpforms-form wpforms-ajax-form\" data-formid=\"8668\" method=\"post\" enctype=\"multipart\/form-data\" action=\"\/fr\/wp-json\/wp\/v2\/pages\/22090\" data-token=\"dfe1111dcf38071330f908ccd97fadf4\" data-token-time=\"1777896037\"><noscript class=\"wpforms-error-noscript\">Veuillez activer JavaScript dans votre navigateur pour remplir ce formulaire.<\/noscript><div id=\"wpforms-error-noscript\" style=\"display: none;\">Veuillez activer JavaScript dans votre navigateur pour remplir ce formulaire.<\/div><div class=\"wpforms-field-container\"><div id=\"wpforms-8668-field_0-container\" class=\"wpforms-field wpforms-field-name\" data-field-id=\"0\"><fieldset><legend class=\"wpforms-field-label wpforms-label-hide\" aria-hidden=\"false\">Name <span class=\"wpforms-required-label\" aria-hidden=\"true\">*<\/span><\/legend><div class=\"wpforms-field-row wpforms-field-large\"><div class=\"wpforms-field-row-block wpforms-first wpforms-one-half\"><input type=\"text\" id=\"wpforms-8668-field_0\" class=\"wpforms-field-name-first wpforms-field-required\" name=\"wpforms[fields][0][first]\" placeholder=\"First name\" aria-errormessage=\"wpforms-8668-field_0-error\" required><label for=\"wpforms-8668-field_0\" class=\"wpforms-field-sublabel after wpforms-sublabel-hide\">First<\/label><\/div><div class=\"wpforms-field-row-block wpforms-one-half\"><input type=\"text\" id=\"wpforms-8668-field_0-last\" class=\"wpforms-field-name-last wpforms-field-required\" name=\"wpforms[fields][0][last]\" placeholder=\"Last name\" aria-errormessage=\"wpforms-8668-field_0-last-error\" required><label for=\"wpforms-8668-field_0-last\" class=\"wpforms-field-sublabel after wpforms-sublabel-hide\">Last<\/label><\/div><\/div><\/fieldset><\/div>\t\t<div id=\"wpforms-8668-field_3-container\"\n\t\t\tclass=\"wpforms-field wpforms-field-text\"\n\t\t\tdata-field-type=\"text\"\n\t\t\tdata-field-id=\"3\"\n\t\t\t>\n\t\t\t<label class=\"wpforms-field-label\" for=\"wpforms-8668-field_3\" >or Name Email<\/label>\n\t\t\t<input type=\"text\" id=\"wpforms-8668-field_3\" class=\"wpforms-field-medium\" name=\"wpforms[fields][3]\" >\n\t\t<\/div>\n\t\t<div id=\"wpforms-8668-field_1-container\" class=\"wpforms-field wpforms-field-email\" data-field-id=\"1\"><label class=\"wpforms-field-label wpforms-label-hide\" for=\"wpforms-8668-field_1\" aria-hidden=\"false\">Email <span class=\"wpforms-required-label\" aria-hidden=\"true\">*<\/span><\/label><input type=\"email\" id=\"wpforms-8668-field_1\" class=\"wpforms-field-large wpforms-field-required\" name=\"wpforms[fields][1]\" placeholder=\"E-mail\" spellcheck=\"false\" aria-errormessage=\"wpforms-8668-field_1-error\" required><\/div><div id=\"wpforms-8668-field_2-container\" class=\"wpforms-field wpforms-field-textarea\" data-field-id=\"2\"><label class=\"wpforms-field-label wpforms-label-hide\" for=\"wpforms-8668-field_2\" aria-hidden=\"false\">Comment or Message<\/label><textarea id=\"wpforms-8668-field_2\" class=\"wpforms-field-medium\" name=\"wpforms[fields][2]\" placeholder=\"Message\" aria-errormessage=\"wpforms-8668-field_2-error\" ><\/textarea><\/div><script>\n\t\t\t\t( function() {\n\t\t\t\t\tconst style = document.createElement( 'style' );\n\t\t\t\t\tstyle.appendChild( document.createTextNode( '#wpforms-8668-field_3-container { position: absolute !important; overflow: hidden !important; display: inline !important; height: 1px !important; width: 1px !important; z-index: -1000 !important; padding: 0 !important; } #wpforms-8668-field_3-container input { visibility: hidden; } #wpforms-conversational-form-page #wpforms-8668-field_3-container label { counter-increment: none; }' ) );\n\t\t\t\t\tdocument.head.appendChild( style );\n\t\t\t\t\tdocument.currentScript?.remove();\n\t\t\t\t} )();\n\t\t\t<\/script><\/div><!-- .wpforms-field-container --><div class=\"wpforms-recaptcha-container wpforms-is-recaptcha wpforms-is-recaptcha-type-v2\" ><div class=\"g-recaptcha\" data-sitekey=\"6LcFqsssAAAAAJ5CHAKuH1vdKdhDrTWFHXfS-Tu-\"><\/div><input type=\"text\" name=\"g-recaptcha-hidden\" class=\"wpforms-recaptcha-hidden\" style=\"position:absolute!important;clip:rect(0,0,0,0)!important;height:1px!important;width:1px!important;border:0!important;overflow:hidden!important;padding:0!important;margin:0!important;\" data-rule-recaptcha=\"1\"><\/div><div class=\"wpforms-submit-container\" ><input type=\"hidden\" name=\"wpforms[id]\" value=\"8668\"><input type=\"hidden\" name=\"page_title\" value=\"\"><input type=\"hidden\" name=\"page_url\" value=\"https:\/\/opranic.com\/fr\/wp-json\/wp\/v2\/pages\/22090\"><input type=\"hidden\" name=\"url_referer\" value=\"\"><button type=\"submit\" name=\"wpforms[submit]\" id=\"wpforms-submit-8668\" class=\"wpforms-submit\" data-alt-text=\"Sending\u2026\" data-submit-text=\"SUBMIT\" aria-live=\"assertive\" value=\"wpforms-submit\">SUBMIT<\/button><img src=\"https:\/\/opranic.com\/wp-content\/plugins\/wpforms\/assets\/images\/submit-spin.svg\" class=\"wpforms-submit-spinner\" style=\"display: none;\" width=\"26\" height=\"26\" alt=\"Chargement en cours\"><\/div><\/form><\/div>  <!-- .wpforms-container -->\n\t<div style=\"color:#fefefe;\" class=\"wpb_text_column has-custom-color wpex-child-inherit-color wpb_content_element\" >\n\t\t<div class=\"wpb_wrapper\">\n\t\t\t<p><span style=\"font-size: 14px;\">En cliquant sur le bouton \u00ab ENVOYER \u00bb, je consens au traitement des donn\u00e9es personnelles<\/span><\/p>\n\n\t\t<\/div>\n\t<\/div>\n<\/div><\/div><\/div><\/div><\/div>[\/vc_column][\/vc_row][vc_row content_placement=\u00a0\u00bbmiddle\u00a0\u00bb disable_element=\u00a0\u00bbyes\u00a0\u00bb remove_bottom_col_margin=\u00a0\u00bbtrue\u00a0\u00bb min_height=\u00a0\u00bb90&Prime; css=\u00a0\u00bb.vc_custom_1680541492893{margin-bottom: 30px !important;background-color: #f5f5f5 !important;}\u00a0\u00bb][vc_column]<style>.vcex-heading.vcex_69f88a654dea2{color:#262626;font-size:22px;font-weight:700;}<\/style><div class=\"vcex-heading vcex-heading-plain vcex-module wpex-heading wpex-text-2xl wpex-text-center head1 vcex_69f88a654dea2\"><a href=\"https:\/\/opranic.com\/shop\/\" class=\"wpex-no-underline wpex-inherit-color-important\" title=\"Shop\" target=\"_self\"><span class=\"vcex-heading-inner wpex-inline-block\"><span class=\"vcex-heading-icon vcex-heading-icon-left vcex-icon-wrap wpex-mr-10\"><span class=\"wpex-icon wpex-icon--bidi\" aria-hidden=\"true\"><svg xmlns=\"http:\/\/www.w3.org\/2000\/svg\" viewBox=\"0 0 320 512\"><path d=\"M41.4 233.4c-12.5 12.5-12.5 32.8 0 45.3l160 160c12.5 12.5 32.8 12.5 45.3 0s12.5-32.8 0-45.3L109.3 256 246.6 118.6c12.5-12.5 12.5-32.8 0-45.3s-32.8-12.5-45.3 0l-160 160z\"\/><\/svg><\/span><\/span>RETOUR \u00c0 LA BOUTIQUE<\/span><\/a><\/div>[\/vc_column][\/vc_row][vc_row][vc_column][\/vc_column][\/vc_row]\n<\/div>","protected":false},"excerpt":{"rendered":"Contact UsReseller InquiryReturn formPrenez contact avec Opranic Que vous ayez des questions sur nos produits, besoin d'aide concernant une commande existante ou que vous soyez int\u00e9ress\u00e9 par des options d'achat en gros, notre \u00e9quipe d\u00e9vou\u00e9e est l\u00e0 pour vous aider. Contactez-nous d\u00e8s aujourd'hui et d\u00e9couvrez la diff\u00e9rence Opranic. Pour toute demande, veuillez utiliser le formulaire&hellip;","protected":false},"author":1,"featured_media":0,"parent":0,"menu_order":0,"comment_status":"closed","ping_status":"closed","template":"","meta":{"_acf_changed":false,"inline_featured_image":false,"_joinchat":[],"footnotes":""},"class_list":["post-22090","page","type-page","status-publish","hentry","entry","no-media"],"acf":[],"_links":{"self":[{"href":"https:\/\/opranic.com\/fr\/wp-json\/wp\/v2\/pages\/22090","targetHints":{"allow":["GET"]}}],"collection":[{"href":"https:\/\/opranic.com\/fr\/wp-json\/wp\/v2\/pages"}],"about":[{"href":"https:\/\/opranic.com\/fr\/wp-json\/wp\/v2\/types\/page"}],"author":[{"embeddable":true,"href":"https:\/\/opranic.com\/fr\/wp-json\/wp\/v2\/users\/1"}],"replies":[{"embeddable":true,"href":"https:\/\/opranic.com\/fr\/wp-json\/wp\/v2\/comments?post=22090"}],"version-history":[{"count":0,"href":"https:\/\/opranic.com\/fr\/wp-json\/wp\/v2\/pages\/22090\/revisions"}],"wp:attachment":[{"href":"https:\/\/opranic.com\/fr\/wp-json\/wp\/v2\/media?parent=22090"}],"curies":[{"name":"wp","href":"https:\/\/api.w.org\/{rel}","templated":true}]}}