{"id":22154,"date":"2023-09-23T18:27:40","date_gmt":"2023-09-23T16:27:40","guid":{"rendered":"https:\/\/opranic.com\/faq-chauffage-infrarouge\/"},"modified":"2026-03-30T21:11:07","modified_gmt":"2026-03-30T19:11:07","slug":"faq-chauffage-infrarouge","status":"publish","type":"page","link":"https:\/\/opranic.com\/fr\/faq-chauffage-infrarouge\/","title":{"rendered":"FAQ chauffage infrarouge"},"content":{"rendered":"<div class=\"wpb-content-wrapper\">[vc_row][vc_column]<figure class=\"vcex-image vcex-module\"><div class=\"vcex-image-inner wpex-relative wpex-inline-block\"><img width=\"1920\" height=\"400\" src=\"https:\/\/opranic.com\/wp-content\/uploads\/2023\/04\/opranic-about-us-1920x400-q60.jpeg\" class=\"vcex-image-img wpex-align-middle\" alt=\"\" decoding=\"async\" srcset=\"https:\/\/opranic.com\/wp-content\/uploads\/2023\/04\/opranic-about-us-1920x400-q60.jpeg 1920w, https:\/\/opranic.com\/wp-content\/uploads\/2023\/04\/opranic-about-us-1920x400-q60-768x160.jpeg 768w, https:\/\/opranic.com\/wp-content\/uploads\/2023\/04\/opranic-about-us-1920x400-q60-300x63.jpeg 300w, https:\/\/opranic.com\/wp-content\/uploads\/2023\/04\/opranic-about-us-1920x400-q60-1024x213.jpeg 1024w, https:\/\/opranic.com\/wp-content\/uploads\/2023\/04\/opranic-about-us-1920x400-q60-1536x320.jpeg 1536w\" sizes=\"(max-width: 1920px) 100vw, 1920px\" \/><\/div><\/figure>[\/vc_column][\/vc_row][vc_row][vc_column]<style>.vcex-navbar.vcex_69dfcbf2361c6 a.vcex-navbar-link{color:#ffffff;background:#ee9305;text-transform:uppercase;}.vcex-navbar.vcex_69dfcbf2361c6 a.vcex-navbar-link:is(:hover,.active){color:#ffffff;background:#d6d6d6;}.vcex-navbar.vcex_69dfcbf2361c6 a.vcex-navbar-link:is(:active,.active){color:#ffffff;background:#262626;}<\/style><nav class=\"vcex-navbar vcex-navbar--expanded vcex-module vcex_69dfcbf2361c6\"><div class=\"vcex-navbar-inner wpex-clr\"><a href=\"https:\/\/opranic.com\/faq-infrared-heating\/\" class=\"vcex-navbar-link vcex-navbar-link--7842 wpex-block wpex-float-left wpex-mb-5 theme-button minimal-border expanded has-bg-hover\"><span class=\"vcex-navbar-link-text\">FAQ Infrared Heating<\/span><\/a><a href=\"https:\/\/opranic.com\/faq-indoor-infrared-heating\/\" class=\"vcex-navbar-link vcex-navbar-link--13477 wpex-block wpex-float-left wpex-mb-5 theme-button minimal-border expanded has-bg-hover\"><span class=\"vcex-navbar-link-text\">FAQ Indoor Infrared Heating<\/span><\/a><a href=\"https:\/\/opranic.com\/faq-outdoor-infrared-heating\/\" class=\"vcex-navbar-link vcex-navbar-link--13485 wpex-block wpex-float-left wpex-mb-5 theme-button minimal-border expanded has-bg-hover\"><span class=\"vcex-navbar-link-text\">FAQ Outdoor Infrared Heating<\/span><\/a><\/div><\/nav>[vc_row_inner equal_height=\u00a0\u00bbyes\u00a0\u00bb remove_bottom_col_margin=\u00a0\u00bbtrue\u00a0\u00bb css=\u00a0\u00bb.vc_custom_1715063689585{padding-top: 30px !important;padding-bottom: 30px !important;}\u00a0\u00bb el_id=\u00a0\u00bbfaq\u00a0\u00bb][vc_column_inner]<style>.vcex-heading.vcex_69dfcbf239807{font-size:32px;text-transform:uppercase;}<\/style><h1 class=\"vcex-heading vcex-heading-plain vcex-module wpex-heading wpex-text-2xl vcex_69dfcbf239807\"><span class=\"vcex-heading-inner wpex-inline-block\">FAQ - CHAUFFAGE INFRAROUGE OPRANIC<\/span><\/h1><style>.vcex-heading.vcex_69dfcbf23a400{color:#262626;font-weight:600;}<\/style><h2 class=\"vcex-heading vcex-heading-plain vcex-module wpex-heading wpex-text-2xl wpex-text-left vcex_69dfcbf23a400\"><span class=\"vcex-heading-inner wpex-inline-block\">G\u00c9N\u00c9RAL<\/span><\/h2>[vc_toggle title=\u00a0\u00bbCOMMENT FONCTIONNE LE CHAUFFAGE INFRAROUGE ?\u00a0\u00bb style=\u00a0\u00bbarrow\u00a0\u00bb css=\u00a0\u00bb\u00a0\u00bb]Le chauffage infrarouge fonctionne en \u00e9mettant un rayonnement infrarouge, un type d&rsquo;onde \u00e9lectromagn\u00e9tique qui chauffe directement les objets et les personnes plut\u00f4t que l&rsquo;air environnant. Ce rayonnement se situe entre la lumi\u00e8re visible et les micro-ondes sur le spectre \u00e9lectromagn\u00e9tique et peut \u00eatre cat\u00e9goris\u00e9 en infrarouge proche, moyen et lointain selon la longueur d&rsquo;onde. Ces ondes traversent l&rsquo;air sans perte d&rsquo;\u00e9nergie significative et sont absorb\u00e9es par les objets et les surfaces \u00e0 leur contact, provoquant la vibration de leurs mol\u00e9cules et augmentant leur \u00e9nergie thermique. Ce processus fournit une chaleur imm\u00e9diate similaire \u00e0 celle du soleil mais sans les rayons ultraviolets nocifs, cr\u00e9ant une chaleur confortable et uniform\u00e9ment r\u00e9partie dans l&rsquo;espace en \u00e9vitant l&rsquo;inefficacit\u00e9 de chauffer d&rsquo;abord l&rsquo;air.    <a href=\"https:\/\/opranic.com\/theory-of-infrared-heating\/\">En savoir plus<\/a>[\/vc_toggle][vc_toggle title=\u00a0\u00bbCOMMENT LES RADIATEURS INFRAROUGES SE COMPARENT-ILS AUX RADIATEURS TRADITIONNELS ?\u00a0\u00bb style=\u00a0\u00bbarrow\u00a0\u00bb css=\u00a0\u00bb\u00a0\u00bb]Les radiateurs infrarouges offrent plusieurs avantages distincts par rapport aux radiateurs traditionnels, ce qui en fait un choix populaire pour divers besoins de chauffage.<\/p>\n<p><b>M\u00e9thode de chauffage :<\/b><\/p>\n<ul>\n<li>Chauffages infrarouges : ces chauffages \u00e9mettent un rayonnement infrarouge qui r\u00e9chauffe directement les objets et les personnes dans la pi\u00e8ce, de la m\u00eame mani\u00e8re que le soleil r\u00e9chauffe la Terre. Par exemple, un chauffage infrarouge Opranic pour salle de bains r\u00e9chauffera rapidement l\u2019espace et maintiendra les surfaces s\u00e8ches, emp\u00eachant le d\u00e9veloppement de moisissures. <\/li>\n<li>Radiateurs traditionnels : La plupart des radiateurs traditionnels, comme les radiateurs \u00e0 convection, r\u00e9chauffent l&rsquo;air dans la pi\u00e8ce. Cela peut prendre plus de temps et peut conduire \u00e0 un chauffage in\u00e9gal, l&rsquo;air chaud montant et l&rsquo;air plus frais restant pr\u00e8s du sol. <\/li>\n<\/ul>\n<p><b>Efficacit\u00e9 \u00e9nerg\u00e9tique :<\/b><\/p>\n<ul>\n<li>Chauffages infrarouges : comme ils chauffent directement les objets, les chauffages infrarouges peuvent \u00eatre plus \u00e9conomes en \u00e9nergie, en particulier dans les espaces o\u00f9 une chaleur imm\u00e9diate et cibl\u00e9e est n\u00e9cessaire. Par exemple, l\u2019utilisation d\u2019un chauffage infrarouge dans un bureau \u00e0 domicile peut apporter un confort rapide sans devoir chauffer toute la maison. <\/li>\n<li>Radiateurs traditionnels : Ceux-ci doivent souvent chauffer toute la pi\u00e8ce avant que les occupants ne ressentent la chaleur, ce qui peut \u00eatre moins efficace et plus co\u00fbteux en termes de consommation d&rsquo;\u00e9nergie.<\/li>\n<\/ul>\n<p><b>Temps de r\u00e9ponse :<\/b><\/p>\n<ul>\n<li>Chauffages infrarouges : ils fournissent une chaleur presque instantan\u00e9e, ce qui les rend id\u00e9aux lorsque l\u2019on souhaite se r\u00e9chauffer rapidement. Par exemple, dans un garage ou un atelier froid, un chauffage infrarouge peut rendre l\u2019espace confortable imm\u00e9diatement. <\/li>\n<li>Radiateurs traditionnels : Ceux-ci prennent g\u00e9n\u00e9ralement plus de temps pour r\u00e9chauffer une pi\u00e8ce car ils d\u00e9pendent du chauffage de l&rsquo;air, qui circule ensuite pour cr\u00e9er un environnement chaud.<\/li>\n<\/ul>\n<p><b>Qualit\u00e9 de l&rsquo;air :<\/b><\/p>\n<ul>\n<li>Chauffages infrarouges : comme ils ne reposent pas sur la circulation de l\u2019air, ils ne soul\u00e8vent pas la poussi\u00e8re ni les allerg\u00e8nes, ce qui en fait une bonne option pour les personnes souffrant d\u2019allergies ou d\u2019asthme. Par exemple, un chauffage infrarouge dans une chambre peut offrir un environnement de sommeil propre et confortable. <\/li>\n<li>Radiateurs traditionnels : Ceux-ci peuvent faire circuler la poussi\u00e8re et les allerg\u00e8nes car ils d\u00e9pendent du mouvement de l&rsquo;air pour distribuer la chaleur, ce qui peut \u00eatre probl\u00e9matique pour les personnes souffrant de probl\u00e8mes respiratoires.<\/li>\n<\/ul>\n<p>Les radiateurs infrarouges offrent un chauffage cibl\u00e9, efficace et rapide avec des avantages suppl\u00e9mentaires tels qu&rsquo;une meilleure qualit\u00e9 de l&rsquo;air et des caract\u00e9ristiques de s\u00e9curit\u00e9. Cela en fait un choix polyvalent et souvent plus efficace pour de nombreux besoins de chauffage modernes.  <a href=\"https:\/\/opranic.com\/fr\/chauffage-infrarouge-le-guide-ultime\/\">En savoir plus<\/a>[\/vc_toggle][vc_toggle title=\u00a0\u00bbQUELS SONT LES AVANTAGES DE L&apos;UTILISATION DES CHAUFFAGES INFRAROUGES OPRANIC ?\u00a0\u00bb style=\u00a0\u00bbarrow\u00a0\u00bb css=\u00a0\u00bb\u00a0\u00bb]Les radiateurs infrarouges OPRANIC offrent plusieurs avantages qui en font un choix populaire pour le chauffage r\u00e9sidentiel et commercial. Reconnus pour leur efficacit\u00e9 \u00e9nerg\u00e9tique, ils chauffent directement les objets et les personnes plut\u00f4t que l&rsquo;air, ce qui se traduit par une utilisation plus efficace de l&rsquo;\u00e9nergie et des co\u00fbts de chauffage inf\u00e9rieurs par rapport aux syst\u00e8mes traditionnels. <\/p>\n<p>Pour le chauffage ext\u00e9rieur, les radiateurs infrarouges OPRANIC fournissent une chaleur instantan\u00e9e, rendant rapidement les espaces confortables. Ils chauffent directement les personnes, \u00e9vitant les pertes d&rsquo;\u00e9nergie et en faisant le meilleur choix pour les patios, terrasses et autres espaces ouverts. <\/p>\n<p>\u00c0 l&rsquo;int\u00e9rieur, ces radiateurs assurent une distribution uniforme de la chaleur, r\u00e9duisant les points froids et maintenant une chaleur constante dans toute la pi\u00e8ce. Ils ne font pas circuler l&rsquo;air, minimisant ainsi la propagation de poussi\u00e8re, d&rsquo;allerg\u00e8nes et de polluants, ce qui est b\u00e9n\u00e9fique pour les personnes souffrant de probl\u00e8mes respiratoires ou d&rsquo;allergies. De plus, ils maintiennent les niveaux d&rsquo;humidit\u00e9 naturels, r\u00e9duisant le risque de peau s\u00e8che et d&rsquo;inconfort respiratoire, cr\u00e9ant ainsi un environnement confortable. Les radiateurs infrarouges OPRANIC aident \u00e9galement \u00e0 pr\u00e9venir la croissance de moisissures en gardant les murs secs.   <\/p>\n<p>Sur le plan environnemental, les radiateurs infrarouges OPRANIC contribuent \u00e0 r\u00e9duire l&#8217;empreinte carbone en utilisant moins d&rsquo;\u00e9nergie et en ne produisant aucun sous-produit de combustion, ce qui en fait une option de chauffage s\u00fbre et \u00e9cologique.<\/p>\n<p>Les caract\u00e9ristiques de s\u00e9curit\u00e9 comprennent des surfaces froides au toucher et une protection contre la surchauffe, r\u00e9duisant le risque de br\u00fblures et assurant un fonctionnement s\u00fbr. Ils fonctionnent \u00e9galement silencieusement, cr\u00e9ant un environnement paisible id\u00e9al pour les cadres int\u00e9rieurs et ext\u00e9rieurs. <\/p>\n<p>Leur design moderne et \u00e9l\u00e9gant compl\u00e8te divers styles de d\u00e9coration, ajoutant une valeur esth\u00e9tique. Ils sont faciles \u00e0 installer et n\u00e9cessitent un entretien minimal, offrant une solution de chauffage sans tracas. <\/p>\n<p>En r\u00e9sum\u00e9, les radiateurs infrarouges OPRANIC offrent de nombreux avantages, notamment l&rsquo;efficacit\u00e9 \u00e9nerg\u00e9tique, un confort am\u00e9lior\u00e9, des avantages pour la sant\u00e9, un fonctionnement rentable, le respect de l&rsquo;environnement, la polyvalence, des caract\u00e9ristiques de s\u00e9curit\u00e9, un fonctionnement silencieux, un design esth\u00e9tique et une facilit\u00e9 d&rsquo;installation et d&rsquo;entretien, ce qui en fait un excellent choix pour am\u00e9liorer tout syst\u00e8me de chauffage. <a href=\"https:\/\/opranic.com\/fr\/sante-et-radiateurs-infrarouges-avantages-en-un-coup-doeil\/\">En savoir plus<\/a>[\/vc_toggle][vc_toggle title=\u00a0\u00bbQU&apos;EST-CE QUI DISTINGUE LES CHAUFFAGES INFRAROUGES D&apos;INT\u00c9RIEUR OPRANIC DES CHAUFFAGES RADIANTS INFRAROUGES D&apos;EXT\u00c9RIEUR OPRANIC ?\u00a0\u00bb style=\u00a0\u00bbarrow\u00a0\u00bb css=\u00a0\u00bb\u00a0\u00bb]\n<p><b>Longueur d&rsquo;onde et efficacit\u00e9 de chauffage<\/b><\/p>\n<ul>\n<li><b>Radiateurs infrarouges d&rsquo;int\u00e9rieur :<\/b>\n<ul>\n<li>Longueur d&rsquo;onde : Ces radiateurs utilisent g\u00e9n\u00e9ralement un rayonnement infrarouge \u00e0 ondes longues (IR-C), qui fonctionne \u00e0 des longueurs d&rsquo;onde sup\u00e9rieures \u00e0 3,0 \u03bcm. Ce type de rayonnement est id\u00e9al pour les espaces int\u00e9rieurs car il fournit une chaleur douce et constante sans produire de lumi\u00e8re visible. <\/li>\n<li>Efficacit\u00e9 de chauffage : Les radiateurs \u00e0 infrarouge \u00e0 ondes longues sont con\u00e7us pour \u00eatre absorb\u00e9s efficacement par la peau humaine et les objets dans une pi\u00e8ce, assurant un chauffage efficace et confortable dans des environnements clos. Ils sont moins intenses par rapport aux radiateurs \u00e0 ondes courtes ou moyennes, ce qui les rend adapt\u00e9s au maintien d&rsquo;une atmosph\u00e8re int\u00e9rieure confortable.  <a href=\"https:\/\/opranic.com\/theory-of-infrared-heating\/\">En savoir plus<\/a><\/li>\n<\/ul>\n<\/li>\n<li><b>Radiateurs rayonnants infrarouges d&rsquo;ext\u00e9rieur :<\/b>\n<ul>\n<li>Longueur d&rsquo;onde : Les radiateurs d&rsquo;ext\u00e9rieur utilisent g\u00e9n\u00e9ralement un rayonnement infrarouge \u00e0 ondes moyennes (IR-B), fonctionnant entre 1,4 et 3,0 \u03bcm. Cette longueur d&rsquo;onde \u00e9met une chaleur plus intense qui peut r\u00e9sister aux effets de refroidissement du vent et des espaces ouverts. <\/li>\n<li>Efficacit\u00e9 de chauffage : Les radiateurs infrarouges \u00e0 ondes moyennes sont plus efficaces dans les environnements ext\u00e9rieurs car ils peuvent fournir une chaleur plus forte et plus directe. Cela garantit que la chaleur atteint les personnes et les objets malgr\u00e9 les d\u00e9fis environnementaux comme le vent et l&rsquo;air libre.  <a href=\"https:\/\/opranic.com\/theory-of-infrared-heating\/\">En savoir plus<\/a><\/li>\n<\/ul>\n<\/li>\n<\/ul>\n[\/vc_toggle][vc_toggle title=\u00a0\u00bbLES CHAUFFAGES OPRANIC SONT-ILS ADAPT\u00c9S \u00c0 UN USAGE COMMERCIAL ?\u00a0\u00bb style=\u00a0\u00bbarrow\u00a0\u00bb css=\u00a0\u00bb\u00a0\u00bb]Oui, les chauffages Opranic sont parfaitement adapt\u00e9s \u00e0 un usage commercial en raison de leur efficacit\u00e9 \u00e9nerg\u00e9tique exceptionnelle, de leur durabilit\u00e9 et de leurs caract\u00e9ristiques technologiques avanc\u00e9es. Les chauffages infrarouges Opranic pour usage ext\u00e9rieur sont con\u00e7us pour fournir une chaleur rapide et puissante gr\u00e2ce \u00e0 la technologie avanc\u00e9e IR-X Carbon Black, renfor\u00e7ant ainsi leur ad\u00e9quation aux espaces commerciaux exigeant des solutions de chauffage constantes et efficaces. Leurs indices de protection IP \u00e9lev\u00e9s, comme l&rsquo;indice IP65 du THOR S70R, les rendent r\u00e9sistants \u00e0 l&rsquo;eau et \u00e0 la poussi\u00e8re, permettant leur utilisation dans des environnements commerciaux int\u00e9rieurs et ext\u00e9rieurs. Les chauffages infrarouges Opranic sont id\u00e9aux pour les restaurants en plein air, les caf\u00e9s et autres \u00e9tablissements d&rsquo;accueil, offrant des solutions de chauffage efficaces et \u00e9l\u00e9gantes.   <\/p>\n<p>Les s\u00e9ries Opranic P5 et P6, par exemple, affichent une remarquable efficacit\u00e9 de conversion \u00e9nerg\u00e9tique, convertissant environ 99 % de l&rsquo;\u00e9nergie \u00e9lectrique en chaleur, garantissant un chauffage fiable et efficace pour les grandes surfaces commerciales int\u00e9rieures. Ces chauffages sont fabriqu\u00e9s avec des mat\u00e9riaux de haute qualit\u00e9 tels que l&rsquo;aluminium anodis\u00e9 et le verre tremp\u00e9, offrant des performances robustes et durables m\u00eame dans des conditions difficiles. <\/p>\n<p>La combinaison d&rsquo;une haute efficacit\u00e9, d&rsquo;une construction robuste, d&rsquo;options d&rsquo;installation polyvalentes, de caract\u00e9ristiques de s\u00e9curit\u00e9 avanc\u00e9es et de la conformit\u00e9 aux normes internationales fait des radiateurs OPRANIC une solution fiable et efficace pour une large gamme d&rsquo;applications commerciales, des restaurants et caf\u00e9s aux magasins, bureaux et espaces \u00e9v\u00e9nementiels. Leur capacit\u00e9 \u00e0 fournir une chaleur constante m\u00eame dans des environnements ext\u00e9rieurs les rend polyvalents. Pour des informations plus d\u00e9taill\u00e9es sur des mod\u00e8les sp\u00e9cifiques et leurs caract\u00e9ristiques, vous pouvez visiter les pages des produits.   <a href=\"https:\/\/opranic.com\/fr\/bases-de-la-technologie-infrarouge-une-introduction\/\">En savoir plus<\/a>[\/vc_toggle][vc_toggle title=\u00a0\u00bbLES RADIATEURS INFRAROUGES \u00c9METTENT-ILS DES RADIATIONS ?\u00a0\u00bb style=\u00a0\u00bbarrow\u00a0\u00bb css=\u00a0\u00bb\u00a0\u00bb]Oui, les radiateurs infrarouges \u00e9mettent des radiations, mais ces radiations sont s\u00fbres et inoffensives, offrant une solution de chauffage confortable et efficace.<\/p>\n<p><b>Type de radiation :<\/b> Les radiateurs infrarouges \u00e9mettent un rayonnement infrarouge, qui est un type de rayonnement \u00e9lectromagn\u00e9tique. C&rsquo;est le m\u00eame type de rayonnement que le soleil \u00e9met mais sans la composante ultraviolette (UV) nocive. Le rayonnement infrarouge fait partie du spectre \u00e9lectromagn\u00e9tique et se situe juste au-del\u00e0 de la lumi\u00e8re visible, le rendant invisible \u00e0 l&rsquo;\u0153il humain mais ressenti comme de la chaleur.  <\/p>\n<p><b>Comment fonctionnent les radiateurs infrarouges :<\/b> Les radiateurs infrarouges fonctionnent en \u00e9mettant des rayons infrarouges qui r\u00e9chauffent directement les objets et les personnes sur leur chemin, plut\u00f4t que de chauffer l&rsquo;air comme les radiateurs \u00e0 convection traditionnels. Cette forme directe de chauffage est efficace et peut cr\u00e9er une chaleur confortable rapidement. <\/p>\n<p><b>S\u00e9curit\u00e9 du rayonnement infrarouge :<\/b> Le rayonnement infrarouge \u00e9mis par ces radiateurs est compl\u00e8tement s\u00fbr pour les humains et les animaux de compagnie. Contrairement au rayonnement ultraviolet (UV), qui peut causer des dommages \u00e0 la peau, le rayonnement infrarouge est b\u00e9nin et a \u00e9t\u00e9 utilis\u00e9 en toute s\u00e9curit\u00e9 dans diverses applications, y compris les th\u00e9rapies m\u00e9dicales, pendant de nombreuses ann\u00e9es. <\/p>\n<p><b>Applications du rayonnement infrarouge :<\/b> La technologie infrarouge est largement utilis\u00e9e dans divers domaines, tels que les traitements m\u00e9dicaux (par exemple, les lampes infrarouges pour la th\u00e9rapie musculaire), le r\u00e9chauffement des aliments et le chauffage r\u00e9sidentiel en raison de ses propri\u00e9t\u00e9s de chauffage s\u00fbres et efficaces. <a href=\"https:\/\/opranic.com\/fr\/sante-et-radiateurs-infrarouges-avantages-en-un-coup-doeil\/\">En savoir plus<\/a>[\/vc_toggle][\/vc_column_inner][\/vc_row_inner][\/vc_column][\/vc_row]\n<\/div>","protected":false},"excerpt":{"rendered":"<p>[vc_row][vc_column][\/vc_column][\/vc_row][vc_row][vc_column][vc_row_inner equal_height=\u00a0\u00bbyes\u00a0\u00bb remove_bottom_col_margin=\u00a0\u00bbtrue\u00a0\u00bb css=\u00a0\u00bb.vc_custom_1715063689585{padding-top: 30px !important;padding-bottom: 30px !important;}\u00a0\u00bb el_id=\u00a0\u00bbfaq\u00a0\u00bb][vc_column_inner][vc_toggle title=\u00a0\u00bbCOMMENT FONCTIONNE LE CHAUFFAGE INFRAROUGE ?\u00a0\u00bb style=\u00a0\u00bbarrow\u00a0\u00bb css=\u00a0\u00bb\u00a0\u00bb]Le chauffage infrarouge fonctionne en \u00e9mettant un rayonnement infrarouge, un type d&rsquo;onde \u00e9lectromagn\u00e9tique qui chauffe directement les objets et les personnes plut\u00f4t que l&rsquo;air environnant. Ce rayonnement se situe entre la lumi\u00e8re visible et les micro-ondes sur le spectre&hellip;<\/p>\n","protected":false},"author":1,"featured_media":0,"parent":0,"menu_order":0,"comment_status":"closed","ping_status":"closed","template":"","meta":{"_acf_changed":false,"inline_featured_image":false,"_joinchat":[],"footnotes":""},"class_list":["post-22154","page","type-page","status-publish","hentry","entry","no-media"],"acf":[],"_links":{"self":[{"href":"https:\/\/opranic.com\/fr\/wp-json\/wp\/v2\/pages\/22154","targetHints":{"allow":["GET"]}}],"collection":[{"href":"https:\/\/opranic.com\/fr\/wp-json\/wp\/v2\/pages"}],"about":[{"href":"https:\/\/opranic.com\/fr\/wp-json\/wp\/v2\/types\/page"}],"author":[{"embeddable":true,"href":"https:\/\/opranic.com\/fr\/wp-json\/wp\/v2\/users\/1"}],"replies":[{"embeddable":true,"href":"https:\/\/opranic.com\/fr\/wp-json\/wp\/v2\/comments?post=22154"}],"version-history":[{"count":4,"href":"https:\/\/opranic.com\/fr\/wp-json\/wp\/v2\/pages\/22154\/revisions"}],"predecessor-version":[{"id":24942,"href":"https:\/\/opranic.com\/fr\/wp-json\/wp\/v2\/pages\/22154\/revisions\/24942"}],"wp:attachment":[{"href":"https:\/\/opranic.com\/fr\/wp-json\/wp\/v2\/media?parent=22154"}],"curies":[{"name":"wp","href":"https:\/\/api.w.org\/{rel}","templated":true}]}}