{"id":21722,"date":"2024-06-16T10:35:08","date_gmt":"2024-06-16T08:35:08","guid":{"rendered":"https:\/\/opranic.com\/shop\/uncategorized\/chauffage-de-terrasse-opranic-nova-v50r-2300w-ir-x-carbon-black-ip65-telecommande-minuterie\/"},"modified":"2025-11-01T19:01:00","modified_gmt":"2025-11-01T18:01:00","slug":"chauffage-de-terrasse-opranic-nova-v50r-2300w-ir-x-carbon-black-ip65-telecommande-minuterie","status":"publish","type":"product","link":"https:\/\/opranic.com\/fr\/shop\/chauffage-exterieur\/v50-nova-mural-plafond\/chauffage-de-terrasse-opranic-nova-v50r-2300w-ir-x-carbon-black-ip65-telecommande-minuterie\/","title":{"rendered":"Chauffage de terrasse OPRANIC NOVA V50R 2300W, IR-X Carbon Black, IP65, T\u00e9l\u00e9commande, Minuterie"},"content":{"rendered":"<div class=\"wpb-content-wrapper\">[vc_row][vc_column][vc_tta_tabs][vc_tta_section title=\u00a0\u00bbD\u00e9tails\u00a0\u00bb tab_id=\u00a0\u00bb1715058604722-4be8b460-d501&Prime;][vc_row_inner][vc_column_inner]<h2 class=\"vcex-heading vcex-heading-plain vcex-module wpex-heading wpex-text-2xl\"><span class=\"vcex-heading-inner wpex-inline-block\">Chauffage infrarouge NOVA V50R pour mur ou plafond<\/span><\/h2>[vc_column_text css=\u00a0\u00bb.vc_custom_1761069958089{margin-top: 30px !important;}\u00a0\u00bb]\n<div class=\"wpb_text_column wpb_content_element section-margin\">\n<div class=\"wpb_wrapper\">\n<p>Nous avons con\u00e7u le chauffage de terrasse OPRANIC NOVA V50R pour am\u00e9liorer vos espaces ext\u00e9rieurs avec des performances fiables et un design \u00e9l\u00e9gant. Il utilise la technologie IR-X Carbon Black efficace pour offrir des performances de chauffage solides et une efficacit\u00e9 optimale, ce qui en fait un excellent choix pour le chauffage ext\u00e9rieur moderne.<\/p>\n<h2>Design et caract\u00e9ristiques de s\u00e9curit\u00e9<\/h2>\n<p>Le corps rationalis\u00e9 et durable du chauffage de terrasse t\u00e9l\u00e9command\u00e9 OPRANIC NOVA V50R assure des performances durables. Sa construction comprend de l&rsquo;aluminium anodis\u00e9 robuste avec des finitions haute temp\u00e9rature. Les mat\u00e9riaux sont inoxydables, garantissant que le chauffage maintient sa qualit\u00e9 et ses performances au fil du temps.<\/p>\n<h2>Fonctionnalit\u00e9 et contr\u00f4le<\/h2>\n<p>Vous pouvez installer le chauffage de terrasse t\u00e9l\u00e9command\u00e9 de plusieurs fa\u00e7ons pour s&rsquo;adapter parfaitement \u00e0 votre espace. Voici vos options :<\/p>\n<ul>\n<li>Montage au plafond pour une chaleur directe vers le bas<\/li>\n<li>Montage mural dans toutes les directions pour une utilisation flexible<\/li>\n<li>Installation sous auvent pour chauffer une zone sp\u00e9cifique<\/li>\n<\/ul>\n<p>Cette flexibilit\u00e9 vous permet de profiter d&rsquo;une chaleur optimale l\u00e0 o\u00f9 vous en avez le plus besoin.<\/p>\n<h2>Polyvalence et confort<\/h2>\n<p>L&rsquo;OPRANIC NOVA V50R, un chauffage de terrasse t\u00e9l\u00e9command\u00e9 fiable, offre des caract\u00e9ristiques efficaces, s\u00fbres et polyvalentes, ce qui en fait un choix parfait pour tous ceux qui souhaitent profiter de leurs espaces ext\u00e9rieurs par temps plus frais. D\u00e9couvrez le confort et le style fiables avec l&rsquo;OPRANIC NOVA V50R, un chauffage con\u00e7u pour r\u00e9pondre \u00e0 vos besoins efficacement et avec \u00e9l\u00e9gance.<\/p>\n<h3>Avantages d&rsquo;un chauffage mural \/ plafond :<\/h3>\n<ul>\n<li>Chaleur confortable venant d&rsquo;en haut comme dans les restaurants en plein air<\/li>\n<li>Montage flexible, alignement id\u00e9al et chaleur constamment agr\u00e9able dans votre espace de d\u00e9tente<\/li>\n<li>T\u00e9l\u00e9commande avec arr\u00eat automatique pour une utilisation facile.<\/li>\n<\/ul>\n<h3>Contr\u00f4le :<\/h3>\n<ul>\n<li>T\u00e9l\u00e9commande<\/li>\n<li>Minuterie de 1 \u00e0 9 heures<\/li>\n<li>Puissance de chauffe : Max. 2300 watts<\/li>\n<li>5 niveaux de puissance : 900W, 1200W, 1600W, 1900W et 2300W<\/li>\n<\/ul>\n<h3>Design :<\/h3>\n<ul>\n<li>Design moderne fin et \u00e9l\u00e9gant<\/li>\n<li>Corps moderne et fin en aluminium anodis\u00e9 couleur champagne<\/li>\n<li>Dimensions (H x L x P) : 19,5 x 91,5 x 9 cm<\/li>\n<\/ul>\n<h3>Technologie de chauffage :<\/h3>\n<ul>\n<li>\u00c9l\u00e9ment principal : Technologie IR-X Carbon Black, D\u00e9marrage rapide en 3-5 secondes, Absorption maximale pour l&rsquo;homme avec 2,3\u00b5m<\/li>\n<li>Rayonnement infrarouge moyen, Convertit 96 % en chaleur radiante et 2-3 % en lumi\u00e8re (tr\u00e8s faible luminosit\u00e9), Dur\u00e9e de vie jusqu&rsquo;\u00e0 : 8 000 heures<\/li>\n<li>R\u00e9flecteur : R\u00e9flecteur parabolique focalis\u00e9 \u00e0 haute r\u00e9flexion, R\u00e9flecteurs lat\u00e9raux en acier inoxydable brillant.<\/li>\n<\/ul>\n<h3>Protection IP :<\/h3>\n<ul>\n<li>Protection IP65 contre l&rsquo;eau pour une utilisation toute l&rsquo;ann\u00e9e dans des conditions m\u00e9t\u00e9orologiques difficiles<\/li>\n<li>Convient pour une utilisation en ext\u00e9rieur, terrasses, restaurants en plein air<\/li>\n<\/ul>\n<h3>Domaines d&rsquo;application :<\/h3>\n<ul>\n<li>Espaces ext\u00e9rieurs, Balcons, Terrasses, Cours arri\u00e8re, Aires de repos ext\u00e9rieures, Camping, V\u00e9randas ouvertes, \u00c9tablissements de restauration en plein air, Aires de repos ext\u00e9rieures et espaces int\u00e9rieurs tels que garage, sous-sols, maisons d&rsquo;\u00e9t\u00e9 et chalets d&rsquo;hiver.<\/li>\n<\/ul>\n<h3>Zone de chauffage :<\/h3>\n<ul>\n<li>Zones prot\u00e9g\u00e9es du vent avec temp\u00e9rature ambiante de min 10\u00baC : jusqu&rsquo;\u00e0 15-25 m\u00b2<\/li>\n<li>Ext\u00e9rieur : 7-15 m\u00b2, selon la temp\u00e9rature ext\u00e9rieure et les conditions de vent<\/li>\n<\/ul>\n<h3>Installation :<\/h3>\n<ul>\n<li>Supports de montage en 2 parties inclus avec largeur d&rsquo;installation r\u00e9glable.<\/li>\n<li>Angle r\u00e9glable.<\/li>\n<li>Pour montage au mur &amp; plafond ou sur profil\u00e9s m\u00e9talliques etc.<\/li>\n<li>Position de montage recommand\u00e9e sur le mur : 1,8 &#8211; 2,2 m\u00e8tres du sol, inclin\u00e9 de 30-50\u00b0.<\/li>\n<\/ul>\n<h3>Charge \u00e9lectrique et fusible :<\/h3>\n<ul>\n<li>Une ligne \u00e9lectrique domestique standard d\u00e9livre environ 3,5 kW \u00e0 16 amp\u00e8res ou environ 2,3 kW \u00e0 10 amp\u00e8res.<\/li>\n<li>Un chauffage d&rsquo;une puissance de 2300 watts = 2,3 kW (n\u00e9cessite un fusible min 10 amp\u00e8res)<\/li>\n<\/ul>\n<h3>Distance de s\u00e9curit\u00e9 par rapport aux mat\u00e9riaux inflammables :<\/h3>\n<ul>\n<li>Mont\u00e9 au mur distance au mur lat\u00e9ral\/plafond : 40\/20 cm<\/li>\n<li>Vers l&rsquo;avant : 100 cm<\/li>\n<li>Sur les c\u00f4t\u00e9s : 40 cm<\/li>\n<li>Mont\u00e9 au plafond : 10 cm (hauteur des supports de montage)<\/li>\n<\/ul>\n<h3>Co\u00fbts de chauffage :<\/h3>\n<p>Pour un prix moyen de l&rsquo;\u00e9lectricit\u00e9 de 10 centimes par kWh : 0,1 \u20ac * 2,3 kW \u2248 0,23 \u20ac par heure<br \/>\n<em>* S&rsquo;applique au niveau de chauffage le plus \u00e9lev\u00e9. Si une puissance inf\u00e9rieure est s\u00e9lectionn\u00e9e, les co\u00fbts r\u00e9sultants sont plus bas. <\/em><\/p>\n<\/div>\n<\/div>\n[\/vc_column_text]<h2 class=\"vcex-heading vcex-heading-plain vcex-module wpex-heading wpex-text-2xl\"><span class=\"vcex-heading-inner wpex-inline-block\">Sp\u00e9cifications techniques<\/span><\/h2>[vc_column_text css=\u00a0\u00bb\u00a0\u00bb]\n<ul>\n<li>Produit : OPRANIC NOVA V50R &#8211; chauffage \u00e9lectrique d&rsquo;ext\u00e9rieur<\/li>\n<li>Technologie infrarouge : IR-X Carbon Black<\/li>\n<li>Couleur : Champagne<\/li>\n<li>Mat\u00e9riau : Aluminium anodis\u00e9 solide, avec plastiques lat\u00e9raux renforc\u00e9s de fibre de verre<\/li>\n<li>Tension : 230V AC ~ 50 Hz<\/li>\n<li>Puissance totale : 2300 watts<\/li>\n<li>5 niveaux de chaleur : 900 watts | 1200 watts | 1600 watts | 1900 watts et 2300 watts<\/li>\n<li>\u00c9cran LCD : oui<\/li>\n<li>Minuterie : oui (9 heures)<\/li>\n<li>Prise \u00e9lectrique : Prise schuko type F (Standard UE)<\/li>\n<li>Pour une connexion permanente au secteur, la prise doit \u00eatre d\u00e9connect\u00e9e par un professionnel qualifi\u00e9. La garantie restera valide.<\/li>\n<li>Longueur du cordon : 1,9 m<\/li>\n<li>T\u00e9l\u00e9commande : oui, infrarouge longue distance<\/li>\n<li>Fonctions de la t\u00e9l\u00e9commande : Marche, arr\u00eat (veille), s\u00e9lection des niveaux de chaleur, puissance maximale, minuterie.<\/li>\n<li>Dimensions (H x L x P) : 19,5 x 91,5 x 9 cm<\/li>\n<li>Poids : 3,2 kg<\/li>\n<li>Classe de protection : IP65 (prot\u00e9g\u00e9 contre la pluie, les jets d&rsquo;eau, la poussi\u00e8re)<\/li>\n<li>Montage : Supports en deux parties pour installation murale\/plafond.<\/li>\n<li>Type de rayonnement infrarouge : Absorption maximale pour l&rsquo;homme avec rayonnement infrarouge moyen 2,3\u00b5m<\/li>\n<li>Zone de chauffage : max. 7-15 m\u00b2 en ext\u00e9rieur, jusqu&rsquo;\u00e0 25-30 m\u00b2 dans les zones prot\u00e9g\u00e9es du vent<\/li>\n<li>Piles t\u00e9l\u00e9commande : 2 x AAA (incluses)<\/li>\n<\/ul>\n<h3>Contenu de la livraison<\/h3>\n<ul>\n<li>1 x Chauffage \u00e9lectrique d&rsquo;ext\u00e9rieur NOVA V50R<\/li>\n<li>2 x Supports de montage en deux parties<\/li>\n<li>1 x Mat\u00e9riel de montage (vis)<\/li>\n<li>1 x T\u00e9l\u00e9commande (piles incluses)<\/li>\n<li>1 x Manuel d&rsquo;utilisation<\/li>\n<\/ul>\n[\/vc_column_text][\/vc_column_inner][\/vc_row_inner][\/vc_tta_section][vc_tta_section title=\u00a0\u00bbF.A.Q.\u00a0\u00bb tab_id=\u00a0\u00bb1715058630675-41822335-92e1&Prime;][vc_row_inner equal_height=\u00a0\u00bbyes\u00a0\u00bb remove_bottom_col_margin=\u00a0\u00bbtrue\u00a0\u00bb css=\u00a0\u00bb.vc_custom_1715063689585{padding-top: 30px !important;padding-bottom: 30px !important;}\u00a0\u00bb el_id=\u00a0\u00bbfaq\u00a0\u00bb][vc_column_inner]<style>.vcex-heading.vcex_69dfd3386782f{font-size:32px;text-transform:uppercase;}<\/style><h2 class=\"vcex-heading vcex-heading-plain vcex-module wpex-heading wpex-text-2xl vcex_69dfd3386782f\"><span class=\"vcex-heading-inner wpex-inline-block\">Questions fr\u00e9quemment pos\u00e9es<\/span><\/h2>[vc_column_text css=\u00a0\u00bb\u00a0\u00bb]La FAQ pour tous les produits Opranic se trouve <a href=\"https:\/\/opranic.com\/knowledge-bank-faq\/\">ici<\/a>.<\/p>\n<p><a href=\"https:\/\/opranic.com\/knowledge-bank-faq\/\">Banque de connaissances FAQ | Opranic<\/a>[\/vc_column_text]<div class=\"vcex-module vcex-divider vcex-divider-solid vcex-divider-center wpex-mx-auto wpex-block wpex-h-0 wpex-border-b wpex-border-solid wpex-border-main\"><\/div>[\/vc_column_inner][\/vc_row_inner][\/vc_tta_section][\/vc_tta_tabs][\/vc_column][\/vc_row]\n<\/div>","protected":false},"excerpt":{"rendered":"<div class=\"product-description\">\n<p>Profitez d&rsquo;une chaleur puissante, semblable \u00e0 celle du soleil, avec le chauffage infrarouge de terrasse OPRANIC NOVA V50R. Con\u00e7u pour allier style et durabilit\u00e9, son bo\u00eetier en aluminium anodis\u00e9 et sa technologie IR-X carbon avanc\u00e9e offrent une chaleur instantan\u00e9e et uniforme pour un confort ext\u00e9rieur tout au long de l&rsquo;ann\u00e9e. Parfait pour les terrasses, les caf\u00e9s et les balcons recherchant un chauffage efficace avec un contr\u00f4le moderne.<\/p>\n<ul class=\"premium-features\">\n<li>Technologie infrarouge IR-X carbon 2300 W pour une chaleur profonde et confortable<\/li>\n<li>Chaleur instantan\u00e9e sans temps de pr\u00e9chauffage<\/li>\n<li>Indice IP65 \u2013 totalement r\u00e9sistant aux intemp\u00e9ries pour usage ext\u00e9rieur<\/li>\n<li>T\u00e9l\u00e9commande avec 5 niveaux de puissance et fonction minuterie<\/li>\n<li>Design durable en aluminium avec garantie de 2 ans<\/li>\n<\/ul>\n<\/div>\n","protected":false},"featured_media":21734,"comment_status":"closed","ping_status":"closed","template":"","meta":{"_acf_changed":false,"inline_featured_image":false,"_joinchat":[]},"product_brand":[],"product_cat":[1025,1026],"product_tag":[947,946,948,945],"class_list":{"0":"post-21722","1":"product","2":"type-product","3":"status-publish","4":"has-post-thumbnail","6":"product_cat-chauffage-exterieur","7":"product_cat-v50-nova-mural-plafond","8":"product_tag-eco23r","9":"product_tag-nova23r","10":"product_tag-opranic-nova","11":"product_tag-opranic-nova-infrared-heater","12":"entry","13":"has-media","15":"first","16":"instock","17":"taxable","18":"shipping-taxable","19":"purchasable","20":"product-type-simple"},"acf":[],"_links":{"self":[{"href":"https:\/\/opranic.com\/fr\/wp-json\/wp\/v2\/product\/21722","targetHints":{"allow":["GET"]}}],"collection":[{"href":"https:\/\/opranic.com\/fr\/wp-json\/wp\/v2\/product"}],"about":[{"href":"https:\/\/opranic.com\/fr\/wp-json\/wp\/v2\/types\/product"}],"replies":[{"embeddable":true,"href":"https:\/\/opranic.com\/fr\/wp-json\/wp\/v2\/comments?post=21722"}],"wp:featuredmedia":[{"embeddable":true,"href":"https:\/\/opranic.com\/fr\/wp-json\/wp\/v2\/media\/21734"}],"wp:attachment":[{"href":"https:\/\/opranic.com\/fr\/wp-json\/wp\/v2\/media?parent=21722"}],"wp:term":[{"taxonomy":"product_brand","embeddable":true,"href":"https:\/\/opranic.com\/fr\/wp-json\/wp\/v2\/product_brand?post=21722"},{"taxonomy":"product_cat","embeddable":true,"href":"https:\/\/opranic.com\/fr\/wp-json\/wp\/v2\/product_cat?post=21722"},{"taxonomy":"product_tag","embeddable":true,"href":"https:\/\/opranic.com\/fr\/wp-json\/wp\/v2\/product_tag?post=21722"}],"curies":[{"name":"wp","href":"https:\/\/api.w.org\/{rel}","templated":true}]}}