{"id":21741,"date":"2023-04-18T14:52:52","date_gmt":"2023-04-18T12:52:52","guid":{"rendered":"https:\/\/opranic.com\/shop\/uncategorized\/porte-serviettes-opranic-pour-p5-700-900-1100\/"},"modified":"2026-03-30T21:11:19","modified_gmt":"2026-03-30T19:11:19","slug":"porte-serviettes-opranic-pour-p5-700-900-1100","status":"publish","type":"product","link":"https:\/\/opranic.com\/fr\/shop\/accessoires\/chauffages-interieurs\/porte-serviettes-opranic-pour-p5-700-900-1100\/","title":{"rendered":"Porte-serviettes OPRANIC pour P5 700\/900\/1100"},"content":{"rendered":"<div class=\"wpb-content-wrapper\">[vc_row][vc_column][vc_tta_tabs][vc_tta_section title=\u00a0\u00bbD\u00e9tails\u00a0\u00bb tab_id=\u00a0\u00bb1760790713439-1c128aa2-96d7&Prime;]<h2 class=\"vcex-heading vcex-heading-plain vcex-module wpex-heading wpex-text-2xl\"><span class=\"vcex-heading-inner wpex-inline-block\">Porte-serviettes OPRANIC<\/span><\/h2>[vc_column_text css=\u00a0\u00bb\u00a0\u00bb]\n<h4 data-start=\"846\" data-end=\"877\">Porte-serviettes OPRANIC<\/h4>\n<p data-start=\"878\" data-end=\"1022\"><strong data-start=\"878\" data-end=\"886\">R\u00e9f\u00e9rence :<\/strong> PT001<br data-start=\"892\" data-end=\"895\"><strong data-start=\"895\" data-end=\"908\">Mat\u00e9riau :<\/strong> Aluminium bross\u00e9<br data-start=\"925\" data-end=\"928\"><strong data-start=\"928\" data-end=\"943\">Pour les mod\u00e8les :<\/strong> P5 \/ P6 \/ P7<br data-start=\"956\" data-end=\"959\"><strong data-start=\"959\" data-end=\"986\">Dimensions (H x L x P) :<\/strong> 4 x 72 x 12 cm et 4 x 72 x 10 cm<\/p>\n<p data-start=\"1024\" data-end=\"1243\">Profitez de serviettes parfaitement chaudes et s\u00e8ches chaque jour avec le porte-serviettes d&rsquo;Opranic pour les s\u00e9ries de chauffages infrarouges P5, P6 et P7. Cet accessoire \u00e9l\u00e9gant transforme votre chauffage de salle de bain en chauffe-serviettes styl\u00e9 et pratique. <\/p>\n<p data-start=\"1245\" data-end=\"1491\">Chaque support est fabriqu\u00e9 en aluminium bross\u00e9 de haute qualit\u00e9, garantissant une durabilit\u00e9 \u00e0 long terme et une finition raffin\u00e9e. Le set comprend deux supports con\u00e7us avec un espacement id\u00e9al pour permettre une distribution uniforme de la chaleur et emp\u00eacher les serviettes de se toucher. <\/p>\n<p data-start=\"1493\" data-end=\"1732\">L&rsquo;installation est rapide et facile \u2014 il suffit de fixer les supports \u00e0 l&rsquo;arri\u00e8re de votre chauffage \u00e0 l&rsquo;aide des vis de montage fournies. En quelques minutes, votre panneau infrarouge devient une solution de chauffage confortable et fonctionnelle pour votre salle de bain. <\/p>\n<p data-start=\"1734\" data-end=\"1907\">D\u00e9velopp\u00e9 exclusivement pour les chauffages OPRANIC, le set de porte-serviettes allie simplicit\u00e9 scandinave et praticit\u00e9 quotidienne, am\u00e9liorant \u00e0 la fois le confort et le design de votre int\u00e9rieur.<\/p>\n<p data-start=\"1909\" data-end=\"1932\"><strong data-start=\"1909\" data-end=\"1930\">Contenu de la livraison<\/strong><\/p>\n<ul data-start=\"1933\" data-end=\"1993\">\n<li data-start=\"1933\" data-end=\"1972\">\n<p data-start=\"1935\" data-end=\"1972\">1 x Set de porte-serviettes (2 pi\u00e8ces)<\/p>\n<\/li>\n<li data-start=\"1973\" data-end=\"1993\">\n<p data-start=\"1975\" data-end=\"1993\">1 x Kit de montage<\/p>\n<\/li>\n<\/ul>\n[\/vc_column_text][\/vc_tta_section][\/vc_tta_tabs][\/vc_column][\/vc_row]\n<\/div>","protected":false},"excerpt":{"rendered":"<section class=\"product-intro\">\n<h2>Porte-serviettes OPRANIC pour P5 700\/900\/1100<\/h2>\n<p>Transformez votre panneau chauffant infrarouge OPRANIC en un \u00e9l\u00e9gant chauffe-serviettes avec ce set de porte-serviettes haut de gamme. Fabriqu\u00e9 en aluminium bross\u00e9 et con\u00e7u pour s&rsquo;harmoniser avec l&rsquo;esth\u00e9tique minimaliste d&rsquo;OPRANIC, il r\u00e9chauffe et s\u00e8che les serviettes efficacement tout en sublimant le design de votre salle de bain. <\/p>\n<ul class=\"premium-features\">\n<li>Con\u00e7u pour P5 700\/900\/1100 (compatible aussi avec P6 et P7)<\/li>\n<li>Construction durable en aluminium bross\u00e9<\/li>\n<li>Deux supports avec espacement optimis\u00e9 pour un chauffage uniforme<\/li>\n<li>Installation rapide et simple avec kit de montage inclus<\/li>\n<li>Look scandinave \u00e9pur\u00e9 pour salles de bains modernes<\/li>\n<\/ul>\n<\/section>\n","protected":false},"featured_media":21742,"comment_status":"closed","ping_status":"closed","template":"","meta":{"_acf_changed":false,"inline_featured_image":false,"_joinchat":[]},"product_brand":[],"product_cat":[1042,1047],"product_tag":[],"class_list":{"0":"post-21741","1":"product","2":"type-product","3":"status-publish","4":"has-post-thumbnail","6":"product_cat-accessoires","7":"product_cat-chauffages-interieurs","8":"entry","9":"has-media","11":"first","12":"instock","13":"taxable","14":"shipping-taxable","15":"purchasable","16":"product-type-simple"},"acf":[],"_links":{"self":[{"href":"https:\/\/opranic.com\/fr\/wp-json\/wp\/v2\/product\/21741","targetHints":{"allow":["GET"]}}],"collection":[{"href":"https:\/\/opranic.com\/fr\/wp-json\/wp\/v2\/product"}],"about":[{"href":"https:\/\/opranic.com\/fr\/wp-json\/wp\/v2\/types\/product"}],"replies":[{"embeddable":true,"href":"https:\/\/opranic.com\/fr\/wp-json\/wp\/v2\/comments?post=21741"}],"wp:featuredmedia":[{"embeddable":true,"href":"https:\/\/opranic.com\/fr\/wp-json\/wp\/v2\/media\/21742"}],"wp:attachment":[{"href":"https:\/\/opranic.com\/fr\/wp-json\/wp\/v2\/media?parent=21741"}],"wp:term":[{"taxonomy":"product_brand","embeddable":true,"href":"https:\/\/opranic.com\/fr\/wp-json\/wp\/v2\/product_brand?post=21741"},{"taxonomy":"product_cat","embeddable":true,"href":"https:\/\/opranic.com\/fr\/wp-json\/wp\/v2\/product_cat?post=21741"},{"taxonomy":"product_tag","embeddable":true,"href":"https:\/\/opranic.com\/fr\/wp-json\/wp\/v2\/product_tag?post=21741"}],"curies":[{"name":"wp","href":"https:\/\/api.w.org\/{rel}","templated":true}]}}