{"id":21748,"date":"2023-04-18T15:24:42","date_gmt":"2023-04-18T13:24:42","guid":{"rendered":"https:\/\/opranic.com\/shop\/uncategorized\/kit-de-pieds-en-metal-opranic-pour-p6-hybride\/"},"modified":"2026-03-30T21:11:35","modified_gmt":"2026-03-30T19:11:35","slug":"kit-de-pieds-en-metal-opranic-pour-p6-hybride","status":"publish","type":"product","link":"https:\/\/opranic.com\/fr\/shop\/accessoires\/chauffages-interieurs\/kit-de-pieds-en-metal-opranic-pour-p6-hybride\/","title":{"rendered":"Kit de pieds m\u00e9talliques OPRANIC pour P6 Hybrid"},"content":{"rendered":"<div class=\"wpb-content-wrapper\">[vc_row][vc_column][vc_tta_tabs][vc_tta_section title=\u00a0\u00bbD\u00e9tails\u00a0\u00bb tab_id=\u00a0\u00bb1760790713439-1c128aa2-96d7&Prime;]<h2 class=\"vcex-heading vcex-heading-plain vcex-module wpex-heading wpex-text-2xl\"><span class=\"vcex-heading-inner wpex-inline-block\">Support de sol Opranic<\/span><\/h2>[vc_column_text css=\u00a0\u00bb\u00a0\u00bb]\n<h3 data-start=\"189\" data-end=\"317\"><strong data-start=\"189\" data-end=\"197\">D\u00e9tails<\/strong><\/h3>\n<p data-start=\"189\" data-end=\"317\"><strong data-start=\"189\" data-end=\"197\">UGS&nbsp;:<\/strong> OPP6LEG2<br data-start=\"206\" data-end=\"209\"><strong data-start=\"209\" data-end=\"222\">Mat\u00e9riau&nbsp;:<\/strong> M\u00e9tal avec rev\u00eatement en poudre<br data-start=\"248\" data-end=\"251\"><strong data-start=\"251\" data-end=\"262\">Couleur&nbsp;:<\/strong> Blanc<br data-start=\"268\" data-end=\"271\"><strong data-start=\"271\" data-end=\"298\">Dimensions (H x L x P)&nbsp;:<\/strong> 11 x 7 x 20,5&nbsp;cm<\/p>\n<p data-start=\"319\" data-end=\"696\">Le kit de pieds Opranic offre la solution id\u00e9ale pour ceux qui souhaitent de la flexibilit\u00e9 sans compromettre le style. Avec ces supports de haute qualit\u00e9, votre chauffage infrarouge Opranic P6 peut \u00eatre plac\u00e9 n&rsquo;importe o\u00f9, du salon aux bureaux en passant par les ateliers, chalets ou studios. Ils vous offrent la libert\u00e9 d&rsquo;utiliser votre chauffage exactement l\u00e0 o\u00f9 il est n\u00e9cessaire, sans installation permanente.  <\/p>\n<p data-start=\"698\" data-end=\"967\">Chaque support est fabriqu\u00e9 en m\u00e9tal robuste avec rev\u00eatement en poudre, ce qui garantit une finition durable qui r\u00e9siste \u00e0 l&rsquo;usure et conserve son aspect propre et \u00e9l\u00e9gant au fil du temps. La surface blanche brillante s&rsquo;int\u00e8gre parfaitement au design scandinave minimaliste qui d\u00e9finit la s\u00e9rie Opranic P6. <\/p>\n<p data-start=\"969\" data-end=\"1293\">Les supports sont con\u00e7us non seulement pour la stabilit\u00e9, mais aussi pour l&rsquo;efficacit\u00e9. Leur forme et leur hauteur cr\u00e9ent une distance id\u00e9ale entre le radiateur et le sol, permettant une circulation d&rsquo;air ad\u00e9quate pour une convection naturelle. Cela aide le radiateur \u00e0 aspirer l&rsquo;air plus frais par le bas, \u00e0 le r\u00e9chauffer uniform\u00e9ment et \u00e0 r\u00e9partir une chaleur confortable dans toute la pi\u00e8ce.  <\/p>\n<p data-start=\"1295\" data-end=\"1571\">Qu&rsquo;il soit utilis\u00e9 sur du carrelage, du bois ou de la moquette, la construction robuste de la base assure un \u00e9quilibre s\u00fbr et emp\u00eache le basculement. La large assise offre un soutien fiable, m\u00eame lorsque le radiateur est repositionn\u00e9 fr\u00e9quemment, ce qui en fait un excellent choix pour les environnements flexibles ou l&rsquo;utilisation saisonni\u00e8re. <\/p>\n<p data-start=\"1573\" data-end=\"1912\">L&rsquo;installation est rapide et intuitive. Fixez les pieds \u00e0 l&rsquo;aide des vis de montage fournies, et en quelques minutes votre Opranic P6 devient un chauffage infrarouge enti\u00e8rement portable qui peut \u00eatre facilement d\u00e9plac\u00e9 d&rsquo;un endroit \u00e0 un autre. C&rsquo;est parfait lorsque la fixation murale n&rsquo;est pas possible ou lorsque vous souhaitez ajuster votre configuration de chauffage tout au long de l&rsquo;ann\u00e9e.  <\/p>\n<p data-start=\"1914\" data-end=\"2172\">Le kit de pieds Opranic refl\u00e8te la m\u00eame attention aux d\u00e9tails et la m\u00eame qualit\u00e9 de fabrication que l&rsquo;on retrouve dans tous les produits Opranic. Il combine fonctionnalit\u00e9, s\u00e9curit\u00e9 et design moderne en un accessoire intelligent qui am\u00e9liore \u00e0 la fois l&rsquo;apparence et l&rsquo;utilit\u00e9 de votre chauffage infrarouge. <\/p>\n<p data-start=\"2174\" data-end=\"2197\"><strong data-start=\"2174\" data-end=\"2195\">Contenu de la livraison<\/strong><\/p>\n<ul>\n<li data-start=\"2174\" data-end=\"2197\">1 x Jeu de supports de sol (2 pi\u00e8ces)<\/li>\n<li data-start=\"2174\" data-end=\"2197\">1 x Kit de montage<\/li>\n<\/ul>\n[\/vc_column_text][\/vc_tta_section][\/vc_tta_tabs][\/vc_column][\/vc_row]\n<\/div>","protected":false},"excerpt":{"rendered":"<section class=\"product-intro\">\n<h2>Kit de pieds en m\u00e9tal Opranic pour P6 hybride<\/h2>\n<p>Rendez votre chauffage infrarouge Opranic P6 Hybrid enti\u00e8rement portable gr\u00e2ce \u00e0 ce kit de pieds robuste en m\u00e9tal laqu\u00e9 blanc. Installez-le en quelques minutes pour transformer un appareil mural en chauffage stable et autonome, parfait pour une utilisation flexible \u00e0 la maison ou au travail. <\/p>\n<ul class=\"premium-features\">\n<li>Stabilit\u00e9 autoportante pour P6 Hybride<\/li>\n<li>M\u00e9tal durable avec rev\u00eatement en poudre (blanc)<\/li>\n<li>Installation rapide avec kit de montage inclus<\/li>\n<li>D\u00e9gagement optimis\u00e9 du flux d&rsquo;air pour un chauffage efficace<\/li>\n<li>Design scandinave \u00e9pur\u00e9 et minimaliste<\/li>\n<\/ul>\n<\/section>\n","protected":false},"featured_media":21751,"comment_status":"closed","ping_status":"closed","template":"","meta":{"_acf_changed":false,"inline_featured_image":false,"_joinchat":[]},"product_brand":[],"product_cat":[1042,1047],"product_tag":[],"class_list":{"0":"post-21748","1":"product","2":"type-product","3":"status-publish","4":"has-post-thumbnail","6":"product_cat-accessoires","7":"product_cat-chauffages-interieurs","8":"entry","9":"has-media","11":"first","12":"instock","13":"taxable","14":"shipping-taxable","15":"purchasable","16":"product-type-simple"},"acf":[],"_links":{"self":[{"href":"https:\/\/opranic.com\/fr\/wp-json\/wp\/v2\/product\/21748","targetHints":{"allow":["GET"]}}],"collection":[{"href":"https:\/\/opranic.com\/fr\/wp-json\/wp\/v2\/product"}],"about":[{"href":"https:\/\/opranic.com\/fr\/wp-json\/wp\/v2\/types\/product"}],"replies":[{"embeddable":true,"href":"https:\/\/opranic.com\/fr\/wp-json\/wp\/v2\/comments?post=21748"}],"wp:featuredmedia":[{"embeddable":true,"href":"https:\/\/opranic.com\/fr\/wp-json\/wp\/v2\/media\/21751"}],"wp:attachment":[{"href":"https:\/\/opranic.com\/fr\/wp-json\/wp\/v2\/media?parent=21748"}],"wp:term":[{"taxonomy":"product_brand","embeddable":true,"href":"https:\/\/opranic.com\/fr\/wp-json\/wp\/v2\/product_brand?post=21748"},{"taxonomy":"product_cat","embeddable":true,"href":"https:\/\/opranic.com\/fr\/wp-json\/wp\/v2\/product_cat?post=21748"},{"taxonomy":"product_tag","embeddable":true,"href":"https:\/\/opranic.com\/fr\/wp-json\/wp\/v2\/product_tag?post=21748"}],"curies":[{"name":"wp","href":"https:\/\/api.w.org\/{rel}","templated":true}]}}