{"id":21752,"date":"2023-04-18T15:35:23","date_gmt":"2023-04-18T15:35:23","guid":{"rendered":"https:\/\/opranic.com\/shop\/uncategorized\/thermostat-enfichable-opranic-ot50\/"},"modified":"2026-03-28T15:05:07","modified_gmt":"2026-03-28T14:05:07","slug":"thermostat-enfichable-opranic-ot50","status":"publish","type":"product","link":"https:\/\/opranic.com\/fr\/shop\/accessoires\/chauffages-interieurs\/thermostat-enfichable-opranic-ot50\/","title":{"rendered":"Thermostat enfichable OPRANIC OT50"},"content":{"rendered":"<div class=\"wpb-content-wrapper\">[vc_row][vc_column][vc_tta_tabs][vc_tta_section title=\u00a0\u00bbD\u00e9tails\u00a0\u00bb tab_id=\u00a0\u00bb1760790713439-1c128aa2-96d7&Prime;]<h2 class=\"vcex-heading vcex-heading-plain vcex-module wpex-heading wpex-text-2xl\"><span class=\"vcex-heading-inner wpex-inline-block\">Prise thermostat Opranic OT50<\/span><\/h2>[vc_column_text css=\u00a0\u00bb\u00a0\u00bb]\n<p data-start=\"974\" data-end=\"1177\"><strong data-start=\"974\" data-end=\"982\">R\u00e9f\u00e9rence :<\/strong> OT50<br data-start=\"987\" data-end=\"990\"><strong data-start=\"990\" data-end=\"1007\">Alimentation :<\/strong> 230 V \/ 50 Hz<br data-start=\"1021\" data-end=\"1024\"><strong data-start=\"1024\" data-end=\"1046\">Plage de temp\u00e9rature :<\/strong> 3 \u00b0C \u2013 40 \u00b0C<br data-start=\"1059\" data-end=\"1062\"><strong data-start=\"1062\" data-end=\"1075\">Pr\u00e9cision :<\/strong> \u00b10,5 \u00b0C<br data-start=\"1083\" data-end=\"1086\"><strong data-start=\"1086\" data-end=\"1099\">Charge maximale :<\/strong> 16 A<br data-start=\"1104\" data-end=\"1107\"><strong data-start=\"1107\" data-end=\"1128\">Classe de protection :<\/strong> IP20<br data-start=\"1133\" data-end=\"1136\"><strong data-start=\"1136\" data-end=\"1162\">Temp\u00e9rature de fonctionnement :<\/strong> 0 \u00b0C \u2013 40 \u00b0C<\/p>\n<p data-start=\"1179\" data-end=\"1449\">L&rsquo;Opranic OT50 est un thermostat enfichable compact con\u00e7u pour faciliter le contr\u00f4le de vos panneaux rayonnants infrarouges Opranic. Il assure une r\u00e9gulation pr\u00e9cise de la temp\u00e9rature, vous aidant \u00e0 maintenir un climat ambiant constant et confortable tout en r\u00e9duisant la consommation d&rsquo;\u00e9nergie inutile. <\/p>\n<p data-start=\"1451\" data-end=\"1749\">Connectez simplement le thermostat OT50 \u00e0 une prise murale standard, branchez votre radiateur dans le thermostat et r\u00e9glez la temp\u00e9rature souhait\u00e9e \u00e0 l&rsquo;aide des commandes intuitives. L&rsquo;\u00e9cran num\u00e9rique lumineux affiche la temp\u00e9rature ambiante actuelle et le r\u00e9glage s\u00e9lectionn\u00e9, vous permettant de surveiller et d&rsquo;ajuster facilement. <\/p>\n<p data-start=\"1751\" data-end=\"2040\">Avec un r\u00e9glage de la temp\u00e9rature par incr\u00e9ments de 0,5 \u00b0C, l&rsquo;OT50 offre un contr\u00f4le pr\u00e9cis de votre niveau de confort. La fonction de protection contre le gel int\u00e9gr\u00e9e s&rsquo;active automatiquement \u00e0 3 \u00b0C pour \u00e9viter le gel dans les environnements froids, ce qui le rend id\u00e9al pour une utilisation dans les maisons, les bureaux, les ateliers ou les chalets. <\/p>\n<p data-start=\"2042\" data-end=\"2311\">Le thermostat comprend un mode OFF pratique pour la d\u00e9sactivation compl\u00e8te de l&rsquo;appareil connect\u00e9 lorsque le chauffage n&rsquo;est pas n\u00e9cessaire. Con\u00e7u avec une sortie de relais de haute qualit\u00e9, il prend en charge des charges allant jusqu&rsquo;\u00e0 16 A, assurant la compatibilit\u00e9 avec tous les panneaux rayonnants infrarouges Opranic. <\/p>\n<p data-start=\"2313\" data-end=\"2447\">L&rsquo;Opranic OT50 combine simplicit\u00e9 et efficacit\u00e9 dans un seul appareil, vous donnant un contr\u00f4le total de votre chauffage avec un minimum d&rsquo;effort.<\/p>\n<p data-start=\"2449\" data-end=\"2467\"><strong data-start=\"2449\" data-end=\"2465\">Principales caract\u00e9ristiques<\/strong><\/p>\n<ul data-start=\"2468\" data-end=\"2674\">\n<li data-start=\"2468\" data-end=\"2503\">\n<p data-start=\"2470\" data-end=\"2503\">Installation facile plug-and-play<\/p>\n<\/li>\n<li data-start=\"2504\" data-end=\"2551\">\n<p data-start=\"2506\" data-end=\"2551\">Contr\u00f4le pr\u00e9cis de la temp\u00e9rature par pas de 0,5 \u00b0C<\/p>\n<\/li>\n<li data-start=\"2552\" data-end=\"2588\">\n<p data-start=\"2554\" data-end=\"2588\">Fonction de protection contre le gel (3 \u00b0C)<\/p>\n<\/li>\n<li data-start=\"2589\" data-end=\"2623\">\n<p data-start=\"2591\" data-end=\"2623\">Affichage clair et facile \u00e0 lire<\/p>\n<\/li>\n<li data-start=\"2624\" data-end=\"2643\">\n<p data-start=\"2626\" data-end=\"2643\">Sortie max. 16 A<\/p>\n<\/li>\n<li data-start=\"2644\" data-end=\"2674\">\n<p data-start=\"2646\" data-end=\"2674\">Design compact et \u00e9l\u00e9gant<\/p>\n<\/li>\n<\/ul>\n[\/vc_column_text][\/vc_tta_section][\/vc_tta_tabs][\/vc_column][\/vc_row]\n<\/div>","protected":false},"excerpt":{"rendered":"<h2>Prise thermostat Opranic OT50<\/h2>\n<p>Contr\u00f4lez facilement votre panneau rayonnant infrarouge Opranic avec la prise thermostat OT50. Connectez simplement le thermostat \u00e0 votre prise murale et branchez votre radiateur pour un contr\u00f4le automatique de la temp\u00e9rature. R\u00e9glez votre temp\u00e9rature pr\u00e9f\u00e9r\u00e9e et profitez d&rsquo;une chaleur constante et confortable sans r\u00e9glage manuel. L&rsquo;\u00e9cran num\u00e9rique rend l&rsquo;utilisation intuitive, tandis que le thermostat assure une efficacit\u00e9 \u00e9nerg\u00e9tique et un confort maximum dans chaque pi\u00e8ce.   <\/p>\n<p><strong data-start=\"974\" data-end=\"982\">SKU:<\/strong> OT50<br data-start=\"987\" data-end=\"990\"><strong data-start=\"990\" data-end=\"1007\">Alimentation:<\/strong> 230 V \/ 50 Hz<br data-start=\"1021\" data-end=\"1024\"><strong data-start=\"1024\" data-end=\"1046\">Plage de temp\u00e9rature:<\/strong> 3 \u00b0C \u2013 40 \u00b0C<br data-start=\"1059\" data-end=\"1062\"><strong data-start=\"1062\" data-end=\"1075\">Pr\u00e9cision:<\/strong> \u00b10.5 \u00b0C<br data-start=\"1083\" data-end=\"1086\"><strong data-start=\"1086\" data-end=\"1099\">Charge max.:<\/strong> 16 A<br data-start=\"1104\" data-end=\"1107\"><strong data-start=\"1107\" data-end=\"1128\">Classe de protection:<\/strong> IP20<br data-start=\"1133\" data-end=\"1136\"><strong data-start=\"1136\" data-end=\"1162\">Temp\u00e9rature de fonctionnement:<\/strong> 0 \u00b0C \u2013 40 \u00b0C<\/p>\n<p>&nbsp;<\/p>\n","protected":false},"featured_media":21755,"comment_status":"closed","ping_status":"closed","template":"","meta":{"_acf_changed":false,"inline_featured_image":false,"_joinchat":[]},"product_brand":[],"product_cat":[1042,1047],"product_tag":[],"class_list":{"0":"post-21752","1":"product","2":"type-product","3":"status-publish","4":"has-post-thumbnail","6":"product_cat-accessoires","7":"product_cat-chauffages-interieurs","8":"entry","9":"has-media","11":"first","12":"instock","13":"taxable","14":"shipping-taxable","15":"purchasable","16":"product-type-simple"},"acf":[],"_links":{"self":[{"href":"https:\/\/opranic.com\/fr\/wp-json\/wp\/v2\/product\/21752","targetHints":{"allow":["GET"]}}],"collection":[{"href":"https:\/\/opranic.com\/fr\/wp-json\/wp\/v2\/product"}],"about":[{"href":"https:\/\/opranic.com\/fr\/wp-json\/wp\/v2\/types\/product"}],"replies":[{"embeddable":true,"href":"https:\/\/opranic.com\/fr\/wp-json\/wp\/v2\/comments?post=21752"}],"wp:featuredmedia":[{"embeddable":true,"href":"https:\/\/opranic.com\/fr\/wp-json\/wp\/v2\/media\/21755"}],"wp:attachment":[{"href":"https:\/\/opranic.com\/fr\/wp-json\/wp\/v2\/media?parent=21752"}],"wp:term":[{"taxonomy":"product_brand","embeddable":true,"href":"https:\/\/opranic.com\/fr\/wp-json\/wp\/v2\/product_brand?post=21752"},{"taxonomy":"product_cat","embeddable":true,"href":"https:\/\/opranic.com\/fr\/wp-json\/wp\/v2\/product_cat?post=21752"},{"taxonomy":"product_tag","embeddable":true,"href":"https:\/\/opranic.com\/fr\/wp-json\/wp\/v2\/product_tag?post=21752"}],"curies":[{"name":"wp","href":"https:\/\/api.w.org\/{rel}","templated":true}]}}