{"id":21756,"date":"2024-05-05T22:44:46","date_gmt":"2024-05-05T20:44:46","guid":{"rendered":"https:\/\/opranic.com\/shop\/uncategorized\/radiateur-de-terrasse-mural-opranic-pro-v70r-2300w-ir-x-carbon-black-ip65-telecommande-minuterie\/"},"modified":"2026-04-14T21:22:04","modified_gmt":"2026-04-14T19:22:04","slug":"radiateur-de-terrasse-mural-opranic-pro-v70r-2300w-ir-x-carbon-black-ip65-telecommande-minuterie","status":"publish","type":"product","link":"https:\/\/opranic.com\/fr\/shop\/chauffage-exterieur\/v70-pro-mural-plafond\/radiateur-de-terrasse-mural-opranic-pro-v70r-2300w-ir-x-carbon-black-ip65-telecommande-minuterie\/","title":{"rendered":"OPRANIC PRO V70R Montage mural et au plafond chauffage de terrasse infrarouge 2 300 W, IR-X Carbon Black, IP65, T\u00e9l\u00e9commande, Minuteur"},"content":{"rendered":"<div class=\"wpb-content-wrapper\">[vc_row][vc_column][vc_tta_tabs style=\u00a0\u00bbtotal_3&Prime; active_section=\u00a0\u00bb1&Prime;][vc_tta_section tab_id=\u00a0\u00bbv70r-details\u00a0\u00bb title=\u00a0\u00bbD\u00e9tails\u00a0\u00bb][vc_row_inner][vc_column_inner]<h2 class=\"vcex-heading vcex-heading-plain vcex-module wpex-heading wpex-text-2xl\"><span class=\"vcex-heading-inner wpex-inline-block\">OPRANIC PRO V70R - Chauffage de terrasse infrarouge professionnel<\/span><\/h2>[vc_column_text css=\u00a0\u00bb\u00a0\u00bb]\n<section class=\"product-copy\">L\u2019<strong>OPRANIC PRO V70R<\/strong> est un chauffage infrarouge pour terrasse haut de gamme pour <strong>installation murale et au plafond<\/strong>, d\u00e9velopp\u00e9 pour les installations professionnelles, les restaurants, les caf\u00e9s et les espaces ext\u00e9rieurs haut de gamme. Con\u00e7u pour une installation murale et au plafond, il associe un design raffin\u00e9 \u00e0 une chaleur rapide, efficace et cibl\u00e9e, aliment\u00e9e par la technologie IR-X Carbon Black. <\/p>\n<ul>\n<li>Conception premium avec corps en aluminium thermolaqu\u00e9 et grille frontale en acier inoxydable bross\u00e9<\/li>\n<li>\u00c9l\u00e9ment IR-X Carbon Black pour une efficacit\u00e9 \u00e9lev\u00e9e, un faible rayonnement lumineux et un chauffage rapide<\/li>\n<li>Installation flexible sur murs, plafonds ou auvents<\/li>\n<li>T\u00e9l\u00e9commande et minuterie pour une utilisation quotidienne simple<\/li>\n<li>Protection IP65 pour les environnements ext\u00e9rieurs exigeants<\/li>\n<\/ul>\n<h3>Design et qualit\u00e9 de fabrication<\/h3>\n<p>Le ch\u00e2ssis fin et allong\u00e9 conf\u00e8re \u00e0 ce <strong>chauffage infrarouge pour terrasse<\/strong> une allure moderne et professionnelle, tout en conservant une excellente durabilit\u00e9. Con\u00e7u pour les environnements exigeants, le PRO V70R associe des mat\u00e9riaux premium \u00e0 une finition soign\u00e9e, adapt\u00e9e aux restaurants, terrasses, patios couverts et espaces r\u00e9sidentiels haut de gamme. Il est disponible en Jet Black ou Cloud White.  <\/p>\n<h3>Syst\u00e8me de r\u00e9flecteur<\/h3>\n<ul>\n<li>R\u00e9flecteur parabolique focalis\u00e9 avec r\u00e9flexion \u00e0 haute brillance<\/li>\n<li>R\u00e9flecteurs lat\u00e9raux en acier inoxydable haute brillance<\/li>\n<\/ul>\n<div style=\"border-left: 3px solid #EE9305; background: #FAFAFA; border-radius: 0 6px 6px 0; padding: 16px 18px; margin: 28px 0 16px;\">\n<h3 style=\"margin: 0 0 8px; font-size: 15px;\">Technologie de chauffage IR-X Carbon Black<\/h3>\n<ul style=\"margin: 0 0 14px; padding-left: 18px; font-size: 14px; line-height: 1.7; color: #444;\">\n<li>Filament fabriqu\u00e9 \u00e0 partir de fibre de carbone japonaise premium<\/li>\n<li>D\u00e9marrage rapide en 3 \u00e0 5 secondes environ<\/li>\n<li>Optimis\u00e9 pour le confort humain \u00e0 environ 2,3 \u00b5m infrarouge \u00e0 ondes moyennes<\/li>\n<li>Part \u00e9lev\u00e9e de chaleur rayonnante avec lumi\u00e8re visible ultra-faible<\/li>\n<li>Dur\u00e9e de vie jusqu&rsquo;\u00e0 environ 12 000 heures<\/li>\n<\/ul>\n<p><a style=\"display: inline-flex; align-items: center; gap: 6px; font-size: 13px; font-weight: 600; color: #ee9305; text-decoration: none; border: 1px solid #EE9305; border-radius: 5px; padding: 6px 12px;\" href=\"https:\/\/opranic.com\/fr\/la-science-efficace-derriere-opranic\/?v=efad7abb323e\"><br \/>\nEn savoir plus sur la technologie IR-X \u2192<br \/>\n<\/a><\/p>\n<\/div>\n<h3>Options d&rsquo;installation<\/h3>\n<p>Ce <strong>chauffage infrarouge pour terrasse<\/strong> \u00e0 montage mural et au plafond est con\u00e7u pour une installation fixe et peut \u00eatre adapt\u00e9 \u00e0 diff\u00e9rentes configurations et exigences de projet.<\/p>\n<ul>\n<li>Montage au plafond pour une chaleur directe vers le bas<\/li>\n<li>Montage mural dans diff\u00e9rentes directions<\/li>\n<li>Installation d&rsquo;auvent pour une chaleur cibl\u00e9e<\/li>\n<li>Angle r\u00e9glable pour une direction de chaleur pr\u00e9cise<\/li>\n<\/ul>\n<h3>Mat\u00e9riel d&rsquo;installation<\/h3>\n<ul>\n<li>Supports de montage en deux parties avec largeur d&rsquo;installation r\u00e9glable inclus<\/li>\n<li>Adapt\u00e9 \u00e0 l&rsquo;installation murale, au plafond ou sur profil\u00e9 m\u00e9tallique<\/li>\n<li>Position murale recommand\u00e9e : 1,8 \u00e0 2,2 m au-dessus du niveau du sol avec un angle d&rsquo;inclinaison de 30 \u00e0 50 degr\u00e9s<\/li>\n<\/ul>\n<div style=\"border-left: 3px solid #EE9305; background: #FAFAFA; border-radius: 0 6px 6px 0; padding: 16px 18px; margin: 28px 0 20px;\">\n<h3 style=\"margin: 0 0 8px; font-size: 15px;\">Fonction de red\u00e9marrage automatique pour contr\u00f4le centralis\u00e9 de l&rsquo;alimentation<\/h3>\n<p style=\"margin: 0 0 10px; font-size: 14px; line-height: 1.6; color: #444;\">Un avantage unique du PRO V70R est sa <strong>fonction de red\u00e9marrage automatique pour contr\u00f4le centralis\u00e9 de l&rsquo;alimentation<\/strong>. Lorsque cette fonction est activ\u00e9e, le chauffage revient automatiquement \u00e0 son \u00e9tat de fonctionnement pr\u00e9c\u00e9dent apr\u00e8s que l&rsquo;alimentation externe a \u00e9t\u00e9 coup\u00e9e puis r\u00e9tablie. <\/p>\n<p style=\"margin: 0 0 10px; font-size: 14px; line-height: 1.6; color: #444;\">Ceci est particuli\u00e8rement utile dans les restaurants, caf\u00e9s et autres installations professionnelles o\u00f9 plusieurs chauffages sont contr\u00f4l\u00e9s depuis un interrupteur mural central, une minuterie, un contacteur ou un circuit d&rsquo;alimentation principal.<\/p>\n<ul style=\"margin: 0 0 16px; padding-left: 18px; font-size: 14px; line-height: 1.7; color: #444;\">\n<li>Id\u00e9al pour les restaurants et les espaces ext\u00e9rieurs commerciaux<\/li>\n<li>Permet de contr\u00f4ler plusieurs chauffages depuis une source d&rsquo;alimentation centrale<\/li>\n<li>R\u00e9tablit automatiquement le fonctionnement apr\u00e8s une coupure de courant externe ou un arr\u00eat programm\u00e9<\/li>\n<li>R\u00e9duit les allumages et extinctions manuels<\/li>\n<li>Rend l&rsquo;utilisation quotidienne plus simple et plus efficace<\/li>\n<\/ul>\n<h3 style=\"margin: 0 0 8px; font-size: 15px;\">Comment activer ou d\u00e9sactiver la fonction de red\u00e9marrage automatique<\/h3>\n<p style=\"margin: 0 0 8px; font-size: 14px; line-height: 1.6; color: #444;\">La fonction de red\u00e9marrage automatique peut \u00eatre activ\u00e9e ou d\u00e9sactiv\u00e9e directement avec la t\u00e9l\u00e9commande.<\/p>\n<ol style=\"margin: 0 0 10px; padding-left: 18px; font-size: 14px; line-height: 1.7; color: #444;\">\n<li>Assurez-vous que l&rsquo;\u00e9cran du chauffage affiche <strong>\u00ab\u00a0&#8211; -\u00ab\u00a0<\/strong>.<\/li>\n<li>Appuyez sur les boutons de la t\u00e9l\u00e9commande dans cet ordre exact :<\/li>\n<\/ol>\n<p style=\"margin: 0 0 10px; font-size: 14px; color: #444;\"><strong>MAX &gt; P+ &gt; P- &gt; MAX<\/strong><\/p>\n<ul style=\"margin: 0 0 10px; padding-left: 18px; font-size: 14px; line-height: 1.7; color: #444;\">\n<li>Si l&rsquo;\u00e9cran affiche bri\u00e8vement <strong>\u00ab\u00a0r1\u00a0\u00bb<\/strong>, la fonction de red\u00e9marrage automatique est activ\u00e9e.<\/li>\n<li>Si vous r\u00e9p\u00e9tez la m\u00eame s\u00e9quence et que l&rsquo;\u00e9cran affiche bri\u00e8vement <strong>\u00ab\u00a0r0\u00a0\u00bb<\/strong>, la fonction de red\u00e9marrage automatique est d\u00e9sactiv\u00e9e.<\/li>\n<li>Lorsque la fonction de red\u00e9marrage automatique est d\u00e9sactiv\u00e9e, le chauffage d\u00e9marre en mode veille apr\u00e8s le r\u00e9tablissement de l&rsquo;alimentation.<\/li>\n<\/ul>\n<p style=\"margin: 0; font-size: 14px; line-height: 1.6; color: #444;\">Ne modifiez ce r\u00e9glage que lorsque <strong>\u00ab\u00a0&#8211; -\u00ab\u00a0<\/strong> est visible sur l&rsquo;\u00e9cran.<\/p>\n<\/div>\n<h3>Contr\u00f4le et puissance<\/h3>\n<ul>\n<li>T\u00e9l\u00e9commande incluse<\/li>\n<li>Minuterie r\u00e9glable de 1 \u00e0 9 heures<\/li>\n<li>Puissance maximale : 2,3 kW<\/li>\n<li>Cinq niveaux de puissance : 900 W, 1200 W, 1600 W, 1900 W, 2300 W<\/li>\n<li>Fonction de red\u00e9marrage automatique pour contr\u00f4le centralis\u00e9 de l&rsquo;alimentation<\/li>\n<\/ul>\n<h3>Surface de chauffage recommand\u00e9e<\/h3>\n<ul>\n<li>Zones prot\u00e9g\u00e9es du vent \u00e0 environ 10 \u00b0C ou plus : environ 15 \u00e0 25 m\u00b2<\/li>\n<li>Espaces ext\u00e9rieurs ouverts : environ 7 \u00e0 15 m\u00b2 selon les conditions de temp\u00e9rature et de vent<\/li>\n<\/ul>\n<h3>Applications id\u00e9ales<\/h3>\n<ul>\n<li>Restaurants, caf\u00e9s et espaces de restauration en ext\u00e9rieur<\/li>\n<li>Balcons, terrasses, patios et espaces ext\u00e9rieurs couverts<\/li>\n<li>V\u00e9randas et espaces semi-ouverts<\/li>\n<li>Espaces utilitaires int\u00e9rieurs tels que garages, sous-sols, maisons d&rsquo;\u00e9t\u00e9 et cabanes d&rsquo;hiver<\/li>\n<\/ul>\n<h3>Exigences \u00e9lectriques<\/h3>\n<ul>\n<li>Circuit domestique typique : environ 3,5 kW \u00e0 16 A ou environ 2,3 kW \u00e0 10 A<\/li>\n<li>Un radiateur de 2300 W \u00e9quivaut \u00e0 2,3 kW et n\u00e9cessite au moins un fusible de 10 A<\/li>\n<\/ul>\n<h3>Distances de s\u00e9curit\u00e9 par rapport aux mat\u00e9riaux combustibles<\/h3>\n<ul>\n<li>Montage mural : 40 cm du mur lat\u00e9ral et 20 cm du plafond<\/li>\n<li>D\u00e9gagement avant : 100 cm<\/li>\n<li>D\u00e9gagement lat\u00e9ral : 40 cm<\/li>\n<li>Montage au plafond : minimum 10 cm du plafond en raison de la hauteur du support<\/li>\n<\/ul>\n<h3>R\u00e9sistance aux intemp\u00e9ries<\/h3>\n<ul>\n<li>Indice IP65 pour une utilisation ext\u00e9rieure toute l&rsquo;ann\u00e9e dans des conditions m\u00e9t\u00e9orologiques exigeantes<\/li>\n<li>Adapt\u00e9 aux terrasses, patios et environnements de restauration en plein air<\/li>\n<\/ul>\n<\/section>\n[\/vc_column_text][vc_column_text css=\u00a0\u00bb.vc_custom_1774895715783{margin-top: 15px !important;border-top-width: 1px !important;border-top-style: solid !important;border-radius: 1px !important;}\u00a0\u00bb wpex_border_color=\u00a0\u00bb#e5e5e5&Prime;]\n<h3>Comparaison des co\u00fbts de fonctionnement \u2014 \u00c9lectrique vs Gaz<\/h3>\n<div style=\"font-family: inherit; width: 100%; margin-top: 24px;\">\n<div style=\"display: flex; gap: 24px; margin-bottom: 24px; flex-wrap: wrap;\">\n<div style=\"display: flex; align-items: center; gap: 8px; font-size: 15px; color: #262626;\">\n<div style=\"width: 16px; height: 16px; border-radius: 3px; background: #EE9305; flex-shrink: 0;\"><\/div>\n<p>1\u00d7 PRO V70R \u00e9lectrique (2,3 kW)<\/p>\n<\/div>\n<div style=\"display: flex; align-items: center; gap: 8px; font-size: 15px; color: #262626;\">\n<div style=\"width: 16px; height: 16px; border-radius: 3px; background: #888; flex-shrink: 0;\"><\/div>\n<p>1\u00d7 Chauffage champignon \u00e0 gaz (~12 kW)<\/p>\n<\/div>\n<\/div>\n<p><!-- STAPLAR utan vertikal linje --><\/p>\n<div style=\"display: flex; gap: 60px; align-items: flex-end; height: 240px; padding: 0 20px;\">\n<div style=\"flex: 1; display: flex; gap: 16px; align-items: flex-end; height: 100%;\">\n<div style=\"flex: 1; display: flex; flex-direction: column; align-items: center; height: 100%; justify-content: flex-end;\">\n<div style=\"width: 100%; height: 14%; border-radius: 4px 4px 0 0; background: #EE9305; display: flex; align-items: flex-start; justify-content: center; padding-top: 8px;\"><span style=\"font-size: 15px; font-weight: bold; color: #fff;\">0,55 \u20ac<\/span><\/div>\n<div style=\"font-size: 14px; color: #444; margin-top: 8px; text-align: center;\">\u00c9lectrique<\/div>\n<\/div>\n<div style=\"flex: 1; display: flex; flex-direction: column; align-items: center; height: 100%; justify-content: flex-end;\">\n<div style=\"width: 100%; height: 100%; border-radius: 4px 4px 0 0; background: #888; display: flex; align-items: flex-start; justify-content: center; padding-top: 8px;\"><span style=\"font-size: 15px; font-weight: bold; color: #fff;\">3,90 \u20ac<\/span><\/div>\n<div style=\"font-size: 14px; color: #444; margin-top: 8px; text-align: center;\">Gaz<\/div>\n<\/div>\n<\/div>\n<div style=\"flex: 1; display: flex; gap: 16px; align-items: flex-end; height: 100%;\">\n<div style=\"flex: 1; display: flex; flex-direction: column; align-items: center; height: 100%; justify-content: flex-end;\">\n<div style=\"width: 100%; height: 22%; border-radius: 4px 4px 0 0; background: #EE9305; display: flex; align-items: flex-start; justify-content: center; padding-top: 8px;\"><span style=\"font-size: 15px; font-weight: bold; color: #fff;\">0,88 \u20ac<\/span><\/div>\n<div style=\"font-size: 14px; color: #444; margin-top: 8px; text-align: center;\">\u00c9lectrique<\/div>\n<\/div>\n<div style=\"flex: 1; display: flex; flex-direction: column; align-items: center; height: 100%; justify-content: flex-end;\">\n<div style=\"width: 100%; height: 47%; border-radius: 4px 4px 0 0; background: #888; display: flex; align-items: flex-start; justify-content: center; padding-top: 8px;\"><span style=\"font-size: 15px; font-weight: bold; color: #fff;\">1,82 \u20ac<\/span><\/div>\n<div style=\"font-size: 14px; color: #444; margin-top: 8px; text-align: center;\">Gaz<\/div>\n<\/div>\n<\/div>\n<\/div>\n<p><!-- FLAGGOR med horisontell linje UNDER --><\/p>\n<div style=\"display: flex; gap: 60px; padding: 20px 20px 0;\">\n<div style=\"flex: 1; text-align: center;\">\n<p><img loading=\"lazy\" decoding=\"async\" style=\"display: block; margin: 0 auto; border-radius: 2px;\" src=\"https:\/\/upload.wikimedia.org\/wikipedia\/commons\/4\/4c\/Flag_of_Sweden.svg\" alt=\"Su\u00e8de\" width=\"44\" height=\"29\"><\/p>\n<div style=\"font-size: 17px; font-weight: 600; color: #262626; margin-top: 8px;\">Su\u00e8de<\/div>\n<\/div>\n<div style=\"flex: 1; text-align: center;\">\n<p><img loading=\"lazy\" decoding=\"async\" style=\"display: block; margin: 0 auto; border-radius: 2px;\" src=\"https:\/\/upload.wikimedia.org\/wikipedia\/en\/b\/ba\/Flag_of_Germany.svg\" alt=\"Allemagne\" width=\"44\" height=\"29\"><\/p>\n<div style=\"font-size: 17px; font-weight: 600; color: #262626; margin-top: 8px;\">Allemagne<\/div>\n<\/div>\n<\/div>\n<p><!-- HORISONTELL LINJE UNDER FLAGGORNA --><\/p>\n<div style=\"display: grid; grid-template-columns: 1fr 1fr; gap: 16px;\">\n<div style=\"border: 1px solid #E0E0E0; border-radius: 8px; padding: 20px 22px;\">\n<div style=\"font-size: 14px; font-weight: bold; letter-spacing: .7px; text-transform: uppercase; color: #ee9305; margin-bottom: 10px;\">Exemple concret<\/div>\n<p style=\"font-size: 15px; color: #262626; line-height: 1.7;\">Une terrasse de restaurant de 60 m\u00b2 n\u00e9cessite <strong>5\u00d7 PRO V70R<\/strong> mont\u00e9s tous les 3 m \u2014 total <strong>2,75 \u20ac\/h<\/strong> en Su\u00e8de. Un chauffage champignon \u00e0 gaz couvre 10\u201315 m\u00b2 \u00e0 <strong>3,90 \u20ac\/h<\/strong>. Il vous en faudrait 4.  <\/p>\n<\/div>\n<div style=\"border: 1px solid #E0E0E0; border-radius: 8px; padding: 20px 22px;\">\n<div style=\"font-size: 14px; font-weight: bold; letter-spacing: .7px; text-transform: uppercase; color: #ee9305; margin-bottom: 10px;\">Pourquoi ne pas simplement comparer les kW ?<\/div>\n<p style=\"font-size: 15px; color: #262626; line-height: 1.7;\">Le gaz chauffe l&rsquo;<strong>air<\/strong> \u2014 le vent l&#8217;emporte instantan\u00e9ment. L&rsquo;infrarouge chauffe <strong>directement les personnes<\/strong>, comme la lumi\u00e8re du soleil. Chaque watt effectue plus de travail utile, donc moins d&rsquo;unit\u00e9s sont n\u00e9cessaires pour cr\u00e9er le m\u00eame confort.  <\/p>\n<\/div>\n<\/div>\n<div style=\"border-left: 3px solid #EE9305; background: #FAFAFA; border-radius: 0 6px 6px 0; padding: 20px 22px; margin-top: 18px; font-size: 15px; color: #262626; line-height: 1.7;\"><strong>5\u00d7 PRO V70R couvrent une terrasse compl\u00e8te de 60 m\u00b2 pour moins que le co\u00fbt d&rsquo;1 chauffage \u00e0 gaz.<\/strong><br \/>\nEn Su\u00e8de : 2,75 \u20ac\/h \u00e9lectrique vs 15,60 \u20ac\/h pour 4 chauffages \u00e0 gaz couvrant la m\u00eame surface. Cela repr\u00e9sente une \u00e9conomie de plus de <strong>12 \u20ac par heure<\/strong> \u2014 ou jusqu&rsquo;\u00e0 <strong>8 600 \u20ac par saison<\/strong> \u00e0 4 heures par soir\u00e9e sur 180 soir\u00e9es. <\/div>\n<p style=\"font-size: 13px; color: #666; margin-top: 16px; line-height: 1.7;\">Bas\u00e9 sur les prix de l&rsquo;\u00e9lectricit\u00e9 domestique Eurostat S1 2025 (DE 0,383 \u20ac\/kWh, SE ~0,24 \u20ac\/kWh). Gaz : SE moy. ~47 kr\/kg, DE moy. ~2,53 \u20ac\/kg (OBI\/HORNBACH\/BAUHAUS). Calcul\u00e9 \u00e0 12 kW de puissance moyenne, 0,94 kg\/h de consommation. Les co\u00fbts r\u00e9els varient selon les prix locaux et le niveau de puissance s\u00e9lectionn\u00e9.   <\/p>\n<\/div>\n[\/vc_column_text]<h2 class=\"vcex-heading vcex-heading-plain vcex-module wpex-heading wpex-text-2xl\"><span class=\"vcex-heading-inner wpex-inline-block\">Donn\u00e9es techniques<\/span><\/h2>[vc_column_text css=\u00a0\u00bb\u00a0\u00bb]\n<section class=\"product-specs\" aria-labelledby=\"v70r-specs\">\n<ul>\n<li>Produit : chauffage infrarouge pour terrasse OPRANIC PRO V70R \u00e0 montage mural et au plafond<\/li>\n<li>Technologie de chauffage : IR-X Carbon Black<\/li>\n<li>Options de couleur : Noir de jais ou Blanc nuage<\/li>\n<li>Mat\u00e9riaux : corps en aluminium massif thermolaqu\u00e9, grille frontale en acier inoxydable bross\u00e9, panneaux lat\u00e9raux renforc\u00e9s de fibres<\/li>\n<li>Tension : 230 V CA, 50 Hz<\/li>\n<li>Puissance maximale : 2300 W<\/li>\n<li>Niveaux de puissance : 900 W, 1200 W, 1600 W, 1900 W, 2300 W<\/li>\n<li>\u00c9cran LCD : oui<\/li>\n<li>Minuterie de mise en veille : oui, jusqu&rsquo;\u00e0 9 heures<\/li>\n<li>Prise \u00e9lectrique : Type F Schuko (norme EU)<\/li>\n<li>Connexion permanente : la fiche peut \u00eatre retir\u00e9e par un \u00e9lectricien qualifi\u00e9 sans affecter la garantie<\/li>\n<li>Longueur du c\u00e2ble : 1,9 m<\/li>\n<li>T\u00e9l\u00e9commande : oui, t\u00e9l\u00e9commande infrarouge longue port\u00e9e<\/li>\n<li>Fonctions de la t\u00e9l\u00e9commande : marche, arr\u00eat en veille, s\u00e9lection du niveau de chaleur, puissance maximale et minuterie<\/li>\n<li>Fonction de red\u00e9marrage automatique : oui, permet le red\u00e9marrage automatique apr\u00e8s r\u00e9tablissement de l&rsquo;alimentation externe ; id\u00e9al pour le contr\u00f4le centralis\u00e9 de l&rsquo;alimentation<\/li>\n<li>Dimensions (H \u00d7 L \u00d7 P) : 19,5 \u00d7 91,5 \u00d7 9 cm<\/li>\n<li>Poids : 3,2 kg<\/li>\n<li>Indice de protection : IP65 (prot\u00e9g\u00e9 contre la pluie, les jets d&rsquo;eau et la poussi\u00e8re)<\/li>\n<li>Syst\u00e8me de montage : supports en deux parties pour installation murale et au plafond<\/li>\n<li>Type de rayonnement infrarouge : environ 2,3 \u00b5m infrarouge \u00e0 ondes moyennes<\/li>\n<li>Surface de chauffage recommand\u00e9e : environ 7 \u00e0 15 m\u00b2 en ext\u00e9rieur, ou jusqu&rsquo;\u00e0 25 \u00e0 30 m\u00b2 dans les zones prot\u00e9g\u00e9es du vent<\/li>\n<li>Piles de la t\u00e9l\u00e9commande : 2 \u00d7 AAA incluses<\/li>\n<\/ul>\n<h3>Contenu de la livraison<\/h3>\n<ul>\n<li>1 \u00d7 chauffage infrarouge pour terrasse OPRANIC PRO V70R \u00e0 montage mural &amp; au plafond<\/li>\n<li>2 \u00d7 supports de montage en deux parties<\/li>\n<li>1 \u00d7 jeu de mat\u00e9riel de montage<\/li>\n<li>1 \u00d7 t\u00e9l\u00e9commande avec piles<\/li>\n<li>1 \u00d7 manuel d&rsquo;utilisation<\/li>\n<\/ul>\n<\/section>\n[\/vc_column_text][\/vc_column_inner][\/vc_row_inner][\/vc_tta_section][vc_tta_section title=\u00a0\u00bbF.A.Q.\u00a0\u00bb tab_id=\u00a0\u00bbv70r-faq\u00a0\u00bb][vc_row_inner][vc_column_inner]<h2 class=\"vcex-heading vcex-heading-plain vcex-module wpex-heading wpex-text-2xl\"><span class=\"vcex-heading-inner wpex-inline-block\">Questions fr\u00e9quemment pos\u00e9es<\/span><\/h2>[vc_column_text]\nLa FAQ pour tous les produits Opranic est disponible <a href=\"https:\/\/opranic.com\/fr\/faq-chauffage-infrarouge-exterieur\/?v=efad7abb323e\">ici<\/a>.<br \/>\n<a href=\"https:\/\/opranic.com\/fr\/faq-chauffage-infrarouge-exterieur\/?v=efad7abb323e\">Knowledge Bank FAQ | Opranic<\/a><br \/>\n[\/vc_column_text][\/vc_column_inner][\/vc_row_inner][\/vc_tta_section][vc_tta_section title=\u00a0\u00bbO\u00f9 acheter\u00a0\u00bb tab_id=\u00a0\u00bb1774687361952-5dd0b82d-8e78&Prime;][vc_raw_html css=\u00a0\u00bb\u00a0\u00bb]W29wcmFuaWNfd2hlcmV0b2J1eV90YWJd[\/vc_raw_html][\/vc_tta_section][vc_tta_section title=\u00a0\u00bbInstallateurs\u00a0\u00bb tab_id=\u00a0\u00bb1774686455412-e5f8b648-6ced\u00a0\u00bb][vc_raw_html css=\u00a0\u00bb\u00a0\u00bb]W29wcmFuaWNfaW5zdGFsbGVyX3RhYl0=[\/vc_raw_html][\/vc_tta_section][vc_tta_section title=\u00a0\u00bbAvis\u00a0\u00bb tab_id=\u00a0\u00bb1776194173271-52a7cc04-9722&Prime;][vc_raw_html css=\u00a0\u00bb\u00a0\u00bb]W2xpcHNjb3JlLXJldmlld3Nd[\/vc_raw_html][\/vc_tta_section][\/vc_tta_tabs][\/vc_column][\/vc_row]\n<\/div>","protected":false},"excerpt":{"rendered":"<div class=\"product-description\">\n<p><strong>Chaleur naturelle. Conception professionnelle. Aucun compromis.  <\/strong><br \/>\nLe PRO V70R est un <strong>chauffage infrarouge pour terrasse<\/strong> haut de gamme, con\u00e7u pour les restaurants, la restauration en ext\u00e9rieur et les terrasses r\u00e9sidentielles premium, offrant une chaleur instantan\u00e9e et efficace exactement l\u00e0 o\u00f9 elle est n\u00e9cessaire.<\/p>\n<ul class=\"premium-features\">\n<li><strong>\u00c9l\u00e9ment IR-X Carbon Black<\/strong> pour une efficacit\u00e9 \u00e9lev\u00e9e, un faible rayonnement lumineux et un chauffage rapide<\/li>\n<li><strong>Conception premium<\/strong> avec corps en aluminium thermolaqu\u00e9 et grille frontale en acier inoxydable bross\u00e9<\/li>\n<li><strong>Installation flexible<\/strong> au mur, au plafond ou sur auvent avec support d&rsquo;angle r\u00e9glable<\/li>\n<li><strong>Contr\u00f4le intelligent<\/strong> via t\u00e9l\u00e9commande avec minuterie de 1 \u00e0 9 heures et red\u00e9marrage automatique<\/li>\n<li><strong>Indice IP65<\/strong> et con\u00e7u pour une utilisation ext\u00e9rieure toute l&rsquo;ann\u00e9e sous tous les climats<\/li>\n<li><strong>Garantie 3 ans<\/strong> avec fiabilit\u00e9 de qualit\u00e9 professionnelle<\/li>\n<\/ul>\n<\/div>\n","protected":false},"featured_media":21757,"comment_status":"closed","ping_status":"closed","template":"","meta":{"_acf_changed":false,"inline_featured_image":false,"_joinchat":[]},"product_brand":[],"product_cat":[1027,1025],"product_tag":[964,961,962,963,965],"class_list":{"0":"post-21756","1":"product","2":"type-product","3":"status-publish","4":"has-post-thumbnail","6":"product_cat-v70-pro-mural-plafond","7":"product_cat-chauffage-exterieur","8":"product_tag-chauffage-infrarouge-exterieur","9":"product_tag-opranic-pro-v70r","10":"product_tag-radiateur-a-telecommande","11":"product_tag-radiateur-econome-en-energie","12":"product_tag-radiateur-infrarouge-mural","13":"product_shipping_class-exterieur","14":"entry","15":"has-media","17":"first","18":"instock","19":"featured","20":"taxable","21":"shipping-taxable","22":"purchasable","23":"product-type-variable","24":"has-default-attributes"},"acf":[],"_links":{"self":[{"href":"https:\/\/opranic.com\/fr\/wp-json\/wp\/v2\/product\/21756","targetHints":{"allow":["GET"]}}],"collection":[{"href":"https:\/\/opranic.com\/fr\/wp-json\/wp\/v2\/product"}],"about":[{"href":"https:\/\/opranic.com\/fr\/wp-json\/wp\/v2\/types\/product"}],"replies":[{"embeddable":true,"href":"https:\/\/opranic.com\/fr\/wp-json\/wp\/v2\/comments?post=21756"}],"wp:featuredmedia":[{"embeddable":true,"href":"https:\/\/opranic.com\/fr\/wp-json\/wp\/v2\/media\/21757"}],"wp:attachment":[{"href":"https:\/\/opranic.com\/fr\/wp-json\/wp\/v2\/media?parent=21756"}],"wp:term":[{"taxonomy":"product_brand","embeddable":true,"href":"https:\/\/opranic.com\/fr\/wp-json\/wp\/v2\/product_brand?post=21756"},{"taxonomy":"product_cat","embeddable":true,"href":"https:\/\/opranic.com\/fr\/wp-json\/wp\/v2\/product_cat?post=21756"},{"taxonomy":"product_tag","embeddable":true,"href":"https:\/\/opranic.com\/fr\/wp-json\/wp\/v2\/product_tag?post=21756"}],"curies":[{"name":"wp","href":"https:\/\/api.w.org\/{rel}","templated":true}]}}